{"id":9293,"date":"2020-04-16T15:23:18","date_gmt":"2020-04-16T14:23:18","guid":{"rendered":"https:\/\/mokos.hu\/?post_type=product&#038;p=9293"},"modified":"2020-05-16T09:16:40","modified_gmt":"2020-05-16T08:16:40","slug":"mokos-gyumolcsbor-valogatas","status":"publish","type":"product","link":"https:\/\/mokos.hu\/en\/termek\/mokos-gyumolcsbor-valogatas\/","title":{"rendered":"Gy\u00fcm\u00f6lcsbor V\u00e1logat\u00e1s"},"content":{"rendered":"<p>In addition to the traditional Vill\u00e1ny red wines\u00a0<strong>fruit wine specialities<\/strong>\u00a0is also involved in the production of. Our aim is to introduce consumers to this wine speciality, which is still less widespread in Hungary. We consider it important that our fruit wines\u00a0<strong>made exclusively from fresh, juicy, domestically produced fruit<\/strong>\u00a0without the addition of water, colourings or flavourings.<\/p>","protected":false},"excerpt":{"rendered":"<h4>Kedvenc mokos gy\u00fcm\u00f6lcsborai most egy csomagban!<\/h4>\n<p><strong>Egy csomagba gy\u0171jt\u00f6tt\u00fck \u00d6nnek a Mokos Gy\u00fcm\u00f6lcsborok legn\u00e9pszer\u0171bb t\u00e9teleit, melyek mell\u00e9 most egy meglepet\u00e9s palackot is rejt\u00fcnk!<\/strong> K\u00f3stolja meg az \u00f6t k\u00fcl\u00f6nf\u00e9le, 100%-ban hazai gy\u00fcm\u00f6lcs\u00f6kb\u0151l k\u00e9sz\u00fclt gy\u00fcm\u00f6lcsbor k\u00fcl\u00f6nlegess\u00e9g\u00fcnket \u00e9s \u00e9lvezze a term\u00e9szet zamatainak k\u00e9nyeztet\u00e9s\u00e9t.<\/p>\n<p><strong>A Gy\u00fcm\u00f6lcsbor V\u00e1logat\u00e1s tartalma:<\/strong><\/p>\n<ul>\n<li>1 bottle <a href=\"https:\/\/mokos.hu\/en\/rooms\/meggybor\/\">Sour Cherry Wine<\/a><\/li>\n<li>1 bottle <a href=\"https:\/\/mokos.hu\/en\/rooms\/quince-bran-cider-cider\/\">Quince, Pear and Apple Cuv\u00e9e<\/a><\/li>\n<li>1 bottle <a href=\"https:\/\/mokos.hu\/en\/rooms\/blackcurrant-wine\/\">Blackcurrant liqueur<\/a><\/li>\n<li>1 bottle <a href=\"https:\/\/mokos.hu\/en\/rooms\/kaisibor\/\">Apricot Wine<\/a><\/li>\n<li>1 bottle <a href=\"https:\/\/mokos.hu\/en\/rooms\/eper-es-oszibarack-cuvee\/\">Eper \u00e9s \u0150szibarack Cuv\u00e9e<\/a><\/li>\n<li><strong>+ 1 db\u00a0 AJ\u00c1ND\u00c9K MEGLEPET\u00c9S PALACK<\/strong> a Mokos Pinc\u00e9szet boraib\u00f3l!<\/li>\n<\/ul>\n<p><strong>AKCI\u00d3S AJ\u00c1NLATUNK M\u00c1JUS 15-IG \u00c9RV\u00c9NYES!<\/strong><\/p>","protected":false},"featured_media":9294,"template":"","meta":{"_acf_changed":false},"product_brand":[],"product_cat":[72],"product_tag":[125,120,118,119,116,124,117,123],"class_list":{"0":"post-9293","1":"product","2":"type-product","3":"status-publish","4":"has-post-thumbnail","6":"product_cat-borcsomagok","7":"product_tag-mokoselmeny","8":"product_tag-akcios-termek","9":"product_tag-borcsomag","10":"product_tag-borvalogatas","11":"product_tag-gyumolcsbor","12":"product_tag-izelmeny","13":"product_tag-mokos-gyumolcsbor","14":"product_tag-mokos-pinceszet","16":"first","17":"outofstock","18":"sale","19":"featured","20":"taxable","21":"shipping-taxable","22":"purchasable","23":"product-type-simple"},"acf":[],"yoast_head":"<!-- This site is optimized with the Yoast SEO plugin v27.5 - https:\/\/yoast.com\/product\/yoast-seo-wordpress\/ -->\n<title>Gy\u00fcm\u00f6lcsbor V\u00e1logat\u00e1s - A MOKOS Pinc\u00e9szett\u0151l - Val\u00f3di \u00edz\u00e9lm\u00e9nyek<\/title>\n<meta name=\"description\" content=\"Egy v\u00e1logat\u00e1s a kedvenc Mokos gy\u00fcm\u00f6lcsbor k\u00fcl\u00f6nlegess\u00e9geivel! V\u00e1lassza 5+1 palackb\u00f3l \u00e1ll\u00f3 Gy\u00fcm\u00f6lcsbor V\u00e1logat\u00e1sunkat aj\u00e1nd\u00e9k MEGLEPET\u00c9S PALACKKAL!\" \/>\n<meta name=\"robots\" content=\"index, follow, max-snippet:-1, max-image-preview:large, max-video-preview:-1\" \/>\n<link rel=\"canonical\" href=\"https:\/\/mokos.hu\/en\/rooms\/mokos-gyumolcsbor-valogatas\/\" \/>\n<meta property=\"og:locale\" content=\"en_US\" \/>\n<meta property=\"og:type\" content=\"article\" \/>\n<meta property=\"og:title\" content=\"Gy\u00fcm\u00f6lcsbor V\u00e1logat\u00e1s - A MOKOS Pinc\u00e9szett\u0151l - Val\u00f3di \u00edz\u00e9lm\u00e9nyek\" \/>\n<meta property=\"og:description\" content=\"Egy v\u00e1logat\u00e1s a kedvenc Mokos gy\u00fcm\u00f6lcsbor k\u00fcl\u00f6nlegess\u00e9geivel! V\u00e1lassza 5+1 palackb\u00f3l \u00e1ll\u00f3 Gy\u00fcm\u00f6lcsbor V\u00e1logat\u00e1sunkat aj\u00e1nd\u00e9k MEGLEPET\u00c9S PALACKKAL!\" \/>\n<meta property=\"og:url\" content=\"https:\/\/mokos.hu\/en\/rooms\/mokos-gyumolcsbor-valogatas\/\" \/>\n<meta property=\"og:site_name\" content=\"MOKOS\" \/>\n<meta property=\"article:modified_time\" content=\"2020-05-16T08:16:40+00:00\" \/>\n<meta property=\"og:image\" content=\"https:\/\/mokos.hu\/wp-content\/uploads\/2020\/04\/Gy\u00fcm\u00f6lcsborcsomag_2020.jpg\" \/>\n\t<meta property=\"og:image:width\" content=\"591\" \/>\n\t<meta property=\"og:image:height\" content=\"591\" \/>\n\t<meta property=\"og:image:type\" content=\"image\/jpeg\" \/>\n<meta name=\"twitter:card\" content=\"summary_large_image\" \/>\n<script type=\"application\/ld+json\" class=\"yoast-schema-graph\">{\"@context\":\"https:\\\/\\\/schema.org\",\"@graph\":[{\"@type\":\"WebPage\",\"@id\":\"https:\\\/\\\/mokos.hu\\\/de\\\/termek\\\/mokos-gyumolcsbor-valogatas\\\/\",\"url\":\"https:\\\/\\\/mokos.hu\\\/de\\\/termek\\\/mokos-gyumolcsbor-valogatas\\\/\",\"name\":\"Gy\u00fcm\u00f6lcsbor V\u00e1logat\u00e1s - A MOKOS Pinc\u00e9szett\u0151l - Val\u00f3di \u00edz\u00e9lm\u00e9nyek\",\"isPartOf\":{\"@id\":\"https:\\\/\\\/mokos.hu\\\/#website\"},\"primaryImageOfPage\":{\"@id\":\"https:\\\/\\\/mokos.hu\\\/de\\\/termek\\\/mokos-gyumolcsbor-valogatas\\\/#primaryimage\"},\"image\":{\"@id\":\"https:\\\/\\\/mokos.hu\\\/de\\\/termek\\\/mokos-gyumolcsbor-valogatas\\\/#primaryimage\"},\"thumbnailUrl\":\"https:\\\/\\\/mokos.hu\\\/wp-content\\\/uploads\\\/2020\\\/04\\\/Gy\u00fcm\u00f6lcsborcsomag_2020.jpg\",\"datePublished\":\"2020-04-16T14:23:18+00:00\",\"dateModified\":\"2020-05-16T08:16:40+00:00\",\"description\":\"Egy v\u00e1logat\u00e1s a kedvenc Mokos gy\u00fcm\u00f6lcsbor k\u00fcl\u00f6nlegess\u00e9geivel! V\u00e1lassza 5+1 palackb\u00f3l \u00e1ll\u00f3 Gy\u00fcm\u00f6lcsbor V\u00e1logat\u00e1sunkat aj\u00e1nd\u00e9k MEGLEPET\u00c9S PALACKKAL!\",\"breadcrumb\":{\"@id\":\"https:\\\/\\\/mokos.hu\\\/de\\\/termek\\\/mokos-gyumolcsbor-valogatas\\\/#breadcrumb\"},\"inLanguage\":\"en-US\",\"potentialAction\":[{\"@type\":\"ReadAction\",\"target\":[\"https:\\\/\\\/mokos.hu\\\/de\\\/termek\\\/mokos-gyumolcsbor-valogatas\\\/\"]}]},{\"@type\":\"ImageObject\",\"inLanguage\":\"en-US\",\"@id\":\"https:\\\/\\\/mokos.hu\\\/de\\\/termek\\\/mokos-gyumolcsbor-valogatas\\\/#primaryimage\",\"url\":\"https:\\\/\\\/mokos.hu\\\/wp-content\\\/uploads\\\/2020\\\/04\\\/Gy\u00fcm\u00f6lcsborcsomag_2020.jpg\",\"contentUrl\":\"https:\\\/\\\/mokos.hu\\\/wp-content\\\/uploads\\\/2020\\\/04\\\/Gy\u00fcm\u00f6lcsborcsomag_2020.jpg\",\"width\":591,\"height\":591,\"caption\":\"mokos_gyumolcsbor_valogatas_2020\"},{\"@type\":\"BreadcrumbList\",\"@id\":\"https:\\\/\\\/mokos.hu\\\/de\\\/termek\\\/mokos-gyumolcsbor-valogatas\\\/#breadcrumb\",\"itemListElement\":[{\"@type\":\"ListItem\",\"position\":1,\"name\":\"Home\",\"item\":\"https:\\\/\\\/mokos.hu\\\/\"},{\"@type\":\"ListItem\",\"position\":2,\"name\":\"Term\u00e9kek\",\"item\":\"https:\\\/\\\/mokos.hu\\\/shop\\\/\"},{\"@type\":\"ListItem\",\"position\":3,\"name\":\"Gy\u00fcm\u00f6lcsbor V\u00e1logat\u00e1s\"}]},{\"@type\":\"WebSite\",\"@id\":\"https:\\\/\\\/mokos.hu\\\/#website\",\"url\":\"https:\\\/\\\/mokos.hu\\\/\",\"name\":\"MOKOS\",\"description\":\"Csal\u00e1di Pinc\u00e9szet, Palkonya\",\"publisher\":{\"@id\":\"https:\\\/\\\/mokos.hu\\\/#organization\"},\"potentialAction\":[{\"@type\":\"SearchAction\",\"target\":{\"@type\":\"EntryPoint\",\"urlTemplate\":\"https:\\\/\\\/mokos.hu\\\/?s={search_term_string}\"},\"query-input\":{\"@type\":\"PropertyValueSpecification\",\"valueRequired\":true,\"valueName\":\"search_term_string\"}}],\"inLanguage\":\"en-US\"},{\"@type\":\"Organization\",\"@id\":\"https:\\\/\\\/mokos.hu\\\/#organization\",\"name\":\"MOKOS\",\"url\":\"https:\\\/\\\/mokos.hu\\\/\",\"logo\":{\"@type\":\"ImageObject\",\"inLanguage\":\"en-US\",\"@id\":\"https:\\\/\\\/mokos.hu\\\/#\\\/schema\\\/logo\\\/image\\\/\",\"url\":\"https:\\\/\\\/mokos.hu\\\/wp-content\\\/uploads\\\/2018\\\/11\\\/cropped-Mokos_Villanyi-Borvidek-Palkonya-1.png\",\"contentUrl\":\"https:\\\/\\\/mokos.hu\\\/wp-content\\\/uploads\\\/2018\\\/11\\\/cropped-Mokos_Villanyi-Borvidek-Palkonya-1.png\",\"width\":1000,\"height\":245,\"caption\":\"MOKOS\"},\"image\":{\"@id\":\"https:\\\/\\\/mokos.hu\\\/#\\\/schema\\\/logo\\\/image\\\/\"}}]}<\/script>\n<!-- \/ Yoast SEO plugin. -->","yoast_head_json":{"title":"Gy\u00fcm\u00f6lcsbor V\u00e1logat\u00e1s - A MOKOS Pinc\u00e9szett\u0151l - Val\u00f3di \u00edz\u00e9lm\u00e9nyek","description":"Egy v\u00e1logat\u00e1s a kedvenc Mokos gy\u00fcm\u00f6lcsbor k\u00fcl\u00f6nlegess\u00e9geivel! V\u00e1lassza 5+1 palackb\u00f3l \u00e1ll\u00f3 Gy\u00fcm\u00f6lcsbor V\u00e1logat\u00e1sunkat aj\u00e1nd\u00e9k MEGLEPET\u00c9S PALACKKAL!","robots":{"index":"index","follow":"follow","max-snippet":"max-snippet:-1","max-image-preview":"max-image-preview:large","max-video-preview":"max-video-preview:-1"},"canonical":"https:\/\/mokos.hu\/en\/rooms\/mokos-gyumolcsbor-valogatas\/","og_locale":"en_US","og_type":"article","og_title":"Gy\u00fcm\u00f6lcsbor V\u00e1logat\u00e1s - A MOKOS Pinc\u00e9szett\u0151l - Val\u00f3di \u00edz\u00e9lm\u00e9nyek","og_description":"Egy v\u00e1logat\u00e1s a kedvenc Mokos gy\u00fcm\u00f6lcsbor k\u00fcl\u00f6nlegess\u00e9geivel! V\u00e1lassza 5+1 palackb\u00f3l \u00e1ll\u00f3 Gy\u00fcm\u00f6lcsbor V\u00e1logat\u00e1sunkat aj\u00e1nd\u00e9k MEGLEPET\u00c9S PALACKKAL!","og_url":"https:\/\/mokos.hu\/en\/rooms\/mokos-gyumolcsbor-valogatas\/","og_site_name":"MOKOS","article_modified_time":"2020-05-16T08:16:40+00:00","og_image":[{"width":591,"height":591,"url":"https:\/\/mokos.hu\/wp-content\/uploads\/2020\/04\/Gy\u00fcm\u00f6lcsborcsomag_2020.jpg","type":"image\/jpeg"}],"twitter_card":"summary_large_image","schema":{"@context":"https:\/\/schema.org","@graph":[{"@type":"WebPage","@id":"https:\/\/mokos.hu\/de\/termek\/mokos-gyumolcsbor-valogatas\/","url":"https:\/\/mokos.hu\/de\/termek\/mokos-gyumolcsbor-valogatas\/","name":"Gy\u00fcm\u00f6lcsbor V\u00e1logat\u00e1s - A MOKOS Pinc\u00e9szett\u0151l - Val\u00f3di \u00edz\u00e9lm\u00e9nyek","isPartOf":{"@id":"https:\/\/mokos.hu\/#website"},"primaryImageOfPage":{"@id":"https:\/\/mokos.hu\/de\/termek\/mokos-gyumolcsbor-valogatas\/#primaryimage"},"image":{"@id":"https:\/\/mokos.hu\/de\/termek\/mokos-gyumolcsbor-valogatas\/#primaryimage"},"thumbnailUrl":"https:\/\/mokos.hu\/wp-content\/uploads\/2020\/04\/Gy\u00fcm\u00f6lcsborcsomag_2020.jpg","datePublished":"2020-04-16T14:23:18+00:00","dateModified":"2020-05-16T08:16:40+00:00","description":"Egy v\u00e1logat\u00e1s a kedvenc Mokos gy\u00fcm\u00f6lcsbor k\u00fcl\u00f6nlegess\u00e9geivel! V\u00e1lassza 5+1 palackb\u00f3l \u00e1ll\u00f3 Gy\u00fcm\u00f6lcsbor V\u00e1logat\u00e1sunkat aj\u00e1nd\u00e9k MEGLEPET\u00c9S PALACKKAL!","breadcrumb":{"@id":"https:\/\/mokos.hu\/de\/termek\/mokos-gyumolcsbor-valogatas\/#breadcrumb"},"inLanguage":"en-US","potentialAction":[{"@type":"ReadAction","target":["https:\/\/mokos.hu\/de\/termek\/mokos-gyumolcsbor-valogatas\/"]}]},{"@type":"ImageObject","inLanguage":"en-US","@id":"https:\/\/mokos.hu\/de\/termek\/mokos-gyumolcsbor-valogatas\/#primaryimage","url":"https:\/\/mokos.hu\/wp-content\/uploads\/2020\/04\/Gy\u00fcm\u00f6lcsborcsomag_2020.jpg","contentUrl":"https:\/\/mokos.hu\/wp-content\/uploads\/2020\/04\/Gy\u00fcm\u00f6lcsborcsomag_2020.jpg","width":591,"height":591,"caption":"mokos_gyumolcsbor_valogatas_2020"},{"@type":"BreadcrumbList","@id":"https:\/\/mokos.hu\/de\/termek\/mokos-gyumolcsbor-valogatas\/#breadcrumb","itemListElement":[{"@type":"ListItem","position":1,"name":"Home","item":"https:\/\/mokos.hu\/"},{"@type":"ListItem","position":2,"name":"Term\u00e9kek","item":"https:\/\/mokos.hu\/shop\/"},{"@type":"ListItem","position":3,"name":"Gy\u00fcm\u00f6lcsbor V\u00e1logat\u00e1s"}]},{"@type":"WebSite","@id":"https:\/\/mokos.hu\/#website","url":"https:\/\/mokos.hu\/","name":"MOKOS","description":"Family Winery, Palkonya","publisher":{"@id":"https:\/\/mokos.hu\/#organization"},"potentialAction":[{"@type":"SearchAction","target":{"@type":"EntryPoint","urlTemplate":"https:\/\/mokos.hu\/?s={search_term_string}"},"query-input":{"@type":"PropertyValueSpecification","valueRequired":true,"valueName":"search_term_string"}}],"inLanguage":"en-US"},{"@type":"Organization","@id":"https:\/\/mokos.hu\/#organization","name":"MOKOS","url":"https:\/\/mokos.hu\/","logo":{"@type":"ImageObject","inLanguage":"en-US","@id":"https:\/\/mokos.hu\/#\/schema\/logo\/image\/","url":"https:\/\/mokos.hu\/wp-content\/uploads\/2018\/11\/cropped-Mokos_Villanyi-Borvidek-Palkonya-1.png","contentUrl":"https:\/\/mokos.hu\/wp-content\/uploads\/2018\/11\/cropped-Mokos_Villanyi-Borvidek-Palkonya-1.png","width":1000,"height":245,"caption":"MOKOS"},"image":{"@id":"https:\/\/mokos.hu\/#\/schema\/logo\/image\/"}}]}},"_links":{"self":[{"href":"https:\/\/mokos.hu\/en\/wp-json\/wp\/v2\/product\/9293","targetHints":{"allow":["GET"]}}],"collection":[{"href":"https:\/\/mokos.hu\/en\/wp-json\/wp\/v2\/product"}],"about":[{"href":"https:\/\/mokos.hu\/en\/wp-json\/wp\/v2\/types\/product"}],"wp:featuredmedia":[{"embeddable":true,"href":"https:\/\/mokos.hu\/en\/wp-json\/wp\/v2\/media\/9294"}],"wp:attachment":[{"href":"https:\/\/mokos.hu\/en\/wp-json\/wp\/v2\/media?parent=9293"}],"wp:term":[{"taxonomy":"product_brand","embeddable":true,"href":"https:\/\/mokos.hu\/en\/wp-json\/wp\/v2\/product_brand?post=9293"},{"taxonomy":"product_cat","embeddable":true,"href":"https:\/\/mokos.hu\/en\/wp-json\/wp\/v2\/product_cat?post=9293"},{"taxonomy":"product_tag","embeddable":true,"href":"https:\/\/mokos.hu\/en\/wp-json\/wp\/v2\/product_tag?post=9293"}],"curies":[{"name":"wp","href":"https:\/\/api.w.org\/{rel}","templated":true}]}}