{"id":9211,"date":"2020-03-31T13:46:22","date_gmt":"2020-03-31T12:46:22","guid":{"rendered":"https:\/\/mokos.hu\/?post_type=product&#038;p=9211"},"modified":"2021-08-25T09:01:07","modified_gmt":"2021-08-25T07:01:07","slug":"redy-2019","status":"publish","type":"product","link":"https:\/\/mokos.hu\/en\/termek\/redy-2019\/","title":{"rendered":"REDy 2019"},"content":{"rendered":"<h5>Vill\u00e1ny classicus wine of protected origin<\/h5>\n<p>Our vineyards, located in the Weingarten vineyard in the northern part of the Vill\u00e1ny wine region, are home to the typical<strong> domestic and international varieties <\/strong>(Portugieser, k\u00e9kfrankos, pinot noir, merlot, cabernet franc, cabernet sauvignon). Thanks to the loess and red clay soils, the sub-Mediterranean climate and the above-average yield limitation, the quality of the\u00a0<strong>Vill\u00e1ny classicus and premium wines<\/strong>We produce around 100 000 bottles a year, starting in 2008.<\/p>\n<h5>DHC Vill\u00e1ny<\/h5>\n<p><img fetchpriority=\"high\" decoding=\"async\" class=\"alignright wp-image-9383 size-thumbnail\" src=\"https:\/\/mokos.hu\/wp-content\/uploads\/2020\/03\/DHC-Vill\u00e1ny-250x250.jpg\" alt=\"DHC Vill\u00e1ny_villanyiborvidek_palkonya_mokos_pinceszet\" width=\"250\" height=\"250\" \/><\/p>\n<p>Vill\u00e1ny wine of protected origin can only be made from specific grape varieties harvested in the wine region. Vill\u00e1ny PDO wines can be identified by the words \"Districtus Hungaricus Controllatus Vill\u00e1ny\", with the cherry blossom emblem in the picture.<\/p>\n<p>Find out more about the protection of the origin of Vill\u00e1ny wines <a href=\"https:\/\/villanyiborvidek.hu\/hu\/villanyi-borvidek\/eredetvedelem-kikerics-vedjegy\" target=\"_blank\" rel=\"noopener noreferrer\">HERE<\/a>.<\/p>\n<p>&nbsp;<\/p>","protected":false},"excerpt":{"rendered":"<h4><strong>Youthfulness and fruitfulness: REDY\u00a0<\/strong><\/h4>\n<h4>classicus SZ\u00c1RAZ BEEF<\/h4>\n<p style=\"text-align: left;\">This is the third vintage of the new bistro wine of the Vill\u00e1ny wine region, whose name Y refers to the fact that the Vill\u00e1ny wineries want to appeal to and win over the Y generation with this young red wine based on community collaboration. It can also be seen as a kind of introductory wine, opening up the tasting with its lightness to the full-bodied red wines of Vill\u00e1ny.<\/p>\n<p style=\"text-align: left;\">Our blend, based predominantly on Portugieser, is complemented in the 2019 vintage by the spiciness of Blue Franc, with the distinctive flavours of Zweigelt and aromatic notes of Cabernet Franc. Thus, as in previous vintages, we have a truly youthful red wine that is the perfect companion for family and friends, as well as for party nights.<\/p>\n<p>Grape varieties:<\/p>\n<ul>\n<li>Portugieser : 55%<\/li>\n<li>Blue Franc : 25%<\/li>\n<li>Zweigelt: 10%<\/li>\n<li>Cabernet Franc: 10%<\/li>\n<\/ul>\n<p>&nbsp;<\/p>\n<p>&nbsp;<\/p>\n<p>&nbsp;<\/p>","protected":false},"featured_media":9909,"template":"","meta":{"_acf_changed":false},"product_brand":[],"product_cat":[70],"product_tag":[136,134,130,133,126,131,132,135],"class_list":{"0":"post-9211","1":"product","2":"type-product","3":"status-publish","4":"has-post-thumbnail","6":"product_cat-villany_mokos_borok","7":"product_tag-cabernet-franc","8":"product_tag-kekfrankos","9":"product_tag-mokos-redy","10":"product_tag-portugieser","11":"product_tag-redy","12":"product_tag-villanyi-vorosbor","13":"product_tag-vorosbor","14":"product_tag-zweigelt","16":"first","17":"outofstock","18":"taxable","19":"shipping-taxable","20":"purchasable","21":"product-type-simple"},"acf":[],"yoast_head":"<!-- This site is optimized with the Yoast SEO plugin v27.5 - https:\/\/yoast.com\/product\/yoast-seo-wordpress\/ -->\n<title>REDy 2019 - MOKOS Pinc\u00e9szet - Vill\u00e1nyi Borvid\u00e9k<\/title>\n<meta name=\"description\" content=\"Fiatalos, gy\u00fcm\u00f6lcs\u00f6s v\u00f6r\u00f6sbor h\u00e1zas\u00edt\u00e1s a Vill\u00e1nyi borvid\u00e9kr\u0151l. K\u00f3stolja meg a Mokos Pinc\u00e9szet REDy \u00daJ \u00c9VJ\u00c1RAT\u00c1T! REDy - Neked is j\u00e1r egy csepp vid\u00e1ms\u00e1g!\" \/>\n<meta name=\"robots\" content=\"index, follow, max-snippet:-1, max-image-preview:large, max-video-preview:-1\" \/>\n<link rel=\"canonical\" href=\"https:\/\/mokos.hu\/en\/rooms\/redy-2019\/\" \/>\n<meta property=\"og:locale\" content=\"en_US\" \/>\n<meta property=\"og:type\" content=\"article\" \/>\n<meta property=\"og:title\" content=\"REDy 2019 - MOKOS Pinc\u00e9szet - Vill\u00e1nyi Borvid\u00e9k\" \/>\n<meta property=\"og:description\" content=\"Fiatalos, gy\u00fcm\u00f6lcs\u00f6s v\u00f6r\u00f6sbor h\u00e1zas\u00edt\u00e1s a Vill\u00e1nyi borvid\u00e9kr\u0151l. K\u00f3stolja meg a Mokos Pinc\u00e9szet REDy \u00daJ \u00c9VJ\u00c1RAT\u00c1T! REDy - Neked is j\u00e1r egy csepp vid\u00e1ms\u00e1g!\" \/>\n<meta property=\"og:url\" content=\"https:\/\/mokos.hu\/en\/rooms\/redy-2019\/\" \/>\n<meta property=\"og:site_name\" content=\"MOKOS\" \/>\n<meta property=\"article:modified_time\" content=\"2021-08-25T07:01:07+00:00\" \/>\n<meta property=\"og:image\" content=\"https:\/\/mokos.hu\/wp-content\/uploads\/2020\/12\/Mokos_Pinceszet_REDY-1024x1024.png\" \/>\n\t<meta property=\"og:image:width\" content=\"1024\" \/>\n\t<meta property=\"og:image:height\" content=\"1024\" \/>\n\t<meta property=\"og:image:type\" content=\"image\/png\" \/>\n<meta name=\"twitter:card\" content=\"summary_large_image\" \/>\n<meta name=\"twitter:label1\" content=\"Est. reading time\" \/>\n\t<meta name=\"twitter:data1\" content=\"1 minute\" \/>\n<script type=\"application\/ld+json\" class=\"yoast-schema-graph\">{\"@context\":\"https:\\\/\\\/schema.org\",\"@graph\":[{\"@type\":\"WebPage\",\"@id\":\"https:\\\/\\\/mokos.hu\\\/termek\\\/redy-2019\\\/\",\"url\":\"https:\\\/\\\/mokos.hu\\\/termek\\\/redy-2019\\\/\",\"name\":\"REDy 2019 - MOKOS Pinc\u00e9szet - Vill\u00e1nyi Borvid\u00e9k\",\"isPartOf\":{\"@id\":\"https:\\\/\\\/mokos.hu\\\/#website\"},\"primaryImageOfPage\":{\"@id\":\"https:\\\/\\\/mokos.hu\\\/termek\\\/redy-2019\\\/#primaryimage\"},\"image\":{\"@id\":\"https:\\\/\\\/mokos.hu\\\/termek\\\/redy-2019\\\/#primaryimage\"},\"thumbnailUrl\":\"https:\\\/\\\/mokos.hu\\\/wp-content\\\/uploads\\\/2020\\\/03\\\/RedY_2bweb_K.png\",\"datePublished\":\"2020-03-31T12:46:22+00:00\",\"dateModified\":\"2021-08-25T07:01:07+00:00\",\"description\":\"Fiatalos, gy\u00fcm\u00f6lcs\u00f6s v\u00f6r\u00f6sbor h\u00e1zas\u00edt\u00e1s a Vill\u00e1nyi borvid\u00e9kr\u0151l. K\u00f3stolja meg a Mokos Pinc\u00e9szet REDy \u00daJ \u00c9VJ\u00c1RAT\u00c1T! REDy - Neked is j\u00e1r egy csepp vid\u00e1ms\u00e1g!\",\"breadcrumb\":{\"@id\":\"https:\\\/\\\/mokos.hu\\\/termek\\\/redy-2019\\\/#breadcrumb\"},\"inLanguage\":\"en-US\",\"potentialAction\":[{\"@type\":\"ReadAction\",\"target\":[\"https:\\\/\\\/mokos.hu\\\/termek\\\/redy-2019\\\/\"]}]},{\"@type\":\"ImageObject\",\"inLanguage\":\"en-US\",\"@id\":\"https:\\\/\\\/mokos.hu\\\/termek\\\/redy-2019\\\/#primaryimage\",\"url\":\"https:\\\/\\\/mokos.hu\\\/wp-content\\\/uploads\\\/2020\\\/03\\\/RedY_2bweb_K.png\",\"contentUrl\":\"https:\\\/\\\/mokos.hu\\\/wp-content\\\/uploads\\\/2020\\\/03\\\/RedY_2bweb_K.png\",\"width\":425,\"height\":714,\"caption\":\"Mokos_Pinceszet_REDY_vorosbor__villanyi_borvidek_palkonya\"},{\"@type\":\"BreadcrumbList\",\"@id\":\"https:\\\/\\\/mokos.hu\\\/termek\\\/redy-2019\\\/#breadcrumb\",\"itemListElement\":[{\"@type\":\"ListItem\",\"position\":1,\"name\":\"Home\",\"item\":\"https:\\\/\\\/mokos.hu\\\/\"},{\"@type\":\"ListItem\",\"position\":2,\"name\":\"Term\u00e9kek\",\"item\":\"https:\\\/\\\/mokos.hu\\\/shop\\\/\"},{\"@type\":\"ListItem\",\"position\":3,\"name\":\"REDy 2019\"}]},{\"@type\":\"WebSite\",\"@id\":\"https:\\\/\\\/mokos.hu\\\/#website\",\"url\":\"https:\\\/\\\/mokos.hu\\\/\",\"name\":\"MOKOS\",\"description\":\"Csal\u00e1di Pinc\u00e9szet, Palkonya\",\"publisher\":{\"@id\":\"https:\\\/\\\/mokos.hu\\\/#organization\"},\"potentialAction\":[{\"@type\":\"SearchAction\",\"target\":{\"@type\":\"EntryPoint\",\"urlTemplate\":\"https:\\\/\\\/mokos.hu\\\/?s={search_term_string}\"},\"query-input\":{\"@type\":\"PropertyValueSpecification\",\"valueRequired\":true,\"valueName\":\"search_term_string\"}}],\"inLanguage\":\"en-US\"},{\"@type\":\"Organization\",\"@id\":\"https:\\\/\\\/mokos.hu\\\/#organization\",\"name\":\"MOKOS\",\"url\":\"https:\\\/\\\/mokos.hu\\\/\",\"logo\":{\"@type\":\"ImageObject\",\"inLanguage\":\"en-US\",\"@id\":\"https:\\\/\\\/mokos.hu\\\/#\\\/schema\\\/logo\\\/image\\\/\",\"url\":\"https:\\\/\\\/mokos.hu\\\/wp-content\\\/uploads\\\/2018\\\/11\\\/cropped-Mokos_Villanyi-Borvidek-Palkonya-1.png\",\"contentUrl\":\"https:\\\/\\\/mokos.hu\\\/wp-content\\\/uploads\\\/2018\\\/11\\\/cropped-Mokos_Villanyi-Borvidek-Palkonya-1.png\",\"width\":1000,\"height\":245,\"caption\":\"MOKOS\"},\"image\":{\"@id\":\"https:\\\/\\\/mokos.hu\\\/#\\\/schema\\\/logo\\\/image\\\/\"}}]}<\/script>\n<!-- \/ Yoast SEO plugin. -->","yoast_head_json":{"title":"REDy 2019 - MOKOS Winery - Vill\u00e1ny Wine Region","description":"A young, fruity red wine blend from the Vill\u00e1ny wine region. Try the REDy NEW YEAR from Mokos Winery! REDy - You deserve a drop of joy!","robots":{"index":"index","follow":"follow","max-snippet":"max-snippet:-1","max-image-preview":"max-image-preview:large","max-video-preview":"max-video-preview:-1"},"canonical":"https:\/\/mokos.hu\/en\/rooms\/redy-2019\/","og_locale":"en_US","og_type":"article","og_title":"REDy 2019 - MOKOS Pinc\u00e9szet - Vill\u00e1nyi Borvid\u00e9k","og_description":"Fiatalos, gy\u00fcm\u00f6lcs\u00f6s v\u00f6r\u00f6sbor h\u00e1zas\u00edt\u00e1s a Vill\u00e1nyi borvid\u00e9kr\u0151l. K\u00f3stolja meg a Mokos Pinc\u00e9szet REDy \u00daJ \u00c9VJ\u00c1RAT\u00c1T! REDy - Neked is j\u00e1r egy csepp vid\u00e1ms\u00e1g!","og_url":"https:\/\/mokos.hu\/en\/rooms\/redy-2019\/","og_site_name":"MOKOS","article_modified_time":"2021-08-25T07:01:07+00:00","og_image":[{"width":1024,"height":1024,"url":"https:\/\/mokos.hu\/wp-content\/uploads\/2020\/12\/Mokos_Pinceszet_REDY-1024x1024.png","type":"image\/png"}],"twitter_card":"summary_large_image","twitter_misc":{"Est. reading time":"1 minute"},"schema":{"@context":"https:\/\/schema.org","@graph":[{"@type":"WebPage","@id":"https:\/\/mokos.hu\/termek\/redy-2019\/","url":"https:\/\/mokos.hu\/termek\/redy-2019\/","name":"REDy 2019 - MOKOS Winery - Vill\u00e1ny Wine Region","isPartOf":{"@id":"https:\/\/mokos.hu\/#website"},"primaryImageOfPage":{"@id":"https:\/\/mokos.hu\/termek\/redy-2019\/#primaryimage"},"image":{"@id":"https:\/\/mokos.hu\/termek\/redy-2019\/#primaryimage"},"thumbnailUrl":"https:\/\/mokos.hu\/wp-content\/uploads\/2020\/03\/RedY_2bweb_K.png","datePublished":"2020-03-31T12:46:22+00:00","dateModified":"2021-08-25T07:01:07+00:00","description":"A young, fruity red wine blend from the Vill\u00e1ny wine region. Try the REDy NEW YEAR from Mokos Winery! REDy - You deserve a drop of joy!","breadcrumb":{"@id":"https:\/\/mokos.hu\/termek\/redy-2019\/#breadcrumb"},"inLanguage":"en-US","potentialAction":[{"@type":"ReadAction","target":["https:\/\/mokos.hu\/termek\/redy-2019\/"]}]},{"@type":"ImageObject","inLanguage":"en-US","@id":"https:\/\/mokos.hu\/termek\/redy-2019\/#primaryimage","url":"https:\/\/mokos.hu\/wp-content\/uploads\/2020\/03\/RedY_2bweb_K.png","contentUrl":"https:\/\/mokos.hu\/wp-content\/uploads\/2020\/03\/RedY_2bweb_K.png","width":425,"height":714,"caption":"Mokos_Pinceszet_REDY_vorosbor__villanyi_borvidek_palkonya"},{"@type":"BreadcrumbList","@id":"https:\/\/mokos.hu\/termek\/redy-2019\/#breadcrumb","itemListElement":[{"@type":"ListItem","position":1,"name":"Home","item":"https:\/\/mokos.hu\/"},{"@type":"ListItem","position":2,"name":"Term\u00e9kek","item":"https:\/\/mokos.hu\/shop\/"},{"@type":"ListItem","position":3,"name":"REDy 2019"}]},{"@type":"WebSite","@id":"https:\/\/mokos.hu\/#website","url":"https:\/\/mokos.hu\/","name":"MOKOS","description":"Family Winery, Palkonya","publisher":{"@id":"https:\/\/mokos.hu\/#organization"},"potentialAction":[{"@type":"SearchAction","target":{"@type":"EntryPoint","urlTemplate":"https:\/\/mokos.hu\/?s={search_term_string}"},"query-input":{"@type":"PropertyValueSpecification","valueRequired":true,"valueName":"search_term_string"}}],"inLanguage":"en-US"},{"@type":"Organization","@id":"https:\/\/mokos.hu\/#organization","name":"MOKOS","url":"https:\/\/mokos.hu\/","logo":{"@type":"ImageObject","inLanguage":"en-US","@id":"https:\/\/mokos.hu\/#\/schema\/logo\/image\/","url":"https:\/\/mokos.hu\/wp-content\/uploads\/2018\/11\/cropped-Mokos_Villanyi-Borvidek-Palkonya-1.png","contentUrl":"https:\/\/mokos.hu\/wp-content\/uploads\/2018\/11\/cropped-Mokos_Villanyi-Borvidek-Palkonya-1.png","width":1000,"height":245,"caption":"MOKOS"},"image":{"@id":"https:\/\/mokos.hu\/#\/schema\/logo\/image\/"}}]}},"_links":{"self":[{"href":"https:\/\/mokos.hu\/en\/wp-json\/wp\/v2\/product\/9211","targetHints":{"allow":["GET"]}}],"collection":[{"href":"https:\/\/mokos.hu\/en\/wp-json\/wp\/v2\/product"}],"about":[{"href":"https:\/\/mokos.hu\/en\/wp-json\/wp\/v2\/types\/product"}],"wp:featuredmedia":[{"embeddable":true,"href":"https:\/\/mokos.hu\/en\/wp-json\/wp\/v2\/media\/9909"}],"wp:attachment":[{"href":"https:\/\/mokos.hu\/en\/wp-json\/wp\/v2\/media?parent=9211"}],"wp:term":[{"taxonomy":"product_brand","embeddable":true,"href":"https:\/\/mokos.hu\/en\/wp-json\/wp\/v2\/product_brand?post=9211"},{"taxonomy":"product_cat","embeddable":true,"href":"https:\/\/mokos.hu\/en\/wp-json\/wp\/v2\/product_cat?post=9211"},{"taxonomy":"product_tag","embeddable":true,"href":"https:\/\/mokos.hu\/en\/wp-json\/wp\/v2\/product_tag?post=9211"}],"curies":[{"name":"wp","href":"https:\/\/api.w.org\/{rel}","templated":true}]}}