{"id":8798,"date":"2020-01-10T11:30:13","date_gmt":"2020-01-10T09:30:13","guid":{"rendered":"https:\/\/mokos.hu\/?post_type=product&#038;p=8798"},"modified":"2020-11-03T10:14:12","modified_gmt":"2020-11-03T08:14:12","slug":"libalakoma-a-mokos-pinceszetben-2020-11-07","status":"publish","type":"product","link":"https:\/\/mokos.hu\/en\/termek\/libalakoma-a-mokos-pinceszetben-2020-11-07\/","title":{"rendered":"Libalakoma a Mokos Pinc\u00e9szetben | 2020.11.07."},"content":{"rendered":"","protected":false},"excerpt":{"rendered":"<h4>Enjoy the delicious dishes and have fun with us in the Vill\u00e1ny Wine Region!<\/h4>\n<p>A hagyom\u00e1nynak megfelel\u0151en M\u00e1rton Nap idej\u00e9n a MOKOS Pinc\u00e9szetn\u00e9l is az \u00fajborok\u00e9 \u00e9s a libalakom\u00e1k\u00e9 a f\u0151szerep. Az idei esztend\u0151ben k\u00e9t k\u00fcl\u00f6nleges M\u00e1rton Napi Liba Esttel v\u00e1rjuk a bor \u00e9s a zene szerelmeseit: az \u00ednyenceket egy p\u00e1ratlan gasztron\u00f3mia \u00e9lm\u00e9nyt ny\u00fajt\u00f3 exkluz\u00edv gourmet libavacsor\u00e1val, m\u00edg a hagyom\u00e1nyos \u00edzek kedvel\u0151it egy val\u00f3di libalakom\u00e1val\u00a0 v\u00e1rjuk\u00a0 Pinc\u00e9szet\u00fcnkben!<\/p>\n<p><em>Bel\u00e9p\u0151jegyeink megv\u00e1s\u00e1rl\u00e1s\u00e1val \u00d6n tudom\u00e1sul veszi, hogy amennyiben a rendezv\u00e9ny a fenn\u00e1ll\u00f3 v\u00edrushelyzet \u00f3vint\u00e9zked\u00e9seinek szigor\u00edt\u00e1s\u00e1b\u00f3l ad\u00f3d\u00f3an esetlegesen nem ker\u00fclne megtart\u00e1sra, \u00fagy a bel\u00e9p\u0151jegyek teljes \u00e9rt\u00e9ke Pinc\u00e9szet\u00fcnkben vagy webshopunkban lev\u00e1s\u00e1rolhat\u00f3 utalv\u00e1ny form\u00e1j\u00e1ban ker\u00fcl visszat\u00e9r\u00edt\u00e9sre. Az utalv\u00e1ny 2021. december 31-ig felhaszn\u00e1lhat\u00f3 lesz b\u00e1rmely, saj\u00e1t szervez\u00e9s\u0171 rendezv\u00e9ny\u00fcnk bel\u00e9p\u0151jegy\u00e9re, illetve Pinc\u00e9szet\u00fcnk term\u00e9keire egyar\u00e1nt.<\/em><\/p>\n<p>Details of the event:\u00a0<a href=\"https:\/\/mokos.hu\/en\/events\/marton-napi-libalakoma\/\"><strong>HERE<\/strong><\/a>.<\/p>\n<p>&nbsp;<\/p>","protected":false},"featured_media":10163,"template":"","meta":{"_acf_changed":false},"product_brand":[],"product_cat":[110,73],"product_tag":[211,213,216,215,208,217,209,210,214,212],"class_list":{"0":"post-8798","1":"product","2":"type-product","3":"status-publish","4":"has-post-thumbnail","6":"product_cat-belepojegyek","7":"product_cat-rendezvenyek","8":"product_tag-belepojegy","9":"product_tag-borvacsora","10":"product_tag-libalakoma","11":"product_tag-libavacsora","12":"product_tag-marton-nap","13":"product_tag-mokos-gasztro","14":"product_tag-program","15":"product_tag-rendezveny","16":"product_tag-ujbor","17":"product_tag-vacsora","19":"first","20":"outofstock","21":"virtual","22":"taxable","23":"purchasable","24":"product-type-simple"},"acf":[],"yoast_head":"<!-- This site is optimized with the Yoast SEO plugin v27.1.1 - https:\/\/yoast.com\/product\/yoast-seo-wordpress\/ -->\n<title>Libalakoma a Mokos Pinc\u00e9szetben | 2020.11.07. - Program, rendezv\u00e9ny<\/title>\n<meta name=\"description\" content=\"A hagyom\u00e1nynak megfelel\u0151en M\u00e1rton Nap idej\u00e9n a MOKOS Pinc\u00e9szetn\u00e9l is az \u00fajborok\u00e9 \u00e9s a libalakom\u00e1k\u00e9 a f\u0151szerep. Tartson vel\u00fcnk \u00d6n is!\" \/>\n<meta name=\"robots\" content=\"index, follow, max-snippet:-1, max-image-preview:large, max-video-preview:-1\" \/>\n<link rel=\"canonical\" href=\"https:\/\/mokos.hu\/en\/rooms\/libalakoma-a-mokos-pinceszetben-2020-11-07\/\" \/>\n<meta property=\"og:locale\" content=\"en_US\" \/>\n<meta property=\"og:type\" content=\"article\" \/>\n<meta property=\"og:title\" content=\"Libalakoma a Mokos Pinc\u00e9szetben | 2020.11.07. - Program, rendezv\u00e9ny\" \/>\n<meta property=\"og:description\" content=\"A hagyom\u00e1nynak megfelel\u0151en M\u00e1rton Nap idej\u00e9n a MOKOS Pinc\u00e9szetn\u00e9l is az \u00fajborok\u00e9 \u00e9s a libalakom\u00e1k\u00e9 a f\u0151szerep. Tartson vel\u00fcnk \u00d6n is!\" \/>\n<meta property=\"og:url\" content=\"https:\/\/mokos.hu\/en\/rooms\/libalakoma-a-mokos-pinceszetben-2020-11-07\/\" \/>\n<meta property=\"og:site_name\" content=\"MOKOS\" \/>\n<meta property=\"article:modified_time\" content=\"2020-11-03T08:14:12+00:00\" \/>\n<meta property=\"og:image\" content=\"https:\/\/mokos.hu\/wp-content\/uploads\/2020\/01\/WEB_MOKOS_Marton_nap_2020_Jegy_LAKOMA_T-scaled-e1600678262550.jpg\" \/>\n\t<meta property=\"og:image:width\" content=\"500\" \/>\n\t<meta property=\"og:image:height\" content=\"500\" \/>\n\t<meta property=\"og:image:type\" content=\"image\/jpeg\" \/>\n<meta name=\"twitter:card\" content=\"summary_large_image\" \/>\n<script type=\"application\/ld+json\" class=\"yoast-schema-graph\">{\"@context\":\"https:\/\/schema.org\",\"@graph\":[{\"@type\":\"WebPage\",\"@id\":\"https:\/\/mokos.hu\/termek\/libalakoma-a-mokos-pinceszetben-2020-11-07\/\",\"url\":\"https:\/\/mokos.hu\/termek\/libalakoma-a-mokos-pinceszetben-2020-11-07\/\",\"name\":\"Libalakoma a Mokos Pinc\u00e9szetben | 2020.11.07. - Program, rendezv\u00e9ny\",\"isPartOf\":{\"@id\":\"https:\/\/mokos.hu\/#website\"},\"primaryImageOfPage\":{\"@id\":\"https:\/\/mokos.hu\/termek\/libalakoma-a-mokos-pinceszetben-2020-11-07\/#primaryimage\"},\"image\":{\"@id\":\"https:\/\/mokos.hu\/termek\/libalakoma-a-mokos-pinceszetben-2020-11-07\/#primaryimage\"},\"thumbnailUrl\":\"https:\/\/mokos.hu\/wp-content\/uploads\/2020\/01\/WEB_MOKOS_Marton_nap_2020_Jegy_LAKOMA_T-scaled-e1600678262550.jpg\",\"datePublished\":\"2020-01-10T09:30:13+00:00\",\"dateModified\":\"2020-11-03T08:14:12+00:00\",\"description\":\"A hagyom\u00e1nynak megfelel\u0151en M\u00e1rton Nap idej\u00e9n a MOKOS Pinc\u00e9szetn\u00e9l is az \u00fajborok\u00e9 \u00e9s a libalakom\u00e1k\u00e9 a f\u0151szerep. Tartson vel\u00fcnk \u00d6n is!\",\"breadcrumb\":{\"@id\":\"https:\/\/mokos.hu\/termek\/libalakoma-a-mokos-pinceszetben-2020-11-07\/#breadcrumb\"},\"inLanguage\":\"en-US\",\"potentialAction\":[{\"@type\":\"ReadAction\",\"target\":[\"https:\/\/mokos.hu\/termek\/libalakoma-a-mokos-pinceszetben-2020-11-07\/\"]}]},{\"@type\":\"ImageObject\",\"inLanguage\":\"en-US\",\"@id\":\"https:\/\/mokos.hu\/termek\/libalakoma-a-mokos-pinceszetben-2020-11-07\/#primaryimage\",\"url\":\"https:\/\/mokos.hu\/wp-content\/uploads\/2020\/01\/WEB_MOKOS_Marton_nap_2020_Jegy_LAKOMA_T-scaled-e1600678262550.jpg\",\"contentUrl\":\"https:\/\/mokos.hu\/wp-content\/uploads\/2020\/01\/WEB_MOKOS_Marton_nap_2020_Jegy_LAKOMA_T-scaled-e1600678262550.jpg\",\"width\":500,\"height\":500,\"caption\":\"Mokos_Pinceszet_Villanyi_borvidek_program_esemeny_marton_nap_vacsora_lakoma_liba_borvacsora\"},{\"@type\":\"BreadcrumbList\",\"@id\":\"https:\/\/mokos.hu\/termek\/libalakoma-a-mokos-pinceszetben-2020-11-07\/#breadcrumb\",\"itemListElement\":[{\"@type\":\"ListItem\",\"position\":1,\"name\":\"Home\",\"item\":\"https:\/\/mokos.hu\/\"},{\"@type\":\"ListItem\",\"position\":2,\"name\":\"Term\u00e9kek\",\"item\":\"https:\/\/mokos.hu\/shop\/\"},{\"@type\":\"ListItem\",\"position\":3,\"name\":\"Libalakoma a Mokos Pinc\u00e9szetben | 2020.11.07.\"}]},{\"@type\":\"WebSite\",\"@id\":\"https:\/\/mokos.hu\/#website\",\"url\":\"https:\/\/mokos.hu\/\",\"name\":\"MOKOS\",\"description\":\"Csal\u00e1di Pinc\u00e9szet, Palkonya\",\"publisher\":{\"@id\":\"https:\/\/mokos.hu\/#organization\"},\"potentialAction\":[{\"@type\":\"SearchAction\",\"target\":{\"@type\":\"EntryPoint\",\"urlTemplate\":\"https:\/\/mokos.hu\/?s={search_term_string}\"},\"query-input\":{\"@type\":\"PropertyValueSpecification\",\"valueRequired\":true,\"valueName\":\"search_term_string\"}}],\"inLanguage\":\"en-US\"},{\"@type\":\"Organization\",\"@id\":\"https:\/\/mokos.hu\/#organization\",\"name\":\"MOKOS\",\"url\":\"https:\/\/mokos.hu\/\",\"logo\":{\"@type\":\"ImageObject\",\"inLanguage\":\"en-US\",\"@id\":\"https:\/\/mokos.hu\/#\/schema\/logo\/image\/\",\"url\":\"https:\/\/mokos.hu\/wp-content\/uploads\/2018\/11\/cropped-Mokos_Villanyi-Borvidek-Palkonya-1.png\",\"contentUrl\":\"https:\/\/mokos.hu\/wp-content\/uploads\/2018\/11\/cropped-Mokos_Villanyi-Borvidek-Palkonya-1.png\",\"width\":1000,\"height\":245,\"caption\":\"MOKOS\"},\"image\":{\"@id\":\"https:\/\/mokos.hu\/#\/schema\/logo\/image\/\"}}]}<\/script>\n<!-- \/ Yoast SEO plugin. -->","yoast_head_json":{"title":"Libalakoma a Mokos Pinc\u00e9szetben | 2020.11.07. - Program, rendezv\u00e9ny","description":"In keeping with tradition, the main focus at MOKOS Winery on Martin's Day is on new wines and goose flavours. Join us!","robots":{"index":"index","follow":"follow","max-snippet":"max-snippet:-1","max-image-preview":"max-image-preview:large","max-video-preview":"max-video-preview:-1"},"canonical":"https:\/\/mokos.hu\/en\/rooms\/libalakoma-a-mokos-pinceszetben-2020-11-07\/","og_locale":"en_US","og_type":"article","og_title":"Libalakoma a Mokos Pinc\u00e9szetben | 2020.11.07. - Program, rendezv\u00e9ny","og_description":"A hagyom\u00e1nynak megfelel\u0151en M\u00e1rton Nap idej\u00e9n a MOKOS Pinc\u00e9szetn\u00e9l is az \u00fajborok\u00e9 \u00e9s a libalakom\u00e1k\u00e9 a f\u0151szerep. Tartson vel\u00fcnk \u00d6n is!","og_url":"https:\/\/mokos.hu\/en\/rooms\/libalakoma-a-mokos-pinceszetben-2020-11-07\/","og_site_name":"MOKOS","article_modified_time":"2020-11-03T08:14:12+00:00","og_image":[{"width":500,"height":500,"url":"https:\/\/mokos.hu\/wp-content\/uploads\/2020\/01\/WEB_MOKOS_Marton_nap_2020_Jegy_LAKOMA_T-scaled-e1600678262550.jpg","type":"image\/jpeg"}],"twitter_card":"summary_large_image","schema":{"@context":"https:\/\/schema.org","@graph":[{"@type":"WebPage","@id":"https:\/\/mokos.hu\/termek\/libalakoma-a-mokos-pinceszetben-2020-11-07\/","url":"https:\/\/mokos.hu\/termek\/libalakoma-a-mokos-pinceszetben-2020-11-07\/","name":"Libalakoma a Mokos Pinc\u00e9szetben | 2020.11.07. - Program, rendezv\u00e9ny","isPartOf":{"@id":"https:\/\/mokos.hu\/#website"},"primaryImageOfPage":{"@id":"https:\/\/mokos.hu\/termek\/libalakoma-a-mokos-pinceszetben-2020-11-07\/#primaryimage"},"image":{"@id":"https:\/\/mokos.hu\/termek\/libalakoma-a-mokos-pinceszetben-2020-11-07\/#primaryimage"},"thumbnailUrl":"https:\/\/mokos.hu\/wp-content\/uploads\/2020\/01\/WEB_MOKOS_Marton_nap_2020_Jegy_LAKOMA_T-scaled-e1600678262550.jpg","datePublished":"2020-01-10T09:30:13+00:00","dateModified":"2020-11-03T08:14:12+00:00","description":"In keeping with tradition, the main focus at MOKOS Winery on Martin's Day is on new wines and goose flavours. Join us!","breadcrumb":{"@id":"https:\/\/mokos.hu\/termek\/libalakoma-a-mokos-pinceszetben-2020-11-07\/#breadcrumb"},"inLanguage":"en-US","potentialAction":[{"@type":"ReadAction","target":["https:\/\/mokos.hu\/termek\/libalakoma-a-mokos-pinceszetben-2020-11-07\/"]}]},{"@type":"ImageObject","inLanguage":"en-US","@id":"https:\/\/mokos.hu\/termek\/libalakoma-a-mokos-pinceszetben-2020-11-07\/#primaryimage","url":"https:\/\/mokos.hu\/wp-content\/uploads\/2020\/01\/WEB_MOKOS_Marton_nap_2020_Jegy_LAKOMA_T-scaled-e1600678262550.jpg","contentUrl":"https:\/\/mokos.hu\/wp-content\/uploads\/2020\/01\/WEB_MOKOS_Marton_nap_2020_Jegy_LAKOMA_T-scaled-e1600678262550.jpg","width":500,"height":500,"caption":"Mokos_Pinceszet_Villanyi_borvidek_program_esemeny_marton_nap_vacsora_lakoma_liba_borvacsora"},{"@type":"BreadcrumbList","@id":"https:\/\/mokos.hu\/termek\/libalakoma-a-mokos-pinceszetben-2020-11-07\/#breadcrumb","itemListElement":[{"@type":"ListItem","position":1,"name":"Home","item":"https:\/\/mokos.hu\/"},{"@type":"ListItem","position":2,"name":"Term\u00e9kek","item":"https:\/\/mokos.hu\/shop\/"},{"@type":"ListItem","position":3,"name":"Libalakoma a Mokos Pinc\u00e9szetben | 2020.11.07."}]},{"@type":"WebSite","@id":"https:\/\/mokos.hu\/#website","url":"https:\/\/mokos.hu\/","name":"MOKOS","description":"Family Winery, Palkonya","publisher":{"@id":"https:\/\/mokos.hu\/#organization"},"potentialAction":[{"@type":"SearchAction","target":{"@type":"EntryPoint","urlTemplate":"https:\/\/mokos.hu\/?s={search_term_string}"},"query-input":{"@type":"PropertyValueSpecification","valueRequired":true,"valueName":"search_term_string"}}],"inLanguage":"en-US"},{"@type":"Organization","@id":"https:\/\/mokos.hu\/#organization","name":"MOKOS","url":"https:\/\/mokos.hu\/","logo":{"@type":"ImageObject","inLanguage":"en-US","@id":"https:\/\/mokos.hu\/#\/schema\/logo\/image\/","url":"https:\/\/mokos.hu\/wp-content\/uploads\/2018\/11\/cropped-Mokos_Villanyi-Borvidek-Palkonya-1.png","contentUrl":"https:\/\/mokos.hu\/wp-content\/uploads\/2018\/11\/cropped-Mokos_Villanyi-Borvidek-Palkonya-1.png","width":1000,"height":245,"caption":"MOKOS"},"image":{"@id":"https:\/\/mokos.hu\/#\/schema\/logo\/image\/"}}]}},"_links":{"self":[{"href":"https:\/\/mokos.hu\/en\/wp-json\/wp\/v2\/product\/8798","targetHints":{"allow":["GET"]}}],"collection":[{"href":"https:\/\/mokos.hu\/en\/wp-json\/wp\/v2\/product"}],"about":[{"href":"https:\/\/mokos.hu\/en\/wp-json\/wp\/v2\/types\/product"}],"wp:featuredmedia":[{"embeddable":true,"href":"https:\/\/mokos.hu\/en\/wp-json\/wp\/v2\/media\/10163"}],"wp:attachment":[{"href":"https:\/\/mokos.hu\/en\/wp-json\/wp\/v2\/media?parent=8798"}],"wp:term":[{"taxonomy":"product_brand","embeddable":true,"href":"https:\/\/mokos.hu\/en\/wp-json\/wp\/v2\/product_brand?post=8798"},{"taxonomy":"product_cat","embeddable":true,"href":"https:\/\/mokos.hu\/en\/wp-json\/wp\/v2\/product_cat?post=8798"},{"taxonomy":"product_tag","embeddable":true,"href":"https:\/\/mokos.hu\/en\/wp-json\/wp\/v2\/product_tag?post=8798"}],"curies":[{"name":"wp","href":"https:\/\/api.w.org\/{rel}","templated":true}]}}