{"id":8102,"date":"2019-11-07T15:17:16","date_gmt":"2019-11-07T13:17:16","guid":{"rendered":"https:\/\/mokos.hu\/?post_type=product&#038;p=8102"},"modified":"2026-01-20T12:34:59","modified_gmt":"2026-01-20T10:34:59","slug":"elmenyajandek-2-fo-reszere-digitalis","status":"publish","type":"product","link":"https:\/\/mokos.hu\/en\/termek\/elmenyajandek-2-fo-reszere-digitalis\/","title":{"rendered":"Experience gift for 2 people | Digital"},"content":{"rendered":"","protected":false},"excerpt":{"rendered":"<p><strong>Give the gift of Mokos Experience!\u00a0<\/strong><\/p>\n<p>GIFT VOUCHER FOR 2 PERSONS<\/p>\n<p>The experience gift includes:<\/p>\n<ul>\n<li><strong>5 (4+1) batch wine tasting<\/strong>, during which you can get acquainted with the wines of the Mokos Winery of Vill\u00e1ny of protected origin and the premium palkonya fruit wines,<\/li>\n<li><strong>Dinner for 2 persons with cold dishes<\/strong><\/li>\n<li><strong>Guided cellar visit<\/strong>during which you can get to know the Mokos family estate, located in the hillsides of the Vill\u00e1nyi Hills, the almost 4000 m2 winery and the wine making process.<\/li>\n<\/ul>\n<p>Our gift of experience <strong>digital format<\/strong>will be sent to the e-mail address you provided during the ordering process within 1-3 working days of the order (no postage). You can then print it out at home!<\/p>\n<p>If you would like to receive your Gift of Experience printed on a gift card in an elegant envelope by post, click<a href=\"https:\/\/mokos.hu\/en\/rooms\/elmenyajandek-2-fo-reszere-diszboritekban\/\"> <strong>IDE<\/strong><\/a>!<\/p>\n<p><strong>How to use the Experience Gift:<\/strong><\/p>\n<p>The Experience Gift can only be claimed at the Mokos Winery, after prior registration on site. To register, please contact the winery at the following contact details.<\/p>\n<p>Not redeemable for cash.<\/p>\n<p><strong>A kupon 2026. december 31-ig haszn\u00e1lhat\u00f3 fel egyszeri alkalommal.<\/strong><\/p>\n<p>Policies on ordering and purchasing <a href=\"https:\/\/mokos.hu\/en\/uzlet\/rules\/\">HERE<\/a> reaches.<\/p>","protected":false},"featured_media":8092,"template":"","meta":{"_acf_changed":false},"product_brand":[],"product_cat":[115],"product_tag":[],"class_list":{"0":"post-8102","1":"product","2":"type-product","3":"status-publish","4":"has-post-thumbnail","6":"product_cat-ajandekutalvanyok","8":"first","9":"instock","10":"virtual","11":"taxable","12":"purchasable","13":"product-type-simple"},"acf":[],"yoast_head":"<!-- This site is optimized with the Yoast SEO plugin v27.5 - https:\/\/yoast.com\/product\/yoast-seo-wordpress\/ -->\n<title>\u00c9lm\u00e9nyaj\u00e1nd\u00e9k a Vill\u00e1nyi borvid\u00e9ken - MOKOS Pinc\u00e9szet<\/title>\n<meta name=\"description\" content=\"Aj\u00e1nd\u00e9kozzon \u00e9lm\u00e9nyt! \u00c9lm\u00e9nyaj\u00e1nd\u00e9k 2 f\u0151re: Mokos bork\u00f3stol\u00f3, pincel\u00e1togat\u00e1s \u00e9s hidegt\u00e1las vacsora a Vill\u00e1nyi borvid\u00e9ken.\" \/>\n<meta name=\"robots\" content=\"index, follow, max-snippet:-1, max-image-preview:large, max-video-preview:-1\" \/>\n<link rel=\"canonical\" href=\"https:\/\/mokos.hu\/en\/rooms\/elmenyajandek-2-fo-reszere-digitalis\/\" \/>\n<meta property=\"og:locale\" content=\"en_US\" \/>\n<meta property=\"og:type\" content=\"article\" \/>\n<meta property=\"og:title\" content=\"\u00c9lm\u00e9nyaj\u00e1nd\u00e9k a Vill\u00e1nyi borvid\u00e9ken - MOKOS Pinc\u00e9szet\" \/>\n<meta property=\"og:description\" content=\"Aj\u00e1nd\u00e9kozzon \u00e9lm\u00e9nyt! \u00c9lm\u00e9nyaj\u00e1nd\u00e9k 2 f\u0151re: Mokos bork\u00f3stol\u00f3, pincel\u00e1togat\u00e1s \u00e9s hidegt\u00e1las vacsora a Vill\u00e1nyi borvid\u00e9ken.\" \/>\n<meta property=\"og:url\" content=\"https:\/\/mokos.hu\/en\/rooms\/elmenyajandek-2-fo-reszere-digitalis\/\" \/>\n<meta property=\"og:site_name\" content=\"MOKOS\" \/>\n<meta property=\"article:modified_time\" content=\"2026-01-20T10:34:59+00:00\" \/>\n<meta property=\"og:image\" content=\"https:\/\/mokos.hu\/wp-content\/uploads\/2019\/11\/Mokos_Pinceszet_elmenyajandek_borkostolo_pincelatogatas_web-e1600688438657.jpg\" \/>\n\t<meta property=\"og:image:width\" content=\"500\" \/>\n\t<meta property=\"og:image:height\" content=\"500\" \/>\n\t<meta property=\"og:image:type\" content=\"image\/jpeg\" \/>\n<meta name=\"twitter:card\" content=\"summary_large_image\" \/>\n<meta name=\"twitter:label1\" content=\"Est. reading time\" \/>\n\t<meta name=\"twitter:data1\" content=\"1 minute\" \/>\n<script type=\"application\/ld+json\" class=\"yoast-schema-graph\">{\"@context\":\"https:\\\/\\\/schema.org\",\"@graph\":[{\"@type\":\"WebPage\",\"@id\":\"https:\\\/\\\/mokos.hu\\\/termek\\\/elmenyajandek-2-fo-reszere-digitalis\\\/\",\"url\":\"https:\\\/\\\/mokos.hu\\\/termek\\\/elmenyajandek-2-fo-reszere-digitalis\\\/\",\"name\":\"\u00c9lm\u00e9nyaj\u00e1nd\u00e9k a Vill\u00e1nyi borvid\u00e9ken - MOKOS Pinc\u00e9szet\",\"isPartOf\":{\"@id\":\"https:\\\/\\\/mokos.hu\\\/#website\"},\"primaryImageOfPage\":{\"@id\":\"https:\\\/\\\/mokos.hu\\\/termek\\\/elmenyajandek-2-fo-reszere-digitalis\\\/#primaryimage\"},\"image\":{\"@id\":\"https:\\\/\\\/mokos.hu\\\/termek\\\/elmenyajandek-2-fo-reszere-digitalis\\\/#primaryimage\"},\"thumbnailUrl\":\"https:\\\/\\\/mokos.hu\\\/wp-content\\\/uploads\\\/2019\\\/11\\\/Mokos_Pinceszet_elmenyajandek_borkostolo_pincelatogatas_web-e1600688438657.jpg\",\"datePublished\":\"2019-11-07T13:17:16+00:00\",\"dateModified\":\"2026-01-20T10:34:59+00:00\",\"description\":\"Aj\u00e1nd\u00e9kozzon \u00e9lm\u00e9nyt! \u00c9lm\u00e9nyaj\u00e1nd\u00e9k 2 f\u0151re: Mokos bork\u00f3stol\u00f3, pincel\u00e1togat\u00e1s \u00e9s hidegt\u00e1las vacsora a Vill\u00e1nyi borvid\u00e9ken.\",\"breadcrumb\":{\"@id\":\"https:\\\/\\\/mokos.hu\\\/termek\\\/elmenyajandek-2-fo-reszere-digitalis\\\/#breadcrumb\"},\"inLanguage\":\"en-US\",\"potentialAction\":[{\"@type\":\"ReadAction\",\"target\":[\"https:\\\/\\\/mokos.hu\\\/termek\\\/elmenyajandek-2-fo-reszere-digitalis\\\/\"]}]},{\"@type\":\"ImageObject\",\"inLanguage\":\"en-US\",\"@id\":\"https:\\\/\\\/mokos.hu\\\/termek\\\/elmenyajandek-2-fo-reszere-digitalis\\\/#primaryimage\",\"url\":\"https:\\\/\\\/mokos.hu\\\/wp-content\\\/uploads\\\/2019\\\/11\\\/Mokos_Pinceszet_elmenyajandek_borkostolo_pincelatogatas_web-e1600688438657.jpg\",\"contentUrl\":\"https:\\\/\\\/mokos.hu\\\/wp-content\\\/uploads\\\/2019\\\/11\\\/Mokos_Pinceszet_elmenyajandek_borkostolo_pincelatogatas_web-e1600688438657.jpg\",\"width\":500,\"height\":500},{\"@type\":\"BreadcrumbList\",\"@id\":\"https:\\\/\\\/mokos.hu\\\/termek\\\/elmenyajandek-2-fo-reszere-digitalis\\\/#breadcrumb\",\"itemListElement\":[{\"@type\":\"ListItem\",\"position\":1,\"name\":\"Home\",\"item\":\"https:\\\/\\\/mokos.hu\\\/\"},{\"@type\":\"ListItem\",\"position\":2,\"name\":\"Term\u00e9kek\",\"item\":\"https:\\\/\\\/mokos.hu\\\/shop\\\/\"},{\"@type\":\"ListItem\",\"position\":3,\"name\":\"\u00c9lm\u00e9nyaj\u00e1nd\u00e9k 2 f\u0151 r\u00e9sz\u00e9re | Digit\u00e1lis\"}]},{\"@type\":\"WebSite\",\"@id\":\"https:\\\/\\\/mokos.hu\\\/#website\",\"url\":\"https:\\\/\\\/mokos.hu\\\/\",\"name\":\"MOKOS\",\"description\":\"Csal\u00e1di Pinc\u00e9szet, Palkonya\",\"publisher\":{\"@id\":\"https:\\\/\\\/mokos.hu\\\/#organization\"},\"potentialAction\":[{\"@type\":\"SearchAction\",\"target\":{\"@type\":\"EntryPoint\",\"urlTemplate\":\"https:\\\/\\\/mokos.hu\\\/?s={search_term_string}\"},\"query-input\":{\"@type\":\"PropertyValueSpecification\",\"valueRequired\":true,\"valueName\":\"search_term_string\"}}],\"inLanguage\":\"en-US\"},{\"@type\":\"Organization\",\"@id\":\"https:\\\/\\\/mokos.hu\\\/#organization\",\"name\":\"MOKOS\",\"url\":\"https:\\\/\\\/mokos.hu\\\/\",\"logo\":{\"@type\":\"ImageObject\",\"inLanguage\":\"en-US\",\"@id\":\"https:\\\/\\\/mokos.hu\\\/#\\\/schema\\\/logo\\\/image\\\/\",\"url\":\"https:\\\/\\\/mokos.hu\\\/wp-content\\\/uploads\\\/2018\\\/11\\\/cropped-Mokos_Villanyi-Borvidek-Palkonya-1.png\",\"contentUrl\":\"https:\\\/\\\/mokos.hu\\\/wp-content\\\/uploads\\\/2018\\\/11\\\/cropped-Mokos_Villanyi-Borvidek-Palkonya-1.png\",\"width\":1000,\"height\":245,\"caption\":\"MOKOS\"},\"image\":{\"@id\":\"https:\\\/\\\/mokos.hu\\\/#\\\/schema\\\/logo\\\/image\\\/\"}}]}<\/script>\n<!-- \/ Yoast SEO plugin. -->","yoast_head_json":{"title":"A gift of experience in the Vill\u00e1ny wine region - MOKOS Winery","description":"Give the gift of experience! Experience gift for 2 persons.","robots":{"index":"index","follow":"follow","max-snippet":"max-snippet:-1","max-image-preview":"max-image-preview:large","max-video-preview":"max-video-preview:-1"},"canonical":"https:\/\/mokos.hu\/en\/rooms\/elmenyajandek-2-fo-reszere-digitalis\/","og_locale":"en_US","og_type":"article","og_title":"\u00c9lm\u00e9nyaj\u00e1nd\u00e9k a Vill\u00e1nyi borvid\u00e9ken - MOKOS Pinc\u00e9szet","og_description":"Aj\u00e1nd\u00e9kozzon \u00e9lm\u00e9nyt! \u00c9lm\u00e9nyaj\u00e1nd\u00e9k 2 f\u0151re: Mokos bork\u00f3stol\u00f3, pincel\u00e1togat\u00e1s \u00e9s hidegt\u00e1las vacsora a Vill\u00e1nyi borvid\u00e9ken.","og_url":"https:\/\/mokos.hu\/en\/rooms\/elmenyajandek-2-fo-reszere-digitalis\/","og_site_name":"MOKOS","article_modified_time":"2026-01-20T10:34:59+00:00","og_image":[{"width":500,"height":500,"url":"https:\/\/mokos.hu\/wp-content\/uploads\/2019\/11\/Mokos_Pinceszet_elmenyajandek_borkostolo_pincelatogatas_web-e1600688438657.jpg","type":"image\/jpeg"}],"twitter_card":"summary_large_image","twitter_misc":{"Est. reading time":"1 minute"},"schema":{"@context":"https:\/\/schema.org","@graph":[{"@type":"WebPage","@id":"https:\/\/mokos.hu\/termek\/elmenyajandek-2-fo-reszere-digitalis\/","url":"https:\/\/mokos.hu\/termek\/elmenyajandek-2-fo-reszere-digitalis\/","name":"A gift of experience in the Vill\u00e1ny wine region - MOKOS Winery","isPartOf":{"@id":"https:\/\/mokos.hu\/#website"},"primaryImageOfPage":{"@id":"https:\/\/mokos.hu\/termek\/elmenyajandek-2-fo-reszere-digitalis\/#primaryimage"},"image":{"@id":"https:\/\/mokos.hu\/termek\/elmenyajandek-2-fo-reszere-digitalis\/#primaryimage"},"thumbnailUrl":"https:\/\/mokos.hu\/wp-content\/uploads\/2019\/11\/Mokos_Pinceszet_elmenyajandek_borkostolo_pincelatogatas_web-e1600688438657.jpg","datePublished":"2019-11-07T13:17:16+00:00","dateModified":"2026-01-20T10:34:59+00:00","description":"Give the gift of experience! Experience gift for 2 persons.","breadcrumb":{"@id":"https:\/\/mokos.hu\/termek\/elmenyajandek-2-fo-reszere-digitalis\/#breadcrumb"},"inLanguage":"en-US","potentialAction":[{"@type":"ReadAction","target":["https:\/\/mokos.hu\/termek\/elmenyajandek-2-fo-reszere-digitalis\/"]}]},{"@type":"ImageObject","inLanguage":"en-US","@id":"https:\/\/mokos.hu\/termek\/elmenyajandek-2-fo-reszere-digitalis\/#primaryimage","url":"https:\/\/mokos.hu\/wp-content\/uploads\/2019\/11\/Mokos_Pinceszet_elmenyajandek_borkostolo_pincelatogatas_web-e1600688438657.jpg","contentUrl":"https:\/\/mokos.hu\/wp-content\/uploads\/2019\/11\/Mokos_Pinceszet_elmenyajandek_borkostolo_pincelatogatas_web-e1600688438657.jpg","width":500,"height":500},{"@type":"BreadcrumbList","@id":"https:\/\/mokos.hu\/termek\/elmenyajandek-2-fo-reszere-digitalis\/#breadcrumb","itemListElement":[{"@type":"ListItem","position":1,"name":"Home","item":"https:\/\/mokos.hu\/"},{"@type":"ListItem","position":2,"name":"Term\u00e9kek","item":"https:\/\/mokos.hu\/shop\/"},{"@type":"ListItem","position":3,"name":"\u00c9lm\u00e9nyaj\u00e1nd\u00e9k 2 f\u0151 r\u00e9sz\u00e9re | Digit\u00e1lis"}]},{"@type":"WebSite","@id":"https:\/\/mokos.hu\/#website","url":"https:\/\/mokos.hu\/","name":"MOKOS","description":"Family Winery, Palkonya","publisher":{"@id":"https:\/\/mokos.hu\/#organization"},"potentialAction":[{"@type":"SearchAction","target":{"@type":"EntryPoint","urlTemplate":"https:\/\/mokos.hu\/?s={search_term_string}"},"query-input":{"@type":"PropertyValueSpecification","valueRequired":true,"valueName":"search_term_string"}}],"inLanguage":"en-US"},{"@type":"Organization","@id":"https:\/\/mokos.hu\/#organization","name":"MOKOS","url":"https:\/\/mokos.hu\/","logo":{"@type":"ImageObject","inLanguage":"en-US","@id":"https:\/\/mokos.hu\/#\/schema\/logo\/image\/","url":"https:\/\/mokos.hu\/wp-content\/uploads\/2018\/11\/cropped-Mokos_Villanyi-Borvidek-Palkonya-1.png","contentUrl":"https:\/\/mokos.hu\/wp-content\/uploads\/2018\/11\/cropped-Mokos_Villanyi-Borvidek-Palkonya-1.png","width":1000,"height":245,"caption":"MOKOS"},"image":{"@id":"https:\/\/mokos.hu\/#\/schema\/logo\/image\/"}}]}},"_links":{"self":[{"href":"https:\/\/mokos.hu\/en\/wp-json\/wp\/v2\/product\/8102","targetHints":{"allow":["GET"]}}],"collection":[{"href":"https:\/\/mokos.hu\/en\/wp-json\/wp\/v2\/product"}],"about":[{"href":"https:\/\/mokos.hu\/en\/wp-json\/wp\/v2\/types\/product"}],"wp:featuredmedia":[{"embeddable":true,"href":"https:\/\/mokos.hu\/en\/wp-json\/wp\/v2\/media\/8092"}],"wp:attachment":[{"href":"https:\/\/mokos.hu\/en\/wp-json\/wp\/v2\/media?parent=8102"}],"wp:term":[{"taxonomy":"product_brand","embeddable":true,"href":"https:\/\/mokos.hu\/en\/wp-json\/wp\/v2\/product_brand?post=8102"},{"taxonomy":"product_cat","embeddable":true,"href":"https:\/\/mokos.hu\/en\/wp-json\/wp\/v2\/product_cat?post=8102"},{"taxonomy":"product_tag","embeddable":true,"href":"https:\/\/mokos.hu\/en\/wp-json\/wp\/v2\/product_tag?post=8102"}],"curies":[{"name":"wp","href":"https:\/\/api.w.org\/{rel}","templated":true}]}}