{"id":8090,"date":"2019-11-07T14:03:21","date_gmt":"2019-11-07T13:03:21","guid":{"rendered":"https:\/\/mokos.hu\/?post_type=product&#038;p=8090"},"modified":"2026-01-20T12:30:13","modified_gmt":"2026-01-20T10:30:13","slug":"10-000-ft-in-bottles-of-mocha-gum-wine-electric-wine","status":"publish","type":"product","link":"https:\/\/mokos.hu\/en\/termek\/ajandekutalvany-10-000-ft-ertekben-mokos-gyumolcsbor-villanyibor\/","title":{"rendered":"Gift voucher | 10.000 HUF value | Digital"},"content":{"rendered":"","protected":false},"excerpt":{"rendered":"<p><strong>Unsure whether your loved ones or friends will like the gift you have chosen? Surprise them instead with a Mokos Gift Voucher and leave the decision to them!\u00a0<\/strong><\/p>\n<p>The amount of our gift voucher can be used to buy products and tickets for our own events in the MOKOS.HU webshop.<\/p>\n<p>Our gift voucher <strong>digital format<\/strong>will be sent to the e-mail address you provided during the ordering process within 1-3 working days of the order (no postage). You can then print it out at the comfort of your home.<\/p>\n<p>If you would like to receive your Gift Voucher in an elegant envelope printed on a gift card by post, click <a href=\"https:\/\/mokos.hu\/en\/rooms\/10-000-ft-per-month-in-discounts\/\"><strong>IDE<\/strong><\/a>!<\/p>\n<p><strong>How to use the Gift Voucher:<\/strong><\/p>\n<p>The gift voucher can be used for <strong>www.mokos.hu webshop<\/strong>to buy any product available in your country (<strong>full-price or discounted products, tickets<\/strong>). Usage: when ordering, enter the voucher number in the \"Coupon Code\" field on the \"Checkout\" page and the total value of the voucher will be deducted from the total amount. The voucher is not valid for shipping costs! It is not redeemable for cash and cannot be refunded when ordering from the webshop.<\/p>\n<p><strong>A kupon 2026. december 31-ig haszn\u00e1lhat\u00f3 fel egyszeri alkalommal.<\/strong><\/p>\n<p>Policies on ordering and purchasing <a href=\"https:\/\/mokos.hu\/en\/uzlet\/rules\/\">HERE<\/a> reaches.<\/p>","protected":false},"featured_media":8091,"template":"","meta":{"_acf_changed":false},"product_brand":[],"product_cat":[115],"product_tag":[],"class_list":{"0":"post-8090","1":"product","2":"type-product","3":"status-publish","4":"has-post-thumbnail","6":"product_cat-ajandekutalvanyok","8":"first","9":"instock","10":"virtual","11":"taxable","12":"purchasable","13":"product-type-simple"},"acf":[],"yoast_head":"<!-- This site is optimized with the Yoast SEO plugin v27.1.1 - https:\/\/yoast.com\/product\/yoast-seo-wordpress\/ -->\n<title>AJ\u00c1ND\u00c9KUTALV\u00c1NY - 10.000 Ft \u00e9rt\u00e9kben - MOKOS Pinc\u00e9szet<\/title>\n<meta name=\"description\" content=\"Gy\u00fcm\u00f6lcsbor? Vagy vill\u00e1nyi borv\u00e1logat\u00e1s? Esetleg Borvacsora? Lepje meg szeretteit Mokos aj\u00e1nd\u00e9kutalv\u00e1ny seg\u00edts\u00e9g\u00e9vel \u00e9s b\u00edzza r\u00e1juk a d\u00f6nt\u00e9st!\" \/>\n<meta name=\"robots\" content=\"index, follow, max-snippet:-1, max-image-preview:large, max-video-preview:-1\" \/>\n<link rel=\"canonical\" href=\"https:\/\/mokos.hu\/en\/rooms\/10-000-ft-in-bottles-of-mocha-gum-wine-electric-wine\/\" \/>\n<meta property=\"og:locale\" content=\"en_US\" \/>\n<meta property=\"og:type\" content=\"article\" \/>\n<meta property=\"og:title\" content=\"AJ\u00c1ND\u00c9KUTALV\u00c1NY - 10.000 Ft \u00e9rt\u00e9kben - MOKOS Pinc\u00e9szet\" \/>\n<meta property=\"og:description\" content=\"Gy\u00fcm\u00f6lcsbor? Vagy vill\u00e1nyi borv\u00e1logat\u00e1s? Esetleg Borvacsora? Lepje meg szeretteit Mokos aj\u00e1nd\u00e9kutalv\u00e1ny seg\u00edts\u00e9g\u00e9vel \u00e9s b\u00edzza r\u00e1juk a d\u00f6nt\u00e9st!\" \/>\n<meta property=\"og:url\" content=\"https:\/\/mokos.hu\/en\/rooms\/10-000-ft-in-bottles-of-mocha-gum-wine-electric-wine\/\" \/>\n<meta property=\"og:site_name\" content=\"MOKOS\" \/>\n<meta property=\"article:modified_time\" content=\"2026-01-20T10:30:13+00:00\" \/>\n<meta property=\"og:image\" content=\"https:\/\/mokos.hu\/wp-content\/uploads\/2019\/11\/Mokos_Pinceszet_ajandekutalvany_webshop_web-e1600688472935.jpg\" \/>\n\t<meta property=\"og:image:width\" content=\"500\" \/>\n\t<meta property=\"og:image:height\" content=\"500\" \/>\n\t<meta property=\"og:image:type\" content=\"image\/jpeg\" \/>\n<meta name=\"twitter:card\" content=\"summary_large_image\" \/>\n<meta name=\"twitter:label1\" content=\"Est. reading time\" \/>\n\t<meta name=\"twitter:data1\" content=\"1 minute\" \/>\n<script type=\"application\/ld+json\" class=\"yoast-schema-graph\">{\"@context\":\"https:\/\/schema.org\",\"@graph\":[{\"@type\":\"WebPage\",\"@id\":\"https:\/\/mokos.hu\/termek\/ajandekutalvany-10-000-ft-ertekben-mokos-gyumolcsbor-villanyibor\/\",\"url\":\"https:\/\/mokos.hu\/termek\/ajandekutalvany-10-000-ft-ertekben-mokos-gyumolcsbor-villanyibor\/\",\"name\":\"AJ\u00c1ND\u00c9KUTALV\u00c1NY - 10.000 Ft \u00e9rt\u00e9kben - MOKOS Pinc\u00e9szet\",\"isPartOf\":{\"@id\":\"https:\/\/mokos.hu\/#website\"},\"primaryImageOfPage\":{\"@id\":\"https:\/\/mokos.hu\/termek\/ajandekutalvany-10-000-ft-ertekben-mokos-gyumolcsbor-villanyibor\/#primaryimage\"},\"image\":{\"@id\":\"https:\/\/mokos.hu\/termek\/ajandekutalvany-10-000-ft-ertekben-mokos-gyumolcsbor-villanyibor\/#primaryimage\"},\"thumbnailUrl\":\"https:\/\/mokos.hu\/wp-content\/uploads\/2019\/11\/Mokos_Pinceszet_ajandekutalvany_webshop_web-e1600688472935.jpg\",\"datePublished\":\"2019-11-07T13:03:21+00:00\",\"dateModified\":\"2026-01-20T10:30:13+00:00\",\"description\":\"Gy\u00fcm\u00f6lcsbor? Vagy vill\u00e1nyi borv\u00e1logat\u00e1s? Esetleg Borvacsora? Lepje meg szeretteit Mokos aj\u00e1nd\u00e9kutalv\u00e1ny seg\u00edts\u00e9g\u00e9vel \u00e9s b\u00edzza r\u00e1juk a d\u00f6nt\u00e9st!\",\"breadcrumb\":{\"@id\":\"https:\/\/mokos.hu\/termek\/ajandekutalvany-10-000-ft-ertekben-mokos-gyumolcsbor-villanyibor\/#breadcrumb\"},\"inLanguage\":\"en-US\",\"potentialAction\":[{\"@type\":\"ReadAction\",\"target\":[\"https:\/\/mokos.hu\/termek\/ajandekutalvany-10-000-ft-ertekben-mokos-gyumolcsbor-villanyibor\/\"]}]},{\"@type\":\"ImageObject\",\"inLanguage\":\"en-US\",\"@id\":\"https:\/\/mokos.hu\/termek\/ajandekutalvany-10-000-ft-ertekben-mokos-gyumolcsbor-villanyibor\/#primaryimage\",\"url\":\"https:\/\/mokos.hu\/wp-content\/uploads\/2019\/11\/Mokos_Pinceszet_ajandekutalvany_webshop_web-e1600688472935.jpg\",\"contentUrl\":\"https:\/\/mokos.hu\/wp-content\/uploads\/2019\/11\/Mokos_Pinceszet_ajandekutalvany_webshop_web-e1600688472935.jpg\",\"width\":500,\"height\":500},{\"@type\":\"BreadcrumbList\",\"@id\":\"https:\/\/mokos.hu\/termek\/ajandekutalvany-10-000-ft-ertekben-mokos-gyumolcsbor-villanyibor\/#breadcrumb\",\"itemListElement\":[{\"@type\":\"ListItem\",\"position\":1,\"name\":\"Home\",\"item\":\"https:\/\/mokos.hu\/\"},{\"@type\":\"ListItem\",\"position\":2,\"name\":\"Term\u00e9kek\",\"item\":\"https:\/\/mokos.hu\/shop\/\"},{\"@type\":\"ListItem\",\"position\":3,\"name\":\"Aj\u00e1nd\u00e9kutalv\u00e1ny | 10.000 Ft \u00e9rt\u00e9kben | Digit\u00e1lis\"}]},{\"@type\":\"WebSite\",\"@id\":\"https:\/\/mokos.hu\/#website\",\"url\":\"https:\/\/mokos.hu\/\",\"name\":\"MOKOS\",\"description\":\"Csal\u00e1di Pinc\u00e9szet, Palkonya\",\"publisher\":{\"@id\":\"https:\/\/mokos.hu\/#organization\"},\"potentialAction\":[{\"@type\":\"SearchAction\",\"target\":{\"@type\":\"EntryPoint\",\"urlTemplate\":\"https:\/\/mokos.hu\/?s={search_term_string}\"},\"query-input\":{\"@type\":\"PropertyValueSpecification\",\"valueRequired\":true,\"valueName\":\"search_term_string\"}}],\"inLanguage\":\"en-US\"},{\"@type\":\"Organization\",\"@id\":\"https:\/\/mokos.hu\/#organization\",\"name\":\"MOKOS\",\"url\":\"https:\/\/mokos.hu\/\",\"logo\":{\"@type\":\"ImageObject\",\"inLanguage\":\"en-US\",\"@id\":\"https:\/\/mokos.hu\/#\/schema\/logo\/image\/\",\"url\":\"https:\/\/mokos.hu\/wp-content\/uploads\/2018\/11\/cropped-Mokos_Villanyi-Borvidek-Palkonya-1.png\",\"contentUrl\":\"https:\/\/mokos.hu\/wp-content\/uploads\/2018\/11\/cropped-Mokos_Villanyi-Borvidek-Palkonya-1.png\",\"width\":1000,\"height\":245,\"caption\":\"MOKOS\"},\"image\":{\"@id\":\"https:\/\/mokos.hu\/#\/schema\/logo\/image\/\"}}]}<\/script>\n<!-- \/ Yoast SEO plugin. -->","yoast_head_json":{"title":"GIFT VOUCHER - 10.000 HUF - MOKOS Winery","description":"Fruit wine? Or a selection of Vill\u00e1ny wines? Or maybe a wine dinner? Surprise your loved ones with a Mokos gift voucher and leave the decision to them!","robots":{"index":"index","follow":"follow","max-snippet":"max-snippet:-1","max-image-preview":"max-image-preview:large","max-video-preview":"max-video-preview:-1"},"canonical":"https:\/\/mokos.hu\/en\/rooms\/10-000-ft-in-bottles-of-mocha-gum-wine-electric-wine\/","og_locale":"en_US","og_type":"article","og_title":"AJ\u00c1ND\u00c9KUTALV\u00c1NY - 10.000 Ft \u00e9rt\u00e9kben - MOKOS Pinc\u00e9szet","og_description":"Gy\u00fcm\u00f6lcsbor? Vagy vill\u00e1nyi borv\u00e1logat\u00e1s? Esetleg Borvacsora? Lepje meg szeretteit Mokos aj\u00e1nd\u00e9kutalv\u00e1ny seg\u00edts\u00e9g\u00e9vel \u00e9s b\u00edzza r\u00e1juk a d\u00f6nt\u00e9st!","og_url":"https:\/\/mokos.hu\/en\/rooms\/10-000-ft-in-bottles-of-mocha-gum-wine-electric-wine\/","og_site_name":"MOKOS","article_modified_time":"2026-01-20T10:30:13+00:00","og_image":[{"width":500,"height":500,"url":"https:\/\/mokos.hu\/wp-content\/uploads\/2019\/11\/Mokos_Pinceszet_ajandekutalvany_webshop_web-e1600688472935.jpg","type":"image\/jpeg"}],"twitter_card":"summary_large_image","twitter_misc":{"Est. reading time":"1 minute"},"schema":{"@context":"https:\/\/schema.org","@graph":[{"@type":"WebPage","@id":"https:\/\/mokos.hu\/termek\/ajandekutalvany-10-000-ft-ertekben-mokos-gyumolcsbor-villanyibor\/","url":"https:\/\/mokos.hu\/termek\/ajandekutalvany-10-000-ft-ertekben-mokos-gyumolcsbor-villanyibor\/","name":"GIFT VOUCHER - 10.000 HUF - MOKOS Winery","isPartOf":{"@id":"https:\/\/mokos.hu\/#website"},"primaryImageOfPage":{"@id":"https:\/\/mokos.hu\/termek\/ajandekutalvany-10-000-ft-ertekben-mokos-gyumolcsbor-villanyibor\/#primaryimage"},"image":{"@id":"https:\/\/mokos.hu\/termek\/ajandekutalvany-10-000-ft-ertekben-mokos-gyumolcsbor-villanyibor\/#primaryimage"},"thumbnailUrl":"https:\/\/mokos.hu\/wp-content\/uploads\/2019\/11\/Mokos_Pinceszet_ajandekutalvany_webshop_web-e1600688472935.jpg","datePublished":"2019-11-07T13:03:21+00:00","dateModified":"2026-01-20T10:30:13+00:00","description":"Fruit wine? Or a selection of Vill\u00e1ny wines? Or maybe a wine dinner? Surprise your loved ones with a Mokos gift voucher and leave the decision to them!","breadcrumb":{"@id":"https:\/\/mokos.hu\/termek\/ajandekutalvany-10-000-ft-ertekben-mokos-gyumolcsbor-villanyibor\/#breadcrumb"},"inLanguage":"en-US","potentialAction":[{"@type":"ReadAction","target":["https:\/\/mokos.hu\/termek\/ajandekutalvany-10-000-ft-ertekben-mokos-gyumolcsbor-villanyibor\/"]}]},{"@type":"ImageObject","inLanguage":"en-US","@id":"https:\/\/mokos.hu\/termek\/ajandekutalvany-10-000-ft-ertekben-mokos-gyumolcsbor-villanyibor\/#primaryimage","url":"https:\/\/mokos.hu\/wp-content\/uploads\/2019\/11\/Mokos_Pinceszet_ajandekutalvany_webshop_web-e1600688472935.jpg","contentUrl":"https:\/\/mokos.hu\/wp-content\/uploads\/2019\/11\/Mokos_Pinceszet_ajandekutalvany_webshop_web-e1600688472935.jpg","width":500,"height":500},{"@type":"BreadcrumbList","@id":"https:\/\/mokos.hu\/termek\/ajandekutalvany-10-000-ft-ertekben-mokos-gyumolcsbor-villanyibor\/#breadcrumb","itemListElement":[{"@type":"ListItem","position":1,"name":"Home","item":"https:\/\/mokos.hu\/"},{"@type":"ListItem","position":2,"name":"Term\u00e9kek","item":"https:\/\/mokos.hu\/shop\/"},{"@type":"ListItem","position":3,"name":"Aj\u00e1nd\u00e9kutalv\u00e1ny | 10.000 Ft \u00e9rt\u00e9kben | Digit\u00e1lis"}]},{"@type":"WebSite","@id":"https:\/\/mokos.hu\/#website","url":"https:\/\/mokos.hu\/","name":"MOKOS","description":"Family Winery, Palkonya","publisher":{"@id":"https:\/\/mokos.hu\/#organization"},"potentialAction":[{"@type":"SearchAction","target":{"@type":"EntryPoint","urlTemplate":"https:\/\/mokos.hu\/?s={search_term_string}"},"query-input":{"@type":"PropertyValueSpecification","valueRequired":true,"valueName":"search_term_string"}}],"inLanguage":"en-US"},{"@type":"Organization","@id":"https:\/\/mokos.hu\/#organization","name":"MOKOS","url":"https:\/\/mokos.hu\/","logo":{"@type":"ImageObject","inLanguage":"en-US","@id":"https:\/\/mokos.hu\/#\/schema\/logo\/image\/","url":"https:\/\/mokos.hu\/wp-content\/uploads\/2018\/11\/cropped-Mokos_Villanyi-Borvidek-Palkonya-1.png","contentUrl":"https:\/\/mokos.hu\/wp-content\/uploads\/2018\/11\/cropped-Mokos_Villanyi-Borvidek-Palkonya-1.png","width":1000,"height":245,"caption":"MOKOS"},"image":{"@id":"https:\/\/mokos.hu\/#\/schema\/logo\/image\/"}}]}},"_links":{"self":[{"href":"https:\/\/mokos.hu\/en\/wp-json\/wp\/v2\/product\/8090","targetHints":{"allow":["GET"]}}],"collection":[{"href":"https:\/\/mokos.hu\/en\/wp-json\/wp\/v2\/product"}],"about":[{"href":"https:\/\/mokos.hu\/en\/wp-json\/wp\/v2\/types\/product"}],"wp:featuredmedia":[{"embeddable":true,"href":"https:\/\/mokos.hu\/en\/wp-json\/wp\/v2\/media\/8091"}],"wp:attachment":[{"href":"https:\/\/mokos.hu\/en\/wp-json\/wp\/v2\/media?parent=8090"}],"wp:term":[{"taxonomy":"product_brand","embeddable":true,"href":"https:\/\/mokos.hu\/en\/wp-json\/wp\/v2\/product_brand?post=8090"},{"taxonomy":"product_cat","embeddable":true,"href":"https:\/\/mokos.hu\/en\/wp-json\/wp\/v2\/product_cat?post=8090"},{"taxonomy":"product_tag","embeddable":true,"href":"https:\/\/mokos.hu\/en\/wp-json\/wp\/v2\/product_tag?post=8090"}],"curies":[{"name":"wp","href":"https:\/\/api.w.org\/{rel}","templated":true}]}}