{"id":7842,"date":"2019-10-22T13:37:26","date_gmt":"2019-10-22T11:37:26","guid":{"rendered":"http:\/\/dev.vinolin.hu\/?post_type=product&#038;p=7842"},"modified":"2020-11-13T14:14:48","modified_gmt":"2020-11-13T12:14:48","slug":"villanyiroze2019","status":"publish","type":"product","link":"https:\/\/mokos.hu\/en\/termek\/villanyiroze2019\/","title":{"rendered":"Vill\u00e1nyi Roz\u00e9 2019"},"content":{"rendered":"<h5>CLASSICUS VILL\u00c1NY WINE OF PROTECTED ORIGIN<\/h5>\n<p>Our vineyards, located in the Weingarten vineyard in the northern part of the Vill\u00e1ny wine region, are home to the typical<strong>\u00a0domestic and international varieties\u00a0<\/strong>(Portugieser, k\u00e9kfrankos, pinot noir, merlot, cabernet franc, cabernet sauvignon). Thanks to the loess and red clay soils, the sub-Mediterranean climate and the above-average yield limitation, the quality of the\u00a0<strong>Vill\u00e1ny classicus and premium wines<\/strong>We produce around 100 000 bottles a year, starting in 2008.<\/p>\n<h5>DHC MANSION<\/h5>\n<p><img fetchpriority=\"high\" decoding=\"async\" class=\"alignright wp-image-9383 size-thumbnail\" src=\"https:\/\/mokos.hu\/wp-content\/uploads\/2020\/03\/DHC-Vill%C3%A1ny-250x250.jpg\" sizes=\"(max-width: 250px) 100vw, 250px\" srcset=\"https:\/\/mokos.hu\/wp-content\/uploads\/2020\/03\/DHC-Vill\u00e1ny-250x250.jpg 250w, https:\/\/mokos.hu\/wp-content\/uploads\/2020\/03\/DHC-Vill\u00e1ny-300x300.jpg 300w, https:\/\/mokos.hu\/wp-content\/uploads\/2020\/03\/DHC-Vill\u00e1ny-400x400.jpg 400w, https:\/\/mokos.hu\/wp-content\/uploads\/2020\/03\/DHC-Vill\u00e1ny-100x100.jpg 100w, https:\/\/mokos.hu\/wp-content\/uploads\/2020\/03\/DHC-Vill\u00e1ny.jpg 522w\" alt=\"DHC Vill\u00e1ny_villanyiborvidek_palkonya_mokos_pinceszet\" width=\"250\" height=\"250\" \/><\/p>\n<p>Vill\u00e1ny wine of protected origin can only be made from specific grape varieties harvested in the wine region. Vill\u00e1ny PDO wines can be identified by the words \"Districtus Hungaricus Controllatus Vill\u00e1ny\", with the cherry blossom emblem in the picture.<\/p>\n<p>Find out more about the protection of the origin of Vill\u00e1ny wines\u00a0<a href=\"https:\/\/villanyiborvidek.hu\/hu\/villanyi-borvidek\/eredetvedelem-kikerics-vedjegy\" target=\"_blank\" rel=\"noopener noreferrer\">HERE<\/a>.<\/p>","protected":false},"excerpt":{"rendered":"<h4><strong>Exploding freshness<\/strong><\/h4>\n<h4>classicus SZ\u00c1RAZ ros\u00e9 WINE<\/h4>\n<p>Pinc\u00e9szet\u00fcnk 2019-es els\u0151 \u00fajbora m\u00e1r sz\u00edn\u00e9vel mag\u00e1val ragadja \u00e9rz\u00e9kszerveinket, hiszen egy \u00e9l\u00e9nk, \u00e9lettel teli r\u00f3zsasz\u00edn \u00e1rnyalat k\u00f6sz\u00f6n vissza a poh\u00e1rb\u00f3l. Illatban a zamatos piros ribizli, valamint m\u00e1lna parf\u00fcmje jelenik meg, melyek ezt k\u00f6vet\u0151en a kortyban is leny\u0171g\u00f6zik a bor k\u00f3stol\u00f3it.<\/p>\n<p>50% K\u00e9kfrankos, 50% Pinot Noir h\u00e1zas\u00edt\u00e1sa.<\/p>\n<p>Recommended consumption temperature: 8 - 10\u00b0C<\/p>\n<p>Great with chicken, grilled dishes and cheeses.<\/p>\n<p>&nbsp;<\/p>\n<p>&nbsp;<\/p>","protected":false},"featured_media":9911,"template":"","meta":{"_acf_changed":false},"product_brand":[],"product_cat":[70],"product_tag":[184,179,134,123,140,181,182,143,156,183,137,129,144],"class_list":{"0":"post-7842","1":"product","2":"type-product","3":"status-publish","4":"has-post-thumbnail","6":"product_cat-villany_mokos_borok","7":"product_tag-classicus","8":"product_tag-dhc-villany","9":"product_tag-kekfrankos","10":"product_tag-mokos-pinceszet","11":"product_tag-pinot-noir","12":"product_tag-roze","13":"product_tag-roze-cuvee","14":"product_tag-rozebor","15":"product_tag-szaraz-bor","16":"product_tag-szaraz-rozebor","17":"product_tag-villanyi-borok","18":"product_tag-villanyi-borvidek","19":"product_tag-villanyi-roze","21":"first","22":"outofstock","23":"taxable","24":"shipping-taxable","25":"purchasable","26":"product-type-simple"},"acf":[],"yoast_head":"<!-- This site is optimized with the Yoast SEO plugin v27.1.1 - https:\/\/yoast.com\/product\/yoast-seo-wordpress\/ -->\n<title>Vill\u00e1nyi Roz\u00e9 2019 - MOKOS Pinc\u00e9szet - Vill\u00e1nyi Borvid\u00e9k<\/title>\n<meta name=\"description\" content=\"K\u00f6nnyed, kirobban\u00f3an gy\u00fcm\u00f6lcs\u00f6s Vill\u00e1nyi Roz\u00e9 a Mokos Pinc\u00e9szett\u0151l: K\u00f3stold meg \u00e9s \u00e9ld \u00e1t a Vill\u00e1nyi borvid\u00e9k \u00e9let\u00e9rz\u00e9s\u00e9t ak\u00e1r otthonodban is!\" \/>\n<meta name=\"robots\" content=\"index, follow, max-snippet:-1, max-image-preview:large, max-video-preview:-1\" \/>\n<link rel=\"canonical\" href=\"https:\/\/mokos.hu\/en\/rooms\/villanyiroze2019\/\" \/>\n<meta property=\"og:locale\" content=\"en_US\" \/>\n<meta property=\"og:type\" content=\"article\" \/>\n<meta property=\"og:title\" content=\"Vill\u00e1nyi Roz\u00e9 2019 - MOKOS Pinc\u00e9szet - Vill\u00e1nyi Borvid\u00e9k\" \/>\n<meta property=\"og:description\" content=\"K\u00f6nnyed, kirobban\u00f3an gy\u00fcm\u00f6lcs\u00f6s Vill\u00e1nyi Roz\u00e9 a Mokos Pinc\u00e9szett\u0151l: K\u00f3stold meg \u00e9s \u00e9ld \u00e1t a Vill\u00e1nyi borvid\u00e9k \u00e9let\u00e9rz\u00e9s\u00e9t ak\u00e1r otthonodban is!\" \/>\n<meta property=\"og:url\" content=\"https:\/\/mokos.hu\/en\/rooms\/villanyiroze2019\/\" \/>\n<meta property=\"og:site_name\" content=\"MOKOS\" \/>\n<meta property=\"article:modified_time\" content=\"2020-11-13T12:14:48+00:00\" \/>\n<meta property=\"og:image\" content=\"https:\/\/mokos.hu\/wp-content\/uploads\/2019\/10\/VRoze_web_K.png\" \/>\n\t<meta property=\"og:image:width\" content=\"425\" \/>\n\t<meta property=\"og:image:height\" content=\"714\" \/>\n\t<meta property=\"og:image:type\" content=\"image\/png\" \/>\n<meta name=\"twitter:card\" content=\"summary_large_image\" \/>\n<meta name=\"twitter:label1\" content=\"Est. reading time\" \/>\n\t<meta name=\"twitter:data1\" content=\"1 minute\" \/>\n<script type=\"application\/ld+json\" class=\"yoast-schema-graph\">{\"@context\":\"https:\/\/schema.org\",\"@graph\":[{\"@type\":\"WebPage\",\"@id\":\"https:\/\/mokos.hu\/termek\/villanyiroze2019\/\",\"url\":\"https:\/\/mokos.hu\/termek\/villanyiroze2019\/\",\"name\":\"Vill\u00e1nyi Roz\u00e9 2019 - MOKOS Pinc\u00e9szet - Vill\u00e1nyi Borvid\u00e9k\",\"isPartOf\":{\"@id\":\"https:\/\/mokos.hu\/#website\"},\"primaryImageOfPage\":{\"@id\":\"https:\/\/mokos.hu\/termek\/villanyiroze2019\/#primaryimage\"},\"image\":{\"@id\":\"https:\/\/mokos.hu\/termek\/villanyiroze2019\/#primaryimage\"},\"thumbnailUrl\":\"https:\/\/mokos.hu\/wp-content\/uploads\/2019\/10\/VRoze_web_K.png\",\"datePublished\":\"2019-10-22T11:37:26+00:00\",\"dateModified\":\"2020-11-13T12:14:48+00:00\",\"description\":\"K\u00f6nnyed, kirobban\u00f3an gy\u00fcm\u00f6lcs\u00f6s Vill\u00e1nyi Roz\u00e9 a Mokos Pinc\u00e9szett\u0151l: K\u00f3stold meg \u00e9s \u00e9ld \u00e1t a Vill\u00e1nyi borvid\u00e9k \u00e9let\u00e9rz\u00e9s\u00e9t ak\u00e1r otthonodban is!\",\"breadcrumb\":{\"@id\":\"https:\/\/mokos.hu\/termek\/villanyiroze2019\/#breadcrumb\"},\"inLanguage\":\"en-US\",\"potentialAction\":[{\"@type\":\"ReadAction\",\"target\":[\"https:\/\/mokos.hu\/termek\/villanyiroze2019\/\"]}]},{\"@type\":\"ImageObject\",\"inLanguage\":\"en-US\",\"@id\":\"https:\/\/mokos.hu\/termek\/villanyiroze2019\/#primaryimage\",\"url\":\"https:\/\/mokos.hu\/wp-content\/uploads\/2019\/10\/VRoze_web_K.png\",\"contentUrl\":\"https:\/\/mokos.hu\/wp-content\/uploads\/2019\/10\/VRoze_web_K.png\",\"width\":425,\"height\":714,\"caption\":\"Mokos_Pinceszet_villanyi_roze_villanyi_borvidek_palkonya\"},{\"@type\":\"BreadcrumbList\",\"@id\":\"https:\/\/mokos.hu\/termek\/villanyiroze2019\/#breadcrumb\",\"itemListElement\":[{\"@type\":\"ListItem\",\"position\":1,\"name\":\"Home\",\"item\":\"https:\/\/mokos.hu\/\"},{\"@type\":\"ListItem\",\"position\":2,\"name\":\"Term\u00e9kek\",\"item\":\"https:\/\/mokos.hu\/shop\/\"},{\"@type\":\"ListItem\",\"position\":3,\"name\":\"Vill\u00e1nyi Roz\u00e9 2019\"}]},{\"@type\":\"WebSite\",\"@id\":\"https:\/\/mokos.hu\/#website\",\"url\":\"https:\/\/mokos.hu\/\",\"name\":\"MOKOS\",\"description\":\"Csal\u00e1di Pinc\u00e9szet, Palkonya\",\"publisher\":{\"@id\":\"https:\/\/mokos.hu\/#organization\"},\"potentialAction\":[{\"@type\":\"SearchAction\",\"target\":{\"@type\":\"EntryPoint\",\"urlTemplate\":\"https:\/\/mokos.hu\/?s={search_term_string}\"},\"query-input\":{\"@type\":\"PropertyValueSpecification\",\"valueRequired\":true,\"valueName\":\"search_term_string\"}}],\"inLanguage\":\"en-US\"},{\"@type\":\"Organization\",\"@id\":\"https:\/\/mokos.hu\/#organization\",\"name\":\"MOKOS\",\"url\":\"https:\/\/mokos.hu\/\",\"logo\":{\"@type\":\"ImageObject\",\"inLanguage\":\"en-US\",\"@id\":\"https:\/\/mokos.hu\/#\/schema\/logo\/image\/\",\"url\":\"https:\/\/mokos.hu\/wp-content\/uploads\/2018\/11\/cropped-Mokos_Villanyi-Borvidek-Palkonya-1.png\",\"contentUrl\":\"https:\/\/mokos.hu\/wp-content\/uploads\/2018\/11\/cropped-Mokos_Villanyi-Borvidek-Palkonya-1.png\",\"width\":1000,\"height\":245,\"caption\":\"MOKOS\"},\"image\":{\"@id\":\"https:\/\/mokos.hu\/#\/schema\/logo\/image\/\"}}]}<\/script>\n<!-- \/ Yoast SEO plugin. -->","yoast_head_json":{"title":"Vill\u00e1nyi Roz\u00e9 2019 - MOKOS Pinc\u00e9szet - Vill\u00e1nyi Borvid\u00e9k","description":"A light, explosively fruity Vill\u00e1nyi Roz\u00e9 from the Mokos Winery: Taste and experience the Vill\u00e1ny wine region in the comfort of your own home!","robots":{"index":"index","follow":"follow","max-snippet":"max-snippet:-1","max-image-preview":"max-image-preview:large","max-video-preview":"max-video-preview:-1"},"canonical":"https:\/\/mokos.hu\/en\/rooms\/villanyiroze2019\/","og_locale":"en_US","og_type":"article","og_title":"Vill\u00e1nyi Roz\u00e9 2019 - MOKOS Pinc\u00e9szet - Vill\u00e1nyi Borvid\u00e9k","og_description":"K\u00f6nnyed, kirobban\u00f3an gy\u00fcm\u00f6lcs\u00f6s Vill\u00e1nyi Roz\u00e9 a Mokos Pinc\u00e9szett\u0151l: K\u00f3stold meg \u00e9s \u00e9ld \u00e1t a Vill\u00e1nyi borvid\u00e9k \u00e9let\u00e9rz\u00e9s\u00e9t ak\u00e1r otthonodban is!","og_url":"https:\/\/mokos.hu\/en\/rooms\/villanyiroze2019\/","og_site_name":"MOKOS","article_modified_time":"2020-11-13T12:14:48+00:00","og_image":[{"width":425,"height":714,"url":"https:\/\/mokos.hu\/wp-content\/uploads\/2019\/10\/VRoze_web_K.png","type":"image\/png"}],"twitter_card":"summary_large_image","twitter_misc":{"Est. reading time":"1 minute"},"schema":{"@context":"https:\/\/schema.org","@graph":[{"@type":"WebPage","@id":"https:\/\/mokos.hu\/termek\/villanyiroze2019\/","url":"https:\/\/mokos.hu\/termek\/villanyiroze2019\/","name":"Vill\u00e1nyi Roz\u00e9 2019 - MOKOS Pinc\u00e9szet - Vill\u00e1nyi Borvid\u00e9k","isPartOf":{"@id":"https:\/\/mokos.hu\/#website"},"primaryImageOfPage":{"@id":"https:\/\/mokos.hu\/termek\/villanyiroze2019\/#primaryimage"},"image":{"@id":"https:\/\/mokos.hu\/termek\/villanyiroze2019\/#primaryimage"},"thumbnailUrl":"https:\/\/mokos.hu\/wp-content\/uploads\/2019\/10\/VRoze_web_K.png","datePublished":"2019-10-22T11:37:26+00:00","dateModified":"2020-11-13T12:14:48+00:00","description":"A light, explosively fruity Vill\u00e1nyi Roz\u00e9 from the Mokos Winery: Taste and experience the Vill\u00e1ny wine region in the comfort of your own home!","breadcrumb":{"@id":"https:\/\/mokos.hu\/termek\/villanyiroze2019\/#breadcrumb"},"inLanguage":"en-US","potentialAction":[{"@type":"ReadAction","target":["https:\/\/mokos.hu\/termek\/villanyiroze2019\/"]}]},{"@type":"ImageObject","inLanguage":"en-US","@id":"https:\/\/mokos.hu\/termek\/villanyiroze2019\/#primaryimage","url":"https:\/\/mokos.hu\/wp-content\/uploads\/2019\/10\/VRoze_web_K.png","contentUrl":"https:\/\/mokos.hu\/wp-content\/uploads\/2019\/10\/VRoze_web_K.png","width":425,"height":714,"caption":"Mokos_Pinceszet_villanyi_roze_villanyi_borvidek_palkonya"},{"@type":"BreadcrumbList","@id":"https:\/\/mokos.hu\/termek\/villanyiroze2019\/#breadcrumb","itemListElement":[{"@type":"ListItem","position":1,"name":"Home","item":"https:\/\/mokos.hu\/"},{"@type":"ListItem","position":2,"name":"Term\u00e9kek","item":"https:\/\/mokos.hu\/shop\/"},{"@type":"ListItem","position":3,"name":"Vill\u00e1nyi Roz\u00e9 2019"}]},{"@type":"WebSite","@id":"https:\/\/mokos.hu\/#website","url":"https:\/\/mokos.hu\/","name":"MOKOS","description":"Family Winery, Palkonya","publisher":{"@id":"https:\/\/mokos.hu\/#organization"},"potentialAction":[{"@type":"SearchAction","target":{"@type":"EntryPoint","urlTemplate":"https:\/\/mokos.hu\/?s={search_term_string}"},"query-input":{"@type":"PropertyValueSpecification","valueRequired":true,"valueName":"search_term_string"}}],"inLanguage":"en-US"},{"@type":"Organization","@id":"https:\/\/mokos.hu\/#organization","name":"MOKOS","url":"https:\/\/mokos.hu\/","logo":{"@type":"ImageObject","inLanguage":"en-US","@id":"https:\/\/mokos.hu\/#\/schema\/logo\/image\/","url":"https:\/\/mokos.hu\/wp-content\/uploads\/2018\/11\/cropped-Mokos_Villanyi-Borvidek-Palkonya-1.png","contentUrl":"https:\/\/mokos.hu\/wp-content\/uploads\/2018\/11\/cropped-Mokos_Villanyi-Borvidek-Palkonya-1.png","width":1000,"height":245,"caption":"MOKOS"},"image":{"@id":"https:\/\/mokos.hu\/#\/schema\/logo\/image\/"}}]}},"_links":{"self":[{"href":"https:\/\/mokos.hu\/en\/wp-json\/wp\/v2\/product\/7842","targetHints":{"allow":["GET"]}}],"collection":[{"href":"https:\/\/mokos.hu\/en\/wp-json\/wp\/v2\/product"}],"about":[{"href":"https:\/\/mokos.hu\/en\/wp-json\/wp\/v2\/types\/product"}],"wp:featuredmedia":[{"embeddable":true,"href":"https:\/\/mokos.hu\/en\/wp-json\/wp\/v2\/media\/9911"}],"wp:attachment":[{"href":"https:\/\/mokos.hu\/en\/wp-json\/wp\/v2\/media?parent=7842"}],"wp:term":[{"taxonomy":"product_brand","embeddable":true,"href":"https:\/\/mokos.hu\/en\/wp-json\/wp\/v2\/product_brand?post=7842"},{"taxonomy":"product_cat","embeddable":true,"href":"https:\/\/mokos.hu\/en\/wp-json\/wp\/v2\/product_cat?post=7842"},{"taxonomy":"product_tag","embeddable":true,"href":"https:\/\/mokos.hu\/en\/wp-json\/wp\/v2\/product_tag?post=7842"}],"curies":[{"name":"wp","href":"https:\/\/api.w.org\/{rel}","templated":true}]}}