{"id":6280,"date":"2019-02-06T17:39:57","date_gmt":"2019-02-06T15:39:57","guid":{"rendered":"http:\/\/dev.vinolin.hu\/?post_type=product&#038;p=6280"},"modified":"2025-11-26T18:07:02","modified_gmt":"2025-11-26T16:07:02","slug":"malnabor-cider","status":"publish","type":"product","link":"https:\/\/mokos.hu\/en\/termek\/malnabor-gyumolcsbor\/","title":{"rendered":"Raspberry Wine"},"content":{"rendered":"<h5>MOCHA FRUIT WINE WITH THE FLAVOUR OF NATURE<\/h5>\n<p>In addition to the traditional Vill\u00e1ny red wines\u00a0<strong>fruit wine specialities<\/strong>\u00a0is also involved in the production of. Our aim is to introduce consumers to this wine speciality, which is still less widespread in Hungary. We consider it important that our fruit wines\u00a0<strong>made exclusively from fresh, juicy, domestically produced fruit<\/strong>\u00a0without the addition of water, colourings or flavourings.<\/p>\n<p><img fetchpriority=\"high\" decoding=\"async\" class=\"size-large wp-image-10275 aligncenter\" src=\"https:\/\/mokos.hu\/wp-content\/uploads\/2020\/08\/Mokos_Pinceszet_gyumolcsos_2000x645_4-1024x330.jpg\" alt=\"Mokos_Pinceszet_villanyiborvidek_palkonya_villanyiborok_gyumolcswein_gyumolcsos_malna_malnabor\" width=\"750\" height=\"242\" \/><\/p>\n<h5>DESSERT WINE FROM SUN-DRIED FRUIT<\/h5>\n<p>The raw material is selected from the finest fruits of our 45 hectares of orchards. The technology is very similar to that of classic grape fruit fermented wine: ripe fruit is harvested and immediately transported to the processor. The freshly picked fruit is destemmed shortly after harvesting, followed by fermentation in an oxygen-free environment to preserve the fresh flavours.<\/p>\n<p>Taste the flavour of nature in a bottle with Mokos Fruit Wine specialities<span style=\"color: #000000;\">: <a style=\"color: #000000;\" href=\"https:\/\/mokos.hu\/en\/rooms\/cherry-wine-fruit-wine\/\">Sour Cherry Wine<\/a>, <a style=\"color: #000000;\" href=\"https:\/\/mokos.hu\/en\/rooms\/strawberry-wine-apricot-wine-plum-wine\/\">Eperbor<\/a>, <a style=\"color: #000000;\" href=\"https:\/\/mokos.hu\/en\/rooms\/blackcurrant-wine-gum-wine\/\">Ribizlibor<\/a>, <a style=\"color: #000000;\" href=\"https:\/\/mokos.hu\/en\/rooms\/malnabor-cider\/\">Raspberry Wine<\/a>, <a style=\"color: #000000;\" href=\"https:\/\/mokos.hu\/en\/rooms\/cassis-wine-gum-wine\/\">Apricot Wine <\/a>or even <a href=\"https:\/\/mokos.hu\/en\/rooms\/bodzavirag-cider-bodzabor-premium-gum-wine\/\">Bodzavir\u00e1g Almabor<\/a>\u00a0<\/span>form too!<\/p>\n<p>Most of our fruit wines are sweet, but if you are a dry wine fan, try <span style=\"color: #000000;\"><a style=\"color: #000000;\" href=\"https:\/\/mokos.hu\/en\/rooms\/barrique-sour-cherry-wine\/\">our sour cherry wine aged in barrique barrels<\/a>!<\/span><\/p>","protected":false},"excerpt":{"rendered":"<h3><b>Magnificent raspberries<\/b><\/h3>\n<h4><em>sweet premium fruit wine<\/em><\/h4>\n<p>Our raspberry wine speciality is a small batch, a real curiosity! A fruit wine made from fresh, juicy raspberries. Thanks to the gentle winemaking technology, we have managed to bottle the delicious flavour and aroma of raspberries.<\/p>\n<p>Recommended consumption temperature: 7-10\u00b0C<\/p>\n<p>Capacity: 500 ml<\/p>\n<p>Unit price: 13.100 Ft\/litre<\/p>\n<p>Policies on ordering and purchasing <a href=\"https:\/\/mokos.hu\/en\/uzlet\/rules\/\">HERE<\/a> reaches.<\/p>","protected":false},"featured_media":21656,"template":"","meta":{"_acf_changed":false},"product_brand":[],"product_cat":[71],"product_tag":[152,153,116,201,202,117],"class_list":{"0":"post-6280","1":"product","2":"type-product","3":"status-publish","4":"has-post-thumbnail","6":"product_cat-mokos_gyumolcsborok","7":"product_tag-desszertbor","8":"product_tag-edes-bor","9":"product_tag-gyumolcsbor","10":"product_tag-malna","11":"product_tag-malnabor","12":"product_tag-mokos-gyumolcsbor","14":"first","15":"instock","16":"taxable","17":"shipping-taxable","18":"purchasable","19":"product-type-simple"},"acf":[],"yoast_head":"<!-- This site is optimized with the Yoast SEO plugin v27.1.1 - https:\/\/yoast.com\/product\/yoast-seo-wordpress\/ -->\n<title>M\u00e1lnabor - MOKOS Pr\u00e9mium Gy\u00fcm\u00f6lcsbor - \u00c9des - 0,5 L<\/title>\n<meta name=\"description\" content=\"M\u00e1lnabor: Palackba z\u00e1rtuk a M\u00e1lna zamat\u00e1t. K\u00f3stolja meg Mokos Gy\u00fcm\u00f6lcsbor k\u00fcl\u00f6nlegess\u00e9g\u00fcnket, mely egy val\u00f3di \u00edz\u00e9lm\u00e9nyt ny\u00fajt\u00f3 desszertbor!\" \/>\n<meta name=\"robots\" content=\"index, follow, max-snippet:-1, max-image-preview:large, max-video-preview:-1\" \/>\n<link rel=\"canonical\" href=\"https:\/\/mokos.hu\/en\/rooms\/malnabor-cider\/\" \/>\n<meta property=\"og:locale\" content=\"en_US\" \/>\n<meta property=\"og:type\" content=\"article\" \/>\n<meta property=\"og:title\" content=\"M\u00e1lnabor - MOKOS Pr\u00e9mium Gy\u00fcm\u00f6lcsbor - \u00c9des - 0,5 L\" \/>\n<meta property=\"og:description\" content=\"M\u00e1lnabor: Palackba z\u00e1rtuk a M\u00e1lna zamat\u00e1t. K\u00f3stolja meg Mokos Gy\u00fcm\u00f6lcsbor k\u00fcl\u00f6nlegess\u00e9g\u00fcnket, mely egy val\u00f3di \u00edz\u00e9lm\u00e9nyt ny\u00fajt\u00f3 desszertbor!\" \/>\n<meta property=\"og:url\" content=\"https:\/\/mokos.hu\/en\/rooms\/malnabor-cider\/\" \/>\n<meta property=\"og:site_name\" content=\"MOKOS\" \/>\n<meta property=\"article:modified_time\" content=\"2025-11-26T16:07:02+00:00\" \/>\n<meta property=\"og:image\" content=\"https:\/\/mokos.hu\/wp-content\/uploads\/2020\/11\/SToRY_PROMO_Malnabor.jpg\" \/>\n\t<meta property=\"og:image:width\" content=\"1080\" \/>\n\t<meta property=\"og:image:height\" content=\"1980\" \/>\n\t<meta property=\"og:image:type\" content=\"image\/jpeg\" \/>\n<meta name=\"twitter:card\" content=\"summary_large_image\" \/>\n<meta name=\"twitter:label1\" content=\"Est. reading time\" \/>\n\t<meta name=\"twitter:data1\" content=\"2 minutes\" \/>\n<script type=\"application\/ld+json\" class=\"yoast-schema-graph\">{\"@context\":\"https:\/\/schema.org\",\"@graph\":[{\"@type\":\"WebPage\",\"@id\":\"https:\/\/mokos.hu\/termek\/malnabor-gyumolcsbor\/\",\"url\":\"https:\/\/mokos.hu\/termek\/malnabor-gyumolcsbor\/\",\"name\":\"M\u00e1lnabor - MOKOS Pr\u00e9mium Gy\u00fcm\u00f6lcsbor - \u00c9des - 0,5 L\",\"isPartOf\":{\"@id\":\"https:\/\/mokos.hu\/#website\"},\"primaryImageOfPage\":{\"@id\":\"https:\/\/mokos.hu\/termek\/malnabor-gyumolcsbor\/#primaryimage\"},\"image\":{\"@id\":\"https:\/\/mokos.hu\/termek\/malnabor-gyumolcsbor\/#primaryimage\"},\"thumbnailUrl\":\"https:\/\/mokos.hu\/wp-content\/uploads\/2017\/04\/MOKOS_Malnabor_drs.png\",\"datePublished\":\"2019-02-06T15:39:57+00:00\",\"dateModified\":\"2025-11-26T16:07:02+00:00\",\"description\":\"M\u00e1lnabor: Palackba z\u00e1rtuk a M\u00e1lna zamat\u00e1t. K\u00f3stolja meg Mokos Gy\u00fcm\u00f6lcsbor k\u00fcl\u00f6nlegess\u00e9g\u00fcnket, mely egy val\u00f3di \u00edz\u00e9lm\u00e9nyt ny\u00fajt\u00f3 desszertbor!\",\"breadcrumb\":{\"@id\":\"https:\/\/mokos.hu\/termek\/malnabor-gyumolcsbor\/#breadcrumb\"},\"inLanguage\":\"en-US\",\"potentialAction\":[{\"@type\":\"ReadAction\",\"target\":[\"https:\/\/mokos.hu\/termek\/malnabor-gyumolcsbor\/\"]}]},{\"@type\":\"ImageObject\",\"inLanguage\":\"en-US\",\"@id\":\"https:\/\/mokos.hu\/termek\/malnabor-gyumolcsbor\/#primaryimage\",\"url\":\"https:\/\/mokos.hu\/wp-content\/uploads\/2017\/04\/MOKOS_Malnabor_drs.png\",\"contentUrl\":\"https:\/\/mokos.hu\/wp-content\/uploads\/2017\/04\/MOKOS_Malnabor_drs.png\",\"width\":2686,\"height\":4509},{\"@type\":\"BreadcrumbList\",\"@id\":\"https:\/\/mokos.hu\/termek\/malnabor-gyumolcsbor\/#breadcrumb\",\"itemListElement\":[{\"@type\":\"ListItem\",\"position\":1,\"name\":\"Home\",\"item\":\"https:\/\/mokos.hu\/\"},{\"@type\":\"ListItem\",\"position\":2,\"name\":\"Term\u00e9kek\",\"item\":\"https:\/\/mokos.hu\/shop\/\"},{\"@type\":\"ListItem\",\"position\":3,\"name\":\"M\u00e1lnabor\"}]},{\"@type\":\"WebSite\",\"@id\":\"https:\/\/mokos.hu\/#website\",\"url\":\"https:\/\/mokos.hu\/\",\"name\":\"MOKOS\",\"description\":\"Csal\u00e1di Pinc\u00e9szet, Palkonya\",\"publisher\":{\"@id\":\"https:\/\/mokos.hu\/#organization\"},\"potentialAction\":[{\"@type\":\"SearchAction\",\"target\":{\"@type\":\"EntryPoint\",\"urlTemplate\":\"https:\/\/mokos.hu\/?s={search_term_string}\"},\"query-input\":{\"@type\":\"PropertyValueSpecification\",\"valueRequired\":true,\"valueName\":\"search_term_string\"}}],\"inLanguage\":\"en-US\"},{\"@type\":\"Organization\",\"@id\":\"https:\/\/mokos.hu\/#organization\",\"name\":\"MOKOS\",\"url\":\"https:\/\/mokos.hu\/\",\"logo\":{\"@type\":\"ImageObject\",\"inLanguage\":\"en-US\",\"@id\":\"https:\/\/mokos.hu\/#\/schema\/logo\/image\/\",\"url\":\"https:\/\/mokos.hu\/wp-content\/uploads\/2018\/11\/cropped-Mokos_Villanyi-Borvidek-Palkonya-1.png\",\"contentUrl\":\"https:\/\/mokos.hu\/wp-content\/uploads\/2018\/11\/cropped-Mokos_Villanyi-Borvidek-Palkonya-1.png\",\"width\":1000,\"height\":245,\"caption\":\"MOKOS\"},\"image\":{\"@id\":\"https:\/\/mokos.hu\/#\/schema\/logo\/image\/\"}}]}<\/script>\n<!-- \/ Yoast SEO plugin. -->","yoast_head_json":{"title":"M\u00e1lnabor - MOKOS Premium Fruit Wine - Sweet - 0,5 L","description":"Raspberry Cider: we have bottled the flavour of Raspberry. Try our Mokos Fruit Wine speciality, a real taste sensation in a dessert wine!","robots":{"index":"index","follow":"follow","max-snippet":"max-snippet:-1","max-image-preview":"max-image-preview:large","max-video-preview":"max-video-preview:-1"},"canonical":"https:\/\/mokos.hu\/en\/rooms\/malnabor-cider\/","og_locale":"en_US","og_type":"article","og_title":"M\u00e1lnabor - MOKOS Pr\u00e9mium Gy\u00fcm\u00f6lcsbor - \u00c9des - 0,5 L","og_description":"M\u00e1lnabor: Palackba z\u00e1rtuk a M\u00e1lna zamat\u00e1t. K\u00f3stolja meg Mokos Gy\u00fcm\u00f6lcsbor k\u00fcl\u00f6nlegess\u00e9g\u00fcnket, mely egy val\u00f3di \u00edz\u00e9lm\u00e9nyt ny\u00fajt\u00f3 desszertbor!","og_url":"https:\/\/mokos.hu\/en\/rooms\/malnabor-cider\/","og_site_name":"MOKOS","article_modified_time":"2025-11-26T16:07:02+00:00","og_image":[{"width":1080,"height":1980,"url":"https:\/\/mokos.hu\/wp-content\/uploads\/2020\/11\/SToRY_PROMO_Malnabor.jpg","type":"image\/jpeg"}],"twitter_card":"summary_large_image","twitter_misc":{"Est. reading time":"2 minutes"},"schema":{"@context":"https:\/\/schema.org","@graph":[{"@type":"WebPage","@id":"https:\/\/mokos.hu\/termek\/malnabor-gyumolcsbor\/","url":"https:\/\/mokos.hu\/termek\/malnabor-gyumolcsbor\/","name":"M\u00e1lnabor - MOKOS Premium Fruit Wine - Sweet - 0,5 L","isPartOf":{"@id":"https:\/\/mokos.hu\/#website"},"primaryImageOfPage":{"@id":"https:\/\/mokos.hu\/termek\/malnabor-gyumolcsbor\/#primaryimage"},"image":{"@id":"https:\/\/mokos.hu\/termek\/malnabor-gyumolcsbor\/#primaryimage"},"thumbnailUrl":"https:\/\/mokos.hu\/wp-content\/uploads\/2017\/04\/MOKOS_Malnabor_drs.png","datePublished":"2019-02-06T15:39:57+00:00","dateModified":"2025-11-26T16:07:02+00:00","description":"Raspberry Cider: we have bottled the flavour of Raspberry. Try our Mokos Fruit Wine speciality, a real taste sensation in a dessert wine!","breadcrumb":{"@id":"https:\/\/mokos.hu\/termek\/malnabor-gyumolcsbor\/#breadcrumb"},"inLanguage":"en-US","potentialAction":[{"@type":"ReadAction","target":["https:\/\/mokos.hu\/termek\/malnabor-gyumolcsbor\/"]}]},{"@type":"ImageObject","inLanguage":"en-US","@id":"https:\/\/mokos.hu\/termek\/malnabor-gyumolcsbor\/#primaryimage","url":"https:\/\/mokos.hu\/wp-content\/uploads\/2017\/04\/MOKOS_Malnabor_drs.png","contentUrl":"https:\/\/mokos.hu\/wp-content\/uploads\/2017\/04\/MOKOS_Malnabor_drs.png","width":2686,"height":4509},{"@type":"BreadcrumbList","@id":"https:\/\/mokos.hu\/termek\/malnabor-gyumolcsbor\/#breadcrumb","itemListElement":[{"@type":"ListItem","position":1,"name":"Home","item":"https:\/\/mokos.hu\/"},{"@type":"ListItem","position":2,"name":"Term\u00e9kek","item":"https:\/\/mokos.hu\/shop\/"},{"@type":"ListItem","position":3,"name":"M\u00e1lnabor"}]},{"@type":"WebSite","@id":"https:\/\/mokos.hu\/#website","url":"https:\/\/mokos.hu\/","name":"MOKOS","description":"Family Winery, Palkonya","publisher":{"@id":"https:\/\/mokos.hu\/#organization"},"potentialAction":[{"@type":"SearchAction","target":{"@type":"EntryPoint","urlTemplate":"https:\/\/mokos.hu\/?s={search_term_string}"},"query-input":{"@type":"PropertyValueSpecification","valueRequired":true,"valueName":"search_term_string"}}],"inLanguage":"en-US"},{"@type":"Organization","@id":"https:\/\/mokos.hu\/#organization","name":"MOKOS","url":"https:\/\/mokos.hu\/","logo":{"@type":"ImageObject","inLanguage":"en-US","@id":"https:\/\/mokos.hu\/#\/schema\/logo\/image\/","url":"https:\/\/mokos.hu\/wp-content\/uploads\/2018\/11\/cropped-Mokos_Villanyi-Borvidek-Palkonya-1.png","contentUrl":"https:\/\/mokos.hu\/wp-content\/uploads\/2018\/11\/cropped-Mokos_Villanyi-Borvidek-Palkonya-1.png","width":1000,"height":245,"caption":"MOKOS"},"image":{"@id":"https:\/\/mokos.hu\/#\/schema\/logo\/image\/"}}]}},"_links":{"self":[{"href":"https:\/\/mokos.hu\/en\/wp-json\/wp\/v2\/product\/6280","targetHints":{"allow":["GET"]}}],"collection":[{"href":"https:\/\/mokos.hu\/en\/wp-json\/wp\/v2\/product"}],"about":[{"href":"https:\/\/mokos.hu\/en\/wp-json\/wp\/v2\/types\/product"}],"wp:featuredmedia":[{"embeddable":true,"href":"https:\/\/mokos.hu\/en\/wp-json\/wp\/v2\/media\/21656"}],"wp:attachment":[{"href":"https:\/\/mokos.hu\/en\/wp-json\/wp\/v2\/media?parent=6280"}],"wp:term":[{"taxonomy":"product_brand","embeddable":true,"href":"https:\/\/mokos.hu\/en\/wp-json\/wp\/v2\/product_brand?post=6280"},{"taxonomy":"product_cat","embeddable":true,"href":"https:\/\/mokos.hu\/en\/wp-json\/wp\/v2\/product_cat?post=6280"},{"taxonomy":"product_tag","embeddable":true,"href":"https:\/\/mokos.hu\/en\/wp-json\/wp\/v2\/product_tag?post=6280"}],"curies":[{"name":"wp","href":"https:\/\/api.w.org\/{rel}","templated":true}]}}