{"id":6278,"date":"2019-02-06T17:21:03","date_gmt":"2019-02-06T15:21:03","guid":{"rendered":"http:\/\/dev.vinolin.hu\/?post_type=product&#038;p=6278"},"modified":"2024-09-24T10:44:05","modified_gmt":"2024-09-24T08:44:05","slug":"piros-ribizli-bor-gyumolcsbor","status":"publish","type":"product","link":"https:\/\/mokos.hu\/en\/termek\/piros-ribizli-bor-gyumolcsbor\/","title":{"rendered":"Pirosribizli bor"},"content":{"rendered":"<h5>MOCHA FRUIT WINE WITH THE FLAVOUR OF NATURE<\/h5>\n<p>In addition to the traditional Vill\u00e1ny red wines\u00a0<strong>fruit wine specialities<\/strong>\u00a0is also involved in the production of. Our aim is to introduce consumers to this wine speciality, which is still less widespread in Hungary. We consider it important that our fruit wines\u00a0<strong>made exclusively from fresh, juicy, domestically produced fruit<\/strong>\u00a0without the addition of water, colourings or flavourings.<\/p>\n<p><img fetchpriority=\"high\" decoding=\"async\" class=\"size-large wp-image-10272 aligncenter\" src=\"https:\/\/mokos.hu\/wp-content\/uploads\/2020\/08\/Mokos_Pinceszet_gyumolcsos_2000x645_1-1024x330.jpg\" alt=\"Mokos_Pinceszet_villanyiborvidek_palkonya_villanyiborok_villanyiborok_gyumolcscsos_gyumolcsos_ribizli_pirosribizli_ribizlibor_pirosribizlibor\" width=\"750\" height=\"242\" \/><\/p>\n<h5>DESSERT WINE FROM SUN-DRIED FRUIT<\/h5>\n<p>The raw material is selected from the finest fruits of our 45 hectares of orchards. The technology is very similar to that of classic grape fruit fermented wine: ripe fruit is harvested and immediately transported to the processor. The freshly picked fruit is destemmed within 20 minutes of harvesting, followed by fermentation in an oxygen-free environment to preserve the fresh flavours.<\/p>\n<p>Taste the flavour of nature in a bottle with Mokos Fruit Wine specialities<span style=\"color: #000000;\">: <a style=\"color: #000000;\" href=\"https:\/\/mokos.hu\/en\/rooms\/cherry-wine-fruit-wine\/\">Sour Cherry Wine<\/a>, <a style=\"color: #000000;\" href=\"https:\/\/mokos.hu\/en\/rooms\/strawberry-wine-apricot-wine-plum-wine\/\">Eperbor<\/a>, <a style=\"color: #000000;\" href=\"https:\/\/mokos.hu\/en\/rooms\/blackcurrant-wine-gum-wine\/\">Ribizlibor<\/a>, <a style=\"color: #000000;\" href=\"https:\/\/mokos.hu\/en\/rooms\/malnabor-cider\/\">Raspberry Wine<\/a>, <a style=\"color: #000000;\" href=\"https:\/\/mokos.hu\/en\/rooms\/cassis-wine-gum-wine\/\">Apricot Wine<\/a>, <a style=\"color: #000000;\" href=\"https:\/\/mokos.hu\/en\/rooms\/blackberry-wine-gum-wine\/\">Blackberry wine<\/a>, <a style=\"color: #000000;\" href=\"https:\/\/mokos.hu\/en\/rooms\/plum-cider-cider\/\">Silvab<\/a>, <a style=\"color: #000000;\" href=\"https:\/\/mokos.hu\/en\/rooms\/fuszeres-cider-cider\/\">Almabor<\/a> or even <a style=\"color: #000000;\" href=\"https:\/\/mokos.hu\/en\/rooms\/quince-bran-cider-cider\/\">Quince-apple-pear hybridisation<\/a> <\/span>form too!<\/p>\n<p>Most of our fruit wines are sweet, but if you are a dry wine fan, try <span style=\"color: #000000;\"><a style=\"color: #000000;\" href=\"https:\/\/mokos.hu\/en\/rooms\/barrique-sour-cherry-wine\/\">our sour cherry wine aged in barrique barrels<\/a>!<\/span><\/p>","protected":false},"excerpt":{"rendered":"<h4><b>a ny\u00e1r zamata<\/b><\/h4>\n<p>Ribizlibor k\u00fcl\u00f6nlegess\u00e9g\u00fcnket a gy\u00fcm\u00f6lcsre is jellemz\u0151 fanyark\u00e1s \u00edz \u00e9s j\u00e1t\u00e9kos savak jellemzik. Kellemes rubinv\u00f6r\u00f6s sz\u00edn\u0171 \u00e9des gy\u00fcm\u00f6lcsbor.<\/p>\n<p>Recommended consumption temperature: 7-10\u00b0C<\/p>\n<p>Capacity: 500 ml<\/p>\n<p>Egys\u00e9g\u00e1r: 6.980 Ft\/liter<\/p>\n<p>Policies on ordering and purchasing <a href=\"https:\/\/mokos.hu\/en\/uzlet\/rules\/\">HERE<\/a> reaches.<\/p>","protected":false},"featured_media":16213,"template":"","meta":{"_acf_changed":false},"product_brand":[],"product_cat":[71],"product_tag":[169,153,116,117,167,168,165,166],"class_list":{"0":"post-6278","1":"product","2":"type-product","3":"status-publish","4":"has-post-thumbnail","6":"product_cat-mokos_gyumolcsborok","7":"product_tag-desszerbor","8":"product_tag-edes-bor","9":"product_tag-gyumolcsbor","10":"product_tag-mokos-gyumolcsbor","11":"product_tag-pirosribizli","12":"product_tag-pirosribizli-bor","13":"product_tag-ribizli","14":"product_tag-ribizlibor","16":"first","17":"outofstock","18":"taxable","19":"shipping-taxable","20":"purchasable","21":"product-type-simple"},"acf":[],"yoast_head":"<!-- This site is optimized with the Yoast SEO plugin v27.1.1 - https:\/\/yoast.com\/product\/yoast-seo-wordpress\/ -->\n<title>Pirosribizli bor - MOKOS Pr\u00e9mium Gy\u00fcm\u00f6lcsbor - \u00c9des - 0,5 L<\/title>\n<meta name=\"description\" content=\"Pirosribizli Gy\u00fcm\u00f6lcsbor: K\u00f3stolja meg \u00d6n is desszertbor k\u00fcl\u00f6nlegess\u00e9g\u00fcnket \u00e9s \u00e9lvezze a term\u00e9szet zamatait! Mokos Ribizlibor - www.mokos.hu\" \/>\n<meta name=\"robots\" content=\"index, follow, max-snippet:-1, max-image-preview:large, max-video-preview:-1\" \/>\n<link rel=\"canonical\" href=\"https:\/\/mokos.hu\/en\/rooms\/piros-ribizli-bor-gyumolcsbor\/\" \/>\n<meta property=\"og:locale\" content=\"en_US\" \/>\n<meta property=\"og:type\" content=\"article\" \/>\n<meta property=\"og:title\" content=\"Pirosribizli bor - MOKOS Pr\u00e9mium Gy\u00fcm\u00f6lcsbor - \u00c9des - 0,5 L\" \/>\n<meta property=\"og:description\" content=\"Pirosribizli Gy\u00fcm\u00f6lcsbor: K\u00f3stolja meg \u00d6n is desszertbor k\u00fcl\u00f6nlegess\u00e9g\u00fcnket \u00e9s \u00e9lvezze a term\u00e9szet zamatait! Mokos Ribizlibor - www.mokos.hu\" \/>\n<meta property=\"og:url\" content=\"https:\/\/mokos.hu\/en\/rooms\/piros-ribizli-bor-gyumolcsbor\/\" \/>\n<meta property=\"og:site_name\" content=\"MOKOS\" \/>\n<meta property=\"article:modified_time\" content=\"2024-09-24T08:44:05+00:00\" \/>\n<meta property=\"og:image\" content=\"https:\/\/mokos.hu\/wp-content\/uploads\/2017\/04\/Mokos_Pinceszet_gyumolcsbor_ribizli_ribizlibor_pirosribizlibor_2-e1600675598843.jpg\" \/>\n\t<meta property=\"og:image:width\" content=\"400\" \/>\n\t<meta property=\"og:image:height\" content=\"400\" \/>\n\t<meta property=\"og:image:type\" content=\"image\/jpeg\" \/>\n<meta name=\"twitter:card\" content=\"summary_large_image\" \/>\n<meta name=\"twitter:label1\" content=\"Est. reading time\" \/>\n\t<meta name=\"twitter:data1\" content=\"1 minute\" \/>\n<script type=\"application\/ld+json\" class=\"yoast-schema-graph\">{\"@context\":\"https:\/\/schema.org\",\"@graph\":[{\"@type\":\"WebPage\",\"@id\":\"https:\/\/mokos.hu\/termek\/piros-ribizli-bor-gyumolcsbor\/\",\"url\":\"https:\/\/mokos.hu\/termek\/piros-ribizli-bor-gyumolcsbor\/\",\"name\":\"Pirosribizli bor - MOKOS Pr\u00e9mium Gy\u00fcm\u00f6lcsbor - \u00c9des - 0,5 L\",\"isPartOf\":{\"@id\":\"https:\/\/mokos.hu\/#website\"},\"primaryImageOfPage\":{\"@id\":\"https:\/\/mokos.hu\/termek\/piros-ribizli-bor-gyumolcsbor\/#primaryimage\"},\"image\":{\"@id\":\"https:\/\/mokos.hu\/termek\/piros-ribizli-bor-gyumolcsbor\/#primaryimage\"},\"thumbnailUrl\":\"https:\/\/mokos.hu\/wp-content\/uploads\/2022\/02\/PRIBI_web.png\",\"datePublished\":\"2019-02-06T15:21:03+00:00\",\"dateModified\":\"2024-09-24T08:44:05+00:00\",\"description\":\"Pirosribizli Gy\u00fcm\u00f6lcsbor: K\u00f3stolja meg \u00d6n is desszertbor k\u00fcl\u00f6nlegess\u00e9g\u00fcnket \u00e9s \u00e9lvezze a term\u00e9szet zamatait! Mokos Ribizlibor - www.mokos.hu\",\"breadcrumb\":{\"@id\":\"https:\/\/mokos.hu\/termek\/piros-ribizli-bor-gyumolcsbor\/#breadcrumb\"},\"inLanguage\":\"en-US\",\"potentialAction\":[{\"@type\":\"ReadAction\",\"target\":[\"https:\/\/mokos.hu\/termek\/piros-ribizli-bor-gyumolcsbor\/\"]}]},{\"@type\":\"ImageObject\",\"inLanguage\":\"en-US\",\"@id\":\"https:\/\/mokos.hu\/termek\/piros-ribizli-bor-gyumolcsbor\/#primaryimage\",\"url\":\"https:\/\/mokos.hu\/wp-content\/uploads\/2022\/02\/PRIBI_web.png\",\"contentUrl\":\"https:\/\/mokos.hu\/wp-content\/uploads\/2022\/02\/PRIBI_web.png\",\"width\":700,\"height\":1175,\"caption\":\"Mokos_Pinceszet_Villanyi_Borvidek_Palkonya_premium_gyumolcsbor_hazai_termek_ribizli_ribizlibor_pirosribizli_pirosribizlibor\"},{\"@type\":\"BreadcrumbList\",\"@id\":\"https:\/\/mokos.hu\/termek\/piros-ribizli-bor-gyumolcsbor\/#breadcrumb\",\"itemListElement\":[{\"@type\":\"ListItem\",\"position\":1,\"name\":\"Home\",\"item\":\"https:\/\/mokos.hu\/\"},{\"@type\":\"ListItem\",\"position\":2,\"name\":\"Term\u00e9kek\",\"item\":\"https:\/\/mokos.hu\/shop\/\"},{\"@type\":\"ListItem\",\"position\":3,\"name\":\"Pirosribizli bor\"}]},{\"@type\":\"WebSite\",\"@id\":\"https:\/\/mokos.hu\/#website\",\"url\":\"https:\/\/mokos.hu\/\",\"name\":\"MOKOS\",\"description\":\"Csal\u00e1di Pinc\u00e9szet, Palkonya\",\"publisher\":{\"@id\":\"https:\/\/mokos.hu\/#organization\"},\"potentialAction\":[{\"@type\":\"SearchAction\",\"target\":{\"@type\":\"EntryPoint\",\"urlTemplate\":\"https:\/\/mokos.hu\/?s={search_term_string}\"},\"query-input\":{\"@type\":\"PropertyValueSpecification\",\"valueRequired\":true,\"valueName\":\"search_term_string\"}}],\"inLanguage\":\"en-US\"},{\"@type\":\"Organization\",\"@id\":\"https:\/\/mokos.hu\/#organization\",\"name\":\"MOKOS\",\"url\":\"https:\/\/mokos.hu\/\",\"logo\":{\"@type\":\"ImageObject\",\"inLanguage\":\"en-US\",\"@id\":\"https:\/\/mokos.hu\/#\/schema\/logo\/image\/\",\"url\":\"https:\/\/mokos.hu\/wp-content\/uploads\/2018\/11\/cropped-Mokos_Villanyi-Borvidek-Palkonya-1.png\",\"contentUrl\":\"https:\/\/mokos.hu\/wp-content\/uploads\/2018\/11\/cropped-Mokos_Villanyi-Borvidek-Palkonya-1.png\",\"width\":1000,\"height\":245,\"caption\":\"MOKOS\"},\"image\":{\"@id\":\"https:\/\/mokos.hu\/#\/schema\/logo\/image\/\"}}]}<\/script>\n<!-- \/ Yoast SEO plugin. -->","yoast_head_json":{"title":"Pirosribizli bor - MOKOS Pr\u00e9mium Gy\u00fcm\u00f6lcsbor - \u00c9des - 0,5 L","description":"Pirosribizli Gy\u00fcm\u00f6lcsbor: K\u00f3stolja meg \u00d6n is desszertbor k\u00fcl\u00f6nlegess\u00e9g\u00fcnket \u00e9s \u00e9lvezze a term\u00e9szet zamatait! Mokos Ribizlibor - www.mokos.hu","robots":{"index":"index","follow":"follow","max-snippet":"max-snippet:-1","max-image-preview":"max-image-preview:large","max-video-preview":"max-video-preview:-1"},"canonical":"https:\/\/mokos.hu\/en\/rooms\/piros-ribizli-bor-gyumolcsbor\/","og_locale":"en_US","og_type":"article","og_title":"Pirosribizli bor - MOKOS Pr\u00e9mium Gy\u00fcm\u00f6lcsbor - \u00c9des - 0,5 L","og_description":"Pirosribizli Gy\u00fcm\u00f6lcsbor: K\u00f3stolja meg \u00d6n is desszertbor k\u00fcl\u00f6nlegess\u00e9g\u00fcnket \u00e9s \u00e9lvezze a term\u00e9szet zamatait! Mokos Ribizlibor - www.mokos.hu","og_url":"https:\/\/mokos.hu\/en\/rooms\/piros-ribizli-bor-gyumolcsbor\/","og_site_name":"MOKOS","article_modified_time":"2024-09-24T08:44:05+00:00","og_image":[{"width":400,"height":400,"url":"https:\/\/mokos.hu\/wp-content\/uploads\/2017\/04\/Mokos_Pinceszet_gyumolcsbor_ribizli_ribizlibor_pirosribizlibor_2-e1600675598843.jpg","type":"image\/jpeg"}],"twitter_card":"summary_large_image","twitter_misc":{"Est. reading time":"1 minute"},"schema":{"@context":"https:\/\/schema.org","@graph":[{"@type":"WebPage","@id":"https:\/\/mokos.hu\/termek\/piros-ribizli-bor-gyumolcsbor\/","url":"https:\/\/mokos.hu\/termek\/piros-ribizli-bor-gyumolcsbor\/","name":"Pirosribizli bor - MOKOS Pr\u00e9mium Gy\u00fcm\u00f6lcsbor - \u00c9des - 0,5 L","isPartOf":{"@id":"https:\/\/mokos.hu\/#website"},"primaryImageOfPage":{"@id":"https:\/\/mokos.hu\/termek\/piros-ribizli-bor-gyumolcsbor\/#primaryimage"},"image":{"@id":"https:\/\/mokos.hu\/termek\/piros-ribizli-bor-gyumolcsbor\/#primaryimage"},"thumbnailUrl":"https:\/\/mokos.hu\/wp-content\/uploads\/2022\/02\/PRIBI_web.png","datePublished":"2019-02-06T15:21:03+00:00","dateModified":"2024-09-24T08:44:05+00:00","description":"Pirosribizli Gy\u00fcm\u00f6lcsbor: K\u00f3stolja meg \u00d6n is desszertbor k\u00fcl\u00f6nlegess\u00e9g\u00fcnket \u00e9s \u00e9lvezze a term\u00e9szet zamatait! Mokos Ribizlibor - www.mokos.hu","breadcrumb":{"@id":"https:\/\/mokos.hu\/termek\/piros-ribizli-bor-gyumolcsbor\/#breadcrumb"},"inLanguage":"en-US","potentialAction":[{"@type":"ReadAction","target":["https:\/\/mokos.hu\/termek\/piros-ribizli-bor-gyumolcsbor\/"]}]},{"@type":"ImageObject","inLanguage":"en-US","@id":"https:\/\/mokos.hu\/termek\/piros-ribizli-bor-gyumolcsbor\/#primaryimage","url":"https:\/\/mokos.hu\/wp-content\/uploads\/2022\/02\/PRIBI_web.png","contentUrl":"https:\/\/mokos.hu\/wp-content\/uploads\/2022\/02\/PRIBI_web.png","width":700,"height":1175,"caption":"Mokos_Pinceszet_Villanyi_Borvidek_Palkonya_premium_gyumolcsbor_hazai_termek_ribizli_ribizlibor_pirosribizli_pirosribizlibor"},{"@type":"BreadcrumbList","@id":"https:\/\/mokos.hu\/termek\/piros-ribizli-bor-gyumolcsbor\/#breadcrumb","itemListElement":[{"@type":"ListItem","position":1,"name":"Home","item":"https:\/\/mokos.hu\/"},{"@type":"ListItem","position":2,"name":"Term\u00e9kek","item":"https:\/\/mokos.hu\/shop\/"},{"@type":"ListItem","position":3,"name":"Pirosribizli bor"}]},{"@type":"WebSite","@id":"https:\/\/mokos.hu\/#website","url":"https:\/\/mokos.hu\/","name":"MOKOS","description":"Family Winery, Palkonya","publisher":{"@id":"https:\/\/mokos.hu\/#organization"},"potentialAction":[{"@type":"SearchAction","target":{"@type":"EntryPoint","urlTemplate":"https:\/\/mokos.hu\/?s={search_term_string}"},"query-input":{"@type":"PropertyValueSpecification","valueRequired":true,"valueName":"search_term_string"}}],"inLanguage":"en-US"},{"@type":"Organization","@id":"https:\/\/mokos.hu\/#organization","name":"MOKOS","url":"https:\/\/mokos.hu\/","logo":{"@type":"ImageObject","inLanguage":"en-US","@id":"https:\/\/mokos.hu\/#\/schema\/logo\/image\/","url":"https:\/\/mokos.hu\/wp-content\/uploads\/2018\/11\/cropped-Mokos_Villanyi-Borvidek-Palkonya-1.png","contentUrl":"https:\/\/mokos.hu\/wp-content\/uploads\/2018\/11\/cropped-Mokos_Villanyi-Borvidek-Palkonya-1.png","width":1000,"height":245,"caption":"MOKOS"},"image":{"@id":"https:\/\/mokos.hu\/#\/schema\/logo\/image\/"}}]}},"_links":{"self":[{"href":"https:\/\/mokos.hu\/en\/wp-json\/wp\/v2\/product\/6278","targetHints":{"allow":["GET"]}}],"collection":[{"href":"https:\/\/mokos.hu\/en\/wp-json\/wp\/v2\/product"}],"about":[{"href":"https:\/\/mokos.hu\/en\/wp-json\/wp\/v2\/types\/product"}],"wp:featuredmedia":[{"embeddable":true,"href":"https:\/\/mokos.hu\/en\/wp-json\/wp\/v2\/media\/16213"}],"wp:attachment":[{"href":"https:\/\/mokos.hu\/en\/wp-json\/wp\/v2\/media?parent=6278"}],"wp:term":[{"taxonomy":"product_brand","embeddable":true,"href":"https:\/\/mokos.hu\/en\/wp-json\/wp\/v2\/product_brand?post=6278"},{"taxonomy":"product_cat","embeddable":true,"href":"https:\/\/mokos.hu\/en\/wp-json\/wp\/v2\/product_cat?post=6278"},{"taxonomy":"product_tag","embeddable":true,"href":"https:\/\/mokos.hu\/en\/wp-json\/wp\/v2\/product_tag?post=6278"}],"curies":[{"name":"wp","href":"https:\/\/api.w.org\/{rel}","templated":true}]}}