{"id":29742,"date":"2026-02-17T16:21:43","date_gmt":"2026-02-17T14:21:43","guid":{"rendered":"https:\/\/mokos.hu\/?post_type=product&#038;p=29742"},"modified":"2026-04-15T08:51:46","modified_gmt":"2026-04-15T06:51:46","slug":"husveti-csokor-gyumolcsbor-valogatas-2026","status":"publish","type":"product","link":"https:\/\/mokos.hu\/en\/termek\/husveti-csokor-gyumolcsbor-valogatas-2026\/","title":{"rendered":"Easter Bouquet Fruit Wine Selection"},"content":{"rendered":"<h5>MOCHA FRUIT WINE WITH THE FLAVOUR OF NATURE<\/h5>\n<p>In addition to the traditional Vill\u00e1ny red wines\u00a0<strong>fruit wine specialities<\/strong>\u00a0is also involved in the production of. Our aim is to introduce consumers to this wine speciality, which is still less widespread in Hungary. We consider it important that our fruit wines\u00a0<strong>made exclusively from fresh, juicy, domestically produced fruit<\/strong>\u00a0without the addition of water, colourings or flavourings.<\/p>\n<p><img fetchpriority=\"high\" decoding=\"async\" class=\"wp-image-6247 size-large aligncenter\" src=\"https:\/\/mokos.hu\/wp-content\/uploads\/2019\/02\/Mokos_Pinceszet_gyumolcsborok_2000x645-1024x330.jpg\" alt=\"Mokos_Pinceszet_gum_wine_cider_cider_straw_pepper_cider_cider_cider_cider_malnabor_2000x645\" width=\"750\" height=\"242\" \/><\/p>\n<h5>DESSERT WINE FROM SUN-DRIED FRUIT<\/h5>\n<p>The raw material is selected from the finest fruits of our 45 hectares of orchards. The technology is very similar to that of classic grape fruit fermented wine: ripe fruit is harvested and immediately transported to the processor. The freshly picked fruit is destemmed within 20 minutes of harvesting, followed by fermentation in an oxygen-free environment to preserve the fresh flavours.<\/p>\n<p>Taste the flavour of nature in a bottle with the Mokos Fruit Wine specialities:\u00a0<a href=\"https:\/\/mokos.hu\/en\/rooms\/cherry-wine-fruit-wine\/\">Sour Cherry Wine<\/a>,\u00a0<a href=\"https:\/\/mokos.hu\/en\/rooms\/strawberry-wine-apricot-wine-plum-wine\/\">Eperbor<\/a>,\u00a0<a href=\"https:\/\/mokos.hu\/en\/rooms\/blackcurrant-wine-gum-wine\/\">Ribizlibor<\/a>,\u00a0<a href=\"https:\/\/mokos.hu\/en\/rooms\/malnabor-cider\/\">Raspberry Wine<\/a>,\u00a0<a href=\"https:\/\/mokos.hu\/en\/rooms\/cassis-wine-gum-wine\/\">Apricot Wine<\/a>,<a href=\"https:\/\/mokos.hu\/en\/rooms\/bodzavirag-cider-bodzabor-premium-gum-wine\/\"> Strawflower and cider<\/a>\u00a0form too!<\/p>\n<p>Most of our fruit wines are sweet, but if you are a dry wine fan, try\u00a0<a href=\"https:\/\/mokos.hu\/en\/rooms\/barrique-sour-cherry-wine\/\">our speciality cherry wine aged in barrique barrels<\/a>!<\/p>","protected":false},"excerpt":{"rendered":"<h3>The best flavours of spring in a selection!<\/h3>\n<h4><em>3 bottles of premium fruit wine now with a free Mokos Corkscrew<\/em><\/h4>\n<p><strong>This year, make the festive table magical with the refreshing aromas of nature!<\/strong> A H\u00fasv\u00e9ti Csokor gy\u00fcm\u00f6lcsbor csomag a tavasz legszebb \u00e1rnyalatait rejti: az \u00f6ssze\u00e1ll\u00edt\u00e1sunkban tal\u00e1lhat\u00f3 100%-ban hazai gy\u00fcm\u00f6lcsb\u0151l k\u00e9sz\u00fclt desszertboraink k\u00f6z\u00f6tt megtal\u00e1lod a harmonikus \u00e9s friss\u00edt\u0151\u00a0 Nektarinbort,\u00a0 a vir\u00e1gos \u00e9s k\u00f6nnyed Bodzavir\u00e1g \u00e9s Almabort, valamint a napf\u00e9nyben \u00e9rlelt b\u00e1rsonyoss\u00e1got, a Kajszibort.<\/p>\n<p>Enjoy the spring in every sip!<\/p>\n<p>Our carefully selected discounted fruit wine package will make every festive moment a real experience.<\/p>\n<p><strong>Contents of the Easter Bouquet Fruit Wine Selection:<\/strong><\/p>\n<ul>\n<li>1 bottle <a href=\"https:\/\/mokos.hu\/en\/rooms\/bodzavirag-cider-bodzabor-premium-gum-wine\/\">Elderflower and Cider (0,5 L) - premium sweet fruit wine <\/a><em>- Try it with apple pie!<\/em><\/li>\n<li>1 bottle <a href=\"https:\/\/mokos.hu\/en\/rooms\/nectarine-wine-premium-fruit-wine\/\">Nektarinbor (0,5 L) \u2013 pr\u00e9mium \u00e9des gy\u00fcm\u00f6lcsbor<\/a><em> &#8211; barackos s\u00fctem\u00e9nyek mell\u00e9 k\u00edn\u00e1ld!<\/em><\/li>\n<li>1 bottle <a href=\"https:\/\/mokos.hu\/en\/rooms\/cassis-wine-gum-wine\/\">Kajszibor (0,5 L) - premium sweet fruit wine<\/a> <em>- crab cottage cheese is an essential companion!<\/em><\/li>\n<li><strong>1 GIFT Mokos Plug Puller<\/strong><\/li>\n<\/ul>\n<ul>\n<li style=\"list-style-type: none;\">\n<ul>\n<li>Total value of the package: 14.990.- Ft<\/li>\n<li>Discounted value of the package: 11.490.- Ft<\/li>\n<\/ul>\n<\/li>\n<\/ul>\n<p>The contents of the wine package cannot be modified!<\/p>\n<p><strong>AKCI\u00d3S AJ\u00c1NLATUNK A K\u00c9SZLET EREJ\u00c9IG VAGY 2026. \u00c1PRILIS 10-IG, KIZ\u00c1R\u00d3LAG WEBSHOPUNKBAN \u00c9RV\u00c9NYES.\u00a0<\/strong><\/p>\n<p>Policies on ordering and purchasing\u00a0<a href=\"https:\/\/mokos.hu\/en\/uzlet\/rules\/\">HERE<\/a>\u00a0reaches.<\/p>\n<h6><\/h6>","protected":false},"featured_media":29741,"template":"","meta":{"_acf_changed":false},"product_brand":[],"product_cat":[72],"product_tag":[125,146,120,281,282,119,249,153,116,275,240,308,309,124,177,221,178,220,117,123,246,248,274],"class_list":{"0":"post-29742","1":"product","2":"type-product","3":"status-publish","4":"has-post-thumbnail","6":"product_cat-borcsomagok","7":"product_tag-mokoselmeny","8":"product_tag-ajandek","9":"product_tag-akcios-termek","10":"product_tag-bodza","11":"product_tag-bodzabor","12":"product_tag-borvalogatas","13":"product_tag-dugohuzo","14":"product_tag-edes-bor","15":"product_tag-gyumolcsbor","16":"product_tag-hazai-termek","17":"product_tag-husvet","18":"product_tag-husveti-borcsomag","19":"product_tag-husveti-gyumolcsbor-valogatas","20":"product_tag-izelmeny","21":"product_tag-kajszi","22":"product_tag-kajszibarack","23":"product_tag-kajszibor","24":"product_tag-meglepetes","25":"product_tag-mokos-gyumolcsbor","26":"product_tag-mokos-pinceszet","27":"product_tag-nektarin","28":"product_tag-nektarinbor","29":"product_tag-premium-termek","31":"first","32":"outofstock","33":"sale","34":"taxable","35":"shipping-taxable","36":"purchasable","37":"product-type-simple"},"acf":[],"yoast_head":"<!-- This site is optimized with the Yoast SEO plugin v27.1.1 - https:\/\/yoast.com\/product\/yoast-seo-wordpress\/ -->\n<title>H\u00fasv\u00e9ti Csokor Gy\u00fcm\u00f6lcsbor V\u00e1logat\u00e1s - MOKOS - T\u00f6k\u00e9letes AJ\u00c1ND\u00c9K<\/title>\n<meta name=\"description\" content=\"H\u00fasv\u00e9ti 3 palackos pr\u00e9mium gy\u00fcm\u00f6lcsbor \u00f6ssze\u00e1ll\u00edt\u00e1s, mely mell\u00e9 Mokos Dug\u00f3h\u00faz\u00f3t csomagolunk! | Borcsomag | Aj\u00e1nd\u00e9k | H\u00fasv\u00e9t\" \/>\n<meta name=\"robots\" content=\"index, follow, max-snippet:-1, max-image-preview:large, max-video-preview:-1\" \/>\n<link rel=\"canonical\" href=\"https:\/\/mokos.hu\/en\/rooms\/husveti-csokor-gyumolcsbor-valogatas-2026\/\" \/>\n<meta property=\"og:locale\" content=\"en_US\" \/>\n<meta property=\"og:type\" content=\"article\" \/>\n<meta property=\"og:title\" content=\"H\u00fasv\u00e9ti Csokor Gy\u00fcm\u00f6lcsbor V\u00e1logat\u00e1s Dug\u00f3h\u00faz\u00f3val! - Mokos Pinc\u00e9szet\" \/>\n<meta property=\"og:description\" content=\"H\u00fasv\u00e9ti 3 palackos pr\u00e9mium gy\u00fcm\u00f6lcsbor \u00f6ssze\u00e1ll\u00edt\u00e1s, mely mell\u00e9 Mokos Dug\u00f3h\u00faz\u00f3t csomagolunk! | Borcsomag | Aj\u00e1nd\u00e9k\" \/>\n<meta property=\"og:url\" content=\"https:\/\/mokos.hu\/en\/rooms\/husveti-csokor-gyumolcsbor-valogatas-2026\/\" \/>\n<meta property=\"og:site_name\" content=\"MOKOS\" \/>\n<meta property=\"article:modified_time\" content=\"2026-04-15T06:51:46+00:00\" \/>\n<meta property=\"og:image\" content=\"https:\/\/mokos.hu\/wp-content\/uploads\/2025\/04\/HUSVETI_AJANLAT_1200x1200-2025-1-1.jpg\" \/>\n\t<meta property=\"og:image:width\" content=\"1200\" \/>\n\t<meta property=\"og:image:height\" content=\"1200\" \/>\n\t<meta property=\"og:image:type\" content=\"image\/jpeg\" \/>\n<meta name=\"twitter:card\" content=\"summary_large_image\" \/>\n<meta name=\"twitter:label1\" content=\"Est. reading time\" \/>\n\t<meta name=\"twitter:data1\" content=\"2 minutes\" \/>\n<script type=\"application\/ld+json\" class=\"yoast-schema-graph\">{\"@context\":\"https:\/\/schema.org\",\"@graph\":[{\"@type\":\"WebPage\",\"@id\":\"https:\/\/mokos.hu\/termek\/husveti-csokor-gyumolcsbor-valogatas-2026\/\",\"url\":\"https:\/\/mokos.hu\/termek\/husveti-csokor-gyumolcsbor-valogatas-2026\/\",\"name\":\"H\u00fasv\u00e9ti Csokor Gy\u00fcm\u00f6lcsbor V\u00e1logat\u00e1s - MOKOS - T\u00f6k\u00e9letes AJ\u00c1ND\u00c9K\",\"isPartOf\":{\"@id\":\"https:\/\/mokos.hu\/#website\"},\"primaryImageOfPage\":{\"@id\":\"https:\/\/mokos.hu\/termek\/husveti-csokor-gyumolcsbor-valogatas-2026\/#primaryimage\"},\"image\":{\"@id\":\"https:\/\/mokos.hu\/termek\/husveti-csokor-gyumolcsbor-valogatas-2026\/#primaryimage\"},\"thumbnailUrl\":\"https:\/\/mokos.hu\/wp-content\/uploads\/2026\/02\/HUSVETI_AJANLAT_2026_sargacsokor.jpg\",\"datePublished\":\"2026-02-17T14:21:43+00:00\",\"dateModified\":\"2026-04-15T06:51:46+00:00\",\"description\":\"H\u00fasv\u00e9ti 3 palackos pr\u00e9mium gy\u00fcm\u00f6lcsbor \u00f6ssze\u00e1ll\u00edt\u00e1s, mely mell\u00e9 Mokos Dug\u00f3h\u00faz\u00f3t csomagolunk! | Borcsomag | Aj\u00e1nd\u00e9k | H\u00fasv\u00e9t\",\"breadcrumb\":{\"@id\":\"https:\/\/mokos.hu\/termek\/husveti-csokor-gyumolcsbor-valogatas-2026\/#breadcrumb\"},\"inLanguage\":\"en-US\",\"potentialAction\":[{\"@type\":\"ReadAction\",\"target\":[\"https:\/\/mokos.hu\/termek\/husveti-csokor-gyumolcsbor-valogatas-2026\/\"]}]},{\"@type\":\"ImageObject\",\"inLanguage\":\"en-US\",\"@id\":\"https:\/\/mokos.hu\/termek\/husveti-csokor-gyumolcsbor-valogatas-2026\/#primaryimage\",\"url\":\"https:\/\/mokos.hu\/wp-content\/uploads\/2026\/02\/HUSVETI_AJANLAT_2026_sargacsokor.jpg\",\"contentUrl\":\"https:\/\/mokos.hu\/wp-content\/uploads\/2026\/02\/HUSVETI_AJANLAT_2026_sargacsokor.jpg\",\"width\":1200,\"height\":1200},{\"@type\":\"BreadcrumbList\",\"@id\":\"https:\/\/mokos.hu\/termek\/husveti-csokor-gyumolcsbor-valogatas-2026\/#breadcrumb\",\"itemListElement\":[{\"@type\":\"ListItem\",\"position\":1,\"name\":\"Home\",\"item\":\"https:\/\/mokos.hu\/\"},{\"@type\":\"ListItem\",\"position\":2,\"name\":\"Term\u00e9kek\",\"item\":\"https:\/\/mokos.hu\/shop\/\"},{\"@type\":\"ListItem\",\"position\":3,\"name\":\"H\u00fasv\u00e9ti Csokor Gy\u00fcm\u00f6lcsbor V\u00e1logat\u00e1s\"}]},{\"@type\":\"WebSite\",\"@id\":\"https:\/\/mokos.hu\/#website\",\"url\":\"https:\/\/mokos.hu\/\",\"name\":\"MOKOS\",\"description\":\"Csal\u00e1di Pinc\u00e9szet, Palkonya\",\"publisher\":{\"@id\":\"https:\/\/mokos.hu\/#organization\"},\"potentialAction\":[{\"@type\":\"SearchAction\",\"target\":{\"@type\":\"EntryPoint\",\"urlTemplate\":\"https:\/\/mokos.hu\/?s={search_term_string}\"},\"query-input\":{\"@type\":\"PropertyValueSpecification\",\"valueRequired\":true,\"valueName\":\"search_term_string\"}}],\"inLanguage\":\"en-US\"},{\"@type\":\"Organization\",\"@id\":\"https:\/\/mokos.hu\/#organization\",\"name\":\"MOKOS\",\"url\":\"https:\/\/mokos.hu\/\",\"logo\":{\"@type\":\"ImageObject\",\"inLanguage\":\"en-US\",\"@id\":\"https:\/\/mokos.hu\/#\/schema\/logo\/image\/\",\"url\":\"https:\/\/mokos.hu\/wp-content\/uploads\/2018\/11\/cropped-Mokos_Villanyi-Borvidek-Palkonya-1.png\",\"contentUrl\":\"https:\/\/mokos.hu\/wp-content\/uploads\/2018\/11\/cropped-Mokos_Villanyi-Borvidek-Palkonya-1.png\",\"width\":1000,\"height\":245,\"caption\":\"MOKOS\"},\"image\":{\"@id\":\"https:\/\/mokos.hu\/#\/schema\/logo\/image\/\"}}]}<\/script>\n<!-- \/ Yoast SEO plugin. -->","yoast_head_json":{"title":"Easter Bouquet Fruit Wine Selection - MOKOS - Perfect GIFT","description":"3 bottles of premium fruit wine for Easter, accompanied by a Mokos Cork Puller! | Wine package | Gift | Easter","robots":{"index":"index","follow":"follow","max-snippet":"max-snippet:-1","max-image-preview":"max-image-preview:large","max-video-preview":"max-video-preview:-1"},"canonical":"https:\/\/mokos.hu\/en\/rooms\/husveti-csokor-gyumolcsbor-valogatas-2026\/","og_locale":"en_US","og_type":"article","og_title":"H\u00fasv\u00e9ti Csokor Gy\u00fcm\u00f6lcsbor V\u00e1logat\u00e1s Dug\u00f3h\u00faz\u00f3val! - Mokos Pinc\u00e9szet","og_description":"H\u00fasv\u00e9ti 3 palackos pr\u00e9mium gy\u00fcm\u00f6lcsbor \u00f6ssze\u00e1ll\u00edt\u00e1s, mely mell\u00e9 Mokos Dug\u00f3h\u00faz\u00f3t csomagolunk! | Borcsomag | Aj\u00e1nd\u00e9k","og_url":"https:\/\/mokos.hu\/en\/rooms\/husveti-csokor-gyumolcsbor-valogatas-2026\/","og_site_name":"MOKOS","article_modified_time":"2026-04-15T06:51:46+00:00","og_image":[{"width":1200,"height":1200,"url":"https:\/\/mokos.hu\/wp-content\/uploads\/2025\/04\/HUSVETI_AJANLAT_1200x1200-2025-1-1.jpg","type":"image\/jpeg"}],"twitter_card":"summary_large_image","twitter_misc":{"Est. reading time":"2 minutes"},"schema":{"@context":"https:\/\/schema.org","@graph":[{"@type":"WebPage","@id":"https:\/\/mokos.hu\/termek\/husveti-csokor-gyumolcsbor-valogatas-2026\/","url":"https:\/\/mokos.hu\/termek\/husveti-csokor-gyumolcsbor-valogatas-2026\/","name":"Easter Bouquet Fruit Wine Selection - MOKOS - Perfect GIFT","isPartOf":{"@id":"https:\/\/mokos.hu\/#website"},"primaryImageOfPage":{"@id":"https:\/\/mokos.hu\/termek\/husveti-csokor-gyumolcsbor-valogatas-2026\/#primaryimage"},"image":{"@id":"https:\/\/mokos.hu\/termek\/husveti-csokor-gyumolcsbor-valogatas-2026\/#primaryimage"},"thumbnailUrl":"https:\/\/mokos.hu\/wp-content\/uploads\/2026\/02\/HUSVETI_AJANLAT_2026_sargacsokor.jpg","datePublished":"2026-02-17T14:21:43+00:00","dateModified":"2026-04-15T06:51:46+00:00","description":"3 bottles of premium fruit wine for Easter, accompanied by a Mokos Cork Puller! | Wine package | Gift | Easter","breadcrumb":{"@id":"https:\/\/mokos.hu\/termek\/husveti-csokor-gyumolcsbor-valogatas-2026\/#breadcrumb"},"inLanguage":"en-US","potentialAction":[{"@type":"ReadAction","target":["https:\/\/mokos.hu\/termek\/husveti-csokor-gyumolcsbor-valogatas-2026\/"]}]},{"@type":"ImageObject","inLanguage":"en-US","@id":"https:\/\/mokos.hu\/termek\/husveti-csokor-gyumolcsbor-valogatas-2026\/#primaryimage","url":"https:\/\/mokos.hu\/wp-content\/uploads\/2026\/02\/HUSVETI_AJANLAT_2026_sargacsokor.jpg","contentUrl":"https:\/\/mokos.hu\/wp-content\/uploads\/2026\/02\/HUSVETI_AJANLAT_2026_sargacsokor.jpg","width":1200,"height":1200},{"@type":"BreadcrumbList","@id":"https:\/\/mokos.hu\/termek\/husveti-csokor-gyumolcsbor-valogatas-2026\/#breadcrumb","itemListElement":[{"@type":"ListItem","position":1,"name":"Home","item":"https:\/\/mokos.hu\/"},{"@type":"ListItem","position":2,"name":"Term\u00e9kek","item":"https:\/\/mokos.hu\/shop\/"},{"@type":"ListItem","position":3,"name":"H\u00fasv\u00e9ti Csokor Gy\u00fcm\u00f6lcsbor V\u00e1logat\u00e1s"}]},{"@type":"WebSite","@id":"https:\/\/mokos.hu\/#website","url":"https:\/\/mokos.hu\/","name":"MOKOS","description":"Family Winery, Palkonya","publisher":{"@id":"https:\/\/mokos.hu\/#organization"},"potentialAction":[{"@type":"SearchAction","target":{"@type":"EntryPoint","urlTemplate":"https:\/\/mokos.hu\/?s={search_term_string}"},"query-input":{"@type":"PropertyValueSpecification","valueRequired":true,"valueName":"search_term_string"}}],"inLanguage":"en-US"},{"@type":"Organization","@id":"https:\/\/mokos.hu\/#organization","name":"MOKOS","url":"https:\/\/mokos.hu\/","logo":{"@type":"ImageObject","inLanguage":"en-US","@id":"https:\/\/mokos.hu\/#\/schema\/logo\/image\/","url":"https:\/\/mokos.hu\/wp-content\/uploads\/2018\/11\/cropped-Mokos_Villanyi-Borvidek-Palkonya-1.png","contentUrl":"https:\/\/mokos.hu\/wp-content\/uploads\/2018\/11\/cropped-Mokos_Villanyi-Borvidek-Palkonya-1.png","width":1000,"height":245,"caption":"MOKOS"},"image":{"@id":"https:\/\/mokos.hu\/#\/schema\/logo\/image\/"}}]}},"_links":{"self":[{"href":"https:\/\/mokos.hu\/en\/wp-json\/wp\/v2\/product\/29742","targetHints":{"allow":["GET"]}}],"collection":[{"href":"https:\/\/mokos.hu\/en\/wp-json\/wp\/v2\/product"}],"about":[{"href":"https:\/\/mokos.hu\/en\/wp-json\/wp\/v2\/types\/product"}],"wp:featuredmedia":[{"embeddable":true,"href":"https:\/\/mokos.hu\/en\/wp-json\/wp\/v2\/media\/29741"}],"wp:attachment":[{"href":"https:\/\/mokos.hu\/en\/wp-json\/wp\/v2\/media?parent=29742"}],"wp:term":[{"taxonomy":"product_brand","embeddable":true,"href":"https:\/\/mokos.hu\/en\/wp-json\/wp\/v2\/product_brand?post=29742"},{"taxonomy":"product_cat","embeddable":true,"href":"https:\/\/mokos.hu\/en\/wp-json\/wp\/v2\/product_cat?post=29742"},{"taxonomy":"product_tag","embeddable":true,"href":"https:\/\/mokos.hu\/en\/wp-json\/wp\/v2\/product_tag?post=29742"}],"curies":[{"name":"wp","href":"https:\/\/api.w.org\/{rel}","templated":true}]}}