{"id":29029,"date":"2025-11-07T11:32:08","date_gmt":"2025-11-07T09:32:08","guid":{"rendered":"https:\/\/mokos.hu\/?post_type=product&#038;p=29029"},"modified":"2025-11-07T11:45:53","modified_gmt":"2025-11-07T09:45:53","slug":"cherry-wine-fruit-wine","status":"publish","type":"product","link":"https:\/\/mokos.hu\/en\/termek\/meggybor-gyumolcsbor\/","title":{"rendered":"Sour Cherry Wine"},"content":{"rendered":"<h5>MOCHA FRUIT WINE WITH THE FLAVOUR OF NATURE<\/h5>\n<p>In addition to the traditional Vill\u00e1ny red wines\u00a0<strong>fruit wine specialities<\/strong>\u00a0is also involved in the production of. Our aim is to introduce consumers to this wine speciality, which is still less widespread in Hungary. We consider it important that our fruit wines\u00a0<strong>made exclusively from fresh, juicy, domestically produced fruit<\/strong>\u00a0without the addition of water, colourings or flavourings.<\/p>\n<p><img fetchpriority=\"high\" decoding=\"async\" class=\"size-large wp-image-10285 aligncenter\" src=\"https:\/\/mokos.hu\/wp-content\/uploads\/2020\/08\/Mokos_Pinceszet_gyumolcsos_2000x645_14-1024x330.jpg\" alt=\"Mokos_Pinceszet_villanyiborvidek_palkonya_villanyiborok_gyumolcswein_gyumolcsos_meggy_meggywein_meggyszemek\" width=\"750\" height=\"242\" \/><\/p>\n<h5>DESSERT WINE FROM SUN-DRIED FRUIT<\/h5>\n<p>The raw material is selected from the finest fruits of our 45 hectares of orchards. The technology is very similar to that of classic grape fruit fermented wine: ripe fruit is harvested and immediately transported to the processor. The freshly picked fruit is destemmed shortly after harvesting, followed by fermentation in an oxygen-free environment to preserve the fresh flavours.<\/p>\n<p>Taste the flavour of nature in a bottle with Mokos Fruit Wine specialities<span style=\"color: #000000;\">: <a style=\"color: #000000;\" href=\"https:\/\/mokos.hu\/en\/rooms\/cherry-wine-fruit-wine\/\">Sour Cherry Wine<\/a>, <a style=\"color: #000000;\" href=\"https:\/\/mokos.hu\/en\/rooms\/strawberry-wine-apricot-wine-plum-wine\/\">Eperbor<\/a>, <a style=\"color: #000000;\" href=\"https:\/\/mokos.hu\/en\/rooms\/blackcurrant-wine-gum-wine\/\">Ribizlibor<\/a>, <a style=\"color: #000000;\" href=\"https:\/\/mokos.hu\/en\/rooms\/malnabor-cider\/\">Raspberry Wine<\/a>, <a style=\"color: #000000;\" href=\"https:\/\/mokos.hu\/en\/rooms\/cassis-wine-gum-wine\/\">Apricot Wine <\/a>\u00a0<\/span>form too!<\/p>\n<p>Most of our fruit wines are sweet, but if you are a dry wine fan, try <span style=\"color: #000000;\"><a style=\"color: #000000;\" href=\"https:\/\/mokos.hu\/en\/rooms\/barrique-sour-cherry-wine\/\">our speciality cherry wine aged in barrique barrels<\/a>!<\/span><\/p>","protected":false},"excerpt":{"rendered":"<h3>A term\u00e9szetb\u0151l fakad\u00f3 elegancia<\/h3>\n<h4><em>sweet premium fruit wine<\/em><\/h4>\n<p>A <strong data-start=\"408\" data-end=\"443\">meggy intenz\u00edv, friss karaktere<\/strong> \u00e9s a term\u00e9szetes \u00e9dess\u00e9g finom egyens\u00falya teszi ezt a bort igaz\u00e1n k\u00fcl\u00f6nlegess\u00e9.<br data-start=\"523\" data-end=\"526\" \/>Illat\u00e1ban \u00e9rett meggy, fekete cseresznye \u00e9s finom mandul\u00e1s \u00e1rnyalatok bontakoznak ki, \u00edz\u00e9ben pedig a <strong data-start=\"627\" data-end=\"649\">gy\u00fcm\u00f6lcs l\u00e9d\u00fass\u00e1ga<\/strong> \u00e9s egy leheletnyi f\u0171szeress\u00e9g ad harmonikus, hosszan tart\u00f3 \u00e9lm\u00e9nyt.<\/p>\n<p>T\u00f6k\u00e9letes v\u00e1laszt\u00e1s desszertekhez, csokol\u00e1d\u00e9s s\u00fctem\u00e9nyekhez.<\/p>\n<p>&nbsp;<\/p>\n<p>Recommended consumption temperature: 7-10\u00b0C<\/p>\n<p>Capacity: 500 ml<\/p>\n<p>Unit price: 7.900 Ft\/litre<\/p>\n<p>&nbsp;<\/p>\n<p>Policies on ordering and purchasing <a href=\"https:\/\/mokos.hu\/en\/uzlet\/rules\/\">HERE<\/a> reaches.<\/p>\n<p>&nbsp;<\/p>","protected":false},"featured_media":21374,"template":"","meta":{"_acf_changed":false},"product_brand":[],"product_cat":[71],"product_tag":[152,153,116,124,364,154,155,117],"class_list":{"0":"post-29029","1":"product","2":"type-product","3":"status-publish","4":"has-post-thumbnail","6":"product_cat-mokos_gyumolcsborok","7":"product_tag-desszertbor","8":"product_tag-edes-bor","9":"product_tag-gyumolcsbor","10":"product_tag-izelmeny","11":"product_tag-limitalt","12":"product_tag-meggy","13":"product_tag-meggybor","14":"product_tag-mokos-gyumolcsbor","16":"first","17":"instock","18":"taxable","19":"shipping-taxable","20":"purchasable","21":"product-type-simple"},"acf":[],"yoast_head":"<!-- This site is optimized with the Yoast SEO plugin v27.5 - https:\/\/yoast.com\/product\/yoast-seo-wordpress\/ -->\n<title>Meggybor - MOKOS Pr\u00e9mium Gy\u00fcm\u00f6lcsbor - \u00c9des - 0,5 L<\/title>\n<meta name=\"description\" content=\"A van\u00edlia b\u00e1rsonyos \u00e9dess\u00e9ge \u00e9s a meggy zamata tal\u00e1lkozik ebben a k\u00fcl\u00f6nleges \u00fcnnepi t\u00e9telben. Selymes, meleg, meghitt \u2013 ahogy a kar\u00e1csonynak lennie kell.\" \/>\n<meta name=\"robots\" content=\"index, follow, max-snippet:-1, max-image-preview:large, max-video-preview:-1\" \/>\n<link rel=\"canonical\" href=\"https:\/\/mokos.hu\/en\/rooms\/cherry-wine-fruit-wine\/\" \/>\n<meta property=\"og:locale\" content=\"en_US\" \/>\n<meta property=\"og:type\" content=\"article\" \/>\n<meta property=\"og:title\" content=\"Mokos Van\u00edli\u00e1s Meggybor - \u00e9des gy\u00fcm\u00f6lcsbor k\u00fcl\u00f6nlegess\u00e9g\" \/>\n<meta property=\"og:description\" content=\"A van\u00edlia b\u00e1rsonyos \u00e9dess\u00e9ge \u00e9s a meggy gazdag zamata tal\u00e1lkozik ebben a k\u00fcl\u00f6nleges \u00fcnnepi t\u00e9telben. Selymes, meleg, meghitt \u2013 ahogy a kar\u00e1csonynak lennie kell.\" \/>\n<meta property=\"og:url\" content=\"https:\/\/mokos.hu\/en\/rooms\/cherry-wine-fruit-wine\/\" \/>\n<meta property=\"og:site_name\" content=\"MOKOS\" \/>\n<meta property=\"article:modified_time\" content=\"2025-11-07T09:45:53+00:00\" \/>\n<meta property=\"og:image\" content=\"https:\/\/mokos.hu\/wp-content\/uploads\/2017\/04\/Vanilias-meggy-kreativ.png\" \/>\n\t<meta property=\"og:image:width\" content=\"1080\" \/>\n\t<meta property=\"og:image:height\" content=\"1350\" \/>\n\t<meta property=\"og:image:type\" content=\"image\/png\" \/>\n<meta name=\"twitter:card\" content=\"summary_large_image\" \/>\n<meta name=\"twitter:label1\" content=\"Est. reading time\" \/>\n\t<meta name=\"twitter:data1\" content=\"2 minutes\" \/>\n<script type=\"application\/ld+json\" class=\"yoast-schema-graph\">{\"@context\":\"https:\\\/\\\/schema.org\",\"@graph\":[{\"@type\":\"WebPage\",\"@id\":\"https:\\\/\\\/mokos.hu\\\/termek\\\/meggybor-gyumolcsbor\\\/\",\"url\":\"https:\\\/\\\/mokos.hu\\\/termek\\\/meggybor-gyumolcsbor\\\/\",\"name\":\"Meggybor - MOKOS Pr\u00e9mium Gy\u00fcm\u00f6lcsbor - \u00c9des - 0,5 L\",\"isPartOf\":{\"@id\":\"https:\\\/\\\/mokos.hu\\\/#website\"},\"primaryImageOfPage\":{\"@id\":\"https:\\\/\\\/mokos.hu\\\/termek\\\/meggybor-gyumolcsbor\\\/#primaryimage\"},\"image\":{\"@id\":\"https:\\\/\\\/mokos.hu\\\/termek\\\/meggybor-gyumolcsbor\\\/#primaryimage\"},\"thumbnailUrl\":\"https:\\\/\\\/mokos.hu\\\/wp-content\\\/uploads\\\/2024\\\/08\\\/MOKOS_Meggybor_drs.png\",\"datePublished\":\"2025-11-07T09:32:08+00:00\",\"dateModified\":\"2025-11-07T09:45:53+00:00\",\"description\":\"A van\u00edlia b\u00e1rsonyos \u00e9dess\u00e9ge \u00e9s a meggy zamata tal\u00e1lkozik ebben a k\u00fcl\u00f6nleges \u00fcnnepi t\u00e9telben. Selymes, meleg, meghitt \u2013 ahogy a kar\u00e1csonynak lennie kell.\",\"breadcrumb\":{\"@id\":\"https:\\\/\\\/mokos.hu\\\/termek\\\/meggybor-gyumolcsbor\\\/#breadcrumb\"},\"inLanguage\":\"en-US\",\"potentialAction\":[{\"@type\":\"ReadAction\",\"target\":[\"https:\\\/\\\/mokos.hu\\\/termek\\\/meggybor-gyumolcsbor\\\/\"]}]},{\"@type\":\"ImageObject\",\"inLanguage\":\"en-US\",\"@id\":\"https:\\\/\\\/mokos.hu\\\/termek\\\/meggybor-gyumolcsbor\\\/#primaryimage\",\"url\":\"https:\\\/\\\/mokos.hu\\\/wp-content\\\/uploads\\\/2024\\\/08\\\/MOKOS_Meggybor_drs.png\",\"contentUrl\":\"https:\\\/\\\/mokos.hu\\\/wp-content\\\/uploads\\\/2024\\\/08\\\/MOKOS_Meggybor_drs.png\",\"width\":2686,\"height\":4509},{\"@type\":\"BreadcrumbList\",\"@id\":\"https:\\\/\\\/mokos.hu\\\/termek\\\/meggybor-gyumolcsbor\\\/#breadcrumb\",\"itemListElement\":[{\"@type\":\"ListItem\",\"position\":1,\"name\":\"Home\",\"item\":\"https:\\\/\\\/mokos.hu\\\/\"},{\"@type\":\"ListItem\",\"position\":2,\"name\":\"Term\u00e9kek\",\"item\":\"https:\\\/\\\/mokos.hu\\\/shop\\\/\"},{\"@type\":\"ListItem\",\"position\":3,\"name\":\"Meggybor\"}]},{\"@type\":\"WebSite\",\"@id\":\"https:\\\/\\\/mokos.hu\\\/#website\",\"url\":\"https:\\\/\\\/mokos.hu\\\/\",\"name\":\"MOKOS\",\"description\":\"Csal\u00e1di Pinc\u00e9szet, Palkonya\",\"publisher\":{\"@id\":\"https:\\\/\\\/mokos.hu\\\/#organization\"},\"potentialAction\":[{\"@type\":\"SearchAction\",\"target\":{\"@type\":\"EntryPoint\",\"urlTemplate\":\"https:\\\/\\\/mokos.hu\\\/?s={search_term_string}\"},\"query-input\":{\"@type\":\"PropertyValueSpecification\",\"valueRequired\":true,\"valueName\":\"search_term_string\"}}],\"inLanguage\":\"en-US\"},{\"@type\":\"Organization\",\"@id\":\"https:\\\/\\\/mokos.hu\\\/#organization\",\"name\":\"MOKOS\",\"url\":\"https:\\\/\\\/mokos.hu\\\/\",\"logo\":{\"@type\":\"ImageObject\",\"inLanguage\":\"en-US\",\"@id\":\"https:\\\/\\\/mokos.hu\\\/#\\\/schema\\\/logo\\\/image\\\/\",\"url\":\"https:\\\/\\\/mokos.hu\\\/wp-content\\\/uploads\\\/2018\\\/11\\\/cropped-Mokos_Villanyi-Borvidek-Palkonya-1.png\",\"contentUrl\":\"https:\\\/\\\/mokos.hu\\\/wp-content\\\/uploads\\\/2018\\\/11\\\/cropped-Mokos_Villanyi-Borvidek-Palkonya-1.png\",\"width\":1000,\"height\":245,\"caption\":\"MOKOS\"},\"image\":{\"@id\":\"https:\\\/\\\/mokos.hu\\\/#\\\/schema\\\/logo\\\/image\\\/\"}}]}<\/script>\n<!-- \/ Yoast SEO plugin. -->","yoast_head_json":{"title":"Meggywein - MOKOS Premium Fruit Wine - Sweet - 0,5 L","description":"A van\u00edlia b\u00e1rsonyos \u00e9dess\u00e9ge \u00e9s a meggy zamata tal\u00e1lkozik ebben a k\u00fcl\u00f6nleges \u00fcnnepi t\u00e9telben. Selymes, meleg, meghitt \u2013 ahogy a kar\u00e1csonynak lennie kell.","robots":{"index":"index","follow":"follow","max-snippet":"max-snippet:-1","max-image-preview":"max-image-preview:large","max-video-preview":"max-video-preview:-1"},"canonical":"https:\/\/mokos.hu\/en\/rooms\/cherry-wine-fruit-wine\/","og_locale":"en_US","og_type":"article","og_title":"Mokos Van\u00edli\u00e1s Meggybor - \u00e9des gy\u00fcm\u00f6lcsbor k\u00fcl\u00f6nlegess\u00e9g","og_description":"A van\u00edlia b\u00e1rsonyos \u00e9dess\u00e9ge \u00e9s a meggy gazdag zamata tal\u00e1lkozik ebben a k\u00fcl\u00f6nleges \u00fcnnepi t\u00e9telben. Selymes, meleg, meghitt \u2013 ahogy a kar\u00e1csonynak lennie kell.","og_url":"https:\/\/mokos.hu\/en\/rooms\/cherry-wine-fruit-wine\/","og_site_name":"MOKOS","article_modified_time":"2025-11-07T09:45:53+00:00","og_image":[{"width":1080,"height":1350,"url":"https:\/\/mokos.hu\/wp-content\/uploads\/2017\/04\/Vanilias-meggy-kreativ.png","type":"image\/png"}],"twitter_card":"summary_large_image","twitter_misc":{"Est. reading time":"2 minutes"},"schema":{"@context":"https:\/\/schema.org","@graph":[{"@type":"WebPage","@id":"https:\/\/mokos.hu\/termek\/meggybor-gyumolcsbor\/","url":"https:\/\/mokos.hu\/termek\/meggybor-gyumolcsbor\/","name":"Meggywein - MOKOS Premium Fruit Wine - Sweet - 0,5 L","isPartOf":{"@id":"https:\/\/mokos.hu\/#website"},"primaryImageOfPage":{"@id":"https:\/\/mokos.hu\/termek\/meggybor-gyumolcsbor\/#primaryimage"},"image":{"@id":"https:\/\/mokos.hu\/termek\/meggybor-gyumolcsbor\/#primaryimage"},"thumbnailUrl":"https:\/\/mokos.hu\/wp-content\/uploads\/2024\/08\/MOKOS_Meggybor_drs.png","datePublished":"2025-11-07T09:32:08+00:00","dateModified":"2025-11-07T09:45:53+00:00","description":"A van\u00edlia b\u00e1rsonyos \u00e9dess\u00e9ge \u00e9s a meggy zamata tal\u00e1lkozik ebben a k\u00fcl\u00f6nleges \u00fcnnepi t\u00e9telben. Selymes, meleg, meghitt \u2013 ahogy a kar\u00e1csonynak lennie kell.","breadcrumb":{"@id":"https:\/\/mokos.hu\/termek\/meggybor-gyumolcsbor\/#breadcrumb"},"inLanguage":"en-US","potentialAction":[{"@type":"ReadAction","target":["https:\/\/mokos.hu\/termek\/meggybor-gyumolcsbor\/"]}]},{"@type":"ImageObject","inLanguage":"en-US","@id":"https:\/\/mokos.hu\/termek\/meggybor-gyumolcsbor\/#primaryimage","url":"https:\/\/mokos.hu\/wp-content\/uploads\/2024\/08\/MOKOS_Meggybor_drs.png","contentUrl":"https:\/\/mokos.hu\/wp-content\/uploads\/2024\/08\/MOKOS_Meggybor_drs.png","width":2686,"height":4509},{"@type":"BreadcrumbList","@id":"https:\/\/mokos.hu\/termek\/meggybor-gyumolcsbor\/#breadcrumb","itemListElement":[{"@type":"ListItem","position":1,"name":"Home","item":"https:\/\/mokos.hu\/"},{"@type":"ListItem","position":2,"name":"Term\u00e9kek","item":"https:\/\/mokos.hu\/shop\/"},{"@type":"ListItem","position":3,"name":"Meggybor"}]},{"@type":"WebSite","@id":"https:\/\/mokos.hu\/#website","url":"https:\/\/mokos.hu\/","name":"MOKOS","description":"Family Winery, Palkonya","publisher":{"@id":"https:\/\/mokos.hu\/#organization"},"potentialAction":[{"@type":"SearchAction","target":{"@type":"EntryPoint","urlTemplate":"https:\/\/mokos.hu\/?s={search_term_string}"},"query-input":{"@type":"PropertyValueSpecification","valueRequired":true,"valueName":"search_term_string"}}],"inLanguage":"en-US"},{"@type":"Organization","@id":"https:\/\/mokos.hu\/#organization","name":"MOKOS","url":"https:\/\/mokos.hu\/","logo":{"@type":"ImageObject","inLanguage":"en-US","@id":"https:\/\/mokos.hu\/#\/schema\/logo\/image\/","url":"https:\/\/mokos.hu\/wp-content\/uploads\/2018\/11\/cropped-Mokos_Villanyi-Borvidek-Palkonya-1.png","contentUrl":"https:\/\/mokos.hu\/wp-content\/uploads\/2018\/11\/cropped-Mokos_Villanyi-Borvidek-Palkonya-1.png","width":1000,"height":245,"caption":"MOKOS"},"image":{"@id":"https:\/\/mokos.hu\/#\/schema\/logo\/image\/"}}]}},"_links":{"self":[{"href":"https:\/\/mokos.hu\/en\/wp-json\/wp\/v2\/product\/29029","targetHints":{"allow":["GET"]}}],"collection":[{"href":"https:\/\/mokos.hu\/en\/wp-json\/wp\/v2\/product"}],"about":[{"href":"https:\/\/mokos.hu\/en\/wp-json\/wp\/v2\/types\/product"}],"wp:featuredmedia":[{"embeddable":true,"href":"https:\/\/mokos.hu\/en\/wp-json\/wp\/v2\/media\/21374"}],"wp:attachment":[{"href":"https:\/\/mokos.hu\/en\/wp-json\/wp\/v2\/media?parent=29029"}],"wp:term":[{"taxonomy":"product_brand","embeddable":true,"href":"https:\/\/mokos.hu\/en\/wp-json\/wp\/v2\/product_brand?post=29029"},{"taxonomy":"product_cat","embeddable":true,"href":"https:\/\/mokos.hu\/en\/wp-json\/wp\/v2\/product_cat?post=29029"},{"taxonomy":"product_tag","embeddable":true,"href":"https:\/\/mokos.hu\/en\/wp-json\/wp\/v2\/product_tag?post=29029"}],"curies":[{"name":"wp","href":"https:\/\/api.w.org\/{rel}","templated":true}]}}