{"id":28333,"date":"2025-04-28T10:42:34","date_gmt":"2025-04-28T08:42:34","guid":{"rendered":"https:\/\/mokos.hu\/?post_type=product&#038;p=28333"},"modified":"2025-11-10T09:28:28","modified_gmt":"2025-11-10T07:28:28","slug":"marton-day-bus-transfer-ticket-pecs-2025","status":"publish","type":"product","link":"https:\/\/mokos.hu\/en\/termek\/marton-nap-busztranszfer-jegy-pecs-2025\/","title":{"rendered":"MARCH DAY - Bus Transfer Ticket - VIENNA - 2025"},"content":{"rendered":"","protected":false},"excerpt":{"rendered":"<p>Comfortable bus transfer to the P\u00e9cs-Palkonya-P\u00e9cs route, so you can enjoy the Goose Bite in our Winery!<\/p>\n<p>(The bus stops at several stops. Specific information on the stops will be sent out before the event!)<\/p>\n<p>Details of the event:<a href=\"https:\/\/mokos.hu\/en\/marton-goose-days-in-the-mokos-cellar\/\">\u00a0<strong>HERE<\/strong><\/a>.<\/p>\n<p>Policies on ordering and purchasing\u00a0<a href=\"https:\/\/mokos.hu\/en\/uzlet\/rules\/\">HERE<\/a>\u00a0reaches.<\/p>\n<p><em>The purchase can be cancelled at any time without any consequences before pressing the \"Pay\" or \"Order with payment obligation\" button. The Customer may not exercise the right of withdrawal or the right of termination pursuant to Article 29 (1) l) of Government Decree 45\/2014 (II.26.) if the Event Ticket is valid for a specific date (specific day, deadline) or can be used during a specific period. In such a case, the Service Provider is not entitled to return the Ticket or refund the value of the purchase.<\/em><\/p>","protected":false},"featured_media":7502,"template":"","meta":{"_acf_changed":false},"product_brand":[],"product_cat":[112,73],"product_tag":[],"class_list":{"0":"post-28333","1":"product","2":"type-product","3":"status-publish","4":"has-post-thumbnail","6":"product_cat-transzferjegyek","7":"product_cat-rendezvenyek","9":"first","10":"outofstock","11":"virtual","12":"taxable","13":"purchasable","14":"product-type-simple"},"acf":[],"yoast_head":"<!-- This site is optimized with the Yoast SEO plugin v27.1.1 - https:\/\/yoast.com\/product\/yoast-seo-wordpress\/ -->\n<title>M\u00c1RTON NAP - Busztranszfer Jegy - P\u00c9CS - 2025 - MOKOS<\/title>\n<meta name=\"description\" content=\"K\u00e9nyelmes busztranszfer P\u00e9cs-Palkonya-P\u00e9cs \u00fatvonalra, hogy \u00f6nfeledten \u00e9lvezhesd a Libalakom\u00e1t Pinc\u00e9szet\u00fcnkben!\" \/>\n<meta name=\"robots\" content=\"index, follow, max-snippet:-1, max-image-preview:large, max-video-preview:-1\" \/>\n<link rel=\"canonical\" href=\"https:\/\/mokos.hu\/en\/rooms\/marton-day-bus-transfer-ticket-pecs-2025\/\" \/>\n<meta property=\"og:locale\" content=\"en_US\" \/>\n<meta property=\"og:type\" content=\"article\" \/>\n<meta property=\"og:title\" content=\"M\u00c1RTON NAP - Busztranszfer Jegy - P\u00c9CS - 2025 - MOKOS\" \/>\n<meta property=\"og:description\" content=\"K\u00e9nyelmes busztranszfer P\u00e9cs-Palkonya-P\u00e9cs \u00fatvonalra, hogy \u00f6nfeledten \u00e9lvezhesd a Libalakom\u00e1t Pinc\u00e9szet\u00fcnkben!\" \/>\n<meta property=\"og:url\" content=\"https:\/\/mokos.hu\/en\/rooms\/marton-day-bus-transfer-ticket-pecs-2025\/\" \/>\n<meta property=\"og:site_name\" content=\"MOKOS\" \/>\n<meta property=\"article:modified_time\" content=\"2025-11-10T07:28:28+00:00\" \/>\n<meta property=\"og:image\" content=\"https:\/\/mokos.hu\/wp-content\/uploads\/2019\/08\/White_Bus_PNG_Clipart-423.png\" \/>\n\t<meta property=\"og:image:width\" content=\"400\" \/>\n\t<meta property=\"og:image:height\" content=\"400\" \/>\n\t<meta property=\"og:image:type\" content=\"image\/png\" \/>\n<meta name=\"twitter:card\" content=\"summary_large_image\" \/>\n<meta name=\"twitter:label1\" content=\"Est. reading time\" \/>\n\t<meta name=\"twitter:data1\" content=\"1 minute\" \/>\n<script type=\"application\/ld+json\" class=\"yoast-schema-graph\">{\"@context\":\"https:\/\/schema.org\",\"@graph\":[{\"@type\":\"WebPage\",\"@id\":\"https:\/\/mokos.hu\/termek\/marton-nap-busztranszfer-jegy-pecs-2025\/\",\"url\":\"https:\/\/mokos.hu\/termek\/marton-nap-busztranszfer-jegy-pecs-2025\/\",\"name\":\"M\u00c1RTON NAP - Busztranszfer Jegy - P\u00c9CS - 2025 - MOKOS\",\"isPartOf\":{\"@id\":\"https:\/\/mokos.hu\/#website\"},\"primaryImageOfPage\":{\"@id\":\"https:\/\/mokos.hu\/termek\/marton-nap-busztranszfer-jegy-pecs-2025\/#primaryimage\"},\"image\":{\"@id\":\"https:\/\/mokos.hu\/termek\/marton-nap-busztranszfer-jegy-pecs-2025\/#primaryimage\"},\"thumbnailUrl\":\"https:\/\/mokos.hu\/wp-content\/uploads\/2019\/08\/White_Bus_PNG_Clipart-423.png\",\"datePublished\":\"2025-04-28T08:42:34+00:00\",\"dateModified\":\"2025-11-10T07:28:28+00:00\",\"description\":\"K\u00e9nyelmes busztranszfer P\u00e9cs-Palkonya-P\u00e9cs \u00fatvonalra, hogy \u00f6nfeledten \u00e9lvezhesd a Libalakom\u00e1t Pinc\u00e9szet\u00fcnkben!\",\"breadcrumb\":{\"@id\":\"https:\/\/mokos.hu\/termek\/marton-nap-busztranszfer-jegy-pecs-2025\/#breadcrumb\"},\"inLanguage\":\"en-US\",\"potentialAction\":[{\"@type\":\"ReadAction\",\"target\":[\"https:\/\/mokos.hu\/termek\/marton-nap-busztranszfer-jegy-pecs-2025\/\"]}]},{\"@type\":\"ImageObject\",\"inLanguage\":\"en-US\",\"@id\":\"https:\/\/mokos.hu\/termek\/marton-nap-busztranszfer-jegy-pecs-2025\/#primaryimage\",\"url\":\"https:\/\/mokos.hu\/wp-content\/uploads\/2019\/08\/White_Bus_PNG_Clipart-423.png\",\"contentUrl\":\"https:\/\/mokos.hu\/wp-content\/uploads\/2019\/08\/White_Bus_PNG_Clipart-423.png\",\"width\":400,\"height\":400},{\"@type\":\"BreadcrumbList\",\"@id\":\"https:\/\/mokos.hu\/termek\/marton-nap-busztranszfer-jegy-pecs-2025\/#breadcrumb\",\"itemListElement\":[{\"@type\":\"ListItem\",\"position\":1,\"name\":\"Home\",\"item\":\"https:\/\/mokos.hu\/\"},{\"@type\":\"ListItem\",\"position\":2,\"name\":\"Term\u00e9kek\",\"item\":\"https:\/\/mokos.hu\/shop\/\"},{\"@type\":\"ListItem\",\"position\":3,\"name\":\"M\u00c1RTON NAP &#8211; Busztranszfer Jegy &#8211; P\u00c9CS &#8211; 2025\"}]},{\"@type\":\"WebSite\",\"@id\":\"https:\/\/mokos.hu\/#website\",\"url\":\"https:\/\/mokos.hu\/\",\"name\":\"MOKOS\",\"description\":\"Csal\u00e1di Pinc\u00e9szet, Palkonya\",\"publisher\":{\"@id\":\"https:\/\/mokos.hu\/#organization\"},\"potentialAction\":[{\"@type\":\"SearchAction\",\"target\":{\"@type\":\"EntryPoint\",\"urlTemplate\":\"https:\/\/mokos.hu\/?s={search_term_string}\"},\"query-input\":{\"@type\":\"PropertyValueSpecification\",\"valueRequired\":true,\"valueName\":\"search_term_string\"}}],\"inLanguage\":\"en-US\"},{\"@type\":\"Organization\",\"@id\":\"https:\/\/mokos.hu\/#organization\",\"name\":\"MOKOS\",\"url\":\"https:\/\/mokos.hu\/\",\"logo\":{\"@type\":\"ImageObject\",\"inLanguage\":\"en-US\",\"@id\":\"https:\/\/mokos.hu\/#\/schema\/logo\/image\/\",\"url\":\"https:\/\/mokos.hu\/wp-content\/uploads\/2018\/11\/cropped-Mokos_Villanyi-Borvidek-Palkonya-1.png\",\"contentUrl\":\"https:\/\/mokos.hu\/wp-content\/uploads\/2018\/11\/cropped-Mokos_Villanyi-Borvidek-Palkonya-1.png\",\"width\":1000,\"height\":245,\"caption\":\"MOKOS\"},\"image\":{\"@id\":\"https:\/\/mokos.hu\/#\/schema\/logo\/image\/\"}}]}<\/script>\n<!-- \/ Yoast SEO plugin. -->","yoast_head_json":{"title":"MARCH DAY - Bus Transfer Ticket - VIENNA - 2025 - MOKOS","description":"Comfortable bus transfer to the P\u00e9cs-Palkonya-P\u00e9cs route, so you can enjoy the Goose Bite in our Winery!","robots":{"index":"index","follow":"follow","max-snippet":"max-snippet:-1","max-image-preview":"max-image-preview:large","max-video-preview":"max-video-preview:-1"},"canonical":"https:\/\/mokos.hu\/en\/rooms\/marton-day-bus-transfer-ticket-pecs-2025\/","og_locale":"en_US","og_type":"article","og_title":"M\u00c1RTON NAP - Busztranszfer Jegy - P\u00c9CS - 2025 - MOKOS","og_description":"K\u00e9nyelmes busztranszfer P\u00e9cs-Palkonya-P\u00e9cs \u00fatvonalra, hogy \u00f6nfeledten \u00e9lvezhesd a Libalakom\u00e1t Pinc\u00e9szet\u00fcnkben!","og_url":"https:\/\/mokos.hu\/en\/rooms\/marton-day-bus-transfer-ticket-pecs-2025\/","og_site_name":"MOKOS","article_modified_time":"2025-11-10T07:28:28+00:00","og_image":[{"width":400,"height":400,"url":"https:\/\/mokos.hu\/wp-content\/uploads\/2019\/08\/White_Bus_PNG_Clipart-423.png","type":"image\/png"}],"twitter_card":"summary_large_image","twitter_misc":{"Est. reading time":"1 minute"},"schema":{"@context":"https:\/\/schema.org","@graph":[{"@type":"WebPage","@id":"https:\/\/mokos.hu\/termek\/marton-nap-busztranszfer-jegy-pecs-2025\/","url":"https:\/\/mokos.hu\/termek\/marton-nap-busztranszfer-jegy-pecs-2025\/","name":"MARCH DAY - Bus Transfer Ticket - VIENNA - 2025 - MOKOS","isPartOf":{"@id":"https:\/\/mokos.hu\/#website"},"primaryImageOfPage":{"@id":"https:\/\/mokos.hu\/termek\/marton-nap-busztranszfer-jegy-pecs-2025\/#primaryimage"},"image":{"@id":"https:\/\/mokos.hu\/termek\/marton-nap-busztranszfer-jegy-pecs-2025\/#primaryimage"},"thumbnailUrl":"https:\/\/mokos.hu\/wp-content\/uploads\/2019\/08\/White_Bus_PNG_Clipart-423.png","datePublished":"2025-04-28T08:42:34+00:00","dateModified":"2025-11-10T07:28:28+00:00","description":"Comfortable bus transfer to the P\u00e9cs-Palkonya-P\u00e9cs route, so you can enjoy the Goose Bite in our Winery!","breadcrumb":{"@id":"https:\/\/mokos.hu\/termek\/marton-nap-busztranszfer-jegy-pecs-2025\/#breadcrumb"},"inLanguage":"en-US","potentialAction":[{"@type":"ReadAction","target":["https:\/\/mokos.hu\/termek\/marton-nap-busztranszfer-jegy-pecs-2025\/"]}]},{"@type":"ImageObject","inLanguage":"en-US","@id":"https:\/\/mokos.hu\/termek\/marton-nap-busztranszfer-jegy-pecs-2025\/#primaryimage","url":"https:\/\/mokos.hu\/wp-content\/uploads\/2019\/08\/White_Bus_PNG_Clipart-423.png","contentUrl":"https:\/\/mokos.hu\/wp-content\/uploads\/2019\/08\/White_Bus_PNG_Clipart-423.png","width":400,"height":400},{"@type":"BreadcrumbList","@id":"https:\/\/mokos.hu\/termek\/marton-nap-busztranszfer-jegy-pecs-2025\/#breadcrumb","itemListElement":[{"@type":"ListItem","position":1,"name":"Home","item":"https:\/\/mokos.hu\/"},{"@type":"ListItem","position":2,"name":"Term\u00e9kek","item":"https:\/\/mokos.hu\/shop\/"},{"@type":"ListItem","position":3,"name":"M\u00c1RTON NAP &#8211; Busztranszfer Jegy &#8211; P\u00c9CS &#8211; 2025"}]},{"@type":"WebSite","@id":"https:\/\/mokos.hu\/#website","url":"https:\/\/mokos.hu\/","name":"MOKOS","description":"Family Winery, Palkonya","publisher":{"@id":"https:\/\/mokos.hu\/#organization"},"potentialAction":[{"@type":"SearchAction","target":{"@type":"EntryPoint","urlTemplate":"https:\/\/mokos.hu\/?s={search_term_string}"},"query-input":{"@type":"PropertyValueSpecification","valueRequired":true,"valueName":"search_term_string"}}],"inLanguage":"en-US"},{"@type":"Organization","@id":"https:\/\/mokos.hu\/#organization","name":"MOKOS","url":"https:\/\/mokos.hu\/","logo":{"@type":"ImageObject","inLanguage":"en-US","@id":"https:\/\/mokos.hu\/#\/schema\/logo\/image\/","url":"https:\/\/mokos.hu\/wp-content\/uploads\/2018\/11\/cropped-Mokos_Villanyi-Borvidek-Palkonya-1.png","contentUrl":"https:\/\/mokos.hu\/wp-content\/uploads\/2018\/11\/cropped-Mokos_Villanyi-Borvidek-Palkonya-1.png","width":1000,"height":245,"caption":"MOKOS"},"image":{"@id":"https:\/\/mokos.hu\/#\/schema\/logo\/image\/"}}]}},"_links":{"self":[{"href":"https:\/\/mokos.hu\/en\/wp-json\/wp\/v2\/product\/28333","targetHints":{"allow":["GET"]}}],"collection":[{"href":"https:\/\/mokos.hu\/en\/wp-json\/wp\/v2\/product"}],"about":[{"href":"https:\/\/mokos.hu\/en\/wp-json\/wp\/v2\/types\/product"}],"wp:featuredmedia":[{"embeddable":true,"href":"https:\/\/mokos.hu\/en\/wp-json\/wp\/v2\/media\/7502"}],"wp:attachment":[{"href":"https:\/\/mokos.hu\/en\/wp-json\/wp\/v2\/media?parent=28333"}],"wp:term":[{"taxonomy":"product_brand","embeddable":true,"href":"https:\/\/mokos.hu\/en\/wp-json\/wp\/v2\/product_brand?post=28333"},{"taxonomy":"product_cat","embeddable":true,"href":"https:\/\/mokos.hu\/en\/wp-json\/wp\/v2\/product_cat?post=28333"},{"taxonomy":"product_tag","embeddable":true,"href":"https:\/\/mokos.hu\/en\/wp-json\/wp\/v2\/product_tag?post=28333"}],"curies":[{"name":"wp","href":"https:\/\/api.w.org\/{rel}","templated":true}]}}