{"id":27380,"date":"2025-03-22T18:22:59","date_gmt":"2025-03-22T16:22:59","guid":{"rendered":"https:\/\/mokos.hu\/?post_type=product&#038;p=27380"},"modified":"2025-12-09T09:17:02","modified_gmt":"2025-12-09T07:17:02","slug":"cherry-wine-magnum-bottle-premium-cherry-wine","status":"publish","type":"product","link":"https:\/\/mokos.hu\/en\/termek\/meggybor-magnum-palack-premium-gyumolcsbor\/","title":{"rendered":"Sour Cherry Magnum Bottle"},"content":{"rendered":"<h5>MOCHA FRUIT WINE WITH THE FLAVOUR OF NATURE<\/h5>\n<p>In addition to the traditional Vill\u00e1ny red wines\u00a0<strong>fruit wine specialities<\/strong>\u00a0is also involved in the production of. Our aim is to introduce consumers to this wine speciality, which is still less widespread in Hungary. We consider it important that our fruit wines\u00a0<strong>made exclusively from fresh, juicy, domestically produced fruit<\/strong>\u00a0without the addition of water, colourings or flavourings.<\/p>\n<p><img fetchpriority=\"high\" decoding=\"async\" class=\"size-large wp-image-10285 aligncenter\" src=\"https:\/\/mokos.hu\/wp-content\/uploads\/2020\/08\/Mokos_Pinceszet_gyumolcsos_2000x645_14-1024x330.jpg\" alt=\"Mokos_Pinceszet_villanyiborvidek_palkonya_villanyiborok_gyumolcswein_gyumolcsos_meggy_meggywein_meggyszemek\" width=\"750\" height=\"242\" \/><\/p>\n<h5>DESSERT WINE FROM SUN-DRIED FRUIT<\/h5>\n<p>The raw material is selected from the finest fruits of our 45 hectares of orchards. The technology is very similar to that of classic grape fruit fermented wine: ripe fruit is harvested and immediately transported to the processor. The freshly picked fruit is destemmed shortly after harvesting, followed by fermentation in an oxygen-free environment to preserve the fresh flavours.<\/p>\n<p>Taste the flavour of nature in a bottle with Mokos Fruit Wine specialities<span style=\"color: #000000;\">: <a style=\"color: #000000;\" href=\"https:\/\/mokos.hu\/en\/rooms\/cherry-wine-fruit-wine\/\">Sour Cherry Wine<\/a>, <a style=\"color: #000000;\" href=\"https:\/\/mokos.hu\/en\/rooms\/strawberry-wine-apricot-wine-plum-wine\/\">Eperbor<\/a>, <a style=\"color: #000000;\" href=\"https:\/\/mokos.hu\/en\/rooms\/blackcurrant-wine-gum-wine\/\">Ribizlibor<\/a>, <a style=\"color: #000000;\" href=\"https:\/\/mokos.hu\/en\/rooms\/malnabor-cider\/\">Raspberry Wine<\/a>, <a style=\"color: #000000;\" href=\"https:\/\/mokos.hu\/en\/rooms\/cassis-wine-gum-wine\/\">Apricot Wine <\/a>or even <a href=\"https:\/\/mokos.hu\/en\/rooms\/bodzavirag-cider-bodzabor-premium-gum-wine\/\">Bodzavir\u00e1g Almabor<\/a>\u00a0<\/span>form too!<\/p>\n<p>Most of our fruit wines are sweet, but if you are a dry wine fan, try <span style=\"color: #000000;\"><a style=\"color: #000000;\" href=\"https:\/\/mokos.hu\/en\/rooms\/barrique-sour-cherry-wine\/\">our speciality cherry wine aged in barrique barrels<\/a>!<\/span><\/p>","protected":false},"excerpt":{"rendered":"<h3><strong>Unique numbered, extra large, signed edition!<\/strong><\/h3>\n<h4><em>sweet premium fruit wine - 1,5 L<\/em><\/h4>\n<p><strong>Our festive limited edition magnum bottle of 1.5 litres of Mokos Sour Cherry Wine was hand-numbered and signed by our head winemaker, P\u00e9ter.<\/strong>\u00a0<strong>Only 100 bottles in total to taste!<\/strong><\/p>\n<p>Our Sour Cherry Wine speciality is dominated by sunny, juicy sour cherries in both aroma and taste. It is an excellent accompaniment to strudel, poppy seed and cherry pastries.<\/p>\n<p>Recommended consumption temperature: 7-10\u00b0C | Capacity: 1500 ml | Unit price: 7.326 Ft\/liter<\/p>\n<h4>Personal receipt<\/h4>\n<p><strong>Our premium Sour Cherry Wine Magnum bottles are available for personal delivery only.<\/strong>\u00a0Due to the limited number of bottles, the value of the product and its fragility, it cannot be delivered by parcel service.<\/p>\n<p>Pick-up: Mokos Winery, 7771 Palkonya, Hegyalja u. 1.<\/p>\n<p><img decoding=\"async\" class=\"aligncenter wp-image-15792\" src=\"https:\/\/mokos.hu\/wp-content\/uploads\/2023\/02\/HVT_logo-250x250.png\" alt=\"Mokos_Pinceszet_Villanyi_Borvidek_Palkonyagyumolcswein_premium_desszert_bor_local_rooms_tickets\" width=\"170\" height=\"170\" srcset=\"https:\/\/mokos.hu\/wp-content\/uploads\/2023\/02\/HVT_logo-250x250.png 250w, https:\/\/mokos.hu\/wp-content\/uploads\/2023\/02\/HVT_logo-300x300.png 300w, https:\/\/mokos.hu\/wp-content\/uploads\/2023\/02\/HVT_logo-150x150.png 150w, https:\/\/mokos.hu\/wp-content\/uploads\/2023\/02\/HVT_logo-600x600.png 600w, https:\/\/mokos.hu\/wp-content\/uploads\/2023\/02\/HVT_logo-1024x1024.png 1024w, https:\/\/mokos.hu\/wp-content\/uploads\/2023\/02\/HVT_logo-400x400.png 400w, https:\/\/mokos.hu\/wp-content\/uploads\/2023\/02\/HVT_logo-100x100.png 100w, https:\/\/mokos.hu\/wp-content\/uploads\/2023\/02\/HVT_logo.png 1200w\" sizes=\"(max-width: 170px) 100vw, 170px\" \/><\/p>\n<p>Policies on ordering and purchasing\u00a0<a href=\"https:\/\/mokos.hu\/en\/uzlet\/rules\/\">HERE<\/a>\u00a0reaches.<\/p>","protected":false},"featured_media":27383,"template":"","meta":{"_acf_changed":false},"product_brand":[],"product_cat":[71],"product_tag":[152,153,116,124,352,154,155,117],"class_list":{"0":"post-27380","1":"product","2":"type-product","3":"status-publish","4":"has-post-thumbnail","6":"product_cat-mokos_gyumolcsborok","7":"product_tag-desszertbor","8":"product_tag-edes-bor","9":"product_tag-gyumolcsbor","10":"product_tag-izelmeny","11":"product_tag-magnum-palack","12":"product_tag-meggy","13":"product_tag-meggybor","14":"product_tag-mokos-gyumolcsbor","16":"first","17":"outofstock","18":"taxable","19":"shipping-taxable","20":"purchasable","21":"product-type-simple"},"acf":[],"yoast_head":"<!-- This site is optimized with the Yoast SEO plugin v27.5 - https:\/\/yoast.com\/product\/yoast-seo-wordpress\/ -->\n<title>Meggybor Magnum Palack - MOKOS Pr\u00e9mium Gy\u00fcm\u00f6lcsbor - \u00c9des - 0,5 L<\/title>\n<meta name=\"description\" content=\"100% palkonyai meggyb\u0151l k\u00e9sz\u00fclt Gy\u00fcm\u00f6lcsbor. Mokos Meggybor k\u00fcl\u00f6nlegess\u00e9g: \u00e9lj \u00e1t val\u00f3di \u00edz\u00e9lm\u00e9nyt \u00e9s \u00e9lvezd a term\u00e9szet zamat\u00e1t!\" \/>\n<meta name=\"robots\" content=\"index, follow, max-snippet:-1, max-image-preview:large, max-video-preview:-1\" \/>\n<link rel=\"canonical\" href=\"https:\/\/mokos.hu\/en\/rooms\/cherry-wine-magnum-bottle-premium-cherry-wine\/\" \/>\n<meta property=\"og:locale\" content=\"en_US\" \/>\n<meta property=\"og:type\" content=\"article\" \/>\n<meta property=\"og:title\" content=\"Mokos Meggybor - \u00e9des gy\u00fcm\u00f6lcsbor k\u00fcl\u00f6nlegess\u00e9g\" \/>\n<meta property=\"og:description\" content=\"Meggybor k\u00fcl\u00f6nlegess\u00e9g\u00fcnk illat\u00e1ban \u00e9s \u00edz\u00e9ben egyar\u00e1nt domin\u00e1nsan megjelenik a naps\u00fct\u00f6tte, zamatos meggy. K\u00f3stoljon bele \u00d6n is a term\u00e9szet palackba z\u00e1rt zamat\u00e1ba!\" \/>\n<meta property=\"og:url\" content=\"https:\/\/mokos.hu\/en\/rooms\/cherry-wine-magnum-bottle-premium-cherry-wine\/\" \/>\n<meta property=\"og:site_name\" content=\"MOKOS\" \/>\n<meta property=\"article:modified_time\" content=\"2025-12-09T07:17:02+00:00\" \/>\n<meta property=\"og:image\" content=\"https:\/\/mokos.hu\/wp-content\/uploads\/2017\/04\/Mokos_Pinceszet_gyumolcsbor_meggy_meggybor-e1600675960972.jpg\" \/>\n\t<meta property=\"og:image:width\" content=\"400\" \/>\n\t<meta property=\"og:image:height\" content=\"400\" \/>\n\t<meta property=\"og:image:type\" content=\"image\/jpeg\" \/>\n<meta name=\"twitter:card\" content=\"summary_large_image\" \/>\n<meta name=\"twitter:label1\" content=\"Est. reading time\" \/>\n\t<meta name=\"twitter:data1\" content=\"2 minutes\" \/>\n<script type=\"application\/ld+json\" class=\"yoast-schema-graph\">{\"@context\":\"https:\\\/\\\/schema.org\",\"@graph\":[{\"@type\":\"WebPage\",\"@id\":\"https:\\\/\\\/mokos.hu\\\/termek\\\/meggybor-magnum-palack-premium-gyumolcsbor\\\/\",\"url\":\"https:\\\/\\\/mokos.hu\\\/termek\\\/meggybor-magnum-palack-premium-gyumolcsbor\\\/\",\"name\":\"Meggybor Magnum Palack - MOKOS Pr\u00e9mium Gy\u00fcm\u00f6lcsbor - \u00c9des - 0,5 L\",\"isPartOf\":{\"@id\":\"https:\\\/\\\/mokos.hu\\\/#website\"},\"primaryImageOfPage\":{\"@id\":\"https:\\\/\\\/mokos.hu\\\/termek\\\/meggybor-magnum-palack-premium-gyumolcsbor\\\/#primaryimage\"},\"image\":{\"@id\":\"https:\\\/\\\/mokos.hu\\\/termek\\\/meggybor-magnum-palack-premium-gyumolcsbor\\\/#primaryimage\"},\"thumbnailUrl\":\"https:\\\/\\\/mokos.hu\\\/wp-content\\\/uploads\\\/2025\\\/03\\\/MOKOS_Magnum-Meggybor2-1.png\",\"datePublished\":\"2025-03-22T16:22:59+00:00\",\"dateModified\":\"2025-12-09T07:17:02+00:00\",\"description\":\"100% palkonyai meggyb\u0151l k\u00e9sz\u00fclt Gy\u00fcm\u00f6lcsbor. Mokos Meggybor k\u00fcl\u00f6nlegess\u00e9g: \u00e9lj \u00e1t val\u00f3di \u00edz\u00e9lm\u00e9nyt \u00e9s \u00e9lvezd a term\u00e9szet zamat\u00e1t!\",\"breadcrumb\":{\"@id\":\"https:\\\/\\\/mokos.hu\\\/termek\\\/meggybor-magnum-palack-premium-gyumolcsbor\\\/#breadcrumb\"},\"inLanguage\":\"en-US\",\"potentialAction\":[{\"@type\":\"ReadAction\",\"target\":[\"https:\\\/\\\/mokos.hu\\\/termek\\\/meggybor-magnum-palack-premium-gyumolcsbor\\\/\"]}]},{\"@type\":\"ImageObject\",\"inLanguage\":\"en-US\",\"@id\":\"https:\\\/\\\/mokos.hu\\\/termek\\\/meggybor-magnum-palack-premium-gyumolcsbor\\\/#primaryimage\",\"url\":\"https:\\\/\\\/mokos.hu\\\/wp-content\\\/uploads\\\/2025\\\/03\\\/MOKOS_Magnum-Meggybor2-1.png\",\"contentUrl\":\"https:\\\/\\\/mokos.hu\\\/wp-content\\\/uploads\\\/2025\\\/03\\\/MOKOS_Magnum-Meggybor2-1.png\",\"width\":2686,\"height\":4509},{\"@type\":\"BreadcrumbList\",\"@id\":\"https:\\\/\\\/mokos.hu\\\/termek\\\/meggybor-magnum-palack-premium-gyumolcsbor\\\/#breadcrumb\",\"itemListElement\":[{\"@type\":\"ListItem\",\"position\":1,\"name\":\"Home\",\"item\":\"https:\\\/\\\/mokos.hu\\\/\"},{\"@type\":\"ListItem\",\"position\":2,\"name\":\"Term\u00e9kek\",\"item\":\"https:\\\/\\\/mokos.hu\\\/shop\\\/\"},{\"@type\":\"ListItem\",\"position\":3,\"name\":\"Meggybor Magnum Palack\"}]},{\"@type\":\"WebSite\",\"@id\":\"https:\\\/\\\/mokos.hu\\\/#website\",\"url\":\"https:\\\/\\\/mokos.hu\\\/\",\"name\":\"MOKOS\",\"description\":\"Csal\u00e1di Pinc\u00e9szet, Palkonya\",\"publisher\":{\"@id\":\"https:\\\/\\\/mokos.hu\\\/#organization\"},\"potentialAction\":[{\"@type\":\"SearchAction\",\"target\":{\"@type\":\"EntryPoint\",\"urlTemplate\":\"https:\\\/\\\/mokos.hu\\\/?s={search_term_string}\"},\"query-input\":{\"@type\":\"PropertyValueSpecification\",\"valueRequired\":true,\"valueName\":\"search_term_string\"}}],\"inLanguage\":\"en-US\"},{\"@type\":\"Organization\",\"@id\":\"https:\\\/\\\/mokos.hu\\\/#organization\",\"name\":\"MOKOS\",\"url\":\"https:\\\/\\\/mokos.hu\\\/\",\"logo\":{\"@type\":\"ImageObject\",\"inLanguage\":\"en-US\",\"@id\":\"https:\\\/\\\/mokos.hu\\\/#\\\/schema\\\/logo\\\/image\\\/\",\"url\":\"https:\\\/\\\/mokos.hu\\\/wp-content\\\/uploads\\\/2018\\\/11\\\/cropped-Mokos_Villanyi-Borvidek-Palkonya-1.png\",\"contentUrl\":\"https:\\\/\\\/mokos.hu\\\/wp-content\\\/uploads\\\/2018\\\/11\\\/cropped-Mokos_Villanyi-Borvidek-Palkonya-1.png\",\"width\":1000,\"height\":245,\"caption\":\"MOKOS\"},\"image\":{\"@id\":\"https:\\\/\\\/mokos.hu\\\/#\\\/schema\\\/logo\\\/image\\\/\"}}]}<\/script>\n<!-- \/ Yoast SEO plugin. -->","yoast_head_json":{"title":"Meggybor Magnum Bottle - MOKOS Premium Fruit Wine - Sweet - 0,5 L","description":"100% Fruit wine made from cherries from Palkonya. Mokos Meggywein speciality: experience the real taste experience and enjoy the flavour of nature!","robots":{"index":"index","follow":"follow","max-snippet":"max-snippet:-1","max-image-preview":"max-image-preview:large","max-video-preview":"max-video-preview:-1"},"canonical":"https:\/\/mokos.hu\/en\/rooms\/cherry-wine-magnum-bottle-premium-cherry-wine\/","og_locale":"en_US","og_type":"article","og_title":"Mokos Meggybor - \u00e9des gy\u00fcm\u00f6lcsbor k\u00fcl\u00f6nlegess\u00e9g","og_description":"Meggybor k\u00fcl\u00f6nlegess\u00e9g\u00fcnk illat\u00e1ban \u00e9s \u00edz\u00e9ben egyar\u00e1nt domin\u00e1nsan megjelenik a naps\u00fct\u00f6tte, zamatos meggy. K\u00f3stoljon bele \u00d6n is a term\u00e9szet palackba z\u00e1rt zamat\u00e1ba!","og_url":"https:\/\/mokos.hu\/en\/rooms\/cherry-wine-magnum-bottle-premium-cherry-wine\/","og_site_name":"MOKOS","article_modified_time":"2025-12-09T07:17:02+00:00","og_image":[{"width":400,"height":400,"url":"https:\/\/mokos.hu\/wp-content\/uploads\/2017\/04\/Mokos_Pinceszet_gyumolcsbor_meggy_meggybor-e1600675960972.jpg","type":"image\/jpeg"}],"twitter_card":"summary_large_image","twitter_misc":{"Est. reading time":"2 minutes"},"schema":{"@context":"https:\/\/schema.org","@graph":[{"@type":"WebPage","@id":"https:\/\/mokos.hu\/termek\/meggybor-magnum-palack-premium-gyumolcsbor\/","url":"https:\/\/mokos.hu\/termek\/meggybor-magnum-palack-premium-gyumolcsbor\/","name":"Meggybor Magnum Bottle - MOKOS Premium Fruit Wine - Sweet - 0,5 L","isPartOf":{"@id":"https:\/\/mokos.hu\/#website"},"primaryImageOfPage":{"@id":"https:\/\/mokos.hu\/termek\/meggybor-magnum-palack-premium-gyumolcsbor\/#primaryimage"},"image":{"@id":"https:\/\/mokos.hu\/termek\/meggybor-magnum-palack-premium-gyumolcsbor\/#primaryimage"},"thumbnailUrl":"https:\/\/mokos.hu\/wp-content\/uploads\/2025\/03\/MOKOS_Magnum-Meggybor2-1.png","datePublished":"2025-03-22T16:22:59+00:00","dateModified":"2025-12-09T07:17:02+00:00","description":"100% Fruit wine made from cherries from Palkonya. Mokos Meggywein speciality: experience the real taste experience and enjoy the flavour of nature!","breadcrumb":{"@id":"https:\/\/mokos.hu\/termek\/meggybor-magnum-palack-premium-gyumolcsbor\/#breadcrumb"},"inLanguage":"en-US","potentialAction":[{"@type":"ReadAction","target":["https:\/\/mokos.hu\/termek\/meggybor-magnum-palack-premium-gyumolcsbor\/"]}]},{"@type":"ImageObject","inLanguage":"en-US","@id":"https:\/\/mokos.hu\/termek\/meggybor-magnum-palack-premium-gyumolcsbor\/#primaryimage","url":"https:\/\/mokos.hu\/wp-content\/uploads\/2025\/03\/MOKOS_Magnum-Meggybor2-1.png","contentUrl":"https:\/\/mokos.hu\/wp-content\/uploads\/2025\/03\/MOKOS_Magnum-Meggybor2-1.png","width":2686,"height":4509},{"@type":"BreadcrumbList","@id":"https:\/\/mokos.hu\/termek\/meggybor-magnum-palack-premium-gyumolcsbor\/#breadcrumb","itemListElement":[{"@type":"ListItem","position":1,"name":"Home","item":"https:\/\/mokos.hu\/"},{"@type":"ListItem","position":2,"name":"Term\u00e9kek","item":"https:\/\/mokos.hu\/shop\/"},{"@type":"ListItem","position":3,"name":"Meggybor Magnum Palack"}]},{"@type":"WebSite","@id":"https:\/\/mokos.hu\/#website","url":"https:\/\/mokos.hu\/","name":"MOKOS","description":"Family Winery, Palkonya","publisher":{"@id":"https:\/\/mokos.hu\/#organization"},"potentialAction":[{"@type":"SearchAction","target":{"@type":"EntryPoint","urlTemplate":"https:\/\/mokos.hu\/?s={search_term_string}"},"query-input":{"@type":"PropertyValueSpecification","valueRequired":true,"valueName":"search_term_string"}}],"inLanguage":"en-US"},{"@type":"Organization","@id":"https:\/\/mokos.hu\/#organization","name":"MOKOS","url":"https:\/\/mokos.hu\/","logo":{"@type":"ImageObject","inLanguage":"en-US","@id":"https:\/\/mokos.hu\/#\/schema\/logo\/image\/","url":"https:\/\/mokos.hu\/wp-content\/uploads\/2018\/11\/cropped-Mokos_Villanyi-Borvidek-Palkonya-1.png","contentUrl":"https:\/\/mokos.hu\/wp-content\/uploads\/2018\/11\/cropped-Mokos_Villanyi-Borvidek-Palkonya-1.png","width":1000,"height":245,"caption":"MOKOS"},"image":{"@id":"https:\/\/mokos.hu\/#\/schema\/logo\/image\/"}}]}},"_links":{"self":[{"href":"https:\/\/mokos.hu\/en\/wp-json\/wp\/v2\/product\/27380","targetHints":{"allow":["GET"]}}],"collection":[{"href":"https:\/\/mokos.hu\/en\/wp-json\/wp\/v2\/product"}],"about":[{"href":"https:\/\/mokos.hu\/en\/wp-json\/wp\/v2\/types\/product"}],"wp:featuredmedia":[{"embeddable":true,"href":"https:\/\/mokos.hu\/en\/wp-json\/wp\/v2\/media\/27383"}],"wp:attachment":[{"href":"https:\/\/mokos.hu\/en\/wp-json\/wp\/v2\/media?parent=27380"}],"wp:term":[{"taxonomy":"product_brand","embeddable":true,"href":"https:\/\/mokos.hu\/en\/wp-json\/wp\/v2\/product_brand?post=27380"},{"taxonomy":"product_cat","embeddable":true,"href":"https:\/\/mokos.hu\/en\/wp-json\/wp\/v2\/product_cat?post=27380"},{"taxonomy":"product_tag","embeddable":true,"href":"https:\/\/mokos.hu\/en\/wp-json\/wp\/v2\/product_tag?post=27380"}],"curies":[{"name":"wp","href":"https:\/\/api.w.org\/{rel}","templated":true}]}}