{"id":21701,"date":"2024-10-30T15:24:12","date_gmt":"2024-10-30T13:24:12","guid":{"rendered":"https:\/\/mokos.hu\/?post_type=product&#038;p=21701"},"modified":"2025-12-05T16:17:04","modified_gmt":"2025-12-05T14:17:04","slug":"cabernet-franc-selectio-wine-package-villanyi-vorosbor","status":"publish","type":"product","link":"https:\/\/mokos.hu\/en\/termek\/cabernet-franc-selectio-borcsomag-villanyi-vorosbor\/","title":{"rendered":"Cabernet Franc Selectio Wine package"},"content":{"rendered":"<h5>BLOODIED FRESH CLASSICUS\/premium\/super premium VILL\u00c1NYI WINE<\/h5>\n<p>Our vineyards, located in the Weingarten vineyard in the northern part of the Vill\u00e1ny wine region, are home to the typical<strong>\u00a0domestic and international varieties\u00a0<\/strong>(Portugieser, k\u00e9kfrankos, pinot noir, merlot, cabernet franc, cabernet sauvignon). Thanks to the loess and red clay soils, the sub-Mediterranean climate and the above-average yield limitation, the quality of the\u00a0<strong>Vill\u00e1ny classicus and premium wines<\/strong>We produce around 100 000 bottles a year, starting in 2008.<\/p>\n<h5>DHC MANSION<\/h5>\n<p><img fetchpriority=\"high\" decoding=\"async\" class=\"wp-image-15840 size-full alignright\" src=\"https:\/\/mokos.hu\/wp-content\/uploads\/2023\/03\/villa\u0301ny-dhc.png\" alt=\"DHC Vill\u00e1ny_villanyiborvidek_palkonya_mokos_pinceszet\" width=\"225\" height=\"225\" srcset=\"https:\/\/mokos.hu\/wp-content\/uploads\/2023\/03\/villa\u0301ny-dhc.png 225w, https:\/\/mokos.hu\/wp-content\/uploads\/2023\/03\/villa\u0301ny-dhc-150x150.png 150w, https:\/\/mokos.hu\/wp-content\/uploads\/2023\/03\/villa\u0301ny-dhc-100x100.png 100w\" sizes=\"(max-width: 225px) 100vw, 225px\" \/><\/p>\n<p>Vill\u00e1ny wine of protected origin can only be made from specific grape varieties harvested in the wine region. Vill\u00e1ny PDO wines can be identified by the words \"Districtus Hungaricus Controllatus Vill\u00e1ny\", with the cherry blossom emblem in the picture.<\/p>\n<p>Find out more about the protection of the origin of Vill\u00e1ny wines\u00a0<a href=\"https:\/\/villanyiborvidek.hu\/hu\/villanyi-borvidek\/eredetvedelem-kikerics-vedjegy\" target=\"_blank\" rel=\"noopener noreferrer\">HERE<\/a>.<\/p>","protected":false},"excerpt":{"rendered":"<h4>A Cabernet Franc h\u00e1rom arca<\/h4>\n<h4><em><strong>3 bottles of festive wine selection GIFT with a corkscrew in a box<\/strong><\/em><\/h4>\n<p><b>Choose our festive wine package of three different categories of cabernet franc Vill\u00e1ny red wines from Mokos Winery! <\/b>Discover the three different faces of the variety, from the light, fruity classicus to the fiery, full-bodied super premium red.<\/p>\n<p>Our carefully selected discount package has something for every important moment of the festive season!<\/p>\n<p><strong>The Cabernet Franc Selectio Wine Package contains:<\/strong><\/p>\n<ul>\n<li><strong>1 bottle <a href=\"https:\/\/mokos.hu\/en\/rooms\/cabernet-franc-2020-villanyi-classicus-vorosbor\/\">Cabernet Franc 2020 - classicus dry Vill\u00e1ny red wine<\/a><\/strong><\/li>\n<li><strong>1 bottle<a href=\"https:\/\/mokos.hu\/en\/rooms\/villanyi-franc-2018-premium-vorosbor\/\"> Vill\u00e1nyi Franc 2018 &#8211; premium sz\u00e1raz vill\u00e1nyi v\u00f6r\u00f6sbor<\/a><\/strong><\/li>\n<li><strong>1 bottle <a href=\"https:\/\/mokos.hu\/en\/rooms\/villanyi-franc-super-premium-2019\/\">Vill\u00e1nyi Franc 2019 - super premium dry Vill\u00e1nyi red wine<\/a><\/strong><\/li>\n<li><a href=\"https:\/\/mokos.hu\/en\/rooms\/mokos-dugohuzo\/\"><strong>GIFT 1 Mokos Plug Puller<\/strong><\/a><\/li>\n<\/ul>\n<p>A csomag teljes \u00e9rt\u00e9ke: 20.260.- Ft<\/p>\n<p>A csomag kedvezm\u00e9nyes \u00e9rt\u00e9ke: 16.790.- Ft<\/p>\n<p>The contents of the wine package cannot be modified!<\/p>\n<p><strong>AKCI\u00d3S AJ\u00c1NLATUNK A K\u00c9SZLET EREJ\u00c9IG VAGY 2025. DECEMBER 31-IG, KIZ\u00c1R\u00d3LAG WEBSHOPUNKBAN \u00c9RV\u00c9NYES.\u00a0<\/strong><\/p>\n<p>Policies on ordering and purchasing\u00a0<a href=\"https:\/\/mokos.hu\/en\/uzlet\/rules\/\">HERE<\/a>\u00a0reaches.<\/p>\n<h6><\/h6>","protected":false},"featured_media":21674,"template":"","meta":{"_acf_changed":false},"product_brand":[],"product_cat":[72],"product_tag":[125,146,120,119,136,184,249,275,158,134,220,123,274,331,142,138],"class_list":{"0":"post-21701","1":"product","2":"type-product","3":"status-publish","4":"has-post-thumbnail","6":"product_cat-borcsomagok","7":"product_tag-mokoselmeny","8":"product_tag-ajandek","9":"product_tag-akcios-termek","10":"product_tag-borvalogatas","11":"product_tag-cabernet-franc","12":"product_tag-classicus","13":"product_tag-dugohuzo","14":"product_tag-hazai-termek","15":"product_tag-karacsony","16":"product_tag-kekfrankos","17":"product_tag-meglepetes","18":"product_tag-mokos-pinceszet","19":"product_tag-premium-termek","20":"product_tag-selectio","21":"product_tag-super-premium","22":"product_tag-villanyi-franc","24":"first","25":"outofstock","26":"sale","27":"taxable","28":"shipping-taxable","29":"purchasable","30":"product-type-simple"},"acf":[],"yoast_head":"<!-- This site is optimized with the Yoast SEO plugin v27.5 - https:\/\/yoast.com\/product\/yoast-seo-wordpress\/ -->\n<title>Cabernet Franc Selectio Borcsomag - MOKOS - T\u00f6k\u00e9letes AJ\u00c1ND\u00c9K<\/title>\n<meta name=\"description\" content=\"Kar\u00e1csonyi 3 palackos Cabernet Franc Mokos borcsomag d\u00edjnyertes vill\u00e1nyi v\u00f6r\u00f6sborokkal, mely mell\u00e9 aj\u00e1nd\u00e9k Dug\u00f3h\u00faz\u00f3t csomagolunk!\" \/>\n<meta name=\"robots\" content=\"index, follow, max-snippet:-1, max-image-preview:large, max-video-preview:-1\" \/>\n<link rel=\"canonical\" href=\"https:\/\/mokos.hu\/en\/rooms\/cabernet-franc-selectio-wine-package-villanyi-vorosbor\/\" \/>\n<meta property=\"og:locale\" content=\"en_US\" \/>\n<meta property=\"og:type\" content=\"article\" \/>\n<meta property=\"og:title\" content=\"Cabernet Franc Selectio Borcsomag Aj\u00e1nd\u00e9k Mokos Dug\u00f3h\u00faz\u00f3val! - Mokos Pinc\u00e9szet\" \/>\n<meta property=\"og:description\" content=\"Kar\u00e1csonyi 3 palackos Cabernet franc Mokos borcsomag d\u00edjnyertes vill\u00e1nyi v\u00f6r\u00f6sborokkal, mely mell\u00e9 aj\u00e1nd\u00e9k Dug\u00f3h\u00faz\u00f3t csomagolunk! | Borcsomag\" \/>\n<meta property=\"og:url\" content=\"https:\/\/mokos.hu\/en\/rooms\/cabernet-franc-selectio-wine-package-villanyi-vorosbor\/\" \/>\n<meta property=\"og:site_name\" content=\"MOKOS\" \/>\n<meta property=\"article:modified_time\" content=\"2025-12-05T14:17:04+00:00\" \/>\n<meta property=\"og:image\" content=\"https:\/\/mokos.hu\/wp-content\/uploads\/2024\/10\/KARI_AJANLATOK_CF_SELECTIO_1200x1200_2024-masolat.jpg\" \/>\n\t<meta property=\"og:image:width\" content=\"1200\" \/>\n\t<meta property=\"og:image:height\" content=\"1200\" \/>\n\t<meta property=\"og:image:type\" content=\"image\/jpeg\" \/>\n<meta name=\"twitter:card\" content=\"summary_large_image\" \/>\n<meta name=\"twitter:label1\" content=\"Est. reading time\" \/>\n\t<meta name=\"twitter:data1\" content=\"1 minute\" \/>\n<script type=\"application\/ld+json\" class=\"yoast-schema-graph\">{\"@context\":\"https:\\\/\\\/schema.org\",\"@graph\":[{\"@type\":\"WebPage\",\"@id\":\"https:\\\/\\\/mokos.hu\\\/termek\\\/cabernet-franc-selectio-borcsomag-villanyi-vorosbor\\\/\",\"url\":\"https:\\\/\\\/mokos.hu\\\/termek\\\/cabernet-franc-selectio-borcsomag-villanyi-vorosbor\\\/\",\"name\":\"Cabernet Franc Selectio Borcsomag - MOKOS - T\u00f6k\u00e9letes AJ\u00c1ND\u00c9K\",\"isPartOf\":{\"@id\":\"https:\\\/\\\/mokos.hu\\\/#website\"},\"primaryImageOfPage\":{\"@id\":\"https:\\\/\\\/mokos.hu\\\/termek\\\/cabernet-franc-selectio-borcsomag-villanyi-vorosbor\\\/#primaryimage\"},\"image\":{\"@id\":\"https:\\\/\\\/mokos.hu\\\/termek\\\/cabernet-franc-selectio-borcsomag-villanyi-vorosbor\\\/#primaryimage\"},\"thumbnailUrl\":\"https:\\\/\\\/mokos.hu\\\/wp-content\\\/uploads\\\/2024\\\/10\\\/KARI_AJANLATOK_CF_SELECTIO_1200x1200_2024-masolat.jpg\",\"datePublished\":\"2024-10-30T13:24:12+00:00\",\"dateModified\":\"2025-12-05T14:17:04+00:00\",\"description\":\"Kar\u00e1csonyi 3 palackos Cabernet Franc Mokos borcsomag d\u00edjnyertes vill\u00e1nyi v\u00f6r\u00f6sborokkal, mely mell\u00e9 aj\u00e1nd\u00e9k Dug\u00f3h\u00faz\u00f3t csomagolunk!\",\"breadcrumb\":{\"@id\":\"https:\\\/\\\/mokos.hu\\\/termek\\\/cabernet-franc-selectio-borcsomag-villanyi-vorosbor\\\/#breadcrumb\"},\"inLanguage\":\"en-US\",\"potentialAction\":[{\"@type\":\"ReadAction\",\"target\":[\"https:\\\/\\\/mokos.hu\\\/termek\\\/cabernet-franc-selectio-borcsomag-villanyi-vorosbor\\\/\"]}]},{\"@type\":\"ImageObject\",\"inLanguage\":\"en-US\",\"@id\":\"https:\\\/\\\/mokos.hu\\\/termek\\\/cabernet-franc-selectio-borcsomag-villanyi-vorosbor\\\/#primaryimage\",\"url\":\"https:\\\/\\\/mokos.hu\\\/wp-content\\\/uploads\\\/2024\\\/10\\\/KARI_AJANLATOK_CF_SELECTIO_1200x1200_2024-masolat.jpg\",\"contentUrl\":\"https:\\\/\\\/mokos.hu\\\/wp-content\\\/uploads\\\/2024\\\/10\\\/KARI_AJANLATOK_CF_SELECTIO_1200x1200_2024-masolat.jpg\",\"width\":1200,\"height\":1200},{\"@type\":\"BreadcrumbList\",\"@id\":\"https:\\\/\\\/mokos.hu\\\/termek\\\/cabernet-franc-selectio-borcsomag-villanyi-vorosbor\\\/#breadcrumb\",\"itemListElement\":[{\"@type\":\"ListItem\",\"position\":1,\"name\":\"Home\",\"item\":\"https:\\\/\\\/mokos.hu\\\/\"},{\"@type\":\"ListItem\",\"position\":2,\"name\":\"Term\u00e9kek\",\"item\":\"https:\\\/\\\/mokos.hu\\\/shop\\\/\"},{\"@type\":\"ListItem\",\"position\":3,\"name\":\"Cabernet Franc Selectio Borcsomag\"}]},{\"@type\":\"WebSite\",\"@id\":\"https:\\\/\\\/mokos.hu\\\/#website\",\"url\":\"https:\\\/\\\/mokos.hu\\\/\",\"name\":\"MOKOS\",\"description\":\"Csal\u00e1di Pinc\u00e9szet, Palkonya\",\"publisher\":{\"@id\":\"https:\\\/\\\/mokos.hu\\\/#organization\"},\"potentialAction\":[{\"@type\":\"SearchAction\",\"target\":{\"@type\":\"EntryPoint\",\"urlTemplate\":\"https:\\\/\\\/mokos.hu\\\/?s={search_term_string}\"},\"query-input\":{\"@type\":\"PropertyValueSpecification\",\"valueRequired\":true,\"valueName\":\"search_term_string\"}}],\"inLanguage\":\"en-US\"},{\"@type\":\"Organization\",\"@id\":\"https:\\\/\\\/mokos.hu\\\/#organization\",\"name\":\"MOKOS\",\"url\":\"https:\\\/\\\/mokos.hu\\\/\",\"logo\":{\"@type\":\"ImageObject\",\"inLanguage\":\"en-US\",\"@id\":\"https:\\\/\\\/mokos.hu\\\/#\\\/schema\\\/logo\\\/image\\\/\",\"url\":\"https:\\\/\\\/mokos.hu\\\/wp-content\\\/uploads\\\/2018\\\/11\\\/cropped-Mokos_Villanyi-Borvidek-Palkonya-1.png\",\"contentUrl\":\"https:\\\/\\\/mokos.hu\\\/wp-content\\\/uploads\\\/2018\\\/11\\\/cropped-Mokos_Villanyi-Borvidek-Palkonya-1.png\",\"width\":1000,\"height\":245,\"caption\":\"MOKOS\"},\"image\":{\"@id\":\"https:\\\/\\\/mokos.hu\\\/#\\\/schema\\\/logo\\\/image\\\/\"}}]}<\/script>\n<!-- \/ Yoast SEO plugin. -->","yoast_head_json":{"title":"Cabernet Franc Selectio Wine Package - MOKOS - Perfect GIFT","description":"Christmas 3-bottle Cabernet Franc Mokos wine package with award-winning Vill\u00e1ny red wines, accompanied by a free gift of a plug!","robots":{"index":"index","follow":"follow","max-snippet":"max-snippet:-1","max-image-preview":"max-image-preview:large","max-video-preview":"max-video-preview:-1"},"canonical":"https:\/\/mokos.hu\/en\/rooms\/cabernet-franc-selectio-wine-package-villanyi-vorosbor\/","og_locale":"en_US","og_type":"article","og_title":"Cabernet Franc Selectio Borcsomag Aj\u00e1nd\u00e9k Mokos Dug\u00f3h\u00faz\u00f3val! - Mokos Pinc\u00e9szet","og_description":"Kar\u00e1csonyi 3 palackos Cabernet franc Mokos borcsomag d\u00edjnyertes vill\u00e1nyi v\u00f6r\u00f6sborokkal, mely mell\u00e9 aj\u00e1nd\u00e9k Dug\u00f3h\u00faz\u00f3t csomagolunk! | Borcsomag","og_url":"https:\/\/mokos.hu\/en\/rooms\/cabernet-franc-selectio-wine-package-villanyi-vorosbor\/","og_site_name":"MOKOS","article_modified_time":"2025-12-05T14:17:04+00:00","og_image":[{"width":1200,"height":1200,"url":"https:\/\/mokos.hu\/wp-content\/uploads\/2024\/10\/KARI_AJANLATOK_CF_SELECTIO_1200x1200_2024-masolat.jpg","type":"image\/jpeg"}],"twitter_card":"summary_large_image","twitter_misc":{"Est. reading time":"1 minute"},"schema":{"@context":"https:\/\/schema.org","@graph":[{"@type":"WebPage","@id":"https:\/\/mokos.hu\/termek\/cabernet-franc-selectio-borcsomag-villanyi-vorosbor\/","url":"https:\/\/mokos.hu\/termek\/cabernet-franc-selectio-borcsomag-villanyi-vorosbor\/","name":"Cabernet Franc Selectio Wine Package - MOKOS - Perfect GIFT","isPartOf":{"@id":"https:\/\/mokos.hu\/#website"},"primaryImageOfPage":{"@id":"https:\/\/mokos.hu\/termek\/cabernet-franc-selectio-borcsomag-villanyi-vorosbor\/#primaryimage"},"image":{"@id":"https:\/\/mokos.hu\/termek\/cabernet-franc-selectio-borcsomag-villanyi-vorosbor\/#primaryimage"},"thumbnailUrl":"https:\/\/mokos.hu\/wp-content\/uploads\/2024\/10\/KARI_AJANLATOK_CF_SELECTIO_1200x1200_2024-masolat.jpg","datePublished":"2024-10-30T13:24:12+00:00","dateModified":"2025-12-05T14:17:04+00:00","description":"Christmas 3-bottle Cabernet Franc Mokos wine package with award-winning Vill\u00e1ny red wines, accompanied by a free gift of a plug!","breadcrumb":{"@id":"https:\/\/mokos.hu\/termek\/cabernet-franc-selectio-borcsomag-villanyi-vorosbor\/#breadcrumb"},"inLanguage":"en-US","potentialAction":[{"@type":"ReadAction","target":["https:\/\/mokos.hu\/termek\/cabernet-franc-selectio-borcsomag-villanyi-vorosbor\/"]}]},{"@type":"ImageObject","inLanguage":"en-US","@id":"https:\/\/mokos.hu\/termek\/cabernet-franc-selectio-borcsomag-villanyi-vorosbor\/#primaryimage","url":"https:\/\/mokos.hu\/wp-content\/uploads\/2024\/10\/KARI_AJANLATOK_CF_SELECTIO_1200x1200_2024-masolat.jpg","contentUrl":"https:\/\/mokos.hu\/wp-content\/uploads\/2024\/10\/KARI_AJANLATOK_CF_SELECTIO_1200x1200_2024-masolat.jpg","width":1200,"height":1200},{"@type":"BreadcrumbList","@id":"https:\/\/mokos.hu\/termek\/cabernet-franc-selectio-borcsomag-villanyi-vorosbor\/#breadcrumb","itemListElement":[{"@type":"ListItem","position":1,"name":"Home","item":"https:\/\/mokos.hu\/"},{"@type":"ListItem","position":2,"name":"Term\u00e9kek","item":"https:\/\/mokos.hu\/shop\/"},{"@type":"ListItem","position":3,"name":"Cabernet Franc Selectio Borcsomag"}]},{"@type":"WebSite","@id":"https:\/\/mokos.hu\/#website","url":"https:\/\/mokos.hu\/","name":"MOKOS","description":"Family Winery, Palkonya","publisher":{"@id":"https:\/\/mokos.hu\/#organization"},"potentialAction":[{"@type":"SearchAction","target":{"@type":"EntryPoint","urlTemplate":"https:\/\/mokos.hu\/?s={search_term_string}"},"query-input":{"@type":"PropertyValueSpecification","valueRequired":true,"valueName":"search_term_string"}}],"inLanguage":"en-US"},{"@type":"Organization","@id":"https:\/\/mokos.hu\/#organization","name":"MOKOS","url":"https:\/\/mokos.hu\/","logo":{"@type":"ImageObject","inLanguage":"en-US","@id":"https:\/\/mokos.hu\/#\/schema\/logo\/image\/","url":"https:\/\/mokos.hu\/wp-content\/uploads\/2018\/11\/cropped-Mokos_Villanyi-Borvidek-Palkonya-1.png","contentUrl":"https:\/\/mokos.hu\/wp-content\/uploads\/2018\/11\/cropped-Mokos_Villanyi-Borvidek-Palkonya-1.png","width":1000,"height":245,"caption":"MOKOS"},"image":{"@id":"https:\/\/mokos.hu\/#\/schema\/logo\/image\/"}}]}},"_links":{"self":[{"href":"https:\/\/mokos.hu\/en\/wp-json\/wp\/v2\/product\/21701","targetHints":{"allow":["GET"]}}],"collection":[{"href":"https:\/\/mokos.hu\/en\/wp-json\/wp\/v2\/product"}],"about":[{"href":"https:\/\/mokos.hu\/en\/wp-json\/wp\/v2\/types\/product"}],"wp:featuredmedia":[{"embeddable":true,"href":"https:\/\/mokos.hu\/en\/wp-json\/wp\/v2\/media\/21674"}],"wp:attachment":[{"href":"https:\/\/mokos.hu\/en\/wp-json\/wp\/v2\/media?parent=21701"}],"wp:term":[{"taxonomy":"product_brand","embeddable":true,"href":"https:\/\/mokos.hu\/en\/wp-json\/wp\/v2\/product_brand?post=21701"},{"taxonomy":"product_cat","embeddable":true,"href":"https:\/\/mokos.hu\/en\/wp-json\/wp\/v2\/product_cat?post=21701"},{"taxonomy":"product_tag","embeddable":true,"href":"https:\/\/mokos.hu\/en\/wp-json\/wp\/v2\/product_tag?post=21701"}],"curies":[{"name":"wp","href":"https:\/\/api.w.org\/{rel}","templated":true}]}}