{"id":21467,"date":"2024-09-09T16:32:14","date_gmt":"2024-09-09T14:32:14","guid":{"rendered":"https:\/\/mokos.hu\/?post_type=product&#038;p=21467"},"modified":"2025-03-24T13:48:02","modified_gmt":"2025-03-24T11:48:02","slug":"szilveszter-busztranszfer-jegy-villany-2024","status":"publish","type":"product","link":"https:\/\/mokos.hu\/en\/termek\/szilveszter-busztranszfer-jegy-villany-2024\/","title":{"rendered":"SZILVESZTER Bus Transfer Ticket - VILL\u00c1NY 2024"},"content":{"rendered":"","protected":false},"excerpt":{"rendered":"<p>Comfortable bus transfer to Vill\u00e1ny-Palkonya-Vill\u00e1ny route, so you can enjoy the New Year's Eve fun in our Winery!<\/p>\n<p>(The bus stops at several stops. Specific information on the stops will be sent out before the event!)<\/p>\n<div class=\"wpb_text_column wpb_content_element\">\n<div class=\"wpb_wrapper\">\n<p><em>The purchase can be cancelled at any time without any consequences before pressing the \"Pay\" or \"Order with payment obligation\" button. The Customer may not exercise the right of withdrawal or the right of termination pursuant to Article 29 (1) l) of Government Decree 45\/2014 (II.26.) if the Event Ticket is valid for a specific date (specific day, deadline) or can be used during a specific period. In such a case, the Service Provider is not entitled to return the Ticket or refund the value of the purchase.<\/em><\/p>\n<\/div>\n<\/div>\n<p>Details of the event:\u00a0<a href=\"https:\/\/mokos.hu\/en\/new-years-eve-party-in-the-mokos-basement-buek\/\"><strong>HERE<\/strong>.<\/a><\/p>\n<p>Policies on ordering and purchasing\u00a0<a href=\"https:\/\/mokos.hu\/en\/uzlet\/rules\/\">HERE<\/a>\u00a0reaches.<\/p>","protected":false},"featured_media":13058,"template":"","meta":{"_acf_changed":false},"product_brand":[],"product_cat":[112,73],"product_tag":[],"class_list":{"0":"post-21467","1":"product","2":"type-product","3":"status-publish","4":"has-post-thumbnail","6":"product_cat-transzferjegyek","7":"product_cat-rendezvenyek","9":"first","10":"outofstock","11":"virtual","12":"taxable","13":"purchasable","14":"product-type-simple"},"acf":[],"yoast_head":"<!-- This site is optimized with the Yoast SEO plugin v27.1.1 - https:\/\/yoast.com\/product\/yoast-seo-wordpress\/ -->\n<title>SZILVESZTER Busztranszfer Jegy - VILL\u00c1NY 2024 - MOKOS<\/title>\n<meta name=\"description\" content=\"K\u00e9nyelmes busztranszfer Vill\u00e1ny-Palkonya-Vill\u00e1ny \u00fatvonalra, hogy \u00f6nfeledten \u00e9lvezhesd a Szilveszteri Mulats\u00e1got Pinc\u00e9szet\u00fcnkben!\" \/>\n<meta name=\"robots\" content=\"index, follow, max-snippet:-1, max-image-preview:large, max-video-preview:-1\" \/>\n<link rel=\"canonical\" href=\"https:\/\/mokos.hu\/en\/rooms\/szilveszter-busztranszfer-jegy-villany-2024\/\" \/>\n<meta property=\"og:locale\" content=\"en_US\" \/>\n<meta property=\"og:type\" content=\"article\" \/>\n<meta property=\"og:title\" content=\"SZILVESZTER Busztranszfer Jegy - VILL\u00c1NY 2024 - MOKOS\" \/>\n<meta property=\"og:description\" content=\"K\u00e9nyelmes busztranszfer Vill\u00e1ny-Palkonya-Vill\u00e1ny \u00fatvonalra, hogy \u00f6nfeledten \u00e9lvezhesd a Szilveszteri Mulats\u00e1got Pinc\u00e9szet\u00fcnkben!\" \/>\n<meta property=\"og:url\" content=\"https:\/\/mokos.hu\/en\/rooms\/szilveszter-busztranszfer-jegy-villany-2024\/\" \/>\n<meta property=\"og:site_name\" content=\"MOKOS\" \/>\n<meta property=\"article:modified_time\" content=\"2025-03-24T11:48:02+00:00\" \/>\n<meta property=\"og:image\" content=\"https:\/\/mokos.hu\/wp-content\/uploads\/2021\/07\/bus-szilveszter.png\" \/>\n\t<meta property=\"og:image:width\" content=\"400\" \/>\n\t<meta property=\"og:image:height\" content=\"400\" \/>\n\t<meta property=\"og:image:type\" content=\"image\/png\" \/>\n<meta name=\"twitter:card\" content=\"summary_large_image\" \/>\n<meta name=\"twitter:label1\" content=\"Est. reading time\" \/>\n\t<meta name=\"twitter:data1\" content=\"1 minute\" \/>\n<script type=\"application\/ld+json\" class=\"yoast-schema-graph\">{\"@context\":\"https:\/\/schema.org\",\"@graph\":[{\"@type\":\"WebPage\",\"@id\":\"https:\/\/mokos.hu\/termek\/szilveszter-busztranszfer-jegy-villany-2024\/\",\"url\":\"https:\/\/mokos.hu\/termek\/szilveszter-busztranszfer-jegy-villany-2024\/\",\"name\":\"SZILVESZTER Busztranszfer Jegy - VILL\u00c1NY 2024 - MOKOS\",\"isPartOf\":{\"@id\":\"https:\/\/mokos.hu\/#website\"},\"primaryImageOfPage\":{\"@id\":\"https:\/\/mokos.hu\/termek\/szilveszter-busztranszfer-jegy-villany-2024\/#primaryimage\"},\"image\":{\"@id\":\"https:\/\/mokos.hu\/termek\/szilveszter-busztranszfer-jegy-villany-2024\/#primaryimage\"},\"thumbnailUrl\":\"https:\/\/mokos.hu\/wp-content\/uploads\/2021\/07\/bus-szilveszter.png\",\"datePublished\":\"2024-09-09T14:32:14+00:00\",\"dateModified\":\"2025-03-24T11:48:02+00:00\",\"description\":\"K\u00e9nyelmes busztranszfer Vill\u00e1ny-Palkonya-Vill\u00e1ny \u00fatvonalra, hogy \u00f6nfeledten \u00e9lvezhesd a Szilveszteri Mulats\u00e1got Pinc\u00e9szet\u00fcnkben!\",\"breadcrumb\":{\"@id\":\"https:\/\/mokos.hu\/termek\/szilveszter-busztranszfer-jegy-villany-2024\/#breadcrumb\"},\"inLanguage\":\"en-US\",\"potentialAction\":[{\"@type\":\"ReadAction\",\"target\":[\"https:\/\/mokos.hu\/termek\/szilveszter-busztranszfer-jegy-villany-2024\/\"]}]},{\"@type\":\"ImageObject\",\"inLanguage\":\"en-US\",\"@id\":\"https:\/\/mokos.hu\/termek\/szilveszter-busztranszfer-jegy-villany-2024\/#primaryimage\",\"url\":\"https:\/\/mokos.hu\/wp-content\/uploads\/2021\/07\/bus-szilveszter.png\",\"contentUrl\":\"https:\/\/mokos.hu\/wp-content\/uploads\/2021\/07\/bus-szilveszter.png\",\"width\":400,\"height\":400},{\"@type\":\"BreadcrumbList\",\"@id\":\"https:\/\/mokos.hu\/termek\/szilveszter-busztranszfer-jegy-villany-2024\/#breadcrumb\",\"itemListElement\":[{\"@type\":\"ListItem\",\"position\":1,\"name\":\"Home\",\"item\":\"https:\/\/mokos.hu\/\"},{\"@type\":\"ListItem\",\"position\":2,\"name\":\"Term\u00e9kek\",\"item\":\"https:\/\/mokos.hu\/shop\/\"},{\"@type\":\"ListItem\",\"position\":3,\"name\":\"SZILVESZTER Busztranszfer Jegy &#8211; VILL\u00c1NY 2024\"}]},{\"@type\":\"WebSite\",\"@id\":\"https:\/\/mokos.hu\/#website\",\"url\":\"https:\/\/mokos.hu\/\",\"name\":\"MOKOS\",\"description\":\"Csal\u00e1di Pinc\u00e9szet, Palkonya\",\"publisher\":{\"@id\":\"https:\/\/mokos.hu\/#organization\"},\"potentialAction\":[{\"@type\":\"SearchAction\",\"target\":{\"@type\":\"EntryPoint\",\"urlTemplate\":\"https:\/\/mokos.hu\/?s={search_term_string}\"},\"query-input\":{\"@type\":\"PropertyValueSpecification\",\"valueRequired\":true,\"valueName\":\"search_term_string\"}}],\"inLanguage\":\"en-US\"},{\"@type\":\"Organization\",\"@id\":\"https:\/\/mokos.hu\/#organization\",\"name\":\"MOKOS\",\"url\":\"https:\/\/mokos.hu\/\",\"logo\":{\"@type\":\"ImageObject\",\"inLanguage\":\"en-US\",\"@id\":\"https:\/\/mokos.hu\/#\/schema\/logo\/image\/\",\"url\":\"https:\/\/mokos.hu\/wp-content\/uploads\/2018\/11\/cropped-Mokos_Villanyi-Borvidek-Palkonya-1.png\",\"contentUrl\":\"https:\/\/mokos.hu\/wp-content\/uploads\/2018\/11\/cropped-Mokos_Villanyi-Borvidek-Palkonya-1.png\",\"width\":1000,\"height\":245,\"caption\":\"MOKOS\"},\"image\":{\"@id\":\"https:\/\/mokos.hu\/#\/schema\/logo\/image\/\"}}]}<\/script>\n<!-- \/ Yoast SEO plugin. -->","yoast_head_json":{"title":"SZILVESZTER Busztranszfer Jegy - VILL\u00c1NY 2024 - MOKOS","description":"Comfortable bus transfer to Vill\u00e1ny-Palkonya-Vill\u00e1ny route, so you can enjoy the New Year's Eve fun in our Winery!","robots":{"index":"index","follow":"follow","max-snippet":"max-snippet:-1","max-image-preview":"max-image-preview:large","max-video-preview":"max-video-preview:-1"},"canonical":"https:\/\/mokos.hu\/en\/rooms\/szilveszter-busztranszfer-jegy-villany-2024\/","og_locale":"en_US","og_type":"article","og_title":"SZILVESZTER Busztranszfer Jegy - VILL\u00c1NY 2024 - MOKOS","og_description":"K\u00e9nyelmes busztranszfer Vill\u00e1ny-Palkonya-Vill\u00e1ny \u00fatvonalra, hogy \u00f6nfeledten \u00e9lvezhesd a Szilveszteri Mulats\u00e1got Pinc\u00e9szet\u00fcnkben!","og_url":"https:\/\/mokos.hu\/en\/rooms\/szilveszter-busztranszfer-jegy-villany-2024\/","og_site_name":"MOKOS","article_modified_time":"2025-03-24T11:48:02+00:00","og_image":[{"width":400,"height":400,"url":"https:\/\/mokos.hu\/wp-content\/uploads\/2021\/07\/bus-szilveszter.png","type":"image\/png"}],"twitter_card":"summary_large_image","twitter_misc":{"Est. reading time":"1 minute"},"schema":{"@context":"https:\/\/schema.org","@graph":[{"@type":"WebPage","@id":"https:\/\/mokos.hu\/termek\/szilveszter-busztranszfer-jegy-villany-2024\/","url":"https:\/\/mokos.hu\/termek\/szilveszter-busztranszfer-jegy-villany-2024\/","name":"SZILVESZTER Busztranszfer Jegy - VILL\u00c1NY 2024 - MOKOS","isPartOf":{"@id":"https:\/\/mokos.hu\/#website"},"primaryImageOfPage":{"@id":"https:\/\/mokos.hu\/termek\/szilveszter-busztranszfer-jegy-villany-2024\/#primaryimage"},"image":{"@id":"https:\/\/mokos.hu\/termek\/szilveszter-busztranszfer-jegy-villany-2024\/#primaryimage"},"thumbnailUrl":"https:\/\/mokos.hu\/wp-content\/uploads\/2021\/07\/bus-szilveszter.png","datePublished":"2024-09-09T14:32:14+00:00","dateModified":"2025-03-24T11:48:02+00:00","description":"Comfortable bus transfer to Vill\u00e1ny-Palkonya-Vill\u00e1ny route, so you can enjoy the New Year's Eve fun in our Winery!","breadcrumb":{"@id":"https:\/\/mokos.hu\/termek\/szilveszter-busztranszfer-jegy-villany-2024\/#breadcrumb"},"inLanguage":"en-US","potentialAction":[{"@type":"ReadAction","target":["https:\/\/mokos.hu\/termek\/szilveszter-busztranszfer-jegy-villany-2024\/"]}]},{"@type":"ImageObject","inLanguage":"en-US","@id":"https:\/\/mokos.hu\/termek\/szilveszter-busztranszfer-jegy-villany-2024\/#primaryimage","url":"https:\/\/mokos.hu\/wp-content\/uploads\/2021\/07\/bus-szilveszter.png","contentUrl":"https:\/\/mokos.hu\/wp-content\/uploads\/2021\/07\/bus-szilveszter.png","width":400,"height":400},{"@type":"BreadcrumbList","@id":"https:\/\/mokos.hu\/termek\/szilveszter-busztranszfer-jegy-villany-2024\/#breadcrumb","itemListElement":[{"@type":"ListItem","position":1,"name":"Home","item":"https:\/\/mokos.hu\/"},{"@type":"ListItem","position":2,"name":"Term\u00e9kek","item":"https:\/\/mokos.hu\/shop\/"},{"@type":"ListItem","position":3,"name":"SZILVESZTER Busztranszfer Jegy &#8211; VILL\u00c1NY 2024"}]},{"@type":"WebSite","@id":"https:\/\/mokos.hu\/#website","url":"https:\/\/mokos.hu\/","name":"MOKOS","description":"Family Winery, Palkonya","publisher":{"@id":"https:\/\/mokos.hu\/#organization"},"potentialAction":[{"@type":"SearchAction","target":{"@type":"EntryPoint","urlTemplate":"https:\/\/mokos.hu\/?s={search_term_string}"},"query-input":{"@type":"PropertyValueSpecification","valueRequired":true,"valueName":"search_term_string"}}],"inLanguage":"en-US"},{"@type":"Organization","@id":"https:\/\/mokos.hu\/#organization","name":"MOKOS","url":"https:\/\/mokos.hu\/","logo":{"@type":"ImageObject","inLanguage":"en-US","@id":"https:\/\/mokos.hu\/#\/schema\/logo\/image\/","url":"https:\/\/mokos.hu\/wp-content\/uploads\/2018\/11\/cropped-Mokos_Villanyi-Borvidek-Palkonya-1.png","contentUrl":"https:\/\/mokos.hu\/wp-content\/uploads\/2018\/11\/cropped-Mokos_Villanyi-Borvidek-Palkonya-1.png","width":1000,"height":245,"caption":"MOKOS"},"image":{"@id":"https:\/\/mokos.hu\/#\/schema\/logo\/image\/"}}]}},"_links":{"self":[{"href":"https:\/\/mokos.hu\/en\/wp-json\/wp\/v2\/product\/21467","targetHints":{"allow":["GET"]}}],"collection":[{"href":"https:\/\/mokos.hu\/en\/wp-json\/wp\/v2\/product"}],"about":[{"href":"https:\/\/mokos.hu\/en\/wp-json\/wp\/v2\/types\/product"}],"wp:featuredmedia":[{"embeddable":true,"href":"https:\/\/mokos.hu\/en\/wp-json\/wp\/v2\/media\/13058"}],"wp:attachment":[{"href":"https:\/\/mokos.hu\/en\/wp-json\/wp\/v2\/media?parent=21467"}],"wp:term":[{"taxonomy":"product_brand","embeddable":true,"href":"https:\/\/mokos.hu\/en\/wp-json\/wp\/v2\/product_brand?post=21467"},{"taxonomy":"product_cat","embeddable":true,"href":"https:\/\/mokos.hu\/en\/wp-json\/wp\/v2\/product_cat?post=21467"},{"taxonomy":"product_tag","embeddable":true,"href":"https:\/\/mokos.hu\/en\/wp-json\/wp\/v2\/product_tag?post=21467"}],"curies":[{"name":"wp","href":"https:\/\/api.w.org\/{rel}","templated":true}]}}