{"id":17717,"date":"2024-05-24T13:01:16","date_gmt":"2024-05-24T11:01:16","guid":{"rendered":"https:\/\/mokos.hu\/?post_type=product&#038;p=17717"},"modified":"2026-01-10T13:44:26","modified_gmt":"2026-01-10T11:44:26","slug":"villanyi-franc-super-premium-2019","status":"publish","type":"product","link":"https:\/\/mokos.hu\/en\/termek\/villanyi-franc-super-premium-2019\/","title":{"rendered":"Vill\u00e1nyi Franc Super Premium 2019"},"content":{"rendered":"<h5>SUPER PREMIUM VILL\u00c1NY WINE OF PROTECTED ORIGIN<\/h5>\n<p>Our vineyards, located in the Weingarten vineyard in the northern part of the Vill\u00e1ny wine region, are home to the typical<strong>\u00a0domestic and international varieties\u00a0<\/strong>(Portugieser, k\u00e9kfrankos, pinot noir, merlot, cabernet franc, cabernet sauvignon). Thanks to the loess and red clay soils, the sub-Mediterranean climate and the above-average yield limitation, the quality of the\u00a0<strong>Vill\u00e1ny classicus and premium wines<\/strong>We produce around 100 000 bottles a year, starting in 2008.<\/p>\n<h5>DHC MANSION<\/h5>\n<p><img fetchpriority=\"high\" decoding=\"async\" class=\"wp-image-15840 size-full alignright\" src=\"https:\/\/mokos.hu\/wp-content\/uploads\/2023\/03\/villa\u0301ny-dhc.png\" alt=\"DHC Vill\u00e1ny_villanyiborvidek_palkonya_mokos_pinceszet\" width=\"225\" height=\"225\" srcset=\"https:\/\/mokos.hu\/wp-content\/uploads\/2023\/03\/villa\u0301ny-dhc.png 225w, https:\/\/mokos.hu\/wp-content\/uploads\/2023\/03\/villa\u0301ny-dhc-150x150.png 150w, https:\/\/mokos.hu\/wp-content\/uploads\/2023\/03\/villa\u0301ny-dhc-100x100.png 100w\" sizes=\"(max-width: 225px) 100vw, 225px\" \/><\/p>\n<p>Vill\u00e1ny wine of protected origin can only be made from specific grape varieties harvested in the wine region. Vill\u00e1ny PDO wines can be identified by the words \"Districtus Hungaricus Controllatus Vill\u00e1ny\", with the cherry blossom emblem in the picture.<\/p>\n<p>Find out more about the protection of the origin of Vill\u00e1ny wines\u00a0<a href=\"https:\/\/villanyiborvidek.hu\/hu\/villanyi-borvidek\/eredetvedelem-kikerics-vedjegy\" target=\"_blank\" rel=\"noopener noreferrer\">HERE<\/a>.<\/p>","protected":false},"excerpt":{"rendered":"<h5><strong>Gold Medal - 2024 Berliner WineTrophy Wine Competition<\/strong><\/h5>\n<h5><strong>Arany\u00e9rem &#8211; Figyel\u0151 Top100 Magyar Bor<\/strong><\/h5>\n<h5><strong>Arany\u00e9rem &#8211;\u00a0 Vill\u00e1nyi Borverseny 2023<\/strong><\/h5>\n<h5><strong>Gold Medal - XXXIX St George's Day Wine Competition<\/strong><\/h5>\n<h5><\/h5>\n<h3><strong>A full-bodied red wine of high complexity, with fruity notes complemented by barrel spices<\/strong><\/h3>\n<h4><em>super premium red wine<\/em><\/h4>\n<p>A vill\u00e1nyi borvid\u00e9k Super Premium kateg\u00f3ri\u00e1j\u00fa z\u00e1szl\u00f3sbora a Vill\u00e1nyi Franc. Fajt\u00e1ra jellemz\u0151 fekete bogy\u00f3s gy\u00fcm\u00f6lcs\u00f6k domin\u00e1lnak a borban, melyet a 22 h\u00f3napos t\u00f6lgyfahord\u00f3s \u00e9rlel\u00e9s \u00edzjegyei eg\u00e9sz\u00edtenek ki. A pinc\u00e9szet fajta cs\u00facsbora csup\u00e1n k\u00fcl\u00f6nleges \u00e9vj\u00e1ratokban k\u00e9sz\u00fcl, \u00edgy garant\u00e1lva az egyedi \u00e9s komplex k\u00f3stol\u00e1si \u00e9lm\u00e9nyt.<\/p>\n<p>The best parts of our Cabernet Franc vineyards in the Weingarten vineyard are calibrated to low vineyard pressure from pruning onwards to achieve concentrated flavours. Depending on the vintage, we also produce Premium and Super Premium Franc, which are fermented in separate tanks. During the barrel ageing process, the best barrels are selected and these batches make up our Super Premium category Vill\u00e1nyi Franc.<\/p>\n<p>Recommended consumption temperature: 16-18\u00b0C.<\/p>\n<p>A great choice for roasts, game and smoked cheeses.<\/p>\n<p>Capacity: 750 ml<\/p>\n<p>Unit price: 12.653 Ft\/L<\/p>\n<p>&nbsp;<\/p>\n<p>Policies on ordering and purchasing <a href=\"https:\/\/mokos.hu\/en\/uzlet\/rules\/\">HERE<\/a> reaches.<\/p>","protected":false},"featured_media":29596,"template":"","meta":{"_acf_changed":false},"product_brand":[],"product_cat":[70],"product_tag":[136,179,123,142,200,180,137,129,138,132],"class_list":{"0":"post-17717","1":"product","2":"type-product","3":"status-publish","4":"has-post-thumbnail","6":"product_cat-villany_mokos_borok","7":"product_tag-cabernet-franc","8":"product_tag-dhc-villany","9":"product_tag-mokos-pinceszet","10":"product_tag-super-premium","11":"product_tag-super-premium-vorosbor","12":"product_tag-szaraz-vorosbor","13":"product_tag-villanyi-borok","14":"product_tag-villanyi-borvidek","15":"product_tag-villanyi-franc","16":"product_tag-vorosbor","18":"first","19":"instock","20":"taxable","21":"shipping-taxable","22":"purchasable","23":"product-type-simple"},"acf":[],"yoast_head":"<!-- This site is optimized with the Yoast SEO plugin v27.5 - https:\/\/yoast.com\/product\/yoast-seo-wordpress\/ -->\n<title>Vill\u00e1nyi Franc Super Premium 2019 - MOKOS Pinc\u00e9szet - Vill\u00e1nyi Borvid\u00e9k<\/title>\n<meta name=\"description\" content=\"SUPER PREMIUM Vill\u00e1nyi Franc a Mokos Pinc\u00e9szett\u0151l: 100% Cabernet Franc fajt\u00e1b\u00f3l k\u00e9sz\u00fclt, karakteres, testes, f\u00e9rfias vill\u00e1nyi v\u00f6r\u00f6sbor.\" \/>\n<meta name=\"robots\" content=\"index, follow, max-snippet:-1, max-image-preview:large, max-video-preview:-1\" \/>\n<link rel=\"canonical\" href=\"https:\/\/mokos.hu\/en\/rooms\/villanyi-franc-super-premium-2019\/\" \/>\n<meta property=\"og:locale\" content=\"en_US\" \/>\n<meta property=\"og:type\" content=\"article\" \/>\n<meta property=\"og:title\" content=\"Vill\u00e1nyi Franc Super Premium 2019 - MOKOS Pinc\u00e9szet - Vill\u00e1nyi Borvid\u00e9k\" \/>\n<meta property=\"og:description\" content=\"SUPER PREMIUM Vill\u00e1nyi Franc a Mokos Pinc\u00e9szett\u0151l: 100% Cabernet Franc fajt\u00e1b\u00f3l k\u00e9sz\u00fclt, karakteres, testes, f\u00e9rfias vill\u00e1nyi v\u00f6r\u00f6sbor.\" \/>\n<meta property=\"og:url\" content=\"https:\/\/mokos.hu\/en\/rooms\/villanyi-franc-super-premium-2019\/\" \/>\n<meta property=\"og:site_name\" content=\"MOKOS\" \/>\n<meta property=\"article:modified_time\" content=\"2026-01-10T11:44:26+00:00\" \/>\n<meta property=\"og:image\" content=\"https:\/\/mokos.hu\/wp-content\/uploads\/2020\/04\/IMG_3042-scaled-e1600681870302.jpg\" \/>\n\t<meta property=\"og:image:width\" content=\"800\" \/>\n\t<meta property=\"og:image:height\" content=\"1200\" \/>\n\t<meta property=\"og:image:type\" content=\"image\/jpeg\" \/>\n<meta name=\"twitter:card\" content=\"summary_large_image\" \/>\n<meta name=\"twitter:label1\" content=\"Est. reading time\" \/>\n\t<meta name=\"twitter:data1\" content=\"1 minute\" \/>\n<script type=\"application\/ld+json\" class=\"yoast-schema-graph\">{\"@context\":\"https:\\\/\\\/schema.org\",\"@graph\":[{\"@type\":\"WebPage\",\"@id\":\"https:\\\/\\\/mokos.hu\\\/termek\\\/villanyi-franc-super-premium-2019\\\/\",\"url\":\"https:\\\/\\\/mokos.hu\\\/termek\\\/villanyi-franc-super-premium-2019\\\/\",\"name\":\"Vill\u00e1nyi Franc Super Premium 2019 - MOKOS Pinc\u00e9szet - Vill\u00e1nyi Borvid\u00e9k\",\"isPartOf\":{\"@id\":\"https:\\\/\\\/mokos.hu\\\/#website\"},\"primaryImageOfPage\":{\"@id\":\"https:\\\/\\\/mokos.hu\\\/termek\\\/villanyi-franc-super-premium-2019\\\/#primaryimage\"},\"image\":{\"@id\":\"https:\\\/\\\/mokos.hu\\\/termek\\\/villanyi-franc-super-premium-2019\\\/#primaryimage\"},\"thumbnailUrl\":\"https:\\\/\\\/mokos.hu\\\/wp-content\\\/uploads\\\/2026\\\/01\\\/Villanyi_Franc_2019-scaled.png\",\"datePublished\":\"2024-05-24T11:01:16+00:00\",\"dateModified\":\"2026-01-10T11:44:26+00:00\",\"description\":\"SUPER PREMIUM Vill\u00e1nyi Franc a Mokos Pinc\u00e9szett\u0151l: 100% Cabernet Franc fajt\u00e1b\u00f3l k\u00e9sz\u00fclt, karakteres, testes, f\u00e9rfias vill\u00e1nyi v\u00f6r\u00f6sbor.\",\"breadcrumb\":{\"@id\":\"https:\\\/\\\/mokos.hu\\\/termek\\\/villanyi-franc-super-premium-2019\\\/#breadcrumb\"},\"inLanguage\":\"en-US\",\"potentialAction\":[{\"@type\":\"ReadAction\",\"target\":[\"https:\\\/\\\/mokos.hu\\\/termek\\\/villanyi-franc-super-premium-2019\\\/\"]}]},{\"@type\":\"ImageObject\",\"inLanguage\":\"en-US\",\"@id\":\"https:\\\/\\\/mokos.hu\\\/termek\\\/villanyi-franc-super-premium-2019\\\/#primaryimage\",\"url\":\"https:\\\/\\\/mokos.hu\\\/wp-content\\\/uploads\\\/2026\\\/01\\\/Villanyi_Franc_2019-scaled.png\",\"contentUrl\":\"https:\\\/\\\/mokos.hu\\\/wp-content\\\/uploads\\\/2026\\\/01\\\/Villanyi_Franc_2019-scaled.png\",\"width\":1525,\"height\":2560},{\"@type\":\"BreadcrumbList\",\"@id\":\"https:\\\/\\\/mokos.hu\\\/termek\\\/villanyi-franc-super-premium-2019\\\/#breadcrumb\",\"itemListElement\":[{\"@type\":\"ListItem\",\"position\":1,\"name\":\"Home\",\"item\":\"https:\\\/\\\/mokos.hu\\\/\"},{\"@type\":\"ListItem\",\"position\":2,\"name\":\"Term\u00e9kek\",\"item\":\"https:\\\/\\\/mokos.hu\\\/shop\\\/\"},{\"@type\":\"ListItem\",\"position\":3,\"name\":\"Vill\u00e1nyi Franc Super Premium 2019\"}]},{\"@type\":\"WebSite\",\"@id\":\"https:\\\/\\\/mokos.hu\\\/#website\",\"url\":\"https:\\\/\\\/mokos.hu\\\/\",\"name\":\"MOKOS\",\"description\":\"Csal\u00e1di Pinc\u00e9szet, Palkonya\",\"publisher\":{\"@id\":\"https:\\\/\\\/mokos.hu\\\/#organization\"},\"potentialAction\":[{\"@type\":\"SearchAction\",\"target\":{\"@type\":\"EntryPoint\",\"urlTemplate\":\"https:\\\/\\\/mokos.hu\\\/?s={search_term_string}\"},\"query-input\":{\"@type\":\"PropertyValueSpecification\",\"valueRequired\":true,\"valueName\":\"search_term_string\"}}],\"inLanguage\":\"en-US\"},{\"@type\":\"Organization\",\"@id\":\"https:\\\/\\\/mokos.hu\\\/#organization\",\"name\":\"MOKOS\",\"url\":\"https:\\\/\\\/mokos.hu\\\/\",\"logo\":{\"@type\":\"ImageObject\",\"inLanguage\":\"en-US\",\"@id\":\"https:\\\/\\\/mokos.hu\\\/#\\\/schema\\\/logo\\\/image\\\/\",\"url\":\"https:\\\/\\\/mokos.hu\\\/wp-content\\\/uploads\\\/2018\\\/11\\\/cropped-Mokos_Villanyi-Borvidek-Palkonya-1.png\",\"contentUrl\":\"https:\\\/\\\/mokos.hu\\\/wp-content\\\/uploads\\\/2018\\\/11\\\/cropped-Mokos_Villanyi-Borvidek-Palkonya-1.png\",\"width\":1000,\"height\":245,\"caption\":\"MOKOS\"},\"image\":{\"@id\":\"https:\\\/\\\/mokos.hu\\\/#\\\/schema\\\/logo\\\/image\\\/\"}}]}<\/script>\n<!-- \/ Yoast SEO plugin. -->","yoast_head_json":{"title":"Vill\u00e1nyi Franc Super Premium 2019 - MOKOS Winery - Vill\u00e1ny Wine Region","description":"SUPER PREMIUM Vill\u00e1nyi Franc from Mokos Winery: made from 100% Cabernet Franc, a characterful, full-bodied, masculine Vill\u00e1nyi red wine.","robots":{"index":"index","follow":"follow","max-snippet":"max-snippet:-1","max-image-preview":"max-image-preview:large","max-video-preview":"max-video-preview:-1"},"canonical":"https:\/\/mokos.hu\/en\/rooms\/villanyi-franc-super-premium-2019\/","og_locale":"en_US","og_type":"article","og_title":"Vill\u00e1nyi Franc Super Premium 2019 - MOKOS Pinc\u00e9szet - Vill\u00e1nyi Borvid\u00e9k","og_description":"SUPER PREMIUM Vill\u00e1nyi Franc a Mokos Pinc\u00e9szett\u0151l: 100% Cabernet Franc fajt\u00e1b\u00f3l k\u00e9sz\u00fclt, karakteres, testes, f\u00e9rfias vill\u00e1nyi v\u00f6r\u00f6sbor.","og_url":"https:\/\/mokos.hu\/en\/rooms\/villanyi-franc-super-premium-2019\/","og_site_name":"MOKOS","article_modified_time":"2026-01-10T11:44:26+00:00","og_image":[{"width":800,"height":1200,"url":"https:\/\/mokos.hu\/wp-content\/uploads\/2020\/04\/IMG_3042-scaled-e1600681870302.jpg","type":"image\/jpeg"}],"twitter_card":"summary_large_image","twitter_misc":{"Est. reading time":"1 minute"},"schema":{"@context":"https:\/\/schema.org","@graph":[{"@type":"WebPage","@id":"https:\/\/mokos.hu\/termek\/villanyi-franc-super-premium-2019\/","url":"https:\/\/mokos.hu\/termek\/villanyi-franc-super-premium-2019\/","name":"Vill\u00e1nyi Franc Super Premium 2019 - MOKOS Winery - Vill\u00e1ny Wine Region","isPartOf":{"@id":"https:\/\/mokos.hu\/#website"},"primaryImageOfPage":{"@id":"https:\/\/mokos.hu\/termek\/villanyi-franc-super-premium-2019\/#primaryimage"},"image":{"@id":"https:\/\/mokos.hu\/termek\/villanyi-franc-super-premium-2019\/#primaryimage"},"thumbnailUrl":"https:\/\/mokos.hu\/wp-content\/uploads\/2026\/01\/Villanyi_Franc_2019-scaled.png","datePublished":"2024-05-24T11:01:16+00:00","dateModified":"2026-01-10T11:44:26+00:00","description":"SUPER PREMIUM Vill\u00e1nyi Franc from Mokos Winery: made from 100% Cabernet Franc, a characterful, full-bodied, masculine Vill\u00e1nyi red wine.","breadcrumb":{"@id":"https:\/\/mokos.hu\/termek\/villanyi-franc-super-premium-2019\/#breadcrumb"},"inLanguage":"en-US","potentialAction":[{"@type":"ReadAction","target":["https:\/\/mokos.hu\/termek\/villanyi-franc-super-premium-2019\/"]}]},{"@type":"ImageObject","inLanguage":"en-US","@id":"https:\/\/mokos.hu\/termek\/villanyi-franc-super-premium-2019\/#primaryimage","url":"https:\/\/mokos.hu\/wp-content\/uploads\/2026\/01\/Villanyi_Franc_2019-scaled.png","contentUrl":"https:\/\/mokos.hu\/wp-content\/uploads\/2026\/01\/Villanyi_Franc_2019-scaled.png","width":1525,"height":2560},{"@type":"BreadcrumbList","@id":"https:\/\/mokos.hu\/termek\/villanyi-franc-super-premium-2019\/#breadcrumb","itemListElement":[{"@type":"ListItem","position":1,"name":"Home","item":"https:\/\/mokos.hu\/"},{"@type":"ListItem","position":2,"name":"Term\u00e9kek","item":"https:\/\/mokos.hu\/shop\/"},{"@type":"ListItem","position":3,"name":"Vill\u00e1nyi Franc Super Premium 2019"}]},{"@type":"WebSite","@id":"https:\/\/mokos.hu\/#website","url":"https:\/\/mokos.hu\/","name":"MOKOS","description":"Family Winery, Palkonya","publisher":{"@id":"https:\/\/mokos.hu\/#organization"},"potentialAction":[{"@type":"SearchAction","target":{"@type":"EntryPoint","urlTemplate":"https:\/\/mokos.hu\/?s={search_term_string}"},"query-input":{"@type":"PropertyValueSpecification","valueRequired":true,"valueName":"search_term_string"}}],"inLanguage":"en-US"},{"@type":"Organization","@id":"https:\/\/mokos.hu\/#organization","name":"MOKOS","url":"https:\/\/mokos.hu\/","logo":{"@type":"ImageObject","inLanguage":"en-US","@id":"https:\/\/mokos.hu\/#\/schema\/logo\/image\/","url":"https:\/\/mokos.hu\/wp-content\/uploads\/2018\/11\/cropped-Mokos_Villanyi-Borvidek-Palkonya-1.png","contentUrl":"https:\/\/mokos.hu\/wp-content\/uploads\/2018\/11\/cropped-Mokos_Villanyi-Borvidek-Palkonya-1.png","width":1000,"height":245,"caption":"MOKOS"},"image":{"@id":"https:\/\/mokos.hu\/#\/schema\/logo\/image\/"}}]}},"_links":{"self":[{"href":"https:\/\/mokos.hu\/en\/wp-json\/wp\/v2\/product\/17717","targetHints":{"allow":["GET"]}}],"collection":[{"href":"https:\/\/mokos.hu\/en\/wp-json\/wp\/v2\/product"}],"about":[{"href":"https:\/\/mokos.hu\/en\/wp-json\/wp\/v2\/types\/product"}],"wp:featuredmedia":[{"embeddable":true,"href":"https:\/\/mokos.hu\/en\/wp-json\/wp\/v2\/media\/29596"}],"wp:attachment":[{"href":"https:\/\/mokos.hu\/en\/wp-json\/wp\/v2\/media?parent=17717"}],"wp:term":[{"taxonomy":"product_brand","embeddable":true,"href":"https:\/\/mokos.hu\/en\/wp-json\/wp\/v2\/product_brand?post=17717"},{"taxonomy":"product_cat","embeddable":true,"href":"https:\/\/mokos.hu\/en\/wp-json\/wp\/v2\/product_cat?post=17717"},{"taxonomy":"product_tag","embeddable":true,"href":"https:\/\/mokos.hu\/en\/wp-json\/wp\/v2\/product_tag?post=17717"}],"curies":[{"name":"wp","href":"https:\/\/api.w.org\/{rel}","templated":true}]}}