{"id":17554,"date":"2024-03-11T11:33:13","date_gmt":"2024-03-11T09:33:13","guid":{"rendered":"https:\/\/mokos.hu\/?post_type=product&#038;p=17554"},"modified":"2025-04-28T09:42:50","modified_gmt":"2025-04-28T07:42:50","slug":"mokos-hutomagnes-ajandektargy-kiegeszito","status":"publish","type":"product","link":"https:\/\/mokos.hu\/en\/termek\/mokos-hutomagnes-ajandektargy-kiegeszito\/","title":{"rendered":"Mokos Cooling Magnet"},"content":{"rendered":"","protected":false},"excerpt":{"rendered":"<p>A decorative Mokos fridge magnet with a unique graphic so you can remember the real Mokos experience wherever you go.<\/p>\n<p>Size: 60\u00d760 mm.<\/p>\n<p>Policies on ordering and purchasing <a href=\"https:\/\/mokos.hu\/en\/uzlet\/rules\/\">HERE<\/a> reaches.<\/p>","protected":false},"featured_media":28299,"template":"","meta":{"_acf_changed":false},"product_brand":[],"product_cat":[103],"product_tag":[],"class_list":{"0":"post-17554","1":"product","2":"type-product","3":"status-publish","4":"has-post-thumbnail","6":"product_cat-boros-kiegeszitok","8":"first","9":"instock","10":"taxable","11":"shipping-taxable","12":"purchasable","13":"product-type-simple"},"acf":[],"yoast_head":"<!-- This site is optimized with the Yoast SEO plugin v27.1.1 - https:\/\/yoast.com\/product\/yoast-seo-wordpress\/ -->\n<title>Mokos H\u0171t\u0151m\u00e1gnes - MOKOS<\/title>\n<meta name=\"robots\" content=\"index, follow, max-snippet:-1, max-image-preview:large, max-video-preview:-1\" \/>\n<link rel=\"canonical\" href=\"https:\/\/mokos.hu\/en\/rooms\/mokos-hutomagnes-ajandektargy-kiegeszito\/\" \/>\n<meta property=\"og:locale\" content=\"en_US\" \/>\n<meta property=\"og:type\" content=\"article\" \/>\n<meta property=\"og:title\" content=\"Mokos H\u0171t\u0151m\u00e1gnes - MOKOS\" \/>\n<meta property=\"og:description\" content=\"Dekorat\u00edv, egyedi grafik\u00e1val ell\u00e1tott Mokos h\u0171t\u0151m\u00e1gnes, hogy a val\u00f3di Mokos \u00e9lm\u00e9nyekre b\u00e1rhol eml\u00e9kezhess.  M\u00e9rete: 60x60 mm.  Rendel\u00e9ssel \u00e9s v\u00e1s\u00e1rl\u00e1ssal kapcsolatos szab\u00e1lyzatokat ITT \u00e9ri el.\" \/>\n<meta property=\"og:url\" content=\"https:\/\/mokos.hu\/en\/rooms\/mokos-hutomagnes-ajandektargy-kiegeszito\/\" \/>\n<meta property=\"og:site_name\" content=\"MOKOS\" \/>\n<meta property=\"article:modified_time\" content=\"2025-04-28T07:42:50+00:00\" \/>\n<meta property=\"og:image\" content=\"https:\/\/mokos.hu\/wp-content\/uploads\/2024\/03\/DSCF5409-scaled.jpg\" \/>\n\t<meta property=\"og:image:width\" content=\"2560\" \/>\n\t<meta property=\"og:image:height\" content=\"1707\" \/>\n\t<meta property=\"og:image:type\" content=\"image\/jpeg\" \/>\n<meta name=\"twitter:card\" content=\"summary_large_image\" \/>\n<meta name=\"twitter:label1\" content=\"Est. reading time\" \/>\n\t<meta name=\"twitter:data1\" content=\"1 minute\" \/>\n<script type=\"application\/ld+json\" class=\"yoast-schema-graph\">{\"@context\":\"https:\/\/schema.org\",\"@graph\":[{\"@type\":\"WebPage\",\"@id\":\"https:\/\/mokos.hu\/termek\/mokos-hutomagnes-ajandektargy-kiegeszito\/\",\"url\":\"https:\/\/mokos.hu\/termek\/mokos-hutomagnes-ajandektargy-kiegeszito\/\",\"name\":\"Mokos H\u0171t\u0151m\u00e1gnes - MOKOS\",\"isPartOf\":{\"@id\":\"https:\/\/mokos.hu\/#website\"},\"primaryImageOfPage\":{\"@id\":\"https:\/\/mokos.hu\/termek\/mokos-hutomagnes-ajandektargy-kiegeszito\/#primaryimage\"},\"image\":{\"@id\":\"https:\/\/mokos.hu\/termek\/mokos-hutomagnes-ajandektargy-kiegeszito\/#primaryimage\"},\"thumbnailUrl\":\"https:\/\/mokos.hu\/wp-content\/uploads\/2024\/03\/DSCF5409-scaled.jpg\",\"datePublished\":\"2024-03-11T09:33:13+00:00\",\"dateModified\":\"2025-04-28T07:42:50+00:00\",\"breadcrumb\":{\"@id\":\"https:\/\/mokos.hu\/termek\/mokos-hutomagnes-ajandektargy-kiegeszito\/#breadcrumb\"},\"inLanguage\":\"en-US\",\"potentialAction\":[{\"@type\":\"ReadAction\",\"target\":[\"https:\/\/mokos.hu\/termek\/mokos-hutomagnes-ajandektargy-kiegeszito\/\"]}]},{\"@type\":\"ImageObject\",\"inLanguage\":\"en-US\",\"@id\":\"https:\/\/mokos.hu\/termek\/mokos-hutomagnes-ajandektargy-kiegeszito\/#primaryimage\",\"url\":\"https:\/\/mokos.hu\/wp-content\/uploads\/2024\/03\/DSCF5409-scaled.jpg\",\"contentUrl\":\"https:\/\/mokos.hu\/wp-content\/uploads\/2024\/03\/DSCF5409-scaled.jpg\",\"width\":2560,\"height\":1707},{\"@type\":\"BreadcrumbList\",\"@id\":\"https:\/\/mokos.hu\/termek\/mokos-hutomagnes-ajandektargy-kiegeszito\/#breadcrumb\",\"itemListElement\":[{\"@type\":\"ListItem\",\"position\":1,\"name\":\"Home\",\"item\":\"https:\/\/mokos.hu\/\"},{\"@type\":\"ListItem\",\"position\":2,\"name\":\"Term\u00e9kek\",\"item\":\"https:\/\/mokos.hu\/shop\/\"},{\"@type\":\"ListItem\",\"position\":3,\"name\":\"Mokos H\u0171t\u0151m\u00e1gnes\"}]},{\"@type\":\"WebSite\",\"@id\":\"https:\/\/mokos.hu\/#website\",\"url\":\"https:\/\/mokos.hu\/\",\"name\":\"MOKOS\",\"description\":\"Csal\u00e1di Pinc\u00e9szet, Palkonya\",\"publisher\":{\"@id\":\"https:\/\/mokos.hu\/#organization\"},\"potentialAction\":[{\"@type\":\"SearchAction\",\"target\":{\"@type\":\"EntryPoint\",\"urlTemplate\":\"https:\/\/mokos.hu\/?s={search_term_string}\"},\"query-input\":{\"@type\":\"PropertyValueSpecification\",\"valueRequired\":true,\"valueName\":\"search_term_string\"}}],\"inLanguage\":\"en-US\"},{\"@type\":\"Organization\",\"@id\":\"https:\/\/mokos.hu\/#organization\",\"name\":\"MOKOS\",\"url\":\"https:\/\/mokos.hu\/\",\"logo\":{\"@type\":\"ImageObject\",\"inLanguage\":\"en-US\",\"@id\":\"https:\/\/mokos.hu\/#\/schema\/logo\/image\/\",\"url\":\"https:\/\/mokos.hu\/wp-content\/uploads\/2018\/11\/cropped-Mokos_Villanyi-Borvidek-Palkonya-1.png\",\"contentUrl\":\"https:\/\/mokos.hu\/wp-content\/uploads\/2018\/11\/cropped-Mokos_Villanyi-Borvidek-Palkonya-1.png\",\"width\":1000,\"height\":245,\"caption\":\"MOKOS\"},\"image\":{\"@id\":\"https:\/\/mokos.hu\/#\/schema\/logo\/image\/\"}}]}<\/script>\n<!-- \/ Yoast SEO plugin. -->","yoast_head_json":{"title":"Mokos Cooling magnet - MOKOS","robots":{"index":"index","follow":"follow","max-snippet":"max-snippet:-1","max-image-preview":"max-image-preview:large","max-video-preview":"max-video-preview:-1"},"canonical":"https:\/\/mokos.hu\/en\/rooms\/mokos-hutomagnes-ajandektargy-kiegeszito\/","og_locale":"en_US","og_type":"article","og_title":"Mokos H\u0171t\u0151m\u00e1gnes - MOKOS","og_description":"Dekorat\u00edv, egyedi grafik\u00e1val ell\u00e1tott Mokos h\u0171t\u0151m\u00e1gnes, hogy a val\u00f3di Mokos \u00e9lm\u00e9nyekre b\u00e1rhol eml\u00e9kezhess.  M\u00e9rete: 60x60 mm.  Rendel\u00e9ssel \u00e9s v\u00e1s\u00e1rl\u00e1ssal kapcsolatos szab\u00e1lyzatokat ITT \u00e9ri el.","og_url":"https:\/\/mokos.hu\/en\/rooms\/mokos-hutomagnes-ajandektargy-kiegeszito\/","og_site_name":"MOKOS","article_modified_time":"2025-04-28T07:42:50+00:00","og_image":[{"width":2560,"height":1707,"url":"https:\/\/mokos.hu\/wp-content\/uploads\/2024\/03\/DSCF5409-scaled.jpg","type":"image\/jpeg"}],"twitter_card":"summary_large_image","twitter_misc":{"Est. reading time":"1 minute"},"schema":{"@context":"https:\/\/schema.org","@graph":[{"@type":"WebPage","@id":"https:\/\/mokos.hu\/termek\/mokos-hutomagnes-ajandektargy-kiegeszito\/","url":"https:\/\/mokos.hu\/termek\/mokos-hutomagnes-ajandektargy-kiegeszito\/","name":"Mokos Cooling magnet - MOKOS","isPartOf":{"@id":"https:\/\/mokos.hu\/#website"},"primaryImageOfPage":{"@id":"https:\/\/mokos.hu\/termek\/mokos-hutomagnes-ajandektargy-kiegeszito\/#primaryimage"},"image":{"@id":"https:\/\/mokos.hu\/termek\/mokos-hutomagnes-ajandektargy-kiegeszito\/#primaryimage"},"thumbnailUrl":"https:\/\/mokos.hu\/wp-content\/uploads\/2024\/03\/DSCF5409-scaled.jpg","datePublished":"2024-03-11T09:33:13+00:00","dateModified":"2025-04-28T07:42:50+00:00","breadcrumb":{"@id":"https:\/\/mokos.hu\/termek\/mokos-hutomagnes-ajandektargy-kiegeszito\/#breadcrumb"},"inLanguage":"en-US","potentialAction":[{"@type":"ReadAction","target":["https:\/\/mokos.hu\/termek\/mokos-hutomagnes-ajandektargy-kiegeszito\/"]}]},{"@type":"ImageObject","inLanguage":"en-US","@id":"https:\/\/mokos.hu\/termek\/mokos-hutomagnes-ajandektargy-kiegeszito\/#primaryimage","url":"https:\/\/mokos.hu\/wp-content\/uploads\/2024\/03\/DSCF5409-scaled.jpg","contentUrl":"https:\/\/mokos.hu\/wp-content\/uploads\/2024\/03\/DSCF5409-scaled.jpg","width":2560,"height":1707},{"@type":"BreadcrumbList","@id":"https:\/\/mokos.hu\/termek\/mokos-hutomagnes-ajandektargy-kiegeszito\/#breadcrumb","itemListElement":[{"@type":"ListItem","position":1,"name":"Home","item":"https:\/\/mokos.hu\/"},{"@type":"ListItem","position":2,"name":"Term\u00e9kek","item":"https:\/\/mokos.hu\/shop\/"},{"@type":"ListItem","position":3,"name":"Mokos H\u0171t\u0151m\u00e1gnes"}]},{"@type":"WebSite","@id":"https:\/\/mokos.hu\/#website","url":"https:\/\/mokos.hu\/","name":"MOKOS","description":"Family Winery, Palkonya","publisher":{"@id":"https:\/\/mokos.hu\/#organization"},"potentialAction":[{"@type":"SearchAction","target":{"@type":"EntryPoint","urlTemplate":"https:\/\/mokos.hu\/?s={search_term_string}"},"query-input":{"@type":"PropertyValueSpecification","valueRequired":true,"valueName":"search_term_string"}}],"inLanguage":"en-US"},{"@type":"Organization","@id":"https:\/\/mokos.hu\/#organization","name":"MOKOS","url":"https:\/\/mokos.hu\/","logo":{"@type":"ImageObject","inLanguage":"en-US","@id":"https:\/\/mokos.hu\/#\/schema\/logo\/image\/","url":"https:\/\/mokos.hu\/wp-content\/uploads\/2018\/11\/cropped-Mokos_Villanyi-Borvidek-Palkonya-1.png","contentUrl":"https:\/\/mokos.hu\/wp-content\/uploads\/2018\/11\/cropped-Mokos_Villanyi-Borvidek-Palkonya-1.png","width":1000,"height":245,"caption":"MOKOS"},"image":{"@id":"https:\/\/mokos.hu\/#\/schema\/logo\/image\/"}}]}},"_links":{"self":[{"href":"https:\/\/mokos.hu\/en\/wp-json\/wp\/v2\/product\/17554","targetHints":{"allow":["GET"]}}],"collection":[{"href":"https:\/\/mokos.hu\/en\/wp-json\/wp\/v2\/product"}],"about":[{"href":"https:\/\/mokos.hu\/en\/wp-json\/wp\/v2\/types\/product"}],"wp:featuredmedia":[{"embeddable":true,"href":"https:\/\/mokos.hu\/en\/wp-json\/wp\/v2\/media\/28299"}],"wp:attachment":[{"href":"https:\/\/mokos.hu\/en\/wp-json\/wp\/v2\/media?parent=17554"}],"wp:term":[{"taxonomy":"product_brand","embeddable":true,"href":"https:\/\/mokos.hu\/en\/wp-json\/wp\/v2\/product_brand?post=17554"},{"taxonomy":"product_cat","embeddable":true,"href":"https:\/\/mokos.hu\/en\/wp-json\/wp\/v2\/product_cat?post=17554"},{"taxonomy":"product_tag","embeddable":true,"href":"https:\/\/mokos.hu\/en\/wp-json\/wp\/v2\/product_tag?post=17554"}],"curies":[{"name":"wp","href":"https:\/\/api.w.org\/{rel}","templated":true}]}}