{"id":16699,"date":"2023-10-26T14:24:52","date_gmt":"2023-10-26T12:24:52","guid":{"rendered":"https:\/\/mokos.hu\/?post_type=product&#038;p=16699"},"modified":"2025-04-28T09:52:10","modified_gmt":"2025-04-28T07:52:10","slug":"a-bogey-with-a-moustache","status":"publish","type":"product","link":"https:\/\/mokos.hu\/en\/termek\/mokos-karacsonyi-bogre\/","title":{"rendered":"Christmas mug with moccasins"},"content":{"rendered":"","protected":false},"excerpt":{"rendered":"<p>A festive atmosphere with Mokos Winery! Sip your favourite mulled wine from our Christmas mug!<\/p>\n<p>300ml<\/p>\n<p>Optional colours:<\/p>\n<ul>\n<li style=\"list-style-type: none;\">\n<ul>\n<li>red<\/li>\n<li>Black<\/li>\n<\/ul>\n<\/li>\n<\/ul>\n<p>Please indicate your chosen colour in the comment field when ordering!<\/p>\n<p>Package size: 1 piece<\/p>\n<p>Policies on ordering and purchasing <a href=\"https:\/\/mokos.hu\/en\/uzlet\/rules\/\">HERE<\/a> reaches.<\/p>","protected":false},"featured_media":28310,"template":"","meta":{"_acf_changed":false},"product_brand":[],"product_cat":[103],"product_tag":[125,146,292,124,158,220,238,123,291],"class_list":{"0":"post-16699","1":"product","2":"type-product","3":"status-publish","4":"has-post-thumbnail","6":"product_cat-boros-kiegeszitok","7":"product_tag-mokoselmeny","8":"product_tag-ajandek","9":"product_tag-bogre","10":"product_tag-izelmeny","11":"product_tag-karacsony","12":"product_tag-meglepetes","13":"product_tag-mokos-bogre","14":"product_tag-mokos-pinceszet","15":"product_tag-unnepi-hangulat","17":"first","18":"instock","19":"taxable","20":"shipping-taxable","21":"purchasable","22":"product-type-simple"},"acf":[],"yoast_head":"<!-- This site is optimized with the Yoast SEO plugin v27.1.1 - https:\/\/yoast.com\/product\/yoast-seo-wordpress\/ -->\n<title>Mokos Kar\u00e1csonyi B\u00f6gre - MOKOS<\/title>\n<meta name=\"description\" content=\"\u00dcnnepi hangulat a Mokos Pinc\u00e9szettel! Kortyold kedvenc forralt boraid kar\u00e1csonyi b\u00f6gr\u00e9nkb\u0151l!\" \/>\n<meta name=\"robots\" content=\"index, follow, max-snippet:-1, max-image-preview:large, max-video-preview:-1\" \/>\n<link rel=\"canonical\" href=\"https:\/\/mokos.hu\/en\/rooms\/a-bogey-with-a-moustache\/\" \/>\n<meta property=\"og:locale\" content=\"en_US\" \/>\n<meta property=\"og:type\" content=\"article\" \/>\n<meta property=\"og:title\" content=\"Mokos Kar\u00e1csonyi B\u00f6gre - MOKOS\" \/>\n<meta property=\"og:description\" content=\"\u00dcnnepi hangulat a Mokos Pinc\u00e9szettel! Kortyold kedvenc forralt boraid kar\u00e1csonyi b\u00f6gr\u00e9nkb\u0151l!\" \/>\n<meta property=\"og:url\" content=\"https:\/\/mokos.hu\/en\/rooms\/a-bogey-with-a-moustache\/\" \/>\n<meta property=\"og:site_name\" content=\"MOKOS\" \/>\n<meta property=\"article:modified_time\" content=\"2025-04-28T07:52:10+00:00\" \/>\n<meta property=\"og:image\" content=\"https:\/\/mokos.hu\/wp-content\/uploads\/2024\/02\/DSCF5388-scaled.jpg\" \/>\n\t<meta property=\"og:image:width\" content=\"2560\" \/>\n\t<meta property=\"og:image:height\" content=\"1707\" \/>\n\t<meta property=\"og:image:type\" content=\"image\/jpeg\" \/>\n<meta name=\"twitter:card\" content=\"summary_large_image\" \/>\n<meta name=\"twitter:label1\" content=\"Est. reading time\" \/>\n\t<meta name=\"twitter:data1\" content=\"1 minute\" \/>\n<script type=\"application\/ld+json\" class=\"yoast-schema-graph\">{\"@context\":\"https:\/\/schema.org\",\"@graph\":[{\"@type\":\"WebPage\",\"@id\":\"https:\/\/mokos.hu\/termek\/mokos-karacsonyi-bogre\/\",\"url\":\"https:\/\/mokos.hu\/termek\/mokos-karacsonyi-bogre\/\",\"name\":\"Mokos Kar\u00e1csonyi B\u00f6gre - MOKOS\",\"isPartOf\":{\"@id\":\"https:\/\/mokos.hu\/#website\"},\"primaryImageOfPage\":{\"@id\":\"https:\/\/mokos.hu\/termek\/mokos-karacsonyi-bogre\/#primaryimage\"},\"image\":{\"@id\":\"https:\/\/mokos.hu\/termek\/mokos-karacsonyi-bogre\/#primaryimage\"},\"thumbnailUrl\":\"https:\/\/mokos.hu\/wp-content\/uploads\/2024\/02\/DSCF5388-scaled.jpg\",\"datePublished\":\"2023-10-26T12:24:52+00:00\",\"dateModified\":\"2025-04-28T07:52:10+00:00\",\"description\":\"\u00dcnnepi hangulat a Mokos Pinc\u00e9szettel! Kortyold kedvenc forralt boraid kar\u00e1csonyi b\u00f6gr\u00e9nkb\u0151l!\",\"breadcrumb\":{\"@id\":\"https:\/\/mokos.hu\/termek\/mokos-karacsonyi-bogre\/#breadcrumb\"},\"inLanguage\":\"en-US\",\"potentialAction\":[{\"@type\":\"ReadAction\",\"target\":[\"https:\/\/mokos.hu\/termek\/mokos-karacsonyi-bogre\/\"]}]},{\"@type\":\"ImageObject\",\"inLanguage\":\"en-US\",\"@id\":\"https:\/\/mokos.hu\/termek\/mokos-karacsonyi-bogre\/#primaryimage\",\"url\":\"https:\/\/mokos.hu\/wp-content\/uploads\/2024\/02\/DSCF5388-scaled.jpg\",\"contentUrl\":\"https:\/\/mokos.hu\/wp-content\/uploads\/2024\/02\/DSCF5388-scaled.jpg\",\"width\":2560,\"height\":1707},{\"@type\":\"BreadcrumbList\",\"@id\":\"https:\/\/mokos.hu\/termek\/mokos-karacsonyi-bogre\/#breadcrumb\",\"itemListElement\":[{\"@type\":\"ListItem\",\"position\":1,\"name\":\"Home\",\"item\":\"https:\/\/mokos.hu\/\"},{\"@type\":\"ListItem\",\"position\":2,\"name\":\"Term\u00e9kek\",\"item\":\"https:\/\/mokos.hu\/shop\/\"},{\"@type\":\"ListItem\",\"position\":3,\"name\":\"Mokos Kar\u00e1csonyi B\u00f6gre\"}]},{\"@type\":\"WebSite\",\"@id\":\"https:\/\/mokos.hu\/#website\",\"url\":\"https:\/\/mokos.hu\/\",\"name\":\"MOKOS\",\"description\":\"Csal\u00e1di Pinc\u00e9szet, Palkonya\",\"publisher\":{\"@id\":\"https:\/\/mokos.hu\/#organization\"},\"potentialAction\":[{\"@type\":\"SearchAction\",\"target\":{\"@type\":\"EntryPoint\",\"urlTemplate\":\"https:\/\/mokos.hu\/?s={search_term_string}\"},\"query-input\":{\"@type\":\"PropertyValueSpecification\",\"valueRequired\":true,\"valueName\":\"search_term_string\"}}],\"inLanguage\":\"en-US\"},{\"@type\":\"Organization\",\"@id\":\"https:\/\/mokos.hu\/#organization\",\"name\":\"MOKOS\",\"url\":\"https:\/\/mokos.hu\/\",\"logo\":{\"@type\":\"ImageObject\",\"inLanguage\":\"en-US\",\"@id\":\"https:\/\/mokos.hu\/#\/schema\/logo\/image\/\",\"url\":\"https:\/\/mokos.hu\/wp-content\/uploads\/2018\/11\/cropped-Mokos_Villanyi-Borvidek-Palkonya-1.png\",\"contentUrl\":\"https:\/\/mokos.hu\/wp-content\/uploads\/2018\/11\/cropped-Mokos_Villanyi-Borvidek-Palkonya-1.png\",\"width\":1000,\"height\":245,\"caption\":\"MOKOS\"},\"image\":{\"@id\":\"https:\/\/mokos.hu\/#\/schema\/logo\/image\/\"}}]}<\/script>\n<!-- \/ Yoast SEO plugin. -->","yoast_head_json":{"title":"Mokos Christmas Mug - MOKOS","description":"A festive atmosphere with Mokos Winery! Sip your favourite mulled wine from our Christmas mug!","robots":{"index":"index","follow":"follow","max-snippet":"max-snippet:-1","max-image-preview":"max-image-preview:large","max-video-preview":"max-video-preview:-1"},"canonical":"https:\/\/mokos.hu\/en\/rooms\/a-bogey-with-a-moustache\/","og_locale":"en_US","og_type":"article","og_title":"Mokos Kar\u00e1csonyi B\u00f6gre - MOKOS","og_description":"\u00dcnnepi hangulat a Mokos Pinc\u00e9szettel! Kortyold kedvenc forralt boraid kar\u00e1csonyi b\u00f6gr\u00e9nkb\u0151l!","og_url":"https:\/\/mokos.hu\/en\/rooms\/a-bogey-with-a-moustache\/","og_site_name":"MOKOS","article_modified_time":"2025-04-28T07:52:10+00:00","og_image":[{"width":2560,"height":1707,"url":"https:\/\/mokos.hu\/wp-content\/uploads\/2024\/02\/DSCF5388-scaled.jpg","type":"image\/jpeg"}],"twitter_card":"summary_large_image","twitter_misc":{"Est. reading time":"1 minute"},"schema":{"@context":"https:\/\/schema.org","@graph":[{"@type":"WebPage","@id":"https:\/\/mokos.hu\/termek\/mokos-karacsonyi-bogre\/","url":"https:\/\/mokos.hu\/termek\/mokos-karacsonyi-bogre\/","name":"Mokos Christmas Mug - MOKOS","isPartOf":{"@id":"https:\/\/mokos.hu\/#website"},"primaryImageOfPage":{"@id":"https:\/\/mokos.hu\/termek\/mokos-karacsonyi-bogre\/#primaryimage"},"image":{"@id":"https:\/\/mokos.hu\/termek\/mokos-karacsonyi-bogre\/#primaryimage"},"thumbnailUrl":"https:\/\/mokos.hu\/wp-content\/uploads\/2024\/02\/DSCF5388-scaled.jpg","datePublished":"2023-10-26T12:24:52+00:00","dateModified":"2025-04-28T07:52:10+00:00","description":"A festive atmosphere with Mokos Winery! Sip your favourite mulled wine from our Christmas mug!","breadcrumb":{"@id":"https:\/\/mokos.hu\/termek\/mokos-karacsonyi-bogre\/#breadcrumb"},"inLanguage":"en-US","potentialAction":[{"@type":"ReadAction","target":["https:\/\/mokos.hu\/termek\/mokos-karacsonyi-bogre\/"]}]},{"@type":"ImageObject","inLanguage":"en-US","@id":"https:\/\/mokos.hu\/termek\/mokos-karacsonyi-bogre\/#primaryimage","url":"https:\/\/mokos.hu\/wp-content\/uploads\/2024\/02\/DSCF5388-scaled.jpg","contentUrl":"https:\/\/mokos.hu\/wp-content\/uploads\/2024\/02\/DSCF5388-scaled.jpg","width":2560,"height":1707},{"@type":"BreadcrumbList","@id":"https:\/\/mokos.hu\/termek\/mokos-karacsonyi-bogre\/#breadcrumb","itemListElement":[{"@type":"ListItem","position":1,"name":"Home","item":"https:\/\/mokos.hu\/"},{"@type":"ListItem","position":2,"name":"Term\u00e9kek","item":"https:\/\/mokos.hu\/shop\/"},{"@type":"ListItem","position":3,"name":"Mokos Kar\u00e1csonyi B\u00f6gre"}]},{"@type":"WebSite","@id":"https:\/\/mokos.hu\/#website","url":"https:\/\/mokos.hu\/","name":"MOKOS","description":"Family Winery, Palkonya","publisher":{"@id":"https:\/\/mokos.hu\/#organization"},"potentialAction":[{"@type":"SearchAction","target":{"@type":"EntryPoint","urlTemplate":"https:\/\/mokos.hu\/?s={search_term_string}"},"query-input":{"@type":"PropertyValueSpecification","valueRequired":true,"valueName":"search_term_string"}}],"inLanguage":"en-US"},{"@type":"Organization","@id":"https:\/\/mokos.hu\/#organization","name":"MOKOS","url":"https:\/\/mokos.hu\/","logo":{"@type":"ImageObject","inLanguage":"en-US","@id":"https:\/\/mokos.hu\/#\/schema\/logo\/image\/","url":"https:\/\/mokos.hu\/wp-content\/uploads\/2018\/11\/cropped-Mokos_Villanyi-Borvidek-Palkonya-1.png","contentUrl":"https:\/\/mokos.hu\/wp-content\/uploads\/2018\/11\/cropped-Mokos_Villanyi-Borvidek-Palkonya-1.png","width":1000,"height":245,"caption":"MOKOS"},"image":{"@id":"https:\/\/mokos.hu\/#\/schema\/logo\/image\/"}}]}},"_links":{"self":[{"href":"https:\/\/mokos.hu\/en\/wp-json\/wp\/v2\/product\/16699","targetHints":{"allow":["GET"]}}],"collection":[{"href":"https:\/\/mokos.hu\/en\/wp-json\/wp\/v2\/product"}],"about":[{"href":"https:\/\/mokos.hu\/en\/wp-json\/wp\/v2\/types\/product"}],"wp:featuredmedia":[{"embeddable":true,"href":"https:\/\/mokos.hu\/en\/wp-json\/wp\/v2\/media\/28310"}],"wp:attachment":[{"href":"https:\/\/mokos.hu\/en\/wp-json\/wp\/v2\/media?parent=16699"}],"wp:term":[{"taxonomy":"product_brand","embeddable":true,"href":"https:\/\/mokos.hu\/en\/wp-json\/wp\/v2\/product_brand?post=16699"},{"taxonomy":"product_cat","embeddable":true,"href":"https:\/\/mokos.hu\/en\/wp-json\/wp\/v2\/product_cat?post=16699"},{"taxonomy":"product_tag","embeddable":true,"href":"https:\/\/mokos.hu\/en\/wp-json\/wp\/v2\/product_tag?post=16699"}],"curies":[{"name":"wp","href":"https:\/\/api.w.org\/{rel}","templated":true}]}}