{"id":16225,"date":"2023-06-30T11:07:08","date_gmt":"2023-06-30T09:07:08","guid":{"rendered":"https:\/\/mokos.hu\/?post_type=product&#038;p=16225"},"modified":"2023-08-16T20:38:09","modified_gmt":"2023-08-16T18:38:09","slug":"new-releases-and-classics-premium-gum-wine-valogatas","status":"publish","type":"product","link":"https:\/\/mokos.hu\/en\/termek\/ujdonsagok-es-klasszikusok-premium-gyumolcsbor-valogatas\/","title":{"rendered":"New Releases and Classics Fruit Wine Selection"},"content":{"rendered":"<h5>MOCHA FRUIT WINE WITH THE FLAVOUR OF NATURE<\/h5>\n<p>In addition to the traditional Vill\u00e1ny red wines\u00a0<strong>fruit wine specialities<\/strong>\u00a0is also involved in the production of. Our aim is to introduce consumers to this wine speciality, which is still less widespread in Hungary. We consider it important that our fruit wines\u00a0<strong>made exclusively from fresh, juicy, domestically produced fruit<\/strong>\u00a0without the addition of water, colourings or flavourings.<\/p>\n<p><img fetchpriority=\"high\" decoding=\"async\" class=\"wp-image-6247 size-large aligncenter\" src=\"https:\/\/mokos.hu\/wp-content\/uploads\/2019\/02\/Mokos_Pinceszet_gyumolcsborok_2000x645-1024x330.jpg\" alt=\"Mokos_Pinceszet_gum_wine_cider_cider_straw_pepper_cider_cider_cider_cider_malnabor_2000x645\" width=\"750\" height=\"242\" \/><\/p>\n<h5>DESSERT WINE FROM SUN-DRIED FRUIT<\/h5>\n<p>The raw material is selected from the finest fruits of our 45 hectares of orchards. The technology is very similar to that of classic grape fruit fermented wine: ripe fruit is harvested and immediately transported to the processor. The freshly picked fruit is destemmed within 20 minutes of harvesting, followed by fermentation in an oxygen-free environment to preserve the fresh flavours.<\/p>\n<p>Taste the flavour of nature in a bottle with the Mokos Fruit Wine specialities:\u00a0<a href=\"https:\/\/mokos.hu\/en\/rooms\/cherry-wine-fruit-wine\/\">Sour Cherry Wine<\/a>,\u00a0<a href=\"https:\/\/mokos.hu\/en\/rooms\/strawberry-wine-apricot-wine-plum-wine\/\">Eperbor<\/a>,\u00a0<a href=\"https:\/\/mokos.hu\/en\/rooms\/blackcurrant-wine-gum-wine\/\">Ribizlibor<\/a>,\u00a0<a href=\"https:\/\/mokos.hu\/en\/rooms\/malnabor-cider\/\">Raspberry Wine<\/a>,\u00a0<a href=\"https:\/\/mokos.hu\/en\/rooms\/cassis-wine-gum-wine\/\">Apricot Wine<\/a>,\u00a0<a href=\"https:\/\/mokos.hu\/en\/rooms\/blackberry-wine-gum-wine\/\">Blackberry wine <\/a>\u00a0or even <a href=\"https:\/\/mokos.hu\/en\/rooms\/quince-bran-cider-cider\/\">Quince-apple-pear hybridisation<\/a>\u00a0form too!<\/p>\n<p>Most of our fruit wines are sweet, but if you are a dry wine fan, try\u00a0<a href=\"https:\/\/mokos.hu\/en\/rooms\/barrique-sour-cherry-wine\/\">our speciality cherry wine aged in barrique barrels<\/a>!<\/p>\n<p>&nbsp;<\/p>","protected":false},"excerpt":{"rendered":"<h4>new flavours - old classics<\/h4>\n<h4><em><strong>4 bottles premium fruit wine selection\u00a0<\/strong><\/em><\/h4>\n<p><strong>Want to try something new but still want to keep the classics?<\/strong> <strong>Then this wine package is for you!<\/strong> Try our latest 100% home-grown fruit wine novelties or re-taste your favourite Mokos fruit wines.<\/p>\n<p>Enjoy the summer with our New Releases and Classics Fruit Wine Selection!<\/p>\n<p><strong>Contents of the New Releases and Classics Fruit Wine Selection:<\/strong><\/p>\n<ul>\n<li>1 bottle <a href=\"https:\/\/mokos.hu\/en\/rooms\/bodzavirag-cider-bodzabor-premium-gum-wine\/\">Strawflower and cider<\/a> (0,5L) - sweet premium fruit wine<em><strong> - NEW!<\/strong><\/em><\/li>\n<li>1 bottle <a href=\"https:\/\/mokos.hu\/en\/rooms\/forest-gum-premium-gum-wine\/\">Forest Fruit Wine<\/a> (0,5L) - sweet premium fruit wine<em><strong> - NEW!<\/strong><\/em><\/li>\n<li>1 bottle <a href=\"https:\/\/mokos.hu\/en\/rooms\/strawberry-wine-apricot-wine-plum-wine\/\">Strawberry and Peach Cuv\u00e9e <\/a>(0,5L) - sweet premium fruit wine<\/li>\n<li>1 bottle <a href=\"https:\/\/mokos.hu\/en\/rooms\/cherry-wine-fruit-wine\/\">Sour Cherry Wine<\/a> (0,5L) - sweet premium fruit wine<\/li>\n<\/ul>\n<p>The contents of the wine package cannot be modified!<\/p>\n<p><strong>OUR SPECIAL OFFER IS VALID UNTIL STOCKS LAST OR UNTIL 15 AUGUST 2023, ONLY IN OUR WEBSHOP.\u00a0<\/strong><\/p>\n<p>Policies on ordering and purchasing\u00a0<a href=\"https:\/\/mokos.hu\/en\/uzlet\/rules\/\">HERE<\/a>\u00a0reaches.<\/p>","protected":false},"featured_media":16226,"template":"","meta":{"_acf_changed":false},"product_brand":[],"product_cat":[72],"product_tag":[125,280,120,150,282,283,118,119,153,174,285,116,124,155,117,123,274,279,287,286],"class_list":{"0":"post-16225","1":"product","2":"type-product","3":"status-publish","4":"has-post-thumbnail","6":"product_cat-borcsomagok","7":"product_tag-mokoselmeny","8":"product_tag-100-hazai-gyumolcs","9":"product_tag-akcios-termek","10":"product_tag-almabor","11":"product_tag-bodzabor","12":"product_tag-bodzavirag","13":"product_tag-borcsomag","14":"product_tag-borvalogatas","15":"product_tag-edes-bor","16":"product_tag-eperbor","17":"product_tag-erdei-gyumolcs-bor","18":"product_tag-gyumolcsbor","19":"product_tag-izelmeny","20":"product_tag-meggybor","21":"product_tag-mokos-gyumolcsbor","22":"product_tag-mokos-pinceszet","23":"product_tag-premium-termek","24":"product_tag-termeszetesen","25":"product_tag-uj","26":"product_tag-ujdonsag","28":"first","29":"outofstock","30":"sale","31":"taxable","32":"shipping-taxable","33":"purchasable","34":"product-type-simple"},"acf":[],"yoast_head":"<!-- This site is optimized with the Yoast SEO plugin v27.1.1 - https:\/\/yoast.com\/product\/yoast-seo-wordpress\/ -->\n<title>\u00dajdons\u00e1gok \u00e9s Klasszikusok Gy\u00fcm\u00f6lcsbor V\u00e1logat\u00e1s - Mokos Borcsomag- Akci\u00f3<\/title>\n<meta name=\"description\" content=\"\u00daJ ZAMATOK pr\u00e9mium gy\u00fcm\u00f6lcsbor k\u00fcl\u00f6nlegess\u00e9geink k\u00f6z\u00f6tt! Borcsomag v\u00e1logat\u00e1s klasszikus kedvencekkel \u00e9s \u00fajdons\u00e1gokkal a Mokos Pinc\u00e9szett\u0151l.\" \/>\n<meta name=\"robots\" content=\"index, follow, max-snippet:-1, max-image-preview:large, max-video-preview:-1\" \/>\n<link rel=\"canonical\" href=\"https:\/\/mokos.hu\/en\/rooms\/new-releases-and-classics-premium-gum-wine-valogatas\/\" \/>\n<meta property=\"og:locale\" content=\"en_US\" \/>\n<meta property=\"og:type\" content=\"article\" \/>\n<meta property=\"og:title\" content=\"\u00dajdons\u00e1gok \u00e9s Klasszikusok Gy\u00fcm\u00f6lcsbor V\u00e1logat\u00e1s - Mokos Borcsomag- Akci\u00f3\" \/>\n<meta property=\"og:description\" content=\"\u00daJ ZAMATOK pr\u00e9mium gy\u00fcm\u00f6lcsbor k\u00fcl\u00f6nlegess\u00e9geink k\u00f6z\u00f6tt! Borcsomag v\u00e1logat\u00e1s klasszikus kedvencekkel \u00e9s \u00fajdons\u00e1gokkal a Mokos Pinc\u00e9szett\u0151l.\" \/>\n<meta property=\"og:url\" content=\"https:\/\/mokos.hu\/en\/rooms\/new-releases-and-classics-premium-gum-wine-valogatas\/\" \/>\n<meta property=\"og:site_name\" content=\"MOKOS\" \/>\n<meta property=\"article:modified_time\" content=\"2023-08-16T18:38:09+00:00\" \/>\n<meta property=\"og:image\" content=\"https:\/\/mokos.hu\/wp-content\/uploads\/2023\/06\/NYARI_AJANLAT_1200x1200_UK.jpg\" \/>\n\t<meta property=\"og:image:width\" content=\"1200\" \/>\n\t<meta property=\"og:image:height\" content=\"1200\" \/>\n\t<meta property=\"og:image:type\" content=\"image\/jpeg\" \/>\n<meta name=\"twitter:card\" content=\"summary_large_image\" \/>\n<meta name=\"twitter:label1\" content=\"Est. reading time\" \/>\n\t<meta name=\"twitter:data1\" content=\"1 minute\" \/>\n<script type=\"application\/ld+json\" class=\"yoast-schema-graph\">{\"@context\":\"https:\/\/schema.org\",\"@graph\":[{\"@type\":\"WebPage\",\"@id\":\"https:\/\/mokos.hu\/termek\/ujdonsagok-es-klasszikusok-premium-gyumolcsbor-valogatas\/\",\"url\":\"https:\/\/mokos.hu\/termek\/ujdonsagok-es-klasszikusok-premium-gyumolcsbor-valogatas\/\",\"name\":\"\u00dajdons\u00e1gok \u00e9s Klasszikusok Gy\u00fcm\u00f6lcsbor V\u00e1logat\u00e1s - Mokos Borcsomag- Akci\u00f3\",\"isPartOf\":{\"@id\":\"https:\/\/mokos.hu\/#website\"},\"primaryImageOfPage\":{\"@id\":\"https:\/\/mokos.hu\/termek\/ujdonsagok-es-klasszikusok-premium-gyumolcsbor-valogatas\/#primaryimage\"},\"image\":{\"@id\":\"https:\/\/mokos.hu\/termek\/ujdonsagok-es-klasszikusok-premium-gyumolcsbor-valogatas\/#primaryimage\"},\"thumbnailUrl\":\"https:\/\/mokos.hu\/wp-content\/uploads\/2023\/06\/NYARI_AJANLAT_1200x1200_UK.jpg\",\"datePublished\":\"2023-06-30T09:07:08+00:00\",\"dateModified\":\"2023-08-16T18:38:09+00:00\",\"description\":\"\u00daJ ZAMATOK pr\u00e9mium gy\u00fcm\u00f6lcsbor k\u00fcl\u00f6nlegess\u00e9geink k\u00f6z\u00f6tt! Borcsomag v\u00e1logat\u00e1s klasszikus kedvencekkel \u00e9s \u00fajdons\u00e1gokkal a Mokos Pinc\u00e9szett\u0151l.\",\"breadcrumb\":{\"@id\":\"https:\/\/mokos.hu\/termek\/ujdonsagok-es-klasszikusok-premium-gyumolcsbor-valogatas\/#breadcrumb\"},\"inLanguage\":\"en-US\",\"potentialAction\":[{\"@type\":\"ReadAction\",\"target\":[\"https:\/\/mokos.hu\/termek\/ujdonsagok-es-klasszikusok-premium-gyumolcsbor-valogatas\/\"]}]},{\"@type\":\"ImageObject\",\"inLanguage\":\"en-US\",\"@id\":\"https:\/\/mokos.hu\/termek\/ujdonsagok-es-klasszikusok-premium-gyumolcsbor-valogatas\/#primaryimage\",\"url\":\"https:\/\/mokos.hu\/wp-content\/uploads\/2023\/06\/NYARI_AJANLAT_1200x1200_UK.jpg\",\"contentUrl\":\"https:\/\/mokos.hu\/wp-content\/uploads\/2023\/06\/NYARI_AJANLAT_1200x1200_UK.jpg\",\"width\":1200,\"height\":1200,\"caption\":\"Mokos_Pinceszet_premium_gyumolcsbor_borcsomag_akcios_villanyi_borvidek_palkonya_eperbor_meggybor_bodzabor_almabor_erdeigyumolcsbor\"},{\"@type\":\"BreadcrumbList\",\"@id\":\"https:\/\/mokos.hu\/termek\/ujdonsagok-es-klasszikusok-premium-gyumolcsbor-valogatas\/#breadcrumb\",\"itemListElement\":[{\"@type\":\"ListItem\",\"position\":1,\"name\":\"Home\",\"item\":\"https:\/\/mokos.hu\/\"},{\"@type\":\"ListItem\",\"position\":2,\"name\":\"Term\u00e9kek\",\"item\":\"https:\/\/mokos.hu\/shop\/\"},{\"@type\":\"ListItem\",\"position\":3,\"name\":\"\u00dajdons\u00e1gok \u00e9s Klasszikusok Gy\u00fcm\u00f6lcsbor V\u00e1logat\u00e1s\"}]},{\"@type\":\"WebSite\",\"@id\":\"https:\/\/mokos.hu\/#website\",\"url\":\"https:\/\/mokos.hu\/\",\"name\":\"MOKOS\",\"description\":\"Csal\u00e1di Pinc\u00e9szet, Palkonya\",\"publisher\":{\"@id\":\"https:\/\/mokos.hu\/#organization\"},\"potentialAction\":[{\"@type\":\"SearchAction\",\"target\":{\"@type\":\"EntryPoint\",\"urlTemplate\":\"https:\/\/mokos.hu\/?s={search_term_string}\"},\"query-input\":{\"@type\":\"PropertyValueSpecification\",\"valueRequired\":true,\"valueName\":\"search_term_string\"}}],\"inLanguage\":\"en-US\"},{\"@type\":\"Organization\",\"@id\":\"https:\/\/mokos.hu\/#organization\",\"name\":\"MOKOS\",\"url\":\"https:\/\/mokos.hu\/\",\"logo\":{\"@type\":\"ImageObject\",\"inLanguage\":\"en-US\",\"@id\":\"https:\/\/mokos.hu\/#\/schema\/logo\/image\/\",\"url\":\"https:\/\/mokos.hu\/wp-content\/uploads\/2018\/11\/cropped-Mokos_Villanyi-Borvidek-Palkonya-1.png\",\"contentUrl\":\"https:\/\/mokos.hu\/wp-content\/uploads\/2018\/11\/cropped-Mokos_Villanyi-Borvidek-Palkonya-1.png\",\"width\":1000,\"height\":245,\"caption\":\"MOKOS\"},\"image\":{\"@id\":\"https:\/\/mokos.hu\/#\/schema\/logo\/image\/\"}}]}<\/script>\n<!-- \/ Yoast SEO plugin. -->","yoast_head_json":{"title":"Novelties and Classics Fruit Wine Selection - Mokos Wine Package - Action","description":"NEW ZAMATOK among our premium fruit wine specialities! Wine package selection with classic favourites and new releases from Mokos Winery.","robots":{"index":"index","follow":"follow","max-snippet":"max-snippet:-1","max-image-preview":"max-image-preview:large","max-video-preview":"max-video-preview:-1"},"canonical":"https:\/\/mokos.hu\/en\/rooms\/new-releases-and-classics-premium-gum-wine-valogatas\/","og_locale":"en_US","og_type":"article","og_title":"\u00dajdons\u00e1gok \u00e9s Klasszikusok Gy\u00fcm\u00f6lcsbor V\u00e1logat\u00e1s - Mokos Borcsomag- Akci\u00f3","og_description":"\u00daJ ZAMATOK pr\u00e9mium gy\u00fcm\u00f6lcsbor k\u00fcl\u00f6nlegess\u00e9geink k\u00f6z\u00f6tt! Borcsomag v\u00e1logat\u00e1s klasszikus kedvencekkel \u00e9s \u00fajdons\u00e1gokkal a Mokos Pinc\u00e9szett\u0151l.","og_url":"https:\/\/mokos.hu\/en\/rooms\/new-releases-and-classics-premium-gum-wine-valogatas\/","og_site_name":"MOKOS","article_modified_time":"2023-08-16T18:38:09+00:00","og_image":[{"width":1200,"height":1200,"url":"https:\/\/mokos.hu\/wp-content\/uploads\/2023\/06\/NYARI_AJANLAT_1200x1200_UK.jpg","type":"image\/jpeg"}],"twitter_card":"summary_large_image","twitter_misc":{"Est. reading time":"1 minute"},"schema":{"@context":"https:\/\/schema.org","@graph":[{"@type":"WebPage","@id":"https:\/\/mokos.hu\/termek\/ujdonsagok-es-klasszikusok-premium-gyumolcsbor-valogatas\/","url":"https:\/\/mokos.hu\/termek\/ujdonsagok-es-klasszikusok-premium-gyumolcsbor-valogatas\/","name":"Novelties and Classics Fruit Wine Selection - Mokos Wine Package - Action","isPartOf":{"@id":"https:\/\/mokos.hu\/#website"},"primaryImageOfPage":{"@id":"https:\/\/mokos.hu\/termek\/ujdonsagok-es-klasszikusok-premium-gyumolcsbor-valogatas\/#primaryimage"},"image":{"@id":"https:\/\/mokos.hu\/termek\/ujdonsagok-es-klasszikusok-premium-gyumolcsbor-valogatas\/#primaryimage"},"thumbnailUrl":"https:\/\/mokos.hu\/wp-content\/uploads\/2023\/06\/NYARI_AJANLAT_1200x1200_UK.jpg","datePublished":"2023-06-30T09:07:08+00:00","dateModified":"2023-08-16T18:38:09+00:00","description":"NEW ZAMATOK among our premium fruit wine specialities! Wine package selection with classic favourites and new releases from Mokos Winery.","breadcrumb":{"@id":"https:\/\/mokos.hu\/termek\/ujdonsagok-es-klasszikusok-premium-gyumolcsbor-valogatas\/#breadcrumb"},"inLanguage":"en-US","potentialAction":[{"@type":"ReadAction","target":["https:\/\/mokos.hu\/termek\/ujdonsagok-es-klasszikusok-premium-gyumolcsbor-valogatas\/"]}]},{"@type":"ImageObject","inLanguage":"en-US","@id":"https:\/\/mokos.hu\/termek\/ujdonsagok-es-klasszikusok-premium-gyumolcsbor-valogatas\/#primaryimage","url":"https:\/\/mokos.hu\/wp-content\/uploads\/2023\/06\/NYARI_AJANLAT_1200x1200_UK.jpg","contentUrl":"https:\/\/mokos.hu\/wp-content\/uploads\/2023\/06\/NYARI_AJANLAT_1200x1200_UK.jpg","width":1200,"height":1200,"caption":"Mokos_Pinceszet_premium_gyumolcsbor_borcsomag_akcios_villanyi_borvidek_palkonya_eperbor_meggybor_bodzabor_almabor_erdeigyumolcsbor"},{"@type":"BreadcrumbList","@id":"https:\/\/mokos.hu\/termek\/ujdonsagok-es-klasszikusok-premium-gyumolcsbor-valogatas\/#breadcrumb","itemListElement":[{"@type":"ListItem","position":1,"name":"Home","item":"https:\/\/mokos.hu\/"},{"@type":"ListItem","position":2,"name":"Term\u00e9kek","item":"https:\/\/mokos.hu\/shop\/"},{"@type":"ListItem","position":3,"name":"\u00dajdons\u00e1gok \u00e9s Klasszikusok Gy\u00fcm\u00f6lcsbor V\u00e1logat\u00e1s"}]},{"@type":"WebSite","@id":"https:\/\/mokos.hu\/#website","url":"https:\/\/mokos.hu\/","name":"MOKOS","description":"Family Winery, Palkonya","publisher":{"@id":"https:\/\/mokos.hu\/#organization"},"potentialAction":[{"@type":"SearchAction","target":{"@type":"EntryPoint","urlTemplate":"https:\/\/mokos.hu\/?s={search_term_string}"},"query-input":{"@type":"PropertyValueSpecification","valueRequired":true,"valueName":"search_term_string"}}],"inLanguage":"en-US"},{"@type":"Organization","@id":"https:\/\/mokos.hu\/#organization","name":"MOKOS","url":"https:\/\/mokos.hu\/","logo":{"@type":"ImageObject","inLanguage":"en-US","@id":"https:\/\/mokos.hu\/#\/schema\/logo\/image\/","url":"https:\/\/mokos.hu\/wp-content\/uploads\/2018\/11\/cropped-Mokos_Villanyi-Borvidek-Palkonya-1.png","contentUrl":"https:\/\/mokos.hu\/wp-content\/uploads\/2018\/11\/cropped-Mokos_Villanyi-Borvidek-Palkonya-1.png","width":1000,"height":245,"caption":"MOKOS"},"image":{"@id":"https:\/\/mokos.hu\/#\/schema\/logo\/image\/"}}]}},"_links":{"self":[{"href":"https:\/\/mokos.hu\/en\/wp-json\/wp\/v2\/product\/16225","targetHints":{"allow":["GET"]}}],"collection":[{"href":"https:\/\/mokos.hu\/en\/wp-json\/wp\/v2\/product"}],"about":[{"href":"https:\/\/mokos.hu\/en\/wp-json\/wp\/v2\/types\/product"}],"wp:featuredmedia":[{"embeddable":true,"href":"https:\/\/mokos.hu\/en\/wp-json\/wp\/v2\/media\/16226"}],"wp:attachment":[{"href":"https:\/\/mokos.hu\/en\/wp-json\/wp\/v2\/media?parent=16225"}],"wp:term":[{"taxonomy":"product_brand","embeddable":true,"href":"https:\/\/mokos.hu\/en\/wp-json\/wp\/v2\/product_brand?post=16225"},{"taxonomy":"product_cat","embeddable":true,"href":"https:\/\/mokos.hu\/en\/wp-json\/wp\/v2\/product_cat?post=16225"},{"taxonomy":"product_tag","embeddable":true,"href":"https:\/\/mokos.hu\/en\/wp-json\/wp\/v2\/product_tag?post=16225"}],"curies":[{"name":"wp","href":"https:\/\/api.w.org\/{rel}","templated":true}]}}