{"id":16175,"date":"2023-06-26T22:02:17","date_gmt":"2023-06-26T20:02:17","guid":{"rendered":"https:\/\/mokos.hu\/?post_type=product&#038;p=16175"},"modified":"2026-01-10T13:35:13","modified_gmt":"2026-01-10T11:35:13","slug":"cabernet-franc-2020-villanyi-classicus-vorosbor","status":"publish","type":"product","link":"https:\/\/mokos.hu\/en\/termek\/cabernet-franc-2020-villanyi-classicus-vorosbor\/","title":{"rendered":"Cabernet Franc 2020"},"content":{"rendered":"<h5>BLOODIED FRESH classicus VILL\u00c1NYI WINE<\/h5>\n<p>Our vineyards, located in the Weingarten vineyard in the northern part of the Vill\u00e1ny wine region, are home to the typical<strong>\u00a0domestic and international varieties\u00a0<\/strong>(Portugieser, k\u00e9kfrankos, pinot noir, merlot, cabernet franc, cabernet sauvignon). Thanks to the loess and red clay soils, the sub-Mediterranean climate and the above-average yield limitation, the quality of the\u00a0<strong>Vill\u00e1ny classicus and premium wines<\/strong>We produce around 100 000 bottles a year, starting in 2008.<\/p>\n<h5>DHC MANSION<\/h5>\n<p><img fetchpriority=\"high\" decoding=\"async\" class=\"wp-image-15840 size-full alignright\" src=\"https:\/\/mokos.hu\/wp-content\/uploads\/2023\/03\/villa\u0301ny-dhc.png\" alt=\"DHC Vill\u00e1ny_villanyiborvidek_palkonya_mokos_pinceszet\" width=\"225\" height=\"225\" srcset=\"https:\/\/mokos.hu\/wp-content\/uploads\/2023\/03\/villa\u0301ny-dhc.png 225w, https:\/\/mokos.hu\/wp-content\/uploads\/2023\/03\/villa\u0301ny-dhc-150x150.png 150w, https:\/\/mokos.hu\/wp-content\/uploads\/2023\/03\/villa\u0301ny-dhc-100x100.png 100w\" sizes=\"(max-width: 225px) 100vw, 225px\" \/><\/p>\n<p>Vill\u00e1ny wine of protected origin can only be made from specific grape varieties harvested in the wine region. Vill\u00e1ny PDO wines can be identified by the words \"Districtus Hungaricus Controllatus Vill\u00e1ny\", with the cherry blossom emblem in the picture.<\/p>\n<p>Find out more about the protection of the origin of Vill\u00e1ny wines\u00a0<a href=\"https:\/\/villanyiborvidek.hu\/hu\/villanyi-borvidek\/eredetvedelem-kikerics-vedjegy\" target=\"_blank\" rel=\"noopener noreferrer\">HERE<\/a>.<\/p>","protected":false},"excerpt":{"rendered":"<h3><strong><img decoding=\"async\" class=\"alignleft wp-image-17486\" src=\"https:\/\/mokos.hu\/wp-content\/uploads\/2023\/06\/Top12Fekete-250x250.png\" alt=\"\" width=\"70\" height=\"71\" srcset=\"https:\/\/mokos.hu\/wp-content\/uploads\/2023\/06\/Top12Fekete-250x250.png 250w, https:\/\/mokos.hu\/wp-content\/uploads\/2023\/06\/Top12Fekete-300x303.png 300w, https:\/\/mokos.hu\/wp-content\/uploads\/2023\/06\/Top12Fekete-150x150.png 150w, https:\/\/mokos.hu\/wp-content\/uploads\/2023\/06\/Top12Fekete-600x606.png 600w, https:\/\/mokos.hu\/wp-content\/uploads\/2023\/06\/Top12Fekete-297x300.png 297w, https:\/\/mokos.hu\/wp-content\/uploads\/2023\/06\/Top12Fekete-400x400.png 400w, https:\/\/mokos.hu\/wp-content\/uploads\/2023\/06\/Top12Fekete-100x100.png 100w, https:\/\/mokos.hu\/wp-content\/uploads\/2023\/06\/Top12Fekete.png 777w\" sizes=\"(max-width: 70px) 100vw, 70px\" \/>TOP12 VILL\u00c1NY FRANC*<\/strong><\/h3>\n<h4><\/h4>\n<p>&nbsp;<\/p>\n<h5>Gold Medal - XXXIX St George's Day Wine Competition<\/h5>\n<h5>Gold Medal - National Wine Competition 2024<\/h5>\n<h3><strong>100% Cabernet Franc, 100% Vill\u00e1ny - classicus form\u00a0<\/strong><\/h3>\n<h4><em>classicus dry red wine<\/em><\/h4>\n<p>The intense notes of red berry fruit typical of the variety, combined with the restrained character of oak barrel ageing, make this a real pleasure to taste.<\/p>\n<p><strong>*Our Cabernet Franc 2020 classicus red wine has been selected as one of the top 12 wines of the Vill\u00e1ny Franc &amp; Franc International Forum and Tasting Day 2023. The TOP12 included 3 classicus, 6 premium and 3 super premium Cabernet Franc, Vill\u00e1nyi Franc, so we are particularly proud of this achievement.\u00a0<\/strong><\/p>\n<p>Recommended consumption temperature: 16-18\u00b0C.<\/p>\n<p>A great choice for roasts, game and smoked cheeses.<\/p>\n<p>Capacity: 750 ml<\/p>\n<p>Unit price: 4.520 Ft\/L<\/p>\n<p>&nbsp;<\/p>\n<p>Policies on ordering and purchasing <a href=\"https:\/\/mokos.hu\/en\/uzlet\/rules\/\">HERE<\/a> reaches.<\/p>","protected":false},"featured_media":29598,"template":"","meta":{"_acf_changed":false},"product_brand":[],"product_cat":[70],"product_tag":[136,184,197,179,123,180,137,129,132],"class_list":{"0":"post-16175","1":"product","2":"type-product","3":"status-publish","4":"has-post-thumbnail","6":"product_cat-villany_mokos_borok","7":"product_tag-cabernet-franc","8":"product_tag-classicus","9":"product_tag-classicus-vorosbor","10":"product_tag-dhc-villany","11":"product_tag-mokos-pinceszet","12":"product_tag-szaraz-vorosbor","13":"product_tag-villanyi-borok","14":"product_tag-villanyi-borvidek","15":"product_tag-vorosbor","17":"first","18":"instock","19":"taxable","20":"shipping-taxable","21":"purchasable","22":"product-type-simple"},"acf":[],"yoast_head":"<!-- This site is optimized with the Yoast SEO plugin v27.5 - https:\/\/yoast.com\/product\/yoast-seo-wordpress\/ -->\n<title>Cabernet Franc 2020 - MOKOS Pinc\u00e9szet - Vill\u00e1nyi Borvid\u00e9k<\/title>\n<meta name=\"description\" content=\"CLASSICUS Cabernet Franc a Mokos Pinc\u00e9szett\u0151l: 100% Cabernet Franc fajt\u00e1b\u00f3l k\u00e9sz\u00fclt, karakteres, f\u00e9rfias vill\u00e1nyi v\u00f6r\u00f6sbor.\" \/>\n<meta name=\"robots\" content=\"index, follow, max-snippet:-1, max-image-preview:large, max-video-preview:-1\" \/>\n<link rel=\"canonical\" href=\"https:\/\/mokos.hu\/en\/rooms\/cabernet-franc-2020-villanyi-classicus-vorosbor\/\" \/>\n<meta property=\"og:locale\" content=\"en_US\" \/>\n<meta property=\"og:type\" content=\"article\" \/>\n<meta property=\"og:title\" content=\"Cabernet Franc 2020 - MOKOS Pinc\u00e9szet - Vill\u00e1nyi Borvid\u00e9k\" \/>\n<meta property=\"og:description\" content=\"CLASSICUS Cabernet Franc a Mokos Pinc\u00e9szett\u0151l: 100% Cabernet Franc fajt\u00e1b\u00f3l k\u00e9sz\u00fclt, karakteres, f\u00e9rfias vill\u00e1nyi v\u00f6r\u00f6sbor.\" \/>\n<meta property=\"og:url\" content=\"https:\/\/mokos.hu\/en\/rooms\/cabernet-franc-2020-villanyi-classicus-vorosbor\/\" \/>\n<meta property=\"og:site_name\" content=\"MOKOS\" \/>\n<meta property=\"article:modified_time\" content=\"2026-01-10T11:35:13+00:00\" \/>\n<meta property=\"og:image\" content=\"https:\/\/mokos.hu\/wp-content\/uploads\/2023\/06\/cab-franc-web.png\" \/>\n\t<meta property=\"og:image:width\" content=\"700\" \/>\n\t<meta property=\"og:image:height\" content=\"1175\" \/>\n\t<meta property=\"og:image:type\" content=\"image\/png\" \/>\n<meta name=\"twitter:card\" content=\"summary_large_image\" \/>\n<meta name=\"twitter:label1\" content=\"Est. reading time\" \/>\n\t<meta name=\"twitter:data1\" content=\"1 minute\" \/>\n<script type=\"application\/ld+json\" class=\"yoast-schema-graph\">{\"@context\":\"https:\\\/\\\/schema.org\",\"@graph\":[{\"@type\":\"WebPage\",\"@id\":\"https:\\\/\\\/mokos.hu\\\/termek\\\/cabernet-franc-2020-villanyi-classicus-vorosbor\\\/\",\"url\":\"https:\\\/\\\/mokos.hu\\\/termek\\\/cabernet-franc-2020-villanyi-classicus-vorosbor\\\/\",\"name\":\"Cabernet Franc 2020 - MOKOS Pinc\u00e9szet - Vill\u00e1nyi Borvid\u00e9k\",\"isPartOf\":{\"@id\":\"https:\\\/\\\/mokos.hu\\\/#website\"},\"primaryImageOfPage\":{\"@id\":\"https:\\\/\\\/mokos.hu\\\/termek\\\/cabernet-franc-2020-villanyi-classicus-vorosbor\\\/#primaryimage\"},\"image\":{\"@id\":\"https:\\\/\\\/mokos.hu\\\/termek\\\/cabernet-franc-2020-villanyi-classicus-vorosbor\\\/#primaryimage\"},\"thumbnailUrl\":\"https:\\\/\\\/mokos.hu\\\/wp-content\\\/uploads\\\/2026\\\/01\\\/Cabernet_Franc_2020-scaled.png\",\"datePublished\":\"2023-06-26T20:02:17+00:00\",\"dateModified\":\"2026-01-10T11:35:13+00:00\",\"description\":\"CLASSICUS Cabernet Franc a Mokos Pinc\u00e9szett\u0151l: 100% Cabernet Franc fajt\u00e1b\u00f3l k\u00e9sz\u00fclt, karakteres, f\u00e9rfias vill\u00e1nyi v\u00f6r\u00f6sbor.\",\"breadcrumb\":{\"@id\":\"https:\\\/\\\/mokos.hu\\\/termek\\\/cabernet-franc-2020-villanyi-classicus-vorosbor\\\/#breadcrumb\"},\"inLanguage\":\"en-US\",\"potentialAction\":[{\"@type\":\"ReadAction\",\"target\":[\"https:\\\/\\\/mokos.hu\\\/termek\\\/cabernet-franc-2020-villanyi-classicus-vorosbor\\\/\"]}]},{\"@type\":\"ImageObject\",\"inLanguage\":\"en-US\",\"@id\":\"https:\\\/\\\/mokos.hu\\\/termek\\\/cabernet-franc-2020-villanyi-classicus-vorosbor\\\/#primaryimage\",\"url\":\"https:\\\/\\\/mokos.hu\\\/wp-content\\\/uploads\\\/2026\\\/01\\\/Cabernet_Franc_2020-scaled.png\",\"contentUrl\":\"https:\\\/\\\/mokos.hu\\\/wp-content\\\/uploads\\\/2026\\\/01\\\/Cabernet_Franc_2020-scaled.png\",\"width\":1525,\"height\":2560},{\"@type\":\"BreadcrumbList\",\"@id\":\"https:\\\/\\\/mokos.hu\\\/termek\\\/cabernet-franc-2020-villanyi-classicus-vorosbor\\\/#breadcrumb\",\"itemListElement\":[{\"@type\":\"ListItem\",\"position\":1,\"name\":\"Home\",\"item\":\"https:\\\/\\\/mokos.hu\\\/\"},{\"@type\":\"ListItem\",\"position\":2,\"name\":\"Term\u00e9kek\",\"item\":\"https:\\\/\\\/mokos.hu\\\/shop\\\/\"},{\"@type\":\"ListItem\",\"position\":3,\"name\":\"Cabernet Franc 2020\"}]},{\"@type\":\"WebSite\",\"@id\":\"https:\\\/\\\/mokos.hu\\\/#website\",\"url\":\"https:\\\/\\\/mokos.hu\\\/\",\"name\":\"MOKOS\",\"description\":\"Csal\u00e1di Pinc\u00e9szet, Palkonya\",\"publisher\":{\"@id\":\"https:\\\/\\\/mokos.hu\\\/#organization\"},\"potentialAction\":[{\"@type\":\"SearchAction\",\"target\":{\"@type\":\"EntryPoint\",\"urlTemplate\":\"https:\\\/\\\/mokos.hu\\\/?s={search_term_string}\"},\"query-input\":{\"@type\":\"PropertyValueSpecification\",\"valueRequired\":true,\"valueName\":\"search_term_string\"}}],\"inLanguage\":\"en-US\"},{\"@type\":\"Organization\",\"@id\":\"https:\\\/\\\/mokos.hu\\\/#organization\",\"name\":\"MOKOS\",\"url\":\"https:\\\/\\\/mokos.hu\\\/\",\"logo\":{\"@type\":\"ImageObject\",\"inLanguage\":\"en-US\",\"@id\":\"https:\\\/\\\/mokos.hu\\\/#\\\/schema\\\/logo\\\/image\\\/\",\"url\":\"https:\\\/\\\/mokos.hu\\\/wp-content\\\/uploads\\\/2018\\\/11\\\/cropped-Mokos_Villanyi-Borvidek-Palkonya-1.png\",\"contentUrl\":\"https:\\\/\\\/mokos.hu\\\/wp-content\\\/uploads\\\/2018\\\/11\\\/cropped-Mokos_Villanyi-Borvidek-Palkonya-1.png\",\"width\":1000,\"height\":245,\"caption\":\"MOKOS\"},\"image\":{\"@id\":\"https:\\\/\\\/mokos.hu\\\/#\\\/schema\\\/logo\\\/image\\\/\"}}]}<\/script>\n<!-- \/ Yoast SEO plugin. -->","yoast_head_json":{"title":"Cabernet Franc 2020 - MOKOS Winery - Vill\u00e1ny Wine Region","description":"CLASSICUS Cabernet Franc from the Mokos Winery: a characterful, masculine Vill\u00e1ny red wine made from the 100% Cabernet Franc variety.","robots":{"index":"index","follow":"follow","max-snippet":"max-snippet:-1","max-image-preview":"max-image-preview:large","max-video-preview":"max-video-preview:-1"},"canonical":"https:\/\/mokos.hu\/en\/rooms\/cabernet-franc-2020-villanyi-classicus-vorosbor\/","og_locale":"en_US","og_type":"article","og_title":"Cabernet Franc 2020 - MOKOS Pinc\u00e9szet - Vill\u00e1nyi Borvid\u00e9k","og_description":"CLASSICUS Cabernet Franc a Mokos Pinc\u00e9szett\u0151l: 100% Cabernet Franc fajt\u00e1b\u00f3l k\u00e9sz\u00fclt, karakteres, f\u00e9rfias vill\u00e1nyi v\u00f6r\u00f6sbor.","og_url":"https:\/\/mokos.hu\/en\/rooms\/cabernet-franc-2020-villanyi-classicus-vorosbor\/","og_site_name":"MOKOS","article_modified_time":"2026-01-10T11:35:13+00:00","og_image":[{"width":700,"height":1175,"url":"https:\/\/mokos.hu\/wp-content\/uploads\/2023\/06\/cab-franc-web.png","type":"image\/png"}],"twitter_card":"summary_large_image","twitter_misc":{"Est. reading time":"1 minute"},"schema":{"@context":"https:\/\/schema.org","@graph":[{"@type":"WebPage","@id":"https:\/\/mokos.hu\/termek\/cabernet-franc-2020-villanyi-classicus-vorosbor\/","url":"https:\/\/mokos.hu\/termek\/cabernet-franc-2020-villanyi-classicus-vorosbor\/","name":"Cabernet Franc 2020 - MOKOS Winery - Vill\u00e1ny Wine Region","isPartOf":{"@id":"https:\/\/mokos.hu\/#website"},"primaryImageOfPage":{"@id":"https:\/\/mokos.hu\/termek\/cabernet-franc-2020-villanyi-classicus-vorosbor\/#primaryimage"},"image":{"@id":"https:\/\/mokos.hu\/termek\/cabernet-franc-2020-villanyi-classicus-vorosbor\/#primaryimage"},"thumbnailUrl":"https:\/\/mokos.hu\/wp-content\/uploads\/2026\/01\/Cabernet_Franc_2020-scaled.png","datePublished":"2023-06-26T20:02:17+00:00","dateModified":"2026-01-10T11:35:13+00:00","description":"CLASSICUS Cabernet Franc from the Mokos Winery: a characterful, masculine Vill\u00e1ny red wine made from the 100% Cabernet Franc variety.","breadcrumb":{"@id":"https:\/\/mokos.hu\/termek\/cabernet-franc-2020-villanyi-classicus-vorosbor\/#breadcrumb"},"inLanguage":"en-US","potentialAction":[{"@type":"ReadAction","target":["https:\/\/mokos.hu\/termek\/cabernet-franc-2020-villanyi-classicus-vorosbor\/"]}]},{"@type":"ImageObject","inLanguage":"en-US","@id":"https:\/\/mokos.hu\/termek\/cabernet-franc-2020-villanyi-classicus-vorosbor\/#primaryimage","url":"https:\/\/mokos.hu\/wp-content\/uploads\/2026\/01\/Cabernet_Franc_2020-scaled.png","contentUrl":"https:\/\/mokos.hu\/wp-content\/uploads\/2026\/01\/Cabernet_Franc_2020-scaled.png","width":1525,"height":2560},{"@type":"BreadcrumbList","@id":"https:\/\/mokos.hu\/termek\/cabernet-franc-2020-villanyi-classicus-vorosbor\/#breadcrumb","itemListElement":[{"@type":"ListItem","position":1,"name":"Home","item":"https:\/\/mokos.hu\/"},{"@type":"ListItem","position":2,"name":"Term\u00e9kek","item":"https:\/\/mokos.hu\/shop\/"},{"@type":"ListItem","position":3,"name":"Cabernet Franc 2020"}]},{"@type":"WebSite","@id":"https:\/\/mokos.hu\/#website","url":"https:\/\/mokos.hu\/","name":"MOKOS","description":"Family Winery, Palkonya","publisher":{"@id":"https:\/\/mokos.hu\/#organization"},"potentialAction":[{"@type":"SearchAction","target":{"@type":"EntryPoint","urlTemplate":"https:\/\/mokos.hu\/?s={search_term_string}"},"query-input":{"@type":"PropertyValueSpecification","valueRequired":true,"valueName":"search_term_string"}}],"inLanguage":"en-US"},{"@type":"Organization","@id":"https:\/\/mokos.hu\/#organization","name":"MOKOS","url":"https:\/\/mokos.hu\/","logo":{"@type":"ImageObject","inLanguage":"en-US","@id":"https:\/\/mokos.hu\/#\/schema\/logo\/image\/","url":"https:\/\/mokos.hu\/wp-content\/uploads\/2018\/11\/cropped-Mokos_Villanyi-Borvidek-Palkonya-1.png","contentUrl":"https:\/\/mokos.hu\/wp-content\/uploads\/2018\/11\/cropped-Mokos_Villanyi-Borvidek-Palkonya-1.png","width":1000,"height":245,"caption":"MOKOS"},"image":{"@id":"https:\/\/mokos.hu\/#\/schema\/logo\/image\/"}}]}},"_links":{"self":[{"href":"https:\/\/mokos.hu\/en\/wp-json\/wp\/v2\/product\/16175","targetHints":{"allow":["GET"]}}],"collection":[{"href":"https:\/\/mokos.hu\/en\/wp-json\/wp\/v2\/product"}],"about":[{"href":"https:\/\/mokos.hu\/en\/wp-json\/wp\/v2\/types\/product"}],"wp:featuredmedia":[{"embeddable":true,"href":"https:\/\/mokos.hu\/en\/wp-json\/wp\/v2\/media\/29598"}],"wp:attachment":[{"href":"https:\/\/mokos.hu\/en\/wp-json\/wp\/v2\/media?parent=16175"}],"wp:term":[{"taxonomy":"product_brand","embeddable":true,"href":"https:\/\/mokos.hu\/en\/wp-json\/wp\/v2\/product_brand?post=16175"},{"taxonomy":"product_cat","embeddable":true,"href":"https:\/\/mokos.hu\/en\/wp-json\/wp\/v2\/product_cat?post=16175"},{"taxonomy":"product_tag","embeddable":true,"href":"https:\/\/mokos.hu\/en\/wp-json\/wp\/v2\/product_tag?post=16175"}],"curies":[{"name":"wp","href":"https:\/\/api.w.org\/{rel}","templated":true}]}}