{"id":15837,"date":"2023-03-08T00:40:20","date_gmt":"2023-03-07T22:40:20","guid":{"rendered":"https:\/\/mokos.hu\/?post_type=product&#038;p=15837"},"modified":"2025-12-03T15:17:46","modified_gmt":"2025-12-03T13:17:46","slug":"merlot-2019-villanyi-premium-voros-wine","status":"publish","type":"product","link":"https:\/\/mokos.hu\/en\/termek\/merlot-2019-villanyi-premium-vorosbor\/","title":{"rendered":"Merlot 2019"},"content":{"rendered":"<h5>PREMIUM VILL\u00c1NY WINE OF PROTECTED ORIGIN<\/h5>\n<p>Our vineyards, located in the Weingarten vineyard in the northern part of the Vill\u00e1ny wine region, are home to the typical<strong>\u00a0domestic and international varieties\u00a0<\/strong>(Portugieser, k\u00e9kfrankos, pinot noir, merlot, cabernet franc, cabernet sauvignon). Thanks to the loess and red clay soils, the sub-Mediterranean climate and the above-average yield limitation, the quality of the\u00a0<strong>Vill\u00e1ny classicus and premium wines<\/strong>We produce around 100 000 bottles a year, starting in 2008.<\/p>\n<h5>DHC MANSION<\/h5>\n<p><img fetchpriority=\"high\" decoding=\"async\" class=\"wp-image-15840 size-full alignright\" src=\"https:\/\/mokos.hu\/wp-content\/uploads\/2023\/03\/villa\u0301ny-dhc.png\" alt=\"DHC Vill\u00e1ny_villanyiborvidek_palkonya_mokos_pinceszet\" width=\"225\" height=\"225\" srcset=\"https:\/\/mokos.hu\/wp-content\/uploads\/2023\/03\/villa\u0301ny-dhc.png 225w, https:\/\/mokos.hu\/wp-content\/uploads\/2023\/03\/villa\u0301ny-dhc-150x150.png 150w, https:\/\/mokos.hu\/wp-content\/uploads\/2023\/03\/villa\u0301ny-dhc-100x100.png 100w\" sizes=\"(max-width: 225px) 100vw, 225px\" \/><\/p>\n<p>Vill\u00e1ny wine of protected origin can only be made from specific grape varieties harvested in the wine region. Vill\u00e1ny PDO wines can be identified by the words \"Districtus Hungaricus Controllatus Vill\u00e1ny\", with the cherry blossom emblem in the picture.<\/p>\n<p>Find out more about the protection of the origin of Vill\u00e1ny wines\u00a0<a href=\"https:\/\/villanyiborvidek.hu\/hu\/villanyi-borvidek\/eredetvedelem-kikerics-vedjegy\" target=\"_blank\" rel=\"noopener noreferrer\">HERE<\/a>.<\/p>","protected":false},"excerpt":{"rendered":"<h5>Gold Medal - the XXXVIII St George's Day Wine Competition<\/h5>\n<h5>Silver medal - 54th Vill\u00e1ny Wine Competition<\/h5>\n<h4>The grace of berries in a bottle<\/h4>\n<h4><em>premium dry red wine<\/em><\/h4>\n<p>A deep red, full-bodied red wine from the sunny slopes of the Vill\u00e1ny wine region, with notes of plum, blackcurrant and chocolate on the palate.<\/p>\n<p>Recommended consumption temperature: 16-18\u00b0C<\/p>\n<p>A great choice for meatloaf or even a classic smoked ham.<\/p>\n<p>Capacity: 750 ml<\/p>\n<p>Unit price: 5.320 Ft\/litre<\/p>\n<p>&nbsp;<\/p>\n<p>Policies on ordering and purchasing\u00a0<a href=\"https:\/\/mokos.hu\/en\/uzlet\/rules\/\">HERE<\/a>\u00a0reaches.<\/p>","protected":false},"featured_media":16208,"template":"","meta":{"_acf_changed":false},"product_brand":[],"product_cat":[70],"product_tag":[179,191,123,194,180,137,129,132],"class_list":{"0":"post-15837","1":"product","2":"type-product","3":"status-publish","4":"has-post-thumbnail","6":"product_cat-villany_mokos_borok","7":"product_tag-dhc-villany","8":"product_tag-merlot","9":"product_tag-mokos-pinceszet","10":"product_tag-premium-vorosbor","11":"product_tag-szaraz-vorosbor","12":"product_tag-villanyi-borok","13":"product_tag-villanyi-borvidek","14":"product_tag-vorosbor","16":"first","17":"outofstock","18":"taxable","19":"shipping-taxable","20":"purchasable","21":"product-type-simple"},"acf":[],"yoast_head":"<!-- This site is optimized with the Yoast SEO plugin v27.5 - https:\/\/yoast.com\/product\/yoast-seo-wordpress\/ -->\n<title>Merlot 2019 - MOKOS Pinc\u00e9szet - Vill\u00e1nyi Borvid\u00e9k<\/title>\n<meta name=\"description\" content=\"Pr\u00e9mium v\u00f6r\u00f6sbor a Vill\u00e1nyi borvid\u00e9k naps\u00fct\u00f6tte lank\u00e1ir\u00f3l. K\u00f3stolja meg a Mokos Pinc\u00e9szet vill\u00e1nyi Merlot v\u00f6r\u00f6sbor\u00e1t!\" \/>\n<meta name=\"robots\" content=\"index, follow, max-snippet:-1, max-image-preview:large, max-video-preview:-1\" \/>\n<link rel=\"canonical\" href=\"https:\/\/mokos.hu\/en\/rooms\/merlot-2019-villanyi-premium-voros-wine\/\" \/>\n<meta property=\"og:locale\" content=\"en_US\" \/>\n<meta property=\"og:type\" content=\"article\" \/>\n<meta property=\"og:title\" content=\"Merlot 2019 - MOKOS Pinc\u00e9szet - Vill\u00e1nyi Borvid\u00e9k\" \/>\n<meta property=\"og:description\" content=\"Pr\u00e9mium v\u00f6r\u00f6sbor a Vill\u00e1nyi borvid\u00e9k naps\u00fct\u00f6tte lank\u00e1ir\u00f3l. K\u00f3stolja meg a Mokos Pinc\u00e9szet vill\u00e1nyi Merlot v\u00f6r\u00f6sbor\u00e1t!\" \/>\n<meta property=\"og:url\" content=\"https:\/\/mokos.hu\/en\/rooms\/merlot-2019-villanyi-premium-voros-wine\/\" \/>\n<meta property=\"og:site_name\" content=\"MOKOS\" \/>\n<meta property=\"article:modified_time\" content=\"2025-12-03T13:17:46+00:00\" \/>\n<meta property=\"og:image\" content=\"https:\/\/mokos.hu\/wp-content\/uploads\/2018\/10\/CS_2_web_K.png\" \/>\n\t<meta property=\"og:image:width\" content=\"425\" \/>\n\t<meta property=\"og:image:height\" content=\"714\" \/>\n\t<meta property=\"og:image:type\" content=\"image\/png\" \/>\n<meta name=\"twitter:card\" content=\"summary_large_image\" \/>\n<meta name=\"twitter:label1\" content=\"Est. reading time\" \/>\n\t<meta name=\"twitter:data1\" content=\"1 minute\" \/>\n<script type=\"application\/ld+json\" class=\"yoast-schema-graph\">{\"@context\":\"https:\\\/\\\/schema.org\",\"@graph\":[{\"@type\":\"WebPage\",\"@id\":\"https:\\\/\\\/mokos.hu\\\/termek\\\/merlot-2019-villanyi-premium-vorosbor\\\/\",\"url\":\"https:\\\/\\\/mokos.hu\\\/termek\\\/merlot-2019-villanyi-premium-vorosbor\\\/\",\"name\":\"Merlot 2019 - MOKOS Pinc\u00e9szet - Vill\u00e1nyi Borvid\u00e9k\",\"isPartOf\":{\"@id\":\"https:\\\/\\\/mokos.hu\\\/#website\"},\"primaryImageOfPage\":{\"@id\":\"https:\\\/\\\/mokos.hu\\\/termek\\\/merlot-2019-villanyi-premium-vorosbor\\\/#primaryimage\"},\"image\":{\"@id\":\"https:\\\/\\\/mokos.hu\\\/termek\\\/merlot-2019-villanyi-premium-vorosbor\\\/#primaryimage\"},\"thumbnailUrl\":\"https:\\\/\\\/mokos.hu\\\/wp-content\\\/uploads\\\/2022\\\/02\\\/MERLOT_web.png\",\"datePublished\":\"2023-03-07T22:40:20+00:00\",\"dateModified\":\"2025-12-03T13:17:46+00:00\",\"description\":\"Pr\u00e9mium v\u00f6r\u00f6sbor a Vill\u00e1nyi borvid\u00e9k naps\u00fct\u00f6tte lank\u00e1ir\u00f3l. K\u00f3stolja meg a Mokos Pinc\u00e9szet vill\u00e1nyi Merlot v\u00f6r\u00f6sbor\u00e1t!\",\"breadcrumb\":{\"@id\":\"https:\\\/\\\/mokos.hu\\\/termek\\\/merlot-2019-villanyi-premium-vorosbor\\\/#breadcrumb\"},\"inLanguage\":\"en-US\",\"potentialAction\":[{\"@type\":\"ReadAction\",\"target\":[\"https:\\\/\\\/mokos.hu\\\/termek\\\/merlot-2019-villanyi-premium-vorosbor\\\/\"]}]},{\"@type\":\"ImageObject\",\"inLanguage\":\"en-US\",\"@id\":\"https:\\\/\\\/mokos.hu\\\/termek\\\/merlot-2019-villanyi-premium-vorosbor\\\/#primaryimage\",\"url\":\"https:\\\/\\\/mokos.hu\\\/wp-content\\\/uploads\\\/2022\\\/02\\\/MERLOT_web.png\",\"contentUrl\":\"https:\\\/\\\/mokos.hu\\\/wp-content\\\/uploads\\\/2022\\\/02\\\/MERLOT_web.png\",\"width\":700,\"height\":1175},{\"@type\":\"BreadcrumbList\",\"@id\":\"https:\\\/\\\/mokos.hu\\\/termek\\\/merlot-2019-villanyi-premium-vorosbor\\\/#breadcrumb\",\"itemListElement\":[{\"@type\":\"ListItem\",\"position\":1,\"name\":\"Home\",\"item\":\"https:\\\/\\\/mokos.hu\\\/\"},{\"@type\":\"ListItem\",\"position\":2,\"name\":\"Term\u00e9kek\",\"item\":\"https:\\\/\\\/mokos.hu\\\/shop\\\/\"},{\"@type\":\"ListItem\",\"position\":3,\"name\":\"Merlot 2019\"}]},{\"@type\":\"WebSite\",\"@id\":\"https:\\\/\\\/mokos.hu\\\/#website\",\"url\":\"https:\\\/\\\/mokos.hu\\\/\",\"name\":\"MOKOS\",\"description\":\"Csal\u00e1di Pinc\u00e9szet, Palkonya\",\"publisher\":{\"@id\":\"https:\\\/\\\/mokos.hu\\\/#organization\"},\"potentialAction\":[{\"@type\":\"SearchAction\",\"target\":{\"@type\":\"EntryPoint\",\"urlTemplate\":\"https:\\\/\\\/mokos.hu\\\/?s={search_term_string}\"},\"query-input\":{\"@type\":\"PropertyValueSpecification\",\"valueRequired\":true,\"valueName\":\"search_term_string\"}}],\"inLanguage\":\"en-US\"},{\"@type\":\"Organization\",\"@id\":\"https:\\\/\\\/mokos.hu\\\/#organization\",\"name\":\"MOKOS\",\"url\":\"https:\\\/\\\/mokos.hu\\\/\",\"logo\":{\"@type\":\"ImageObject\",\"inLanguage\":\"en-US\",\"@id\":\"https:\\\/\\\/mokos.hu\\\/#\\\/schema\\\/logo\\\/image\\\/\",\"url\":\"https:\\\/\\\/mokos.hu\\\/wp-content\\\/uploads\\\/2018\\\/11\\\/cropped-Mokos_Villanyi-Borvidek-Palkonya-1.png\",\"contentUrl\":\"https:\\\/\\\/mokos.hu\\\/wp-content\\\/uploads\\\/2018\\\/11\\\/cropped-Mokos_Villanyi-Borvidek-Palkonya-1.png\",\"width\":1000,\"height\":245,\"caption\":\"MOKOS\"},\"image\":{\"@id\":\"https:\\\/\\\/mokos.hu\\\/#\\\/schema\\\/logo\\\/image\\\/\"}}]}<\/script>\n<!-- \/ Yoast SEO plugin. -->","yoast_head_json":{"title":"Merlot 2019 - MOKOS Winery - Vill\u00e1ny Wine Region","description":"Premium red wine from the sunny slopes of the Vill\u00e1ny wine region. Try the Merlot red wine of Mokos Winery from Vill\u00e1ny!","robots":{"index":"index","follow":"follow","max-snippet":"max-snippet:-1","max-image-preview":"max-image-preview:large","max-video-preview":"max-video-preview:-1"},"canonical":"https:\/\/mokos.hu\/en\/rooms\/merlot-2019-villanyi-premium-voros-wine\/","og_locale":"en_US","og_type":"article","og_title":"Merlot 2019 - MOKOS Pinc\u00e9szet - Vill\u00e1nyi Borvid\u00e9k","og_description":"Pr\u00e9mium v\u00f6r\u00f6sbor a Vill\u00e1nyi borvid\u00e9k naps\u00fct\u00f6tte lank\u00e1ir\u00f3l. K\u00f3stolja meg a Mokos Pinc\u00e9szet vill\u00e1nyi Merlot v\u00f6r\u00f6sbor\u00e1t!","og_url":"https:\/\/mokos.hu\/en\/rooms\/merlot-2019-villanyi-premium-voros-wine\/","og_site_name":"MOKOS","article_modified_time":"2025-12-03T13:17:46+00:00","og_image":[{"width":425,"height":714,"url":"https:\/\/mokos.hu\/wp-content\/uploads\/2018\/10\/CS_2_web_K.png","type":"image\/png"}],"twitter_card":"summary_large_image","twitter_misc":{"Est. reading time":"1 minute"},"schema":{"@context":"https:\/\/schema.org","@graph":[{"@type":"WebPage","@id":"https:\/\/mokos.hu\/termek\/merlot-2019-villanyi-premium-vorosbor\/","url":"https:\/\/mokos.hu\/termek\/merlot-2019-villanyi-premium-vorosbor\/","name":"Merlot 2019 - MOKOS Winery - Vill\u00e1ny Wine Region","isPartOf":{"@id":"https:\/\/mokos.hu\/#website"},"primaryImageOfPage":{"@id":"https:\/\/mokos.hu\/termek\/merlot-2019-villanyi-premium-vorosbor\/#primaryimage"},"image":{"@id":"https:\/\/mokos.hu\/termek\/merlot-2019-villanyi-premium-vorosbor\/#primaryimage"},"thumbnailUrl":"https:\/\/mokos.hu\/wp-content\/uploads\/2022\/02\/MERLOT_web.png","datePublished":"2023-03-07T22:40:20+00:00","dateModified":"2025-12-03T13:17:46+00:00","description":"Premium red wine from the sunny slopes of the Vill\u00e1ny wine region. Try the Merlot red wine of Mokos Winery from Vill\u00e1ny!","breadcrumb":{"@id":"https:\/\/mokos.hu\/termek\/merlot-2019-villanyi-premium-vorosbor\/#breadcrumb"},"inLanguage":"en-US","potentialAction":[{"@type":"ReadAction","target":["https:\/\/mokos.hu\/termek\/merlot-2019-villanyi-premium-vorosbor\/"]}]},{"@type":"ImageObject","inLanguage":"en-US","@id":"https:\/\/mokos.hu\/termek\/merlot-2019-villanyi-premium-vorosbor\/#primaryimage","url":"https:\/\/mokos.hu\/wp-content\/uploads\/2022\/02\/MERLOT_web.png","contentUrl":"https:\/\/mokos.hu\/wp-content\/uploads\/2022\/02\/MERLOT_web.png","width":700,"height":1175},{"@type":"BreadcrumbList","@id":"https:\/\/mokos.hu\/termek\/merlot-2019-villanyi-premium-vorosbor\/#breadcrumb","itemListElement":[{"@type":"ListItem","position":1,"name":"Home","item":"https:\/\/mokos.hu\/"},{"@type":"ListItem","position":2,"name":"Term\u00e9kek","item":"https:\/\/mokos.hu\/shop\/"},{"@type":"ListItem","position":3,"name":"Merlot 2019"}]},{"@type":"WebSite","@id":"https:\/\/mokos.hu\/#website","url":"https:\/\/mokos.hu\/","name":"MOKOS","description":"Family Winery, Palkonya","publisher":{"@id":"https:\/\/mokos.hu\/#organization"},"potentialAction":[{"@type":"SearchAction","target":{"@type":"EntryPoint","urlTemplate":"https:\/\/mokos.hu\/?s={search_term_string}"},"query-input":{"@type":"PropertyValueSpecification","valueRequired":true,"valueName":"search_term_string"}}],"inLanguage":"en-US"},{"@type":"Organization","@id":"https:\/\/mokos.hu\/#organization","name":"MOKOS","url":"https:\/\/mokos.hu\/","logo":{"@type":"ImageObject","inLanguage":"en-US","@id":"https:\/\/mokos.hu\/#\/schema\/logo\/image\/","url":"https:\/\/mokos.hu\/wp-content\/uploads\/2018\/11\/cropped-Mokos_Villanyi-Borvidek-Palkonya-1.png","contentUrl":"https:\/\/mokos.hu\/wp-content\/uploads\/2018\/11\/cropped-Mokos_Villanyi-Borvidek-Palkonya-1.png","width":1000,"height":245,"caption":"MOKOS"},"image":{"@id":"https:\/\/mokos.hu\/#\/schema\/logo\/image\/"}}]}},"_links":{"self":[{"href":"https:\/\/mokos.hu\/en\/wp-json\/wp\/v2\/product\/15837","targetHints":{"allow":["GET"]}}],"collection":[{"href":"https:\/\/mokos.hu\/en\/wp-json\/wp\/v2\/product"}],"about":[{"href":"https:\/\/mokos.hu\/en\/wp-json\/wp\/v2\/types\/product"}],"wp:featuredmedia":[{"embeddable":true,"href":"https:\/\/mokos.hu\/en\/wp-json\/wp\/v2\/media\/16208"}],"wp:attachment":[{"href":"https:\/\/mokos.hu\/en\/wp-json\/wp\/v2\/media?parent=15837"}],"wp:term":[{"taxonomy":"product_brand","embeddable":true,"href":"https:\/\/mokos.hu\/en\/wp-json\/wp\/v2\/product_brand?post=15837"},{"taxonomy":"product_cat","embeddable":true,"href":"https:\/\/mokos.hu\/en\/wp-json\/wp\/v2\/product_cat?post=15837"},{"taxonomy":"product_tag","embeddable":true,"href":"https:\/\/mokos.hu\/en\/wp-json\/wp\/v2\/product_tag?post=15837"}],"curies":[{"name":"wp","href":"https:\/\/api.w.org\/{rel}","templated":true}]}}