{"id":15246,"date":"2022-11-17T22:46:24","date_gmt":"2022-11-17T20:46:24","guid":{"rendered":"https:\/\/mokos.hu\/?post_type=product&#038;p=15246"},"modified":"2022-12-29T23:42:14","modified_gmt":"2022-12-29T21:42:14","slug":"konnyed-karcsonyi-borcsomag-villanyi-borvalogatas","status":"publish","type":"product","link":"https:\/\/mokos.hu\/en\/termek\/konnyed-karcsonyi-borcsomag-villanyi-borvalogatas\/","title":{"rendered":"K\u00f6nnyed Kar\u00e1csonyi Borcsomag"},"content":{"rendered":"<h5>SUPER PREMIUM VILL\u00c1NY WINE OF PROTECTED ORIGIN<\/h5>\n<p>Our vineyards, located in the Weingarten vineyard in the northern part of the Vill\u00e1ny wine region, are home to the typical<strong>\u00a0domestic and international varieties\u00a0<\/strong>(Portugieser, k\u00e9kfrankos, pinot noir, merlot, cabernet franc, cabernet sauvignon). Thanks to the loess and red clay soils, the sub-Mediterranean climate and the above-average yield limitation, the quality of the\u00a0<strong>Vill\u00e1ny classicus and premium wines<\/strong>We produce around 100 000 bottles a year, starting in 2008.<\/p>\n<h5>DHC MANSION<\/h5>\n<p><img fetchpriority=\"high\" decoding=\"async\" class=\"alignright wp-image-9383 size-thumbnail\" src=\"https:\/\/mokos.hu\/wp-content\/uploads\/2020\/03\/DHC-Vill%C3%A1ny-250x250.jpg\" sizes=\"(max-width: 250px) 100vw, 250px\" srcset=\"https:\/\/mokos.hu\/wp-content\/uploads\/2020\/03\/DHC-Vill\u00e1ny-250x250.jpg 250w, https:\/\/mokos.hu\/wp-content\/uploads\/2020\/03\/DHC-Vill\u00e1ny-300x300.jpg 300w, https:\/\/mokos.hu\/wp-content\/uploads\/2020\/03\/DHC-Vill\u00e1ny-400x400.jpg 400w, https:\/\/mokos.hu\/wp-content\/uploads\/2020\/03\/DHC-Vill\u00e1ny-100x100.jpg 100w, https:\/\/mokos.hu\/wp-content\/uploads\/2020\/03\/DHC-Vill\u00e1ny.jpg 522w\" alt=\"DHC Vill\u00e1ny_villanyiborvidek_palkonya_mokos_pinceszet\" width=\"250\" height=\"250\" \/><\/p>\n<p>Vill\u00e1ny wine of protected origin can only be made from specific grape varieties harvested in the wine region. Vill\u00e1ny PDO wines can be identified by the words \"Districtus Hungaricus Controllatus Vill\u00e1ny\", with the cherry blossom emblem in the picture.<\/p>\n<p>Find out more about the protection of the origin of Vill\u00e1ny wines\u00a0<a href=\"https:\/\/villanyiborvidek.hu\/hu\/villanyi-borvidek\/eredetvedelem-kikerics-vedjegy\" target=\"_blank\" rel=\"noopener noreferrer\">HERE<\/a>.<\/p>\n<p>&nbsp;<\/p>\n<p>&nbsp;<\/p>","protected":false},"excerpt":{"rendered":"<h4>k\u00f6nnyed borcsomag classicus vill\u00e1nyi borokkal<\/h4>\n<h4><em><strong>+egyedi grafik\u00e1val ell\u00e1tott mokos fr\u00f6ccspoh\u00e1r<\/strong><\/em><\/h4>\n<p><strong>T\u00f6k\u00e9letes kar\u00e1csonyi borv\u00e1logat\u00e1s az \u00fcnnepi fog\u00e1sok mell\u00e9! <\/strong>\u00a03 palackb\u00f3l \u00e1ll\u00f3 classicus vill\u00e1nyi\u00a0 borv\u00e1logat\u00e1sunk mell\u00e9 most egyedi grafik\u00e1val ell\u00e1tott Mokos Fr\u00f6ccspoharat csomagoltunk.<\/p>\n<p><strong>A K\u00f6nnyed Kar\u00e1csonyi Borcsomag tartalma:<\/strong><\/p>\n<ul>\n<li>1 bottle <a href=\"https:\/\/mokos.hu\/en\/rooms\/tramini-2022-villanyi-feherbor-classicus\/\">Tramini 2022<\/a>\u00a0&#8211; classicus vill\u00e1nyi feh\u00e9rbor<\/li>\n<li>1 bottle <a href=\"https:\/\/mokos.hu\/en\/rooms\/v-roze-cuvee-2022-villanyi-rozebor-classicus\/\">Roz\u00e9 Cuv\u00e9e 2022<\/a> &#8211; classicus vill\u00e1nyi roz\u00e9bor<\/li>\n<li>1 bottle <a href=\"https:\/\/mokos.hu\/en\/rooms\/portugieser-2022-villanyi-vorosbor-classicus\/\">Portugieser 2022<\/a>\u00a0&#8211; classicus vill\u00e1nyi v\u00f6r\u00f6sbor<\/li>\n<li>1 pc <a href=\"https:\/\/mokos.hu\/en\/rooms\/festive-glass-with-moccasins\/\">Mokos Fr\u00f6ccspoh\u00e1r<\/a> &#8211; 500 ml (t\u00f6bbf\u00e9le sz\u00ednben)<\/li>\n<\/ul>\n<ul>\n<li style=\"list-style-type: none;\">\n<ul>\n<li>A csomag teljes \u00e9rt\u00e9ke: 6.570.- Ft<\/li>\n<li>A csomag kedvezm\u00e9nyes \u00e9rt\u00e9ke: 4.990.- Ft<\/li>\n<\/ul>\n<\/li>\n<\/ul>\n<p>The contents of the wine package cannot be modified!<\/p>\n<p style=\"text-align: center;\"><strong><img decoding=\"async\" class=\"size-large wp-image-15242 aligncenter\" src=\"https:\/\/mokos.hu\/wp-content\/uploads\/2022\/11\/Konnyed_Karacsonyi_Bcs-559x1024.jpg\" alt=\"Mokos_Pinceszet_karacsonyi_ajandek_konnyed_villanyi_bor__valogatas\" width=\"559\" height=\"1024\" srcset=\"https:\/\/mokos.hu\/wp-content\/uploads\/2022\/11\/Konnyed_Karacsonyi_Bcs-559x1024.jpg 559w, https:\/\/mokos.hu\/wp-content\/uploads\/2022\/11\/Konnyed_Karacsonyi_Bcs-300x550.jpg 300w, https:\/\/mokos.hu\/wp-content\/uploads\/2022\/11\/Konnyed_Karacsonyi_Bcs-600x1100.jpg 600w, https:\/\/mokos.hu\/wp-content\/uploads\/2022\/11\/Konnyed_Karacsonyi_Bcs-164x300.jpg 164w, https:\/\/mokos.hu\/wp-content\/uploads\/2022\/11\/Konnyed_Karacsonyi_Bcs-838x1536.jpg 838w, https:\/\/mokos.hu\/wp-content\/uploads\/2022\/11\/Konnyed_Karacsonyi_Bcs.jpg 1080w\" sizes=\"(max-width: 559px) 100vw, 559px\" \/><\/strong><\/p>\n<p>&nbsp;<\/p>\n<p style=\"text-align: left;\"><strong>SPECIAL OFFER VALID UNTIL STOCKS LAST OR UNTIL 27 DECEMBER, ONLY IN OUR WEBSHOP.\u00a0<\/strong><\/p>\n<p>Policies on ordering and purchasing\u00a0<a href=\"https:\/\/mokos.hu\/en\/uzlet\/rules\/\">HERE<\/a>\u00a0reaches.<\/p>","protected":false},"featured_media":15241,"template":"","meta":{"_acf_changed":false},"product_brand":[],"product_cat":[72],"product_tag":[127,125,146,120,118,230,119,270,229,185,145,269,123,133,182,143,137,129,131,132],"class_list":{"0":"post-15246","1":"product","2":"type-product","3":"status-publish","4":"has-post-thumbnail","6":"product_cat-borcsomagok","7":"product_tag-i-cuvee","8":"product_tag-mokoselmeny","9":"product_tag-ajandek","10":"product_tag-akcios-termek","11":"product_tag-borcsomag","12":"product_tag-borkostolo","13":"product_tag-borvalogatas","14":"product_tag-egyedi-ajandek","15":"product_tag-elmeny","16":"product_tag-feherbor","17":"product_tag-fesztivalpohar","18":"product_tag-froccspohar","19":"product_tag-mokos-pinceszet","20":"product_tag-portugieser","21":"product_tag-roze-cuvee","22":"product_tag-rozebor","23":"product_tag-villanyi-borok","24":"product_tag-villanyi-borvidek","25":"product_tag-villanyi-vorosbor","26":"product_tag-vorosbor","28":"first","29":"outofstock","30":"sale","31":"taxable","32":"shipping-taxable","33":"purchasable","34":"product-type-simple"},"acf":[],"yoast_head":"<!-- This site is optimized with the Yoast SEO plugin v27.1.1 - https:\/\/yoast.com\/product\/yoast-seo-wordpress\/ -->\n<title>K\u00f6nnyed Kar\u00e1csonyi Borcsomag - Fr\u00f6ccspoh\u00e1rral<\/title>\n<meta name=\"description\" content=\"Kar\u00e1csonyi borv\u00e1logat\u00e1s: 3 palackos Mokos vill\u00e1nyi borcsomag, egyedi grafik\u00e1val ell\u00e1tott fr\u00f6ccspoh\u00e1rral. Borcsomag | Aj\u00e1nd\u00e9k\" \/>\n<meta name=\"robots\" content=\"index, follow, max-snippet:-1, max-image-preview:large, max-video-preview:-1\" \/>\n<link rel=\"canonical\" href=\"https:\/\/mokos.hu\/en\/rooms\/konnyed-karcsonyi-borcsomag-villanyi-borvalogatas\/\" \/>\n<meta property=\"og:locale\" content=\"en_US\" \/>\n<meta property=\"og:type\" content=\"article\" \/>\n<meta property=\"og:title\" content=\"K\u00f6nnyed \u00fcnnepi borv\u00e1logat\u00e1s a kar\u00e1csonyi fog\u00e1sok mell\u00e9!\" \/>\n<meta property=\"og:description\" content=\"Kar\u00e1csonyi borv\u00e1logat\u00e1s: 3 palackos Mokos vill\u00e1nyi borcsomag, egyedi grafik\u00e1val ell\u00e1tott fr\u00f6ccspoh\u00e1rral. Borcsomag | Aj\u00e1nd\u00e9k\" \/>\n<meta property=\"og:url\" content=\"https:\/\/mokos.hu\/en\/rooms\/konnyed-karcsonyi-borcsomag-villanyi-borvalogatas\/\" \/>\n<meta property=\"og:site_name\" content=\"MOKOS\" \/>\n<meta property=\"article:modified_time\" content=\"2022-12-29T21:42:14+00:00\" \/>\n<meta property=\"og:image\" content=\"https:\/\/mokos.hu\/wp-content\/uploads\/2021\/11\/MOKOS_Karacsonyi_Borcsomagok_2021_allo_MoKostolo_BCS_villanyi_vorosbor_roze_feherbor_gyumolcsbor_borkostolo_ajandek.jpg\" \/>\n\t<meta property=\"og:image:width\" content=\"1080\" \/>\n\t<meta property=\"og:image:height\" content=\"1920\" \/>\n\t<meta property=\"og:image:type\" content=\"image\/jpeg\" \/>\n<meta name=\"twitter:card\" content=\"summary_large_image\" \/>\n<meta name=\"twitter:label1\" content=\"Est. reading time\" \/>\n\t<meta name=\"twitter:data1\" content=\"1 minute\" \/>\n<script type=\"application\/ld+json\" class=\"yoast-schema-graph\">{\"@context\":\"https:\/\/schema.org\",\"@graph\":[{\"@type\":\"WebPage\",\"@id\":\"https:\/\/mokos.hu\/termek\/konnyed-karcsonyi-borcsomag-villanyi-borvalogatas\/\",\"url\":\"https:\/\/mokos.hu\/termek\/konnyed-karcsonyi-borcsomag-villanyi-borvalogatas\/\",\"name\":\"K\u00f6nnyed Kar\u00e1csonyi Borcsomag - Fr\u00f6ccspoh\u00e1rral\",\"isPartOf\":{\"@id\":\"https:\/\/mokos.hu\/#website\"},\"primaryImageOfPage\":{\"@id\":\"https:\/\/mokos.hu\/termek\/konnyed-karcsonyi-borcsomag-villanyi-borvalogatas\/#primaryimage\"},\"image\":{\"@id\":\"https:\/\/mokos.hu\/termek\/konnyed-karcsonyi-borcsomag-villanyi-borvalogatas\/#primaryimage\"},\"thumbnailUrl\":\"https:\/\/mokos.hu\/wp-content\/uploads\/2022\/11\/Konnyed_Karacsonyi_Bcs._Njpg.jpg\",\"datePublished\":\"2022-11-17T20:46:24+00:00\",\"dateModified\":\"2022-12-29T21:42:14+00:00\",\"description\":\"Kar\u00e1csonyi borv\u00e1logat\u00e1s: 3 palackos Mokos vill\u00e1nyi borcsomag, egyedi grafik\u00e1val ell\u00e1tott fr\u00f6ccspoh\u00e1rral. Borcsomag | Aj\u00e1nd\u00e9k\",\"breadcrumb\":{\"@id\":\"https:\/\/mokos.hu\/termek\/konnyed-karcsonyi-borcsomag-villanyi-borvalogatas\/#breadcrumb\"},\"inLanguage\":\"en-US\",\"potentialAction\":[{\"@type\":\"ReadAction\",\"target\":[\"https:\/\/mokos.hu\/termek\/konnyed-karcsonyi-borcsomag-villanyi-borvalogatas\/\"]}]},{\"@type\":\"ImageObject\",\"inLanguage\":\"en-US\",\"@id\":\"https:\/\/mokos.hu\/termek\/konnyed-karcsonyi-borcsomag-villanyi-borvalogatas\/#primaryimage\",\"url\":\"https:\/\/mokos.hu\/wp-content\/uploads\/2022\/11\/Konnyed_Karacsonyi_Bcs._Njpg.jpg\",\"contentUrl\":\"https:\/\/mokos.hu\/wp-content\/uploads\/2022\/11\/Konnyed_Karacsonyi_Bcs._Njpg.jpg\",\"width\":1080,\"height\":1080,\"caption\":\"Mokos_Pinceszet_karacsonyi_ajandek_konnyed_villanyi_bor__valogatas\"},{\"@type\":\"BreadcrumbList\",\"@id\":\"https:\/\/mokos.hu\/termek\/konnyed-karcsonyi-borcsomag-villanyi-borvalogatas\/#breadcrumb\",\"itemListElement\":[{\"@type\":\"ListItem\",\"position\":1,\"name\":\"Home\",\"item\":\"https:\/\/mokos.hu\/\"},{\"@type\":\"ListItem\",\"position\":2,\"name\":\"Term\u00e9kek\",\"item\":\"https:\/\/mokos.hu\/shop\/\"},{\"@type\":\"ListItem\",\"position\":3,\"name\":\"K\u00f6nnyed Kar\u00e1csonyi Borcsomag\"}]},{\"@type\":\"WebSite\",\"@id\":\"https:\/\/mokos.hu\/#website\",\"url\":\"https:\/\/mokos.hu\/\",\"name\":\"MOKOS\",\"description\":\"Csal\u00e1di Pinc\u00e9szet, Palkonya\",\"publisher\":{\"@id\":\"https:\/\/mokos.hu\/#organization\"},\"potentialAction\":[{\"@type\":\"SearchAction\",\"target\":{\"@type\":\"EntryPoint\",\"urlTemplate\":\"https:\/\/mokos.hu\/?s={search_term_string}\"},\"query-input\":{\"@type\":\"PropertyValueSpecification\",\"valueRequired\":true,\"valueName\":\"search_term_string\"}}],\"inLanguage\":\"en-US\"},{\"@type\":\"Organization\",\"@id\":\"https:\/\/mokos.hu\/#organization\",\"name\":\"MOKOS\",\"url\":\"https:\/\/mokos.hu\/\",\"logo\":{\"@type\":\"ImageObject\",\"inLanguage\":\"en-US\",\"@id\":\"https:\/\/mokos.hu\/#\/schema\/logo\/image\/\",\"url\":\"https:\/\/mokos.hu\/wp-content\/uploads\/2018\/11\/cropped-Mokos_Villanyi-Borvidek-Palkonya-1.png\",\"contentUrl\":\"https:\/\/mokos.hu\/wp-content\/uploads\/2018\/11\/cropped-Mokos_Villanyi-Borvidek-Palkonya-1.png\",\"width\":1000,\"height\":245,\"caption\":\"MOKOS\"},\"image\":{\"@id\":\"https:\/\/mokos.hu\/#\/schema\/logo\/image\/\"}}]}<\/script>\n<!-- \/ Yoast SEO plugin. -->","yoast_head_json":{"title":"K\u00f6nnyed Kar\u00e1csonyi Borcsomag - Fr\u00f6ccspoh\u00e1rral","description":"Kar\u00e1csonyi borv\u00e1logat\u00e1s: 3 palackos Mokos vill\u00e1nyi borcsomag, egyedi grafik\u00e1val ell\u00e1tott fr\u00f6ccspoh\u00e1rral. Borcsomag | Aj\u00e1nd\u00e9k","robots":{"index":"index","follow":"follow","max-snippet":"max-snippet:-1","max-image-preview":"max-image-preview:large","max-video-preview":"max-video-preview:-1"},"canonical":"https:\/\/mokos.hu\/en\/rooms\/konnyed-karcsonyi-borcsomag-villanyi-borvalogatas\/","og_locale":"en_US","og_type":"article","og_title":"K\u00f6nnyed \u00fcnnepi borv\u00e1logat\u00e1s a kar\u00e1csonyi fog\u00e1sok mell\u00e9!","og_description":"Kar\u00e1csonyi borv\u00e1logat\u00e1s: 3 palackos Mokos vill\u00e1nyi borcsomag, egyedi grafik\u00e1val ell\u00e1tott fr\u00f6ccspoh\u00e1rral. Borcsomag | Aj\u00e1nd\u00e9k","og_url":"https:\/\/mokos.hu\/en\/rooms\/konnyed-karcsonyi-borcsomag-villanyi-borvalogatas\/","og_site_name":"MOKOS","article_modified_time":"2022-12-29T21:42:14+00:00","og_image":[{"width":1080,"height":1920,"url":"https:\/\/mokos.hu\/wp-content\/uploads\/2021\/11\/MOKOS_Karacsonyi_Borcsomagok_2021_allo_MoKostolo_BCS_villanyi_vorosbor_roze_feherbor_gyumolcsbor_borkostolo_ajandek.jpg","type":"image\/jpeg"}],"twitter_card":"summary_large_image","twitter_misc":{"Est. reading time":"1 minute"},"schema":{"@context":"https:\/\/schema.org","@graph":[{"@type":"WebPage","@id":"https:\/\/mokos.hu\/termek\/konnyed-karcsonyi-borcsomag-villanyi-borvalogatas\/","url":"https:\/\/mokos.hu\/termek\/konnyed-karcsonyi-borcsomag-villanyi-borvalogatas\/","name":"K\u00f6nnyed Kar\u00e1csonyi Borcsomag - Fr\u00f6ccspoh\u00e1rral","isPartOf":{"@id":"https:\/\/mokos.hu\/#website"},"primaryImageOfPage":{"@id":"https:\/\/mokos.hu\/termek\/konnyed-karcsonyi-borcsomag-villanyi-borvalogatas\/#primaryimage"},"image":{"@id":"https:\/\/mokos.hu\/termek\/konnyed-karcsonyi-borcsomag-villanyi-borvalogatas\/#primaryimage"},"thumbnailUrl":"https:\/\/mokos.hu\/wp-content\/uploads\/2022\/11\/Konnyed_Karacsonyi_Bcs._Njpg.jpg","datePublished":"2022-11-17T20:46:24+00:00","dateModified":"2022-12-29T21:42:14+00:00","description":"Kar\u00e1csonyi borv\u00e1logat\u00e1s: 3 palackos Mokos vill\u00e1nyi borcsomag, egyedi grafik\u00e1val ell\u00e1tott fr\u00f6ccspoh\u00e1rral. Borcsomag | Aj\u00e1nd\u00e9k","breadcrumb":{"@id":"https:\/\/mokos.hu\/termek\/konnyed-karcsonyi-borcsomag-villanyi-borvalogatas\/#breadcrumb"},"inLanguage":"en-US","potentialAction":[{"@type":"ReadAction","target":["https:\/\/mokos.hu\/termek\/konnyed-karcsonyi-borcsomag-villanyi-borvalogatas\/"]}]},{"@type":"ImageObject","inLanguage":"en-US","@id":"https:\/\/mokos.hu\/termek\/konnyed-karcsonyi-borcsomag-villanyi-borvalogatas\/#primaryimage","url":"https:\/\/mokos.hu\/wp-content\/uploads\/2022\/11\/Konnyed_Karacsonyi_Bcs._Njpg.jpg","contentUrl":"https:\/\/mokos.hu\/wp-content\/uploads\/2022\/11\/Konnyed_Karacsonyi_Bcs._Njpg.jpg","width":1080,"height":1080,"caption":"Mokos_Pinceszet_karacsonyi_ajandek_konnyed_villanyi_bor__valogatas"},{"@type":"BreadcrumbList","@id":"https:\/\/mokos.hu\/termek\/konnyed-karcsonyi-borcsomag-villanyi-borvalogatas\/#breadcrumb","itemListElement":[{"@type":"ListItem","position":1,"name":"Home","item":"https:\/\/mokos.hu\/"},{"@type":"ListItem","position":2,"name":"Term\u00e9kek","item":"https:\/\/mokos.hu\/shop\/"},{"@type":"ListItem","position":3,"name":"K\u00f6nnyed Kar\u00e1csonyi Borcsomag"}]},{"@type":"WebSite","@id":"https:\/\/mokos.hu\/#website","url":"https:\/\/mokos.hu\/","name":"MOKOS","description":"Family Winery, Palkonya","publisher":{"@id":"https:\/\/mokos.hu\/#organization"},"potentialAction":[{"@type":"SearchAction","target":{"@type":"EntryPoint","urlTemplate":"https:\/\/mokos.hu\/?s={search_term_string}"},"query-input":{"@type":"PropertyValueSpecification","valueRequired":true,"valueName":"search_term_string"}}],"inLanguage":"en-US"},{"@type":"Organization","@id":"https:\/\/mokos.hu\/#organization","name":"MOKOS","url":"https:\/\/mokos.hu\/","logo":{"@type":"ImageObject","inLanguage":"en-US","@id":"https:\/\/mokos.hu\/#\/schema\/logo\/image\/","url":"https:\/\/mokos.hu\/wp-content\/uploads\/2018\/11\/cropped-Mokos_Villanyi-Borvidek-Palkonya-1.png","contentUrl":"https:\/\/mokos.hu\/wp-content\/uploads\/2018\/11\/cropped-Mokos_Villanyi-Borvidek-Palkonya-1.png","width":1000,"height":245,"caption":"MOKOS"},"image":{"@id":"https:\/\/mokos.hu\/#\/schema\/logo\/image\/"}}]}},"_links":{"self":[{"href":"https:\/\/mokos.hu\/en\/wp-json\/wp\/v2\/product\/15246","targetHints":{"allow":["GET"]}}],"collection":[{"href":"https:\/\/mokos.hu\/en\/wp-json\/wp\/v2\/product"}],"about":[{"href":"https:\/\/mokos.hu\/en\/wp-json\/wp\/v2\/types\/product"}],"wp:featuredmedia":[{"embeddable":true,"href":"https:\/\/mokos.hu\/en\/wp-json\/wp\/v2\/media\/15241"}],"wp:attachment":[{"href":"https:\/\/mokos.hu\/en\/wp-json\/wp\/v2\/media?parent=15246"}],"wp:term":[{"taxonomy":"product_brand","embeddable":true,"href":"https:\/\/mokos.hu\/en\/wp-json\/wp\/v2\/product_brand?post=15246"},{"taxonomy":"product_cat","embeddable":true,"href":"https:\/\/mokos.hu\/en\/wp-json\/wp\/v2\/product_cat?post=15246"},{"taxonomy":"product_tag","embeddable":true,"href":"https:\/\/mokos.hu\/en\/wp-json\/wp\/v2\/product_tag?post=15246"}],"curies":[{"name":"wp","href":"https:\/\/api.w.org\/{rel}","templated":true}]}}