{"id":15238,"date":"2022-11-17T22:12:14","date_gmt":"2022-11-17T20:12:14","guid":{"rendered":"https:\/\/mokos.hu\/?post_type=product&#038;p=15238"},"modified":"2022-12-29T23:42:27","modified_gmt":"2022-12-29T21:42:27","slug":"even-unnepek-gyumolcscswein-valogatas","status":"publish","type":"product","link":"https:\/\/mokos.hu\/en\/termek\/edes-unnepek-gyumolcsbor-valogatas\/","title":{"rendered":"Sweet Holidays Fruit Wine Selection"},"content":{"rendered":"<h5>MOCHA FRUIT WINE WITH THE FLAVOUR OF NATURE<\/h5>\n<p>In addition to the traditional Vill\u00e1ny red wines\u00a0<strong>fruit wine specialities<\/strong>\u00a0is also involved in the production of. Our aim is to introduce consumers to this wine speciality, which is still less widespread in Hungary. We consider it important that our fruit wines\u00a0<strong>made exclusively from fresh, juicy, domestically produced fruit<\/strong>\u00a0without the addition of water, colourings or flavourings.<\/p>\n<p><img fetchpriority=\"high\" decoding=\"async\" class=\"wp-image-6247 size-large aligncenter\" src=\"https:\/\/mokos.hu\/wp-content\/uploads\/2019\/02\/Mokos_Pinceszet_gyumolcsborok_2000x645-1024x330.jpg\" alt=\"Mokos_Pinceszet_gum_wine_cider_cider_straw_pepper_cider_cider_cider_cider_malnabor_2000x645\" width=\"750\" height=\"242\" \/><\/p>\n<h5>DESSERT WINE FROM SUN-DRIED FRUIT<\/h5>\n<p>The raw material is selected from the finest fruits of our 45 hectares of orchards. The technology is very similar to that of classic grape fruit fermented wine: ripe fruit is harvested and immediately transported to the processor. The freshly picked fruit is destemmed within 20 minutes of harvesting, followed by fermentation in an oxygen-free environment to preserve the fresh flavours.<\/p>\n<p>Taste the flavour of nature in a bottle with the Mokos Fruit Wine specialities:\u00a0<a href=\"https:\/\/mokos.hu\/en\/rooms\/cherry-wine-fruit-wine\/\">Sour Cherry Wine<\/a>,\u00a0<a href=\"https:\/\/mokos.hu\/en\/rooms\/strawberry-wine-apricot-wine-plum-wine\/\">Eperbor<\/a>,\u00a0<a href=\"https:\/\/mokos.hu\/en\/rooms\/blackcurrant-wine-gum-wine\/\">Ribizlibor<\/a>,\u00a0<a href=\"https:\/\/mokos.hu\/en\/rooms\/malnabor-cider\/\">Raspberry Wine<\/a>,\u00a0<a href=\"https:\/\/mokos.hu\/en\/rooms\/cassis-wine-gum-wine\/\">Apricot Wine<\/a>,\u00a0<a href=\"https:\/\/mokos.hu\/en\/rooms\/blackberry-wine-gum-wine\/\">Blackberry wine<\/a>,\u00a0 <a href=\"https:\/\/mokos.hu\/en\/rooms\/fuszeres-cider-cider\/\">Almabor<\/a>\u00a0or even\u00a0<a href=\"https:\/\/mokos.hu\/en\/rooms\/quince-bran-cider-cider\/\">Quince-apple-pear hybridisation<\/a>\u00a0form too!<\/p>\n<p>Most of our fruit wines are sweet, but if you are a dry wine fan, try\u00a0<a href=\"https:\/\/mokos.hu\/en\/rooms\/barrique-sour-cherry-wine\/\">our speciality cherry wine aged in barrique barrels<\/a>!<\/p>","protected":false},"excerpt":{"rendered":"<h4>the perfect Christmas gift<\/h4>\n<h4><em><strong>4 bottles of premium Mokos fruit wine with a festive Mokos mug<\/strong><\/em><\/h4>\n<p><b>A real Christmas treat for the holidays? Choose from our 4 bottle discounted fruit wine selection, now with 1 Mokos Mug! <\/b>\u00a0In our 100% selection, the Cajszibor, Meggybor, Strawberry and Peach Cuv\u00e9e made from local fruit and our new Blueberry Wine speciality guarantee intimate moments.<\/p>\n<p>Our carefully selected discounted fruit wine package has something for every important moment of the festive season!<\/p>\n<p><strong>Contents of the Sweet Holidays Fruit Wine Specialities Wine Package:<\/strong><\/p>\n<ul>\n<li>1 bottle <a href=\"https:\/\/mokos.hu\/en\/rooms\/cassis-wine-gum-wine\/\">Apricot Wine<\/a><\/li>\n<li>1 bottle<a href=\"https:\/\/mokos.hu\/en\/rooms\/cherry-wine-fruit-wine\/\"> Sour Cherry Wine<\/a><\/li>\n<li>1 bottle <a href=\"https:\/\/mokos.hu\/en\/rooms\/strawberry-wine-apricot-wine-plum-wine\/\">Strawberry- Peach Cuv\u00e9e<\/a><\/li>\n<li>1 bottle <a href=\"https:\/\/mokos.hu\/en\/rooms\/afonyabor-afonya-gyumolcsbor\/\">Blueberry lab<\/a><\/li>\n<li><strong>1 Festive Mug - 300 ml (black or red)<\/strong><\/li>\n<\/ul>\n<ul>\n<li style=\"list-style-type: none;\">\n<ul>\n<li>Total value of the package: 16.280.- Ft<\/li>\n<li>Discounted value of the package: 13.590.- Ft<\/li>\n<\/ul>\n<\/li>\n<\/ul>\n<p>The contents of the wine package cannot be modified!<\/p>\n<p><img decoding=\"async\" class=\"size-large wp-image-15240 aligncenter\" src=\"https:\/\/mokos.hu\/wp-content\/uploads\/2022\/11\/Edes_Unnepek_Bcs-559x1024.jpg\" alt=\"\" width=\"559\" height=\"1024\" srcset=\"https:\/\/mokos.hu\/wp-content\/uploads\/2022\/11\/Edes_Unnepek_Bcs-559x1024.jpg 559w, https:\/\/mokos.hu\/wp-content\/uploads\/2022\/11\/Edes_Unnepek_Bcs-300x550.jpg 300w, https:\/\/mokos.hu\/wp-content\/uploads\/2022\/11\/Edes_Unnepek_Bcs-600x1100.jpg 600w, https:\/\/mokos.hu\/wp-content\/uploads\/2022\/11\/Edes_Unnepek_Bcs-164x300.jpg 164w, https:\/\/mokos.hu\/wp-content\/uploads\/2022\/11\/Edes_Unnepek_Bcs-838x1536.jpg 838w, https:\/\/mokos.hu\/wp-content\/uploads\/2022\/11\/Edes_Unnepek_Bcs.jpg 1080w\" sizes=\"(max-width: 559px) 100vw, 559px\" \/><\/p>\n<p><strong>SPECIAL OFFER VALID UNTIL STOCKS LAST OR UNTIL 27 DECEMBER, ONLY IN OUR WEBSHOP.\u00a0<\/strong><\/p>\n<p>Policies on ordering and purchasing\u00a0<a href=\"https:\/\/mokos.hu\/en\/uzlet\/rules\/\">HERE<\/a>\u00a0reaches.<\/p>\n<h6><\/h6>","protected":false},"featured_media":15239,"template":"","meta":{"_acf_changed":false},"product_brand":[],"product_cat":[72],"product_tag":[125,258,259,146,120,119,153,173,268,174,116,124,177,221,178,158,154,155,220,117,123],"class_list":{"0":"post-15238","1":"product","2":"type-product","3":"status-publish","4":"has-post-thumbnail","6":"product_cat-borcsomagok","7":"product_tag-mokoselmeny","8":"product_tag-afonya","9":"product_tag-afonyabor","10":"product_tag-ajandek","11":"product_tag-akcios-termek","12":"product_tag-borvalogatas","13":"product_tag-edes-bor","14":"product_tag-eper","15":"product_tag-eper-es-oszibarack-cuvee","16":"product_tag-eperbor","17":"product_tag-gyumolcsbor","18":"product_tag-izelmeny","19":"product_tag-kajszi","20":"product_tag-kajszibarack","21":"product_tag-kajszibor","22":"product_tag-karacsony","23":"product_tag-meggy","24":"product_tag-meggybor","25":"product_tag-meglepetes","26":"product_tag-mokos-gyumolcsbor","27":"product_tag-mokos-pinceszet","29":"first","30":"outofstock","31":"sale","32":"taxable","33":"shipping-taxable","34":"purchasable","35":"product-type-simple"},"acf":[],"yoast_head":"<!-- This site is optimized with the Yoast SEO plugin v27.1.1 - https:\/\/yoast.com\/product\/yoast-seo-wordpress\/ -->\n<title>\u00c9des \u00dcnnepek Gy\u00fcm\u00f6lcsbor V\u00e1logat\u00e1s - MOKOS - T\u00f6k\u00e9letes AJ\u00c1ND\u00c9K<\/title>\n<meta name=\"description\" content=\"Kar\u00e1csonyi 4 palackos pr\u00e9mium gy\u00fcm\u00f6lcsbor \u00f6ssze\u00e1ll\u00edt\u00e1s, mely mell\u00e9 \u00fcnnepi Mokos B\u00f6gr\u00e9t csomagolunk! | Borcsomag | Aj\u00e1nd\u00e9k\" \/>\n<meta name=\"robots\" content=\"index, follow, max-snippet:-1, max-image-preview:large, max-video-preview:-1\" \/>\n<link rel=\"canonical\" href=\"https:\/\/mokos.hu\/en\/rooms\/even-unnepek-gyumolcscswein-valogatas\/\" \/>\n<meta property=\"og:locale\" content=\"en_US\" \/>\n<meta property=\"og:type\" content=\"article\" \/>\n<meta property=\"og:title\" content=\"\u00c9des \u00dcnnepek Gy\u00fcm\u00f6lcsbor V\u00e1logat\u00e1s Mokos B\u00f6gr\u00e9vel! - Mokos Pinc\u00e9szet\" \/>\n<meta property=\"og:description\" content=\"Kar\u00e1csonyi 4 palackos pr\u00e9mium gy\u00fcm\u00f6lcsbor \u00f6ssze\u00e1ll\u00edt\u00e1s, mely mell\u00e9 \u00fcnnepi Mokos B\u00f6gr\u00e9t csomagolunk! | Borcsomag | Aj\u00e1nd\u00e9k\" \/>\n<meta property=\"og:url\" content=\"https:\/\/mokos.hu\/en\/rooms\/even-unnepek-gyumolcscswein-valogatas\/\" \/>\n<meta property=\"og:site_name\" content=\"MOKOS\" \/>\n<meta property=\"article:modified_time\" content=\"2022-12-29T21:42:27+00:00\" \/>\n<meta property=\"og:image\" content=\"https:\/\/mokos.hu\/wp-content\/uploads\/2021\/11\/MOKOS_Karacsonyi_Borcsomagok_2021_allo_Karacsonyi_GYumolcsbor_Valogatas_szilvabor_kortebor_ribizlibor_kajszibor_szederbor_ajandek.jpg\" \/>\n\t<meta property=\"og:image:width\" content=\"1080\" \/>\n\t<meta property=\"og:image:height\" content=\"1920\" \/>\n\t<meta property=\"og:image:type\" content=\"image\/jpeg\" \/>\n<meta name=\"twitter:card\" content=\"summary_large_image\" \/>\n<meta name=\"twitter:label1\" content=\"Est. reading time\" \/>\n\t<meta name=\"twitter:data1\" content=\"1 minute\" \/>\n<script type=\"application\/ld+json\" class=\"yoast-schema-graph\">{\"@context\":\"https:\/\/schema.org\",\"@graph\":[{\"@type\":\"WebPage\",\"@id\":\"https:\/\/mokos.hu\/en\/termek\/edes-unnepek-gyumolcsbor-valogatas\/\",\"url\":\"https:\/\/mokos.hu\/en\/termek\/edes-unnepek-gyumolcsbor-valogatas\/\",\"name\":\"\u00c9des \u00dcnnepek Gy\u00fcm\u00f6lcsbor V\u00e1logat\u00e1s - MOKOS - T\u00f6k\u00e9letes AJ\u00c1ND\u00c9K\",\"isPartOf\":{\"@id\":\"https:\/\/mokos.hu\/#website\"},\"primaryImageOfPage\":{\"@id\":\"https:\/\/mokos.hu\/en\/termek\/edes-unnepek-gyumolcsbor-valogatas\/#primaryimage\"},\"image\":{\"@id\":\"https:\/\/mokos.hu\/en\/termek\/edes-unnepek-gyumolcsbor-valogatas\/#primaryimage\"},\"thumbnailUrl\":\"https:\/\/mokos.hu\/wp-content\/uploads\/2022\/11\/Edes_Unnepek_Bcs_N.jpg\",\"datePublished\":\"2022-11-17T20:12:14+00:00\",\"dateModified\":\"2022-12-29T21:42:27+00:00\",\"description\":\"Kar\u00e1csonyi 4 palackos pr\u00e9mium gy\u00fcm\u00f6lcsbor \u00f6ssze\u00e1ll\u00edt\u00e1s, mely mell\u00e9 \u00fcnnepi Mokos B\u00f6gr\u00e9t csomagolunk! | Borcsomag | Aj\u00e1nd\u00e9k\",\"breadcrumb\":{\"@id\":\"https:\/\/mokos.hu\/en\/termek\/edes-unnepek-gyumolcsbor-valogatas\/#breadcrumb\"},\"inLanguage\":\"en-US\",\"potentialAction\":[{\"@type\":\"ReadAction\",\"target\":[\"https:\/\/mokos.hu\/en\/termek\/edes-unnepek-gyumolcsbor-valogatas\/\"]}]},{\"@type\":\"ImageObject\",\"inLanguage\":\"en-US\",\"@id\":\"https:\/\/mokos.hu\/en\/termek\/edes-unnepek-gyumolcsbor-valogatas\/#primaryimage\",\"url\":\"https:\/\/mokos.hu\/wp-content\/uploads\/2022\/11\/Edes_Unnepek_Bcs_N.jpg\",\"contentUrl\":\"https:\/\/mokos.hu\/wp-content\/uploads\/2022\/11\/Edes_Unnepek_Bcs_N.jpg\",\"width\":1080,\"height\":1080,\"caption\":\"Mokos_Pinceszet_karacsonyi_ajandek_edes_unnepek_gyumolcsbor_valogatas\"},{\"@type\":\"BreadcrumbList\",\"@id\":\"https:\/\/mokos.hu\/en\/termek\/edes-unnepek-gyumolcsbor-valogatas\/#breadcrumb\",\"itemListElement\":[{\"@type\":\"ListItem\",\"position\":1,\"name\":\"Home\",\"item\":\"https:\/\/mokos.hu\/\"},{\"@type\":\"ListItem\",\"position\":2,\"name\":\"Term\u00e9kek\",\"item\":\"https:\/\/mokos.hu\/shop\/\"},{\"@type\":\"ListItem\",\"position\":3,\"name\":\"\u00c9des \u00dcnnepek Gy\u00fcm\u00f6lcsbor V\u00e1logat\u00e1s\"}]},{\"@type\":\"WebSite\",\"@id\":\"https:\/\/mokos.hu\/#website\",\"url\":\"https:\/\/mokos.hu\/\",\"name\":\"MOKOS\",\"description\":\"Csal\u00e1di Pinc\u00e9szet, Palkonya\",\"publisher\":{\"@id\":\"https:\/\/mokos.hu\/#organization\"},\"potentialAction\":[{\"@type\":\"SearchAction\",\"target\":{\"@type\":\"EntryPoint\",\"urlTemplate\":\"https:\/\/mokos.hu\/?s={search_term_string}\"},\"query-input\":{\"@type\":\"PropertyValueSpecification\",\"valueRequired\":true,\"valueName\":\"search_term_string\"}}],\"inLanguage\":\"en-US\"},{\"@type\":\"Organization\",\"@id\":\"https:\/\/mokos.hu\/#organization\",\"name\":\"MOKOS\",\"url\":\"https:\/\/mokos.hu\/\",\"logo\":{\"@type\":\"ImageObject\",\"inLanguage\":\"en-US\",\"@id\":\"https:\/\/mokos.hu\/#\/schema\/logo\/image\/\",\"url\":\"https:\/\/mokos.hu\/wp-content\/uploads\/2018\/11\/cropped-Mokos_Villanyi-Borvidek-Palkonya-1.png\",\"contentUrl\":\"https:\/\/mokos.hu\/wp-content\/uploads\/2018\/11\/cropped-Mokos_Villanyi-Borvidek-Palkonya-1.png\",\"width\":1000,\"height\":245,\"caption\":\"MOKOS\"},\"image\":{\"@id\":\"https:\/\/mokos.hu\/#\/schema\/logo\/image\/\"}}]}<\/script>\n<!-- \/ Yoast SEO plugin. -->","yoast_head_json":{"title":"Sweet Holidays Fruit Wine Selection - MOKOS - Perfect GIFT","description":"4 bottles of premium fruit wine compilation for Christmas, accompanied by a festive Mokos Mug! | Wine package | Gift","robots":{"index":"index","follow":"follow","max-snippet":"max-snippet:-1","max-image-preview":"max-image-preview:large","max-video-preview":"max-video-preview:-1"},"canonical":"https:\/\/mokos.hu\/en\/rooms\/even-unnepek-gyumolcscswein-valogatas\/","og_locale":"en_US","og_type":"article","og_title":"\u00c9des \u00dcnnepek Gy\u00fcm\u00f6lcsbor V\u00e1logat\u00e1s Mokos B\u00f6gr\u00e9vel! - Mokos Pinc\u00e9szet","og_description":"Kar\u00e1csonyi 4 palackos pr\u00e9mium gy\u00fcm\u00f6lcsbor \u00f6ssze\u00e1ll\u00edt\u00e1s, mely mell\u00e9 \u00fcnnepi Mokos B\u00f6gr\u00e9t csomagolunk! | Borcsomag | Aj\u00e1nd\u00e9k","og_url":"https:\/\/mokos.hu\/en\/rooms\/even-unnepek-gyumolcscswein-valogatas\/","og_site_name":"MOKOS","article_modified_time":"2022-12-29T21:42:27+00:00","og_image":[{"width":1080,"height":1920,"url":"https:\/\/mokos.hu\/wp-content\/uploads\/2021\/11\/MOKOS_Karacsonyi_Borcsomagok_2021_allo_Karacsonyi_GYumolcsbor_Valogatas_szilvabor_kortebor_ribizlibor_kajszibor_szederbor_ajandek.jpg","type":"image\/jpeg"}],"twitter_card":"summary_large_image","twitter_misc":{"Est. reading time":"1 minute"},"schema":{"@context":"https:\/\/schema.org","@graph":[{"@type":"WebPage","@id":"https:\/\/mokos.hu\/en\/termek\/edes-unnepek-gyumolcsbor-valogatas\/","url":"https:\/\/mokos.hu\/en\/termek\/edes-unnepek-gyumolcsbor-valogatas\/","name":"Sweet Holidays Fruit Wine Selection - MOKOS - Perfect GIFT","isPartOf":{"@id":"https:\/\/mokos.hu\/#website"},"primaryImageOfPage":{"@id":"https:\/\/mokos.hu\/en\/termek\/edes-unnepek-gyumolcsbor-valogatas\/#primaryimage"},"image":{"@id":"https:\/\/mokos.hu\/en\/termek\/edes-unnepek-gyumolcsbor-valogatas\/#primaryimage"},"thumbnailUrl":"https:\/\/mokos.hu\/wp-content\/uploads\/2022\/11\/Edes_Unnepek_Bcs_N.jpg","datePublished":"2022-11-17T20:12:14+00:00","dateModified":"2022-12-29T21:42:27+00:00","description":"4 bottles of premium fruit wine compilation for Christmas, accompanied by a festive Mokos Mug! | Wine package | Gift","breadcrumb":{"@id":"https:\/\/mokos.hu\/en\/termek\/edes-unnepek-gyumolcsbor-valogatas\/#breadcrumb"},"inLanguage":"en-US","potentialAction":[{"@type":"ReadAction","target":["https:\/\/mokos.hu\/en\/termek\/edes-unnepek-gyumolcsbor-valogatas\/"]}]},{"@type":"ImageObject","inLanguage":"en-US","@id":"https:\/\/mokos.hu\/en\/termek\/edes-unnepek-gyumolcsbor-valogatas\/#primaryimage","url":"https:\/\/mokos.hu\/wp-content\/uploads\/2022\/11\/Edes_Unnepek_Bcs_N.jpg","contentUrl":"https:\/\/mokos.hu\/wp-content\/uploads\/2022\/11\/Edes_Unnepek_Bcs_N.jpg","width":1080,"height":1080,"caption":"Mokos_Pinceszet_karacsonyi_ajandek_edes_unnepek_gyumolcsbor_valogatas"},{"@type":"BreadcrumbList","@id":"https:\/\/mokos.hu\/en\/termek\/edes-unnepek-gyumolcsbor-valogatas\/#breadcrumb","itemListElement":[{"@type":"ListItem","position":1,"name":"Home","item":"https:\/\/mokos.hu\/"},{"@type":"ListItem","position":2,"name":"Term\u00e9kek","item":"https:\/\/mokos.hu\/shop\/"},{"@type":"ListItem","position":3,"name":"\u00c9des \u00dcnnepek Gy\u00fcm\u00f6lcsbor V\u00e1logat\u00e1s"}]},{"@type":"WebSite","@id":"https:\/\/mokos.hu\/#website","url":"https:\/\/mokos.hu\/","name":"MOKOS","description":"Family Winery, Palkonya","publisher":{"@id":"https:\/\/mokos.hu\/#organization"},"potentialAction":[{"@type":"SearchAction","target":{"@type":"EntryPoint","urlTemplate":"https:\/\/mokos.hu\/?s={search_term_string}"},"query-input":{"@type":"PropertyValueSpecification","valueRequired":true,"valueName":"search_term_string"}}],"inLanguage":"en-US"},{"@type":"Organization","@id":"https:\/\/mokos.hu\/#organization","name":"MOKOS","url":"https:\/\/mokos.hu\/","logo":{"@type":"ImageObject","inLanguage":"en-US","@id":"https:\/\/mokos.hu\/#\/schema\/logo\/image\/","url":"https:\/\/mokos.hu\/wp-content\/uploads\/2018\/11\/cropped-Mokos_Villanyi-Borvidek-Palkonya-1.png","contentUrl":"https:\/\/mokos.hu\/wp-content\/uploads\/2018\/11\/cropped-Mokos_Villanyi-Borvidek-Palkonya-1.png","width":1000,"height":245,"caption":"MOKOS"},"image":{"@id":"https:\/\/mokos.hu\/#\/schema\/logo\/image\/"}}]}},"_links":{"self":[{"href":"https:\/\/mokos.hu\/en\/wp-json\/wp\/v2\/product\/15238","targetHints":{"allow":["GET"]}}],"collection":[{"href":"https:\/\/mokos.hu\/en\/wp-json\/wp\/v2\/product"}],"about":[{"href":"https:\/\/mokos.hu\/en\/wp-json\/wp\/v2\/types\/product"}],"wp:featuredmedia":[{"embeddable":true,"href":"https:\/\/mokos.hu\/en\/wp-json\/wp\/v2\/media\/15239"}],"wp:attachment":[{"href":"https:\/\/mokos.hu\/en\/wp-json\/wp\/v2\/media?parent=15238"}],"wp:term":[{"taxonomy":"product_brand","embeddable":true,"href":"https:\/\/mokos.hu\/en\/wp-json\/wp\/v2\/product_brand?post=15238"},{"taxonomy":"product_cat","embeddable":true,"href":"https:\/\/mokos.hu\/en\/wp-json\/wp\/v2\/product_cat?post=15238"},{"taxonomy":"product_tag","embeddable":true,"href":"https:\/\/mokos.hu\/en\/wp-json\/wp\/v2\/product_tag?post=15238"}],"curies":[{"name":"wp","href":"https:\/\/api.w.org\/{rel}","templated":true}]}}