{"id":12834,"date":"2021-07-29T09:36:07","date_gmt":"2021-07-29T07:36:07","guid":{"rendered":"https:\/\/mokos.hu\/?post_type=product&#038;p=12834"},"modified":"2021-11-02T17:43:12","modified_gmt":"2021-11-02T15:43:12","slug":"busztranszfer-jegy-2021-11-06-pecs","status":"publish","type":"product","link":"https:\/\/mokos.hu\/en\/termek\/busztranszfer-jegy-2021-11-06-pecs\/","title":{"rendered":"Busztranszfer Jegy &#8211; 2021.11.06. -P\u00c9CS"},"content":{"rendered":"","protected":false},"excerpt":{"rendered":"<p>Comfortable bus transfer to the P\u00e9cs-Palkonya-P\u00e9cs route, so you can enjoy the Goose Bite in our Winery!<\/p>\n<p>(The bus stops at several stops. Specific information on the stops will be sent out before the event!)<\/p>\n<p>Az esem\u00e9nyr\u0151l tov\u00e1bbi r\u00e9szletek:<a href=\"https:\/\/mokos.hu\/en\/marton-goose-days-in-the-mokos-cellar\/\"> <strong>IT<\/strong><strong>T<\/strong><\/a><\/p>","protected":false},"featured_media":13057,"template":"","meta":{"_acf_changed":false},"product_brand":[],"product_cat":[112,73],"product_tag":[],"class_list":{"0":"post-12834","1":"product","2":"type-product","3":"status-publish","4":"has-post-thumbnail","6":"product_cat-transzferjegyek","7":"product_cat-rendezvenyek","9":"first","10":"outofstock","11":"virtual","12":"taxable","13":"purchasable","14":"product-type-simple"},"acf":[],"yoast_head":"<!-- This site is optimized with the Yoast SEO plugin v27.1.1 - https:\/\/yoast.com\/product\/yoast-seo-wordpress\/ -->\n<title>Busztranszfer Jegy - 2021.11.06. -P\u00c9CS - MOKOS<\/title>\n<meta name=\"robots\" content=\"index, follow, max-snippet:-1, max-image-preview:large, max-video-preview:-1\" \/>\n<link rel=\"canonical\" href=\"https:\/\/mokos.hu\/en\/rooms\/busztranszfer-jegy-2021-11-06-pecs\/\" \/>\n<meta property=\"og:locale\" content=\"en_US\" \/>\n<meta property=\"og:type\" content=\"article\" \/>\n<meta property=\"og:title\" content=\"Busztranszfer Jegy - 2021.11.06. -P\u00c9CS - MOKOS\" \/>\n<meta property=\"og:description\" content=\"K\u00e9nyelmes busztranszfer P\u00e9cs-Palkonya-P\u00e9cs \u00fatvonalra, hogy \u00f6nfeledten \u00e9lvezhesd a Libalakom\u00e1t Pinc\u00e9szet\u00fcnkben!  (A j\u00e1rat t\u00f6bb meg\u00e1ll\u00f3ban is meg\u00e1ll. A meg\u00e1ll\u00f3k pontos\u00edt\u00e1s\u00e1r\u00f3l k\u00fcl\u00f6n t\u00e1j\u00e9koztat\u00f3t k\u00fcld\u00fcnk a rendezv\u00e9nyt megel\u0151z\u0151en!)  Az esem\u00e9nyr\u0151l tov\u00e1bbi r\u00e9szletek: ITT\" \/>\n<meta property=\"og:url\" content=\"https:\/\/mokos.hu\/en\/rooms\/busztranszfer-jegy-2021-11-06-pecs\/\" \/>\n<meta property=\"og:site_name\" content=\"MOKOS\" \/>\n<meta property=\"article:modified_time\" content=\"2021-11-02T15:43:12+00:00\" \/>\n<meta property=\"og:image\" content=\"https:\/\/mokos.hu\/wp-content\/uploads\/2021\/07\/bus-lakoma.png\" \/>\n\t<meta property=\"og:image:width\" content=\"400\" \/>\n\t<meta property=\"og:image:height\" content=\"400\" \/>\n\t<meta property=\"og:image:type\" content=\"image\/png\" \/>\n<meta name=\"twitter:card\" content=\"summary_large_image\" \/>\n<script type=\"application\/ld+json\" class=\"yoast-schema-graph\">{\"@context\":\"https:\/\/schema.org\",\"@graph\":[{\"@type\":\"WebPage\",\"@id\":\"https:\/\/mokos.hu\/termek\/busztranszfer-jegy-2021-11-06-pecs\/\",\"url\":\"https:\/\/mokos.hu\/termek\/busztranszfer-jegy-2021-11-06-pecs\/\",\"name\":\"Busztranszfer Jegy - 2021.11.06. -P\u00c9CS - MOKOS\",\"isPartOf\":{\"@id\":\"https:\/\/mokos.hu\/#website\"},\"primaryImageOfPage\":{\"@id\":\"https:\/\/mokos.hu\/termek\/busztranszfer-jegy-2021-11-06-pecs\/#primaryimage\"},\"image\":{\"@id\":\"https:\/\/mokos.hu\/termek\/busztranszfer-jegy-2021-11-06-pecs\/#primaryimage\"},\"thumbnailUrl\":\"https:\/\/mokos.hu\/wp-content\/uploads\/2021\/07\/bus-lakoma.png\",\"datePublished\":\"2021-07-29T07:36:07+00:00\",\"dateModified\":\"2021-11-02T15:43:12+00:00\",\"breadcrumb\":{\"@id\":\"https:\/\/mokos.hu\/termek\/busztranszfer-jegy-2021-11-06-pecs\/#breadcrumb\"},\"inLanguage\":\"en-US\",\"potentialAction\":[{\"@type\":\"ReadAction\",\"target\":[\"https:\/\/mokos.hu\/termek\/busztranszfer-jegy-2021-11-06-pecs\/\"]}]},{\"@type\":\"ImageObject\",\"inLanguage\":\"en-US\",\"@id\":\"https:\/\/mokos.hu\/termek\/busztranszfer-jegy-2021-11-06-pecs\/#primaryimage\",\"url\":\"https:\/\/mokos.hu\/wp-content\/uploads\/2021\/07\/bus-lakoma.png\",\"contentUrl\":\"https:\/\/mokos.hu\/wp-content\/uploads\/2021\/07\/bus-lakoma.png\",\"width\":400,\"height\":400},{\"@type\":\"BreadcrumbList\",\"@id\":\"https:\/\/mokos.hu\/termek\/busztranszfer-jegy-2021-11-06-pecs\/#breadcrumb\",\"itemListElement\":[{\"@type\":\"ListItem\",\"position\":1,\"name\":\"Home\",\"item\":\"https:\/\/mokos.hu\/\"},{\"@type\":\"ListItem\",\"position\":2,\"name\":\"Term\u00e9kek\",\"item\":\"https:\/\/mokos.hu\/shop\/\"},{\"@type\":\"ListItem\",\"position\":3,\"name\":\"Busztranszfer Jegy &#8211; 2021.11.06. -P\u00c9CS\"}]},{\"@type\":\"WebSite\",\"@id\":\"https:\/\/mokos.hu\/#website\",\"url\":\"https:\/\/mokos.hu\/\",\"name\":\"MOKOS\",\"description\":\"Csal\u00e1di Pinc\u00e9szet, Palkonya\",\"publisher\":{\"@id\":\"https:\/\/mokos.hu\/#organization\"},\"potentialAction\":[{\"@type\":\"SearchAction\",\"target\":{\"@type\":\"EntryPoint\",\"urlTemplate\":\"https:\/\/mokos.hu\/?s={search_term_string}\"},\"query-input\":{\"@type\":\"PropertyValueSpecification\",\"valueRequired\":true,\"valueName\":\"search_term_string\"}}],\"inLanguage\":\"en-US\"},{\"@type\":\"Organization\",\"@id\":\"https:\/\/mokos.hu\/#organization\",\"name\":\"MOKOS\",\"url\":\"https:\/\/mokos.hu\/\",\"logo\":{\"@type\":\"ImageObject\",\"inLanguage\":\"en-US\",\"@id\":\"https:\/\/mokos.hu\/#\/schema\/logo\/image\/\",\"url\":\"https:\/\/mokos.hu\/wp-content\/uploads\/2018\/11\/cropped-Mokos_Villanyi-Borvidek-Palkonya-1.png\",\"contentUrl\":\"https:\/\/mokos.hu\/wp-content\/uploads\/2018\/11\/cropped-Mokos_Villanyi-Borvidek-Palkonya-1.png\",\"width\":1000,\"height\":245,\"caption\":\"MOKOS\"},\"image\":{\"@id\":\"https:\/\/mokos.hu\/#\/schema\/logo\/image\/\"}}]}<\/script>\n<!-- \/ Yoast SEO plugin. -->","yoast_head_json":{"title":"Busztranszfer Jegy - 2021.11.06. -P\u00c9CS - MOKOS","robots":{"index":"index","follow":"follow","max-snippet":"max-snippet:-1","max-image-preview":"max-image-preview:large","max-video-preview":"max-video-preview:-1"},"canonical":"https:\/\/mokos.hu\/en\/rooms\/busztranszfer-jegy-2021-11-06-pecs\/","og_locale":"en_US","og_type":"article","og_title":"Busztranszfer Jegy - 2021.11.06. -P\u00c9CS - MOKOS","og_description":"K\u00e9nyelmes busztranszfer P\u00e9cs-Palkonya-P\u00e9cs \u00fatvonalra, hogy \u00f6nfeledten \u00e9lvezhesd a Libalakom\u00e1t Pinc\u00e9szet\u00fcnkben!  (A j\u00e1rat t\u00f6bb meg\u00e1ll\u00f3ban is meg\u00e1ll. A meg\u00e1ll\u00f3k pontos\u00edt\u00e1s\u00e1r\u00f3l k\u00fcl\u00f6n t\u00e1j\u00e9koztat\u00f3t k\u00fcld\u00fcnk a rendezv\u00e9nyt megel\u0151z\u0151en!)  Az esem\u00e9nyr\u0151l tov\u00e1bbi r\u00e9szletek: ITT","og_url":"https:\/\/mokos.hu\/en\/rooms\/busztranszfer-jegy-2021-11-06-pecs\/","og_site_name":"MOKOS","article_modified_time":"2021-11-02T15:43:12+00:00","og_image":[{"width":400,"height":400,"url":"https:\/\/mokos.hu\/wp-content\/uploads\/2021\/07\/bus-lakoma.png","type":"image\/png"}],"twitter_card":"summary_large_image","schema":{"@context":"https:\/\/schema.org","@graph":[{"@type":"WebPage","@id":"https:\/\/mokos.hu\/termek\/busztranszfer-jegy-2021-11-06-pecs\/","url":"https:\/\/mokos.hu\/termek\/busztranszfer-jegy-2021-11-06-pecs\/","name":"Busztranszfer Jegy - 2021.11.06. -P\u00c9CS - MOKOS","isPartOf":{"@id":"https:\/\/mokos.hu\/#website"},"primaryImageOfPage":{"@id":"https:\/\/mokos.hu\/termek\/busztranszfer-jegy-2021-11-06-pecs\/#primaryimage"},"image":{"@id":"https:\/\/mokos.hu\/termek\/busztranszfer-jegy-2021-11-06-pecs\/#primaryimage"},"thumbnailUrl":"https:\/\/mokos.hu\/wp-content\/uploads\/2021\/07\/bus-lakoma.png","datePublished":"2021-07-29T07:36:07+00:00","dateModified":"2021-11-02T15:43:12+00:00","breadcrumb":{"@id":"https:\/\/mokos.hu\/termek\/busztranszfer-jegy-2021-11-06-pecs\/#breadcrumb"},"inLanguage":"en-US","potentialAction":[{"@type":"ReadAction","target":["https:\/\/mokos.hu\/termek\/busztranszfer-jegy-2021-11-06-pecs\/"]}]},{"@type":"ImageObject","inLanguage":"en-US","@id":"https:\/\/mokos.hu\/termek\/busztranszfer-jegy-2021-11-06-pecs\/#primaryimage","url":"https:\/\/mokos.hu\/wp-content\/uploads\/2021\/07\/bus-lakoma.png","contentUrl":"https:\/\/mokos.hu\/wp-content\/uploads\/2021\/07\/bus-lakoma.png","width":400,"height":400},{"@type":"BreadcrumbList","@id":"https:\/\/mokos.hu\/termek\/busztranszfer-jegy-2021-11-06-pecs\/#breadcrumb","itemListElement":[{"@type":"ListItem","position":1,"name":"Home","item":"https:\/\/mokos.hu\/"},{"@type":"ListItem","position":2,"name":"Term\u00e9kek","item":"https:\/\/mokos.hu\/shop\/"},{"@type":"ListItem","position":3,"name":"Busztranszfer Jegy &#8211; 2021.11.06. -P\u00c9CS"}]},{"@type":"WebSite","@id":"https:\/\/mokos.hu\/#website","url":"https:\/\/mokos.hu\/","name":"MOKOS","description":"Family Winery, Palkonya","publisher":{"@id":"https:\/\/mokos.hu\/#organization"},"potentialAction":[{"@type":"SearchAction","target":{"@type":"EntryPoint","urlTemplate":"https:\/\/mokos.hu\/?s={search_term_string}"},"query-input":{"@type":"PropertyValueSpecification","valueRequired":true,"valueName":"search_term_string"}}],"inLanguage":"en-US"},{"@type":"Organization","@id":"https:\/\/mokos.hu\/#organization","name":"MOKOS","url":"https:\/\/mokos.hu\/","logo":{"@type":"ImageObject","inLanguage":"en-US","@id":"https:\/\/mokos.hu\/#\/schema\/logo\/image\/","url":"https:\/\/mokos.hu\/wp-content\/uploads\/2018\/11\/cropped-Mokos_Villanyi-Borvidek-Palkonya-1.png","contentUrl":"https:\/\/mokos.hu\/wp-content\/uploads\/2018\/11\/cropped-Mokos_Villanyi-Borvidek-Palkonya-1.png","width":1000,"height":245,"caption":"MOKOS"},"image":{"@id":"https:\/\/mokos.hu\/#\/schema\/logo\/image\/"}}]}},"_links":{"self":[{"href":"https:\/\/mokos.hu\/en\/wp-json\/wp\/v2\/product\/12834","targetHints":{"allow":["GET"]}}],"collection":[{"href":"https:\/\/mokos.hu\/en\/wp-json\/wp\/v2\/product"}],"about":[{"href":"https:\/\/mokos.hu\/en\/wp-json\/wp\/v2\/types\/product"}],"wp:featuredmedia":[{"embeddable":true,"href":"https:\/\/mokos.hu\/en\/wp-json\/wp\/v2\/media\/13057"}],"wp:attachment":[{"href":"https:\/\/mokos.hu\/en\/wp-json\/wp\/v2\/media?parent=12834"}],"wp:term":[{"taxonomy":"product_brand","embeddable":true,"href":"https:\/\/mokos.hu\/en\/wp-json\/wp\/v2\/product_brand?post=12834"},{"taxonomy":"product_cat","embeddable":true,"href":"https:\/\/mokos.hu\/en\/wp-json\/wp\/v2\/product_cat?post=12834"},{"taxonomy":"product_tag","embeddable":true,"href":"https:\/\/mokos.hu\/en\/wp-json\/wp\/v2\/product_tag?post=12834"}],"curies":[{"name":"wp","href":"https:\/\/api.w.org\/{rel}","templated":true}]}}