{"id":10678,"date":"2020-11-05T14:38:00","date_gmt":"2020-11-05T12:38:00","guid":{"rendered":"https:\/\/mokos.hu\/?post_type=product&#038;p=10678"},"modified":"2020-12-02T09:45:40","modified_gmt":"2020-12-02T07:45:40","slug":"advent-wine-package-villanyi-vorosbor-valogatas","status":"publish","type":"product","link":"https:\/\/mokos.hu\/en\/termek\/adventi-borcsomag-villanyi-vorosbor-valogatas\/","title":{"rendered":"Advent Wine Package"},"content":{"rendered":"<p>Classicus and premium Vill\u00e1ny wines of protected origin from the vineyards of the sunny slopes of the Vill\u00e1ny Hills - DHC Vill\u00e1ny.<\/p>\n<p>&nbsp;<\/p>\n<p>&nbsp;<\/p>","protected":false},"excerpt":{"rendered":"<h4>the best Christmas surprise for men<\/h4>\n<h4><em><strong>leather wine glass holder and Mokos Dropper as a gift<\/strong><\/em><\/h4>\n<p><b>Make the holidays magical with our wine selection! <\/b>In addition to the light, youthful REDy, we have now packed a premium K\u00e9kfrankos and a premium Portugieser Selection, and in our selection we have also included a special dry fruit wine, our Barrique Meggywein! To complete the festive wine experience, we've included a leather necklace and a drop of wine in our package.<\/p>\n<p><strong>Contents of the Advent Wine Package:<\/strong><\/p>\n<ul>\n<li>1 bottle <a href=\"https:\/\/mokos.hu\/en\/rooms\/redy-2019\/\">REDy 2019<\/a><\/li>\n<li>1 bottle <a href=\"https:\/\/mokos.hu\/en\/rooms\/kekfrankos-2018\/\">Blue Franc 2018<\/a><\/li>\n<li>1 bottle <a href=\"https:\/\/mokos.hu\/en\/rooms\/portugieser-selection-2017\/\">Portugieser Selection 2017<\/a><\/li>\n<li>1 bottle <a href=\"https:\/\/mokos.hu\/en\/rooms\/barrique-sour-cherry-wine\/\">Barrique Sour Cherry Wine<\/a><\/li>\n<li><strong><strong>+ GIFT <\/strong><\/strong><strong>leather wine glass holder and Mokos Dropper<\/strong><\/li>\n<\/ul>\n<p>The contents of the wine package cannot be modified!<\/p>\n<p><strong>SPECIAL OFFER VALID UNTIL STOCKS LAST OR UNTIL 27 DECEMBER, ONLY IN OUR WEBSHOP.\u00a0<\/strong><\/p>\n<p><img fetchpriority=\"high\" decoding=\"async\" class=\"wp-image-10665 size-large aligncenter\" src=\"https:\/\/mokos.hu\/wp-content\/uploads\/2020\/11\/MOKOS_Karacsonyi_Borcsomag_2020_ADVENTI_BCS_1920x1080_villanyi_borok_redy_kekfrankos_portugieser_barrique_meggybor-1024x576.jpg\" alt=\"MOKOS_Christmas_wine_package_2020_ADVENTI_BCS_1920x1080_villanyi_weinok_redy_kekfrankos_portugieser_barrique_meggywein\" width=\"750\" height=\"422\" srcset=\"https:\/\/mokos.hu\/wp-content\/uploads\/2020\/11\/MOKOS_Karacsonyi_Borcsomag_2020_ADVENTI_BCS_1920x1080_villanyi_borok_redy_kekfrankos_portugieser_barrique_meggybor-1024x576.jpg 1024w, https:\/\/mokos.hu\/wp-content\/uploads\/2020\/11\/MOKOS_Karacsonyi_Borcsomag_2020_ADVENTI_BCS_1920x1080_villanyi_borok_redy_kekfrankos_portugieser_barrique_meggybor-300x169.jpg 300w, https:\/\/mokos.hu\/wp-content\/uploads\/2020\/11\/MOKOS_Karacsonyi_Borcsomag_2020_ADVENTI_BCS_1920x1080_villanyi_borok_redy_kekfrankos_portugieser_barrique_meggybor-600x338.jpg 600w, https:\/\/mokos.hu\/wp-content\/uploads\/2020\/11\/MOKOS_Karacsonyi_Borcsomag_2020_ADVENTI_BCS_1920x1080_villanyi_borok_redy_kekfrankos_portugieser_barrique_meggybor-1536x864.jpg 1536w, https:\/\/mokos.hu\/wp-content\/uploads\/2020\/11\/MOKOS_Karacsonyi_Borcsomag_2020_ADVENTI_BCS_1920x1080_villanyi_borok_redy_kekfrankos_portugieser_barrique_meggybor.jpg 1920w\" sizes=\"(max-width: 750px) 100vw, 750px\" \/><\/p>","protected":false},"featured_media":10663,"template":"","meta":{"_acf_changed":false},"product_brand":[],"product_cat":[72],"product_tag":[125,120,226,118,119,134,123,133,193,126,137,129,196,131],"class_list":{"0":"post-10678","1":"product","2":"type-product","3":"status-publish","4":"has-post-thumbnail","6":"product_cat-borcsomagok","7":"product_tag-mokoselmeny","8":"product_tag-akcios-termek","9":"product_tag-barrique-meggybor","10":"product_tag-borcsomag","11":"product_tag-borvalogatas","12":"product_tag-kekfrankos","13":"product_tag-mokos-pinceszet","14":"product_tag-portugieser","15":"product_tag-portugieser-selection","16":"product_tag-redy","17":"product_tag-villanyi-borok","18":"product_tag-villanyi-borvidek","19":"product_tag-villanyi-redy","20":"product_tag-villanyi-vorosbor","22":"first","23":"outofstock","24":"sale","25":"featured","26":"taxable","27":"shipping-taxable","28":"purchasable","29":"product-type-simple"},"acf":[],"yoast_head":"<!-- This site is optimized with the Yoast SEO plugin v27.5 - https:\/\/yoast.com\/product\/yoast-seo-wordpress\/ -->\n<title>MOKOS Adventi Borcsomag - Vill\u00e1nyi V\u00f6r\u00f6sborok Extra Aj\u00e1nd\u00e9kokkal!<\/title>\n<meta name=\"description\" content=\"V\u00e1laszd Adventi Borv\u00e1logat\u00e1s \u00f6ssze\u00e1ll\u00edt\u00e1sunkat, melybe 4 palack Mokos bort csomagultunk Neked! | Mokos Vill\u00e1nyi V\u00f6r\u00f6sborok | EXTRA AJ\u00c1ND\u00c9K\" \/>\n<meta name=\"robots\" content=\"index, follow, max-snippet:-1, max-image-preview:large, max-video-preview:-1\" \/>\n<link rel=\"canonical\" href=\"https:\/\/mokos.hu\/en\/rooms\/advent-wine-package-villanyi-vorosbor-valogatas\/\" \/>\n<meta property=\"og:locale\" content=\"en_US\" \/>\n<meta property=\"og:type\" content=\"article\" \/>\n<meta property=\"og:title\" content=\"MOKOS Adventi Borcsomag - Vill\u00e1nyi V\u00f6r\u00f6sborok Extra Aj\u00e1nd\u00e9kokkal!\" \/>\n<meta property=\"og:description\" content=\"V\u00e1laszd Adventi Borv\u00e1logat\u00e1s \u00f6ssze\u00e1ll\u00edt\u00e1sunkat, melybe 4 palack Mokos bort csomagultunk Neked! | Mokos Vill\u00e1nyi V\u00f6r\u00f6sborok | EXTRA AJ\u00c1ND\u00c9K\" \/>\n<meta property=\"og:url\" content=\"https:\/\/mokos.hu\/en\/rooms\/advent-wine-package-villanyi-vorosbor-valogatas\/\" \/>\n<meta property=\"og:site_name\" content=\"MOKOS\" \/>\n<meta property=\"article:modified_time\" content=\"2020-12-02T07:45:40+00:00\" \/>\n<meta property=\"og:image\" content=\"https:\/\/mokos.hu\/wp-content\/uploads\/2020\/11\/MOKOS_Karacsonyi_Borcsomag_2020_Adventi_BCS_1080x1080_villanyi_borok_redy_kekfrankos_portugieser_barrique_meggybor.jpg\" \/>\n\t<meta property=\"og:image:width\" content=\"1080\" \/>\n\t<meta property=\"og:image:height\" content=\"1080\" \/>\n\t<meta property=\"og:image:type\" content=\"image\/jpeg\" \/>\n<meta name=\"twitter:card\" content=\"summary_large_image\" \/>\n<script type=\"application\/ld+json\" class=\"yoast-schema-graph\">{\"@context\":\"https:\\\/\\\/schema.org\",\"@graph\":[{\"@type\":\"WebPage\",\"@id\":\"https:\\\/\\\/mokos.hu\\\/termek\\\/adventi-borcsomag-villanyi-vorosbor-valogatas\\\/\",\"url\":\"https:\\\/\\\/mokos.hu\\\/termek\\\/adventi-borcsomag-villanyi-vorosbor-valogatas\\\/\",\"name\":\"MOKOS Adventi Borcsomag - Vill\u00e1nyi V\u00f6r\u00f6sborok Extra Aj\u00e1nd\u00e9kokkal!\",\"isPartOf\":{\"@id\":\"https:\\\/\\\/mokos.hu\\\/#website\"},\"primaryImageOfPage\":{\"@id\":\"https:\\\/\\\/mokos.hu\\\/termek\\\/adventi-borcsomag-villanyi-vorosbor-valogatas\\\/#primaryimage\"},\"image\":{\"@id\":\"https:\\\/\\\/mokos.hu\\\/termek\\\/adventi-borcsomag-villanyi-vorosbor-valogatas\\\/#primaryimage\"},\"thumbnailUrl\":\"https:\\\/\\\/mokos.hu\\\/wp-content\\\/uploads\\\/2020\\\/11\\\/MOKOS_Karacsonyi_Borcsomag_2020_Adventi_BCS_1080x1080_villanyi_borok_redy_kekfrankos_portugieser_barrique_meggybor.jpg\",\"datePublished\":\"2020-11-05T12:38:00+00:00\",\"dateModified\":\"2020-12-02T07:45:40+00:00\",\"description\":\"V\u00e1laszd Adventi Borv\u00e1logat\u00e1s \u00f6ssze\u00e1ll\u00edt\u00e1sunkat, melybe 4 palack Mokos bort csomagultunk Neked! | Mokos Vill\u00e1nyi V\u00f6r\u00f6sborok | EXTRA AJ\u00c1ND\u00c9K\",\"breadcrumb\":{\"@id\":\"https:\\\/\\\/mokos.hu\\\/termek\\\/adventi-borcsomag-villanyi-vorosbor-valogatas\\\/#breadcrumb\"},\"inLanguage\":\"en-US\",\"potentialAction\":[{\"@type\":\"ReadAction\",\"target\":[\"https:\\\/\\\/mokos.hu\\\/termek\\\/adventi-borcsomag-villanyi-vorosbor-valogatas\\\/\"]}]},{\"@type\":\"ImageObject\",\"inLanguage\":\"en-US\",\"@id\":\"https:\\\/\\\/mokos.hu\\\/termek\\\/adventi-borcsomag-villanyi-vorosbor-valogatas\\\/#primaryimage\",\"url\":\"https:\\\/\\\/mokos.hu\\\/wp-content\\\/uploads\\\/2020\\\/11\\\/MOKOS_Karacsonyi_Borcsomag_2020_Adventi_BCS_1080x1080_villanyi_borok_redy_kekfrankos_portugieser_barrique_meggybor.jpg\",\"contentUrl\":\"https:\\\/\\\/mokos.hu\\\/wp-content\\\/uploads\\\/2020\\\/11\\\/MOKOS_Karacsonyi_Borcsomag_2020_Adventi_BCS_1080x1080_villanyi_borok_redy_kekfrankos_portugieser_barrique_meggybor.jpg\",\"width\":1080,\"height\":1080,\"caption\":\"MOKOS_Kar\u00e1csonyi_Borcsomag_2020_Adventi_BCS_1080x1080_villanyi_borok_redy_kekfrankos_portugieser_barrique_meggybor\"},{\"@type\":\"BreadcrumbList\",\"@id\":\"https:\\\/\\\/mokos.hu\\\/termek\\\/adventi-borcsomag-villanyi-vorosbor-valogatas\\\/#breadcrumb\",\"itemListElement\":[{\"@type\":\"ListItem\",\"position\":1,\"name\":\"Home\",\"item\":\"https:\\\/\\\/mokos.hu\\\/\"},{\"@type\":\"ListItem\",\"position\":2,\"name\":\"Term\u00e9kek\",\"item\":\"https:\\\/\\\/mokos.hu\\\/shop\\\/\"},{\"@type\":\"ListItem\",\"position\":3,\"name\":\"Adventi Borcsomag\"}]},{\"@type\":\"WebSite\",\"@id\":\"https:\\\/\\\/mokos.hu\\\/#website\",\"url\":\"https:\\\/\\\/mokos.hu\\\/\",\"name\":\"MOKOS\",\"description\":\"Csal\u00e1di Pinc\u00e9szet, Palkonya\",\"publisher\":{\"@id\":\"https:\\\/\\\/mokos.hu\\\/#organization\"},\"potentialAction\":[{\"@type\":\"SearchAction\",\"target\":{\"@type\":\"EntryPoint\",\"urlTemplate\":\"https:\\\/\\\/mokos.hu\\\/?s={search_term_string}\"},\"query-input\":{\"@type\":\"PropertyValueSpecification\",\"valueRequired\":true,\"valueName\":\"search_term_string\"}}],\"inLanguage\":\"en-US\"},{\"@type\":\"Organization\",\"@id\":\"https:\\\/\\\/mokos.hu\\\/#organization\",\"name\":\"MOKOS\",\"url\":\"https:\\\/\\\/mokos.hu\\\/\",\"logo\":{\"@type\":\"ImageObject\",\"inLanguage\":\"en-US\",\"@id\":\"https:\\\/\\\/mokos.hu\\\/#\\\/schema\\\/logo\\\/image\\\/\",\"url\":\"https:\\\/\\\/mokos.hu\\\/wp-content\\\/uploads\\\/2018\\\/11\\\/cropped-Mokos_Villanyi-Borvidek-Palkonya-1.png\",\"contentUrl\":\"https:\\\/\\\/mokos.hu\\\/wp-content\\\/uploads\\\/2018\\\/11\\\/cropped-Mokos_Villanyi-Borvidek-Palkonya-1.png\",\"width\":1000,\"height\":245,\"caption\":\"MOKOS\"},\"image\":{\"@id\":\"https:\\\/\\\/mokos.hu\\\/#\\\/schema\\\/logo\\\/image\\\/\"}}]}<\/script>\n<!-- \/ Yoast SEO plugin. -->","yoast_head_json":{"title":"MOKOS Advent Wine Package - Vill\u00e1ny Red Wines with Extra Gifts!","description":"Choose our Advent Wine Selection, which includes 4 bottles of Mokos wine for you! | Mokos Vill\u00e1ny Red Wines | EXTRA OFFER","robots":{"index":"index","follow":"follow","max-snippet":"max-snippet:-1","max-image-preview":"max-image-preview:large","max-video-preview":"max-video-preview:-1"},"canonical":"https:\/\/mokos.hu\/en\/rooms\/advent-wine-package-villanyi-vorosbor-valogatas\/","og_locale":"en_US","og_type":"article","og_title":"MOKOS Adventi Borcsomag - Vill\u00e1nyi V\u00f6r\u00f6sborok Extra Aj\u00e1nd\u00e9kokkal!","og_description":"V\u00e1laszd Adventi Borv\u00e1logat\u00e1s \u00f6ssze\u00e1ll\u00edt\u00e1sunkat, melybe 4 palack Mokos bort csomagultunk Neked! | Mokos Vill\u00e1nyi V\u00f6r\u00f6sborok | EXTRA AJ\u00c1ND\u00c9K","og_url":"https:\/\/mokos.hu\/en\/rooms\/advent-wine-package-villanyi-vorosbor-valogatas\/","og_site_name":"MOKOS","article_modified_time":"2020-12-02T07:45:40+00:00","og_image":[{"width":1080,"height":1080,"url":"https:\/\/mokos.hu\/wp-content\/uploads\/2020\/11\/MOKOS_Karacsonyi_Borcsomag_2020_Adventi_BCS_1080x1080_villanyi_borok_redy_kekfrankos_portugieser_barrique_meggybor.jpg","type":"image\/jpeg"}],"twitter_card":"summary_large_image","schema":{"@context":"https:\/\/schema.org","@graph":[{"@type":"WebPage","@id":"https:\/\/mokos.hu\/termek\/adventi-borcsomag-villanyi-vorosbor-valogatas\/","url":"https:\/\/mokos.hu\/termek\/adventi-borcsomag-villanyi-vorosbor-valogatas\/","name":"MOKOS Advent Wine Package - Vill\u00e1ny Red Wines with Extra Gifts!","isPartOf":{"@id":"https:\/\/mokos.hu\/#website"},"primaryImageOfPage":{"@id":"https:\/\/mokos.hu\/termek\/adventi-borcsomag-villanyi-vorosbor-valogatas\/#primaryimage"},"image":{"@id":"https:\/\/mokos.hu\/termek\/adventi-borcsomag-villanyi-vorosbor-valogatas\/#primaryimage"},"thumbnailUrl":"https:\/\/mokos.hu\/wp-content\/uploads\/2020\/11\/MOKOS_Karacsonyi_Borcsomag_2020_Adventi_BCS_1080x1080_villanyi_borok_redy_kekfrankos_portugieser_barrique_meggybor.jpg","datePublished":"2020-11-05T12:38:00+00:00","dateModified":"2020-12-02T07:45:40+00:00","description":"Choose our Advent Wine Selection, which includes 4 bottles of Mokos wine for you! | Mokos Vill\u00e1ny Red Wines | EXTRA OFFER","breadcrumb":{"@id":"https:\/\/mokos.hu\/termek\/adventi-borcsomag-villanyi-vorosbor-valogatas\/#breadcrumb"},"inLanguage":"en-US","potentialAction":[{"@type":"ReadAction","target":["https:\/\/mokos.hu\/termek\/adventi-borcsomag-villanyi-vorosbor-valogatas\/"]}]},{"@type":"ImageObject","inLanguage":"en-US","@id":"https:\/\/mokos.hu\/termek\/adventi-borcsomag-villanyi-vorosbor-valogatas\/#primaryimage","url":"https:\/\/mokos.hu\/wp-content\/uploads\/2020\/11\/MOKOS_Karacsonyi_Borcsomag_2020_Adventi_BCS_1080x1080_villanyi_borok_redy_kekfrankos_portugieser_barrique_meggybor.jpg","contentUrl":"https:\/\/mokos.hu\/wp-content\/uploads\/2020\/11\/MOKOS_Karacsonyi_Borcsomag_2020_Adventi_BCS_1080x1080_villanyi_borok_redy_kekfrankos_portugieser_barrique_meggybor.jpg","width":1080,"height":1080,"caption":"MOKOS_Kar\u00e1csonyi_Borcsomag_2020_Adventi_BCS_1080x1080_villanyi_borok_redy_kekfrankos_portugieser_barrique_meggybor"},{"@type":"BreadcrumbList","@id":"https:\/\/mokos.hu\/termek\/adventi-borcsomag-villanyi-vorosbor-valogatas\/#breadcrumb","itemListElement":[{"@type":"ListItem","position":1,"name":"Home","item":"https:\/\/mokos.hu\/"},{"@type":"ListItem","position":2,"name":"Term\u00e9kek","item":"https:\/\/mokos.hu\/shop\/"},{"@type":"ListItem","position":3,"name":"Adventi Borcsomag"}]},{"@type":"WebSite","@id":"https:\/\/mokos.hu\/#website","url":"https:\/\/mokos.hu\/","name":"MOKOS","description":"Family Winery, Palkonya","publisher":{"@id":"https:\/\/mokos.hu\/#organization"},"potentialAction":[{"@type":"SearchAction","target":{"@type":"EntryPoint","urlTemplate":"https:\/\/mokos.hu\/?s={search_term_string}"},"query-input":{"@type":"PropertyValueSpecification","valueRequired":true,"valueName":"search_term_string"}}],"inLanguage":"en-US"},{"@type":"Organization","@id":"https:\/\/mokos.hu\/#organization","name":"MOKOS","url":"https:\/\/mokos.hu\/","logo":{"@type":"ImageObject","inLanguage":"en-US","@id":"https:\/\/mokos.hu\/#\/schema\/logo\/image\/","url":"https:\/\/mokos.hu\/wp-content\/uploads\/2018\/11\/cropped-Mokos_Villanyi-Borvidek-Palkonya-1.png","contentUrl":"https:\/\/mokos.hu\/wp-content\/uploads\/2018\/11\/cropped-Mokos_Villanyi-Borvidek-Palkonya-1.png","width":1000,"height":245,"caption":"MOKOS"},"image":{"@id":"https:\/\/mokos.hu\/#\/schema\/logo\/image\/"}}]}},"_links":{"self":[{"href":"https:\/\/mokos.hu\/en\/wp-json\/wp\/v2\/product\/10678","targetHints":{"allow":["GET"]}}],"collection":[{"href":"https:\/\/mokos.hu\/en\/wp-json\/wp\/v2\/product"}],"about":[{"href":"https:\/\/mokos.hu\/en\/wp-json\/wp\/v2\/types\/product"}],"wp:featuredmedia":[{"embeddable":true,"href":"https:\/\/mokos.hu\/en\/wp-json\/wp\/v2\/media\/10663"}],"wp:attachment":[{"href":"https:\/\/mokos.hu\/en\/wp-json\/wp\/v2\/media?parent=10678"}],"wp:term":[{"taxonomy":"product_brand","embeddable":true,"href":"https:\/\/mokos.hu\/en\/wp-json\/wp\/v2\/product_brand?post=10678"},{"taxonomy":"product_cat","embeddable":true,"href":"https:\/\/mokos.hu\/en\/wp-json\/wp\/v2\/product_cat?post=10678"},{"taxonomy":"product_tag","embeddable":true,"href":"https:\/\/mokos.hu\/en\/wp-json\/wp\/v2\/product_tag?post=10678"}],"curies":[{"name":"wp","href":"https:\/\/api.w.org\/{rel}","templated":true}]}}