{"id":10415,"date":"2020-09-10T11:42:50","date_gmt":"2020-09-10T09:42:50","guid":{"rendered":"https:\/\/mokos.hu\/?post_type=product&#038;p=10415"},"modified":"2020-10-16T06:07:28","modified_gmt":"2020-10-16T04:07:28","slug":"blackcurrant-currant-wine-cardboard-gum-wine","status":"publish","type":"product","link":"https:\/\/mokos.hu\/en\/termek\/feketeribizlibor-ribizlibor-karton-gyumolcsbor\/","title":{"rendered":"Currant 6db"},"content":{"rendered":"<h5>MOCHA FRUIT WINE WITH THE FLAVOUR OF NATURE<\/h5>\n<p>In addition to the traditional Vill\u00e1ny red wines\u00a0<strong>fruit wine specialities<\/strong>\u00a0is also involved in the production of. Our aim is to introduce consumers to this wine speciality, which is still less widespread in Hungary. We consider it important that our fruit wines\u00a0<strong>made exclusively from fresh, juicy, domestically produced fruit<\/strong>\u00a0without the addition of water, colourings or flavourings.<\/p>\n<p><img fetchpriority=\"high\" decoding=\"async\" class=\"wp-image-10288 size-large aligncenter\" src=\"https:\/\/mokos.hu\/wp-content\/uploads\/2020\/08\/Mokos_Pinceszet_gyumolcsos_2000x645_17-1024x330.jpg\" alt=\"Mokos_Pinceszet_villanyiborvidek_palkonya_villanyiborok_villanyiborv_gyumolcswein_feketeribizli_ribizlibor_feketeribizlibor_ribizli\" width=\"750\" height=\"242\" \/><\/p>\n<h5>DESSERT WINE FROM SUN-DRIED FRUIT<\/h5>\n<p>The raw material is selected from the finest fruits of our 45 hectares of orchards. The technology is very similar to that of classic grape fruit fermented wine: ripe fruit is harvested and immediately transported to the processor. The freshly picked fruit is destemmed within 20 minutes of harvesting, followed by fermentation in an oxygen-free environment to preserve the fresh flavours.<\/p>\n<p>Taste the flavour of nature in a bottle with the Mokos Fruit Wine specialities:\u00a0<a href=\"https:\/\/mokos.hu\/en\/rooms\/cherry-wine-fruit-wine\/\">Sour Cherry Wine<\/a>,\u00a0<a href=\"https:\/\/mokos.hu\/en\/rooms\/strawberry-wine-apricot-wine-plum-wine\/\">Eperbor<\/a>,\u00a0<a href=\"https:\/\/mokos.hu\/en\/rooms\/blackcurrant-wine-gum-wine\/\">Ribizlibor<\/a>,\u00a0<a href=\"https:\/\/mokos.hu\/en\/rooms\/malnabor-cider\/\">Raspberry Wine<\/a>,\u00a0<a href=\"https:\/\/mokos.hu\/en\/rooms\/cassis-wine-gum-wine\/\">Apricot Wine<\/a>,\u00a0<a href=\"https:\/\/mokos.hu\/en\/rooms\/blackberry-wine-gum-wine\/\">Blackberry wine<\/a>,\u00a0 <a href=\"https:\/\/mokos.hu\/en\/rooms\/plum-cider-cider\/\">Silvab<\/a>,\u00a0<a href=\"https:\/\/mokos.hu\/en\/rooms\/fuszeres-cider-cider\/\">Almabor<\/a>\u00a0or even\u00a0<a href=\"https:\/\/mokos.hu\/en\/rooms\/quince-bran-cider-cider\/\">Quince-apple-pear hybridisation<\/a>\u00a0form too!<\/p>\n<p>Most of our fruit wines are sweet, but if you are a dry wine fan, try\u00a0<a href=\"https:\/\/mokos.hu\/en\/rooms\/barrique-sour-cherry-wine\/\">our speciality cherry wine aged in barrique barrels<\/a>!<\/p>","protected":false},"excerpt":{"rendered":"<h4>real currant flavours in every drop<\/h4>\n<h4><strong><em>6-pack with discount 20% NOW!<\/em><\/strong><\/h4>\n<p><b>Enjoy the Indian summer with the flavours of blackcurrant in a bottle:<\/b> stock up on our sweet Blackcurrant wine special, now available at -20% discount when you buy our 6-bottle pack!<\/p>\n<p><strong>Contents of the Currant Wine package:<\/strong><\/p>\n<ul>\n<li>6 bottle <a href=\"https:\/\/mokos.hu\/en\/rooms\/blackcurrant-wine-gum-wine\/\">Blackcurrant liqueur<\/a><\/li>\n<\/ul>\n<p><strong>OUR SPECIAL OFFER IS VALID UNTIL 15 OCTOBER AND ONLY IN OUR WEBSHOP.\u00a0<\/strong><\/p>\n<p><img decoding=\"async\" class=\"wp-image-10412 size-large aligncenter\" src=\"https:\/\/mokos.hu\/wp-content\/uploads\/2020\/09\/Mokos_Gyumolcsbor_kartonajanlatok_ribizlibor_feketeribizlibor-1024x527.jpg\" alt=\"Mokos_Gyumolcswein_kartonajanlatok_ribizlibor_feketeribizlibor\" width=\"750\" height=\"386\" \/><\/p>","protected":false},"featured_media":10409,"template":"","meta":{"_acf_changed":false},"product_brand":[],"product_cat":[72],"product_tag":[125,120,118,119,153,163,164,116,124,117,123,165,166],"class_list":{"0":"post-10415","1":"product","2":"type-product","3":"status-publish","4":"has-post-thumbnail","6":"product_cat-borcsomagok","7":"product_tag-mokoselmeny","8":"product_tag-akcios-termek","9":"product_tag-borcsomag","10":"product_tag-borvalogatas","11":"product_tag-edes-bor","12":"product_tag-feketeribizli","13":"product_tag-feketeribizli-bor","14":"product_tag-gyumolcsbor","15":"product_tag-izelmeny","16":"product_tag-mokos-gyumolcsbor","17":"product_tag-mokos-pinceszet","18":"product_tag-ribizli","19":"product_tag-ribizlibor","21":"first","22":"outofstock","23":"sale","24":"featured","25":"taxable","26":"shipping-taxable","27":"purchasable","28":"product-type-simple"},"acf":[],"yoast_head":"<!-- This site is optimized with the Yoast SEO plugin v27.5 - https:\/\/yoast.com\/product\/yoast-seo-wordpress\/ -->\n<title>Ribizlibor 6db - MOKOS Gy\u00fcm\u00f6lcsbor -Most -20% kedvezm\u00e9ny!<\/title>\n<meta name=\"description\" content=\"Mokos Ribizlibor k\u00fcl\u00f6nlegess\u00e9g\u00fcnk 6 db-os kiszerel\u00e9sben jobban meg\u00e9ri: V\u00e1lassza \u00d6n is hat palackos gy\u00fcm\u00f6lcsbor csomagunkat! -20% KEDVEZM\u00c9NY\" \/>\n<meta name=\"robots\" content=\"index, follow, max-snippet:-1, max-image-preview:large, max-video-preview:-1\" \/>\n<link rel=\"canonical\" href=\"https:\/\/mokos.hu\/en\/rooms\/blackcurrant-currant-wine-cardboard-gum-wine\/\" \/>\n<meta property=\"og:locale\" content=\"en_US\" \/>\n<meta property=\"og:type\" content=\"article\" \/>\n<meta property=\"og:title\" content=\"Mokos Ribizlibor csomag most -20% KEDVEZM\u00c9NNYEL!\" \/>\n<meta property=\"og:description\" content=\"Mokos Ribizlibor k\u00fcl\u00f6nlegess\u00e9g\u00fcnk 6 db-os kiszerel\u00e9sben jobban meg\u00e9ri: V\u00e1lassza \u00d6n is hat palackos gy\u00fcm\u00f6lcsbor csomagunkat! -20% KEDVEZM\u00c9NY\" \/>\n<meta property=\"og:url\" content=\"https:\/\/mokos.hu\/en\/rooms\/blackcurrant-currant-wine-cardboard-gum-wine\/\" \/>\n<meta property=\"og:site_name\" content=\"MOKOS\" \/>\n<meta property=\"article:modified_time\" content=\"2020-10-16T04:07:28+00:00\" \/>\n<meta property=\"og:image\" content=\"https:\/\/mokos.hu\/wp-content\/uploads\/2020\/09\/Mokos_Gyumolcsbor_kartonajanlatok_ribizlibor_feketeribizlibor-scaled-e1600674285734.jpg\" \/>\n\t<meta property=\"og:image:width\" content=\"1000\" \/>\n\t<meta property=\"og:image:height\" content=\"515\" \/>\n\t<meta property=\"og:image:type\" content=\"image\/jpeg\" \/>\n<meta name=\"twitter:card\" content=\"summary_large_image\" \/>\n<meta name=\"twitter:label1\" content=\"Est. reading time\" \/>\n\t<meta name=\"twitter:data1\" content=\"1 minute\" \/>\n<script type=\"application\/ld+json\" class=\"yoast-schema-graph\">{\"@context\":\"https:\\\/\\\/schema.org\",\"@graph\":[{\"@type\":\"WebPage\",\"@id\":\"https:\\\/\\\/mokos.hu\\\/termek\\\/feketeribizlibor-ribizlibor-karton-gyumolcsbor\\\/\",\"url\":\"https:\\\/\\\/mokos.hu\\\/termek\\\/feketeribizlibor-ribizlibor-karton-gyumolcsbor\\\/\",\"name\":\"Ribizlibor 6db - MOKOS Gy\u00fcm\u00f6lcsbor -Most -20% kedvezm\u00e9ny!\",\"isPartOf\":{\"@id\":\"https:\\\/\\\/mokos.hu\\\/#website\"},\"primaryImageOfPage\":{\"@id\":\"https:\\\/\\\/mokos.hu\\\/termek\\\/feketeribizlibor-ribizlibor-karton-gyumolcsbor\\\/#primaryimage\"},\"image\":{\"@id\":\"https:\\\/\\\/mokos.hu\\\/termek\\\/feketeribizlibor-ribizlibor-karton-gyumolcsbor\\\/#primaryimage\"},\"thumbnailUrl\":\"https:\\\/\\\/mokos.hu\\\/wp-content\\\/uploads\\\/2020\\\/09\\\/Mokos_feketeribizlibor_ribizlibor_gyumolcsbor_edes_karton.png\",\"datePublished\":\"2020-09-10T09:42:50+00:00\",\"dateModified\":\"2020-10-16T04:07:28+00:00\",\"description\":\"Mokos Ribizlibor k\u00fcl\u00f6nlegess\u00e9g\u00fcnk 6 db-os kiszerel\u00e9sben jobban meg\u00e9ri: V\u00e1lassza \u00d6n is hat palackos gy\u00fcm\u00f6lcsbor csomagunkat! -20% KEDVEZM\u00c9NY\",\"breadcrumb\":{\"@id\":\"https:\\\/\\\/mokos.hu\\\/termek\\\/feketeribizlibor-ribizlibor-karton-gyumolcsbor\\\/#breadcrumb\"},\"inLanguage\":\"en-US\",\"potentialAction\":[{\"@type\":\"ReadAction\",\"target\":[\"https:\\\/\\\/mokos.hu\\\/termek\\\/feketeribizlibor-ribizlibor-karton-gyumolcsbor\\\/\"]}]},{\"@type\":\"ImageObject\",\"inLanguage\":\"en-US\",\"@id\":\"https:\\\/\\\/mokos.hu\\\/termek\\\/feketeribizlibor-ribizlibor-karton-gyumolcsbor\\\/#primaryimage\",\"url\":\"https:\\\/\\\/mokos.hu\\\/wp-content\\\/uploads\\\/2020\\\/09\\\/Mokos_feketeribizlibor_ribizlibor_gyumolcsbor_edes_karton.png\",\"contentUrl\":\"https:\\\/\\\/mokos.hu\\\/wp-content\\\/uploads\\\/2020\\\/09\\\/Mokos_feketeribizlibor_ribizlibor_gyumolcsbor_edes_karton.png\",\"width\":591,\"height\":591,\"caption\":\"Mokos_feketeribizlibor_ribizlibor_gy\u00fcm\u00f6lcsbor_\u00e9des_karton\"},{\"@type\":\"BreadcrumbList\",\"@id\":\"https:\\\/\\\/mokos.hu\\\/termek\\\/feketeribizlibor-ribizlibor-karton-gyumolcsbor\\\/#breadcrumb\",\"itemListElement\":[{\"@type\":\"ListItem\",\"position\":1,\"name\":\"Home\",\"item\":\"https:\\\/\\\/mokos.hu\\\/\"},{\"@type\":\"ListItem\",\"position\":2,\"name\":\"Term\u00e9kek\",\"item\":\"https:\\\/\\\/mokos.hu\\\/shop\\\/\"},{\"@type\":\"ListItem\",\"position\":3,\"name\":\"Ribizlibor 6db\"}]},{\"@type\":\"WebSite\",\"@id\":\"https:\\\/\\\/mokos.hu\\\/#website\",\"url\":\"https:\\\/\\\/mokos.hu\\\/\",\"name\":\"MOKOS\",\"description\":\"Csal\u00e1di Pinc\u00e9szet, Palkonya\",\"publisher\":{\"@id\":\"https:\\\/\\\/mokos.hu\\\/#organization\"},\"potentialAction\":[{\"@type\":\"SearchAction\",\"target\":{\"@type\":\"EntryPoint\",\"urlTemplate\":\"https:\\\/\\\/mokos.hu\\\/?s={search_term_string}\"},\"query-input\":{\"@type\":\"PropertyValueSpecification\",\"valueRequired\":true,\"valueName\":\"search_term_string\"}}],\"inLanguage\":\"en-US\"},{\"@type\":\"Organization\",\"@id\":\"https:\\\/\\\/mokos.hu\\\/#organization\",\"name\":\"MOKOS\",\"url\":\"https:\\\/\\\/mokos.hu\\\/\",\"logo\":{\"@type\":\"ImageObject\",\"inLanguage\":\"en-US\",\"@id\":\"https:\\\/\\\/mokos.hu\\\/#\\\/schema\\\/logo\\\/image\\\/\",\"url\":\"https:\\\/\\\/mokos.hu\\\/wp-content\\\/uploads\\\/2018\\\/11\\\/cropped-Mokos_Villanyi-Borvidek-Palkonya-1.png\",\"contentUrl\":\"https:\\\/\\\/mokos.hu\\\/wp-content\\\/uploads\\\/2018\\\/11\\\/cropped-Mokos_Villanyi-Borvidek-Palkonya-1.png\",\"width\":1000,\"height\":245,\"caption\":\"MOKOS\"},\"image\":{\"@id\":\"https:\\\/\\\/mokos.hu\\\/#\\\/schema\\\/logo\\\/image\\\/\"}}]}<\/script>\n<!-- \/ Yoast SEO plugin. -->","yoast_head_json":{"title":"Currant wine 6pcs - MOKOS Fruit Wine -Most -20% discount!","description":"Our Mokos Currant Wine special in a 6-pack is worth more: choose our six-bottle fruit wine package! -20% DISCOUNT","robots":{"index":"index","follow":"follow","max-snippet":"max-snippet:-1","max-image-preview":"max-image-preview:large","max-video-preview":"max-video-preview:-1"},"canonical":"https:\/\/mokos.hu\/en\/rooms\/blackcurrant-currant-wine-cardboard-gum-wine\/","og_locale":"en_US","og_type":"article","og_title":"Mokos Ribizlibor csomag most -20% KEDVEZM\u00c9NNYEL!","og_description":"Mokos Ribizlibor k\u00fcl\u00f6nlegess\u00e9g\u00fcnk 6 db-os kiszerel\u00e9sben jobban meg\u00e9ri: V\u00e1lassza \u00d6n is hat palackos gy\u00fcm\u00f6lcsbor csomagunkat! -20% KEDVEZM\u00c9NY","og_url":"https:\/\/mokos.hu\/en\/rooms\/blackcurrant-currant-wine-cardboard-gum-wine\/","og_site_name":"MOKOS","article_modified_time":"2020-10-16T04:07:28+00:00","og_image":[{"width":1000,"height":515,"url":"https:\/\/mokos.hu\/wp-content\/uploads\/2020\/09\/Mokos_Gyumolcsbor_kartonajanlatok_ribizlibor_feketeribizlibor-scaled-e1600674285734.jpg","type":"image\/jpeg"}],"twitter_card":"summary_large_image","twitter_misc":{"Est. reading time":"1 minute"},"schema":{"@context":"https:\/\/schema.org","@graph":[{"@type":"WebPage","@id":"https:\/\/mokos.hu\/termek\/feketeribizlibor-ribizlibor-karton-gyumolcsbor\/","url":"https:\/\/mokos.hu\/termek\/feketeribizlibor-ribizlibor-karton-gyumolcsbor\/","name":"Currant wine 6pcs - MOKOS Fruit Wine -Most -20% discount!","isPartOf":{"@id":"https:\/\/mokos.hu\/#website"},"primaryImageOfPage":{"@id":"https:\/\/mokos.hu\/termek\/feketeribizlibor-ribizlibor-karton-gyumolcsbor\/#primaryimage"},"image":{"@id":"https:\/\/mokos.hu\/termek\/feketeribizlibor-ribizlibor-karton-gyumolcsbor\/#primaryimage"},"thumbnailUrl":"https:\/\/mokos.hu\/wp-content\/uploads\/2020\/09\/Mokos_feketeribizlibor_ribizlibor_gyumolcsbor_edes_karton.png","datePublished":"2020-09-10T09:42:50+00:00","dateModified":"2020-10-16T04:07:28+00:00","description":"Our Mokos Currant Wine special in a 6-pack is worth more: choose our six-bottle fruit wine package! -20% DISCOUNT","breadcrumb":{"@id":"https:\/\/mokos.hu\/termek\/feketeribizlibor-ribizlibor-karton-gyumolcsbor\/#breadcrumb"},"inLanguage":"en-US","potentialAction":[{"@type":"ReadAction","target":["https:\/\/mokos.hu\/termek\/feketeribizlibor-ribizlibor-karton-gyumolcsbor\/"]}]},{"@type":"ImageObject","inLanguage":"en-US","@id":"https:\/\/mokos.hu\/termek\/feketeribizlibor-ribizlibor-karton-gyumolcsbor\/#primaryimage","url":"https:\/\/mokos.hu\/wp-content\/uploads\/2020\/09\/Mokos_feketeribizlibor_ribizlibor_gyumolcsbor_edes_karton.png","contentUrl":"https:\/\/mokos.hu\/wp-content\/uploads\/2020\/09\/Mokos_feketeribizlibor_ribizlibor_gyumolcsbor_edes_karton.png","width":591,"height":591,"caption":"Mokos_feketeribizlibor_ribizlibor_gy\u00fcm\u00f6lcsbor_\u00e9des_karton"},{"@type":"BreadcrumbList","@id":"https:\/\/mokos.hu\/termek\/feketeribizlibor-ribizlibor-karton-gyumolcsbor\/#breadcrumb","itemListElement":[{"@type":"ListItem","position":1,"name":"Home","item":"https:\/\/mokos.hu\/"},{"@type":"ListItem","position":2,"name":"Term\u00e9kek","item":"https:\/\/mokos.hu\/shop\/"},{"@type":"ListItem","position":3,"name":"Ribizlibor 6db"}]},{"@type":"WebSite","@id":"https:\/\/mokos.hu\/#website","url":"https:\/\/mokos.hu\/","name":"MOKOS","description":"Family Winery, Palkonya","publisher":{"@id":"https:\/\/mokos.hu\/#organization"},"potentialAction":[{"@type":"SearchAction","target":{"@type":"EntryPoint","urlTemplate":"https:\/\/mokos.hu\/?s={search_term_string}"},"query-input":{"@type":"PropertyValueSpecification","valueRequired":true,"valueName":"search_term_string"}}],"inLanguage":"en-US"},{"@type":"Organization","@id":"https:\/\/mokos.hu\/#organization","name":"MOKOS","url":"https:\/\/mokos.hu\/","logo":{"@type":"ImageObject","inLanguage":"en-US","@id":"https:\/\/mokos.hu\/#\/schema\/logo\/image\/","url":"https:\/\/mokos.hu\/wp-content\/uploads\/2018\/11\/cropped-Mokos_Villanyi-Borvidek-Palkonya-1.png","contentUrl":"https:\/\/mokos.hu\/wp-content\/uploads\/2018\/11\/cropped-Mokos_Villanyi-Borvidek-Palkonya-1.png","width":1000,"height":245,"caption":"MOKOS"},"image":{"@id":"https:\/\/mokos.hu\/#\/schema\/logo\/image\/"}}]}},"_links":{"self":[{"href":"https:\/\/mokos.hu\/en\/wp-json\/wp\/v2\/product\/10415","targetHints":{"allow":["GET"]}}],"collection":[{"href":"https:\/\/mokos.hu\/en\/wp-json\/wp\/v2\/product"}],"about":[{"href":"https:\/\/mokos.hu\/en\/wp-json\/wp\/v2\/types\/product"}],"wp:featuredmedia":[{"embeddable":true,"href":"https:\/\/mokos.hu\/en\/wp-json\/wp\/v2\/media\/10409"}],"wp:attachment":[{"href":"https:\/\/mokos.hu\/en\/wp-json\/wp\/v2\/media?parent=10415"}],"wp:term":[{"taxonomy":"product_brand","embeddable":true,"href":"https:\/\/mokos.hu\/en\/wp-json\/wp\/v2\/product_brand?post=10415"},{"taxonomy":"product_cat","embeddable":true,"href":"https:\/\/mokos.hu\/en\/wp-json\/wp\/v2\/product_cat?post=10415"},{"taxonomy":"product_tag","embeddable":true,"href":"https:\/\/mokos.hu\/en\/wp-json\/wp\/v2\/product_tag?post=10415"}],"curies":[{"name":"wp","href":"https:\/\/api.w.org\/{rel}","templated":true}]}}