{"id":10112,"date":"2020-07-22T08:47:42","date_gmt":"2020-07-22T06:47:42","guid":{"rendered":"https:\/\/mokos.hu\/?post_type=product&#038;p=10112"},"modified":"2020-09-01T09:04:28","modified_gmt":"2020-09-01T07:04:28","slug":"summer-breeze-wine-package-fortified-wines","status":"publish","type":"product","link":"https:\/\/mokos.hu\/en\/termek\/summer-breeze-borcsomag-villanyi-borok\/","title":{"rendered":"Summer Breeze Wine package"},"content":{"rendered":"<p>In our vineyards you can find the typical<strong>\u00a0domestic and international varieties<\/strong>\u00a0(Portugieser, k\u00e9kfrankos, pinot noir, merlot, cabernet franc, cabernet sauvignon). Thanks to the loess and red clay soils, the sub-Mediterranean climate and the above-average yield limitation, the quality of the\u00a0<strong>Vill\u00e1ny classicus and premium wines<\/strong>We produce around 100 000 bottles a year, starting in 2008.<\/p>","protected":false},"excerpt":{"rendered":"<h4>A light summer refreshment? Yes!<\/h4>\n<h4><strong><em>and now we're giving you 5 bottles for the price of 4!<\/em><\/strong><\/h4>\n<p><b>Recharge your batteries with our new Olaszrizling and the hit of the summer, Vill\u00e1nyi Rozen!\u00a0<\/b>With two bottles of white and two bottles of ros\u00e9 wine, we are now giving away a REDy.<\/p>\n<p><strong>The Easy Breezy package includes:<\/strong><\/p>\n<ul>\n<li>2 bottle <a href=\"https:\/\/mokos.hu\/en\/rooms\/villanyiroze2019\/\">Vill\u00e1nyi Roz\u00e9 2019<\/a><\/li>\n<li>2 bottle <a href=\"https:\/\/mokos.hu\/en\/rooms\/olaszrizling2019\/\">Olaszrizling 2019<\/a><\/li>\n<li><strong>GIFT 1 bottle <a href=\"https:\/\/mokos.hu\/en\/rooms\/redy_2018\/\">Redy 2018<\/a><\/strong><\/li>\n<\/ul>\n<p><strong>SPECIAL OFFER VALID UNTIL 31 AUGUST AND ONLY IN OUR WEBSHOP!<\/strong><\/p>","protected":false},"featured_media":10108,"template":"","meta":{"_acf_changed":false},"product_brand":[],"product_cat":[72],"product_tag":[125,146,120,118,119,123,203,126,181,182,204,144],"class_list":{"0":"post-10112","1":"product","2":"type-product","3":"status-publish","4":"has-post-thumbnail","6":"product_cat-borcsomagok","7":"product_tag-mokoselmeny","8":"product_tag-ajandek","9":"product_tag-akcios-termek","10":"product_tag-borcsomag","11":"product_tag-borvalogatas","12":"product_tag-mokos-pinceszet","13":"product_tag-olaszrizling","14":"product_tag-redy","15":"product_tag-roze","16":"product_tag-roze-cuvee","17":"product_tag-villanyi-bor","18":"product_tag-villanyi-roze","20":"first","21":"outofstock","22":"sale","23":"featured","24":"taxable","25":"shipping-taxable","26":"purchasable","27":"product-type-simple"},"acf":[],"yoast_head":"<!-- This site is optimized with the Yoast SEO plugin v27.1.1 - https:\/\/yoast.com\/product\/yoast-seo-wordpress\/ -->\n<title>Summer Breeze Borcsomag Borcsomag - MOKOS Pinc\u00e9szet - Aj\u00e1nd\u00e9k palackkal!<\/title>\n<meta name=\"description\" content=\"Ny\u00e1rias vill\u00e1nyi borcsomag: k\u00e9t palack Olaszrizling \u00e9s k\u00e9t palack Vill\u00e1nyi Roz\u00e9, melyek mell\u00e9 most egy aj\u00e1nd\u00e9k palack, k\u00f6nnyed Mokos REDy-t csomagoltunk!\" \/>\n<meta name=\"robots\" content=\"index, follow, max-snippet:-1, max-image-preview:large, max-video-preview:-1\" \/>\n<link rel=\"canonical\" href=\"https:\/\/mokos.hu\/en\/rooms\/summer-breeze-wine-package-fortified-wines\/\" \/>\n<meta property=\"og:locale\" content=\"en_US\" \/>\n<meta property=\"og:type\" content=\"article\" \/>\n<meta property=\"og:title\" content=\"Summer Breeze Borcsomag Borcsomag - MOKOS Pinc\u00e9szet - Aj\u00e1nd\u00e9k palackkal!\" \/>\n<meta property=\"og:description\" content=\"Ny\u00e1rias vill\u00e1nyi borcsomag: k\u00e9t palack Olaszrizling \u00e9s k\u00e9t palack Vill\u00e1nyi Roz\u00e9, melyek mell\u00e9 most egy aj\u00e1nd\u00e9k palack, k\u00f6nnyed Mokos REDy-t csomagoltunk!\" \/>\n<meta property=\"og:url\" content=\"https:\/\/mokos.hu\/en\/rooms\/summer-breeze-wine-package-fortified-wines\/\" \/>\n<meta property=\"og:site_name\" content=\"MOKOS\" \/>\n<meta property=\"article:modified_time\" content=\"2020-09-01T07:04:28+00:00\" \/>\n<meta property=\"og:image\" content=\"https:\/\/mokos.hu\/wp-content\/uploads\/2020\/07\/SUMMER_BREEZE_MOKOS-e1600678322901.png\" \/>\n\t<meta property=\"og:image:width\" content=\"400\" \/>\n\t<meta property=\"og:image:height\" content=\"400\" \/>\n\t<meta property=\"og:image:type\" content=\"image\/png\" \/>\n<meta name=\"twitter:card\" content=\"summary_large_image\" \/>\n<script type=\"application\/ld+json\" class=\"yoast-schema-graph\">{\"@context\":\"https:\/\/schema.org\",\"@graph\":[{\"@type\":\"WebPage\",\"@id\":\"https:\/\/mokos.hu\/termek\/summer-breeze-borcsomag-villanyi-borok\/\",\"url\":\"https:\/\/mokos.hu\/termek\/summer-breeze-borcsomag-villanyi-borok\/\",\"name\":\"Summer Breeze Borcsomag Borcsomag - MOKOS Pinc\u00e9szet - Aj\u00e1nd\u00e9k palackkal!\",\"isPartOf\":{\"@id\":\"https:\/\/mokos.hu\/#website\"},\"primaryImageOfPage\":{\"@id\":\"https:\/\/mokos.hu\/termek\/summer-breeze-borcsomag-villanyi-borok\/#primaryimage\"},\"image\":{\"@id\":\"https:\/\/mokos.hu\/termek\/summer-breeze-borcsomag-villanyi-borok\/#primaryimage\"},\"thumbnailUrl\":\"https:\/\/mokos.hu\/wp-content\/uploads\/2020\/07\/SUMMER_BREEZE_MOKOS-e1600678322901.png\",\"datePublished\":\"2020-07-22T06:47:42+00:00\",\"dateModified\":\"2020-09-01T07:04:28+00:00\",\"description\":\"Ny\u00e1rias vill\u00e1nyi borcsomag: k\u00e9t palack Olaszrizling \u00e9s k\u00e9t palack Vill\u00e1nyi Roz\u00e9, melyek mell\u00e9 most egy aj\u00e1nd\u00e9k palack, k\u00f6nnyed Mokos REDy-t csomagoltunk!\",\"breadcrumb\":{\"@id\":\"https:\/\/mokos.hu\/termek\/summer-breeze-borcsomag-villanyi-borok\/#breadcrumb\"},\"inLanguage\":\"en-US\",\"potentialAction\":[{\"@type\":\"ReadAction\",\"target\":[\"https:\/\/mokos.hu\/termek\/summer-breeze-borcsomag-villanyi-borok\/\"]}]},{\"@type\":\"ImageObject\",\"inLanguage\":\"en-US\",\"@id\":\"https:\/\/mokos.hu\/termek\/summer-breeze-borcsomag-villanyi-borok\/#primaryimage\",\"url\":\"https:\/\/mokos.hu\/wp-content\/uploads\/2020\/07\/SUMMER_BREEZE_MOKOS-e1600678322901.png\",\"contentUrl\":\"https:\/\/mokos.hu\/wp-content\/uploads\/2020\/07\/SUMMER_BREEZE_MOKOS-e1600678322901.png\",\"width\":400,\"height\":400,\"caption\":\"summer breeze borcsomag olaszrizling vill\u00e1nyi borok roz\u00e9 2019 redy 2018\"},{\"@type\":\"BreadcrumbList\",\"@id\":\"https:\/\/mokos.hu\/termek\/summer-breeze-borcsomag-villanyi-borok\/#breadcrumb\",\"itemListElement\":[{\"@type\":\"ListItem\",\"position\":1,\"name\":\"Home\",\"item\":\"https:\/\/mokos.hu\/\"},{\"@type\":\"ListItem\",\"position\":2,\"name\":\"Term\u00e9kek\",\"item\":\"https:\/\/mokos.hu\/shop\/\"},{\"@type\":\"ListItem\",\"position\":3,\"name\":\"Summer Breeze Borcsomag\"}]},{\"@type\":\"WebSite\",\"@id\":\"https:\/\/mokos.hu\/#website\",\"url\":\"https:\/\/mokos.hu\/\",\"name\":\"MOKOS\",\"description\":\"Csal\u00e1di Pinc\u00e9szet, Palkonya\",\"publisher\":{\"@id\":\"https:\/\/mokos.hu\/#organization\"},\"potentialAction\":[{\"@type\":\"SearchAction\",\"target\":{\"@type\":\"EntryPoint\",\"urlTemplate\":\"https:\/\/mokos.hu\/?s={search_term_string}\"},\"query-input\":{\"@type\":\"PropertyValueSpecification\",\"valueRequired\":true,\"valueName\":\"search_term_string\"}}],\"inLanguage\":\"en-US\"},{\"@type\":\"Organization\",\"@id\":\"https:\/\/mokos.hu\/#organization\",\"name\":\"MOKOS\",\"url\":\"https:\/\/mokos.hu\/\",\"logo\":{\"@type\":\"ImageObject\",\"inLanguage\":\"en-US\",\"@id\":\"https:\/\/mokos.hu\/#\/schema\/logo\/image\/\",\"url\":\"https:\/\/mokos.hu\/wp-content\/uploads\/2018\/11\/cropped-Mokos_Villanyi-Borvidek-Palkonya-1.png\",\"contentUrl\":\"https:\/\/mokos.hu\/wp-content\/uploads\/2018\/11\/cropped-Mokos_Villanyi-Borvidek-Palkonya-1.png\",\"width\":1000,\"height\":245,\"caption\":\"MOKOS\"},\"image\":{\"@id\":\"https:\/\/mokos.hu\/#\/schema\/logo\/image\/\"}}]}<\/script>\n<!-- \/ Yoast SEO plugin. -->","yoast_head_json":{"title":"Summer Breeze Wine Package Wine Package - MOKOS Winery - Gift with bottle!","description":"Summer Vill\u00e1ny wine package: two bottles of Olaszrizling and two bottles of Vill\u00e1nyi Roz\u00e9, which we have now packaged with a free bottle of light Mokos REDy!","robots":{"index":"index","follow":"follow","max-snippet":"max-snippet:-1","max-image-preview":"max-image-preview:large","max-video-preview":"max-video-preview:-1"},"canonical":"https:\/\/mokos.hu\/en\/rooms\/summer-breeze-wine-package-fortified-wines\/","og_locale":"en_US","og_type":"article","og_title":"Summer Breeze Borcsomag Borcsomag - MOKOS Pinc\u00e9szet - Aj\u00e1nd\u00e9k palackkal!","og_description":"Ny\u00e1rias vill\u00e1nyi borcsomag: k\u00e9t palack Olaszrizling \u00e9s k\u00e9t palack Vill\u00e1nyi Roz\u00e9, melyek mell\u00e9 most egy aj\u00e1nd\u00e9k palack, k\u00f6nnyed Mokos REDy-t csomagoltunk!","og_url":"https:\/\/mokos.hu\/en\/rooms\/summer-breeze-wine-package-fortified-wines\/","og_site_name":"MOKOS","article_modified_time":"2020-09-01T07:04:28+00:00","og_image":[{"width":400,"height":400,"url":"https:\/\/mokos.hu\/wp-content\/uploads\/2020\/07\/SUMMER_BREEZE_MOKOS-e1600678322901.png","type":"image\/png"}],"twitter_card":"summary_large_image","schema":{"@context":"https:\/\/schema.org","@graph":[{"@type":"WebPage","@id":"https:\/\/mokos.hu\/termek\/summer-breeze-borcsomag-villanyi-borok\/","url":"https:\/\/mokos.hu\/termek\/summer-breeze-borcsomag-villanyi-borok\/","name":"Summer Breeze Wine Package Wine Package - MOKOS Winery - Gift with bottle!","isPartOf":{"@id":"https:\/\/mokos.hu\/#website"},"primaryImageOfPage":{"@id":"https:\/\/mokos.hu\/termek\/summer-breeze-borcsomag-villanyi-borok\/#primaryimage"},"image":{"@id":"https:\/\/mokos.hu\/termek\/summer-breeze-borcsomag-villanyi-borok\/#primaryimage"},"thumbnailUrl":"https:\/\/mokos.hu\/wp-content\/uploads\/2020\/07\/SUMMER_BREEZE_MOKOS-e1600678322901.png","datePublished":"2020-07-22T06:47:42+00:00","dateModified":"2020-09-01T07:04:28+00:00","description":"Summer Vill\u00e1ny wine package: two bottles of Olaszrizling and two bottles of Vill\u00e1nyi Roz\u00e9, which we have now packaged with a free bottle of light Mokos REDy!","breadcrumb":{"@id":"https:\/\/mokos.hu\/termek\/summer-breeze-borcsomag-villanyi-borok\/#breadcrumb"},"inLanguage":"en-US","potentialAction":[{"@type":"ReadAction","target":["https:\/\/mokos.hu\/termek\/summer-breeze-borcsomag-villanyi-borok\/"]}]},{"@type":"ImageObject","inLanguage":"en-US","@id":"https:\/\/mokos.hu\/termek\/summer-breeze-borcsomag-villanyi-borok\/#primaryimage","url":"https:\/\/mokos.hu\/wp-content\/uploads\/2020\/07\/SUMMER_BREEZE_MOKOS-e1600678322901.png","contentUrl":"https:\/\/mokos.hu\/wp-content\/uploads\/2020\/07\/SUMMER_BREEZE_MOKOS-e1600678322901.png","width":400,"height":400,"caption":"summer breeze borcsomag olaszrizling vill\u00e1nyi borok roz\u00e9 2019 redy 2018"},{"@type":"BreadcrumbList","@id":"https:\/\/mokos.hu\/termek\/summer-breeze-borcsomag-villanyi-borok\/#breadcrumb","itemListElement":[{"@type":"ListItem","position":1,"name":"Home","item":"https:\/\/mokos.hu\/"},{"@type":"ListItem","position":2,"name":"Term\u00e9kek","item":"https:\/\/mokos.hu\/shop\/"},{"@type":"ListItem","position":3,"name":"Summer Breeze Borcsomag"}]},{"@type":"WebSite","@id":"https:\/\/mokos.hu\/#website","url":"https:\/\/mokos.hu\/","name":"MOKOS","description":"Family Winery, Palkonya","publisher":{"@id":"https:\/\/mokos.hu\/#organization"},"potentialAction":[{"@type":"SearchAction","target":{"@type":"EntryPoint","urlTemplate":"https:\/\/mokos.hu\/?s={search_term_string}"},"query-input":{"@type":"PropertyValueSpecification","valueRequired":true,"valueName":"search_term_string"}}],"inLanguage":"en-US"},{"@type":"Organization","@id":"https:\/\/mokos.hu\/#organization","name":"MOKOS","url":"https:\/\/mokos.hu\/","logo":{"@type":"ImageObject","inLanguage":"en-US","@id":"https:\/\/mokos.hu\/#\/schema\/logo\/image\/","url":"https:\/\/mokos.hu\/wp-content\/uploads\/2018\/11\/cropped-Mokos_Villanyi-Borvidek-Palkonya-1.png","contentUrl":"https:\/\/mokos.hu\/wp-content\/uploads\/2018\/11\/cropped-Mokos_Villanyi-Borvidek-Palkonya-1.png","width":1000,"height":245,"caption":"MOKOS"},"image":{"@id":"https:\/\/mokos.hu\/#\/schema\/logo\/image\/"}}]}},"_links":{"self":[{"href":"https:\/\/mokos.hu\/en\/wp-json\/wp\/v2\/product\/10112","targetHints":{"allow":["GET"]}}],"collection":[{"href":"https:\/\/mokos.hu\/en\/wp-json\/wp\/v2\/product"}],"about":[{"href":"https:\/\/mokos.hu\/en\/wp-json\/wp\/v2\/types\/product"}],"wp:featuredmedia":[{"embeddable":true,"href":"https:\/\/mokos.hu\/en\/wp-json\/wp\/v2\/media\/10108"}],"wp:attachment":[{"href":"https:\/\/mokos.hu\/en\/wp-json\/wp\/v2\/media?parent=10112"}],"wp:term":[{"taxonomy":"product_brand","embeddable":true,"href":"https:\/\/mokos.hu\/en\/wp-json\/wp\/v2\/product_brand?post=10112"},{"taxonomy":"product_cat","embeddable":true,"href":"https:\/\/mokos.hu\/en\/wp-json\/wp\/v2\/product_cat?post=10112"},{"taxonomy":"product_tag","embeddable":true,"href":"https:\/\/mokos.hu\/en\/wp-json\/wp\/v2\/product_tag?post=10112"}],"curies":[{"name":"wp","href":"https:\/\/api.w.org\/{rel}","templated":true}]}}