{"id":10105,"date":"2020-07-21T14:11:20","date_gmt":"2020-07-21T12:11:20","guid":{"rendered":"https:\/\/mokos.hu\/?post_type=product&#038;p=10105"},"modified":"2020-09-01T09:06:18","modified_gmt":"2020-09-01T07:06:18","slug":"summer-sparkling-wine","status":"publish","type":"product","link":"https:\/\/mokos.hu\/en\/termek\/nyari-zamatbomba-gyumolcsbor\/","title":{"rendered":"Summer Bomb Wine Package"},"content":{"rendered":"<p>In addition to the traditional Vill\u00e1ny red wines\u00a0<strong>fruit wines<\/strong> is also involved in the production of. Now <strong>more than a decade of experience<\/strong> behind us in the production of these dessert wine specialities, the raw materials for which are now <strong>10 different fruits<\/strong> provides. We consider it important that our fruit wines <strong>made exclusively from fresh, juicy, domestically produced fruit<\/strong>\u00a0without the addition of water, colourings or flavourings.<\/p>","protected":false},"excerpt":{"rendered":"<h4>kirobban\u00f3 ny\u00e1ri zamatok egy v\u00e1logat\u00e1sban<\/h4>\n<h4><strong><em>MOST 20% kedvezm\u00e9nnyel!<\/em><\/strong><\/h4>\n<p><b>\u00c9lvezd a nyarat a 100%-ban hazai alapanyagokb\u00f3l k\u00e9sz\u00fclt gy\u00fcm\u00f6lcsbor k\u00fcl\u00f6nlegess\u00e9geinkkel! <\/b>Ny\u00e1ri Zamatbomba borcsomag \u00f6ssze\u00e1ll\u00edt\u00e1sunkban a naps\u00fct\u00f6tte kajszibarack, az \u00ednycsikland\u00f3 eper \u00e9s \u0151szibarack, valamint a pomp\u00e1s szeder ny\u00fajt felemel\u0151 bor\u00e9lm\u00e9nyt!<\/p>\n<p><strong>A Ny\u00e1ri Zamatbomba tartalma:<\/strong><\/p>\n<ul>\n<li>1 bottle <a href=\"https:\/\/mokos.hu\/en\/rooms\/kaisibor\/\">Apricot Wine<\/a><\/li>\n<li>1 bottle <a href=\"https:\/\/mokos.hu\/en\/rooms\/eper-es-oszibarack-cuvee\/\">Eper \u00e9s \u0150szibarack Cuv\u00e9e<\/a><\/li>\n<li>1 bottle <a href=\"https:\/\/mokos.hu\/en\/rooms\/blackberry-wine\/\">Blackberry wine<\/a><\/li>\n<\/ul>\n<p><strong>SPECIAL OFFER VALID UNTIL 31 AUGUST AND ONLY IN OUR WEBSHOP!<\/strong><\/p>","protected":false},"featured_media":10107,"template":"","meta":{"_acf_changed":false},"product_brand":[],"product_cat":[72],"product_tag":[125,120,118,119,116,124,117,123],"class_list":{"0":"post-10105","1":"product","2":"type-product","3":"status-publish","4":"has-post-thumbnail","6":"product_cat-borcsomagok","7":"product_tag-mokoselmeny","8":"product_tag-akcios-termek","9":"product_tag-borcsomag","10":"product_tag-borvalogatas","11":"product_tag-gyumolcsbor","12":"product_tag-izelmeny","13":"product_tag-mokos-gyumolcsbor","14":"product_tag-mokos-pinceszet","16":"first","17":"outofstock","18":"sale","19":"featured","20":"taxable","21":"shipping-taxable","22":"purchasable","23":"product-type-simple"},"acf":[],"yoast_head":"<!-- This site is optimized with the Yoast SEO plugin v27.1.1 - https:\/\/yoast.com\/product\/yoast-seo-wordpress\/ -->\n<title>Ny\u00e1ri Zamatbomba Borcsomag Borcsomag - MOKOS Pinc\u00e9szet - Val\u00f3di \u00edz\u00e9lm\u00e9nyek<\/title>\n<meta name=\"description\" content=\"Egy val\u00f3di, ny\u00e1ri zamatbomba a Mokos Pinc\u00e9szet gy\u00fcm\u00f6lcsbor k\u00fcl\u00f6nlegess\u00e9geib\u0151l \u00f6ssze\u00e1ll\u00edtva! Borcsomag aj\u00e1nlat most -20% kedvezm\u00e9nnyel.\" \/>\n<meta name=\"robots\" content=\"index, follow, max-snippet:-1, max-image-preview:large, max-video-preview:-1\" \/>\n<link rel=\"canonical\" href=\"https:\/\/mokos.hu\/en\/rooms\/summer-sparkling-wine\/\" \/>\n<meta property=\"og:locale\" content=\"en_US\" \/>\n<meta property=\"og:type\" content=\"article\" \/>\n<meta property=\"og:title\" content=\"Ny\u00e1ri Zamatbomba Borcsomag Borcsomag - MOKOS Pinc\u00e9szet - Val\u00f3di \u00edz\u00e9lm\u00e9nyek\" \/>\n<meta property=\"og:description\" content=\"Egy val\u00f3di, ny\u00e1ri zamatbomba a Mokos Pinc\u00e9szet gy\u00fcm\u00f6lcsbor k\u00fcl\u00f6nlegess\u00e9geib\u0151l \u00f6ssze\u00e1ll\u00edtva! Borcsomag aj\u00e1nlat most -20% kedvezm\u00e9nnyel.\" \/>\n<meta property=\"og:url\" content=\"https:\/\/mokos.hu\/en\/rooms\/summer-sparkling-wine\/\" \/>\n<meta property=\"og:site_name\" content=\"MOKOS\" \/>\n<meta property=\"article:modified_time\" content=\"2020-09-01T07:06:18+00:00\" \/>\n<meta property=\"og:image\" content=\"https:\/\/mokos.hu\/wp-content\/uploads\/2020\/07\/Nyari_Zamatlkaland_MOKOS-e1600678345423.png\" \/>\n\t<meta property=\"og:image:width\" content=\"500\" \/>\n\t<meta property=\"og:image:height\" content=\"500\" \/>\n\t<meta property=\"og:image:type\" content=\"image\/png\" \/>\n<meta name=\"twitter:card\" content=\"summary_large_image\" \/>\n<meta name=\"twitter:label1\" content=\"Est. reading time\" \/>\n\t<meta name=\"twitter:data1\" content=\"1 minute\" \/>\n<script type=\"application\/ld+json\" class=\"yoast-schema-graph\">{\"@context\":\"https:\/\/schema.org\",\"@graph\":[{\"@type\":\"WebPage\",\"@id\":\"https:\/\/mokos.hu\/termek\/nyari-zamatbomba-gyumolcsbor\/\",\"url\":\"https:\/\/mokos.hu\/termek\/nyari-zamatbomba-gyumolcsbor\/\",\"name\":\"Ny\u00e1ri Zamatbomba Borcsomag Borcsomag - MOKOS Pinc\u00e9szet - Val\u00f3di \u00edz\u00e9lm\u00e9nyek\",\"isPartOf\":{\"@id\":\"https:\/\/mokos.hu\/#website\"},\"primaryImageOfPage\":{\"@id\":\"https:\/\/mokos.hu\/termek\/nyari-zamatbomba-gyumolcsbor\/#primaryimage\"},\"image\":{\"@id\":\"https:\/\/mokos.hu\/termek\/nyari-zamatbomba-gyumolcsbor\/#primaryimage\"},\"thumbnailUrl\":\"https:\/\/mokos.hu\/wp-content\/uploads\/2020\/07\/Nyari_Zamatlkaland_MOKOS-e1600678345423.png\",\"datePublished\":\"2020-07-21T12:11:20+00:00\",\"dateModified\":\"2020-09-01T07:06:18+00:00\",\"description\":\"Egy val\u00f3di, ny\u00e1ri zamatbomba a Mokos Pinc\u00e9szet gy\u00fcm\u00f6lcsbor k\u00fcl\u00f6nlegess\u00e9geib\u0151l \u00f6ssze\u00e1ll\u00edtva! Borcsomag aj\u00e1nlat most -20% kedvezm\u00e9nnyel.\",\"breadcrumb\":{\"@id\":\"https:\/\/mokos.hu\/termek\/nyari-zamatbomba-gyumolcsbor\/#breadcrumb\"},\"inLanguage\":\"en-US\",\"potentialAction\":[{\"@type\":\"ReadAction\",\"target\":[\"https:\/\/mokos.hu\/termek\/nyari-zamatbomba-gyumolcsbor\/\"]}]},{\"@type\":\"ImageObject\",\"inLanguage\":\"en-US\",\"@id\":\"https:\/\/mokos.hu\/termek\/nyari-zamatbomba-gyumolcsbor\/#primaryimage\",\"url\":\"https:\/\/mokos.hu\/wp-content\/uploads\/2020\/07\/Nyari_Zamatlkaland_MOKOS-e1600678345423.png\",\"contentUrl\":\"https:\/\/mokos.hu\/wp-content\/uploads\/2020\/07\/Nyari_Zamatlkaland_MOKOS-e1600678345423.png\",\"width\":500,\"height\":500,\"caption\":\"Nyari_Zamatlkaland_MOKOS_Pinceszet_palkonya_gyumolcsbor\"},{\"@type\":\"BreadcrumbList\",\"@id\":\"https:\/\/mokos.hu\/termek\/nyari-zamatbomba-gyumolcsbor\/#breadcrumb\",\"itemListElement\":[{\"@type\":\"ListItem\",\"position\":1,\"name\":\"Home\",\"item\":\"https:\/\/mokos.hu\/\"},{\"@type\":\"ListItem\",\"position\":2,\"name\":\"Term\u00e9kek\",\"item\":\"https:\/\/mokos.hu\/shop\/\"},{\"@type\":\"ListItem\",\"position\":3,\"name\":\"Ny\u00e1ri Zamatbomba Borcsomag\"}]},{\"@type\":\"WebSite\",\"@id\":\"https:\/\/mokos.hu\/#website\",\"url\":\"https:\/\/mokos.hu\/\",\"name\":\"MOKOS\",\"description\":\"Csal\u00e1di Pinc\u00e9szet, Palkonya\",\"publisher\":{\"@id\":\"https:\/\/mokos.hu\/#organization\"},\"potentialAction\":[{\"@type\":\"SearchAction\",\"target\":{\"@type\":\"EntryPoint\",\"urlTemplate\":\"https:\/\/mokos.hu\/?s={search_term_string}\"},\"query-input\":{\"@type\":\"PropertyValueSpecification\",\"valueRequired\":true,\"valueName\":\"search_term_string\"}}],\"inLanguage\":\"en-US\"},{\"@type\":\"Organization\",\"@id\":\"https:\/\/mokos.hu\/#organization\",\"name\":\"MOKOS\",\"url\":\"https:\/\/mokos.hu\/\",\"logo\":{\"@type\":\"ImageObject\",\"inLanguage\":\"en-US\",\"@id\":\"https:\/\/mokos.hu\/#\/schema\/logo\/image\/\",\"url\":\"https:\/\/mokos.hu\/wp-content\/uploads\/2018\/11\/cropped-Mokos_Villanyi-Borvidek-Palkonya-1.png\",\"contentUrl\":\"https:\/\/mokos.hu\/wp-content\/uploads\/2018\/11\/cropped-Mokos_Villanyi-Borvidek-Palkonya-1.png\",\"width\":1000,\"height\":245,\"caption\":\"MOKOS\"},\"image\":{\"@id\":\"https:\/\/mokos.hu\/#\/schema\/logo\/image\/\"}}]}<\/script>\n<!-- \/ Yoast SEO plugin. -->","yoast_head_json":{"title":"Ny\u00e1ri Zamatbomba Borcsomag Borcsomag - MOKOS Pinc\u00e9szet - Val\u00f3di \u00edz\u00e9lm\u00e9nyek","description":"Egy val\u00f3di, ny\u00e1ri zamatbomba a Mokos Pinc\u00e9szet gy\u00fcm\u00f6lcsbor k\u00fcl\u00f6nlegess\u00e9geib\u0151l \u00f6ssze\u00e1ll\u00edtva! Borcsomag aj\u00e1nlat most -20% kedvezm\u00e9nnyel.","robots":{"index":"index","follow":"follow","max-snippet":"max-snippet:-1","max-image-preview":"max-image-preview:large","max-video-preview":"max-video-preview:-1"},"canonical":"https:\/\/mokos.hu\/en\/rooms\/summer-sparkling-wine\/","og_locale":"en_US","og_type":"article","og_title":"Ny\u00e1ri Zamatbomba Borcsomag Borcsomag - MOKOS Pinc\u00e9szet - Val\u00f3di \u00edz\u00e9lm\u00e9nyek","og_description":"Egy val\u00f3di, ny\u00e1ri zamatbomba a Mokos Pinc\u00e9szet gy\u00fcm\u00f6lcsbor k\u00fcl\u00f6nlegess\u00e9geib\u0151l \u00f6ssze\u00e1ll\u00edtva! Borcsomag aj\u00e1nlat most -20% kedvezm\u00e9nnyel.","og_url":"https:\/\/mokos.hu\/en\/rooms\/summer-sparkling-wine\/","og_site_name":"MOKOS","article_modified_time":"2020-09-01T07:06:18+00:00","og_image":[{"width":500,"height":500,"url":"https:\/\/mokos.hu\/wp-content\/uploads\/2020\/07\/Nyari_Zamatlkaland_MOKOS-e1600678345423.png","type":"image\/png"}],"twitter_card":"summary_large_image","twitter_misc":{"Est. reading time":"1 minute"},"schema":{"@context":"https:\/\/schema.org","@graph":[{"@type":"WebPage","@id":"https:\/\/mokos.hu\/termek\/nyari-zamatbomba-gyumolcsbor\/","url":"https:\/\/mokos.hu\/termek\/nyari-zamatbomba-gyumolcsbor\/","name":"Ny\u00e1ri Zamatbomba Borcsomag Borcsomag - MOKOS Pinc\u00e9szet - Val\u00f3di \u00edz\u00e9lm\u00e9nyek","isPartOf":{"@id":"https:\/\/mokos.hu\/#website"},"primaryImageOfPage":{"@id":"https:\/\/mokos.hu\/termek\/nyari-zamatbomba-gyumolcsbor\/#primaryimage"},"image":{"@id":"https:\/\/mokos.hu\/termek\/nyari-zamatbomba-gyumolcsbor\/#primaryimage"},"thumbnailUrl":"https:\/\/mokos.hu\/wp-content\/uploads\/2020\/07\/Nyari_Zamatlkaland_MOKOS-e1600678345423.png","datePublished":"2020-07-21T12:11:20+00:00","dateModified":"2020-09-01T07:06:18+00:00","description":"Egy val\u00f3di, ny\u00e1ri zamatbomba a Mokos Pinc\u00e9szet gy\u00fcm\u00f6lcsbor k\u00fcl\u00f6nlegess\u00e9geib\u0151l \u00f6ssze\u00e1ll\u00edtva! Borcsomag aj\u00e1nlat most -20% kedvezm\u00e9nnyel.","breadcrumb":{"@id":"https:\/\/mokos.hu\/termek\/nyari-zamatbomba-gyumolcsbor\/#breadcrumb"},"inLanguage":"en-US","potentialAction":[{"@type":"ReadAction","target":["https:\/\/mokos.hu\/termek\/nyari-zamatbomba-gyumolcsbor\/"]}]},{"@type":"ImageObject","inLanguage":"en-US","@id":"https:\/\/mokos.hu\/termek\/nyari-zamatbomba-gyumolcsbor\/#primaryimage","url":"https:\/\/mokos.hu\/wp-content\/uploads\/2020\/07\/Nyari_Zamatlkaland_MOKOS-e1600678345423.png","contentUrl":"https:\/\/mokos.hu\/wp-content\/uploads\/2020\/07\/Nyari_Zamatlkaland_MOKOS-e1600678345423.png","width":500,"height":500,"caption":"Nyari_Zamatlkaland_MOKOS_Pinceszet_palkonya_gyumolcsbor"},{"@type":"BreadcrumbList","@id":"https:\/\/mokos.hu\/termek\/nyari-zamatbomba-gyumolcsbor\/#breadcrumb","itemListElement":[{"@type":"ListItem","position":1,"name":"Home","item":"https:\/\/mokos.hu\/"},{"@type":"ListItem","position":2,"name":"Term\u00e9kek","item":"https:\/\/mokos.hu\/shop\/"},{"@type":"ListItem","position":3,"name":"Ny\u00e1ri Zamatbomba Borcsomag"}]},{"@type":"WebSite","@id":"https:\/\/mokos.hu\/#website","url":"https:\/\/mokos.hu\/","name":"MOKOS","description":"Family Winery, Palkonya","publisher":{"@id":"https:\/\/mokos.hu\/#organization"},"potentialAction":[{"@type":"SearchAction","target":{"@type":"EntryPoint","urlTemplate":"https:\/\/mokos.hu\/?s={search_term_string}"},"query-input":{"@type":"PropertyValueSpecification","valueRequired":true,"valueName":"search_term_string"}}],"inLanguage":"en-US"},{"@type":"Organization","@id":"https:\/\/mokos.hu\/#organization","name":"MOKOS","url":"https:\/\/mokos.hu\/","logo":{"@type":"ImageObject","inLanguage":"en-US","@id":"https:\/\/mokos.hu\/#\/schema\/logo\/image\/","url":"https:\/\/mokos.hu\/wp-content\/uploads\/2018\/11\/cropped-Mokos_Villanyi-Borvidek-Palkonya-1.png","contentUrl":"https:\/\/mokos.hu\/wp-content\/uploads\/2018\/11\/cropped-Mokos_Villanyi-Borvidek-Palkonya-1.png","width":1000,"height":245,"caption":"MOKOS"},"image":{"@id":"https:\/\/mokos.hu\/#\/schema\/logo\/image\/"}}]}},"_links":{"self":[{"href":"https:\/\/mokos.hu\/en\/wp-json\/wp\/v2\/product\/10105","targetHints":{"allow":["GET"]}}],"collection":[{"href":"https:\/\/mokos.hu\/en\/wp-json\/wp\/v2\/product"}],"about":[{"href":"https:\/\/mokos.hu\/en\/wp-json\/wp\/v2\/types\/product"}],"wp:featuredmedia":[{"embeddable":true,"href":"https:\/\/mokos.hu\/en\/wp-json\/wp\/v2\/media\/10107"}],"wp:attachment":[{"href":"https:\/\/mokos.hu\/en\/wp-json\/wp\/v2\/media?parent=10105"}],"wp:term":[{"taxonomy":"product_brand","embeddable":true,"href":"https:\/\/mokos.hu\/en\/wp-json\/wp\/v2\/product_brand?post=10105"},{"taxonomy":"product_cat","embeddable":true,"href":"https:\/\/mokos.hu\/en\/wp-json\/wp\/v2\/product_cat?post=10105"},{"taxonomy":"product_tag","embeddable":true,"href":"https:\/\/mokos.hu\/en\/wp-json\/wp\/v2\/product_tag?post=10105"}],"curies":[{"name":"wp","href":"https:\/\/api.w.org\/{rel}","templated":true}]}}