{"id":8650,"date":"2020-01-03T13:07:32","date_gmt":"2020-01-03T12:07:32","guid":{"rendered":"https:\/\/mokos.hu\/?page_id=8650\/"},"modified":"2025-01-21T14:25:15","modified_gmt":"2025-01-21T12:25:15","slug":"teluzo-borvacsora-mokos-pinceszet-villanyi-borok-gyumolcsborok","status":"publish","type":"page","link":"https:\/\/mokos.hu\/en\/teluzo-borvacsora-mokos-pinceszet-villanyi-borok-gyumolcsborok\/","title":{"rendered":"T\u00e9l\u0171z\u0151 Borvacsora"},"content":{"rendered":"<div class=\"wpb-content-wrapper\"><div class=\"vc_row wpb_row vc_row-fluid\"><div class=\"wpb_column vc_column_container vc_col-sm-12\"><div class=\"vc_column-inner\"><div class=\"wpb_wrapper\">\n\t<div  class=\"wpb_single_image wpb_content_element vc_align_center wpb_content_element\">\n\t\t\n\t\t<figure class=\"wpb_wrapper vc_figure\">\n\t\t\t<div class=\"vc_single_image-wrapper   vc_box_border_grey\"><img fetchpriority=\"high\" decoding=\"async\" width=\"1024\" height=\"581\" src=\"https:\/\/mokos.hu\/wp-content\/uploads\/2020\/01\/COV_EVENT_Teluzo_Borvacsora_Mokos_Pinceszet-1024x581.jpg\" class=\"vc_single_image-img attachment-large\" alt=\"Teluzo_Borvacsora_Mokos_Pinceszet\" title=\"\" srcset=\"https:\/\/mokos.hu\/wp-content\/uploads\/2020\/01\/COV_EVENT_Teluzo_Borvacsora_Mokos_Pinceszet-1024x581.jpg 1024w, https:\/\/mokos.hu\/wp-content\/uploads\/2020\/01\/COV_EVENT_Teluzo_Borvacsora_Mokos_Pinceszet-300x170.jpg 300w, https:\/\/mokos.hu\/wp-content\/uploads\/2020\/01\/COV_EVENT_Teluzo_Borvacsora_Mokos_Pinceszet-600x340.jpg 600w, https:\/\/mokos.hu\/wp-content\/uploads\/2020\/01\/COV_EVENT_Teluzo_Borvacsora_Mokos_Pinceszet-e1600687478384.jpg 1200w\" sizes=\"(max-width: 1024px) 100vw, 1024px\" \/><\/div>\n\t\t<\/figure>\n\t<\/div>\n\n\t<div class=\"wpb_text_column wpb_content_element\" >\n\t\t<div class=\"wpb_wrapper\">\n\t\t\t<h1>T\u00e9l\u0171z\u0151 Borvacsora- 2020. 02. 22.<\/h1>\n\n\t\t<\/div>\n\t<\/div>\n\n\t<div class=\"wpb_text_column wpb_content_element\" >\n\t\t<div class=\"wpb_wrapper\">\n\t\t\t<h5><strong>Legyen r\u00e9szese egy igazi t\u00e9l\u0171z\u0151 gasztrokalandnak a Vill\u00e1nyi borvid\u00e9ken! <\/strong><\/h5>\n<p><strong>K\u00f3stolja meg n\u00e9gy fog\u00e1sb\u00f3l \u00e1ll\u00f3 borvacsora men\u00fcsorunkat \u00e9s engedje, hogy pohar\u00e1ba t\u00f6lts\u00fck a borvid\u00e9k zamatait T\u00e9l\u0171z\u0151 Borvacsor\u00e1nk sor\u00e1n.<\/strong><\/p>\n<p>2020-ban ism\u00e9t tematikus Borvacsora sorozattal k\u00e9sz\u00fcl\u00fcnk az \u00ednyencek sz\u00e1m\u00e1ra. Az \u00e9v els\u0151 \u00e1llom\u00e1s\u00e1n a Bus\u00f3j\u00e1r\u00e1s t\u00e9lb\u00facs\u00faztat\u00f3 hangulata v\u00e1rja vend\u00e9geinket. Az est folyam\u00e1n n\u00e9gy fog\u00e1sos borvacsora men\u00fcsorral k\u00e9sz\u00fcl\u00fcnk, mely mell\u00e9 vill\u00e1nyi borokat \u00e9s pr\u00e9mium gy\u00fcm\u00f6lcsborokat t\u00e1rs\u00edtunk a komplex \u00edz\u00e9lm\u00e9ny el\u00e9r\u00e9s\u00e9nek \u00e9rdek\u00e9ben.<\/p>\n<p><strong>A T\u00c9L\u0170Z\u0150 BORVACSORA MEN\u00dcJE:<\/strong><\/p>\n<ul>\n<li>\u00a0Tat\u00e1r beefsteak, toast &#8211; <em>Vill\u00e1nyi Roz\u00e9 2019<\/em><\/li>\n<li>\u00a0Gy\u00f6ngyty\u00fak er\u0151leves z\u00f6lds\u00e9gekkel, h\u00e1zi libam\u00e1jas ravioli &#8211;\u00a0<em>Feh\u00e9r Cuv\u00e9e 2018<\/em><\/li>\n<li>\u00a0Ropog\u00f3s malac cs\u00fcl\u00f6k, lilak\u00e1posztap\u00fcr\u00e9, hagym\u00e1s burgonyatorta<em>&#8211;\u00a0REDy 2018<\/em><\/li>\n<li>\u00a0Brownie van\u00edlia fagylalttal \u00e9s pirosribizli \u00f6ntettel<em>&#8211; Pirosribizlibor<\/em><\/li>\n<\/ul>\n<p>&nbsp;<\/p>\n<div><strong>Kapunyit\u00e1s: 18:30<\/strong><\/div>\n<div>Vacsora: 19:00<\/div>\n<div><\/div>\n<p><strong>\u00a0JEGYEK:<\/strong><\/p>\n<p><strong>Bel\u00e9p\u0151jegy: 8.900,- Ft\/ F\u0151\u00a0<\/strong><\/p>\n<p>A bel\u00e9p\u0151jegyek webshopunkban \u00e9rhet\u0151ek el, illetve\u00a0 szem\u00e9lyesen megv\u00e1s\u00e1rolhat\u00f3ak pinc\u00e9szet\u00fcnkben 2020. febru\u00e1r 15-ig.<\/p>\n<p>Our tickets are in virtual format, so you don't have to worry about taking them! The ticket purchase is final once the ticket amount has been paid (online\/in person).<\/p>\n<p><strong>THE CONTENT OF THE TICKET:<\/strong><\/p>\n<ul>\n<li>4 fog\u00e1sos borvacsora<\/li>\n<li>\u00e9telekhez t\u00e1rs\u00edtott bork\u00f3stol\u00f3 vill\u00e1nyi borokb\u00f3l \u00e9s pr\u00e9mium gy\u00fcm\u00f6lcsborokb\u00f3l<\/li>\n<\/ul>\n<p>V\u00e1rjuk szeretettel borvacsor\u00e1nkra!<\/p>\n\n\t\t<\/div>\n\t<\/div>\n<\/div><\/div><\/div><\/div><div class=\"vc_row wpb_row vc_row-fluid\"><div class=\"wpb_column vc_column_container vc_col-sm-3\"><div class=\"vc_column-inner\"><div class=\"wpb_wrapper\"><\/div><\/div><\/div><div class=\"wpb_column vc_column_container vc_col-sm-6\"><div class=\"vc_column-inner\"><div class=\"wpb_wrapper\">\n\t<div class=\"wpb_text_column wpb_content_element vc_custom_1578063869167\" >\n\t\t<div class=\"wpb_wrapper\">\n\t\t\t<p style=\"text-align: center;\"><a href=\"https:\/\/mokos.hu\/en\/rooms\/belepojegy-teluzo-borvacsora-mokos-gasztrokaland\/\"><span style=\"color: #ffffff;\">Tov\u00e1bb a jegyv\u00e1s\u00e1rl\u00e1shoz!<\/span><\/a><\/p>\n\n\t\t<\/div>\n\t<\/div>\n<\/div><\/div><\/div><div class=\"wpb_column vc_column_container vc_col-sm-3\"><div class=\"vc_column-inner\"><div class=\"wpb_wrapper\"><\/div><\/div><\/div><\/div><div class=\"vc_row wpb_row vc_row-fluid\"><div class=\"wpb_column vc_column_container vc_col-sm-12\"><div class=\"vc_column-inner\"><div class=\"wpb_wrapper\"><div class=\"vc_separator wpb_content_element vc_separator_align_center vc_sep_width_100 vc_sep_pos_align_center vc_separator_no_text vc_sep_color_grey wpb_content_element  wpb_content_element\" ><span class=\"vc_sep_holder vc_sep_holder_l\"><span class=\"vc_sep_line\"><\/span><\/span><span class=\"vc_sep_holder vc_sep_holder_r\"><span class=\"vc_sep_line\"><\/span><\/span>\n<\/div>\n\t<div class=\"wpb_text_column wpb_content_element\" >\n\t\t<div class=\"wpb_wrapper\">\n\t\t\t<h3><strong>T\u00e9l\u0171z\u0151 Bus\u00f3j\u00e1r\u00e1s sz\u00e1ll\u00e1s csomagaj\u00e1nlat &#8211; 2020.02.21-23.<\/strong><\/h3>\n<h4><span style=\"color: #b0ae6a;\">\u0170zze el a telet a h\u00edres moh\u00e1csi BUS\u00d3J\u00c1R\u00c1S forgatag\u00e1nak \u00e9s a vill\u00e1nyi borvid\u00e9k v\u00f6r\u00f6sborainak k\u00eds\u00e9ret\u00e9ben! <\/span><\/h4>\n<p>V\u00e1lassza T\u00e9l\u0171z\u0151 Bus\u00f3j\u00e1r\u00e1s Csomagaj\u00e1nlat \u00f6ssze\u00e1ll\u00edt\u00e1sunk \u00e9s legyen r\u00e9szese a hungarikumnak sz\u00e1m\u00edt\u00f3 \u00e9s az UNESCO \u00e1ltal kultur\u00e1lis \u00f6r\u00f6ks\u00e9gg\u00e9 nyilv\u00e1n\u00edtott <strong>Moh\u00e1csi Bus\u00f3j\u00e1r\u00e1s<\/strong>nak: Tal\u00e1lkozzon szem\u00e9lyesen a bus\u00f3kkal \u00e9s b\u00facs\u00faztassa a telet sz\u00ednes farsangi forgataggal, az utaz\u00e1s miatt pedig nem kell agg\u00f3dni, hiszen <strong>Moh\u00e1cs \u00e9s Palkonya k\u00f6z\u00f6tt oda-vissza\u00fatra transzfer buszj\u00e1rat<\/strong>ot biztos\u00edtunk \u00d6nnek, \u00edgy nem kell lemondani a l\u00e9lekmeleg\u00edt\u0151 forralt borr\u00f3l sem, este pedig koccintson a tavasz k\u00f6zeledt\u00e9re egy poh\u00e1r v\u00f6r\u00f6sborral <strong>T\u00e9l\u0171z\u0151 Borvacsor\u00e1n<\/strong>k sor\u00e1n, a Vill\u00e1nyi borvid\u00e9k \u00f6lel\u00e9s\u00e9ben, a Mokos Pinc\u00e9szetben, ahol \u00ednyenc fog\u00e1sokkal v\u00e1rjuk vend\u00e9geinket!<\/p>\n<h4>BUS\u00d3J\u00c1R\u00c1S CSOMAGaj\u00e1nlat TARTALMA:<\/h4>\n<ul>\n<li><strong>Sz\u00e1ll\u00e1s 2 \u00e9jszak\u00e1ra<\/strong> palkonyai vend\u00e9gh\u00e1zakban<\/li>\n<li><strong>Guided cellar visit<\/strong> a Mokos Pinc\u00e9szetben<\/li>\n<li><strong>Utaz\u00e1s a moh\u00e1csi Bus\u00f3j\u00e1r\u00e1sra<\/strong> ( oda-vissza\u00fat 1 alkalommal a szombati napon)<\/li>\n<li><strong>Half board<\/strong> az al\u00e1bbiak szerint:\n<ul>\n<li>Plenty\u00a0<strong>breakfast buffet<\/strong><\/li>\n<li><strong>Hidegt\u00e1las parasztvacsora<\/strong> a Mokos Pinc\u00e9szetben &#8211; febru\u00e1r 21. este<\/li>\n<li><a href=\"https:\/\/mokos.hu\/en\/events\/teluzo-borvacsora-mokos-pinceszet-villanyi-borok-gyumolcsbor\/\"><strong>T\u00e9l\u0171z\u0151 Borvacsora<\/strong><\/a> a Mokos Pinc\u00e9szetben &#8211; febru\u00e1r 22. 19:00<\/li>\n<\/ul>\n<\/li>\n<li>Free parking<\/li>\n<\/ul>\n<h4><strong>\u00c9rv\u00e9nyess\u00e9g: 2020.02.21-23.<\/strong><\/h4>\n<h3>Price of the package:<\/h3>\n<div>\n<div><strong>\u00a0<\/strong><\/div>\n<div>\n<table style=\"height: 93px;\" border=\"0\" width=\"463\">\n<tbody>\n<tr>\n<td style=\"text-align: center;\">Number of nights<\/td>\n<td style=\"text-align: center;\">Date<\/td>\n<td style=\"text-align: center;\">Guest house<\/td>\n<\/tr>\n<tr>\n<td style=\"text-align: center;\">2 nights<\/td>\n<td style=\"text-align: center;\">2020.02.21-23.<\/td>\n<td style=\"text-align: center;\">\u00a017.000 Ft\/F\u0151\/\u00c9j<\/td>\n<\/tr>\n<\/tbody>\n<\/table>\n<\/div>\n<\/div>\n\n\t\t<\/div>\n\t<\/div>\n\n\t<div class=\"wpb_text_column wpb_content_element\" >\n\t\t<div class=\"wpb_wrapper\">\n\t\t\t<p><strong>OPTIONAL PROGRAMMES:<\/strong><\/p>\n<ul>\n<li>Wine tours in the Vill\u00e1ny Wine Region (minimum number of participants)<\/li>\n<li>Fruit wine tasting of Mokos Winery's 100 % palkonya fruit dessert wines<\/li>\n<li>Horse-drawn carriage rides (subject to minimum number of participants and weather permitting)<\/li>\n<li>Adventurous Team Building Games<\/li>\n<\/ul>\n<p><strong>MORE ATTRACTIONS AND ACTIVITIES IN THE VILL\u00c1NY WINE REGION:<\/strong><\/p>\n<ul>\n<li>Relax in the adventure pools of the Sikl\u00f3s Spa or the Hark\u00e1ny Spa!<\/li>\n<li>Take a trip to the renovated Sikl\u00f3s Castle, the scene of the \"Captain Tenkes\"!<\/li>\n<li>Visit the pilgrimage church of M\u00e1riagy\u0171d (2 km from Sikl\u00f3s) and don't forget to stop by the Czukorbors\u00f3 S\u00fctiz\u0151 (Sugar Pea Baking)!<\/li>\n<li>Admire the panoramic view of the wine region from the Templom hill or the chapel of St. Bartholomew in Palkonya!<\/li>\n<li>Visit the statue park in Nagyhars\u00e1ny!<\/li>\n<\/ul>\n<p><strong>Foglal\u00e1s \u00e9s r\u00e9szletek el\u00e9rhet\u0151s\u00e9geinken:<\/strong><\/p>\n<p><strong>Mokos Winery<\/strong><br \/>\n7771, Palkonya, Hegyalja \u00fat 1.<\/p>\n<p><strong>Dalma Menr\u00e1th<\/strong><br \/>\nPhone: +36 70 509 87 79<br \/>\nE-mail:\u00a0\u00a0<a href=\"mailto:szervezes@mokos.hu\">szervezes@mokos.hu<\/a><\/p>\n\n\t\t<\/div>\n\t<\/div>\n<div class=\"vc_row wpb_row vc_inner vc_row-fluid\"><div class=\"wpb_column vc_column_container vc_col-sm-12\"><div class=\"vc_column-inner\"><div class=\"wpb_wrapper\">\n\t<div class=\"wpb_text_column wpb_content_element\" >\n\t\t<div class=\"wpb_wrapper\">\n\t\t\t<h3>DON'T WANT TO MISS OUT ON MORE NEWS?<\/h3>\n<p>Follow the Mokos Winery community pages or subscribe to our newsletter!<\/p>\n\n\t\t<\/div>\n\t<\/div>\n<div class=\"vc_empty_space\"   style=\"height: 32px\"><span class=\"vc_empty_space_inner\"><\/span><\/div><\/div><\/div><\/div><\/div><div class=\"vc_row wpb_row vc_inner vc_row-fluid\"><div class=\"wpb_column vc_column_container vc_col-sm-2\"><div class=\"vc_column-inner\"><div class=\"wpb_wrapper\"><\/div><\/div><\/div><div class=\"wpb_column vc_column_container vc_col-sm-2\"><div class=\"vc_column-inner\"><div class=\"wpb_wrapper\">\n\t<div  class=\"wpb_single_image wpb_content_element vc_align_left wpb_content_element\">\n\t\t\n\t\t<figure class=\"wpb_wrapper vc_figure\">\n\t\t\t<a href=\"https:\/\/www.facebook.com\/mokospince\" target=\"_blank\" class=\"vc_single_image-wrapper   vc_box_border_grey\"><img loading=\"lazy\" decoding=\"async\" class=\"vc_single_image-img\" src=\"https:\/\/mokos.hu\/wp-content\/uploads\/2019\/01\/mokos_facebook-e1600696135352-50x50.png\" width=\"50\" height=\"50\" alt=\"mokos_facebook\" title=\"\" \/><\/a>\n\t\t<\/figure>\n\t<\/div>\n<\/div><\/div><\/div><div class=\"wpb_column vc_column_container vc_col-sm-2\"><div class=\"vc_column-inner\"><div class=\"wpb_wrapper\">\n\t<div  class=\"wpb_single_image wpb_content_element vc_align_left wpb_content_element\">\n\t\t\n\t\t<figure class=\"wpb_wrapper vc_figure\">\n\t\t\t<a href=\"https:\/\/www.instagram.com\/mokospinceszet\/\" target=\"_blank\" class=\"vc_single_image-wrapper   vc_box_border_grey\"><img loading=\"lazy\" decoding=\"async\" class=\"vc_single_image-img\" src=\"https:\/\/mokos.hu\/wp-content\/uploads\/2019\/01\/mokos_instagram-e1600696068735-50x50.png\" width=\"50\" height=\"50\" alt=\"mokos_instagram\" title=\"\" \/><\/a>\n\t\t<\/figure>\n\t<\/div>\n<\/div><\/div><\/div><div class=\"wpb_column vc_column_container vc_col-sm-2\"><div class=\"vc_column-inner\"><div class=\"wpb_wrapper\">\n\t<div  class=\"wpb_single_image wpb_content_element vc_align_left wpb_content_element\">\n\t\t\n\t\t<figure class=\"wpb_wrapper vc_figure\">\n\t\t\t<a href=\"https:\/\/hu.pinterest.com\/mokospinceszet\/\" target=\"_blank\" class=\"vc_single_image-wrapper   vc_box_border_grey\"><img loading=\"lazy\" decoding=\"async\" class=\"vc_single_image-img\" src=\"https:\/\/mokos.hu\/wp-content\/uploads\/2019\/01\/mokos_pinterest-e1600695890939-50x50.png\" width=\"50\" height=\"50\" alt=\"mokos_pinterest\" title=\"\" \/><\/a>\n\t\t<\/figure>\n\t<\/div>\n<\/div><\/div><\/div><div class=\"wpb_column vc_column_container vc_col-sm-2\"><div class=\"vc_column-inner\"><div class=\"wpb_wrapper\">\n\t<div  class=\"wpb_single_image wpb_content_element vc_align_left wpb_content_element\">\n\t\t\n\t\t<figure class=\"wpb_wrapper vc_figure\">\n\t\t\t<a href=\"https:\/\/www.youtube.com\/channel\/UC09HlsfPpQgSmHoM68pXEgg\" target=\"_blank\" class=\"vc_single_image-wrapper   vc_box_border_grey\"><img loading=\"lazy\" decoding=\"async\" class=\"vc_single_image-img\" src=\"https:\/\/mokos.hu\/wp-content\/uploads\/2019\/01\/mokos_youtube-e1600695793262-50x50.png\" width=\"50\" height=\"50\" alt=\"mokos_youtube\" title=\"\" \/><\/a>\n\t\t<\/figure>\n\t<\/div>\n<\/div><\/div><\/div><div class=\"wpb_column vc_column_container vc_col-sm-2\"><div class=\"vc_column-inner\"><div class=\"wpb_wrapper\"><\/div><\/div><\/div><\/div><\/div><\/div><\/div><\/div>\n<\/div>","protected":false},"excerpt":{"rendered":"T\u00e9l\u0171z\u0151 Borvacsora- 2020. 02. 22. Legyen r\u00e9szese egy igazi t\u00e9l\u0171z\u0151 gasztrokalandnak a Vill\u00e1nyi borvid\u00e9ken! K\u00f3stolja meg n\u00e9gy fog\u00e1sb\u00f3l \u00e1ll\u00f3 borvacsora men\u00fcsorunkat \u00e9s engedje, hogy pohar\u00e1ba t\u00f6lts\u00fck a borvid\u00e9k zamatait T\u00e9l\u0171z\u0151&hellip;","protected":false},"author":6,"featured_media":8656,"parent":0,"menu_order":2,"comment_status":"closed","ping_status":"closed","template":"","meta":{"_acf_changed":false,"footnotes":""},"class_list":["post-8650","page","type-page","status-publish","has-post-thumbnail","hentry"],"acf":[],"yoast_head":"<!-- This site is optimized with the Yoast SEO plugin v27.1.1 - https:\/\/yoast.com\/product\/yoast-seo-wordpress\/ -->\n<title>T\u00e9l\u0171z\u0151 Borvacsora - Mokos Pinc\u00e9szet - Vill\u00e1nyi borok \u00e9s Gy\u00fcm\u00f6lcsborok |<\/title>\n<meta name=\"description\" content=\"T\u00e9lb\u00facs\u00faztat\u00e1s \u00ednyenc fog\u00e1sok, vill\u00e1nyi borok \u00e9s gy\u00fcm\u00f6lcsborok t\u00e1rsas\u00e1g\u00e1ban: gasztrokaland a Mokos Pinc\u00e9szet T\u00e9l\u0171z\u0151 Borvacsora estj\u00e9n.\" \/>\n<meta name=\"robots\" content=\"index, follow, max-snippet:-1, max-image-preview:large, max-video-preview:-1\" \/>\n<link rel=\"canonical\" href=\"https:\/\/mokos.hu\/en\/teluzo-borvacsora-mokos-pinceszet-villanyi-borok-gyumolcsborok\/\" \/>\n<meta property=\"og:locale\" content=\"en_US\" \/>\n<meta property=\"og:type\" content=\"article\" \/>\n<meta property=\"og:title\" content=\"T\u00e9l\u0171z\u0151 Borvacsora a Mokos Pinc\u00e9szetben\" \/>\n<meta property=\"og:description\" content=\"Legyen r\u00e9szese egy igazi t\u00e9l\u0171z\u0151 gasztrokalandnak a Vill\u00e1nyi borvid\u00e9ken!\" \/>\n<meta property=\"og:url\" content=\"https:\/\/mokos.hu\/en\/teluzo-borvacsora-mokos-pinceszet-villanyi-borok-gyumolcsborok\/\" \/>\n<meta property=\"og:site_name\" content=\"MOKOS\" \/>\n<meta property=\"article:modified_time\" content=\"2025-01-21T12:25:15+00:00\" \/>\n<meta property=\"og:image\" content=\"https:\/\/mokos.hu\/wp-content\/uploads\/2020\/01\/COV_EVENT_Teluzo_Borvacsora_Mokos_Pinceszet-e1600687478384.jpg\" \/>\n\t<meta property=\"og:image:width\" content=\"1200\" \/>\n\t<meta property=\"og:image:height\" content=\"680\" \/>\n\t<meta property=\"og:image:type\" content=\"image\/jpeg\" \/>\n<meta name=\"twitter:card\" content=\"summary_large_image\" \/>\n<meta name=\"twitter:label1\" content=\"Est. reading time\" \/>\n\t<meta name=\"twitter:data1\" content=\"5 minutes\" \/>\n<script type=\"application\/ld+json\" class=\"yoast-schema-graph\">{\"@context\":\"https:\/\/schema.org\",\"@graph\":[{\"@type\":\"WebPage\",\"@id\":\"https:\/\/mokos.hu\/teluzo-borvacsora-mokos-pinceszet-villanyi-borok-gyumolcsborok\/\",\"url\":\"https:\/\/mokos.hu\/teluzo-borvacsora-mokos-pinceszet-villanyi-borok-gyumolcsborok\/\",\"name\":\"T\u00e9l\u0171z\u0151 Borvacsora - Mokos Pinc\u00e9szet - Vill\u00e1nyi borok \u00e9s Gy\u00fcm\u00f6lcsborok |\",\"isPartOf\":{\"@id\":\"https:\/\/mokos.hu\/#website\"},\"primaryImageOfPage\":{\"@id\":\"https:\/\/mokos.hu\/teluzo-borvacsora-mokos-pinceszet-villanyi-borok-gyumolcsborok\/#primaryimage\"},\"image\":{\"@id\":\"https:\/\/mokos.hu\/teluzo-borvacsora-mokos-pinceszet-villanyi-borok-gyumolcsborok\/#primaryimage\"},\"thumbnailUrl\":\"https:\/\/mokos.hu\/wp-content\/uploads\/2020\/01\/COV_EVENT_Teluzo_Borvacsora_Mokos_Pinceszet-e1600687478384.jpg\",\"datePublished\":\"2020-01-03T12:07:32+00:00\",\"dateModified\":\"2025-01-21T12:25:15+00:00\",\"description\":\"T\u00e9lb\u00facs\u00faztat\u00e1s \u00ednyenc fog\u00e1sok, vill\u00e1nyi borok \u00e9s gy\u00fcm\u00f6lcsborok t\u00e1rsas\u00e1g\u00e1ban: gasztrokaland a Mokos Pinc\u00e9szet T\u00e9l\u0171z\u0151 Borvacsora estj\u00e9n.\",\"breadcrumb\":{\"@id\":\"https:\/\/mokos.hu\/teluzo-borvacsora-mokos-pinceszet-villanyi-borok-gyumolcsborok\/#breadcrumb\"},\"inLanguage\":\"en-US\",\"potentialAction\":[{\"@type\":\"ReadAction\",\"target\":[\"https:\/\/mokos.hu\/teluzo-borvacsora-mokos-pinceszet-villanyi-borok-gyumolcsborok\/\"]}]},{\"@type\":\"ImageObject\",\"inLanguage\":\"en-US\",\"@id\":\"https:\/\/mokos.hu\/teluzo-borvacsora-mokos-pinceszet-villanyi-borok-gyumolcsborok\/#primaryimage\",\"url\":\"https:\/\/mokos.hu\/wp-content\/uploads\/2020\/01\/COV_EVENT_Teluzo_Borvacsora_Mokos_Pinceszet-e1600687478384.jpg\",\"contentUrl\":\"https:\/\/mokos.hu\/wp-content\/uploads\/2020\/01\/COV_EVENT_Teluzo_Borvacsora_Mokos_Pinceszet-e1600687478384.jpg\",\"width\":1200,\"height\":680,\"caption\":\"Teluzo_Borvacsora_Mokos_Pinceszet\"},{\"@type\":\"BreadcrumbList\",\"@id\":\"https:\/\/mokos.hu\/teluzo-borvacsora-mokos-pinceszet-villanyi-borok-gyumolcsborok\/#breadcrumb\",\"itemListElement\":[{\"@type\":\"ListItem\",\"position\":1,\"name\":\"Home\",\"item\":\"https:\/\/mokos.hu\/\"},{\"@type\":\"ListItem\",\"position\":2,\"name\":\"T\u00e9l\u0171z\u0151 Borvacsora\"}]},{\"@type\":\"WebSite\",\"@id\":\"https:\/\/mokos.hu\/#website\",\"url\":\"https:\/\/mokos.hu\/\",\"name\":\"MOKOS\",\"description\":\"Csal\u00e1di Pinc\u00e9szet, Palkonya\",\"publisher\":{\"@id\":\"https:\/\/mokos.hu\/#organization\"},\"potentialAction\":[{\"@type\":\"SearchAction\",\"target\":{\"@type\":\"EntryPoint\",\"urlTemplate\":\"https:\/\/mokos.hu\/?s={search_term_string}\"},\"query-input\":{\"@type\":\"PropertyValueSpecification\",\"valueRequired\":true,\"valueName\":\"search_term_string\"}}],\"inLanguage\":\"en-US\"},{\"@type\":\"Organization\",\"@id\":\"https:\/\/mokos.hu\/#organization\",\"name\":\"MOKOS\",\"url\":\"https:\/\/mokos.hu\/\",\"logo\":{\"@type\":\"ImageObject\",\"inLanguage\":\"en-US\",\"@id\":\"https:\/\/mokos.hu\/#\/schema\/logo\/image\/\",\"url\":\"https:\/\/mokos.hu\/wp-content\/uploads\/2018\/11\/cropped-Mokos_Villanyi-Borvidek-Palkonya-1.png\",\"contentUrl\":\"https:\/\/mokos.hu\/wp-content\/uploads\/2018\/11\/cropped-Mokos_Villanyi-Borvidek-Palkonya-1.png\",\"width\":1000,\"height\":245,\"caption\":\"MOKOS\"},\"image\":{\"@id\":\"https:\/\/mokos.hu\/#\/schema\/logo\/image\/\"}}]}<\/script>\n<!-- \/ Yoast SEO plugin. -->","yoast_head_json":{"title":"T\u00e9l\u0171z\u0151 Borvacsora - Mokos Pinc\u00e9szet - Vill\u00e1nyi borok \u00e9s Gy\u00fcm\u00f6lcsborok |","description":"T\u00e9lb\u00facs\u00faztat\u00e1s \u00ednyenc fog\u00e1sok, vill\u00e1nyi borok \u00e9s gy\u00fcm\u00f6lcsborok t\u00e1rsas\u00e1g\u00e1ban: gasztrokaland a Mokos Pinc\u00e9szet T\u00e9l\u0171z\u0151 Borvacsora estj\u00e9n.","robots":{"index":"index","follow":"follow","max-snippet":"max-snippet:-1","max-image-preview":"max-image-preview:large","max-video-preview":"max-video-preview:-1"},"canonical":"https:\/\/mokos.hu\/en\/teluzo-borvacsora-mokos-pinceszet-villanyi-borok-gyumolcsborok\/","og_locale":"en_US","og_type":"article","og_title":"T\u00e9l\u0171z\u0151 Borvacsora a Mokos Pinc\u00e9szetben","og_description":"Legyen r\u00e9szese egy igazi t\u00e9l\u0171z\u0151 gasztrokalandnak a Vill\u00e1nyi borvid\u00e9ken!","og_url":"https:\/\/mokos.hu\/en\/teluzo-borvacsora-mokos-pinceszet-villanyi-borok-gyumolcsborok\/","og_site_name":"MOKOS","article_modified_time":"2025-01-21T12:25:15+00:00","og_image":[{"width":1200,"height":680,"url":"https:\/\/mokos.hu\/wp-content\/uploads\/2020\/01\/COV_EVENT_Teluzo_Borvacsora_Mokos_Pinceszet-e1600687478384.jpg","type":"image\/jpeg"}],"twitter_card":"summary_large_image","twitter_misc":{"Est. reading time":"5 minutes"},"schema":{"@context":"https:\/\/schema.org","@graph":[{"@type":"WebPage","@id":"https:\/\/mokos.hu\/teluzo-borvacsora-mokos-pinceszet-villanyi-borok-gyumolcsborok\/","url":"https:\/\/mokos.hu\/teluzo-borvacsora-mokos-pinceszet-villanyi-borok-gyumolcsborok\/","name":"T\u00e9l\u0171z\u0151 Borvacsora - Mokos Pinc\u00e9szet - Vill\u00e1nyi borok \u00e9s Gy\u00fcm\u00f6lcsborok |","isPartOf":{"@id":"https:\/\/mokos.hu\/#website"},"primaryImageOfPage":{"@id":"https:\/\/mokos.hu\/teluzo-borvacsora-mokos-pinceszet-villanyi-borok-gyumolcsborok\/#primaryimage"},"image":{"@id":"https:\/\/mokos.hu\/teluzo-borvacsora-mokos-pinceszet-villanyi-borok-gyumolcsborok\/#primaryimage"},"thumbnailUrl":"https:\/\/mokos.hu\/wp-content\/uploads\/2020\/01\/COV_EVENT_Teluzo_Borvacsora_Mokos_Pinceszet-e1600687478384.jpg","datePublished":"2020-01-03T12:07:32+00:00","dateModified":"2025-01-21T12:25:15+00:00","description":"T\u00e9lb\u00facs\u00faztat\u00e1s \u00ednyenc fog\u00e1sok, vill\u00e1nyi borok \u00e9s gy\u00fcm\u00f6lcsborok t\u00e1rsas\u00e1g\u00e1ban: gasztrokaland a Mokos Pinc\u00e9szet T\u00e9l\u0171z\u0151 Borvacsora estj\u00e9n.","breadcrumb":{"@id":"https:\/\/mokos.hu\/teluzo-borvacsora-mokos-pinceszet-villanyi-borok-gyumolcsborok\/#breadcrumb"},"inLanguage":"en-US","potentialAction":[{"@type":"ReadAction","target":["https:\/\/mokos.hu\/teluzo-borvacsora-mokos-pinceszet-villanyi-borok-gyumolcsborok\/"]}]},{"@type":"ImageObject","inLanguage":"en-US","@id":"https:\/\/mokos.hu\/teluzo-borvacsora-mokos-pinceszet-villanyi-borok-gyumolcsborok\/#primaryimage","url":"https:\/\/mokos.hu\/wp-content\/uploads\/2020\/01\/COV_EVENT_Teluzo_Borvacsora_Mokos_Pinceszet-e1600687478384.jpg","contentUrl":"https:\/\/mokos.hu\/wp-content\/uploads\/2020\/01\/COV_EVENT_Teluzo_Borvacsora_Mokos_Pinceszet-e1600687478384.jpg","width":1200,"height":680,"caption":"Teluzo_Borvacsora_Mokos_Pinceszet"},{"@type":"BreadcrumbList","@id":"https:\/\/mokos.hu\/teluzo-borvacsora-mokos-pinceszet-villanyi-borok-gyumolcsborok\/#breadcrumb","itemListElement":[{"@type":"ListItem","position":1,"name":"Home","item":"https:\/\/mokos.hu\/"},{"@type":"ListItem","position":2,"name":"T\u00e9l\u0171z\u0151 Borvacsora"}]},{"@type":"WebSite","@id":"https:\/\/mokos.hu\/#website","url":"https:\/\/mokos.hu\/","name":"MOKOS","description":"Family Winery, Palkonya","publisher":{"@id":"https:\/\/mokos.hu\/#organization"},"potentialAction":[{"@type":"SearchAction","target":{"@type":"EntryPoint","urlTemplate":"https:\/\/mokos.hu\/?s={search_term_string}"},"query-input":{"@type":"PropertyValueSpecification","valueRequired":true,"valueName":"search_term_string"}}],"inLanguage":"en-US"},{"@type":"Organization","@id":"https:\/\/mokos.hu\/#organization","name":"MOKOS","url":"https:\/\/mokos.hu\/","logo":{"@type":"ImageObject","inLanguage":"en-US","@id":"https:\/\/mokos.hu\/#\/schema\/logo\/image\/","url":"https:\/\/mokos.hu\/wp-content\/uploads\/2018\/11\/cropped-Mokos_Villanyi-Borvidek-Palkonya-1.png","contentUrl":"https:\/\/mokos.hu\/wp-content\/uploads\/2018\/11\/cropped-Mokos_Villanyi-Borvidek-Palkonya-1.png","width":1000,"height":245,"caption":"MOKOS"},"image":{"@id":"https:\/\/mokos.hu\/#\/schema\/logo\/image\/"}}]}},"_links":{"self":[{"href":"https:\/\/mokos.hu\/en\/wp-json\/wp\/v2\/pages\/8650","targetHints":{"allow":["GET"]}}],"collection":[{"href":"https:\/\/mokos.hu\/en\/wp-json\/wp\/v2\/pages"}],"about":[{"href":"https:\/\/mokos.hu\/en\/wp-json\/wp\/v2\/types\/page"}],"author":[{"embeddable":true,"href":"https:\/\/mokos.hu\/en\/wp-json\/wp\/v2\/users\/6"}],"replies":[{"embeddable":true,"href":"https:\/\/mokos.hu\/en\/wp-json\/wp\/v2\/comments?post=8650"}],"version-history":[{"count":0,"href":"https:\/\/mokos.hu\/en\/wp-json\/wp\/v2\/pages\/8650\/revisions"}],"wp:featuredmedia":[{"embeddable":true,"href":"https:\/\/mokos.hu\/en\/wp-json\/wp\/v2\/media\/8656"}],"wp:attachment":[{"href":"https:\/\/mokos.hu\/en\/wp-json\/wp\/v2\/media?parent=8650"}],"curies":[{"name":"wp","href":"https:\/\/api.w.org\/{rel}","templated":true}]}}