{"id":85,"date":"2016-02-16T08:56:51","date_gmt":"2016-02-16T07:56:51","guid":{"rendered":"http:\/\/dev.vinolin.hu\/?page_id=85"},"modified":"2025-03-22T13:07:47","modified_gmt":"2025-03-22T11:07:47","slug":"gallery-2","status":"publish","type":"page","link":"https:\/\/mokos.hu\/en\/galeria\/","title":{"rendered":"Gallery"},"content":{"rendered":"<div class=\"wpb-content-wrapper\"><div class=\"vc_row wpb_row vc_row-fluid\"><div class=\"wpb_column vc_column_container vc_col-sm-6\"><div class=\"vc_column-inner\"><div class=\"wpb_wrapper\">\n\t<div  class=\"wpb_single_image wpb_content_element vc_align_center wpb_content_element wpb_animate_when_almost_visible wpb_bottom-to-top bottom-to-top  gallery-images\">\n\t\t\n\t\t<figure class=\"wpb_wrapper vc_figure\">\n\t\t\t<a href=\"https:\/\/mokos.hu\/en\/gallery-2\/pinceszet\/\" target=\"_self\" class=\"vc_single_image-wrapper vc_box_shadow_border  vc_box_border_grey\"><img loading=\"lazy\" decoding=\"async\" class=\"vc_single_image-img\" src=\"https:\/\/mokos.hu\/wp-content\/uploads\/2025\/03\/MOKOS_Pinceszet_Gravitaciosboraszat-1-scaled-e1742563759939-600x280.jpg\" width=\"600\" height=\"280\" alt=\"MOKOS_Pinceszet_Gravitaciosboraszat (1)\" title=\"MOKOS_Pinceszet_Gravitaciosboraszat (1)\" \/><\/a>\n\t\t<\/figure>\n\t<\/div>\n\n\t<div class=\"wpb_text_column wpb_content_element wpb_animate_when_almost_visible wpb_bottom-to-top bottom-to-top\" >\n\t\t<div class=\"wpb_wrapper\">\n\t\t\t<h2 style=\"text-align: center; font-size: 20px;\"><a href=\"https:\/\/mokos.hu\/en\/gallery-2\/pinceszet\/\"><strong>Mokos Winery and Family Estate<\/strong><\/a><\/h2>\n\n\t\t<\/div>\n\t<\/div>\n<div class=\"vc_empty_space\"   style=\"height: 32px\"><span class=\"vc_empty_space_inner\"><\/span><\/div>\n\t<div  class=\"wpb_single_image wpb_content_element vc_align_center wpb_content_element wpb_animate_when_almost_visible wpb_bottom-to-top bottom-to-top  gallery-images\">\n\t\t\n\t\t<figure class=\"wpb_wrapper vc_figure\">\n\t\t\t<a href=\"https:\/\/mokos.hu\/en\/gallery-2\/szallas_hands-on\/\" target=\"_self\" class=\"vc_single_image-wrapper vc_box_shadow_border  vc_box_border_grey\"><img loading=\"lazy\" decoding=\"async\" class=\"vc_single_image-img\" src=\"https:\/\/mokos.hu\/wp-content\/uploads\/2024\/02\/Mokos_Pinceszet_szallas_G-600x280.jpg\" width=\"600\" height=\"280\" alt=\"Mokos_Pinceszet_szallas_hotel_cabernet_villanyi_borderlands_villanykovesd\" title=\"Mokos_Pinceszet_szallas_hotel_cabernet_villanyi_borderlands_villanykovesd\" \/><\/a>\n\t\t<\/figure>\n\t<\/div>\n\n\t<div class=\"wpb_text_column wpb_content_element wpb_animate_when_almost_visible wpb_bottom-to-top bottom-to-top\" >\n\t\t<div class=\"wpb_wrapper\">\n\t\t\t<h2 style=\"text-align: center; font-size: 20px;\"><a href=\"https:\/\/mokos.hu\/en\/gallery-2\/szallas_hands-on\/\"><strong>Accommodation and restaurant<\/strong><\/a><\/h2>\n\n\t\t<\/div>\n\t<\/div>\n<\/div><\/div><\/div><div class=\"wpb_column vc_column_container vc_col-sm-6\"><div class=\"vc_column-inner\"><div class=\"wpb_wrapper\">\n\t<div  class=\"wpb_single_image wpb_content_element vc_align_center wpb_content_element wpb_animate_when_almost_visible wpb_bottom-to-top bottom-to-top  gallery-images\">\n\t\t\n\t\t<figure class=\"wpb_wrapper vc_figure\">\n\t\t\t<a href=\"https:\/\/mokos.hu\/en\/gallery-2\/pods_in_the_villany_borderlands\/\" target=\"_self\" class=\"vc_single_image-wrapper vc_box_shadow_border  vc_box_border_grey\"><img loading=\"lazy\" decoding=\"async\" class=\"vc_single_image-img\" src=\"https:\/\/mokos.hu\/wp-content\/uploads\/2025\/03\/MOKOS_Pinceszet_Szolobirtok-2-scaled-600x280.jpg\" width=\"600\" height=\"280\" alt=\"MOKOS_Pinceszet_Szolobirtok (2)\" title=\"MOKOS_Pinceszet_Szolobirtok (2)\" \/><\/a>\n\t\t<\/figure>\n\t<\/div>\n\n\t<div class=\"wpb_text_column wpb_content_element wpb_animate_when_almost_visible wpb_bottom-to-top bottom-to-top\" >\n\t\t<div class=\"wpb_wrapper\">\n\t\t\t<h2 style=\"text-align: center; font-size: 20px;\"><a href=\"https:\/\/mokos.hu\/en\/gallery-2\/pods_in_the_villany_borderlands\/\"><strong>Palkonya and the Vill\u00e1ny wine region<\/strong><\/a><\/h2>\n\n\t\t<\/div>\n\t<\/div>\n<div class=\"vc_empty_space\"   style=\"height: 32px\"><span class=\"vc_empty_space_inner\"><\/span><\/div>\n\t<div  class=\"wpb_single_image wpb_content_element vc_align_center wpb_content_element wpb_animate_when_almost_visible wpb_bottom-to-top bottom-to-top  gallery-images\">\n\t\t\n\t\t<figure class=\"wpb_wrapper vc_figure\">\n\t\t\t<a href=\"https:\/\/mokos.hu\/en\/gallery-2\/escuvo\/\" target=\"_self\" class=\"vc_single_image-wrapper vc_box_shadow_border  vc_box_border_grey\"><img loading=\"lazy\" decoding=\"async\" class=\"vc_single_image-img\" src=\"https:\/\/mokos.hu\/wp-content\/uploads\/2019\/01\/Mokos_Pinceszet_eskuvo_G-1-600x280.jpg\" width=\"600\" height=\"280\" alt=\"Mokos_Pinceszet_alomeskuvo_baranya_villany_palkonya_eskuvohelyszin_dekoracio_szabadteri_toparti_eskuvo\" title=\"Mokos_Pinceszet_eskuvo_G\" \/><\/a>\n\t\t<\/figure>\n\t<\/div>\n\n\t<div class=\"wpb_text_column wpb_content_element wpb_animate_when_almost_visible wpb_bottom-to-top bottom-to-top\" >\n\t\t<div class=\"wpb_wrapper\">\n\t\t\t<h2 style=\"text-align: center; font-size: 20px;\"><strong><a href=\"https:\/\/mokos.hu\/en\/gallery-2\/escuvo\/\">Wedding venue at Mokos Winery<\/a><\/strong><\/h2>\n\n\t\t<\/div>\n\t<\/div>\n<\/div><\/div><\/div><\/div><div class=\"vc_row wpb_row vc_row-fluid\"><div class=\"wpb_column vc_column_container vc_col-sm-12\"><div class=\"vc_column-inner\"><div class=\"wpb_wrapper\"><div class=\"vc_separator wpb_content_element vc_separator_align_center vc_sep_width_100 vc_sep_pos_align_center wpb_content_element vc_separator-has-text\" ><span class=\"vc_sep_holder vc_sep_holder_l\"><span style=\"border-color:#434343;\" class=\"vc_sep_line\"><\/span><\/span><h4>RESULTS<\/h4><span class=\"vc_sep_holder vc_sep_holder_r\"><span style=\"border-color:#434343;\" class=\"vc_sep_line\"><\/span><\/span>\n<\/div><div class=\"vc_row wpb_row vc_inner vc_row-fluid\"><div class=\"wpb_column vc_column_container vc_col-sm-12\"><div class=\"vc_column-inner\"><div class=\"wpb_wrapper\"><div class=\"vc_empty_space\"   style=\"height: 32px\"><span class=\"vc_empty_space_inner\"><\/span><\/div><\/div><\/div><\/div><\/div><div class=\"vc_row wpb_row vc_inner vc_row-fluid\"><div class=\"wpb_column vc_column_container vc_col-sm-4\"><div class=\"vc_column-inner\"><div class=\"wpb_wrapper\">\n\t<div  class=\"wpb_single_image wpb_content_element vc_align_center wpb_content_element wpb_animate_when_almost_visible wpb_bottom-to-top bottom-to-top  gallery-images\">\n\t\t\n\t\t<figure class=\"wpb_wrapper vc_figure\">\n\t\t\t<a href=\"https:\/\/mokos.hu\/en\/gallery-2\/vince-day-gallery\/\" target=\"_self\" class=\"vc_single_image-wrapper vc_box_shadow_border  vc_box_border_grey\"><img fetchpriority=\"high\" decoding=\"async\" width=\"955\" height=\"444\" src=\"https:\/\/mokos.hu\/wp-content\/uploads\/2019\/01\/Mokos_Pinceszet_vince_G.jpg\" class=\"vc_single_image-img attachment-large\" alt=\"\" title=\"Mokos_Pinceszet_vince_G\" srcset=\"https:\/\/mokos.hu\/wp-content\/uploads\/2019\/01\/Mokos_Pinceszet_vince_G.jpg 955w, https:\/\/mokos.hu\/wp-content\/uploads\/2019\/01\/Mokos_Pinceszet_vince_G-300x139.jpg 300w, https:\/\/mokos.hu\/wp-content\/uploads\/2019\/01\/Mokos_Pinceszet_vince_G-600x279.jpg 600w\" sizes=\"(max-width: 955px) 100vw, 955px\" \/><\/a>\n\t\t<\/figure>\n\t<\/div>\n\n\t<div class=\"wpb_text_column wpb_content_element wpb_animate_when_almost_visible wpb_bottom-to-top bottom-to-top\" >\n\t\t<div class=\"wpb_wrapper\">\n\t\t\t<h4 style=\"text-align: center; font-size: 20px;\"><a href=\"https:\/\/mokos.hu\/en\/gallery-2\/vince-day-gallery\/\">Vince Day<\/a><\/h4>\n\n\t\t<\/div>\n\t<\/div>\n<\/div><\/div><\/div><div class=\"wpb_column vc_column_container vc_col-sm-4\"><div class=\"vc_column-inner\"><div class=\"wpb_wrapper\">\n\t<div  class=\"wpb_single_image wpb_content_element vc_align_center wpb_content_element wpb_animate_when_almost_visible wpb_bottom-to-top bottom-to-top  gallery-images\">\n\t\t\n\t\t<figure class=\"wpb_wrapper vc_figure\">\n\t\t\t<a href=\"https:\/\/mokos.hu\/en\/gallery-2\/palkonyai-punkosdi-open-cellars-gallery\/\" target=\"_self\" class=\"vc_single_image-wrapper vc_box_shadow_border  vc_box_border_grey\"><img decoding=\"async\" width=\"955\" height=\"444\" src=\"https:\/\/mokos.hu\/wp-content\/uploads\/2019\/01\/Mokos_Pinceszet_punkosdi_G.jpg\" class=\"vc_single_image-img attachment-large\" alt=\"\" title=\"Mokos_Pinceszet_punkosdi_G\" srcset=\"https:\/\/mokos.hu\/wp-content\/uploads\/2019\/01\/Mokos_Pinceszet_punkosdi_G.jpg 955w, https:\/\/mokos.hu\/wp-content\/uploads\/2019\/01\/Mokos_Pinceszet_punkosdi_G-300x139.jpg 300w, https:\/\/mokos.hu\/wp-content\/uploads\/2019\/01\/Mokos_Pinceszet_punkosdi_G-600x279.jpg 600w\" sizes=\"(max-width: 955px) 100vw, 955px\" \/><\/a>\n\t\t<\/figure>\n\t<\/div>\n\n\t<div class=\"wpb_text_column wpb_content_element wpb_animate_when_almost_visible wpb_bottom-to-top bottom-to-top\" >\n\t\t<div class=\"wpb_wrapper\">\n\t\t\t<h4 style=\"text-align: center; font-size: 20px;\"><a href=\"https:\/\/mokos.hu\/en\/gallery-2\/palkonyai-punkosdi-open-cellars-gallery\/\">Palkonya Pentecost Open Cellars<\/a><\/h4>\n\n\t\t<\/div>\n\t<\/div>\n<\/div><\/div><\/div><div class=\"wpb_column vc_column_container vc_col-sm-4\"><div class=\"vc_column-inner\"><div class=\"wpb_wrapper\">\n\t<div  class=\"wpb_single_image wpb_content_element vc_align_center wpb_content_element wpb_animate_when_almost_visible wpb_bottom-to-top bottom-to-top  gallery-images\">\n\t\t\n\t\t<figure class=\"wpb_wrapper vc_figure\">\n\t\t\t<a href=\"https:\/\/mokos.hu\/en\/gallery-2\/ordogkatlan-mokos-szinhaz-palkonya-galeria\/\" target=\"_self\" class=\"vc_single_image-wrapper vc_box_shadow_border  vc_box_border_grey\"><img decoding=\"async\" width=\"955\" height=\"444\" src=\"https:\/\/mokos.hu\/wp-content\/uploads\/2019\/01\/Mokos_Pinceszet_katlan_G.jpg\" class=\"vc_single_image-img attachment-large\" alt=\"\" title=\"Mokos_Pinceszet_katlan_G\" srcset=\"https:\/\/mokos.hu\/wp-content\/uploads\/2019\/01\/Mokos_Pinceszet_katlan_G.jpg 955w, https:\/\/mokos.hu\/wp-content\/uploads\/2019\/01\/Mokos_Pinceszet_katlan_G-300x139.jpg 300w, https:\/\/mokos.hu\/wp-content\/uploads\/2019\/01\/Mokos_Pinceszet_katlan_G-600x279.jpg 600w\" sizes=\"(max-width: 955px) 100vw, 955px\" \/><\/a>\n\t\t<\/figure>\n\t<\/div>\n\n\t<div class=\"wpb_text_column wpb_content_element wpb_animate_when_almost_visible wpb_bottom-to-top bottom-to-top\" >\n\t\t<div class=\"wpb_wrapper\">\n\t\t\t<h4 style=\"text-align: center; font-size: 20px;\"><a href=\"https:\/\/mokos.hu\/en\/gallery-2\/ordogkatlan-mokos-szinhaz-palkonya-galeria\/\">\u00d6rd\u00f6gkatlan Fesztiv\u00e1l \u2013 Mokos Sz\u00ednh\u00e1z<\/a><\/h4>\n\n\t\t<\/div>\n\t<\/div>\n<\/div><\/div><\/div><\/div><div class=\"vc_row wpb_row vc_inner vc_row-fluid\"><div class=\"wpb_column vc_column_container vc_col-sm-12\"><div class=\"vc_column-inner\"><div class=\"wpb_wrapper\"><div class=\"vc_empty_space\"   style=\"height: 45px\"><span class=\"vc_empty_space_inner\"><\/span><\/div><\/div><\/div><\/div><\/div><div class=\"vc_row wpb_row vc_inner vc_row-fluid\"><div class=\"wpb_column vc_column_container vc_col-sm-4\"><div class=\"vc_column-inner\"><div class=\"wpb_wrapper\">\n\t<div  class=\"wpb_single_image wpb_content_element vc_align_center wpb_content_element wpb_animate_when_almost_visible wpb_bottom-to-top bottom-to-top  gallery-images\">\n\t\t\n\t\t<figure class=\"wpb_wrapper vc_figure\">\n\t\t\t<a href=\"https:\/\/mokos.hu\/en\/gallery-2\/palkonyai-szureti-open-cellars-gallery\/\" target=\"_self\" class=\"vc_single_image-wrapper vc_box_shadow_border  vc_box_border_grey\"><img loading=\"lazy\" decoding=\"async\" width=\"955\" height=\"444\" src=\"https:\/\/mokos.hu\/wp-content\/uploads\/2019\/01\/Mokos_Pinceszet_szureti_G.jpg\" class=\"vc_single_image-img attachment-large\" alt=\"\" title=\"Mokos_Pinceszet_szureti_G\" srcset=\"https:\/\/mokos.hu\/wp-content\/uploads\/2019\/01\/Mokos_Pinceszet_szureti_G.jpg 955w, https:\/\/mokos.hu\/wp-content\/uploads\/2019\/01\/Mokos_Pinceszet_szureti_G-300x139.jpg 300w, https:\/\/mokos.hu\/wp-content\/uploads\/2019\/01\/Mokos_Pinceszet_szureti_G-600x279.jpg 600w\" sizes=\"(max-width: 955px) 100vw, 955px\" \/><\/a>\n\t\t<\/figure>\n\t<\/div>\n\n\t<div class=\"wpb_text_column wpb_content_element wpb_animate_when_almost_visible wpb_bottom-to-top bottom-to-top\" >\n\t\t<div class=\"wpb_wrapper\">\n\t\t\t<h4 style=\"text-align: center; font-size: 20px;\"><a href=\"https:\/\/mokos.hu\/en\/gallery-2\/palkonyai-szureti-open-cellars-gallery\/\">Harvest Open Cellars<\/a><\/h4>\n\n\t\t<\/div>\n\t<\/div>\n<\/div><\/div><\/div><div class=\"wpb_column vc_column_container vc_col-sm-4\"><div class=\"vc_column-inner\"><div class=\"wpb_wrapper\">\n\t<div  class=\"wpb_single_image wpb_content_element vc_align_center wpb_content_element wpb_animate_when_almost_visible wpb_bottom-to-top bottom-to-top  gallery-images\">\n\t\t\n\t\t<figure class=\"wpb_wrapper vc_figure\">\n\t\t\t<a href=\"https:\/\/mokos.hu\/en\/gallery-2\/martonnap-gallery\/\" target=\"_self\" class=\"vc_single_image-wrapper vc_box_shadow_border  vc_box_border_grey\"><img loading=\"lazy\" decoding=\"async\" width=\"955\" height=\"444\" src=\"https:\/\/mokos.hu\/wp-content\/uploads\/2019\/01\/Mokos_Pinceszet_marton_G.jpg\" class=\"vc_single_image-img attachment-large\" alt=\"\" title=\"Mokos_Pinceszet_marton_G\" srcset=\"https:\/\/mokos.hu\/wp-content\/uploads\/2019\/01\/Mokos_Pinceszet_marton_G.jpg 955w, https:\/\/mokos.hu\/wp-content\/uploads\/2019\/01\/Mokos_Pinceszet_marton_G-300x139.jpg 300w, https:\/\/mokos.hu\/wp-content\/uploads\/2019\/01\/Mokos_Pinceszet_marton_G-600x279.jpg 600w\" sizes=\"(max-width: 955px) 100vw, 955px\" \/><\/a>\n\t\t<\/figure>\n\t<\/div>\n\n\t<div class=\"wpb_text_column wpb_content_element wpb_animate_when_almost_visible wpb_bottom-to-top bottom-to-top\" >\n\t\t<div class=\"wpb_wrapper\">\n\t\t\t<h4 style=\"text-align: center; font-size: 20px;\"><a href=\"https:\/\/mokos.hu\/en\/gallery-2\/martonnap-gallery\/\">Martin's Day<\/a><\/h4>\n\n\t\t<\/div>\n\t<\/div>\n<\/div><\/div><\/div><div class=\"wpb_column vc_column_container vc_col-sm-4\"><div class=\"vc_column-inner\"><div class=\"wpb_wrapper\">\n\t<div  class=\"wpb_single_image wpb_content_element vc_align_center wpb_content_element wpb_animate_when_almost_visible wpb_bottom-to-top bottom-to-top  gallery-images\">\n\t\t\n\t\t<figure class=\"wpb_wrapper vc_figure\">\n\t\t\t<a href=\"https:\/\/mokos.hu\/en\/gallery-2\/new-years-eve-party-mokos-cellarszet-gallery\/\" target=\"_self\" class=\"vc_single_image-wrapper vc_box_shadow_border  vc_box_border_grey\"><img loading=\"lazy\" decoding=\"async\" width=\"955\" height=\"444\" src=\"https:\/\/mokos.hu\/wp-content\/uploads\/2019\/01\/Mokos_Pinceszet_szilveszter_G.jpg\" class=\"vc_single_image-img attachment-large\" alt=\"\" title=\"Mokos_Pinceszet_szilveszter_G\" srcset=\"https:\/\/mokos.hu\/wp-content\/uploads\/2019\/01\/Mokos_Pinceszet_szilveszter_G.jpg 955w, https:\/\/mokos.hu\/wp-content\/uploads\/2019\/01\/Mokos_Pinceszet_szilveszter_G-300x139.jpg 300w, https:\/\/mokos.hu\/wp-content\/uploads\/2019\/01\/Mokos_Pinceszet_szilveszter_G-600x279.jpg 600w\" sizes=\"(max-width: 955px) 100vw, 955px\" \/><\/a>\n\t\t<\/figure>\n\t<\/div>\n\n\t<div class=\"wpb_text_column wpb_content_element wpb_animate_when_almost_visible wpb_bottom-to-top bottom-to-top\" >\n\t\t<div class=\"wpb_wrapper\">\n\t\t\t<h4 style=\"text-align: center; font-size: 20px;\"><a href=\"https:\/\/mokos.hu\/en\/gallery-2\/new-years-eve-party-mokos-cellarszet-gallery\/\">New Year's Eve Party<\/a><\/h4>\n\n\t\t<\/div>\n\t<\/div>\n<\/div><\/div><\/div><\/div><div class=\"vc_empty_space\"   style=\"height: 45px\"><span class=\"vc_empty_space_inner\"><\/span><\/div><\/div><\/div><\/div><\/div>\n<\/div>","protected":false},"excerpt":{"rendered":"Mokos Pinc\u00e9szet \u00e9s csal\u00e1di birtok Sz\u00e1ll\u00e1s \u00e9s \u00e9tterem Palkonya \u00e9s a Vill\u00e1nyi borvid\u00e9k Esk\u00fcv\u0151helysz\u00edn a Mokos Pinc\u00e9szetben RENDEZV\u00c9NYEK Vince nap Palkonyai P\u00fcnk\u00f6sdi Nyitott Pinc\u00e9k \u00d6rd\u00f6gkatlan Fesztiv\u00e1l - Mokos Sz\u00ednh\u00e1z Sz\u00fcreti&hellip;","protected":false},"author":1,"featured_media":0,"parent":0,"menu_order":0,"comment_status":"closed","ping_status":"closed","template":"","meta":{"_acf_changed":false,"footnotes":""},"class_list":["post-85","page","type-page","status-publish","hentry"],"acf":[],"yoast_head":"<!-- This site is optimized with the Yoast SEO plugin v27.5 - https:\/\/yoast.com\/product\/yoast-seo-wordpress\/ -->\n<title>Gal\u00e9ria - MOKOS<\/title>\n<meta name=\"robots\" content=\"index, follow, max-snippet:-1, max-image-preview:large, max-video-preview:-1\" \/>\n<link rel=\"canonical\" href=\"https:\/\/mokos.hu\/en\/gallery-2\/\" \/>\n<meta property=\"og:locale\" content=\"en_US\" \/>\n<meta property=\"og:type\" content=\"article\" \/>\n<meta property=\"og:title\" content=\"Gal\u00e9ria - MOKOS\" \/>\n<meta property=\"og:url\" content=\"https:\/\/mokos.hu\/en\/gallery-2\/\" \/>\n<meta property=\"og:site_name\" content=\"MOKOS\" \/>\n<meta property=\"article:modified_time\" content=\"2025-03-22T11:07:47+00:00\" \/>\n<meta name=\"twitter:card\" content=\"summary_large_image\" \/>\n<meta name=\"twitter:label1\" content=\"Est. reading time\" \/>\n\t<meta name=\"twitter:data1\" content=\"1 minute\" \/>\n<script type=\"application\/ld+json\" class=\"yoast-schema-graph\">{\"@context\":\"https:\\\/\\\/schema.org\",\"@graph\":[{\"@type\":\"WebPage\",\"@id\":\"https:\\\/\\\/mokos.hu\\\/galeria\\\/\",\"url\":\"https:\\\/\\\/mokos.hu\\\/galeria\\\/\",\"name\":\"Gal\u00e9ria - MOKOS\",\"isPartOf\":{\"@id\":\"https:\\\/\\\/mokos.hu\\\/#website\"},\"datePublished\":\"2016-02-16T07:56:51+00:00\",\"dateModified\":\"2025-03-22T11:07:47+00:00\",\"breadcrumb\":{\"@id\":\"https:\\\/\\\/mokos.hu\\\/galeria\\\/#breadcrumb\"},\"inLanguage\":\"en-US\",\"potentialAction\":[{\"@type\":\"ReadAction\",\"target\":[\"https:\\\/\\\/mokos.hu\\\/galeria\\\/\"]}]},{\"@type\":\"BreadcrumbList\",\"@id\":\"https:\\\/\\\/mokos.hu\\\/galeria\\\/#breadcrumb\",\"itemListElement\":[{\"@type\":\"ListItem\",\"position\":1,\"name\":\"Home\",\"item\":\"https:\\\/\\\/mokos.hu\\\/\"},{\"@type\":\"ListItem\",\"position\":2,\"name\":\"Gal\u00e9ria\"}]},{\"@type\":\"WebSite\",\"@id\":\"https:\\\/\\\/mokos.hu\\\/#website\",\"url\":\"https:\\\/\\\/mokos.hu\\\/\",\"name\":\"MOKOS\",\"description\":\"Csal\u00e1di Pinc\u00e9szet, Palkonya\",\"publisher\":{\"@id\":\"https:\\\/\\\/mokos.hu\\\/#organization\"},\"potentialAction\":[{\"@type\":\"SearchAction\",\"target\":{\"@type\":\"EntryPoint\",\"urlTemplate\":\"https:\\\/\\\/mokos.hu\\\/?s={search_term_string}\"},\"query-input\":{\"@type\":\"PropertyValueSpecification\",\"valueRequired\":true,\"valueName\":\"search_term_string\"}}],\"inLanguage\":\"en-US\"},{\"@type\":\"Organization\",\"@id\":\"https:\\\/\\\/mokos.hu\\\/#organization\",\"name\":\"MOKOS\",\"url\":\"https:\\\/\\\/mokos.hu\\\/\",\"logo\":{\"@type\":\"ImageObject\",\"inLanguage\":\"en-US\",\"@id\":\"https:\\\/\\\/mokos.hu\\\/#\\\/schema\\\/logo\\\/image\\\/\",\"url\":\"https:\\\/\\\/mokos.hu\\\/wp-content\\\/uploads\\\/2018\\\/11\\\/cropped-Mokos_Villanyi-Borvidek-Palkonya-1.png\",\"contentUrl\":\"https:\\\/\\\/mokos.hu\\\/wp-content\\\/uploads\\\/2018\\\/11\\\/cropped-Mokos_Villanyi-Borvidek-Palkonya-1.png\",\"width\":1000,\"height\":245,\"caption\":\"MOKOS\"},\"image\":{\"@id\":\"https:\\\/\\\/mokos.hu\\\/#\\\/schema\\\/logo\\\/image\\\/\"}}]}<\/script>\n<!-- \/ Yoast SEO plugin. -->","yoast_head_json":{"title":"Gallery - MOKOS","robots":{"index":"index","follow":"follow","max-snippet":"max-snippet:-1","max-image-preview":"max-image-preview:large","max-video-preview":"max-video-preview:-1"},"canonical":"https:\/\/mokos.hu\/en\/gallery-2\/","og_locale":"en_US","og_type":"article","og_title":"Gal\u00e9ria - MOKOS","og_url":"https:\/\/mokos.hu\/en\/gallery-2\/","og_site_name":"MOKOS","article_modified_time":"2025-03-22T11:07:47+00:00","twitter_card":"summary_large_image","twitter_misc":{"Est. reading time":"1 minute"},"schema":{"@context":"https:\/\/schema.org","@graph":[{"@type":"WebPage","@id":"https:\/\/mokos.hu\/galeria\/","url":"https:\/\/mokos.hu\/galeria\/","name":"Gallery - MOKOS","isPartOf":{"@id":"https:\/\/mokos.hu\/#website"},"datePublished":"2016-02-16T07:56:51+00:00","dateModified":"2025-03-22T11:07:47+00:00","breadcrumb":{"@id":"https:\/\/mokos.hu\/galeria\/#breadcrumb"},"inLanguage":"en-US","potentialAction":[{"@type":"ReadAction","target":["https:\/\/mokos.hu\/galeria\/"]}]},{"@type":"BreadcrumbList","@id":"https:\/\/mokos.hu\/galeria\/#breadcrumb","itemListElement":[{"@type":"ListItem","position":1,"name":"Home","item":"https:\/\/mokos.hu\/"},{"@type":"ListItem","position":2,"name":"Gal\u00e9ria"}]},{"@type":"WebSite","@id":"https:\/\/mokos.hu\/#website","url":"https:\/\/mokos.hu\/","name":"MOKOS","description":"Family Winery, Palkonya","publisher":{"@id":"https:\/\/mokos.hu\/#organization"},"potentialAction":[{"@type":"SearchAction","target":{"@type":"EntryPoint","urlTemplate":"https:\/\/mokos.hu\/?s={search_term_string}"},"query-input":{"@type":"PropertyValueSpecification","valueRequired":true,"valueName":"search_term_string"}}],"inLanguage":"en-US"},{"@type":"Organization","@id":"https:\/\/mokos.hu\/#organization","name":"MOKOS","url":"https:\/\/mokos.hu\/","logo":{"@type":"ImageObject","inLanguage":"en-US","@id":"https:\/\/mokos.hu\/#\/schema\/logo\/image\/","url":"https:\/\/mokos.hu\/wp-content\/uploads\/2018\/11\/cropped-Mokos_Villanyi-Borvidek-Palkonya-1.png","contentUrl":"https:\/\/mokos.hu\/wp-content\/uploads\/2018\/11\/cropped-Mokos_Villanyi-Borvidek-Palkonya-1.png","width":1000,"height":245,"caption":"MOKOS"},"image":{"@id":"https:\/\/mokos.hu\/#\/schema\/logo\/image\/"}}]}},"_links":{"self":[{"href":"https:\/\/mokos.hu\/en\/wp-json\/wp\/v2\/pages\/85","targetHints":{"allow":["GET"]}}],"collection":[{"href":"https:\/\/mokos.hu\/en\/wp-json\/wp\/v2\/pages"}],"about":[{"href":"https:\/\/mokos.hu\/en\/wp-json\/wp\/v2\/types\/page"}],"author":[{"embeddable":true,"href":"https:\/\/mokos.hu\/en\/wp-json\/wp\/v2\/users\/1"}],"replies":[{"embeddable":true,"href":"https:\/\/mokos.hu\/en\/wp-json\/wp\/v2\/comments?post=85"}],"version-history":[{"count":0,"href":"https:\/\/mokos.hu\/en\/wp-json\/wp\/v2\/pages\/85\/revisions"}],"wp:attachment":[{"href":"https:\/\/mokos.hu\/en\/wp-json\/wp\/v2\/media?parent=85"}],"curies":[{"name":"wp","href":"https:\/\/api.w.org\/{rel}","templated":true}]}}