{"id":7251,"date":"2019-04-10T17:01:11","date_gmt":"2019-04-10T16:01:11","guid":{"rendered":"http:\/\/dev.vinolin.hu\/?page_id=7251\/"},"modified":"2025-03-28T10:55:42","modified_gmt":"2025-03-28T08:55:42","slug":"saloon-and-dining-room","status":"publish","type":"page","link":"https:\/\/mokos.hu\/en\/szallas-es-etterem\/","title":{"rendered":"Accommodation and Restaurant"},"content":{"rendered":"<p><strong><img fetchpriority=\"high\" decoding=\"async\" class=\"aligncenter wp-image-11426 size-full\" src=\"https:\/\/mokos.hu\/wp-content\/uploads\/2021\/01\/Mokos_Pinceszet_programok_villanyi_borvidek_palkonya_2000x645_1.jpg\" alt=\"\" width=\"2000\" height=\"645\" srcset=\"https:\/\/mokos.hu\/wp-content\/uploads\/2021\/01\/Mokos_Pinceszet_programok_villanyi_borvidek_palkonya_2000x645_1.jpg 2000w, https:\/\/mokos.hu\/wp-content\/uploads\/2021\/01\/Mokos_Pinceszet_programok_villanyi_borvidek_palkonya_2000x645_1-300x97.jpg 300w, https:\/\/mokos.hu\/wp-content\/uploads\/2021\/01\/Mokos_Pinceszet_programok_villanyi_borvidek_palkonya_2000x645_1-600x194.jpg 600w, https:\/\/mokos.hu\/wp-content\/uploads\/2021\/01\/Mokos_Pinceszet_programok_villanyi_borvidek_palkonya_2000x645_1-1024x330.jpg 1024w, https:\/\/mokos.hu\/wp-content\/uploads\/2021\/01\/Mokos_Pinceszet_programok_villanyi_borvidek_palkonya_2000x645_1-1536x495.jpg 1536w\" sizes=\"(max-width: 2000px) 100vw, 2000px\" \/><\/strong><\/p>\n<h3><strong><span style=\"color: #000000;\">Accommodation options for a relaxing stay<\/span><\/strong><\/h3>\n<p>After the long events in Palkonya and Vill\u00e1nyk\u00f6vesd we can offer you accommodation to relax after a day full of experiences!<\/p>\n<h4 style=\"text-align: left;\"><strong>Guesthouses Palkonya<\/strong><\/h4>\n<p>Relaxing after a long day of digestion, taking a siesta at the end of a well-done gastronomic tour, or just enjoying the tranquillity of the village, waking up to the sound of birdsong and a long chat on the porch with a glass of wine? In the village, we offer comfortable accommodation in beautifully restored historic farmhouses or in charming guesthouses with pool courtyards. Take your pick from our selection of accommodation providers and find the perfect place for you.<\/p>\n<p><strong><em><a href=\"http:\/\/palkonya.hu\/szallas\/\" target=\"_blank\" rel=\"noopener\">Tov\u00e1bb a palkonyai vend\u00e9gh\u00e1zakhoz! >><\/a><\/em><\/strong><\/p>\n<p>\u00a0<\/p>\n<h4 style=\"text-align: left;\"><strong>Hotel Cabernet*** - Vill\u00e1nyk\u00f6vesd<\/strong><\/h4>\n<p><img decoding=\"async\" class=\"wp-image-7252 size-medium alignright\" src=\"https:\/\/mokos.hu\/wp-content\/uploads\/2019\/04\/Mokos_Pinceszet_hote-300x97.jpg\" alt=\"\" width=\"300\" height=\"97\" \/><\/p>\n<p>Our hotel, the <strong>Hotel Cabernet<\/strong> It is located just 3 km from Palkonya. The hotel has 21 double rooms and 4 triple rooms, with a capacity of 54 people, which can be extended to 80-90 people with extra beds and the surrounding high-quality guest houses. Ask for individual offers from our hotel at <a href=\"mailto:info@hotelcabernet.hu\"><strong>info@hotelcabernet.hu<\/strong><\/a> by e-mail!<\/p>\n<p><strong><em><a href=\"https:\/\/mokos.hu\/en\/hotel-cabernet\/\">Tov\u00e1bb a Hotel Cabernethez! >><\/a><\/em><\/strong><\/p>\n<h5><\/h5>\n<h4 style=\"text-align: left;\"><strong>S\u00e1rga H\u00e1z Borgerez\u0151 \u2013 Vill\u00e1nyk\u00f6vesd<\/strong><\/h4>\n<p><img decoding=\"async\" class=\"wp-image-6791 size-medium alignright\" src=\"https:\/\/mokos.hu\/wp-content\/uploads\/2019\/02\/Mokos_Pinceszet_szallas_sh_P2-300x97.jpg\" alt=\"\" width=\"300\" height=\"97\" srcset=\"https:\/\/mokos.hu\/wp-content\/uploads\/2019\/02\/Mokos_Pinceszet_szallas_sh_P2-300x97.jpg 300w, https:\/\/mokos.hu\/wp-content\/uploads\/2019\/02\/Mokos_Pinceszet_szallas_sh_P2-600x194.jpg 600w, https:\/\/mokos.hu\/wp-content\/uploads\/2019\/02\/Mokos_Pinceszet_szallas_sh_P2-1024x330.jpg 1024w, https:\/\/mokos.hu\/wp-content\/uploads\/2019\/02\/Mokos_Pinceszet_szallas_sh_P2.jpg 2000w\" sizes=\"(max-width: 300px) 100vw, 300px\" \/><\/p>\n<p><strong>Looking for a special taste? Want to try a truly heavenly snack? The best burgers and grills in the wine region await you at the Yellow House Burgers and Grill Bistro! <\/strong>Our irresistible hamburger made with local ingredients paired with a Vill\u00e1ny Mokos wine or a delicious 100% Mokos juice is guaranteed to give you an unforgettable taste experience!<\/p>\n<p><em><a href=\"https:\/\/mokos.hu\/en\/sarga_haz_borgerezo\/\"><strong>Tov\u00e1bb a S\u00e1rga H\u00e1z Borgerez\u0151 oldal\u00e1ra! >><\/strong><\/a><\/em><\/p>","protected":false},"excerpt":{"rendered":"<p>Sz\u00e1ll\u00e1slehet\u0151s\u00e9gek az \u00f6nfeledt kikapcsol\u00f3d\u00e1s\u00e9rt A hossz\u00fara ny\u00falt rendezv\u00e9nyeket k\u00f6vet\u0151en Palkony\u00e1n \u00e9s Vill\u00e1nyk\u00f6vesden egyar\u00e1nt tudunk biztos\u00edtani sz\u00e1ll\u00e1slehet\u0151s\u00e9get az \u00e9lm\u00e9nygazdag nap kipihen\u00e9s\u00e9re! Palkonyai Vend\u00e9gh\u00e1zak A hossz\u00fara ny\u00falt \u00e1tmulatott nap ut\u00e1n megpihenni, egy&hellip;<\/p>","protected":false},"author":6,"featured_media":0,"parent":0,"menu_order":0,"comment_status":"closed","ping_status":"closed","template":"","meta":{"_acf_changed":false,"footnotes":""},"class_list":["post-7251","page","type-page","status-publish","hentry"],"acf":[],"yoast_head":"<!-- This site is optimized with the Yoast SEO plugin v27.5 - https:\/\/yoast.com\/product\/yoast-seo-wordpress\/ -->\n<title>Sz\u00e1ll\u00e1s \u00e9s \u00c9tterem - MOKOS<\/title>\n<meta name=\"robots\" content=\"index, follow, max-snippet:-1, max-image-preview:large, max-video-preview:-1\" \/>\n<link rel=\"canonical\" href=\"https:\/\/mokos.hu\/en\/saloon-and-dining-room\/\" \/>\n<meta property=\"og:locale\" content=\"en_US\" \/>\n<meta property=\"og:type\" content=\"article\" \/>\n<meta property=\"og:title\" content=\"Sz\u00e1ll\u00e1s \u00e9s \u00c9tterem - MOKOS\" \/>\n<meta property=\"og:description\" content=\"Sz\u00e1ll\u00e1slehet\u0151s\u00e9gek az \u00f6nfeledt kikapcsol\u00f3d\u00e1s\u00e9rt A hossz\u00fara ny\u00falt rendezv\u00e9nyeket k\u00f6vet\u0151en Palkony\u00e1n \u00e9s Vill\u00e1nyk\u00f6vesden egyar\u00e1nt tudunk biztos\u00edtani sz\u00e1ll\u00e1slehet\u0151s\u00e9get az \u00e9lm\u00e9nygazdag nap kipihen\u00e9s\u00e9re! Palkonyai Vend\u00e9gh\u00e1zak A hossz\u00fara ny\u00falt \u00e1tmulatott nap ut\u00e1n megpihenni, egy&hellip;\" \/>\n<meta property=\"og:url\" content=\"https:\/\/mokos.hu\/en\/saloon-and-dining-room\/\" \/>\n<meta property=\"og:site_name\" content=\"MOKOS\" \/>\n<meta property=\"article:modified_time\" content=\"2025-03-28T08:55:42+00:00\" \/>\n<meta property=\"og:image\" content=\"https:\/\/mokos.hu\/wp-content\/uploads\/2021\/01\/Mokos_Pinceszet_programok_villanyi_borvidek_palkonya_2000x645_1.jpg\" \/>\n\t<meta property=\"og:image:width\" content=\"2000\" \/>\n\t<meta property=\"og:image:height\" content=\"645\" \/>\n\t<meta property=\"og:image:type\" content=\"image\/jpeg\" \/>\n<meta name=\"twitter:card\" content=\"summary_large_image\" \/>\n<meta name=\"twitter:label1\" content=\"Est. reading time\" \/>\n\t<meta name=\"twitter:data1\" content=\"2 minutes\" \/>\n<script type=\"application\/ld+json\" class=\"yoast-schema-graph\">{\"@context\":\"https:\\\/\\\/schema.org\",\"@graph\":[{\"@type\":\"WebPage\",\"@id\":\"https:\\\/\\\/mokos.hu\\\/szallas-es-etterem\\\/\",\"url\":\"https:\\\/\\\/mokos.hu\\\/szallas-es-etterem\\\/\",\"name\":\"Sz\u00e1ll\u00e1s \u00e9s \u00c9tterem - MOKOS\",\"isPartOf\":{\"@id\":\"https:\\\/\\\/mokos.hu\\\/#website\"},\"primaryImageOfPage\":{\"@id\":\"https:\\\/\\\/mokos.hu\\\/szallas-es-etterem\\\/#primaryimage\"},\"image\":{\"@id\":\"https:\\\/\\\/mokos.hu\\\/szallas-es-etterem\\\/#primaryimage\"},\"thumbnailUrl\":\"https:\\\/\\\/mokos.hu\\\/wp-content\\\/uploads\\\/2021\\\/01\\\/Mokos_Pinceszet_programok_villanyi_borvidek_palkonya_2000x645_1.jpg\",\"datePublished\":\"2019-04-10T16:01:11+00:00\",\"dateModified\":\"2025-03-28T08:55:42+00:00\",\"breadcrumb\":{\"@id\":\"https:\\\/\\\/mokos.hu\\\/szallas-es-etterem\\\/#breadcrumb\"},\"inLanguage\":\"en-US\",\"potentialAction\":[{\"@type\":\"ReadAction\",\"target\":[\"https:\\\/\\\/mokos.hu\\\/szallas-es-etterem\\\/\"]}]},{\"@type\":\"ImageObject\",\"inLanguage\":\"en-US\",\"@id\":\"https:\\\/\\\/mokos.hu\\\/szallas-es-etterem\\\/#primaryimage\",\"url\":\"https:\\\/\\\/mokos.hu\\\/wp-content\\\/uploads\\\/2021\\\/01\\\/Mokos_Pinceszet_programok_villanyi_borvidek_palkonya_2000x645_1.jpg\",\"contentUrl\":\"https:\\\/\\\/mokos.hu\\\/wp-content\\\/uploads\\\/2021\\\/01\\\/Mokos_Pinceszet_programok_villanyi_borvidek_palkonya_2000x645_1.jpg\"},{\"@type\":\"BreadcrumbList\",\"@id\":\"https:\\\/\\\/mokos.hu\\\/szallas-es-etterem\\\/#breadcrumb\",\"itemListElement\":[{\"@type\":\"ListItem\",\"position\":1,\"name\":\"Home\",\"item\":\"https:\\\/\\\/mokos.hu\\\/\"},{\"@type\":\"ListItem\",\"position\":2,\"name\":\"Sz\u00e1ll\u00e1s \u00e9s \u00c9tterem\"}]},{\"@type\":\"WebSite\",\"@id\":\"https:\\\/\\\/mokos.hu\\\/#website\",\"url\":\"https:\\\/\\\/mokos.hu\\\/\",\"name\":\"MOKOS\",\"description\":\"Csal\u00e1di Pinc\u00e9szet, Palkonya\",\"publisher\":{\"@id\":\"https:\\\/\\\/mokos.hu\\\/#organization\"},\"potentialAction\":[{\"@type\":\"SearchAction\",\"target\":{\"@type\":\"EntryPoint\",\"urlTemplate\":\"https:\\\/\\\/mokos.hu\\\/?s={search_term_string}\"},\"query-input\":{\"@type\":\"PropertyValueSpecification\",\"valueRequired\":true,\"valueName\":\"search_term_string\"}}],\"inLanguage\":\"en-US\"},{\"@type\":\"Organization\",\"@id\":\"https:\\\/\\\/mokos.hu\\\/#organization\",\"name\":\"MOKOS\",\"url\":\"https:\\\/\\\/mokos.hu\\\/\",\"logo\":{\"@type\":\"ImageObject\",\"inLanguage\":\"en-US\",\"@id\":\"https:\\\/\\\/mokos.hu\\\/#\\\/schema\\\/logo\\\/image\\\/\",\"url\":\"https:\\\/\\\/mokos.hu\\\/wp-content\\\/uploads\\\/2018\\\/11\\\/cropped-Mokos_Villanyi-Borvidek-Palkonya-1.png\",\"contentUrl\":\"https:\\\/\\\/mokos.hu\\\/wp-content\\\/uploads\\\/2018\\\/11\\\/cropped-Mokos_Villanyi-Borvidek-Palkonya-1.png\",\"width\":1000,\"height\":245,\"caption\":\"MOKOS\"},\"image\":{\"@id\":\"https:\\\/\\\/mokos.hu\\\/#\\\/schema\\\/logo\\\/image\\\/\"}}]}<\/script>\n<!-- \/ Yoast SEO plugin. -->","yoast_head_json":{"title":"Accommodation and Restaurant - MOKOS","robots":{"index":"index","follow":"follow","max-snippet":"max-snippet:-1","max-image-preview":"max-image-preview:large","max-video-preview":"max-video-preview:-1"},"canonical":"https:\/\/mokos.hu\/en\/saloon-and-dining-room\/","og_locale":"en_US","og_type":"article","og_title":"Sz\u00e1ll\u00e1s \u00e9s \u00c9tterem - MOKOS","og_description":"Sz\u00e1ll\u00e1slehet\u0151s\u00e9gek az \u00f6nfeledt kikapcsol\u00f3d\u00e1s\u00e9rt A hossz\u00fara ny\u00falt rendezv\u00e9nyeket k\u00f6vet\u0151en Palkony\u00e1n \u00e9s Vill\u00e1nyk\u00f6vesden egyar\u00e1nt tudunk biztos\u00edtani sz\u00e1ll\u00e1slehet\u0151s\u00e9get az \u00e9lm\u00e9nygazdag nap kipihen\u00e9s\u00e9re! Palkonyai Vend\u00e9gh\u00e1zak A hossz\u00fara ny\u00falt \u00e1tmulatott nap ut\u00e1n megpihenni, egy&hellip;","og_url":"https:\/\/mokos.hu\/en\/saloon-and-dining-room\/","og_site_name":"MOKOS","article_modified_time":"2025-03-28T08:55:42+00:00","og_image":[{"width":2000,"height":645,"url":"https:\/\/mokos.hu\/wp-content\/uploads\/2021\/01\/Mokos_Pinceszet_programok_villanyi_borvidek_palkonya_2000x645_1.jpg","type":"image\/jpeg"}],"twitter_card":"summary_large_image","twitter_misc":{"Est. reading time":"2 minutes"},"schema":{"@context":"https:\/\/schema.org","@graph":[{"@type":"WebPage","@id":"https:\/\/mokos.hu\/szallas-es-etterem\/","url":"https:\/\/mokos.hu\/szallas-es-etterem\/","name":"Accommodation and Restaurant - MOKOS","isPartOf":{"@id":"https:\/\/mokos.hu\/#website"},"primaryImageOfPage":{"@id":"https:\/\/mokos.hu\/szallas-es-etterem\/#primaryimage"},"image":{"@id":"https:\/\/mokos.hu\/szallas-es-etterem\/#primaryimage"},"thumbnailUrl":"https:\/\/mokos.hu\/wp-content\/uploads\/2021\/01\/Mokos_Pinceszet_programok_villanyi_borvidek_palkonya_2000x645_1.jpg","datePublished":"2019-04-10T16:01:11+00:00","dateModified":"2025-03-28T08:55:42+00:00","breadcrumb":{"@id":"https:\/\/mokos.hu\/szallas-es-etterem\/#breadcrumb"},"inLanguage":"en-US","potentialAction":[{"@type":"ReadAction","target":["https:\/\/mokos.hu\/szallas-es-etterem\/"]}]},{"@type":"ImageObject","inLanguage":"en-US","@id":"https:\/\/mokos.hu\/szallas-es-etterem\/#primaryimage","url":"https:\/\/mokos.hu\/wp-content\/uploads\/2021\/01\/Mokos_Pinceszet_programok_villanyi_borvidek_palkonya_2000x645_1.jpg","contentUrl":"https:\/\/mokos.hu\/wp-content\/uploads\/2021\/01\/Mokos_Pinceszet_programok_villanyi_borvidek_palkonya_2000x645_1.jpg"},{"@type":"BreadcrumbList","@id":"https:\/\/mokos.hu\/szallas-es-etterem\/#breadcrumb","itemListElement":[{"@type":"ListItem","position":1,"name":"Home","item":"https:\/\/mokos.hu\/"},{"@type":"ListItem","position":2,"name":"Sz\u00e1ll\u00e1s \u00e9s \u00c9tterem"}]},{"@type":"WebSite","@id":"https:\/\/mokos.hu\/#website","url":"https:\/\/mokos.hu\/","name":"MOKOS","description":"Family Winery, Palkonya","publisher":{"@id":"https:\/\/mokos.hu\/#organization"},"potentialAction":[{"@type":"SearchAction","target":{"@type":"EntryPoint","urlTemplate":"https:\/\/mokos.hu\/?s={search_term_string}"},"query-input":{"@type":"PropertyValueSpecification","valueRequired":true,"valueName":"search_term_string"}}],"inLanguage":"en-US"},{"@type":"Organization","@id":"https:\/\/mokos.hu\/#organization","name":"MOKOS","url":"https:\/\/mokos.hu\/","logo":{"@type":"ImageObject","inLanguage":"en-US","@id":"https:\/\/mokos.hu\/#\/schema\/logo\/image\/","url":"https:\/\/mokos.hu\/wp-content\/uploads\/2018\/11\/cropped-Mokos_Villanyi-Borvidek-Palkonya-1.png","contentUrl":"https:\/\/mokos.hu\/wp-content\/uploads\/2018\/11\/cropped-Mokos_Villanyi-Borvidek-Palkonya-1.png","width":1000,"height":245,"caption":"MOKOS"},"image":{"@id":"https:\/\/mokos.hu\/#\/schema\/logo\/image\/"}}]}},"_links":{"self":[{"href":"https:\/\/mokos.hu\/en\/wp-json\/wp\/v2\/pages\/7251","targetHints":{"allow":["GET"]}}],"collection":[{"href":"https:\/\/mokos.hu\/en\/wp-json\/wp\/v2\/pages"}],"about":[{"href":"https:\/\/mokos.hu\/en\/wp-json\/wp\/v2\/types\/page"}],"author":[{"embeddable":true,"href":"https:\/\/mokos.hu\/en\/wp-json\/wp\/v2\/users\/6"}],"replies":[{"embeddable":true,"href":"https:\/\/mokos.hu\/en\/wp-json\/wp\/v2\/comments?post=7251"}],"version-history":[{"count":0,"href":"https:\/\/mokos.hu\/en\/wp-json\/wp\/v2\/pages\/7251\/revisions"}],"wp:attachment":[{"href":"https:\/\/mokos.hu\/en\/wp-json\/wp\/v2\/media?parent=7251"}],"curies":[{"name":"wp","href":"https:\/\/api.w.org\/{rel}","templated":true}]}}