{"id":6635,"date":"2019-02-12T16:11:42","date_gmt":"2019-02-12T15:11:42","guid":{"rendered":"http:\/\/dev.vinolin.hu\/?page_id=6635\/"},"modified":"2025-01-21T14:25:13","modified_gmt":"2025-01-21T12:25:13","slug":"palkonyai_punkosdi_nyitott_pincek_2019","status":"publish","type":"page","link":"https:\/\/mokos.hu\/en\/palkonya-program\/palkonyai_punkosdi_nyitott_pincek_2019\/","title":{"rendered":"XXV. Palkonyai P\u00fcnk\u00f6sdi Nyitott Pinc\u00e9k | MOKOS GARDEN"},"content":{"rendered":"<div class=\"wpb-content-wrapper\"><div class=\"vc_row wpb_row vc_row-fluid\"><div class=\"wpb_column vc_column_container vc_col-sm-12\"><div class=\"vc_column-inner\"><div class=\"wpb_wrapper\">\n\t<div  class=\"wpb_single_image wpb_content_element vc_align_left wpb_content_element\">\n\t\t\n\t\t<figure class=\"wpb_wrapper vc_figure\">\n\t\t\t<div class=\"vc_single_image-wrapper   vc_box_border_grey\"><img fetchpriority=\"high\" decoding=\"async\" width=\"1024\" height=\"581\" src=\"https:\/\/mokos.hu\/wp-content\/uploads\/2019\/05\/P\u00fcnk\u00f6sdi_fell\u00e9p\u0151k_FB-1024x581.jpg\" class=\"vc_single_image-img attachment-large\" alt=\"\" title=\"Pentecost_Occasions_FB\" srcset=\"https:\/\/mokos.hu\/wp-content\/uploads\/2019\/05\/P\u00fcnk\u00f6sdi_fell\u00e9p\u0151k_FB-1024x581.jpg 1024w, https:\/\/mokos.hu\/wp-content\/uploads\/2019\/05\/P\u00fcnk\u00f6sdi_fell\u00e9p\u0151k_FB-300x170.jpg 300w, https:\/\/mokos.hu\/wp-content\/uploads\/2019\/05\/P\u00fcnk\u00f6sdi_fell\u00e9p\u0151k_FB-600x340.jpg 600w, https:\/\/mokos.hu\/wp-content\/uploads\/2019\/05\/P\u00fcnk\u00f6sdi_fell\u00e9p\u0151k_FB-e1600690857587.jpg 1200w\" sizes=\"(max-width: 1024px) 100vw, 1024px\" \/><\/div>\n\t\t<\/figure>\n\t<\/div>\n\n\t<div class=\"wpb_text_column wpb_content_element\" >\n\t\t<div class=\"wpb_wrapper\">\n\t\t\t<h3 class=\"post-title\" style=\"text-align: center;\">XXV. PALKONYAI P\u00dcNK\u00d6SDI NYITOTT PINC\u00c9K | MOKOS GARDEN<\/h3>\n\n\t\t<\/div>\n\t<\/div>\n\n\t<div class=\"wpb_text_column wpb_content_element\" >\n\t\t<div class=\"wpb_wrapper\">\n\t\t\t<p><strong>Fergetes hangulattal v\u00e1r az id\u00e9n imm\u00e1r 25. alkalommal megrendez\u00e9sre ker\u00fcl\u0151 Palkonyai P\u00fcnk\u00f6sdi Nyitott Pinc\u00e9k, melyre t\u00f6bb ezer ember l\u00e1togat el \u00e9vr\u0151l-\u00e9vre. <\/strong><strong>Spend your Saturday-Sunday in a wonderful setting, with quality wines, cultural programmes and guaranteed good vibes during the Pentecost long weekend <a href=\"https:\/\/www.facebook.com\/palkonyafalu\/\" target=\"_blank\" rel=\"noopener noreferrer\">Palkonya Gastronomic Village<\/a>ban! &#x1f377;&#x1f3b6;&#x1f483;&#x1f57a;<\/strong><\/p>\n<p>A 2019-es \u00e9vben Pinc\u00e9szet\u00fcnk a rendezv\u00e9ny keretein bel\u00fcl egy hamis\u00edtatlan kerti partival v\u00e1r, ahol v\u00e1ltozatos zenei st\u00edlusok mellett \u00e9lvezheted Palkonya \u00e9s a borvid\u00e9k \u00edzeit! &#x1f347;&#x1f377;<\/p>\n\n\t\t<\/div>\n\t<\/div>\n\n\t<div class=\"wpb_text_column wpb_content_element\" >\n\t\t<div class=\"wpb_wrapper\">\n\t\t\t<p>Programmes of the Mokos Garden:<\/p>\n<p>&#x1f538; SZOMBAT &#x1f538;<\/p>\n<p>14:30 <a href=\"https:\/\/www.facebook.com\/GAP-Git%C3%A1r-Acoustic-Project-199846157219968\/\" target=\"_blank\" rel=\"noopener noreferrer\">GAP Guitar Acoustic Project<\/a> | Garden<br \/>\n18:00 <a href=\"https:\/\/www.facebook.com\/blackcatzenekar\/\" target=\"_blank\" rel=\"noopener noreferrer\">BlackCat Zenekar<\/a> | Garden<\/p>\n<p>&#x1f538; VAS\u00c1RNAP &#x1f538;<\/p>\n<p>15:00 <a href=\"https:\/\/www.facebook.com\/vivatb\/\" target=\"_blank\" rel=\"noopener noreferrer\">Vivat Bacchus \u00c9nekegy\u00fcttes<\/a> | Sz\u00ednh\u00e1zterem<br \/>\n17:30 <a href=\"https:\/\/www.facebook.com\/gulyas.balazs.5\" target=\"_blank\" rel=\"noopener noreferrer\">Bal\u00e1zs Guly\u00e1s<\/a> | Garden<br \/>\n19:30 <a href=\"https:\/\/www.facebook.com\/djtomiofficial\/\" target=\"_blank\" rel=\"noopener noreferrer\">Dj.TOM-I<\/a> | Garden<\/p>\n<p>Give in to the wine country lifestyle, try our comfortable bean bags with a glass of <a href=\"https:\/\/www.facebook.com\/hashtag\/meggyborral\" target=\"_blank\" rel=\"noopener noreferrer\">#with cider<\/a> in hand or relax on the Mokos Panorama Wine Terrace with a refreshing <a href=\"https:\/\/www.facebook.com\/hashtag\/roz%C3%A9fr%C3%B6ccs\" target=\"_blank\" rel=\"noopener noreferrer\">#roz\u00e9 splash<\/a> k\u00eds\u00e9ret\u00e9ben! &#x1f60e;&#x1f377;&#x26f1;&#xfe0f;<\/p>\n<p>If you get hungry in the colourful hustle and bustle, Mokos Garden has irresistible food offers! Come and try our <a href=\"https:\/\/www.facebook.com\/Borgerezo\/\" target=\"_blank\" rel=\"noopener noreferrer\">Yellow House Borgerez\u0151<\/a> \u00ednycsakland\u00f3 burgereit vagy grill fog\u00e1sait! &#x1f354;&#x1f35f;&#x1f969;&#x1f374;<\/p>\n<p>&#x2600;&#xfe0f; Lassulj be vel\u00fcnk a Mokos Gardenben! &#x2600;&#xfe0f;<\/p>\n\n\t\t<\/div>\n\t<\/div>\n\n\t<div class=\"wpb_text_column wpb_content_element\" >\n\t\t<div class=\"wpb_wrapper\">\n\t\t\t<p>More information about Mokos Garden<strong>\u00a0<a href=\"https:\/\/www.facebook.com\/mokospince\/\" target=\"_blank\" rel=\"noopener noreferrer\">On our Facebook page<\/a><\/strong>\u00a0and the\u00a0<a href=\"https:\/\/www.facebook.com\/events\/2096127687352871\/\"><strong>Mokos Garden Party event<\/strong><\/a>you will find at.<\/p>\n\n\t\t<\/div>\n\t<\/div>\n<div class=\"vc_separator wpb_content_element vc_separator_align_center vc_sep_width_100 vc_sep_pos_align_center vc_separator_no_text vc_sep_color_grey wpb_content_element  wpb_content_element\" ><span class=\"vc_sep_holder vc_sep_holder_l\"><span class=\"vc_sep_line\"><\/span><\/span><span class=\"vc_sep_holder vc_sep_holder_r\"><span class=\"vc_sep_line\"><\/span><\/span>\n<\/div>\n\t<div class=\"wpb_text_column wpb_content_element\" >\n\t\t<div class=\"wpb_wrapper\">\n\t\t\t<h4><strong>XXV. PALKONYAI P\u00dcNK\u00d6SDI NYITOTT PINC\u00c9K<\/strong><\/h4>\n<p>Id\u00e9n P\u00fcnk\u00f6sdkor 25. alkalommal nyitj\u00e1k meg pinc\u00e9iket a palkonyai borosgazd\u00e1k. A j\u00f3 borokon k\u00edv\u00fcl 2 napon \u00e1t szuper programokkal \u00e9s feledhetetlen hangulattal v\u00e1rjuk a l\u00e1togat\u00f3kat!<\/p>\n<p>Details and programmes will be uploaded continuously!<\/p>\n<h4>COASTAL JEWELRY<\/h4>\n<p>Price: 2.900 Ft<br \/>\nIncludes: 1 glass and 10 tasting tickets.<\/p>\n<p>Tasting glasses can be purchased on site between 11:00 and 20:00 and redeemed at the cellars.<\/p>\n<p>By buying a glass and a tasting ticket you support the event and the cultural events of the village!<\/p>\n<p><strong>Participating wineries and wines to taste<\/strong><\/p>\n<p>Mayer R\u00f3bert Winery - Merlot Ros\u00e9 2018<br \/>\nHaraszti Csal\u00e1di Pinc\u00e9szet - Portugieser 2018<br \/>\n<strong>Mokos Pinc\u00e9szet - Roz\u00e9 Cuv\u00e9e 2018; Red Cuv\u00e9e 2015; Meggywein (for Mokos coupon)<\/strong><br \/>\nFiszter Cellar - White cuv\u00e9e<br \/>\nR\u0151der Pince - Ros\u00e9 2018; Portugieser 2018<br \/>\nH\u00e1rs\u00e1gyi Pince - Ros\u00e9 2018<br \/>\nBl\u00e1zsovics Cellar - Portugieser 2018; K\u00e9kfrankos 2018<br \/>\nZsirai Winery - Portugieser 2018<br \/>\nN\u00e9meth and N\u00e9meth Cellars - Portugieser 2018<\/p>\n<h4>PROGRAMMES<\/h4>\n<p>&#x1f539;<strong>SZOMBAT 06.08.<\/strong>&#x1f539;<\/p>\n<p>Mokos Garden<br \/>\n14:30 GAP<br \/>\n18:00-24:00 Black Cat Zenekar<\/p>\n<p>Rom Gallery 77 Contemporary Art Workshop<br \/>\n14:30 \"Wine sketches, poetry and dance\"<br \/>\nDance performance by Judit Nese Kom\u00e1romi and the Abracadabra.<br \/>\nMajor Judit: exhibition<\/p>\n<p>Fire extinguisher service<br \/>\n15:00-20:00 Festive moments in Palkonya then and now (scenes from 25 years ago re-photographed) Bruno Bourel photo exhibition<br \/>\nExhibition opening: 15:00<\/p>\n<p>Rom Gallery 77 Contemporary Art Workshop<br \/>\n16:00-18:00 Wine making workshop (registration required)<\/p>\n<p>N\u00e9meth and N\u00e9meth Winery<br \/>\n17:00 Mag\u00e1cska<\/p>\n<p>Pavilion Palkonya<br \/>\n18.00 Bal\u00e1zs Oss\u00f3<br \/>\n20:00 Bohemian Acoustic<\/p>\n<p>Main street 35.<br \/>\n18:30-20:00 \"ArtCraft - Pentecost 2019\" Exhibition of sculptor Katalin K. T\u00e1bor<br \/>\nExhibition opening: 18:30<\/p>\n<p>H\u00e1rs\u00e1gyi Ros\u00e9 Small stage<br \/>\n18:30 Cubalibre<\/p>\n<p>Haraszti Estate<br \/>\n19:00 Los Orangutanes (fergeteges cumbia party)<\/p>\n<p>&#x1f538;<strong>Vas\u00e1rnap 06.09.<\/strong> &#x1f538;<\/p>\n<p>Haraszti Estate<br \/>\nDj's on the Estate all day (Reggae, Dub, Deep House, Progressive)<br \/>\n- Samy<br \/>\n- Botond<br \/>\n- P\u00e9l\u00e9o<br \/>\n- Heller<br \/>\n- Dermot<br \/>\n- Stas<\/p>\n<p>Fire extinguisher service<br \/>\n10:00-20:00 Festive moments in Palkonya then and now (scenes from 25 years ago re-photographed) Bruno Bourel photo exhibition<\/p>\n<p>Main street 35.<br \/>\n10:00-20:00 \"ArtCraft - Pentecost 2019\" Exhibition of sculptor Katalin K. T\u00e1bor<\/p>\n<p>St Elisabeth Church in \u00c1rp\u00e1dh\u00e1zi<br \/>\n15:00-15:45 \"Come, Holy Spirit\" - organ performance by Katalin K. T\u00e1bori<\/p>\n<p>Mokos Sz\u00ednh\u00e1zterem<br \/>\n15:00 Vivat Bacchus<\/p>\n<p>Pavilion Palkonya<br \/>\n16:00, 18:00 Bar therapy<br \/>\n20:00 Huckleberry Guys<\/p>\n<p>H\u00e1rs\u00e1gyi Ros\u00e9 Small stage<br \/>\n17:00 Uknow Duo<br \/>\n19:00 GAP acoustics<\/p>\n<p>Mokos Garden<br \/>\n17:30 Guly\u00e1s Bal\u00e1zs<br \/>\n19:30 &#8211; 01:00 Dj Tom-I<\/p>\n<p>Malompark<br \/>\n21:00 Diamond Chapel<\/p>\n<h4>COMMUNICATION<\/h4>\n<p><strong>FESTIVAL BUSES<\/strong><\/p>\n<p>Palkonyai k\u00fcl\u00f6nj\u00e1rat k\u00f6zlekedik P\u00e9cs \u00e9s Palkonya k\u00f6z\u00f6tt j\u00fanius 8-9-\u00e9n.<\/p>\n<p>Ticket price: adults: 500 HUF\/person\/trip; under 14 years: 250 HUF\/person\/trip<\/p>\n<p>From P\u00e9cs - Main Railway Station to Palkonya: 13:00; 15:00; 16:30; 18:00<br \/>\nPalkonya - Departure from Church: 14:00; 15:40; 17:15; 20:00; 21:15; 22:30<\/p>\n<p>Route: P\u00e9cs main railway station 5 bus stop\/ \u00c1rk\u00e1d (bus stop next to the long-distance bus station)\/ Sikl\u00f3si \u00fat\/ Szellemv\u00e1ros\/ Koz\u00e1rmisleny\/ \u00dajpetre\/ Palkonya (Church)<\/p>\n<p><strong>COME BY TRAIN!<\/strong><\/p>\n<p>j\u00fanius 8. szombat<\/p>\n<p>P\u00c9CS-PALKONYA<br \/>\n11:10, 13:10, 15:10, 17:10, 19:10<\/p>\n<p>PALKONYA-P\u00c9CS<br \/>\n14:08, 16:08, 20:08, 22:08<\/p>\n<p>j\u00fanius 9. vas\u00e1rnap<\/p>\n<p>P\u00c9CS-PALKONYA<br \/>\n9:10, 11:10, 13:10, 15:10, 17:10, 19:10<\/p>\n<p>PALKONYA-P\u00c9CS<br \/>\n10:08, 12:08, 14:08, 16:08, 20:08, 22:08, &#x2757;23:55&#x2757;<\/p>\n<p>ON SUNDAY AT 23:55 FESTIVAL TRAIN (SPECIAL SERVICE) DEPARTS FROM PALKONYA TO P\u00c9CS!<\/p>\n<p><strong>TOTAL ROAD CLOSURE - SUNDAY!<\/strong><\/p>\n<p>A rendezv\u00e9ny ideje alatt 2019.06.09-\u00e9n, vas\u00e1rnap 10:00-23:00 \u00f3ra k\u00f6z\u00f6tt TELJES \u00daTZ\u00c1R lesz Palkony\u00e1n, P\u00e9cs ir\u00e1ny\u00e1b\u00f3l: palkonyai j\u00e1tsz\u00f3t\u00e9rt\u0151l, Vill\u00e1ny ir\u00e1ny\u00e1b\u00f3l: a Palkonya telep\u00fcl\u00e9s t\u00e1bl\u00e1t\u00f3l. A terel\u0151 \u00fat Vok\u00e1ny-Nagyhars\u00e1ny fel\u00e9 biztos\u00edtott.<br \/>\nTHE TRAFFIC RESTRICTION DOES NOT APPLY ON SATURDAY.<\/p>\n<p><strong>PARKING<\/strong><br \/>\nP\u00e9cs fel\u00f6l \u00e9rkez\u0151k: Focip\u00e1lya \u00e9s templom m\u00f6g\u00f6tt.<br \/>\nVill\u00e1ny fel\u00f6l \u00e9rkez\u0151k: a halastavak melletti \u00faton.<\/p>\n\n\t\t<\/div>\n\t<\/div>\n<\/div><\/div><\/div><\/div>\n<\/div>","protected":false},"excerpt":{"rendered":"XXV. PALKONYAI P\u00dcNK\u00d6SDI NYITOTT PINC\u00c9K | MOKOS GARDEN Fergetes hangulattal v\u00e1r az id\u00e9n imm\u00e1r 25. alkalommal megrendez\u00e9sre ker\u00fcl\u0151 Palkonyai P\u00fcnk\u00f6sdi Nyitott Pinc\u00e9k, melyre t\u00f6bb ezer ember l\u00e1togat el \u00e9vr\u0151l-\u00e9vre. A&hellip;","protected":false},"author":6,"featured_media":0,"parent":5249,"menu_order":0,"comment_status":"closed","ping_status":"closed","template":"","meta":{"_acf_changed":false,"footnotes":""},"class_list":["post-6635","page","type-page","status-publish","hentry"],"acf":[],"yoast_head":"<!-- This site is optimized with the Yoast SEO plugin v27.1.1 - https:\/\/yoast.com\/product\/yoast-seo-wordpress\/ -->\n<title>XXV. Palkonyai P\u00fcnk\u00f6sdi Nyitott Pinc\u00e9k | MOKOS GARDEN<\/title>\n<meta name=\"description\" content=\"Vill\u00e1nyi borok, gy\u00fcm\u00f6lcsborok fergeteges fesztiv\u00e1lhangulat a Palkonyai P\u00fcnk\u00f6sdi Nyitott Pinc\u00e9k idej\u00e9n a Mokos Garden kerti partij\u00e1n!\" \/>\n<meta name=\"robots\" content=\"index, follow, max-snippet:-1, max-image-preview:large, max-video-preview:-1\" \/>\n<link rel=\"canonical\" href=\"https:\/\/mokos.hu\/en\/pod-programme\/palkonyai_punkosdi_nyitott_pincek_2019\/\" \/>\n<meta property=\"og:locale\" content=\"en_US\" \/>\n<meta property=\"og:type\" content=\"article\" \/>\n<meta property=\"og:title\" content=\"XXV. Palkonyai P\u00fcnk\u00f6sdi Nyitott Pinc\u00e9k | MOKOS GARDEN\" \/>\n<meta property=\"og:description\" content=\"Vill\u00e1nyi borok, gy\u00fcm\u00f6lcsborok fergeteges fesztiv\u00e1lhangulat a Palkonyai P\u00fcnk\u00f6sdi Nyitott Pinc\u00e9k idej\u00e9n a Mokos Garden kerti partij\u00e1n!\" \/>\n<meta property=\"og:url\" content=\"https:\/\/mokos.hu\/en\/pod-programme\/palkonyai_punkosdi_nyitott_pincek_2019\/\" \/>\n<meta property=\"og:site_name\" content=\"MOKOS\" \/>\n<meta property=\"article:modified_time\" content=\"2025-01-21T12:25:13+00:00\" \/>\n<meta name=\"twitter:card\" content=\"summary_large_image\" \/>\n<meta name=\"twitter:label1\" content=\"Est. reading time\" \/>\n\t<meta name=\"twitter:data1\" content=\"5 minutes\" \/>\n<script type=\"application\/ld+json\" class=\"yoast-schema-graph\">{\"@context\":\"https:\/\/schema.org\",\"@graph\":[{\"@type\":\"WebPage\",\"@id\":\"https:\/\/mokos.hu\/palkonya-program\/palkonyai_punkosdi_nyitott_pincek_2019\/\",\"url\":\"https:\/\/mokos.hu\/palkonya-program\/palkonyai_punkosdi_nyitott_pincek_2019\/\",\"name\":\"XXV. Palkonyai P\u00fcnk\u00f6sdi Nyitott Pinc\u00e9k | MOKOS GARDEN\",\"isPartOf\":{\"@id\":\"https:\/\/mokos.hu\/#website\"},\"datePublished\":\"2019-02-12T15:11:42+00:00\",\"dateModified\":\"2025-01-21T12:25:13+00:00\",\"description\":\"Vill\u00e1nyi borok, gy\u00fcm\u00f6lcsborok fergeteges fesztiv\u00e1lhangulat a Palkonyai P\u00fcnk\u00f6sdi Nyitott Pinc\u00e9k idej\u00e9n a Mokos Garden kerti partij\u00e1n!\",\"breadcrumb\":{\"@id\":\"https:\/\/mokos.hu\/palkonya-program\/palkonyai_punkosdi_nyitott_pincek_2019\/#breadcrumb\"},\"inLanguage\":\"en-US\",\"potentialAction\":[{\"@type\":\"ReadAction\",\"target\":[\"https:\/\/mokos.hu\/palkonya-program\/palkonyai_punkosdi_nyitott_pincek_2019\/\"]}]},{\"@type\":\"BreadcrumbList\",\"@id\":\"https:\/\/mokos.hu\/palkonya-program\/palkonyai_punkosdi_nyitott_pincek_2019\/#breadcrumb\",\"itemListElement\":[{\"@type\":\"ListItem\",\"position\":1,\"name\":\"Home\",\"item\":\"https:\/\/mokos.hu\/\"},{\"@type\":\"ListItem\",\"position\":2,\"name\":\"Palkonyai Rendezv\u00e9nyek\",\"item\":\"https:\/\/mokos.hu\/palkonya-program\/\"},{\"@type\":\"ListItem\",\"position\":3,\"name\":\"XXV. Palkonyai P\u00fcnk\u00f6sdi Nyitott Pinc\u00e9k | MOKOS GARDEN\"}]},{\"@type\":\"WebSite\",\"@id\":\"https:\/\/mokos.hu\/#website\",\"url\":\"https:\/\/mokos.hu\/\",\"name\":\"MOKOS\",\"description\":\"Csal\u00e1di Pinc\u00e9szet, Palkonya\",\"publisher\":{\"@id\":\"https:\/\/mokos.hu\/#organization\"},\"potentialAction\":[{\"@type\":\"SearchAction\",\"target\":{\"@type\":\"EntryPoint\",\"urlTemplate\":\"https:\/\/mokos.hu\/?s={search_term_string}\"},\"query-input\":{\"@type\":\"PropertyValueSpecification\",\"valueRequired\":true,\"valueName\":\"search_term_string\"}}],\"inLanguage\":\"en-US\"},{\"@type\":\"Organization\",\"@id\":\"https:\/\/mokos.hu\/#organization\",\"name\":\"MOKOS\",\"url\":\"https:\/\/mokos.hu\/\",\"logo\":{\"@type\":\"ImageObject\",\"inLanguage\":\"en-US\",\"@id\":\"https:\/\/mokos.hu\/#\/schema\/logo\/image\/\",\"url\":\"https:\/\/mokos.hu\/wp-content\/uploads\/2018\/11\/cropped-Mokos_Villanyi-Borvidek-Palkonya-1.png\",\"contentUrl\":\"https:\/\/mokos.hu\/wp-content\/uploads\/2018\/11\/cropped-Mokos_Villanyi-Borvidek-Palkonya-1.png\",\"width\":1000,\"height\":245,\"caption\":\"MOKOS\"},\"image\":{\"@id\":\"https:\/\/mokos.hu\/#\/schema\/logo\/image\/\"}}]}<\/script>\n<!-- \/ Yoast SEO plugin. -->","yoast_head_json":{"title":"XXV. Palkonyai P\u00fcnk\u00f6sdi Nyitott Pinc\u00e9k | MOKOS GARDEN","description":"Vill\u00e1ny wines, fruit wines and a great festival atmosphere at the Open Cellars of Palkonya during the Mokos Garden garden party!","robots":{"index":"index","follow":"follow","max-snippet":"max-snippet:-1","max-image-preview":"max-image-preview:large","max-video-preview":"max-video-preview:-1"},"canonical":"https:\/\/mokos.hu\/en\/pod-programme\/palkonyai_punkosdi_nyitott_pincek_2019\/","og_locale":"en_US","og_type":"article","og_title":"XXV. Palkonyai P\u00fcnk\u00f6sdi Nyitott Pinc\u00e9k | MOKOS GARDEN","og_description":"Vill\u00e1nyi borok, gy\u00fcm\u00f6lcsborok fergeteges fesztiv\u00e1lhangulat a Palkonyai P\u00fcnk\u00f6sdi Nyitott Pinc\u00e9k idej\u00e9n a Mokos Garden kerti partij\u00e1n!","og_url":"https:\/\/mokos.hu\/en\/pod-programme\/palkonyai_punkosdi_nyitott_pincek_2019\/","og_site_name":"MOKOS","article_modified_time":"2025-01-21T12:25:13+00:00","twitter_card":"summary_large_image","twitter_misc":{"Est. reading time":"5 minutes"},"schema":{"@context":"https:\/\/schema.org","@graph":[{"@type":"WebPage","@id":"https:\/\/mokos.hu\/palkonya-program\/palkonyai_punkosdi_nyitott_pincek_2019\/","url":"https:\/\/mokos.hu\/palkonya-program\/palkonyai_punkosdi_nyitott_pincek_2019\/","name":"XXV. Palkonyai P\u00fcnk\u00f6sdi Nyitott Pinc\u00e9k | MOKOS GARDEN","isPartOf":{"@id":"https:\/\/mokos.hu\/#website"},"datePublished":"2019-02-12T15:11:42+00:00","dateModified":"2025-01-21T12:25:13+00:00","description":"Vill\u00e1ny wines, fruit wines and a great festival atmosphere at the Open Cellars of Palkonya during the Mokos Garden garden party!","breadcrumb":{"@id":"https:\/\/mokos.hu\/palkonya-program\/palkonyai_punkosdi_nyitott_pincek_2019\/#breadcrumb"},"inLanguage":"en-US","potentialAction":[{"@type":"ReadAction","target":["https:\/\/mokos.hu\/palkonya-program\/palkonyai_punkosdi_nyitott_pincek_2019\/"]}]},{"@type":"BreadcrumbList","@id":"https:\/\/mokos.hu\/palkonya-program\/palkonyai_punkosdi_nyitott_pincek_2019\/#breadcrumb","itemListElement":[{"@type":"ListItem","position":1,"name":"Home","item":"https:\/\/mokos.hu\/"},{"@type":"ListItem","position":2,"name":"Palkonyai Rendezv\u00e9nyek","item":"https:\/\/mokos.hu\/palkonya-program\/"},{"@type":"ListItem","position":3,"name":"XXV. Palkonyai P\u00fcnk\u00f6sdi Nyitott Pinc\u00e9k | MOKOS GARDEN"}]},{"@type":"WebSite","@id":"https:\/\/mokos.hu\/#website","url":"https:\/\/mokos.hu\/","name":"MOKOS","description":"Family Winery, Palkonya","publisher":{"@id":"https:\/\/mokos.hu\/#organization"},"potentialAction":[{"@type":"SearchAction","target":{"@type":"EntryPoint","urlTemplate":"https:\/\/mokos.hu\/?s={search_term_string}"},"query-input":{"@type":"PropertyValueSpecification","valueRequired":true,"valueName":"search_term_string"}}],"inLanguage":"en-US"},{"@type":"Organization","@id":"https:\/\/mokos.hu\/#organization","name":"MOKOS","url":"https:\/\/mokos.hu\/","logo":{"@type":"ImageObject","inLanguage":"en-US","@id":"https:\/\/mokos.hu\/#\/schema\/logo\/image\/","url":"https:\/\/mokos.hu\/wp-content\/uploads\/2018\/11\/cropped-Mokos_Villanyi-Borvidek-Palkonya-1.png","contentUrl":"https:\/\/mokos.hu\/wp-content\/uploads\/2018\/11\/cropped-Mokos_Villanyi-Borvidek-Palkonya-1.png","width":1000,"height":245,"caption":"MOKOS"},"image":{"@id":"https:\/\/mokos.hu\/#\/schema\/logo\/image\/"}}]}},"_links":{"self":[{"href":"https:\/\/mokos.hu\/en\/wp-json\/wp\/v2\/pages\/6635","targetHints":{"allow":["GET"]}}],"collection":[{"href":"https:\/\/mokos.hu\/en\/wp-json\/wp\/v2\/pages"}],"about":[{"href":"https:\/\/mokos.hu\/en\/wp-json\/wp\/v2\/types\/page"}],"author":[{"embeddable":true,"href":"https:\/\/mokos.hu\/en\/wp-json\/wp\/v2\/users\/6"}],"replies":[{"embeddable":true,"href":"https:\/\/mokos.hu\/en\/wp-json\/wp\/v2\/comments?post=6635"}],"version-history":[{"count":0,"href":"https:\/\/mokos.hu\/en\/wp-json\/wp\/v2\/pages\/6635\/revisions"}],"up":[{"embeddable":true,"href":"https:\/\/mokos.hu\/en\/wp-json\/wp\/v2\/pages\/5249"}],"wp:attachment":[{"href":"https:\/\/mokos.hu\/en\/wp-json\/wp\/v2\/media?parent=6635"}],"curies":[{"name":"wp","href":"https:\/\/api.w.org\/{rel}","templated":true}]}}