{"id":63,"date":"2016-02-16T08:52:23","date_gmt":"2016-02-16T07:52:23","guid":{"rendered":"http:\/\/dev.vinolin.hu\/?page_id=63"},"modified":"2025-04-03T09:04:19","modified_gmt":"2025-04-03T07:04:19","slug":"cake","status":"publish","type":"page","link":"https:\/\/mokos.hu\/en\/mokospinceszet\/tortenet\/","title":{"rendered":"Our story"},"content":{"rendered":"<div class=\"wpb-content-wrapper\"><div class=\"vc_row wpb_row vc_row-fluid\"><div class=\"wpb_column vc_column_container vc_col-sm-12\"><div class=\"vc_column-inner\"><div class=\"wpb_wrapper\">\n\t<div class=\"wpb_text_column wpb_content_element\" >\n\t\t<div class=\"wpb_wrapper\">\n\t\t\t<p><b>Our family winery<\/b><span style=\"font-weight: 400;\"> has been present for three generations in <\/span><b>Vill\u00e1ny Wine Region<\/b><span style=\"font-weight: 400;\"> and is now present in two municipalities: <\/span><b>Palkony\u00e1n<\/b><span style=\"font-weight: 400;\"> and <\/span><b>Vill\u00e1nyk\u00f6vesden<\/b><span style=\"font-weight: 400;\">. A <\/span><b>Year 2003<\/b><span style=\"font-weight: 400;\"> was the big breakthrough in the life of our winery, when <\/span><b>G\u00e1bor Mokos<\/b><span style=\"font-weight: 400;\"> Palkonya, the famous <\/span><b>Weingarten in the vineyard<\/b><span style=\"font-weight: 400;\"> He planted 15 hectares of vines. At the same time, he added to the vineyard inherited from his ancestors <\/span><b>plantations in Vill\u00e1nyk\u00f6vesd<\/b><span style=\"font-weight: 400;\">.<\/span><\/p>\n<p><span style=\"font-weight: 400;\">In 2018, we further expanded our coverage by <\/span><b>2 hectares of white grapes<\/b><span style=\"font-weight: 400;\"> installed, thus expanding the <\/span><b>the offer of our winery<\/b><span style=\"font-weight: 400;\"> and providing new opportunities for different <\/span><b>grape varieties<\/b><span style=\"font-weight: 400;\"> for.<\/span><\/p>\n<p>&nbsp;<\/p>\n<figure class=\"wp-block-image size-large\"><img fetchpriority=\"high\" decoding=\"async\" class=\"aligncenter\" src=\"https:\/\/mokos.hu\/wp-content\/uploads\/2019\/02\/Mokos_Pinceszet_tortenet_MG_2000x645-e1600693290362.jpg\" alt=\"\" width=\"1197\" height=\"386\" \/><\/figure>\n<p>&nbsp;<\/p>\n<p><b>Our vineyards<\/b><span style=\"font-weight: 400;\"> a <\/span><b>Vill\u00e1ny Wine Region<\/b><span style=\"font-weight: 400;\">specific to <\/span><b>national and international grape varieties<\/b><span style=\"font-weight: 400;\"> include, for example <\/span><b>blue port, blue franc, pinot noir, merlot, cabernet franc,<\/b><span style=\"font-weight: 400;\"> and <\/span><b>cabernet sauvignon<\/b><span style=\"font-weight: 400;\">. The wine region <\/span><b>loess and red clay soils<\/b><span style=\"font-weight: 400;\">, a <\/span><b>sub-Mediterranean climate<\/b><span style=\"font-weight: 400;\">, and the <\/span><b>above average yield limitation<\/b><span style=\"font-weight: 400;\"> all contribute to the high quality of our winery <\/span><b>Vill\u00e1ny classic and premium wines<\/b><span style=\"font-weight: 400;\"> make. Annually <\/span><b>250 000 bottles of wine<\/b><span style=\"font-weight: 400;\"> will be on the market from 2020.<\/span><\/p>\n<p><!-- \/wp:post-content --><span style=\"font-weight: 400;\">Our winery is not only a traditional <\/span><b>Vill\u00e1ny red wines<\/b><span style=\"font-weight: 400;\"> specialised in the production of <\/span><b>fruit wine with specialities<\/b><span style=\"font-weight: 400;\"> also deals with. Our aim is to make this category of drinks, which is becoming increasingly popular in Hungary, better known to consumers. Fruit wines <\/span><b>from fresh, juicy fruit produced in-house<\/b><span style=\"font-weight: 400;\"> without the addition of water, colourings or flavourings. The raw material is <\/span><b>45 hectares of orchards<\/b><span style=\"font-weight: 400;\"> the finest fruits of the earth. The fruits <\/span><b>fresh harvesting<\/b><span style=\"font-weight: 400;\"> immediately after harvesting, they are transported to the processing plant, where they are seeded and fermented <\/span><b>in a short time<\/b><span style=\"font-weight: 400;\"> it happens. Fermentation takes place in an oxygen-free environment to preserve the fresh flavours.<\/span><\/p>\n<p><span style=\"font-weight: 400;\">Although <\/span><b>our fruit wines<\/b><span style=\"font-weight: 400;\"> majority of sweet, for those who are <\/span><b>dry wines<\/b><span style=\"font-weight: 400;\"> prefer, we recommend the <\/span><b>our sour cherry wine aged in barrique barrels<\/b><span style=\"font-weight: 400;\">, which is a real speciality!<\/span><\/p>\n<p><!-- \/wp:paragraph --><span style=\"font-weight: 400;\">A v<\/span><b>Hotel Cabernet*** in Ill\u00e1nyk\u00f6vesd<\/b><span style=\"font-weight: 400;\"> It has been in our family since October 2010. A <\/span><b>25 rooms<\/b><span style=\"font-weight: 400;\"> hotel is a <\/span><b>conference room<\/b><span style=\"font-weight: 400;\"> and a cosy terrace.<\/span><\/p>\n<p><!-- \/wp:paragraph --><span style=\"font-weight: 400;\">Our winery in the <\/span><b>in 2012\/13<\/b><span style=\"font-weight: 400;\"> has undergone another major development. Opposite the beautiful cellar row of Palkonya, on the hillside above the fish ponds, a magnificent <\/span><b>basement theatre<\/b><span style=\"font-weight: 400;\">, which has become a meeting point for wine and culture. The two thousand square metre winery is not only <\/span><b>Palkonya<\/b><span style=\"font-weight: 400;\">, but the whole <\/span><b>Vill\u00e1ny Wine Region<\/b><span style=\"font-weight: 400;\"> the jewel in the crown. The building houses modern winemaking technology, the <\/span><b>barrique barrel ageing<\/b><span style=\"font-weight: 400;\">, a <\/span><b>Wine tasting room for 120 people<\/b><span style=\"font-weight: 400;\">, and an odd <\/span><b>terrace with a view<\/b><span style=\"font-weight: 400;\"> which impresses all our visitors.<\/span><\/p>\n<p><!-- \/wp:paragraph --><\/p>\n<p>&nbsp;<\/p>\n<p><!-- wp:image {\"sizeSlug\":\"large\"} --><\/p>\n<figure class=\"wp-block-image size-large\"><\/figure>\n<p><img decoding=\"async\" class=\"aligncenter wp-image-27301\" src=\"https:\/\/mokos.hu\/wp-content\/uploads\/2025\/03\/Mokos_Szinhaz_terem-e1742558832135-1024x391.jpg\" alt=\"\" width=\"1198\" height=\"457\" srcset=\"https:\/\/mokos.hu\/wp-content\/uploads\/2025\/03\/Mokos_Szinhaz_terem-e1742558832135-1024x391.jpg 1024w, https:\/\/mokos.hu\/wp-content\/uploads\/2025\/03\/Mokos_Szinhaz_terem-e1742558832135-1000x382.jpg 1000w, https:\/\/mokos.hu\/wp-content\/uploads\/2025\/03\/Mokos_Szinhaz_terem-e1742558832135-1200x458.jpg 1200w, https:\/\/mokos.hu\/wp-content\/uploads\/2025\/03\/Mokos_Szinhaz_terem-e1742558832135-300x115.jpg 300w, https:\/\/mokos.hu\/wp-content\/uploads\/2025\/03\/Mokos_Szinhaz_terem-e1742558832135-1536x586.jpg 1536w, https:\/\/mokos.hu\/wp-content\/uploads\/2025\/03\/Mokos_Szinhaz_terem-e1742558832135-18x7.jpg 18w, https:\/\/mokos.hu\/wp-content\/uploads\/2025\/03\/Mokos_Szinhaz_terem-e1742558832135.jpg 1920w\" sizes=\"(max-width: 1198px) 100vw, 1198px\" \/><\/p>\n<p>&nbsp;<\/p>\n<p><!-- \/wp:image --><\/p>\n<p><!-- wp:paragraph -->The link between wine and culture will be strengthened by a 360-seat theatre and events hall, where we plan to offer a colourful and exciting cultural programme. With our presence in Vill\u00e1nyk\u00f6vesdi and Palkonya, we aim to enrich the life and services of the wine route and the smaller wine villages, and to show that small villages in the neighbourhood of Vill\u00e1ny are also worth a visit for tourists who love wine, gastronomy and culture.<\/p>\n<p><!-- \/wp:paragraph --><\/p>\n<p>&nbsp;<\/p>\n<p><!-- wp:columns {\"verticalAlignment\":null} --><\/p>\n<div class=\"wp-block-columns\"><!-- wp:column {\"verticalAlignment\":\"center\"} --><\/p>\n<div class=\"wp-block-column is-vertically-aligned-center\"><!-- wp:heading {\"level\":3} --><\/p>\n<h3 class=\"wp-block-heading\" style=\"text-align: center;\">Experience a cellar visit<\/h3>\n<\/div>\n<div class=\"wp-block-column\"><!-- \/wp:image --><\/div>\n<p><!-- \/wp:column --><\/div>\n<p><!-- \/wp:columns --><\/p>\n<p><!-- wp:paragraph --><img decoding=\"async\" class=\"wp-image-22847 size-medium alignleft\" src=\"https:\/\/mokos.hu\/wp-content\/uploads\/2025\/02\/247A0783-1-300x200.jpg\" alt=\"\" width=\"300\" height=\"200\" srcset=\"https:\/\/mokos.hu\/wp-content\/uploads\/2025\/02\/247A0783-1-300x200.jpg 300w, https:\/\/mokos.hu\/wp-content\/uploads\/2025\/02\/247A0783-1-1000x667.jpg 1000w, https:\/\/mokos.hu\/wp-content\/uploads\/2025\/02\/247A0783-1-1200x800.jpg 1200w, https:\/\/mokos.hu\/wp-content\/uploads\/2025\/02\/247A0783-1-1024x682.jpg 1024w, https:\/\/mokos.hu\/wp-content\/uploads\/2025\/02\/247A0783-1-1536x1024.jpg 1536w, https:\/\/mokos.hu\/wp-content\/uploads\/2025\/02\/247A0783-1-18x12.jpg 18w, https:\/\/mokos.hu\/wp-content\/uploads\/2025\/02\/247A0783-1.jpg 2000w\" sizes=\"(max-width: 300px) 100vw, 300px\" \/><\/p>\n<p><!-- \/wp:paragraph --><strong>Explore our gravity winery, built in the depths of Palkonya's former abandoned quarry, with an unforgettable cellar visit! We will open the doors of Mokos Wineries and introduce you to some professional tricks of the trade and local curiosities.\u00a0<\/strong><\/p>\n<p>Join us for an exclusive winery tour, where you can learn about our family history, take an expert guided tour of our 4,000 m\u00b2 winery and get an insight into the secrets of winemaking.<\/p>\n<p><!-- \/wp:paragraph --><\/p>\n<p><!-- wp:paragraph --><span style=\"color: #b0ae6a;\"><a style=\"color: #b0ae6a;\" href=\"https:\/\/mokos.hu\/en\/elmeny-pincelatogatas-podonya-villany-cellarszet\/\"><em>Go to the Experience Cellar Visit!<\/em><\/a><\/span><\/p>\n\n\t\t<\/div>\n\t<\/div>\n<\/div><\/div><\/div><\/div><\/div>","protected":false},"excerpt":{"rendered":"Csal\u00e1di pinc\u00e9szet\u00fcnk h\u00e1rom gener\u00e1ci\u00f3 \u00f3ta jelen van a Vill\u00e1nyi Borvid\u00e9k \u00e9let\u00e9ben, \u00e9s m\u00e1ra m\u00e1r k\u00e9t telep\u00fcl\u00e9sen is megtal\u00e1lhat\u00f3: Palkony\u00e1n \u00e9s Vill\u00e1nyk\u00f6vesden. A 2003-as \u00e9v jelentette a nagy \u00e1tt\u00f6r\u00e9st pinc\u00e9szet\u00fcnk \u00e9let\u00e9ben,&hellip;","protected":false},"author":1,"featured_media":0,"parent":59,"menu_order":0,"comment_status":"closed","ping_status":"closed","template":"","meta":{"_acf_changed":false,"footnotes":""},"class_list":["post-63","page","type-page","status-publish","hentry"],"acf":[],"yoast_head":"<!-- This site is optimized with the Yoast SEO plugin v27.5 - https:\/\/yoast.com\/product\/yoast-seo-wordpress\/ -->\n<title>T\u00f6rt\u00e9net\u00fcnk - MOKOS Pinc\u00e9szet - Vill\u00e1nyi borvid\u00e9k - Palkonya<\/title>\n<meta name=\"description\" content=\"Csal\u00e1di Pinc\u00e9szet\u00fcnk h\u00e1rom gener\u00e1ci\u00f3 \u00f3ta van jelen a Vill\u00e1nyi Borvid\u00e9k \u00e9let\u00e9ben- imm\u00e1r k\u00e9t telep\u00fcl\u00e9sen: Palkony\u00e1n \u00e9s Vill\u00e1nyk\u00f6vesden.\" \/>\n<meta name=\"robots\" content=\"index, follow, max-snippet:-1, max-image-preview:large, max-video-preview:-1\" \/>\n<link rel=\"canonical\" href=\"https:\/\/mokos.hu\/en\/mokospinceszet\/cake\/\" \/>\n<meta property=\"og:locale\" content=\"en_US\" \/>\n<meta property=\"og:type\" content=\"article\" \/>\n<meta property=\"og:title\" content=\"T\u00f6rt\u00e9net\u00fcnk - MOKOS Pinc\u00e9szet - Vill\u00e1nyi borvid\u00e9k - Palkonya\" \/>\n<meta property=\"og:description\" content=\"Csal\u00e1di Pinc\u00e9szet\u00fcnk h\u00e1rom gener\u00e1ci\u00f3 \u00f3ta van jelen a Vill\u00e1nyi Borvid\u00e9k \u00e9let\u00e9ben- imm\u00e1r k\u00e9t telep\u00fcl\u00e9sen: Palkony\u00e1n \u00e9s Vill\u00e1nyk\u00f6vesden.\" \/>\n<meta property=\"og:url\" content=\"https:\/\/mokos.hu\/en\/mokospinceszet\/cake\/\" \/>\n<meta property=\"og:site_name\" content=\"MOKOS\" \/>\n<meta property=\"article:modified_time\" content=\"2025-04-03T07:04:19+00:00\" \/>\n<meta property=\"og:image\" content=\"https:\/\/mokos.hu\/wp-content\/uploads\/2019\/02\/Mokos_Pinceszet_tortenet_MG_2000x645-e1600693290362.jpg\" \/>\n<meta name=\"twitter:card\" content=\"summary_large_image\" \/>\n<meta name=\"twitter:label1\" content=\"Est. reading time\" \/>\n\t<meta name=\"twitter:data1\" content=\"4 minutes\" \/>\n<script type=\"application\/ld+json\" class=\"yoast-schema-graph\">{\"@context\":\"https:\\\/\\\/schema.org\",\"@graph\":[{\"@type\":\"WebPage\",\"@id\":\"https:\\\/\\\/mokos.hu\\\/mokospinceszet\\\/tortenet\\\/\",\"url\":\"https:\\\/\\\/mokos.hu\\\/mokospinceszet\\\/tortenet\\\/\",\"name\":\"T\u00f6rt\u00e9net\u00fcnk - MOKOS Pinc\u00e9szet - Vill\u00e1nyi borvid\u00e9k - Palkonya\",\"isPartOf\":{\"@id\":\"https:\\\/\\\/mokos.hu\\\/#website\"},\"primaryImageOfPage\":{\"@id\":\"https:\\\/\\\/mokos.hu\\\/mokospinceszet\\\/tortenet\\\/#primaryimage\"},\"image\":{\"@id\":\"https:\\\/\\\/mokos.hu\\\/mokospinceszet\\\/tortenet\\\/#primaryimage\"},\"thumbnailUrl\":\"https:\\\/\\\/mokos.hu\\\/wp-content\\\/uploads\\\/2019\\\/02\\\/Mokos_Pinceszet_tortenet_MG_2000x645-e1600693290362.jpg\",\"datePublished\":\"2016-02-16T07:52:23+00:00\",\"dateModified\":\"2025-04-03T07:04:19+00:00\",\"description\":\"Csal\u00e1di Pinc\u00e9szet\u00fcnk h\u00e1rom gener\u00e1ci\u00f3 \u00f3ta van jelen a Vill\u00e1nyi Borvid\u00e9k \u00e9let\u00e9ben- imm\u00e1r k\u00e9t telep\u00fcl\u00e9sen: Palkony\u00e1n \u00e9s Vill\u00e1nyk\u00f6vesden.\",\"breadcrumb\":{\"@id\":\"https:\\\/\\\/mokos.hu\\\/mokospinceszet\\\/tortenet\\\/#breadcrumb\"},\"inLanguage\":\"en-US\",\"potentialAction\":[{\"@type\":\"ReadAction\",\"target\":[\"https:\\\/\\\/mokos.hu\\\/mokospinceszet\\\/tortenet\\\/\"]}]},{\"@type\":\"ImageObject\",\"inLanguage\":\"en-US\",\"@id\":\"https:\\\/\\\/mokos.hu\\\/mokospinceszet\\\/tortenet\\\/#primaryimage\",\"url\":\"https:\\\/\\\/mokos.hu\\\/wp-content\\\/uploads\\\/2019\\\/02\\\/Mokos_Pinceszet_tortenet_MG_2000x645-e1600693290362.jpg\",\"contentUrl\":\"https:\\\/\\\/mokos.hu\\\/wp-content\\\/uploads\\\/2019\\\/02\\\/Mokos_Pinceszet_tortenet_MG_2000x645-e1600693290362.jpg\"},{\"@type\":\"BreadcrumbList\",\"@id\":\"https:\\\/\\\/mokos.hu\\\/mokospinceszet\\\/tortenet\\\/#breadcrumb\",\"itemListElement\":[{\"@type\":\"ListItem\",\"position\":1,\"name\":\"Home\",\"item\":\"https:\\\/\\\/mokos.hu\\\/\"},{\"@type\":\"ListItem\",\"position\":2,\"name\":\"Mokos Pinc\u00e9szet\",\"item\":\"https:\\\/\\\/mokos.hu\\\/mokospinceszet\\\/\"},{\"@type\":\"ListItem\",\"position\":3,\"name\":\"T\u00f6rt\u00e9net\u00fcnk\"}]},{\"@type\":\"WebSite\",\"@id\":\"https:\\\/\\\/mokos.hu\\\/#website\",\"url\":\"https:\\\/\\\/mokos.hu\\\/\",\"name\":\"MOKOS\",\"description\":\"Csal\u00e1di Pinc\u00e9szet, Palkonya\",\"publisher\":{\"@id\":\"https:\\\/\\\/mokos.hu\\\/#organization\"},\"potentialAction\":[{\"@type\":\"SearchAction\",\"target\":{\"@type\":\"EntryPoint\",\"urlTemplate\":\"https:\\\/\\\/mokos.hu\\\/?s={search_term_string}\"},\"query-input\":{\"@type\":\"PropertyValueSpecification\",\"valueRequired\":true,\"valueName\":\"search_term_string\"}}],\"inLanguage\":\"en-US\"},{\"@type\":\"Organization\",\"@id\":\"https:\\\/\\\/mokos.hu\\\/#organization\",\"name\":\"MOKOS\",\"url\":\"https:\\\/\\\/mokos.hu\\\/\",\"logo\":{\"@type\":\"ImageObject\",\"inLanguage\":\"en-US\",\"@id\":\"https:\\\/\\\/mokos.hu\\\/#\\\/schema\\\/logo\\\/image\\\/\",\"url\":\"https:\\\/\\\/mokos.hu\\\/wp-content\\\/uploads\\\/2018\\\/11\\\/cropped-Mokos_Villanyi-Borvidek-Palkonya-1.png\",\"contentUrl\":\"https:\\\/\\\/mokos.hu\\\/wp-content\\\/uploads\\\/2018\\\/11\\\/cropped-Mokos_Villanyi-Borvidek-Palkonya-1.png\",\"width\":1000,\"height\":245,\"caption\":\"MOKOS\"},\"image\":{\"@id\":\"https:\\\/\\\/mokos.hu\\\/#\\\/schema\\\/logo\\\/image\\\/\"}}]}<\/script>\n<!-- \/ Yoast SEO plugin. -->","yoast_head_json":{"title":"Our history - MOKOS Winery - Vill\u00e1ny wine region - Palkonya","description":"Our family winery has been present in the Vill\u00e1ny Wine Region for three generations - now in two villages, Palkonya and Vill\u00e1nyk\u00f6vesd.","robots":{"index":"index","follow":"follow","max-snippet":"max-snippet:-1","max-image-preview":"max-image-preview:large","max-video-preview":"max-video-preview:-1"},"canonical":"https:\/\/mokos.hu\/en\/mokospinceszet\/cake\/","og_locale":"en_US","og_type":"article","og_title":"T\u00f6rt\u00e9net\u00fcnk - MOKOS Pinc\u00e9szet - Vill\u00e1nyi borvid\u00e9k - Palkonya","og_description":"Csal\u00e1di Pinc\u00e9szet\u00fcnk h\u00e1rom gener\u00e1ci\u00f3 \u00f3ta van jelen a Vill\u00e1nyi Borvid\u00e9k \u00e9let\u00e9ben- imm\u00e1r k\u00e9t telep\u00fcl\u00e9sen: Palkony\u00e1n \u00e9s Vill\u00e1nyk\u00f6vesden.","og_url":"https:\/\/mokos.hu\/en\/mokospinceszet\/cake\/","og_site_name":"MOKOS","article_modified_time":"2025-04-03T07:04:19+00:00","og_image":[{"url":"https:\/\/mokos.hu\/wp-content\/uploads\/2019\/02\/Mokos_Pinceszet_tortenet_MG_2000x645-e1600693290362.jpg","type":"","width":"","height":""}],"twitter_card":"summary_large_image","twitter_misc":{"Est. reading time":"4 minutes"},"schema":{"@context":"https:\/\/schema.org","@graph":[{"@type":"WebPage","@id":"https:\/\/mokos.hu\/mokospinceszet\/tortenet\/","url":"https:\/\/mokos.hu\/mokospinceszet\/tortenet\/","name":"Our history - MOKOS Winery - Vill\u00e1ny wine region - Palkonya","isPartOf":{"@id":"https:\/\/mokos.hu\/#website"},"primaryImageOfPage":{"@id":"https:\/\/mokos.hu\/mokospinceszet\/tortenet\/#primaryimage"},"image":{"@id":"https:\/\/mokos.hu\/mokospinceszet\/tortenet\/#primaryimage"},"thumbnailUrl":"https:\/\/mokos.hu\/wp-content\/uploads\/2019\/02\/Mokos_Pinceszet_tortenet_MG_2000x645-e1600693290362.jpg","datePublished":"2016-02-16T07:52:23+00:00","dateModified":"2025-04-03T07:04:19+00:00","description":"Our family winery has been present in the Vill\u00e1ny Wine Region for three generations - now in two villages, Palkonya and Vill\u00e1nyk\u00f6vesd.","breadcrumb":{"@id":"https:\/\/mokos.hu\/mokospinceszet\/tortenet\/#breadcrumb"},"inLanguage":"en-US","potentialAction":[{"@type":"ReadAction","target":["https:\/\/mokos.hu\/mokospinceszet\/tortenet\/"]}]},{"@type":"ImageObject","inLanguage":"en-US","@id":"https:\/\/mokos.hu\/mokospinceszet\/tortenet\/#primaryimage","url":"https:\/\/mokos.hu\/wp-content\/uploads\/2019\/02\/Mokos_Pinceszet_tortenet_MG_2000x645-e1600693290362.jpg","contentUrl":"https:\/\/mokos.hu\/wp-content\/uploads\/2019\/02\/Mokos_Pinceszet_tortenet_MG_2000x645-e1600693290362.jpg"},{"@type":"BreadcrumbList","@id":"https:\/\/mokos.hu\/mokospinceszet\/tortenet\/#breadcrumb","itemListElement":[{"@type":"ListItem","position":1,"name":"Home","item":"https:\/\/mokos.hu\/"},{"@type":"ListItem","position":2,"name":"Mokos Pinc\u00e9szet","item":"https:\/\/mokos.hu\/mokospinceszet\/"},{"@type":"ListItem","position":3,"name":"T\u00f6rt\u00e9net\u00fcnk"}]},{"@type":"WebSite","@id":"https:\/\/mokos.hu\/#website","url":"https:\/\/mokos.hu\/","name":"MOKOS","description":"Family Winery, Palkonya","publisher":{"@id":"https:\/\/mokos.hu\/#organization"},"potentialAction":[{"@type":"SearchAction","target":{"@type":"EntryPoint","urlTemplate":"https:\/\/mokos.hu\/?s={search_term_string}"},"query-input":{"@type":"PropertyValueSpecification","valueRequired":true,"valueName":"search_term_string"}}],"inLanguage":"en-US"},{"@type":"Organization","@id":"https:\/\/mokos.hu\/#organization","name":"MOKOS","url":"https:\/\/mokos.hu\/","logo":{"@type":"ImageObject","inLanguage":"en-US","@id":"https:\/\/mokos.hu\/#\/schema\/logo\/image\/","url":"https:\/\/mokos.hu\/wp-content\/uploads\/2018\/11\/cropped-Mokos_Villanyi-Borvidek-Palkonya-1.png","contentUrl":"https:\/\/mokos.hu\/wp-content\/uploads\/2018\/11\/cropped-Mokos_Villanyi-Borvidek-Palkonya-1.png","width":1000,"height":245,"caption":"MOKOS"},"image":{"@id":"https:\/\/mokos.hu\/#\/schema\/logo\/image\/"}}]}},"_links":{"self":[{"href":"https:\/\/mokos.hu\/en\/wp-json\/wp\/v2\/pages\/63","targetHints":{"allow":["GET"]}}],"collection":[{"href":"https:\/\/mokos.hu\/en\/wp-json\/wp\/v2\/pages"}],"about":[{"href":"https:\/\/mokos.hu\/en\/wp-json\/wp\/v2\/types\/page"}],"author":[{"embeddable":true,"href":"https:\/\/mokos.hu\/en\/wp-json\/wp\/v2\/users\/1"}],"replies":[{"embeddable":true,"href":"https:\/\/mokos.hu\/en\/wp-json\/wp\/v2\/comments?post=63"}],"version-history":[{"count":1,"href":"https:\/\/mokos.hu\/en\/wp-json\/wp\/v2\/pages\/63\/revisions"}],"predecessor-version":[{"id":28128,"href":"https:\/\/mokos.hu\/en\/wp-json\/wp\/v2\/pages\/63\/revisions\/28128"}],"up":[{"embeddable":true,"href":"https:\/\/mokos.hu\/en\/wp-json\/wp\/v2\/pages\/59"}],"wp:attachment":[{"href":"https:\/\/mokos.hu\/en\/wp-json\/wp\/v2\/media?parent=63"}],"curies":[{"name":"wp","href":"https:\/\/api.w.org\/{rel}","templated":true}]}}