{"id":6147,"date":"2019-02-03T13:55:10","date_gmt":"2019-02-03T12:55:10","guid":{"rendered":"http:\/\/dev.vinolin.hu\/?page_id=6147\/"},"modified":"2025-01-21T14:25:14","modified_gmt":"2025-01-21T12:25:14","slug":"palkonyai-husveti-csaladi-nap-gyerekprogram-husvet-kezmuves-ugralovar-mokos","status":"publish","type":"page","link":"https:\/\/mokos.hu\/en\/palkonyai-husveti-csaladi-nap-gyerekprogram-husvet-kezmuves-ugralovar-mokos\/","title":{"rendered":"VII. H\u00fasv\u00e9ti Csal\u00e1di nap 2020 &#8211; H\u00fasv\u00e9t a Mokos Pinc\u00e9szetben"},"content":{"rendered":"<div class=\"wpb-content-wrapper\"><div class=\"vc_row wpb_row vc_row-fluid vc_custom_1584348124178\"><div class=\"wpb_column vc_column_container vc_col-sm-12\"><div class=\"vc_column-inner\"><div class=\"wpb_wrapper\">\n\t<div class=\"wpb_text_column wpb_content_element\" >\n\t\t<div class=\"wpb_wrapper\">\n\t\t\t<h1 style=\"text-align: left;\"><img fetchpriority=\"high\" decoding=\"async\" class=\"wp-image-8740 size-large aligncenter\" src=\"https:\/\/mokos.hu\/wp-content\/uploads\/2020\/01\/Husvet_FB_event_altalanos-1024x576.jpg\" alt=\"mokos_pinceszet_palkonyai_husveti_csaladi_nap_program_gyerek_husvet\" width=\"750\" height=\"422\" srcset=\"https:\/\/mokos.hu\/wp-content\/uploads\/2020\/01\/Husvet_FB_event_altalanos-1024x576.jpg 1024w, https:\/\/mokos.hu\/wp-content\/uploads\/2020\/01\/Husvet_FB_event_altalanos-300x169.jpg 300w, https:\/\/mokos.hu\/wp-content\/uploads\/2020\/01\/Husvet_FB_event_altalanos-600x338.jpg 600w, https:\/\/mokos.hu\/wp-content\/uploads\/2020\/01\/Husvet_FB_event_altalanos.jpg 1116w\" sizes=\"(max-width: 750px) 100vw, 750px\" \/><\/h1>\n<h1 style=\"text-align: left;\">H\u00fasv\u00e9t a Mokos Pinc\u00e9szetben<\/h1>\n<h5 style=\"text-align: left;\"><span style=\"color: #333300;\">Kalandos gyerekprogram, ahol ugr\u00e1l\u00f3v\u00e1r, k\u00e9zm\u0171ves foglalkoz\u00e1sok \u00e9s megannyi m\u00f3ka v\u00e1r minden gyerk\u0151cre<\/span><\/h5>\n<p style=\"text-align: left;\"><strong>H\u00fasv\u00e9t szombatj\u00e1n ism\u00e9t H\u00fasv\u00e9t Palkony\u00e1n a Mokos Pinc\u00e9szetben: izgalmas gyerekprogram kicsiknek \u00e9s nagyoknak, ahol k\u00e9zm\u0171ves foglalkoz\u00e1sok, vet\u00e9lked\u0151, ugr\u00e1l\u00f3v\u00e1r \u00e9s rengeteg finoms\u00e1g v\u00e1r R\u00e1d!<\/strong> Ezen a szombaton n\u00e1lunk a gyerekek ker\u00fclnek k\u00f6z\u00e9ppontba! Tarts vel\u00fcnk \u00e9s l\u00e9gy r\u00e9szese a h\u00fasv\u00e9ti kalandnak!<\/p>\n<p>Eg\u00e9sz napos sz\u00f3rakoz\u00e1s \u00e9s fergeteges h\u00fasv\u00e9ti \u00e9lm\u00e9ny v\u00e1r minden kalandv\u00e1gy\u00f3 gyerk\u0151c\u00f6t!<\/p>\n\n\t\t<\/div>\n\t<\/div>\n\n\t<div class=\"wpb_text_column wpb_content_element\" >\n\t\t<div class=\"wpb_wrapper\">\n\t\t\t<h3 style=\"text-align: center;\">2021-es Palkonyai H\u00fasv\u00e9ti Csal\u00e1di Nap tervezett id\u0151pontja: 2021. \u00e1prilis 3. szombat<\/h3>\n<h4 style=\"text-align: center;\"><em>R\u00e9szletes programok hamarosan!<\/em><\/h4>\n\n\t\t<\/div>\n\t<\/div>\n<div class=\"wpb_gallery wpb_content_element vc_clearfix wpb_content_element\" ><div class=\"wpb_wrapper\"><div class=\"wpb_gallery_slides wpb_flexslider flexslider_fade flexslider\" data-interval=\"3\" data-flex_fx=\"fade\"><ul class=\"slides\"><li><a class=\"\" href=\"https:\/\/mokos.hu\/wp-content\/uploads\/2019\/12\/Mokos_Husveti_csaladi_nap_2019-7-1024x683.jpg\" data-lightbox=\"lightbox[rel-6147-580383145]\"><img decoding=\"async\" width=\"250\" height=\"250\" src=\"https:\/\/mokos.hu\/wp-content\/uploads\/2019\/12\/Mokos_Husveti_csaladi_nap_2019-7-250x250.jpg\" class=\"attachment-thumbnail\" alt=\"Mokos_Husveti_csaladi_nap_palkonya_program_gyermek\" title=\"Mokos_Husveti_csaladi_nap_palkonya_program_gyermek\" srcset=\"https:\/\/mokos.hu\/wp-content\/uploads\/2019\/12\/Mokos_Husveti_csaladi_nap_2019-7-250x250.jpg 250w, https:\/\/mokos.hu\/wp-content\/uploads\/2019\/12\/Mokos_Husveti_csaladi_nap_2019-7-e1575883263858-150x150.jpg 150w, https:\/\/mokos.hu\/wp-content\/uploads\/2019\/12\/Mokos_Husveti_csaladi_nap_2019-7-400x400.jpg 400w, https:\/\/mokos.hu\/wp-content\/uploads\/2019\/12\/Mokos_Husveti_csaladi_nap_2019-7-100x100.jpg 100w\" sizes=\"(max-width: 250px) 100vw, 250px\" \/><\/a><\/li><li><a class=\"\" href=\"https:\/\/mokos.hu\/wp-content\/uploads\/2019\/12\/Mokos_Husveti_csaladi_nap_2019-43-1024x683.jpg\" data-lightbox=\"lightbox[rel-6147-580383145]\"><img decoding=\"async\" width=\"250\" height=\"250\" src=\"https:\/\/mokos.hu\/wp-content\/uploads\/2019\/12\/Mokos_Husveti_csaladi_nap_2019-43-250x250.jpg\" class=\"attachment-thumbnail\" alt=\"Mokos_Husveti_csaladi_nap_palkonya_program_gyermek\" title=\"Mokos_Husveti_csaladi_nap_palkonya_program_gyermek\" srcset=\"https:\/\/mokos.hu\/wp-content\/uploads\/2019\/12\/Mokos_Husveti_csaladi_nap_2019-43-250x250.jpg 250w, https:\/\/mokos.hu\/wp-content\/uploads\/2019\/12\/Mokos_Husveti_csaladi_nap_2019-43-e1575883135989-150x150.jpg 150w, https:\/\/mokos.hu\/wp-content\/uploads\/2019\/12\/Mokos_Husveti_csaladi_nap_2019-43-400x400.jpg 400w, https:\/\/mokos.hu\/wp-content\/uploads\/2019\/12\/Mokos_Husveti_csaladi_nap_2019-43-100x100.jpg 100w\" sizes=\"(max-width: 250px) 100vw, 250px\" \/><\/a><\/li><li><a class=\"\" href=\"https:\/\/mokos.hu\/wp-content\/uploads\/2019\/12\/Mokos_Husveti_csaladi_nap_2019-10-1024x683.jpg\" data-lightbox=\"lightbox[rel-6147-580383145]\"><img loading=\"lazy\" decoding=\"async\" width=\"250\" height=\"250\" src=\"https:\/\/mokos.hu\/wp-content\/uploads\/2019\/12\/Mokos_Husveti_csaladi_nap_2019-10-250x250.jpg\" class=\"attachment-thumbnail\" alt=\"Mokos_Husveti_csaladi_nap_palkonya_program_gyermek\" title=\"Mokos_Husveti_csaladi_nap_palkonya_program_gyermek\" srcset=\"https:\/\/mokos.hu\/wp-content\/uploads\/2019\/12\/Mokos_Husveti_csaladi_nap_2019-10-250x250.jpg 250w, https:\/\/mokos.hu\/wp-content\/uploads\/2019\/12\/Mokos_Husveti_csaladi_nap_2019-10-e1575883245890-150x150.jpg 150w, https:\/\/mokos.hu\/wp-content\/uploads\/2019\/12\/Mokos_Husveti_csaladi_nap_2019-10-400x400.jpg 400w, https:\/\/mokos.hu\/wp-content\/uploads\/2019\/12\/Mokos_Husveti_csaladi_nap_2019-10-100x100.jpg 100w\" sizes=\"(max-width: 250px) 100vw, 250px\" \/><\/a><\/li><\/ul><\/div><\/div><\/div>\n\t<div class=\"wpb_text_column wpb_content_element\" >\n\t\t<div class=\"wpb_wrapper\">\n\t\t\t<p style=\"text-align: center;\">N\u00e9zd meg az el\u0151z\u0151 \u00e9vekben milyen fergeteges h\u00fasv\u00e9ti hangulatban volt r\u00e9sz\u00fcnk!<\/p>\n<h4 style=\"text-align: center;\"><a href=\"https:\/\/mokos.hu\/galeria\/husveti-csaladi-nap-galeria1\/\">Tov\u00e1bb a H\u00fasv\u00e9ti Csal\u00e1di Nap gal\u00e9ri\u00e1j\u00e1hoz!<\/a><\/h4>\n<p>&nbsp;<\/p>\n\n\t\t<\/div>\n\t<\/div>\n<div class=\"vc_empty_space\"   style=\"height: 32px\"><span class=\"vc_empty_space_inner\"><\/span><\/div>\n\t<div class=\"wpb_text_column wpb_content_element\" >\n\t\t<div class=\"wpb_wrapper\">\n\t\t\t<h4><strong>Tov\u00e1bbi inform\u00e1ci\u00f3k\u00e9rt keressen minket az al\u00e1bbi el\u00e9rhet\u0151s\u00e9geinken:<\/strong><\/h4>\n<p><strong>Mokos Vikt\u00f3ria<em><br \/>\n<\/em>Telefon: +36 70\/ 425-0334<\/strong><\/p>\n<p><strong>Menr\u00e1th Dalma<em><br \/>\n<\/em>Telefon: +36 70\/ 509-8779<\/strong><\/p>\n<p><strong>E-mail:\u00a0\u00a0<a href=\"mailto:szervezes@mokos.hu\">szervezes@mokos.hu<br \/>\n<\/a>7771, Palkonya, Hegyalja \u00fat 1.<\/strong><\/p>\n\n\t\t<\/div>\n\t<\/div>\n<div class=\"vc_row wpb_row vc_inner vc_row-fluid\"><div class=\"wpb_column vc_column_container vc_col-sm-12\"><div class=\"vc_column-inner\"><div class=\"wpb_wrapper\">\n\t<div class=\"wpb_text_column wpb_content_element\" >\n\t\t<div class=\"wpb_wrapper\">\n\t\t\t<h3>NEM SZERETN\u00e9l LEMARADNI TOV\u00c1BBI H\u00cdREINKR\u0150L?<\/h3>\n<p>K\u00f6vesd a Mokos Pinc\u00e9szet k\u00f6z\u00f6ss\u00e9gi oldalait vagy iratkozz fel h\u00edrlevel\u00fcnkre!<\/p>\n\n\t\t<\/div>\n\t<\/div>\n<div class=\"vc_empty_space\"   style=\"height: 32px\"><span class=\"vc_empty_space_inner\"><\/span><\/div><\/div><\/div><\/div><\/div><div class=\"vc_row wpb_row vc_inner vc_row-fluid\"><div class=\"wpb_column vc_column_container vc_col-sm-2\"><div class=\"vc_column-inner\"><div class=\"wpb_wrapper\"><\/div><\/div><\/div><div class=\"wpb_column vc_column_container vc_col-sm-2\"><div class=\"vc_column-inner\"><div class=\"wpb_wrapper\">\n\t<div  class=\"wpb_single_image wpb_content_element vc_align_left wpb_content_element\">\n\t\t\n\t\t<figure class=\"wpb_wrapper vc_figure\">\n\t\t\t<a href=\"https:\/\/www.facebook.com\/mokospince\" target=\"_blank\" class=\"vc_single_image-wrapper   vc_box_border_grey\"><img loading=\"lazy\" decoding=\"async\" class=\"vc_single_image-img \" src=\"https:\/\/mokos.hu\/wp-content\/uploads\/2019\/01\/mokos_facebook-e1600696135352-50x50.png\" width=\"50\" height=\"50\" alt=\"mokos_facebook\" title=\"\" loading=\"lazy\" \/><\/a>\n\t\t<\/figure>\n\t<\/div>\n<\/div><\/div><\/div><div class=\"wpb_column vc_column_container vc_col-sm-2\"><div class=\"vc_column-inner\"><div class=\"wpb_wrapper\">\n\t<div  class=\"wpb_single_image wpb_content_element vc_align_left wpb_content_element\">\n\t\t\n\t\t<figure class=\"wpb_wrapper vc_figure\">\n\t\t\t<a href=\"https:\/\/www.instagram.com\/mokospinceszet\/\" target=\"_blank\" class=\"vc_single_image-wrapper   vc_box_border_grey\"><img loading=\"lazy\" decoding=\"async\" class=\"vc_single_image-img \" src=\"https:\/\/mokos.hu\/wp-content\/uploads\/2019\/01\/mokos_instagram-e1600696068735-50x50.png\" width=\"50\" height=\"50\" alt=\"mokos_instagram\" title=\"\" loading=\"lazy\" \/><\/a>\n\t\t<\/figure>\n\t<\/div>\n<\/div><\/div><\/div><div class=\"wpb_column vc_column_container vc_col-sm-2\"><div class=\"vc_column-inner\"><div class=\"wpb_wrapper\">\n\t<div  class=\"wpb_single_image wpb_content_element vc_align_left wpb_content_element\">\n\t\t\n\t\t<figure class=\"wpb_wrapper vc_figure\">\n\t\t\t<a href=\"https:\/\/hu.pinterest.com\/mokospinceszet\/\" target=\"_blank\" class=\"vc_single_image-wrapper   vc_box_border_grey\"><img loading=\"lazy\" decoding=\"async\" class=\"vc_single_image-img \" src=\"https:\/\/mokos.hu\/wp-content\/uploads\/2019\/01\/mokos_pinterest-e1600695890939-50x50.png\" width=\"50\" height=\"50\" alt=\"mokos_pinterest\" title=\"\" loading=\"lazy\" \/><\/a>\n\t\t<\/figure>\n\t<\/div>\n<\/div><\/div><\/div><div class=\"wpb_column vc_column_container vc_col-sm-2\"><div class=\"vc_column-inner\"><div class=\"wpb_wrapper\">\n\t<div  class=\"wpb_single_image wpb_content_element vc_align_left wpb_content_element\">\n\t\t\n\t\t<figure class=\"wpb_wrapper vc_figure\">\n\t\t\t<a href=\"https:\/\/www.youtube.com\/channel\/UC09HlsfPpQgSmHoM68pXEgg\" target=\"_blank\" class=\"vc_single_image-wrapper   vc_box_border_grey\"><img loading=\"lazy\" decoding=\"async\" class=\"vc_single_image-img \" src=\"https:\/\/mokos.hu\/wp-content\/uploads\/2019\/01\/mokos_youtube-e1600695793262-50x50.png\" width=\"50\" height=\"50\" alt=\"mokos_youtube\" title=\"\" loading=\"lazy\" \/><\/a>\n\t\t<\/figure>\n\t<\/div>\n<\/div><\/div><\/div><div class=\"wpb_column vc_column_container vc_col-sm-2\"><div class=\"vc_column-inner\"><div class=\"wpb_wrapper\"><\/div><\/div><\/div><\/div><\/div><\/div><\/div><\/div>\n<\/div>","protected":false},"excerpt":{"rendered":"H\u00fasv\u00e9t a Mokos Pinc\u00e9szetben Kalandos gyerekprogram, ahol ugr\u00e1l\u00f3v\u00e1r, k\u00e9zm\u0171ves foglalkoz\u00e1sok \u00e9s megannyi m\u00f3ka v\u00e1r minden gyerk\u0151cre H\u00fasv\u00e9t szombatj\u00e1n ism\u00e9t H\u00fasv\u00e9t Palkony\u00e1n a Mokos Pinc\u00e9szetben: izgalmas gyerekprogram kicsiknek \u00e9s nagyoknak, ahol&hellip;","protected":false},"author":6,"featured_media":8740,"parent":0,"menu_order":0,"comment_status":"closed","ping_status":"closed","template":"","meta":{"_acf_changed":false,"footnotes":""},"class_list":["post-6147","page","type-page","status-publish","has-post-thumbnail","hentry"],"acf":[],"yoast_head":"<!-- This site is optimized with the Yoast SEO plugin v27.1.1 - https:\/\/yoast.com\/product\/yoast-seo-wordpress\/ -->\n<title>VII. H\u00fasv\u00e9ti Csal\u00e1di nap 2020 - H\u00fasv\u00e9t a Mokos Pinc\u00e9szetben -<\/title>\n<meta name=\"description\" content=\"H\u00fasv\u00e9t Palkony\u00e1n a Mokos Pinc\u00e9szetn\u00e9l! Eg\u00e9sznapos gyerekprogram: izgalmas vet\u00e9lked\u0151 nyerem\u00e9nyekkel, k\u00e9zm\u0171ves programok, ugr\u00e1l\u00f3v\u00e1r \u00e9s rengeteg finoms\u00e1g!\" \/>\n<meta name=\"robots\" content=\"index, follow, max-snippet:-1, max-image-preview:large, max-video-preview:-1\" \/>\n<link rel=\"canonical\" href=\"https:\/\/mokos.hu\/en\/palkonyai-husveti-csaladi-nap-gyerekprogram-husvet-kezmuves-ugralovar-mokos\/\" \/>\n<meta property=\"og:locale\" content=\"en_US\" \/>\n<meta property=\"og:type\" content=\"article\" \/>\n<meta property=\"og:title\" content=\"VII. H\u00fasv\u00e9ti Csal\u00e1di nap 2020 - H\u00fasv\u00e9t a Mokos Pinc\u00e9szetben -\" \/>\n<meta property=\"og:description\" content=\"H\u00fasv\u00e9t Palkony\u00e1n a Mokos Pinc\u00e9szetn\u00e9l! Eg\u00e9sznapos gyerekprogram: izgalmas vet\u00e9lked\u0151 nyerem\u00e9nyekkel, k\u00e9zm\u0171ves programok, ugr\u00e1l\u00f3v\u00e1r \u00e9s rengeteg finoms\u00e1g!\" \/>\n<meta property=\"og:url\" content=\"https:\/\/mokos.hu\/en\/palkonyai-husveti-csaladi-nap-gyerekprogram-husvet-kezmuves-ugralovar-mokos\/\" \/>\n<meta property=\"og:site_name\" content=\"MOKOS\" \/>\n<meta property=\"article:modified_time\" content=\"2025-01-21T12:25:14+00:00\" \/>\n<meta property=\"og:image\" content=\"https:\/\/mokos.hu\/wp-content\/uploads\/2020\/01\/Husvet_FB_event_altalanos.jpg\" \/>\n\t<meta property=\"og:image:width\" content=\"1116\" \/>\n\t<meta property=\"og:image:height\" content=\"628\" \/>\n\t<meta property=\"og:image:type\" content=\"image\/jpeg\" \/>\n<meta name=\"twitter:card\" content=\"summary_large_image\" \/>\n<meta name=\"twitter:label1\" content=\"Est. reading time\" \/>\n\t<meta name=\"twitter:data1\" content=\"2 minutes\" \/>\n<script type=\"application\/ld+json\" class=\"yoast-schema-graph\">{\"@context\":\"https:\/\/schema.org\",\"@graph\":[{\"@type\":\"WebPage\",\"@id\":\"https:\/\/mokos.hu\/palkonyai-husveti-csaladi-nap-gyerekprogram-husvet-kezmuves-ugralovar-mokos\/\",\"url\":\"https:\/\/mokos.hu\/palkonyai-husveti-csaladi-nap-gyerekprogram-husvet-kezmuves-ugralovar-mokos\/\",\"name\":\"VII. H\u00fasv\u00e9ti Csal\u00e1di nap 2020 - H\u00fasv\u00e9t a Mokos Pinc\u00e9szetben -\",\"isPartOf\":{\"@id\":\"https:\/\/mokos.hu\/#website\"},\"primaryImageOfPage\":{\"@id\":\"https:\/\/mokos.hu\/palkonyai-husveti-csaladi-nap-gyerekprogram-husvet-kezmuves-ugralovar-mokos\/#primaryimage\"},\"image\":{\"@id\":\"https:\/\/mokos.hu\/palkonyai-husveti-csaladi-nap-gyerekprogram-husvet-kezmuves-ugralovar-mokos\/#primaryimage\"},\"thumbnailUrl\":\"https:\/\/mokos.hu\/wp-content\/uploads\/2020\/01\/Husvet_FB_event_altalanos.jpg\",\"datePublished\":\"2019-02-03T12:55:10+00:00\",\"dateModified\":\"2025-01-21T12:25:14+00:00\",\"description\":\"H\u00fasv\u00e9t Palkony\u00e1n a Mokos Pinc\u00e9szetn\u00e9l! Eg\u00e9sznapos gyerekprogram: izgalmas vet\u00e9lked\u0151 nyerem\u00e9nyekkel, k\u00e9zm\u0171ves programok, ugr\u00e1l\u00f3v\u00e1r \u00e9s rengeteg finoms\u00e1g!\",\"breadcrumb\":{\"@id\":\"https:\/\/mokos.hu\/palkonyai-husveti-csaladi-nap-gyerekprogram-husvet-kezmuves-ugralovar-mokos\/#breadcrumb\"},\"inLanguage\":\"en-US\",\"potentialAction\":[{\"@type\":\"ReadAction\",\"target\":[\"https:\/\/mokos.hu\/palkonyai-husveti-csaladi-nap-gyerekprogram-husvet-kezmuves-ugralovar-mokos\/\"]}]},{\"@type\":\"ImageObject\",\"inLanguage\":\"en-US\",\"@id\":\"https:\/\/mokos.hu\/palkonyai-husveti-csaladi-nap-gyerekprogram-husvet-kezmuves-ugralovar-mokos\/#primaryimage\",\"url\":\"https:\/\/mokos.hu\/wp-content\/uploads\/2020\/01\/Husvet_FB_event_altalanos.jpg\",\"contentUrl\":\"https:\/\/mokos.hu\/wp-content\/uploads\/2020\/01\/Husvet_FB_event_altalanos.jpg\",\"width\":1116,\"height\":628,\"caption\":\"mokos_pinceszet_palkonyai_husveti_csaladi_nap_program_gyerek_husvet\"},{\"@type\":\"BreadcrumbList\",\"@id\":\"https:\/\/mokos.hu\/palkonyai-husveti-csaladi-nap-gyerekprogram-husvet-kezmuves-ugralovar-mokos\/#breadcrumb\",\"itemListElement\":[{\"@type\":\"ListItem\",\"position\":1,\"name\":\"Home\",\"item\":\"https:\/\/mokos.hu\/\"},{\"@type\":\"ListItem\",\"position\":2,\"name\":\"VII. H\u00fasv\u00e9ti Csal\u00e1di nap 2020 &#8211; H\u00fasv\u00e9t a Mokos Pinc\u00e9szetben\"}]},{\"@type\":\"WebSite\",\"@id\":\"https:\/\/mokos.hu\/#website\",\"url\":\"https:\/\/mokos.hu\/\",\"name\":\"MOKOS\",\"description\":\"Csal\u00e1di Pinc\u00e9szet, Palkonya\",\"publisher\":{\"@id\":\"https:\/\/mokos.hu\/#organization\"},\"potentialAction\":[{\"@type\":\"SearchAction\",\"target\":{\"@type\":\"EntryPoint\",\"urlTemplate\":\"https:\/\/mokos.hu\/?s={search_term_string}\"},\"query-input\":{\"@type\":\"PropertyValueSpecification\",\"valueRequired\":true,\"valueName\":\"search_term_string\"}}],\"inLanguage\":\"en-US\"},{\"@type\":\"Organization\",\"@id\":\"https:\/\/mokos.hu\/#organization\",\"name\":\"MOKOS\",\"url\":\"https:\/\/mokos.hu\/\",\"logo\":{\"@type\":\"ImageObject\",\"inLanguage\":\"en-US\",\"@id\":\"https:\/\/mokos.hu\/#\/schema\/logo\/image\/\",\"url\":\"https:\/\/mokos.hu\/wp-content\/uploads\/2018\/11\/cropped-Mokos_Villanyi-Borvidek-Palkonya-1.png\",\"contentUrl\":\"https:\/\/mokos.hu\/wp-content\/uploads\/2018\/11\/cropped-Mokos_Villanyi-Borvidek-Palkonya-1.png\",\"width\":1000,\"height\":245,\"caption\":\"MOKOS\"},\"image\":{\"@id\":\"https:\/\/mokos.hu\/#\/schema\/logo\/image\/\"}}]}<\/script>\n<!-- \/ Yoast SEO plugin. -->","yoast_head_json":{"title":"VII. H\u00fasv\u00e9ti Csal\u00e1di nap 2020 - H\u00fasv\u00e9t a Mokos Pinc\u00e9szetben -","description":"H\u00fasv\u00e9t Palkony\u00e1n a Mokos Pinc\u00e9szetn\u00e9l! Eg\u00e9sznapos gyerekprogram: izgalmas vet\u00e9lked\u0151 nyerem\u00e9nyekkel, k\u00e9zm\u0171ves programok, ugr\u00e1l\u00f3v\u00e1r \u00e9s rengeteg finoms\u00e1g!","robots":{"index":"index","follow":"follow","max-snippet":"max-snippet:-1","max-image-preview":"max-image-preview:large","max-video-preview":"max-video-preview:-1"},"canonical":"https:\/\/mokos.hu\/en\/palkonyai-husveti-csaladi-nap-gyerekprogram-husvet-kezmuves-ugralovar-mokos\/","og_locale":"en_US","og_type":"article","og_title":"VII. H\u00fasv\u00e9ti Csal\u00e1di nap 2020 - H\u00fasv\u00e9t a Mokos Pinc\u00e9szetben -","og_description":"H\u00fasv\u00e9t Palkony\u00e1n a Mokos Pinc\u00e9szetn\u00e9l! Eg\u00e9sznapos gyerekprogram: izgalmas vet\u00e9lked\u0151 nyerem\u00e9nyekkel, k\u00e9zm\u0171ves programok, ugr\u00e1l\u00f3v\u00e1r \u00e9s rengeteg finoms\u00e1g!","og_url":"https:\/\/mokos.hu\/en\/palkonyai-husveti-csaladi-nap-gyerekprogram-husvet-kezmuves-ugralovar-mokos\/","og_site_name":"MOKOS","article_modified_time":"2025-01-21T12:25:14+00:00","og_image":[{"width":1116,"height":628,"url":"https:\/\/mokos.hu\/wp-content\/uploads\/2020\/01\/Husvet_FB_event_altalanos.jpg","type":"image\/jpeg"}],"twitter_card":"summary_large_image","twitter_misc":{"Est. reading time":"2 minutes"},"schema":{"@context":"https:\/\/schema.org","@graph":[{"@type":"WebPage","@id":"https:\/\/mokos.hu\/palkonyai-husveti-csaladi-nap-gyerekprogram-husvet-kezmuves-ugralovar-mokos\/","url":"https:\/\/mokos.hu\/palkonyai-husveti-csaladi-nap-gyerekprogram-husvet-kezmuves-ugralovar-mokos\/","name":"VII. H\u00fasv\u00e9ti Csal\u00e1di nap 2020 - H\u00fasv\u00e9t a Mokos Pinc\u00e9szetben -","isPartOf":{"@id":"https:\/\/mokos.hu\/#website"},"primaryImageOfPage":{"@id":"https:\/\/mokos.hu\/palkonyai-husveti-csaladi-nap-gyerekprogram-husvet-kezmuves-ugralovar-mokos\/#primaryimage"},"image":{"@id":"https:\/\/mokos.hu\/palkonyai-husveti-csaladi-nap-gyerekprogram-husvet-kezmuves-ugralovar-mokos\/#primaryimage"},"thumbnailUrl":"https:\/\/mokos.hu\/wp-content\/uploads\/2020\/01\/Husvet_FB_event_altalanos.jpg","datePublished":"2019-02-03T12:55:10+00:00","dateModified":"2025-01-21T12:25:14+00:00","description":"H\u00fasv\u00e9t Palkony\u00e1n a Mokos Pinc\u00e9szetn\u00e9l! Eg\u00e9sznapos gyerekprogram: izgalmas vet\u00e9lked\u0151 nyerem\u00e9nyekkel, k\u00e9zm\u0171ves programok, ugr\u00e1l\u00f3v\u00e1r \u00e9s rengeteg finoms\u00e1g!","breadcrumb":{"@id":"https:\/\/mokos.hu\/palkonyai-husveti-csaladi-nap-gyerekprogram-husvet-kezmuves-ugralovar-mokos\/#breadcrumb"},"inLanguage":"en-US","potentialAction":[{"@type":"ReadAction","target":["https:\/\/mokos.hu\/palkonyai-husveti-csaladi-nap-gyerekprogram-husvet-kezmuves-ugralovar-mokos\/"]}]},{"@type":"ImageObject","inLanguage":"en-US","@id":"https:\/\/mokos.hu\/palkonyai-husveti-csaladi-nap-gyerekprogram-husvet-kezmuves-ugralovar-mokos\/#primaryimage","url":"https:\/\/mokos.hu\/wp-content\/uploads\/2020\/01\/Husvet_FB_event_altalanos.jpg","contentUrl":"https:\/\/mokos.hu\/wp-content\/uploads\/2020\/01\/Husvet_FB_event_altalanos.jpg","width":1116,"height":628,"caption":"mokos_pinceszet_palkonyai_husveti_csaladi_nap_program_gyerek_husvet"},{"@type":"BreadcrumbList","@id":"https:\/\/mokos.hu\/palkonyai-husveti-csaladi-nap-gyerekprogram-husvet-kezmuves-ugralovar-mokos\/#breadcrumb","itemListElement":[{"@type":"ListItem","position":1,"name":"Home","item":"https:\/\/mokos.hu\/"},{"@type":"ListItem","position":2,"name":"VII. H\u00fasv\u00e9ti Csal\u00e1di nap 2020 &#8211; H\u00fasv\u00e9t a Mokos Pinc\u00e9szetben"}]},{"@type":"WebSite","@id":"https:\/\/mokos.hu\/#website","url":"https:\/\/mokos.hu\/","name":"MOKOS","description":"Family Winery, Palkonya","publisher":{"@id":"https:\/\/mokos.hu\/#organization"},"potentialAction":[{"@type":"SearchAction","target":{"@type":"EntryPoint","urlTemplate":"https:\/\/mokos.hu\/?s={search_term_string}"},"query-input":{"@type":"PropertyValueSpecification","valueRequired":true,"valueName":"search_term_string"}}],"inLanguage":"en-US"},{"@type":"Organization","@id":"https:\/\/mokos.hu\/#organization","name":"MOKOS","url":"https:\/\/mokos.hu\/","logo":{"@type":"ImageObject","inLanguage":"en-US","@id":"https:\/\/mokos.hu\/#\/schema\/logo\/image\/","url":"https:\/\/mokos.hu\/wp-content\/uploads\/2018\/11\/cropped-Mokos_Villanyi-Borvidek-Palkonya-1.png","contentUrl":"https:\/\/mokos.hu\/wp-content\/uploads\/2018\/11\/cropped-Mokos_Villanyi-Borvidek-Palkonya-1.png","width":1000,"height":245,"caption":"MOKOS"},"image":{"@id":"https:\/\/mokos.hu\/#\/schema\/logo\/image\/"}}]}},"_links":{"self":[{"href":"https:\/\/mokos.hu\/en\/wp-json\/wp\/v2\/pages\/6147","targetHints":{"allow":["GET"]}}],"collection":[{"href":"https:\/\/mokos.hu\/en\/wp-json\/wp\/v2\/pages"}],"about":[{"href":"https:\/\/mokos.hu\/en\/wp-json\/wp\/v2\/types\/page"}],"author":[{"embeddable":true,"href":"https:\/\/mokos.hu\/en\/wp-json\/wp\/v2\/users\/6"}],"replies":[{"embeddable":true,"href":"https:\/\/mokos.hu\/en\/wp-json\/wp\/v2\/comments?post=6147"}],"version-history":[{"count":0,"href":"https:\/\/mokos.hu\/en\/wp-json\/wp\/v2\/pages\/6147\/revisions"}],"wp:featuredmedia":[{"embeddable":true,"href":"https:\/\/mokos.hu\/en\/wp-json\/wp\/v2\/media\/8740"}],"wp:attachment":[{"href":"https:\/\/mokos.hu\/en\/wp-json\/wp\/v2\/media?parent=6147"}],"curies":[{"name":"wp","href":"https:\/\/api.w.org\/{rel}","templated":true}]}}