{"id":61,"date":"2016-02-16T08:51:44","date_gmt":"2016-02-16T07:51:44","guid":{"rendered":"http:\/\/dev.vinolin.hu\/?page_id=61"},"modified":"2025-01-21T14:25:13","modified_gmt":"2025-01-21T12:25:13","slug":"mokosvendeghaz","status":"publish","type":"page","link":"https:\/\/mokos.hu\/en\/mokospinceszet\/mokosvendeghaz\/","title":{"rendered":"Mokos Vend\u00e9gh\u00e1z"},"content":{"rendered":"<p>&nbsp;<\/p>\n<p>Ha bar\u00e1ti t\u00e1rsas\u00e1ggal, vagy csal\u00e1dj\u00e1val \u00e9rkezik a Vill\u00e1nyi Borvid\u00e9kre, \u00e9s sz\u00edvesen megk\u00f3stoln\u00e1 borainkat, megtekinten\u00e9 a Mokos Csal\u00e1di Pinc\u00e9szet birtok\u00e1t, akkor mindehez ide\u00e1lis kiindul\u00f3pont palkonyai vend\u00e9gh\u00e1zunk. A Mokos Vend\u00e9gh\u00e1z a palkonyai t\u00f3 partj\u00e1n, a Mokos Pinc\u00e9szet k\u00f6zel\u00e9ben, csod\u00e1s term\u00e9szeti k\u00f6rnyezetben, a Fekete-hegy l\u00e1b\u00e1n\u00e1l tal\u00e1lhat\u00f3.<\/p>\n<h5><span style=\"color: #333333;\"><strong>A\u00a0MOKOS Vend\u00e9gh\u00e1zban megsz\u00e1ll\u00f3 vend\u00e9geink figyelm\u00e9be aj\u00e1nljuk a k\u00f6vetkez\u0151 programlehet\u0151s\u00e9geket:<\/strong><\/span><\/h5>\n<ul>\n<li>bork\u00f3stol\u00e1s a Mokos Pinc\u00e9szetben<\/li>\n<li>horg\u00e1szat (el\u0151zetes egyeztet\u00e9ssel)<\/li>\n<li>palkonyai pincesor pinc\u00e9inek megl\u00e1togat\u00e1sa<\/li>\n<li>bork\u00f3stol\u00e1ssal egybek\u00f6t\u00f6tt vacsora a Hotel Cabernetben vagy csoportos megrendel\u00e9s eset\u00e9n a Mokos Pinc\u00e9szetben<\/li>\n<li>birtokl\u00e1togat\u00e1s a Mokos Pinc\u00e9szet birtok\u00e1n<\/li>\n<li>csapat\u00e9p\u00edt\u0151 programok<\/li>\n<\/ul>\n<h5><span style=\"color: #333333;\"><strong>Vend\u00e9gh\u00e1zunkban 20 f\u0151t tudunk k\u00e9nyelmesen elsz\u00e1ll\u00e1solni:<\/strong><\/span><\/h5>\n<ul>\n<li>4 db k\u00e9t\u00e1gyas<\/li>\n<li>1 db h\u00e1rom\u00e1gyas<\/li>\n<li>1 db \u00f6t\u00e1gyas szoba<\/li>\n<li>1 db hat\u00e1gyas szoba \u00e1ll vend\u00e9geink rendelkez\u00e9s\u00e9re.<\/li>\n<\/ul>\n<p>Ebb\u0151l 1 h\u00e1rom\u00e1gyas \u00e9s 1 k\u00e9t\u00e1gyas szoba apartmanszer\u0171en egybe nyithat\u00f3 \u00e9s k\u00f6z\u00f6s f\u00fcrd\u0151szob\u00e1val rendelkezik, k\u00fcl\u00f6n tusol\u00f3val \u00e9s k\u00fcl\u00f6n wc-vel. A t\u00f6bbi szoba mind saj\u00e1t f\u00fcrd\u0151szob\u00e1val ell\u00e1tott.<br \/>\nA vend\u00e9gh\u00e1z egy hatalmas, parkett\u00e1s k\u00f6z\u00f6ss\u00e9gi t\u00e9rrel is rendelkezik, ahol ak\u00e1r a teljes vend\u00e9gh\u00e1z kib\u00e9rl\u00e9se eset\u00e9n borozgat\u00f3s-zen\u00e9s-t\u00e1ncos est\u00e9t is tarthatnak vend\u00e9geink. Ugyanakkor a\u00a0szob\u00e1k k\u00fcl\u00f6n-k\u00fcl\u00f6n, egym\u00e1st\u00f3l f\u00fcggetlen\u00fcl is lefoglalhat\u00f3k.<br \/>\nA szob\u00e1kban \u00e1gy, asztal valamint sz\u00e9kek tal\u00e1lhat\u00f3ak. \u00c1gynem\u0171t \u00e9s t\u00f6r\u00f6lk\u00f6z\u0151t biztos\u00edtunk!<br \/>\nTV csak a k\u00f6z\u00f6ss\u00e9gi t\u00e9rben tal\u00e1lhat\u00f3.<\/p>\n<h4><\/h4>\n<h4><span style=\"color: #333333;\"><strong>Sz\u00e1ll\u00e1sd\u00edjak<\/strong><\/span><\/h4>\n<table style=\"height: 174px;\" width=\"708\">\n<tbody>\n<tr>\n<td colspan=\"4\" width=\"612\"><strong><span style=\"color: #000000;\">A szoba \u00e1rak<\/span> <span style=\"color: #000000;\">(kiv\u00e9ve kiemelt id\u0151szakok):<\/span><\/strong><\/td>\n<\/tr>\n<tr>\n<td width=\"154\">\u00a0<span style=\"color: #800000;\"><strong>K\u00e9t\u00e1gyas szoba<\/strong><\/span><\/td>\n<td width=\"174\"><span style=\"color: #800000;\"><strong>H\u00e1rom\u00e1gyas szoba<\/strong><\/span><\/td>\n<td width=\"147\"><span style=\"color: #800000;\"><strong>\u00d6t\u00e1gyas szoba<\/strong><\/span><\/td>\n<td width=\"136\"><span style=\"color: #800000;\"><strong>Hat\u00e1gyas szoba<\/strong><\/span><\/td>\n<\/tr>\n<tr>\n<td width=\"154\"><span style=\"color: #800000;\">\u00a0Ft\/szoba\/\u00e9j<\/span><\/td>\n<td width=\"174\"><span style=\"color: #800000;\">Ft\/szoba\/\u00e9j<\/span><\/td>\n<td colspan=\"2\" width=\"283\"><span style=\"color: #800000;\">Ft\/szoba\/\u00e9j \u00a0 \u00a0 \u00a0 \u00a0 \u00a0 \u00a0 \u00a0 \u00a0 \u00a0 \u00a0 \u00a0 \u00a0 \u00a0Ft\/szoba\/\u00e9j<\/span><\/td>\n<\/tr>\n<tr>\n<td width=\"154\">12.000 Ft<\/td>\n<td width=\"174\">17.000 Ft<\/td>\n<td width=\"147\">27.000 Ft<\/td>\n<td width=\"136\">32.000 Ft<\/td>\n<\/tr>\n<\/tbody>\n<\/table>\n<p>&nbsp;<\/p>\n<table style=\"height: 174px;\" width=\"708\">\n<tbody>\n<tr>\n<td colspan=\"4\" width=\"612\"><strong><span style=\"color: #000000;\">Kiemelt id\u0151szaki szoba \u00e1rak*<\/span><\/strong><\/td>\n<\/tr>\n<tr>\n<td width=\"154\">\u00a0<span style=\"color: #800000;\"><strong>K\u00e9t\u00e1gyas szoba<\/strong><\/span><\/td>\n<td width=\"174\"><span style=\"color: #800000;\"><strong>H\u00e1rom\u00e1gyas szoba<\/strong><\/span><\/td>\n<td width=\"147\"><span style=\"color: #800000;\"><strong>\u00d6t\u00e1gyas szoba<\/strong><\/span><\/td>\n<td width=\"136\"><span style=\"color: #800000;\"><strong>Hat\u00e1gyas szoba<\/strong><\/span><\/td>\n<\/tr>\n<tr>\n<td width=\"154\"><span style=\"color: #800000;\">\u00a0Ft\/szoba\/\u00e9j<\/span><\/td>\n<td width=\"174\"><span style=\"color: #800000;\">Ft\/szoba\/\u00e9j<\/span><\/td>\n<td colspan=\"2\" width=\"283\"><span style=\"color: #800000;\">Ft\/szoba\/\u00e9j \u00a0 \u00a0 \u00a0 \u00a0 \u00a0 \u00a0 \u00a0 \u00a0 \u00a0 \u00a0 \u00a0 \u00a0 \u00a0Ft\/szoba\/\u00e9j<\/span><\/td>\n<\/tr>\n<tr>\n<td width=\"154\">15.000 Ft<\/td>\n<td width=\"174\">21.000 Ft<\/td>\n<td width=\"147\">33.000 Ft<\/td>\n<td width=\"136\">39.000 Ft<\/td>\n<\/tr>\n<\/tbody>\n<\/table>\n<p><strong>A felt\u00fcntetett \u00e1rak az idegenforgalmi ad\u00f3t NEM tartalmazz\u00e1k, melynek \u00f6sszege 300 Ft\/f\u0151\/\u00e9j.<\/strong><\/p>\n<p><strong>*Kiemelt id\u0151szakok:<\/strong> H\u00fa!SV\u00c9T (04. 18), Palkonyai D\u0171l\u0151fut\u00e1s (04. 25.), Borzsong\u00e1s (05.01-03.), P\u00fcnk\u00f6sdi Nyitott Pinc\u00e9k (05. 30-31.), \u00d6rd\u00f6gkatlan Fesztiv\u00e1l (07.28-08.01.), Vill\u00e1nyi v\u00f6r\u00f6sborfesztiv\u00e1l (10. 02-04.), Szilveszter (12. 31.). \u00a0\u00d6rd\u00f6gkatlan Fesztiv\u00e1l alatt minimum 3 \u00e9jre, Szilveszterkor pedig minimum 2 \u00e9jre foglalhat\u00f3 sz\u00e1ll\u00e1s.<\/p>\n<p><strong>P\u00f3t\u00e1gy:\u00a04000 Ft\/F\u0151\/\u00e9j<\/strong><\/p>\n<p>A szoba\u00e1r a reggelit nem tartalmazza. Sv\u00e9dasztalos hideg reggelire (1000 Ft\/f\u0151), vagy meleg reggelire a vill\u00e1nyk\u00f6vesdi Hotel Cabernetben (2000 Ft\/f\u0151) van lehet\u0151s\u00e9g. Meleg reggeli a Mokos Pinc\u00e9szetben csak 20 f\u0151 vagy 20 f\u0151 megfizet\u00e9se eset\u00e9n lehets\u00e9ges, melynek \u00f6sszege 2500 Ft\/f\u0151.<br \/>\nA meleg reggeli tartalma:<\/p>\n<ul>\n<li>2 f\u00e9le sajt (trappista, f\u00fcst\u00f6lt)<\/li>\n<li>sonk\u00e1s szal\u00e1mi, paprik\u00e1s \u00e9s csemege szal\u00e1mi<\/li>\n<li>stifolder \u00e9s f\u00fcst\u00f6lt kolb\u00e1sz<\/li>\n<li>paradicsom, paprika, uborka, lilahagyma vagy \u00fajhagyma, cs\u00edp\u0151s paprika<\/li>\n<li>feh\u00e9r \u00e9s barna keny\u00e9r, kifli, zsemle<\/li>\n<li>virsli \/ toj\u00e1sr\u00e1ntotta<\/li>\n<li>k\u00e1v\u00e9, tea, gy\u00fcm\u00f6lcslevek<\/li>\n<li>natur \u00e9s gy\u00fcm\u00f6lcs joghurt<\/li>\n<\/ul>\n<h4><strong><a class=\"ajanlat-gomb\" href=\"\/en\/hotelcabernet\/foglalas\/?tipus=foglalas\" target=\"_blank\" rel=\"noopener noreferrer\">Foglalni szeretn\u00e9k!<\/a><\/strong><\/h4>\n<p>&nbsp;<\/p>\n<p><strong>More information:<br \/>\n<\/strong>Vikt\u00f3ria Mokos<em><br \/>\n<\/em>Phone: +36 70 425 03 34<br \/>\nE-mail: <a href=\"mailto:szervezes@mokos.hu\">szervezes@mokos.hu<\/a><br \/>\n7771, Palkonya, Hegyalja u. 1.<\/p>","protected":false},"excerpt":{"rendered":"<p>&nbsp; Ha bar\u00e1ti t\u00e1rsas\u00e1ggal, vagy csal\u00e1dj\u00e1val \u00e9rkezik a Vill\u00e1nyi Borvid\u00e9kre, \u00e9s sz\u00edvesen megk\u00f3stoln\u00e1 borainkat, megtekinten\u00e9 a Mokos Csal\u00e1di Pinc\u00e9szet birtok\u00e1t, akkor mindehez ide\u00e1lis kiindul\u00f3pont palkonyai vend\u00e9gh\u00e1zunk. A Mokos Vend\u00e9gh\u00e1z a&hellip;<\/p>","protected":false},"author":1,"featured_media":0,"parent":59,"menu_order":0,"comment_status":"closed","ping_status":"closed","template":"","meta":{"_acf_changed":false,"footnotes":""},"class_list":["post-61","page","type-page","status-publish","hentry"],"acf":[],"yoast_head":"<!-- This site is optimized with the Yoast SEO plugin v27.1.1 - https:\/\/yoast.com\/product\/yoast-seo-wordpress\/ -->\n<title>Mokos Vend\u00e9gh\u00e1z - MOKOS<\/title>\n<meta name=\"robots\" content=\"index, follow, max-snippet:-1, max-image-preview:large, max-video-preview:-1\" \/>\n<link rel=\"canonical\" href=\"https:\/\/mokos.hu\/en\/mokospinceszet\/mokosvendeghaz\/\" \/>\n<meta property=\"og:locale\" content=\"en_US\" \/>\n<meta property=\"og:type\" content=\"article\" \/>\n<meta property=\"og:title\" content=\"Mokos Vend\u00e9gh\u00e1z - MOKOS\" \/>\n<meta property=\"og:description\" content=\"&nbsp; Ha bar\u00e1ti t\u00e1rsas\u00e1ggal, vagy csal\u00e1dj\u00e1val \u00e9rkezik a Vill\u00e1nyi Borvid\u00e9kre, \u00e9s sz\u00edvesen megk\u00f3stoln\u00e1 borainkat, megtekinten\u00e9 a Mokos Csal\u00e1di Pinc\u00e9szet birtok\u00e1t, akkor mindehez ide\u00e1lis kiindul\u00f3pont palkonyai vend\u00e9gh\u00e1zunk. A Mokos Vend\u00e9gh\u00e1z a&hellip;\" \/>\n<meta property=\"og:url\" content=\"https:\/\/mokos.hu\/en\/mokospinceszet\/mokosvendeghaz\/\" \/>\n<meta property=\"og:site_name\" content=\"MOKOS\" \/>\n<meta property=\"article:modified_time\" content=\"2025-01-21T12:25:13+00:00\" \/>\n<meta name=\"twitter:card\" content=\"summary_large_image\" \/>\n<meta name=\"twitter:label1\" content=\"Est. reading time\" \/>\n\t<meta name=\"twitter:data1\" content=\"3 minutes\" \/>\n<script type=\"application\/ld+json\" class=\"yoast-schema-graph\">{\"@context\":\"https:\/\/schema.org\",\"@graph\":[{\"@type\":\"WebPage\",\"@id\":\"https:\/\/mokos.hu\/mokospinceszet\/mokosvendeghaz\/\",\"url\":\"https:\/\/mokos.hu\/mokospinceszet\/mokosvendeghaz\/\",\"name\":\"Mokos Vend\u00e9gh\u00e1z - MOKOS\",\"isPartOf\":{\"@id\":\"https:\/\/mokos.hu\/#website\"},\"datePublished\":\"2016-02-16T07:51:44+00:00\",\"dateModified\":\"2025-01-21T12:25:13+00:00\",\"breadcrumb\":{\"@id\":\"https:\/\/mokos.hu\/mokospinceszet\/mokosvendeghaz\/#breadcrumb\"},\"inLanguage\":\"en-US\",\"potentialAction\":[{\"@type\":\"ReadAction\",\"target\":[\"https:\/\/mokos.hu\/mokospinceszet\/mokosvendeghaz\/\"]}]},{\"@type\":\"BreadcrumbList\",\"@id\":\"https:\/\/mokos.hu\/mokospinceszet\/mokosvendeghaz\/#breadcrumb\",\"itemListElement\":[{\"@type\":\"ListItem\",\"position\":1,\"name\":\"Home\",\"item\":\"https:\/\/mokos.hu\/\"},{\"@type\":\"ListItem\",\"position\":2,\"name\":\"Mokos Pinc\u00e9szet\",\"item\":\"https:\/\/mokos.hu\/mokospinceszet\/\"},{\"@type\":\"ListItem\",\"position\":3,\"name\":\"Mokos Vend\u00e9gh\u00e1z\"}]},{\"@type\":\"WebSite\",\"@id\":\"https:\/\/mokos.hu\/#website\",\"url\":\"https:\/\/mokos.hu\/\",\"name\":\"MOKOS\",\"description\":\"Csal\u00e1di Pinc\u00e9szet, Palkonya\",\"publisher\":{\"@id\":\"https:\/\/mokos.hu\/#organization\"},\"potentialAction\":[{\"@type\":\"SearchAction\",\"target\":{\"@type\":\"EntryPoint\",\"urlTemplate\":\"https:\/\/mokos.hu\/?s={search_term_string}\"},\"query-input\":{\"@type\":\"PropertyValueSpecification\",\"valueRequired\":true,\"valueName\":\"search_term_string\"}}],\"inLanguage\":\"en-US\"},{\"@type\":\"Organization\",\"@id\":\"https:\/\/mokos.hu\/#organization\",\"name\":\"MOKOS\",\"url\":\"https:\/\/mokos.hu\/\",\"logo\":{\"@type\":\"ImageObject\",\"inLanguage\":\"en-US\",\"@id\":\"https:\/\/mokos.hu\/#\/schema\/logo\/image\/\",\"url\":\"https:\/\/mokos.hu\/wp-content\/uploads\/2018\/11\/cropped-Mokos_Villanyi-Borvidek-Palkonya-1.png\",\"contentUrl\":\"https:\/\/mokos.hu\/wp-content\/uploads\/2018\/11\/cropped-Mokos_Villanyi-Borvidek-Palkonya-1.png\",\"width\":1000,\"height\":245,\"caption\":\"MOKOS\"},\"image\":{\"@id\":\"https:\/\/mokos.hu\/#\/schema\/logo\/image\/\"}}]}<\/script>\n<!-- \/ Yoast SEO plugin. -->","yoast_head_json":{"title":"Mokos Vend\u00e9gh\u00e1z - MOKOS","robots":{"index":"index","follow":"follow","max-snippet":"max-snippet:-1","max-image-preview":"max-image-preview:large","max-video-preview":"max-video-preview:-1"},"canonical":"https:\/\/mokos.hu\/en\/mokospinceszet\/mokosvendeghaz\/","og_locale":"en_US","og_type":"article","og_title":"Mokos Vend\u00e9gh\u00e1z - MOKOS","og_description":"&nbsp; Ha bar\u00e1ti t\u00e1rsas\u00e1ggal, vagy csal\u00e1dj\u00e1val \u00e9rkezik a Vill\u00e1nyi Borvid\u00e9kre, \u00e9s sz\u00edvesen megk\u00f3stoln\u00e1 borainkat, megtekinten\u00e9 a Mokos Csal\u00e1di Pinc\u00e9szet birtok\u00e1t, akkor mindehez ide\u00e1lis kiindul\u00f3pont palkonyai vend\u00e9gh\u00e1zunk. A Mokos Vend\u00e9gh\u00e1z a&hellip;","og_url":"https:\/\/mokos.hu\/en\/mokospinceszet\/mokosvendeghaz\/","og_site_name":"MOKOS","article_modified_time":"2025-01-21T12:25:13+00:00","twitter_card":"summary_large_image","twitter_misc":{"Est. reading time":"3 minutes"},"schema":{"@context":"https:\/\/schema.org","@graph":[{"@type":"WebPage","@id":"https:\/\/mokos.hu\/mokospinceszet\/mokosvendeghaz\/","url":"https:\/\/mokos.hu\/mokospinceszet\/mokosvendeghaz\/","name":"Mokos Vend\u00e9gh\u00e1z - MOKOS","isPartOf":{"@id":"https:\/\/mokos.hu\/#website"},"datePublished":"2016-02-16T07:51:44+00:00","dateModified":"2025-01-21T12:25:13+00:00","breadcrumb":{"@id":"https:\/\/mokos.hu\/mokospinceszet\/mokosvendeghaz\/#breadcrumb"},"inLanguage":"en-US","potentialAction":[{"@type":"ReadAction","target":["https:\/\/mokos.hu\/mokospinceszet\/mokosvendeghaz\/"]}]},{"@type":"BreadcrumbList","@id":"https:\/\/mokos.hu\/mokospinceszet\/mokosvendeghaz\/#breadcrumb","itemListElement":[{"@type":"ListItem","position":1,"name":"Home","item":"https:\/\/mokos.hu\/"},{"@type":"ListItem","position":2,"name":"Mokos Pinc\u00e9szet","item":"https:\/\/mokos.hu\/mokospinceszet\/"},{"@type":"ListItem","position":3,"name":"Mokos Vend\u00e9gh\u00e1z"}]},{"@type":"WebSite","@id":"https:\/\/mokos.hu\/#website","url":"https:\/\/mokos.hu\/","name":"MOKOS","description":"Family Winery, Palkonya","publisher":{"@id":"https:\/\/mokos.hu\/#organization"},"potentialAction":[{"@type":"SearchAction","target":{"@type":"EntryPoint","urlTemplate":"https:\/\/mokos.hu\/?s={search_term_string}"},"query-input":{"@type":"PropertyValueSpecification","valueRequired":true,"valueName":"search_term_string"}}],"inLanguage":"en-US"},{"@type":"Organization","@id":"https:\/\/mokos.hu\/#organization","name":"MOKOS","url":"https:\/\/mokos.hu\/","logo":{"@type":"ImageObject","inLanguage":"en-US","@id":"https:\/\/mokos.hu\/#\/schema\/logo\/image\/","url":"https:\/\/mokos.hu\/wp-content\/uploads\/2018\/11\/cropped-Mokos_Villanyi-Borvidek-Palkonya-1.png","contentUrl":"https:\/\/mokos.hu\/wp-content\/uploads\/2018\/11\/cropped-Mokos_Villanyi-Borvidek-Palkonya-1.png","width":1000,"height":245,"caption":"MOKOS"},"image":{"@id":"https:\/\/mokos.hu\/#\/schema\/logo\/image\/"}}]}},"_links":{"self":[{"href":"https:\/\/mokos.hu\/en\/wp-json\/wp\/v2\/pages\/61","targetHints":{"allow":["GET"]}}],"collection":[{"href":"https:\/\/mokos.hu\/en\/wp-json\/wp\/v2\/pages"}],"about":[{"href":"https:\/\/mokos.hu\/en\/wp-json\/wp\/v2\/types\/page"}],"author":[{"embeddable":true,"href":"https:\/\/mokos.hu\/en\/wp-json\/wp\/v2\/users\/1"}],"replies":[{"embeddable":true,"href":"https:\/\/mokos.hu\/en\/wp-json\/wp\/v2\/comments?post=61"}],"version-history":[{"count":0,"href":"https:\/\/mokos.hu\/en\/wp-json\/wp\/v2\/pages\/61\/revisions"}],"up":[{"embeddable":true,"href":"https:\/\/mokos.hu\/en\/wp-json\/wp\/v2\/pages\/59"}],"wp:attachment":[{"href":"https:\/\/mokos.hu\/en\/wp-json\/wp\/v2\/media?parent=61"}],"curies":[{"name":"wp","href":"https:\/\/api.w.org\/{rel}","templated":true}]}}