{"id":59,"date":"2016-02-16T08:51:24","date_gmt":"2016-02-16T07:51:24","guid":{"rendered":"http:\/\/dev.vinolin.hu\/?page_id=59"},"modified":"2025-04-03T08:52:28","modified_gmt":"2025-04-03T06:52:28","slug":"mokospinceszet","status":"publish","type":"page","link":"https:\/\/mokos.hu\/en\/mokospinceszet\/","title":{"rendered":"Mokos Winery"},"content":{"rendered":"<div class=\"wpb-content-wrapper\"><div class=\"vc_row wpb_row vc_row-fluid\"><div class=\"wpb_column vc_column_container vc_col-sm-12\"><div class=\"vc_column-inner\"><div class=\"wpb_wrapper\">\n\t<div class=\"wpb_text_column wpb_content_element\" >\n\t\t<div class=\"wpb_wrapper\">\n\t\t\t<h4><b>Our Family Winery<\/b><\/h4>\n<h5><em>The Tradition of Three Generations<\/em><\/h5>\n<p><span style=\"font-weight: 400;\">For three generations, our family winery has been a key player in the <\/span><b>Vill\u00e1ny Wine Region<\/b><span style=\"font-weight: 400;\">, we are present <\/span><b>Palkonya and Vill\u00e1nyk\u00f6ves<\/b><span style=\"font-weight: 400;\"> equally. The year 2003 was a turning point for us: that was when G\u00e1bor Mokos <\/span><b>the planting of 15 hectares of vines<\/b><span style=\"font-weight: 400;\"> Palkonya, in the Weingarten vineyard, complemented by the family heirloom <\/span><b>plantations in Vill\u00e1nyk\u00f6vesd<\/b><span style=\"font-weight: 400;\">. in 2018, we continued to expand our areas, <\/span><b>2 hectares of white grapes<\/b><span style=\"font-weight: 400;\">, allowing us to create an even more varied wine list.<\/span><\/p>\n<h3><\/h3>\n<h4><b>Experiences and Development <\/b><\/h4>\n<h5><em>More Than Winery<\/em><\/h5>\n<p><span style=\"font-weight: 400;\">Our aim is to bring magical wine villages such as <\/span><b>Palkonya and Vill\u00e1nyk\u00f6vesd<\/b><span style=\"font-weight: 400;\">, to become more bubbly. At the heart of our development is always the <\/span><b>experiential hospitality<\/b><span style=\"font-weight: 400;\"> we not only offer excellent wines, but also <\/span><b>gastronomic, cultural and leisure activities<\/b><span style=\"font-weight: 400;\"> is.<\/span><\/p>\n<p><b>In 2013, a new era began in the life of our winery:<\/b><span style=\"font-weight: 400;\"> on the hillside above the fish ponds, opposite the palkonya cellar row <\/span><b>our 360-seat cellar theatre<\/b><span style=\"font-weight: 400;\">, where the <\/span><b>wine and culture<\/b><span style=\"font-weight: 400;\"> meet in a special environment.<\/span><\/p>\n<h3><\/h3>\n<h4><b>Modern Technology, Traditional Winery<\/b><\/h4>\n<h5><em>Gravitational winery\u00a0<\/em><\/h5>\n<p><span style=\"font-weight: 400;\">Palkonya is a former, abandoned <strong>deep in the quarry, our gravity winery<\/strong> building is not only the <\/span><b>using the most modern oenological technology<\/b><span style=\"font-weight: 400;\"> is equipped, but also houses a <\/span><b>barrique barrel ageing, a 90-seat tasting room and a breathtaking panoramic terrace<\/b><span style=\"font-weight: 400;\">.<\/span><\/p>\n<p><span style=\"font-weight: 400;\">A <\/span><b>Winery of 4500 square metres<\/b><span style=\"font-weight: 400;\"> is today one of the outstanding attractions of Palkonya and the entire Vill\u00e1ny Wine Region.<\/span><\/p>\n\n\t\t<\/div>\n\t<\/div>\n\n\t<div class=\"wpb_text_column wpb_content_element\" >\n\t\t<div class=\"wpb_wrapper\">\n\t\t\t<h4><strong>Vill\u00e1ny premium wines<\/strong><\/h4>\n\n\t\t<\/div>\n\t<\/div>\n<div class=\"vc_empty_space\"   style=\"height: 20px\"><span class=\"vc_empty_space_inner\"><\/span><\/div><div class=\"vc_row wpb_row vc_inner vc_row-fluid\"><div class=\"wpb_column vc_column_container vc_col-sm-6\"><div class=\"vc_column-inner\"><div class=\"wpb_wrapper\"><div class=\"vc-hoverbox-wrapper  wpb_animate_when_almost_visible wpb_fadeIn fadeIn vc-hoverbox-shape--rounded vc-hoverbox-align--center vc-hoverbox-direction--default vc-hoverbox-width--100\"  ontouchstart=\"\">\n  <div class=\"vc-hoverbox\">\n    <div class=\"vc-hoverbox-inner\">\n      <div class=\"vc-hoverbox-block vc-hoverbox-front\" style=\"background-image: url(https:\/\/mokos.hu\/wp-content\/uploads\/2025\/03\/247A0778-1024x682.jpg);\">\n        <div class=\"vc-hoverbox-block-inner vc-hoverbox-front-inner\">\n            \n        <\/div>\n      <\/div>\n      <div class=\"vc-hoverbox-block vc-hoverbox-back\" style=\"background-color: #ffffff;\">\n        <div class=\"vc-hoverbox-block-inner vc-hoverbox-back-inner\">\n            <h2 style=\"text-align:center\">Taste the flavours of the wine region!<\/h2>\n            \n            <div class=\"vc_btn3-container  wpb_animate_when_almost_visible wpb_fadeIn fadeIn vc_btn3-inline vc_do_btn\" ><a class=\"vc_general vc_btn3 vc_btn3-size-md vc_btn3-shape-rounded vc_btn3-style-modern vc_btn3-icon-left vc_btn3-color-grey\" href=\"https:\/\/mokos.hu\/en\/product-category\/electricity_mokos_borok\/\" title=\"\"><i class=\"vc_btn3-icon fas fa-shopping-basket\"><\/i> Buy directly from our webshop!<\/a><\/div>\n        <\/div>\n      <\/div>\n    <\/div>\n  <\/div>\n<\/div><\/div><\/div><\/div><div class=\"wpb_column vc_column_container vc_col-sm-6\"><div class=\"vc_column-inner\"><div class=\"wpb_wrapper\">\n\t<div class=\"wpb_text_column wpb_content_element\" >\n\t\t<div class=\"wpb_wrapper\">\n\t\t\t<p><span style=\"font-weight: 400;\">A <\/span><b>Vill\u00e1ny Wine Region<\/b><span style=\"font-weight: 400;\"> Mediterranean climate gives us the opportunity every year to <\/span><b>with a beautiful harvest<\/b><span style=\"font-weight: 400;\"> get richer. Our vineyards thus provide us every year with excellent raw materials from which we can <\/span><b>high level of professional knowledge<\/b><span style=\"font-weight: 400;\"> and the <\/span><b>modern technological tools<\/b><span style=\"font-weight: 400;\"> via <\/span><b>fine wines<\/b><span style=\"font-weight: 400;\"> we can make. In this way, our wines <\/span><b>international recognition<\/b><span style=\"font-weight: 400;\"> they win.<\/span><\/p>\n<p><span style=\"font-weight: 400;\">In our vineyards you can find the typical <\/span><b>national and international grape varieties<\/b><span style=\"font-weight: 400;\">, as in <\/span><b>blueport<\/b><span style=\"font-weight: 400;\">, <\/span><b>blue franc<\/b><span style=\"font-weight: 400;\">, <\/span><b>pinot noir<\/b><span style=\"font-weight: 400;\">, <\/span><b>merlot<\/b><span style=\"font-weight: 400;\">, <\/span><b>cabernet franc<\/b><span style=\"font-weight: 400;\"> and the <\/span><b>cabernet sauvignon<\/b><span style=\"font-weight: 400;\">all of which contribute to the unique character of our wines.<\/span><\/p>\n\n\t\t<\/div>\n\t<\/div>\n<\/div><\/div><\/div><\/div><div class=\"vc_empty_space\"   style=\"height: 45px\"><span class=\"vc_empty_space_inner\"><\/span><\/div>\n\t<div class=\"wpb_text_column wpb_content_element\" >\n\t\t<div class=\"wpb_wrapper\">\n\t\t\t<h4><strong>Fruit wine specialities<\/strong><\/h4>\n\n\t\t<\/div>\n\t<\/div>\n<div class=\"vc_empty_space\"   style=\"height: 20px\"><span class=\"vc_empty_space_inner\"><\/span><\/div><div class=\"vc_row wpb_row vc_inner vc_row-fluid\"><div class=\"wpb_column vc_column_container vc_col-sm-6\"><div class=\"vc_column-inner\"><div class=\"wpb_wrapper\"><div class=\"vc-hoverbox-wrapper  wpb_animate_when_almost_visible wpb_fadeIn fadeIn vc-hoverbox-shape--rounded vc-hoverbox-align--center vc-hoverbox-direction--default vc-hoverbox-width--100\"  ontouchstart=\"\">\n  <div class=\"vc-hoverbox\">\n    <div class=\"vc-hoverbox-inner\">\n      <div class=\"vc-hoverbox-block vc-hoverbox-front\" style=\"background-image: url(https:\/\/mokos.hu\/wp-content\/uploads\/2025\/03\/247A0754-1024x683.jpg);\">\n        <div class=\"vc-hoverbox-block-inner vc-hoverbox-front-inner\">\n            \n        <\/div>\n      <\/div>\n      <div class=\"vc-hoverbox-block vc-hoverbox-back\" style=\"background-color: #ffffff;\">\n        <div class=\"vc-hoverbox-block-inner vc-hoverbox-back-inner\">\n            <h2 style=\"text-align:center\">Be part of the taste experience!<\/h2>\n            \n            <div class=\"vc_btn3-container  wpb_animate_when_almost_visible wpb_fadeIn fadeIn vc_btn3-inline vc_do_btn\" ><a class=\"vc_general vc_btn3 vc_btn3-size-md vc_btn3-shape-rounded vc_btn3-style-modern vc_btn3-icon-left vc_btn3-color-grey\" href=\"https:\/\/mokos.hu\/en\/product-category\/mokos_gyumolcscs-wines\/\" title=\"\"><i class=\"vc_btn3-icon fas fa-shopping-basket\"><\/i> Buy directly from our webshop!<\/a><\/div>\n        <\/div>\n      <\/div>\n    <\/div>\n  <\/div>\n<\/div><\/div><\/div><\/div><div class=\"wpb_column vc_column_container vc_col-sm-6\"><div class=\"vc_column-inner\"><div class=\"wpb_wrapper\">\n\t<div class=\"wpb_text_column wpb_content_element\" >\n\t\t<div class=\"wpb_wrapper\">\n\t\t\t<p><span style=\"font-weight: 400;\">Our winery has been producing premium wines for almost two decades <\/span><b>fruit wines<\/b><span style=\"font-weight: 400;\"> in a unique way in our country. It is important for us that our fruit wines are exclusively <\/span><b>fresh, juicy local fruit<\/b><span style=\"font-weight: 400;\"> produce, <\/span><b>without water, colours and flavourings<\/b><span style=\"font-weight: 400;\">. All with the highest level of care and attention.<\/span><\/p>\n<p><span style=\"font-weight: 400;\">The raw material for our fruit wines <\/span><b>The best fruits from our 45 hectares of orchards<\/b><span style=\"font-weight: 400;\">which are delivered to the processor immediately after harvesting. The fruit is washed and cored in the <\/span><b>within 30 minutes after harvest<\/b><span style=\"font-weight: 400;\"> is done, thus ensuring the <\/span><b>preservation of fresh flavours<\/b><span style=\"font-weight: 400;\">. The fermentation process is closed to oxygen, <\/span><b>takes place in a refrigerated environment<\/b><span style=\"font-weight: 400;\">that the <\/span><b>intense, natural fruit flavours<\/b><span style=\"font-weight: 400;\"> be preserved.<\/span><\/p>\n\n\t\t<\/div>\n\t<\/div>\n<\/div><\/div><\/div><\/div><div class=\"vc_empty_space\"   style=\"height: 45px\"><span class=\"vc_empty_space_inner\"><\/span><\/div>\n\t<div class=\"wpb_text_column wpb_content_element\" >\n\t\t<div class=\"wpb_wrapper\">\n\t\t\t<h4><strong>Wedding at Mokos Winery<\/strong><\/h4>\n\n\t\t<\/div>\n\t<\/div>\n<div class=\"vc_empty_space\"   style=\"height: 20px\"><span class=\"vc_empty_space_inner\"><\/span><\/div><div class=\"vc_row wpb_row vc_inner vc_row-fluid\"><div class=\"wpb_column vc_column_container vc_col-sm-6\"><div class=\"vc_column-inner\"><div class=\"wpb_wrapper\"><div class=\"vc-hoverbox-wrapper  wpb_animate_when_almost_visible wpb_fadeIn fadeIn vc-hoverbox-shape--rounded vc-hoverbox-align--center vc-hoverbox-direction--default vc-hoverbox-width--100\"  ontouchstart=\"\">\n  <div class=\"vc-hoverbox\">\n    <div class=\"vc-hoverbox-inner\">\n      <div class=\"vc-hoverbox-block vc-hoverbox-front\" style=\"background-image: url(https:\/\/mokos.hu\/wp-content\/uploads\/2025\/03\/Mokos_Pincesze_Eskuvo_Eskuvohelyszin_szabadter_topart_termeszetkozeli_modern_exkluziv_boraszat_rendezvenyterem-1-1024x683.jpeg);\">\n        <div class=\"vc-hoverbox-block-inner vc-hoverbox-front-inner\">\n            \n        <\/div>\n      <\/div>\n      <div class=\"vc-hoverbox-block vc-hoverbox-back\" style=\"background-color: #ffffff;\">\n        <div class=\"vc-hoverbox-block-inner vc-hoverbox-back-inner\">\n            <h2 style=\"text-align:center\">Lifelong experiences in the wine region<\/h2>\n            \n            <div class=\"vc_btn3-container  wpb_animate_when_almost_visible wpb_fadeIn fadeIn vc_btn3-inline vc_do_btn\" ><a class=\"vc_general vc_btn3 vc_btn3-size-md vc_btn3-shape-rounded vc_btn3-style-modern vc_btn3-icon-left vc_btn3-color-grey\" href=\"https:\/\/mokos.hu\/en\/eskuvo-location\/\" title=\"\"><i class=\"vc_btn3-icon fas fa-glass-cheers\"><\/i> Go to the wedding venue!<\/a><\/div>\n        <\/div>\n      <\/div>\n    <\/div>\n  <\/div>\n<\/div><\/div><\/div><\/div><div class=\"wpb_column vc_column_container vc_col-sm-6\"><div class=\"vc_column-inner\"><div class=\"wpb_wrapper\">\n\t<div class=\"wpb_text_column wpb_content_element\" >\n\t\t<div class=\"wpb_wrapper\">\n\t\t\t<p><span style=\"font-weight: 400;\">There is no more amazing experience than <\/span><b>against a picturesque background<\/b><span style=\"font-weight: 400;\">, for life <\/span><b>\"Yes\"<\/b><span style=\"font-weight: 400;\"> to say. Our winery and <\/span><b>our family estate<\/b><span style=\"font-weight: 400;\"> magical wedding venue, which is <\/span><b>In the fabulous embrace of Vill\u00e1ny Wine Region<\/b><span style=\"font-weight: 400;\"> located in. The impressive, <\/span><b>360-seat theatre and event hall<\/b><span style=\"font-weight: 400;\"> professional technical background to ensure <\/span><b>small and large weddings<\/b><span style=\"font-weight: 400;\"> the ideal location for.<\/span><\/p>\n<p><span style=\"font-weight: 400;\">A <\/span><b>romantic setting<\/b><span style=\"font-weight: 400;\"> and the <\/span><b>quality services<\/b><span style=\"font-weight: 400;\"> will guarantee a day to remember and moments that will last a lifetime. Imagine the wedding of your dreams with us - <\/span><b>a magical location, unique experiences and the best memories await you!<\/b><\/p>\n\n\t\t<\/div>\n\t<\/div>\n<\/div><\/div><\/div><\/div><div class=\"vc_empty_space\"   style=\"height: 45px\"><span class=\"vc_empty_space_inner\"><\/span><\/div>\n\t<div class=\"wpb_text_column wpb_content_element\" >\n\t\t<div class=\"wpb_wrapper\">\n\t\t\t<h4><strong>Team building programmes<\/strong><\/h4>\n\n\t\t<\/div>\n\t<\/div>\n<div class=\"vc_empty_space\"   style=\"height: 20px\"><span class=\"vc_empty_space_inner\"><\/span><\/div><div class=\"vc_row wpb_row vc_inner vc_row-fluid\"><div class=\"wpb_column vc_column_container vc_col-sm-6\"><div class=\"vc_column-inner\"><div class=\"wpb_wrapper\"><div class=\"vc-hoverbox-wrapper  wpb_animate_when_almost_visible wpb_fadeIn fadeIn vc-hoverbox-shape--rounded vc-hoverbox-align--center vc-hoverbox-direction--default vc-hoverbox-width--100\"  ontouchstart=\"\">\n  <div class=\"vc-hoverbox\">\n    <div class=\"vc-hoverbox-inner\">\n      <div class=\"vc-hoverbox-block vc-hoverbox-front\" style=\"background-image: url(https:\/\/mokos.hu\/wp-content\/uploads\/2025\/03\/247A0813-1024x682.jpg);\">\n        <div class=\"vc-hoverbox-block-inner vc-hoverbox-front-inner\">\n            \n        <\/div>\n      <\/div>\n      <div class=\"vc-hoverbox-block vc-hoverbox-back\" style=\"background-color: #ffffff;\">\n        <div class=\"vc-hoverbox-block-inner vc-hoverbox-back-inner\">\n            <h2 style=\"text-align:center\">Exciting team-building programmes<\/h2>\n            \n            <div class=\"vc_btn3-container  wpb_animate_when_almost_visible wpb_fadeIn fadeIn vc_btn3-inline vc_do_btn\" ><a class=\"vc_general vc_btn3 vc_btn3-size-md vc_btn3-shape-rounded vc_btn3-style-modern vc_btn3-icon-left vc_btn3-color-grey\" href=\"https:\/\/mokos.hu\/en\/team-pitches\/\" title=\"\"><i class=\"vc_btn3-icon fas fa-users\"><\/i> Details of the team-building games<\/a><\/div>\n        <\/div>\n      <\/div>\n    <\/div>\n  <\/div>\n<\/div><\/div><\/div><\/div><div class=\"wpb_column vc_column_container vc_col-sm-6\"><div class=\"vc_column-inner\"><div class=\"wpb_wrapper\">\n\t<div class=\"wpb_text_column wpb_content_element\" >\n\t\t<div class=\"wpb_wrapper\">\n\t\t\t<p><span style=\"font-weight: 400;\">\u00a0<\/span><b>Mokos Winery<\/b><span style=\"font-weight: 400;\"> and the <\/span><b>Hotel Cabernet<\/b><span style=\"font-weight: 400;\"> team building events not only offer services, but also <\/span><b>unique experiences<\/b><span style=\"font-weight: 400;\"> they also give! No need for expensive event organisers or trainers because <\/span><b>our creative team building programmes<\/b><span style=\"font-weight: 400;\"> you are guaranteed to <\/span><b>we make your time together unforgettable<\/b><span style=\"font-weight: 400;\">.<\/span><\/p>\n<p><span style=\"font-weight: 400;\">Our winery and hotel <\/span><b>programme team<\/b><span style=\"font-weight: 400;\"> complex <\/span><b>programme packages<\/b><span style=\"font-weight: 400;\"> have been developed, which are ideal for <\/span><b>companies<\/b><span style=\"font-weight: 400;\"> and <\/span><b>groups of friends<\/b><span style=\"font-weight: 400;\"> for. Up to <\/span><b>team building<\/b><span style=\"font-weight: 400;\">, up to <\/span><b>corporate events<\/b><span style=\"font-weight: 400;\"> (e.g. partner meetings), we have excellent choices for both.<\/span><\/p>\n\n\t\t<\/div>\n\t<\/div>\n<\/div><\/div><\/div><\/div><\/div><\/div><\/div><\/div><div class=\"vc_row wpb_row vc_row-fluid\"><div class=\"wpb_column vc_column_container vc_col-sm-12\"><div class=\"vc_column-inner\"><div class=\"wpb_wrapper\"><div class=\"vc_empty_space\"   style=\"height: 32px\"><span class=\"vc_empty_space_inner\"><\/span><\/div><\/div><\/div><\/div><\/div>\n<\/div>","protected":false},"excerpt":{"rendered":"Csal\u00e1di Pinc\u00e9szet\u00fcnk H\u00e1rom Gener\u00e1ci\u00f3 Hagyom\u00e1nya Csal\u00e1di pinc\u00e9szet\u00fcnk imm\u00e1r h\u00e1rom gener\u00e1ci\u00f3 \u00f3ta meghat\u00e1roz\u00f3 szerepl\u0151je a Vill\u00e1nyi Borvid\u00e9knek, jelen vagyunk Palkony\u00e1n \u00e9s Vill\u00e1nyk\u00f6vesden egyar\u00e1nt. A 2003-as \u00e9v fordul\u00f3pontot jelentett sz\u00e1munkra: ekkor kezdte&hellip;","protected":false},"author":6,"featured_media":0,"parent":0,"menu_order":0,"comment_status":"closed","ping_status":"closed","template":"","meta":{"_acf_changed":false,"footnotes":""},"class_list":["post-59","page","type-page","status-publish","hentry"],"acf":[],"yoast_head":"<!-- This site is optimized with the Yoast SEO plugin v27.5 - https:\/\/yoast.com\/product\/yoast-seo-wordpress\/ -->\n<title>Mokos Mokos Pinc\u00e9szet - Vill\u00e1nyi borvid\u00e9k - \u00c9lm\u00e9nyekkel t\u00f6ltve<\/title>\n<meta name=\"description\" content=\"K\u00e1pr\u00e1zatos pince-sz\u00ednh\u00e1z a Vill\u00e1nyi borvid\u00e9k sz\u00edv\u00e9ben, Palkony\u00e1n. Exkluz\u00edv rendezv\u00e9ny- \u00e9s esk\u00fcv\u0151helysz\u00edn. Vill\u00e1nyi borok, Gy\u00fcm\u00f6lcsborok, Mokos \u00e9lm\u00e9nyek.\" \/>\n<meta name=\"robots\" content=\"index, follow, max-snippet:-1, max-image-preview:large, max-video-preview:-1\" \/>\n<link rel=\"canonical\" href=\"https:\/\/mokos.hu\/en\/mokospinceszet\/\" \/>\n<meta property=\"og:locale\" content=\"en_US\" \/>\n<meta property=\"og:type\" content=\"article\" \/>\n<meta property=\"og:title\" content=\"Mokos Mokos Pinc\u00e9szet - Vill\u00e1nyi borvid\u00e9k - \u00c9lm\u00e9nyekkel t\u00f6ltve\" \/>\n<meta property=\"og:description\" content=\"K\u00e1pr\u00e1zatos pince-sz\u00ednh\u00e1z a Vill\u00e1nyi borvid\u00e9k sz\u00edv\u00e9ben, Palkony\u00e1n. Exkluz\u00edv rendezv\u00e9ny- \u00e9s esk\u00fcv\u0151helysz\u00edn. Vill\u00e1nyi borok, Gy\u00fcm\u00f6lcsborok, Mokos \u00e9lm\u00e9nyek.\" \/>\n<meta property=\"og:url\" content=\"https:\/\/mokos.hu\/en\/mokospinceszet\/\" \/>\n<meta property=\"og:site_name\" content=\"MOKOS\" \/>\n<meta property=\"article:modified_time\" content=\"2025-04-03T06:52:28+00:00\" \/>\n<meta name=\"twitter:card\" content=\"summary_large_image\" \/>\n<meta name=\"twitter:label1\" content=\"Est. reading time\" \/>\n\t<meta name=\"twitter:data1\" content=\"5 minutes\" \/>\n<script type=\"application\/ld+json\" class=\"yoast-schema-graph\">{\"@context\":\"https:\\\/\\\/schema.org\",\"@graph\":[{\"@type\":\"WebPage\",\"@id\":\"https:\\\/\\\/mokos.hu\\\/mokospinceszet\\\/\",\"url\":\"https:\\\/\\\/mokos.hu\\\/mokospinceszet\\\/\",\"name\":\"Mokos Mokos Pinc\u00e9szet - Vill\u00e1nyi borvid\u00e9k - \u00c9lm\u00e9nyekkel t\u00f6ltve\",\"isPartOf\":{\"@id\":\"https:\\\/\\\/mokos.hu\\\/#website\"},\"datePublished\":\"2016-02-16T07:51:24+00:00\",\"dateModified\":\"2025-04-03T06:52:28+00:00\",\"description\":\"K\u00e1pr\u00e1zatos pince-sz\u00ednh\u00e1z a Vill\u00e1nyi borvid\u00e9k sz\u00edv\u00e9ben, Palkony\u00e1n. Exkluz\u00edv rendezv\u00e9ny- \u00e9s esk\u00fcv\u0151helysz\u00edn. Vill\u00e1nyi borok, Gy\u00fcm\u00f6lcsborok, Mokos \u00e9lm\u00e9nyek.\",\"breadcrumb\":{\"@id\":\"https:\\\/\\\/mokos.hu\\\/mokospinceszet\\\/#breadcrumb\"},\"inLanguage\":\"en-US\",\"potentialAction\":[{\"@type\":\"ReadAction\",\"target\":[\"https:\\\/\\\/mokos.hu\\\/mokospinceszet\\\/\"]}]},{\"@type\":\"BreadcrumbList\",\"@id\":\"https:\\\/\\\/mokos.hu\\\/mokospinceszet\\\/#breadcrumb\",\"itemListElement\":[{\"@type\":\"ListItem\",\"position\":1,\"name\":\"Home\",\"item\":\"https:\\\/\\\/mokos.hu\\\/\"},{\"@type\":\"ListItem\",\"position\":2,\"name\":\"Mokos Pinc\u00e9szet\"}]},{\"@type\":\"WebSite\",\"@id\":\"https:\\\/\\\/mokos.hu\\\/#website\",\"url\":\"https:\\\/\\\/mokos.hu\\\/\",\"name\":\"MOKOS\",\"description\":\"Csal\u00e1di Pinc\u00e9szet, Palkonya\",\"publisher\":{\"@id\":\"https:\\\/\\\/mokos.hu\\\/#organization\"},\"potentialAction\":[{\"@type\":\"SearchAction\",\"target\":{\"@type\":\"EntryPoint\",\"urlTemplate\":\"https:\\\/\\\/mokos.hu\\\/?s={search_term_string}\"},\"query-input\":{\"@type\":\"PropertyValueSpecification\",\"valueRequired\":true,\"valueName\":\"search_term_string\"}}],\"inLanguage\":\"en-US\"},{\"@type\":\"Organization\",\"@id\":\"https:\\\/\\\/mokos.hu\\\/#organization\",\"name\":\"MOKOS\",\"url\":\"https:\\\/\\\/mokos.hu\\\/\",\"logo\":{\"@type\":\"ImageObject\",\"inLanguage\":\"en-US\",\"@id\":\"https:\\\/\\\/mokos.hu\\\/#\\\/schema\\\/logo\\\/image\\\/\",\"url\":\"https:\\\/\\\/mokos.hu\\\/wp-content\\\/uploads\\\/2018\\\/11\\\/cropped-Mokos_Villanyi-Borvidek-Palkonya-1.png\",\"contentUrl\":\"https:\\\/\\\/mokos.hu\\\/wp-content\\\/uploads\\\/2018\\\/11\\\/cropped-Mokos_Villanyi-Borvidek-Palkonya-1.png\",\"width\":1000,\"height\":245,\"caption\":\"MOKOS\"},\"image\":{\"@id\":\"https:\\\/\\\/mokos.hu\\\/#\\\/schema\\\/logo\\\/image\\\/\"}}]}<\/script>\n<!-- \/ Yoast SEO plugin. -->","yoast_head_json":{"title":"Mokos Mokos Winery - Vill\u00e1ny wine region - Filled with experiences","description":"Dazzling cellar theatre in the heart of the Vill\u00e1ny wine region, Palkonya. Exclusive event and wedding venue. Vill\u00e1ny wines, Fruit wines, Mokos experiences.","robots":{"index":"index","follow":"follow","max-snippet":"max-snippet:-1","max-image-preview":"max-image-preview:large","max-video-preview":"max-video-preview:-1"},"canonical":"https:\/\/mokos.hu\/en\/mokospinceszet\/","og_locale":"en_US","og_type":"article","og_title":"Mokos Mokos Pinc\u00e9szet - Vill\u00e1nyi borvid\u00e9k - \u00c9lm\u00e9nyekkel t\u00f6ltve","og_description":"K\u00e1pr\u00e1zatos pince-sz\u00ednh\u00e1z a Vill\u00e1nyi borvid\u00e9k sz\u00edv\u00e9ben, Palkony\u00e1n. Exkluz\u00edv rendezv\u00e9ny- \u00e9s esk\u00fcv\u0151helysz\u00edn. Vill\u00e1nyi borok, Gy\u00fcm\u00f6lcsborok, Mokos \u00e9lm\u00e9nyek.","og_url":"https:\/\/mokos.hu\/en\/mokospinceszet\/","og_site_name":"MOKOS","article_modified_time":"2025-04-03T06:52:28+00:00","twitter_card":"summary_large_image","twitter_misc":{"Est. reading time":"5 minutes"},"schema":{"@context":"https:\/\/schema.org","@graph":[{"@type":"WebPage","@id":"https:\/\/mokos.hu\/mokospinceszet\/","url":"https:\/\/mokos.hu\/mokospinceszet\/","name":"Mokos Mokos Winery - Vill\u00e1ny wine region - Filled with experiences","isPartOf":{"@id":"https:\/\/mokos.hu\/#website"},"datePublished":"2016-02-16T07:51:24+00:00","dateModified":"2025-04-03T06:52:28+00:00","description":"Dazzling cellar theatre in the heart of the Vill\u00e1ny wine region, Palkonya. Exclusive event and wedding venue. Vill\u00e1ny wines, Fruit wines, Mokos experiences.","breadcrumb":{"@id":"https:\/\/mokos.hu\/mokospinceszet\/#breadcrumb"},"inLanguage":"en-US","potentialAction":[{"@type":"ReadAction","target":["https:\/\/mokos.hu\/mokospinceszet\/"]}]},{"@type":"BreadcrumbList","@id":"https:\/\/mokos.hu\/mokospinceszet\/#breadcrumb","itemListElement":[{"@type":"ListItem","position":1,"name":"Home","item":"https:\/\/mokos.hu\/"},{"@type":"ListItem","position":2,"name":"Mokos Pinc\u00e9szet"}]},{"@type":"WebSite","@id":"https:\/\/mokos.hu\/#website","url":"https:\/\/mokos.hu\/","name":"MOKOS","description":"Family Winery, Palkonya","publisher":{"@id":"https:\/\/mokos.hu\/#organization"},"potentialAction":[{"@type":"SearchAction","target":{"@type":"EntryPoint","urlTemplate":"https:\/\/mokos.hu\/?s={search_term_string}"},"query-input":{"@type":"PropertyValueSpecification","valueRequired":true,"valueName":"search_term_string"}}],"inLanguage":"en-US"},{"@type":"Organization","@id":"https:\/\/mokos.hu\/#organization","name":"MOKOS","url":"https:\/\/mokos.hu\/","logo":{"@type":"ImageObject","inLanguage":"en-US","@id":"https:\/\/mokos.hu\/#\/schema\/logo\/image\/","url":"https:\/\/mokos.hu\/wp-content\/uploads\/2018\/11\/cropped-Mokos_Villanyi-Borvidek-Palkonya-1.png","contentUrl":"https:\/\/mokos.hu\/wp-content\/uploads\/2018\/11\/cropped-Mokos_Villanyi-Borvidek-Palkonya-1.png","width":1000,"height":245,"caption":"MOKOS"},"image":{"@id":"https:\/\/mokos.hu\/#\/schema\/logo\/image\/"}}]}},"_links":{"self":[{"href":"https:\/\/mokos.hu\/en\/wp-json\/wp\/v2\/pages\/59","targetHints":{"allow":["GET"]}}],"collection":[{"href":"https:\/\/mokos.hu\/en\/wp-json\/wp\/v2\/pages"}],"about":[{"href":"https:\/\/mokos.hu\/en\/wp-json\/wp\/v2\/types\/page"}],"author":[{"embeddable":true,"href":"https:\/\/mokos.hu\/en\/wp-json\/wp\/v2\/users\/6"}],"replies":[{"embeddable":true,"href":"https:\/\/mokos.hu\/en\/wp-json\/wp\/v2\/comments?post=59"}],"version-history":[{"count":2,"href":"https:\/\/mokos.hu\/en\/wp-json\/wp\/v2\/pages\/59\/revisions"}],"predecessor-version":[{"id":28127,"href":"https:\/\/mokos.hu\/en\/wp-json\/wp\/v2\/pages\/59\/revisions\/28127"}],"wp:attachment":[{"href":"https:\/\/mokos.hu\/en\/wp-json\/wp\/v2\/media?parent=59"}],"curies":[{"name":"wp","href":"https:\/\/api.w.org\/{rel}","templated":true}]}}