{"id":5222,"date":"2017-04-20T13:55:31","date_gmt":"2017-04-20T12:55:31","guid":{"rendered":"http:\/\/dev.vinolin.hu\/?page_id=5222"},"modified":"2026-01-22T16:29:06","modified_gmt":"2026-01-22T14:29:06","slug":"ordogkatlan-festival-palkonya","status":"publish","type":"page","link":"https:\/\/mokos.hu\/en\/rendezvenyek\/ordogkatlan-fesztival-palkonya\/","title":{"rendered":"Devil's Den Festival"},"content":{"rendered":"<p dir=\"ltr\"><img fetchpriority=\"high\" decoding=\"async\" class=\"aligncenter wp-image-6626\" src=\"https:\/\/mokos.hu\/wp-content\/uploads\/2019\/02\/mokos_katlan_logo.png\" alt=\"\" width=\"600\" height=\"242\" srcset=\"https:\/\/mokos.hu\/wp-content\/uploads\/2019\/02\/mokos_katlan_logo.png 567w, https:\/\/mokos.hu\/wp-content\/uploads\/2019\/02\/mokos_katlan_logo-300x121.png 300w\" sizes=\"(max-width: 600px) 100vw, 600px\" \/><\/p>\n<p dir=\"ltr\"><strong>Ism\u00e9t megrendez\u00e9sre ker\u00fcl a Vill\u00e1nyi Borvid\u00e9ken egyre nagyobb n\u00e9pszer\u0171s\u00e9gnek \u00f6rvend\u0151 \u00d6rd\u00f6gkatlan Fesztiv\u00e1l! 2026. augusztus 4-8. k\u00f6z\u00f6tt t\u00f6bb helysz\u00ednen, soksz\u00edn\u0171 m\u0171v\u00e9szeti programokkal v\u00e1rj\u00e1k a Katlanlak\u00f3kat.<\/strong><\/p>\n<p dir=\"ltr\">The aim of the event is to showcase the artistic richness of the Hungarian people in the region, which is why theatre and dance performances, diverse popular music concerts, film screenings, family and literary programmes, exhibitions and many other cultural experiences await the participants. Not only the programmes, but also the venues are diverse. The various performances will take place in Beremenden, Kishars\u00e1ny, Nagyhars\u00e1ny, Vylyan and Mokos Winery.<\/p>\n<p><img decoding=\"async\" class=\"aligncenter wp-image-29669 size-large\" src=\"https:\/\/mokos.hu\/wp-content\/uploads\/2026\/01\/IMG_3966-1024x683.jpg\" alt=\"\" width=\"1024\" height=\"683\" srcset=\"https:\/\/mokos.hu\/wp-content\/uploads\/2026\/01\/IMG_3966-1024x683.jpg 1024w, https:\/\/mokos.hu\/wp-content\/uploads\/2026\/01\/IMG_3966-300x200.jpg 300w, https:\/\/mokos.hu\/wp-content\/uploads\/2026\/01\/IMG_3966-1536x1024.jpg 1536w, https:\/\/mokos.hu\/wp-content\/uploads\/2026\/01\/IMG_3966-2048x1365.jpg 2048w, https:\/\/mokos.hu\/wp-content\/uploads\/2026\/01\/IMG_3966-18x12.jpg 18w, https:\/\/mokos.hu\/wp-content\/uploads\/2026\/01\/IMG_3966-1000x667.jpg 1000w, https:\/\/mokos.hu\/wp-content\/uploads\/2026\/01\/IMG_3966-1200x800.jpg 1200w\" sizes=\"(max-width: 1024px) 100vw, 1024px\" \/><\/p>\n<p dir=\"ltr\">This is when the whole Vill\u00e1ny Wine Region comes alive; in one courtyard you can enjoy music while chilling on beanbags, in another there are art exhibitions, theatre performances, film screenings, music programmes, poetry, literature and all kinds of art. Everyone is friendly here, countless new friendships are made and it's not uncommon to have an ice-cold splash with your favourite musicians and actors in the summer heat...<\/p>\n<h4 dir=\"ltr\"><strong>MOKOS Winery is waiting for you with a number of exciting events during the \u00d6rd\u00f6gkatlan Festival:<\/strong><\/h4>\n<ul>\n<li dir=\"ltr\">theatre performances<\/li>\n<li dir=\"ltr\">popular music concerts<\/li>\n<li dir=\"ltr\">festival matchmaking point<\/li>\n<li dir=\"ltr\">exciting team-building games<\/li>\n<\/ul>\n<p>This year, we are again preparing better and better programmes for Katlan residents, and the doors of the cellars in Palkonya are open for tourists who want to enjoy a fine wine or a cold spritzer.<\/p>\n<p><a href=\"https:\/\/mokos.hu\/en\/ordogkatlan-fesztival-palkonya-2025\/\"><em><strong>More details &gt;&gt;<\/strong><\/em><\/a><\/p>\n<p>&nbsp;<\/p>","protected":false},"excerpt":{"rendered":"<p>Ism\u00e9t megrendez\u00e9sre ker\u00fcl a Vill\u00e1nyi Borvid\u00e9ken egyre nagyobb n\u00e9pszer\u0171s\u00e9gnek \u00f6rvend\u0151 \u00d6rd\u00f6gkatlan Fesztiv\u00e1l! 2026. augusztus 4-8. k\u00f6z\u00f6tt t\u00f6bb helysz\u00ednen, soksz\u00edn\u0171 m\u0171v\u00e9szeti programokkal v\u00e1rj\u00e1k a Katlanlak\u00f3kat. A rendezv\u00e9ny c\u00e9lja, hogy bemutass\u00e1k a&hellip;<\/p>","protected":false},"author":6,"featured_media":0,"parent":50,"menu_order":0,"comment_status":"closed","ping_status":"closed","template":"","meta":{"_acf_changed":false,"footnotes":""},"class_list":["post-5222","page","type-page","status-publish","hentry"],"acf":[],"yoast_head":"<!-- This site is optimized with the Yoast SEO plugin v27.1.1 - https:\/\/yoast.com\/product\/yoast-seo-wordpress\/ -->\n<title>\u00d6rd\u00f6gkatlan Fesztiv\u00e1l - MOKOS Sz\u00ednh\u00e1z - Mokos Pinc\u00e9szet - Palkonya<\/title>\n<meta name=\"description\" content=\"Sz\u00ednh\u00e1zi el\u0151ad\u00e1sok, k\u00f6nny\u0171zenei koncertek a Vill\u00e1nyi borvid\u00e9k apr\u00f3cska telep\u00fcl\u00e9seit fel\u00f6lel\u0151 \u00d6rd\u00f6gkatlan Fesztiv\u00e1lon. Sz\u00ednh\u00e1z\u00e9lm\u00e9ny - Mokos Sz\u00ednh\u00e1z\" \/>\n<meta name=\"robots\" content=\"index, follow, max-snippet:-1, max-image-preview:large, max-video-preview:-1\" \/>\n<link rel=\"canonical\" href=\"https:\/\/mokos.hu\/en\/events\/ordogkatlan-festival-palkonya\/\" \/>\n<meta property=\"og:locale\" content=\"en_US\" \/>\n<meta property=\"og:type\" content=\"article\" \/>\n<meta property=\"og:title\" content=\"\u00d6rd\u00f6gkatlan Fesztiv\u00e1l - MOKOS Sz\u00ednh\u00e1z - Mokos Pinc\u00e9szet - Palkonya\" \/>\n<meta property=\"og:description\" content=\"Sz\u00ednh\u00e1zi el\u0151ad\u00e1sok, k\u00f6nny\u0171zenei koncertek a Vill\u00e1nyi borvid\u00e9k apr\u00f3cska telep\u00fcl\u00e9seit fel\u00f6lel\u0151 \u00d6rd\u00f6gkatlan Fesztiv\u00e1lon. Sz\u00ednh\u00e1z\u00e9lm\u00e9ny - Mokos Sz\u00ednh\u00e1z\" \/>\n<meta property=\"og:url\" content=\"https:\/\/mokos.hu\/en\/events\/ordogkatlan-festival-palkonya\/\" \/>\n<meta property=\"og:site_name\" content=\"MOKOS\" \/>\n<meta property=\"article:modified_time\" content=\"2026-01-22T14:29:06+00:00\" \/>\n<meta property=\"og:image\" content=\"https:\/\/mokos.hu\/wp-content\/uploads\/2019\/02\/mokos_katlan_logo.png\" \/>\n\t<meta property=\"og:image:width\" content=\"567\" \/>\n\t<meta property=\"og:image:height\" content=\"229\" \/>\n\t<meta property=\"og:image:type\" content=\"image\/png\" \/>\n<meta name=\"twitter:card\" content=\"summary_large_image\" \/>\n<meta name=\"twitter:label1\" content=\"Est. reading time\" \/>\n\t<meta name=\"twitter:data1\" content=\"2 minutes\" \/>\n<script type=\"application\/ld+json\" class=\"yoast-schema-graph\">{\"@context\":\"https:\/\/schema.org\",\"@graph\":[{\"@type\":\"WebPage\",\"@id\":\"https:\/\/mokos.hu\/rendezvenyek\/ordogkatlan-fesztival-palkonya\/\",\"url\":\"https:\/\/mokos.hu\/rendezvenyek\/ordogkatlan-fesztival-palkonya\/\",\"name\":\"\u00d6rd\u00f6gkatlan Fesztiv\u00e1l - MOKOS Sz\u00ednh\u00e1z - Mokos Pinc\u00e9szet - Palkonya\",\"isPartOf\":{\"@id\":\"https:\/\/mokos.hu\/#website\"},\"primaryImageOfPage\":{\"@id\":\"https:\/\/mokos.hu\/rendezvenyek\/ordogkatlan-fesztival-palkonya\/#primaryimage\"},\"image\":{\"@id\":\"https:\/\/mokos.hu\/rendezvenyek\/ordogkatlan-fesztival-palkonya\/#primaryimage\"},\"thumbnailUrl\":\"https:\/\/mokos.hu\/wp-content\/uploads\/2019\/02\/mokos_katlan_logo.png\",\"datePublished\":\"2017-04-20T12:55:31+00:00\",\"dateModified\":\"2026-01-22T14:29:06+00:00\",\"description\":\"Sz\u00ednh\u00e1zi el\u0151ad\u00e1sok, k\u00f6nny\u0171zenei koncertek a Vill\u00e1nyi borvid\u00e9k apr\u00f3cska telep\u00fcl\u00e9seit fel\u00f6lel\u0151 \u00d6rd\u00f6gkatlan Fesztiv\u00e1lon. Sz\u00ednh\u00e1z\u00e9lm\u00e9ny - Mokos Sz\u00ednh\u00e1z\",\"breadcrumb\":{\"@id\":\"https:\/\/mokos.hu\/rendezvenyek\/ordogkatlan-fesztival-palkonya\/#breadcrumb\"},\"inLanguage\":\"en-US\",\"potentialAction\":[{\"@type\":\"ReadAction\",\"target\":[\"https:\/\/mokos.hu\/rendezvenyek\/ordogkatlan-fesztival-palkonya\/\"]}]},{\"@type\":\"ImageObject\",\"inLanguage\":\"en-US\",\"@id\":\"https:\/\/mokos.hu\/rendezvenyek\/ordogkatlan-fesztival-palkonya\/#primaryimage\",\"url\":\"https:\/\/mokos.hu\/wp-content\/uploads\/2019\/02\/mokos_katlan_logo.png\",\"contentUrl\":\"https:\/\/mokos.hu\/wp-content\/uploads\/2019\/02\/mokos_katlan_logo.png\"},{\"@type\":\"BreadcrumbList\",\"@id\":\"https:\/\/mokos.hu\/rendezvenyek\/ordogkatlan-fesztival-palkonya\/#breadcrumb\",\"itemListElement\":[{\"@type\":\"ListItem\",\"position\":1,\"name\":\"Home\",\"item\":\"https:\/\/mokos.hu\/\"},{\"@type\":\"ListItem\",\"position\":2,\"name\":\"Rendezv\u00e9nyek\",\"item\":\"https:\/\/mokos.hu\/rendezvenyek\/\"},{\"@type\":\"ListItem\",\"position\":3,\"name\":\"\u00d6rd\u00f6gkatlan Fesztiv\u00e1l\"}]},{\"@type\":\"WebSite\",\"@id\":\"https:\/\/mokos.hu\/#website\",\"url\":\"https:\/\/mokos.hu\/\",\"name\":\"MOKOS\",\"description\":\"Csal\u00e1di Pinc\u00e9szet, Palkonya\",\"publisher\":{\"@id\":\"https:\/\/mokos.hu\/#organization\"},\"potentialAction\":[{\"@type\":\"SearchAction\",\"target\":{\"@type\":\"EntryPoint\",\"urlTemplate\":\"https:\/\/mokos.hu\/?s={search_term_string}\"},\"query-input\":{\"@type\":\"PropertyValueSpecification\",\"valueRequired\":true,\"valueName\":\"search_term_string\"}}],\"inLanguage\":\"en-US\"},{\"@type\":\"Organization\",\"@id\":\"https:\/\/mokos.hu\/#organization\",\"name\":\"MOKOS\",\"url\":\"https:\/\/mokos.hu\/\",\"logo\":{\"@type\":\"ImageObject\",\"inLanguage\":\"en-US\",\"@id\":\"https:\/\/mokos.hu\/#\/schema\/logo\/image\/\",\"url\":\"https:\/\/mokos.hu\/wp-content\/uploads\/2018\/11\/cropped-Mokos_Villanyi-Borvidek-Palkonya-1.png\",\"contentUrl\":\"https:\/\/mokos.hu\/wp-content\/uploads\/2018\/11\/cropped-Mokos_Villanyi-Borvidek-Palkonya-1.png\",\"width\":1000,\"height\":245,\"caption\":\"MOKOS\"},\"image\":{\"@id\":\"https:\/\/mokos.hu\/#\/schema\/logo\/image\/\"}}]}<\/script>\n<!-- \/ Yoast SEO plugin. -->","yoast_head_json":{"title":"\u00d6rd\u00f6gkatlan Festival - MOKOS Theatre - Mokos Winery - Palkonya","description":"Theatre performances and popular music concerts at the \u00d6rd\u00f6gkatlan Festival in the small villages of the Vill\u00e1ny wine region. Theatre experience - Mokos Theatre","robots":{"index":"index","follow":"follow","max-snippet":"max-snippet:-1","max-image-preview":"max-image-preview:large","max-video-preview":"max-video-preview:-1"},"canonical":"https:\/\/mokos.hu\/en\/events\/ordogkatlan-festival-palkonya\/","og_locale":"en_US","og_type":"article","og_title":"\u00d6rd\u00f6gkatlan Fesztiv\u00e1l - MOKOS Sz\u00ednh\u00e1z - Mokos Pinc\u00e9szet - Palkonya","og_description":"Sz\u00ednh\u00e1zi el\u0151ad\u00e1sok, k\u00f6nny\u0171zenei koncertek a Vill\u00e1nyi borvid\u00e9k apr\u00f3cska telep\u00fcl\u00e9seit fel\u00f6lel\u0151 \u00d6rd\u00f6gkatlan Fesztiv\u00e1lon. Sz\u00ednh\u00e1z\u00e9lm\u00e9ny - Mokos Sz\u00ednh\u00e1z","og_url":"https:\/\/mokos.hu\/en\/events\/ordogkatlan-festival-palkonya\/","og_site_name":"MOKOS","article_modified_time":"2026-01-22T14:29:06+00:00","og_image":[{"width":567,"height":229,"url":"https:\/\/mokos.hu\/wp-content\/uploads\/2019\/02\/mokos_katlan_logo.png","type":"image\/png"}],"twitter_card":"summary_large_image","twitter_misc":{"Est. reading time":"2 minutes"},"schema":{"@context":"https:\/\/schema.org","@graph":[{"@type":"WebPage","@id":"https:\/\/mokos.hu\/rendezvenyek\/ordogkatlan-fesztival-palkonya\/","url":"https:\/\/mokos.hu\/rendezvenyek\/ordogkatlan-fesztival-palkonya\/","name":"\u00d6rd\u00f6gkatlan Festival - MOKOS Theatre - Mokos Winery - Palkonya","isPartOf":{"@id":"https:\/\/mokos.hu\/#website"},"primaryImageOfPage":{"@id":"https:\/\/mokos.hu\/rendezvenyek\/ordogkatlan-fesztival-palkonya\/#primaryimage"},"image":{"@id":"https:\/\/mokos.hu\/rendezvenyek\/ordogkatlan-fesztival-palkonya\/#primaryimage"},"thumbnailUrl":"https:\/\/mokos.hu\/wp-content\/uploads\/2019\/02\/mokos_katlan_logo.png","datePublished":"2017-04-20T12:55:31+00:00","dateModified":"2026-01-22T14:29:06+00:00","description":"Theatre performances and popular music concerts at the \u00d6rd\u00f6gkatlan Festival in the small villages of the Vill\u00e1ny wine region. Theatre experience - Mokos Theatre","breadcrumb":{"@id":"https:\/\/mokos.hu\/rendezvenyek\/ordogkatlan-fesztival-palkonya\/#breadcrumb"},"inLanguage":"en-US","potentialAction":[{"@type":"ReadAction","target":["https:\/\/mokos.hu\/rendezvenyek\/ordogkatlan-fesztival-palkonya\/"]}]},{"@type":"ImageObject","inLanguage":"en-US","@id":"https:\/\/mokos.hu\/rendezvenyek\/ordogkatlan-fesztival-palkonya\/#primaryimage","url":"https:\/\/mokos.hu\/wp-content\/uploads\/2019\/02\/mokos_katlan_logo.png","contentUrl":"https:\/\/mokos.hu\/wp-content\/uploads\/2019\/02\/mokos_katlan_logo.png"},{"@type":"BreadcrumbList","@id":"https:\/\/mokos.hu\/rendezvenyek\/ordogkatlan-fesztival-palkonya\/#breadcrumb","itemListElement":[{"@type":"ListItem","position":1,"name":"Home","item":"https:\/\/mokos.hu\/"},{"@type":"ListItem","position":2,"name":"Rendezv\u00e9nyek","item":"https:\/\/mokos.hu\/rendezvenyek\/"},{"@type":"ListItem","position":3,"name":"\u00d6rd\u00f6gkatlan Fesztiv\u00e1l"}]},{"@type":"WebSite","@id":"https:\/\/mokos.hu\/#website","url":"https:\/\/mokos.hu\/","name":"MOKOS","description":"Family Winery, Palkonya","publisher":{"@id":"https:\/\/mokos.hu\/#organization"},"potentialAction":[{"@type":"SearchAction","target":{"@type":"EntryPoint","urlTemplate":"https:\/\/mokos.hu\/?s={search_term_string}"},"query-input":{"@type":"PropertyValueSpecification","valueRequired":true,"valueName":"search_term_string"}}],"inLanguage":"en-US"},{"@type":"Organization","@id":"https:\/\/mokos.hu\/#organization","name":"MOKOS","url":"https:\/\/mokos.hu\/","logo":{"@type":"ImageObject","inLanguage":"en-US","@id":"https:\/\/mokos.hu\/#\/schema\/logo\/image\/","url":"https:\/\/mokos.hu\/wp-content\/uploads\/2018\/11\/cropped-Mokos_Villanyi-Borvidek-Palkonya-1.png","contentUrl":"https:\/\/mokos.hu\/wp-content\/uploads\/2018\/11\/cropped-Mokos_Villanyi-Borvidek-Palkonya-1.png","width":1000,"height":245,"caption":"MOKOS"},"image":{"@id":"https:\/\/mokos.hu\/#\/schema\/logo\/image\/"}}]}},"_links":{"self":[{"href":"https:\/\/mokos.hu\/en\/wp-json\/wp\/v2\/pages\/5222","targetHints":{"allow":["GET"]}}],"collection":[{"href":"https:\/\/mokos.hu\/en\/wp-json\/wp\/v2\/pages"}],"about":[{"href":"https:\/\/mokos.hu\/en\/wp-json\/wp\/v2\/types\/page"}],"author":[{"embeddable":true,"href":"https:\/\/mokos.hu\/en\/wp-json\/wp\/v2\/users\/6"}],"replies":[{"embeddable":true,"href":"https:\/\/mokos.hu\/en\/wp-json\/wp\/v2\/comments?post=5222"}],"version-history":[{"count":2,"href":"https:\/\/mokos.hu\/en\/wp-json\/wp\/v2\/pages\/5222\/revisions"}],"predecessor-version":[{"id":29675,"href":"https:\/\/mokos.hu\/en\/wp-json\/wp\/v2\/pages\/5222\/revisions\/29675"}],"up":[{"embeddable":true,"href":"https:\/\/mokos.hu\/en\/wp-json\/wp\/v2\/pages\/50"}],"wp:attachment":[{"href":"https:\/\/mokos.hu\/en\/wp-json\/wp\/v2\/media?parent=5222"}],"curies":[{"name":"wp","href":"https:\/\/api.w.org\/{rel}","templated":true}]}}