{"id":5214,"date":"2017-04-20T13:44:22","date_gmt":"2017-04-20T12:44:22","guid":{"rendered":"http:\/\/dev.vinolin.hu\/?page_id=5214"},"modified":"2025-03-29T11:58:09","modified_gmt":"2025-03-29T09:58:09","slug":"new-years-eve-mokos-basement-pods","status":"publish","type":"page","link":"https:\/\/mokos.hu\/en\/szilveszter-ujev-mokos-pinceszet-palkonya\/","title":{"rendered":"New Year's Eve Party"},"content":{"rendered":"<div class=\"wpb-content-wrapper\"><div class=\"vc_row wpb_row vc_row-fluid\"><div class=\"wpb_column vc_column_container vc_col-sm-12\"><div class=\"vc_column-inner\"><div class=\"wpb_wrapper\">\n\t<div class=\"wpb_text_column wpb_content_element\" >\n\t\t<div class=\"wpb_wrapper\">\n\t\t\t<h4><strong><img fetchpriority=\"high\" decoding=\"async\" class=\"aligncenter wp-image-6944 size-full\" src=\"https:\/\/mokos.hu\/wp-content\/uploads\/2019\/02\/COV_Szilveszter_FB_ALTALANOS-e1743242250160.jpg\" alt=\"\" width=\"1200\" height=\"440\" srcset=\"https:\/\/mokos.hu\/wp-content\/uploads\/2019\/02\/COV_Szilveszter_FB_ALTALANOS-e1743242250160.jpg 1200w, https:\/\/mokos.hu\/wp-content\/uploads\/2019\/02\/COV_Szilveszter_FB_ALTALANOS-e1743242250160-1000x367.jpg 1000w, https:\/\/mokos.hu\/wp-content\/uploads\/2019\/02\/COV_Szilveszter_FB_ALTALANOS-e1743242250160-300x110.jpg 300w, https:\/\/mokos.hu\/wp-content\/uploads\/2019\/02\/COV_Szilveszter_FB_ALTALANOS-e1743242250160-1024x375.jpg 1024w, https:\/\/mokos.hu\/wp-content\/uploads\/2019\/02\/COV_Szilveszter_FB_ALTALANOS-e1743242250160-18x7.jpg 18w\" sizes=\"(max-width: 1200px) 100vw, 1200px\" \/><\/strong><\/h4>\n<h3>NEW YEAR'S EVE PARTY<\/h3>\n<h4><em>Spend New Year's Eve in the Vill\u00e1ny wine region and welcome the New Year with Mokos Winery!<\/em><\/h4>\n<p><strong>Beautiful surroundings, wine-tasting atmosphere, live music, excellent food and fine wines<\/strong>\u2026mi m\u00e1s kell m\u00e9g egy fantasztikus \u00f3\u00e9vet b\u00facs\u00faztat\u00f3 est\u00e9hez? Szilveszterezz Palkony\u00e1n, a Vill\u00e1nyt\u00f3l 5 km-re fekv\u0151 m\u0171eml\u00e9ki pincefaluban!<\/p>\n<p>Eleg\u00e1ns sz\u00ednh\u00e1zterm\u00fcnkben kis \u00e9s nagy t\u00e1rsas\u00e1gok is k\u00e9nyelmesen elf\u00e9rnek. Az eg\u00e9sz est\u00e9s \u00e9l\u0151zene \u00e9s hatalmas t\u00e1ncparkett \u00e1ltal a b\u00e1li hangulat garant\u00e1lt. Ha azonban ink\u00e1bb nyugodtabb k\u00f6rnyezetre, kellemes besz\u00e9lget\u00e9sekre v\u00e1gyn\u00e1l, akkor bork\u00f3stol\u00f3term\u00fcnket aj\u00e1nljuk.<\/p>\n<h4><i><a href=\"https:\/\/mokos.hu\/en\/new-years-eve-party-in-the-mokos-basement-buek\/\">Tov\u00e1bb a Szilveszteri Mulats\u00e1g r\u00e9szleteihez! \u00bb<\/a>\u00a0<\/i><\/h4>\n\n\t\t<\/div>\n\t<\/div>\n<div class=\"vc_empty_space\"   style=\"height: 32px\"><span class=\"vc_empty_space_inner\"><\/span><\/div>\n\t<div class=\"wpb_text_column wpb_content_element\" >\n\t\t<div class=\"wpb_wrapper\">\n\t\t\t<p dir=\"ltr\">V\u00e1runk szeretettel, hogy egy\u00fctt \u00fcnnepelhess\u00fck az \u00daj \u00c9vet!<\/p>\n<h4><strong>KERESS MINKET B\u00c1TRAN AZ AL\u00c1BBI EL\u00c9<\/strong><strong>OUR FACILITIES!<\/strong><\/h4>\n<p><strong>Vikt\u00f3ria Mokos <\/strong>|\u00a0+36 70 425 0334<\/p>\n<p><strong>Dalma Menr\u00e1th <\/strong>| +36 70 509 8779<\/p>\n<p>E-mail:\u00a0\u00a0<a href=\"mailto:szervezes@mokos.hu\">szervezes@mokos.hu<br \/>\n<\/a>7771 Palkonya, Hegyalja u. 1.<\/p>\n<p>Policies on ordering and booking <a href=\"https:\/\/mokos.hu\/en\/uzlet\/rules\/\">HERE<\/a> reaches.<\/p>\n\n\t\t<\/div>\n\t<\/div>\n<\/div><\/div><\/div><\/div>\n<\/div>","protected":false},"excerpt":{"rendered":"SZILVESZTERI MULATS\u00c1G T\u00f6ltsd a Szilvesztert a Vill\u00e1nyi borvid\u00e9ken \u00e9s k\u00f6sz\u00f6ntsd az \u00daj \u00c9vet a Mokos Pinc\u00e9szettel! Csod\u00e1s k\u00f6rnyezet, borm\u00e1moros hangulat,\u00a0 \u00e9l\u0151zene, kit\u0171n\u0151 fog\u00e1sok \u00e9s finom borok\u2026mi m\u00e1s kell m\u00e9g egy&hellip;","protected":false},"author":6,"featured_media":9973,"parent":0,"menu_order":0,"comment_status":"closed","ping_status":"closed","template":"","meta":{"_acf_changed":false,"footnotes":""},"class_list":["post-5214","page","type-page","status-publish","has-post-thumbnail","hentry"],"acf":[],"yoast_head":"<!-- This site is optimized with the Yoast SEO plugin v27.5 - https:\/\/yoast.com\/product\/yoast-seo-wordpress\/ -->\n<title>Szilveszteri Mulats\u00e1g - a MOKOS Pinc\u00e9szetben - Vill\u00e1nyi borvid\u00e9k<\/title>\n<meta name=\"description\" content=\"Remek hangulat,\u00a0 \u00e9l\u0151zene, kit\u0171n\u0151 fog\u00e1sok, vill\u00e1nyi borok, gy\u00fcm\u00f6lcsborok. Szilveszterezzen a Mokos Pinc\u00e9szettel \u00e9s k\u00f6sz\u00f6ntse vel\u00fcnk az \u00daj\u00e9vet!\" \/>\n<meta name=\"robots\" content=\"index, follow, max-snippet:-1, max-image-preview:large, max-video-preview:-1\" \/>\n<link rel=\"canonical\" href=\"https:\/\/mokos.hu\/en\/new-years-eve-mokos-basement-pods\/\" \/>\n<meta property=\"og:locale\" content=\"en_US\" \/>\n<meta property=\"og:type\" content=\"article\" \/>\n<meta property=\"og:title\" content=\"Szilveszteri Mulats\u00e1g - a MOKOS Pinc\u00e9szetben - Vill\u00e1nyi borvid\u00e9k\" \/>\n<meta property=\"og:description\" content=\"Remek hangulat,\u00a0 \u00e9l\u0151zene, kit\u0171n\u0151 fog\u00e1sok, vill\u00e1nyi borok, gy\u00fcm\u00f6lcsborok. Szilveszterezzen a Mokos Pinc\u00e9szettel \u00e9s k\u00f6sz\u00f6ntse vel\u00fcnk az \u00daj\u00e9vet!\" \/>\n<meta property=\"og:url\" content=\"https:\/\/mokos.hu\/en\/new-years-eve-mokos-basement-pods\/\" \/>\n<meta property=\"og:site_name\" content=\"MOKOS\" \/>\n<meta property=\"article:modified_time\" content=\"2025-03-29T09:58:09+00:00\" \/>\n<meta property=\"og:image\" content=\"https:\/\/mokos.hu\/wp-content\/uploads\/2020\/06\/fb_csomag_3-scaled-e1600678768165.jpg\" \/>\n\t<meta property=\"og:image:width\" content=\"1200\" \/>\n\t<meta property=\"og:image:height\" content=\"675\" \/>\n\t<meta property=\"og:image:type\" content=\"image\/jpeg\" \/>\n<meta name=\"twitter:card\" content=\"summary_large_image\" \/>\n<meta name=\"twitter:label1\" content=\"Est. reading time\" \/>\n\t<meta name=\"twitter:data1\" content=\"2 minutes\" \/>\n<script type=\"application\/ld+json\" class=\"yoast-schema-graph\">{\"@context\":\"https:\\\/\\\/schema.org\",\"@graph\":[{\"@type\":\"WebPage\",\"@id\":\"https:\\\/\\\/mokos.hu\\\/szilveszter-ujev-mokos-pinceszet-palkonya\\\/\",\"url\":\"https:\\\/\\\/mokos.hu\\\/szilveszter-ujev-mokos-pinceszet-palkonya\\\/\",\"name\":\"Szilveszteri Mulats\u00e1g - a MOKOS Pinc\u00e9szetben - Vill\u00e1nyi borvid\u00e9k\",\"isPartOf\":{\"@id\":\"https:\\\/\\\/mokos.hu\\\/#website\"},\"primaryImageOfPage\":{\"@id\":\"https:\\\/\\\/mokos.hu\\\/szilveszter-ujev-mokos-pinceszet-palkonya\\\/#primaryimage\"},\"image\":{\"@id\":\"https:\\\/\\\/mokos.hu\\\/szilveszter-ujev-mokos-pinceszet-palkonya\\\/#primaryimage\"},\"thumbnailUrl\":\"https:\\\/\\\/mokos.hu\\\/wp-content\\\/uploads\\\/2020\\\/06\\\/fb_csomag_3-scaled-e1600678768165.jpg\",\"datePublished\":\"2017-04-20T12:44:22+00:00\",\"dateModified\":\"2025-03-29T09:58:09+00:00\",\"description\":\"Remek hangulat,\u00a0 \u00e9l\u0151zene, kit\u0171n\u0151 fog\u00e1sok, vill\u00e1nyi borok, gy\u00fcm\u00f6lcsborok. Szilveszterezzen a Mokos Pinc\u00e9szettel \u00e9s k\u00f6sz\u00f6ntse vel\u00fcnk az \u00daj\u00e9vet!\",\"breadcrumb\":{\"@id\":\"https:\\\/\\\/mokos.hu\\\/szilveszter-ujev-mokos-pinceszet-palkonya\\\/#breadcrumb\"},\"inLanguage\":\"en-US\",\"potentialAction\":[{\"@type\":\"ReadAction\",\"target\":[\"https:\\\/\\\/mokos.hu\\\/szilveszter-ujev-mokos-pinceszet-palkonya\\\/\"]}]},{\"@type\":\"ImageObject\",\"inLanguage\":\"en-US\",\"@id\":\"https:\\\/\\\/mokos.hu\\\/szilveszter-ujev-mokos-pinceszet-palkonya\\\/#primaryimage\",\"url\":\"https:\\\/\\\/mokos.hu\\\/wp-content\\\/uploads\\\/2020\\\/06\\\/fb_csomag_3-scaled-e1600678768165.jpg\",\"contentUrl\":\"https:\\\/\\\/mokos.hu\\\/wp-content\\\/uploads\\\/2020\\\/06\\\/fb_csomag_3-scaled-e1600678768165.jpg\",\"width\":1200,\"height\":675,\"caption\":\"Szilveszter_Program_Csomagajanlat_Szallas_Villanyi_borvidek_Mokos_Pinceszet\"},{\"@type\":\"BreadcrumbList\",\"@id\":\"https:\\\/\\\/mokos.hu\\\/szilveszter-ujev-mokos-pinceszet-palkonya\\\/#breadcrumb\",\"itemListElement\":[{\"@type\":\"ListItem\",\"position\":1,\"name\":\"Home\",\"item\":\"https:\\\/\\\/mokos.hu\\\/\"},{\"@type\":\"ListItem\",\"position\":2,\"name\":\"Szilveszteri Mulats\u00e1g\"}]},{\"@type\":\"WebSite\",\"@id\":\"https:\\\/\\\/mokos.hu\\\/#website\",\"url\":\"https:\\\/\\\/mokos.hu\\\/\",\"name\":\"MOKOS\",\"description\":\"Csal\u00e1di Pinc\u00e9szet, Palkonya\",\"publisher\":{\"@id\":\"https:\\\/\\\/mokos.hu\\\/#organization\"},\"potentialAction\":[{\"@type\":\"SearchAction\",\"target\":{\"@type\":\"EntryPoint\",\"urlTemplate\":\"https:\\\/\\\/mokos.hu\\\/?s={search_term_string}\"},\"query-input\":{\"@type\":\"PropertyValueSpecification\",\"valueRequired\":true,\"valueName\":\"search_term_string\"}}],\"inLanguage\":\"en-US\"},{\"@type\":\"Organization\",\"@id\":\"https:\\\/\\\/mokos.hu\\\/#organization\",\"name\":\"MOKOS\",\"url\":\"https:\\\/\\\/mokos.hu\\\/\",\"logo\":{\"@type\":\"ImageObject\",\"inLanguage\":\"en-US\",\"@id\":\"https:\\\/\\\/mokos.hu\\\/#\\\/schema\\\/logo\\\/image\\\/\",\"url\":\"https:\\\/\\\/mokos.hu\\\/wp-content\\\/uploads\\\/2018\\\/11\\\/cropped-Mokos_Villanyi-Borvidek-Palkonya-1.png\",\"contentUrl\":\"https:\\\/\\\/mokos.hu\\\/wp-content\\\/uploads\\\/2018\\\/11\\\/cropped-Mokos_Villanyi-Borvidek-Palkonya-1.png\",\"width\":1000,\"height\":245,\"caption\":\"MOKOS\"},\"image\":{\"@id\":\"https:\\\/\\\/mokos.hu\\\/#\\\/schema\\\/logo\\\/image\\\/\"}}]}<\/script>\n<!-- \/ Yoast SEO plugin. -->","yoast_head_json":{"title":"New Year's Eve Party - at MOKOS Winery - Vill\u00e1ny wine region","description":"Great atmosphere, live music, excellent dishes, Vill\u00e1ny wines, fruit wines. Celebrate New Year's Eve with Mokos Winery and welcome the New Year with us!","robots":{"index":"index","follow":"follow","max-snippet":"max-snippet:-1","max-image-preview":"max-image-preview:large","max-video-preview":"max-video-preview:-1"},"canonical":"https:\/\/mokos.hu\/en\/new-years-eve-mokos-basement-pods\/","og_locale":"en_US","og_type":"article","og_title":"Szilveszteri Mulats\u00e1g - a MOKOS Pinc\u00e9szetben - Vill\u00e1nyi borvid\u00e9k","og_description":"Remek hangulat,\u00a0 \u00e9l\u0151zene, kit\u0171n\u0151 fog\u00e1sok, vill\u00e1nyi borok, gy\u00fcm\u00f6lcsborok. Szilveszterezzen a Mokos Pinc\u00e9szettel \u00e9s k\u00f6sz\u00f6ntse vel\u00fcnk az \u00daj\u00e9vet!","og_url":"https:\/\/mokos.hu\/en\/new-years-eve-mokos-basement-pods\/","og_site_name":"MOKOS","article_modified_time":"2025-03-29T09:58:09+00:00","og_image":[{"width":1200,"height":675,"url":"https:\/\/mokos.hu\/wp-content\/uploads\/2020\/06\/fb_csomag_3-scaled-e1600678768165.jpg","type":"image\/jpeg"}],"twitter_card":"summary_large_image","twitter_misc":{"Est. reading time":"2 minutes"},"schema":{"@context":"https:\/\/schema.org","@graph":[{"@type":"WebPage","@id":"https:\/\/mokos.hu\/szilveszter-ujev-mokos-pinceszet-palkonya\/","url":"https:\/\/mokos.hu\/szilveszter-ujev-mokos-pinceszet-palkonya\/","name":"New Year's Eve Party - at MOKOS Winery - Vill\u00e1ny wine region","isPartOf":{"@id":"https:\/\/mokos.hu\/#website"},"primaryImageOfPage":{"@id":"https:\/\/mokos.hu\/szilveszter-ujev-mokos-pinceszet-palkonya\/#primaryimage"},"image":{"@id":"https:\/\/mokos.hu\/szilveszter-ujev-mokos-pinceszet-palkonya\/#primaryimage"},"thumbnailUrl":"https:\/\/mokos.hu\/wp-content\/uploads\/2020\/06\/fb_csomag_3-scaled-e1600678768165.jpg","datePublished":"2017-04-20T12:44:22+00:00","dateModified":"2025-03-29T09:58:09+00:00","description":"Great atmosphere, live music, excellent dishes, Vill\u00e1ny wines, fruit wines. Celebrate New Year's Eve with Mokos Winery and welcome the New Year with us!","breadcrumb":{"@id":"https:\/\/mokos.hu\/szilveszter-ujev-mokos-pinceszet-palkonya\/#breadcrumb"},"inLanguage":"en-US","potentialAction":[{"@type":"ReadAction","target":["https:\/\/mokos.hu\/szilveszter-ujev-mokos-pinceszet-palkonya\/"]}]},{"@type":"ImageObject","inLanguage":"en-US","@id":"https:\/\/mokos.hu\/szilveszter-ujev-mokos-pinceszet-palkonya\/#primaryimage","url":"https:\/\/mokos.hu\/wp-content\/uploads\/2020\/06\/fb_csomag_3-scaled-e1600678768165.jpg","contentUrl":"https:\/\/mokos.hu\/wp-content\/uploads\/2020\/06\/fb_csomag_3-scaled-e1600678768165.jpg","width":1200,"height":675,"caption":"Szilveszter_Program_Csomagajanlat_Szallas_Villanyi_borvidek_Mokos_Pinceszet"},{"@type":"BreadcrumbList","@id":"https:\/\/mokos.hu\/szilveszter-ujev-mokos-pinceszet-palkonya\/#breadcrumb","itemListElement":[{"@type":"ListItem","position":1,"name":"Home","item":"https:\/\/mokos.hu\/"},{"@type":"ListItem","position":2,"name":"Szilveszteri Mulats\u00e1g"}]},{"@type":"WebSite","@id":"https:\/\/mokos.hu\/#website","url":"https:\/\/mokos.hu\/","name":"MOKOS","description":"Family Winery, Palkonya","publisher":{"@id":"https:\/\/mokos.hu\/#organization"},"potentialAction":[{"@type":"SearchAction","target":{"@type":"EntryPoint","urlTemplate":"https:\/\/mokos.hu\/?s={search_term_string}"},"query-input":{"@type":"PropertyValueSpecification","valueRequired":true,"valueName":"search_term_string"}}],"inLanguage":"en-US"},{"@type":"Organization","@id":"https:\/\/mokos.hu\/#organization","name":"MOKOS","url":"https:\/\/mokos.hu\/","logo":{"@type":"ImageObject","inLanguage":"en-US","@id":"https:\/\/mokos.hu\/#\/schema\/logo\/image\/","url":"https:\/\/mokos.hu\/wp-content\/uploads\/2018\/11\/cropped-Mokos_Villanyi-Borvidek-Palkonya-1.png","contentUrl":"https:\/\/mokos.hu\/wp-content\/uploads\/2018\/11\/cropped-Mokos_Villanyi-Borvidek-Palkonya-1.png","width":1000,"height":245,"caption":"MOKOS"},"image":{"@id":"https:\/\/mokos.hu\/#\/schema\/logo\/image\/"}}]}},"_links":{"self":[{"href":"https:\/\/mokos.hu\/en\/wp-json\/wp\/v2\/pages\/5214","targetHints":{"allow":["GET"]}}],"collection":[{"href":"https:\/\/mokos.hu\/en\/wp-json\/wp\/v2\/pages"}],"about":[{"href":"https:\/\/mokos.hu\/en\/wp-json\/wp\/v2\/types\/page"}],"author":[{"embeddable":true,"href":"https:\/\/mokos.hu\/en\/wp-json\/wp\/v2\/users\/6"}],"replies":[{"embeddable":true,"href":"https:\/\/mokos.hu\/en\/wp-json\/wp\/v2\/comments?post=5214"}],"version-history":[{"count":0,"href":"https:\/\/mokos.hu\/en\/wp-json\/wp\/v2\/pages\/5214\/revisions"}],"wp:featuredmedia":[{"embeddable":true,"href":"https:\/\/mokos.hu\/en\/wp-json\/wp\/v2\/media\/9973"}],"wp:attachment":[{"href":"https:\/\/mokos.hu\/en\/wp-json\/wp\/v2\/media?parent=5214"}],"curies":[{"name":"wp","href":"https:\/\/api.w.org\/{rel}","templated":true}]}}