{"id":5202,"date":"2017-04-20T13:01:39","date_gmt":"2017-04-20T12:01:39","guid":{"rendered":"http:\/\/dev.vinolin.hu\/?page_id=5202"},"modified":"2025-04-03T09:05:08","modified_gmt":"2025-04-03T07:05:08","slug":"wine-growing","status":"publish","type":"page","link":"https:\/\/mokos.hu\/en\/mokospinceszet\/boraszat\/","title":{"rendered":"Gravitational Winery"},"content":{"rendered":"<div class=\"wpb-content-wrapper\"><div class=\"vc_row wpb_row vc_row-fluid\"><div class=\"wpb_column vc_column_container vc_col-sm-12\"><div class=\"vc_column-inner\"><div class=\"wpb_wrapper\">\n\t<div class=\"wpb_text_column wpb_content_element\" >\n\t\t<div class=\"wpb_wrapper\">\n\t\t\t<p><span style=\"font-weight: 400;\">When building our winery, we were looking for a unique location that was close to the historic cellar row of the village, but at the same time provided enough space to create a modern, 21st century winery that is not only a winery, but also represents the art of winemaking. Finally, a <\/span><b>abandoned quarry<\/b><span style=\"font-weight: 400;\"> we have chosen, which is the <\/span><b>with a row of cellars in Palkonya<\/b><span style=\"font-weight: 400;\"> opposite, and thanks to the characteristics of the area, it has allowed us to create a <\/span><b>gravity winemaking<\/b><span style=\"font-weight: 400;\"> nestled into the side of the Vill\u00e1nyi hills.<\/span><\/p>\n<p><span style=\"font-weight: 400;\">The more than <\/span><b>4 thousand m\u00b2 building<\/b><span style=\"font-weight: 400;\"> is the largest winery in Palkonya today, with a three-circle floor plan uniquely inspired by the <\/span><b>Mokos Winery logo<\/b><span style=\"font-weight: 400;\"> symbolising harmony and the spirit of our winery.<\/span><\/p>\n<p><!-- \/wp:post-content --><\/p>\n<p>&nbsp;<\/p>\n<p><!-- wp:image {\"sizeSlug\":\"large\",\"align\":\"full\"} \/--><\/p>\n<p><!-- wp:paragraph --><img fetchpriority=\"high\" decoding=\"async\" class=\"wp-image-27316 size-large aligncenter\" src=\"https:\/\/mokos.hu\/wp-content\/uploads\/2025\/03\/MOKOS_Pinceszet_Gravitaciosboraszat-1-scaled-e1742563759939-1024x447.jpg\" alt=\"\" width=\"1024\" height=\"447\" srcset=\"https:\/\/mokos.hu\/wp-content\/uploads\/2025\/03\/MOKOS_Pinceszet_Gravitaciosboraszat-1-scaled-e1742563759939-1024x447.jpg 1024w, https:\/\/mokos.hu\/wp-content\/uploads\/2025\/03\/MOKOS_Pinceszet_Gravitaciosboraszat-1-scaled-e1742563759939-1000x437.jpg 1000w, https:\/\/mokos.hu\/wp-content\/uploads\/2025\/03\/MOKOS_Pinceszet_Gravitaciosboraszat-1-scaled-e1742563759939-1200x524.jpg 1200w, https:\/\/mokos.hu\/wp-content\/uploads\/2025\/03\/MOKOS_Pinceszet_Gravitaciosboraszat-1-scaled-e1742563759939-300x131.jpg 300w, https:\/\/mokos.hu\/wp-content\/uploads\/2025\/03\/MOKOS_Pinceszet_Gravitaciosboraszat-1-scaled-e1742563759939-1536x671.jpg 1536w, https:\/\/mokos.hu\/wp-content\/uploads\/2025\/03\/MOKOS_Pinceszet_Gravitaciosboraszat-1-scaled-e1742563759939-2048x894.jpg 2048w, https:\/\/mokos.hu\/wp-content\/uploads\/2025\/03\/MOKOS_Pinceszet_Gravitaciosboraszat-1-scaled-e1742563759939-18x8.jpg 18w\" sizes=\"(max-width: 1024px) 100vw, 1024px\" \/><\/p>\n<p>&nbsp;<\/p>\n<p><span style=\"font-weight: 400;\">In the first phase of the winery's construction, the <\/span><b>technological premises<\/b><span style=\"font-weight: 400;\"> next to a <\/span><b>tasting room<\/b><span style=\"font-weight: 400;\"> has also been set up. We place great emphasis on <\/span><b>for quality<\/b><span style=\"font-weight: 400;\">, and with our modern equipment, every year <\/span><b>nearly 250 000 bottles of classic and premium wines<\/b><span style=\"font-weight: 400;\"> we produce. Our main aim is to <\/span><b>continuous high quality without compromise<\/b><span style=\"font-weight: 400;\"> in addition to providing products for the <\/span><b>quality of service<\/b><span style=\"font-weight: 400;\"> should also be a priority.<\/span><\/p>\n<p><span style=\"font-weight: 400;\">During the implementation of our tastings and programmes <\/span><b>customer satisfaction<\/b><span style=\"font-weight: 400;\"> is one of the most important aspects, so when developing a building <\/span><b>experiential<\/b><span style=\"font-weight: 400;\"> has also been given special attention to ensure that all our visitors have an unforgettable experience.<\/span><\/p>\n<p>&nbsp;<\/p>\n<p><!-- \/wp:paragraph --><\/p>\n<p>&nbsp;<\/p>\n<p><!-- wp:image {\"sizeSlug\":\"large\",\"align\":\"full\"} \/--><\/p>\n<p><!-- wp:paragraph --><img decoding=\"async\" class=\"wp-image-27321 size-large aligncenter\" src=\"https:\/\/mokos.hu\/wp-content\/uploads\/2025\/03\/MOKOS_Pinceszet_Gravitaciosboraszat-8-scaled-e1742564179190-1024x394.jpg\" alt=\"\" width=\"1024\" height=\"394\" srcset=\"https:\/\/mokos.hu\/wp-content\/uploads\/2025\/03\/MOKOS_Pinceszet_Gravitaciosboraszat-8-scaled-e1742564179190-1024x394.jpg 1024w, https:\/\/mokos.hu\/wp-content\/uploads\/2025\/03\/MOKOS_Pinceszet_Gravitaciosboraszat-8-scaled-e1742564179190-1000x385.jpg 1000w, https:\/\/mokos.hu\/wp-content\/uploads\/2025\/03\/MOKOS_Pinceszet_Gravitaciosboraszat-8-scaled-e1742564179190-1200x462.jpg 1200w, https:\/\/mokos.hu\/wp-content\/uploads\/2025\/03\/MOKOS_Pinceszet_Gravitaciosboraszat-8-scaled-e1742564179190-300x116.jpg 300w, https:\/\/mokos.hu\/wp-content\/uploads\/2025\/03\/MOKOS_Pinceszet_Gravitaciosboraszat-8-scaled-e1742564179190-1536x592.jpg 1536w, https:\/\/mokos.hu\/wp-content\/uploads\/2025\/03\/MOKOS_Pinceszet_Gravitaciosboraszat-8-scaled-e1742564179190-2048x789.jpg 2048w, https:\/\/mokos.hu\/wp-content\/uploads\/2025\/03\/MOKOS_Pinceszet_Gravitaciosboraszat-8-scaled-e1742564179190-18x7.jpg 18w\" sizes=\"(max-width: 1024px) 100vw, 1024px\" \/><\/p>\n<p><span style=\"font-weight: 400;\">In the winemaking process <\/span><b>stainless steel diving tanks<\/b><span style=\"font-weight: 400;\"> which allow one of the most gentle fermentation and racking processes. Of course, all this <\/span><b>controlled frames and temperature<\/b><span style=\"font-weight: 400;\"> so that every drop of wine is perfect. A <\/span><b>our premium and super premium wines typical of the Vill\u00e1ny wine region<\/b><span style=\"font-weight: 400;\"> hundreds of <\/span><b>225, 300, 500 litres (barrique)<\/b><span style=\"font-weight: 400;\"> in barrels, and acquire their characteristic flavour.<\/span><\/p>\n<p><span style=\"font-weight: 400;\">However, modern technology is also <\/span><b>respect for ancestors<\/b><span style=\"font-weight: 400;\"> and their inheritance <\/span><b>diligence<\/b><span style=\"font-weight: 400;\"> is what really makes our work stand out. It is this care that allows the wines to be typical of the wine region. <\/span><b>Character<\/b><span style=\"font-weight: 400;\"> the world of flavour.<\/span><\/p>\n<p><span style=\"font-weight: 400;\">We are also proud that our winery was one of the first to start <\/span><b>free of water, flavourings and colourings<\/b><span style=\"font-weight: 400;\">, <\/span><b>Fruit wines made from domestic fruit in 100%<\/b><span style=\"font-weight: 400;\"> to market. A <\/span><b>nearly two decades of professional experience<\/b><span style=\"font-weight: 400;\">, and thanks to the expertise of three generations of winemakers, there are many <\/span><b>recognition<\/b><span style=\"font-weight: 400;\"> is behind us. Today, the <\/span><b>Mokos Fruit Wines<\/b><span style=\"font-weight: 400;\"> have become one of the most sought-after and best-selling premium Hungarian fruit wines in Hungary.<\/span><\/p>\n<p><!-- \/wp:paragraph --><\/p>\n<p>&nbsp;<\/p>\n<p><!-- wp:image {\"sizeSlug\":\"large\",\"align\":\"full\"} \/--><\/p>\n<p><!-- wp:paragraph --><img decoding=\"async\" class=\"wp-image-27326 size-large aligncenter\" src=\"https:\/\/mokos.hu\/wp-content\/uploads\/2025\/03\/MOKOS_Pinceszet_Borok-10-scaled-e1742564362644-1024x432.jpg\" alt=\"\" width=\"1024\" height=\"432\" srcset=\"https:\/\/mokos.hu\/wp-content\/uploads\/2025\/03\/MOKOS_Pinceszet_Borok-10-scaled-e1742564362644-1024x432.jpg 1024w, https:\/\/mokos.hu\/wp-content\/uploads\/2025\/03\/MOKOS_Pinceszet_Borok-10-scaled-e1742564362644-1000x422.jpg 1000w, https:\/\/mokos.hu\/wp-content\/uploads\/2025\/03\/MOKOS_Pinceszet_Borok-10-scaled-e1742564362644-1200x506.jpg 1200w, https:\/\/mokos.hu\/wp-content\/uploads\/2025\/03\/MOKOS_Pinceszet_Borok-10-scaled-e1742564362644-300x127.jpg 300w, https:\/\/mokos.hu\/wp-content\/uploads\/2025\/03\/MOKOS_Pinceszet_Borok-10-scaled-e1742564362644-1536x648.jpg 1536w, https:\/\/mokos.hu\/wp-content\/uploads\/2025\/03\/MOKOS_Pinceszet_Borok-10-scaled-e1742564362644-2048x864.jpg 2048w, https:\/\/mokos.hu\/wp-content\/uploads\/2025\/03\/MOKOS_Pinceszet_Borok-10-scaled-e1742564362644-18x8.jpg 18w\" sizes=\"(max-width: 1024px) 100vw, 1024px\" \/><\/p>\n<p><span style=\"font-weight: 400;\">As the most important winery in Palkonya <\/span><b>our aim is to provide a complex experience<\/b><span style=\"font-weight: 400;\"> for our visitors, <\/span><span style=\"font-weight: 400;\">while the <\/span><b>stimulating cultural life<\/b><span style=\"font-weight: 400;\"> we are also actively involved. With this in mind, we have continued to expand our building, and by August 2013 we had completed the <\/span><b>our theatre and event hall<\/b><span style=\"font-weight: 400;\">, which <\/span><b>with an auditorium for 300 people<\/b><span style=\"font-weight: 400;\">, <\/span><b>with a lodge for 60 people<\/b><span style=\"font-weight: 400;\">, as well as the most modern <\/span><b>boasts sound and lighting equipment<\/b><span style=\"font-weight: 400;\">. This makes it an ideal venue for larger events, concerts and other cultural events.<\/span><\/p>\n<p><span style=\"font-weight: 400;\">Our building <\/span><b>with the third phase to be delivered in 2022<\/b><span style=\"font-weight: 400;\"> completes the dream already conceived at the beginning <\/span><b>gravity winery structure<\/b><span style=\"font-weight: 400;\">. The more than <\/span><b>100 metre long building<\/b><span style=\"font-weight: 400;\"> has been extended to four levels, allowing the wine-making steps to be broken down by level. Once the fruit and grapes have been received, fermentation, storage in vats and barrel ageing take place on separate levels, allowing the stages of fermentation and ageing to be carried out without mechanical intervention, using only the <\/span><b>gravity<\/b><span style=\"font-weight: 400;\"> to help them shape themselves to perfection <\/span><b>our refined wines<\/b><span style=\"font-weight: 400;\">.<\/span><\/p>\n<p><!-- \/wp:paragraph --><\/p>\n<p>&nbsp;<\/p>\n\n\t\t<\/div>\n\t<\/div>\n<\/div><\/div><\/div><\/div><\/div>","protected":false},"excerpt":{"rendered":"Pinc\u00e9szet\u00fcnk \u00e9p\u00edt\u00e9se sor\u00e1n egy olyan k\u00fcl\u00f6nleges helysz\u00ednt kerest\u00fcnk, amely k\u00f6zel van a telep\u00fcl\u00e9s t\u00f6rt\u00e9nelmi pincesor\u00e1hoz, ugyanakkor elegend\u0151 teret biztos\u00edt egy olyan modern, 21. sz\u00e1zadi bor\u00e1szat l\u00e9trehoz\u00e1s\u00e1hoz, amely nem csup\u00e1n bor\u00e1szati&hellip;","protected":false},"author":6,"featured_media":0,"parent":59,"menu_order":0,"comment_status":"closed","ping_status":"closed","template":"","meta":{"_acf_changed":false,"footnotes":""},"class_list":["post-5202","page","type-page","status-publish","hentry"],"acf":[],"yoast_head":"<!-- This site is optimized with the Yoast SEO plugin v27.1.1 - https:\/\/yoast.com\/product\/yoast-seo-wordpress\/ -->\n<title>Gravit\u00e1ci\u00f3s Bor\u00e1szat - Korszer\u0171 technol\u00f3gia \u00e9s Exkluz\u00edv rendezv\u00e9nyhelysz\u00edn<\/title>\n<meta name=\"description\" content=\"A modern technol\u00f3gia, a bor tisztelete \u00e9s az \u0151s\u00f6kt\u0151l \u00f6r\u00f6k\u00f6lt gondoss\u00e1g teszi lehet\u0151v\u00e9, hogy d\u00edjnyertes Mokos v\u00f6r\u00f6sborok \u00e9s gy\u00fcm\u00f6lcsborok sz\u00fclethessenek.\" \/>\n<meta name=\"robots\" content=\"index, follow, max-snippet:-1, max-image-preview:large, max-video-preview:-1\" \/>\n<link rel=\"canonical\" href=\"https:\/\/mokos.hu\/en\/mokospinceszet\/wine-growing\/\" \/>\n<meta property=\"og:locale\" content=\"en_US\" \/>\n<meta property=\"og:type\" content=\"article\" \/>\n<meta property=\"og:title\" content=\"Gravit\u00e1ci\u00f3s Bor\u00e1szat - Korszer\u0171 technol\u00f3gia \u00e9s Exkluz\u00edv rendezv\u00e9nyhelysz\u00edn\" \/>\n<meta property=\"og:description\" content=\"A modern technol\u00f3gia, a bor tisztelete \u00e9s az \u0151s\u00f6kt\u0151l \u00f6r\u00f6k\u00f6lt gondoss\u00e1g teszi lehet\u0151v\u00e9, hogy d\u00edjnyertes Mokos v\u00f6r\u00f6sborok \u00e9s gy\u00fcm\u00f6lcsborok sz\u00fclethessenek.\" \/>\n<meta property=\"og:url\" content=\"https:\/\/mokos.hu\/en\/mokospinceszet\/wine-growing\/\" \/>\n<meta property=\"og:site_name\" content=\"MOKOS\" \/>\n<meta property=\"article:modified_time\" content=\"2025-04-03T07:05:08+00:00\" \/>\n<meta property=\"og:image\" content=\"https:\/\/mokos.hu\/wp-content\/uploads\/2025\/03\/MOKOS_Pinceszet_Gravitaciosboraszat-1-scaled-e1742563759939.jpg\" \/>\n\t<meta property=\"og:image:width\" content=\"2560\" \/>\n\t<meta property=\"og:image:height\" content=\"1118\" \/>\n\t<meta property=\"og:image:type\" content=\"image\/jpeg\" \/>\n<meta name=\"twitter:card\" content=\"summary_large_image\" \/>\n<meta name=\"twitter:label1\" content=\"Est. reading time\" \/>\n\t<meta name=\"twitter:data1\" content=\"4 minutes\" \/>\n<script type=\"application\/ld+json\" class=\"yoast-schema-graph\">{\"@context\":\"https:\/\/schema.org\",\"@graph\":[{\"@type\":\"WebPage\",\"@id\":\"https:\/\/mokos.hu\/mokospinceszet\/boraszat\/\",\"url\":\"https:\/\/mokos.hu\/mokospinceszet\/boraszat\/\",\"name\":\"Gravit\u00e1ci\u00f3s Bor\u00e1szat - Korszer\u0171 technol\u00f3gia \u00e9s Exkluz\u00edv rendezv\u00e9nyhelysz\u00edn\",\"isPartOf\":{\"@id\":\"https:\/\/mokos.hu\/#website\"},\"primaryImageOfPage\":{\"@id\":\"https:\/\/mokos.hu\/mokospinceszet\/boraszat\/#primaryimage\"},\"image\":{\"@id\":\"https:\/\/mokos.hu\/mokospinceszet\/boraszat\/#primaryimage\"},\"thumbnailUrl\":\"https:\/\/mokos.hu\/wp-content\/uploads\/2025\/03\/MOKOS_Pinceszet_Gravitaciosboraszat-1-scaled-e1742563759939-1024x447.jpg\",\"datePublished\":\"2017-04-20T12:01:39+00:00\",\"dateModified\":\"2025-04-03T07:05:08+00:00\",\"description\":\"A modern technol\u00f3gia, a bor tisztelete \u00e9s az \u0151s\u00f6kt\u0151l \u00f6r\u00f6k\u00f6lt gondoss\u00e1g teszi lehet\u0151v\u00e9, hogy d\u00edjnyertes Mokos v\u00f6r\u00f6sborok \u00e9s gy\u00fcm\u00f6lcsborok sz\u00fclethessenek.\",\"breadcrumb\":{\"@id\":\"https:\/\/mokos.hu\/mokospinceszet\/boraszat\/#breadcrumb\"},\"inLanguage\":\"en-US\",\"potentialAction\":[{\"@type\":\"ReadAction\",\"target\":[\"https:\/\/mokos.hu\/mokospinceszet\/boraszat\/\"]}]},{\"@type\":\"ImageObject\",\"inLanguage\":\"en-US\",\"@id\":\"https:\/\/mokos.hu\/mokospinceszet\/boraszat\/#primaryimage\",\"url\":\"https:\/\/mokos.hu\/wp-content\/uploads\/2025\/03\/MOKOS_Pinceszet_Gravitaciosboraszat-1-scaled-e1742563759939-1024x447.jpg\",\"contentUrl\":\"https:\/\/mokos.hu\/wp-content\/uploads\/2025\/03\/MOKOS_Pinceszet_Gravitaciosboraszat-1-scaled-e1742563759939-1024x447.jpg\"},{\"@type\":\"BreadcrumbList\",\"@id\":\"https:\/\/mokos.hu\/mokospinceszet\/boraszat\/#breadcrumb\",\"itemListElement\":[{\"@type\":\"ListItem\",\"position\":1,\"name\":\"Home\",\"item\":\"https:\/\/mokos.hu\/\"},{\"@type\":\"ListItem\",\"position\":2,\"name\":\"Mokos Pinc\u00e9szet\",\"item\":\"https:\/\/mokos.hu\/mokospinceszet\/\"},{\"@type\":\"ListItem\",\"position\":3,\"name\":\"Gravit\u00e1ci\u00f3s Bor\u00e1szat\"}]},{\"@type\":\"WebSite\",\"@id\":\"https:\/\/mokos.hu\/#website\",\"url\":\"https:\/\/mokos.hu\/\",\"name\":\"MOKOS\",\"description\":\"Csal\u00e1di Pinc\u00e9szet, Palkonya\",\"publisher\":{\"@id\":\"https:\/\/mokos.hu\/#organization\"},\"potentialAction\":[{\"@type\":\"SearchAction\",\"target\":{\"@type\":\"EntryPoint\",\"urlTemplate\":\"https:\/\/mokos.hu\/?s={search_term_string}\"},\"query-input\":{\"@type\":\"PropertyValueSpecification\",\"valueRequired\":true,\"valueName\":\"search_term_string\"}}],\"inLanguage\":\"en-US\"},{\"@type\":\"Organization\",\"@id\":\"https:\/\/mokos.hu\/#organization\",\"name\":\"MOKOS\",\"url\":\"https:\/\/mokos.hu\/\",\"logo\":{\"@type\":\"ImageObject\",\"inLanguage\":\"en-US\",\"@id\":\"https:\/\/mokos.hu\/#\/schema\/logo\/image\/\",\"url\":\"https:\/\/mokos.hu\/wp-content\/uploads\/2018\/11\/cropped-Mokos_Villanyi-Borvidek-Palkonya-1.png\",\"contentUrl\":\"https:\/\/mokos.hu\/wp-content\/uploads\/2018\/11\/cropped-Mokos_Villanyi-Borvidek-Palkonya-1.png\",\"width\":1000,\"height\":245,\"caption\":\"MOKOS\"},\"image\":{\"@id\":\"https:\/\/mokos.hu\/#\/schema\/logo\/image\/\"}}]}<\/script>\n<!-- \/ Yoast SEO plugin. -->","yoast_head_json":{"title":"Gravitational Winery - Advanced Technology and Exclusive Venue","description":"Modern technology, a respect for wine and the care handed down from our ancestors make it possible to produce award-winning Mokos reds and fruit wines.","robots":{"index":"index","follow":"follow","max-snippet":"max-snippet:-1","max-image-preview":"max-image-preview:large","max-video-preview":"max-video-preview:-1"},"canonical":"https:\/\/mokos.hu\/en\/mokospinceszet\/wine-growing\/","og_locale":"en_US","og_type":"article","og_title":"Gravit\u00e1ci\u00f3s Bor\u00e1szat - Korszer\u0171 technol\u00f3gia \u00e9s Exkluz\u00edv rendezv\u00e9nyhelysz\u00edn","og_description":"A modern technol\u00f3gia, a bor tisztelete \u00e9s az \u0151s\u00f6kt\u0151l \u00f6r\u00f6k\u00f6lt gondoss\u00e1g teszi lehet\u0151v\u00e9, hogy d\u00edjnyertes Mokos v\u00f6r\u00f6sborok \u00e9s gy\u00fcm\u00f6lcsborok sz\u00fclethessenek.","og_url":"https:\/\/mokos.hu\/en\/mokospinceszet\/wine-growing\/","og_site_name":"MOKOS","article_modified_time":"2025-04-03T07:05:08+00:00","og_image":[{"width":2560,"height":1118,"url":"https:\/\/mokos.hu\/wp-content\/uploads\/2025\/03\/MOKOS_Pinceszet_Gravitaciosboraszat-1-scaled-e1742563759939.jpg","type":"image\/jpeg"}],"twitter_card":"summary_large_image","twitter_misc":{"Est. reading time":"4 minutes"},"schema":{"@context":"https:\/\/schema.org","@graph":[{"@type":"WebPage","@id":"https:\/\/mokos.hu\/mokospinceszet\/boraszat\/","url":"https:\/\/mokos.hu\/mokospinceszet\/boraszat\/","name":"Gravitational Winery - Advanced Technology and Exclusive Venue","isPartOf":{"@id":"https:\/\/mokos.hu\/#website"},"primaryImageOfPage":{"@id":"https:\/\/mokos.hu\/mokospinceszet\/boraszat\/#primaryimage"},"image":{"@id":"https:\/\/mokos.hu\/mokospinceszet\/boraszat\/#primaryimage"},"thumbnailUrl":"https:\/\/mokos.hu\/wp-content\/uploads\/2025\/03\/MOKOS_Pinceszet_Gravitaciosboraszat-1-scaled-e1742563759939-1024x447.jpg","datePublished":"2017-04-20T12:01:39+00:00","dateModified":"2025-04-03T07:05:08+00:00","description":"Modern technology, a respect for wine and the care handed down from our ancestors make it possible to produce award-winning Mokos reds and fruit wines.","breadcrumb":{"@id":"https:\/\/mokos.hu\/mokospinceszet\/boraszat\/#breadcrumb"},"inLanguage":"en-US","potentialAction":[{"@type":"ReadAction","target":["https:\/\/mokos.hu\/mokospinceszet\/boraszat\/"]}]},{"@type":"ImageObject","inLanguage":"en-US","@id":"https:\/\/mokos.hu\/mokospinceszet\/boraszat\/#primaryimage","url":"https:\/\/mokos.hu\/wp-content\/uploads\/2025\/03\/MOKOS_Pinceszet_Gravitaciosboraszat-1-scaled-e1742563759939-1024x447.jpg","contentUrl":"https:\/\/mokos.hu\/wp-content\/uploads\/2025\/03\/MOKOS_Pinceszet_Gravitaciosboraszat-1-scaled-e1742563759939-1024x447.jpg"},{"@type":"BreadcrumbList","@id":"https:\/\/mokos.hu\/mokospinceszet\/boraszat\/#breadcrumb","itemListElement":[{"@type":"ListItem","position":1,"name":"Home","item":"https:\/\/mokos.hu\/"},{"@type":"ListItem","position":2,"name":"Mokos Pinc\u00e9szet","item":"https:\/\/mokos.hu\/mokospinceszet\/"},{"@type":"ListItem","position":3,"name":"Gravit\u00e1ci\u00f3s Bor\u00e1szat"}]},{"@type":"WebSite","@id":"https:\/\/mokos.hu\/#website","url":"https:\/\/mokos.hu\/","name":"MOKOS","description":"Family Winery, Palkonya","publisher":{"@id":"https:\/\/mokos.hu\/#organization"},"potentialAction":[{"@type":"SearchAction","target":{"@type":"EntryPoint","urlTemplate":"https:\/\/mokos.hu\/?s={search_term_string}"},"query-input":{"@type":"PropertyValueSpecification","valueRequired":true,"valueName":"search_term_string"}}],"inLanguage":"en-US"},{"@type":"Organization","@id":"https:\/\/mokos.hu\/#organization","name":"MOKOS","url":"https:\/\/mokos.hu\/","logo":{"@type":"ImageObject","inLanguage":"en-US","@id":"https:\/\/mokos.hu\/#\/schema\/logo\/image\/","url":"https:\/\/mokos.hu\/wp-content\/uploads\/2018\/11\/cropped-Mokos_Villanyi-Borvidek-Palkonya-1.png","contentUrl":"https:\/\/mokos.hu\/wp-content\/uploads\/2018\/11\/cropped-Mokos_Villanyi-Borvidek-Palkonya-1.png","width":1000,"height":245,"caption":"MOKOS"},"image":{"@id":"https:\/\/mokos.hu\/#\/schema\/logo\/image\/"}}]}},"_links":{"self":[{"href":"https:\/\/mokos.hu\/en\/wp-json\/wp\/v2\/pages\/5202","targetHints":{"allow":["GET"]}}],"collection":[{"href":"https:\/\/mokos.hu\/en\/wp-json\/wp\/v2\/pages"}],"about":[{"href":"https:\/\/mokos.hu\/en\/wp-json\/wp\/v2\/types\/page"}],"author":[{"embeddable":true,"href":"https:\/\/mokos.hu\/en\/wp-json\/wp\/v2\/users\/6"}],"replies":[{"embeddable":true,"href":"https:\/\/mokos.hu\/en\/wp-json\/wp\/v2\/comments?post=5202"}],"version-history":[{"count":2,"href":"https:\/\/mokos.hu\/en\/wp-json\/wp\/v2\/pages\/5202\/revisions"}],"predecessor-version":[{"id":28132,"href":"https:\/\/mokos.hu\/en\/wp-json\/wp\/v2\/pages\/5202\/revisions\/28132"}],"up":[{"embeddable":true,"href":"https:\/\/mokos.hu\/en\/wp-json\/wp\/v2\/pages\/59"}],"wp:attachment":[{"href":"https:\/\/mokos.hu\/en\/wp-json\/wp\/v2\/media?parent=5202"}],"curies":[{"name":"wp","href":"https:\/\/api.w.org\/{rel}","templated":true}]}}