{"id":5160,"date":"2017-04-19T13:40:11","date_gmt":"2017-04-19T12:40:11","guid":{"rendered":"http:\/\/dev.vinolin.hu\/?page_id=5160"},"modified":"2025-01-21T14:25:13","modified_gmt":"2025-01-21T12:25:13","slug":"borvegas","status":"publish","type":"page","link":"https:\/\/mokos.hu\/en\/rendezvenyek\/csapatepito-programok\/borvegas\/","title":{"rendered":"BorVegas"},"content":{"rendered":"<h3><\/h3>\n<h3>Borvegas<\/h3>\n<h4><strong>Looking for an exciting, fun and informal team building programme? <\/strong><\/h4>\n<p><strong>Then choose our BorVegas team-building offer, where you'll need not only luck, but also excellent knowledge of wine and brandy and a good nose and palate!<\/strong><\/p>\n<p><strong><img fetchpriority=\"high\" decoding=\"async\" class=\"aligncenter wp-image-6285 size-full\" src=\"https:\/\/mokos.hu\/wp-content\/uploads\/2019\/02\/SIDEBAR_KIEMELT_1000x557_BORVEGAS-e1600673535200.png\" alt=\"\" width=\"600\" height=\"355\" srcset=\"https:\/\/mokos.hu\/wp-content\/uploads\/2019\/02\/SIDEBAR_KIEMELT_1000x557_BORVEGAS-e1600673535200.png 600w, https:\/\/mokos.hu\/wp-content\/uploads\/2019\/02\/SIDEBAR_KIEMELT_1000x557_BORVEGAS-e1600673535200-300x178.png 300w\" sizes=\"(max-width: 600px) 100vw, 600px\" \/><\/strong><\/p>\n<p>&nbsp;<\/p>\n<p><strong>Our BorVegas team building programme includes 3 exercises<\/strong>which can be played by up to 2-6 teams at a time.<\/p>\n<ul>\n<li>In the first ever wine game, the roulette table is not a table of numbers, but a table of Hungary's wine regions, as well as different grape varieties, alcohols and other wine characteristics, which players can vote for with chips. The game starts with blind tasting of wines from different wine regions and wineries. After the tasting, team members place their bets on the characteristics of the wine (wine region, varietal wines, alcohols, ageing method, etc.). The aim is to collect the most chips! There are 5 different wines to taste in a round.<\/li>\n<li>In the second wine tasting game, teams can try their luck at WineJack. In our WineJack game, teams are challenged to get a card score as close to 21 as possible and then taste Mokos Wines based on their results.<\/li>\n<li>In our third game (Wine Region Memory), team members have to build on their good memory while learning about the Vill\u00e1ny Wine Region by playing and drinking wine.<\/li>\n<\/ul>\n<p>The game is available for a minimum of 10 people or on payment of the price for 10 people.<\/p>\n<p><span style=\"color: #000000;\"><b>Fortune is fickle, but appetite is constant. <\/b><\/span><\/p>\n<h4><span style=\"color: #000000;\"><b>Make an appointment with our staff in advance and get our personalized food offers at Mokos Winery!<\/b><\/span><\/h4>\n<p>&nbsp;<\/p>\n<h5>Personalised <a href=\"https:\/\/mokos.hu\/en\/arajanlatkeres\/#1549628038713-ce557502-38e5\"><strong>ask for a quote here!<\/strong><\/a><\/h5>\n<h5><span style=\"color: #000000;\"><strong>Further information and registration<\/strong><\/span><\/h5>\n<p>Participation is subject to pre-registration and registration.<strong><br \/>\n<\/strong><\/p>\n<p>Vikt\u00f3ria Mokos | +36 70 425 0334<\/p>\n<p>Dalma Menr\u00e1th | +36 70 509 8779<\/p>\n<p>E-mail:\u00a0 <a href=\"mailto:szervezes@mokos.hu\">szervezes@mokos.hu |\u00a0<\/a><strong>Location: the Mokos Family Winery<\/strong>, 7771 Palkonya, Hegyalja u. 1.<\/p>\n<p>Policies on ordering and booking <a href=\"https:\/\/mokos.hu\/en\/uzlet\/rules\/\">HERE<\/a> reaches.<\/p>\n<p><span style=\"color: #000000;\"><strong>The MOKOS Winery is an excellent venue and opportunity to organise company team building events. We welcome applications from small and large groups with experience harvesting and team-building games. For individual offers please contact us at <a style=\"color: #000000;\" href=\"mailto:szervezes@mokos.hu\">szervezes@mokos.hu<\/a>\u00a0by e-mail.<\/strong><\/span><\/p>\n<hr \/>\n<h4><strong>Accommodation:<\/strong><\/h4>\n<div><strong>Take a break from the action-packed programme<\/strong> conveniently located in Vill\u00e1nyk\u00f6ves<a href=\"http:\/\/hotelcabernet.hu\/csomag\/csapatepito_program_villany_nyomozos_borozos\/\"><strong> Hotel Cabernet*** <\/strong><\/a>-in.<\/div>\n<div><a href=\"https:\/\/hotelcabernet.hu\/csomag\/elmeny-csapatepites-program-villany-borvegas\/\" target=\"_blank\" rel=\"noopener\"><b>Team building package offer with accommodation here!<\/b><\/a><\/div>\n<div><\/div>\n<div>\n<hr \/>\n<\/div>","protected":false},"excerpt":{"rendered":"<p>Borvegas Izgalmas, sz\u00f3rakoztat\u00f3 \u00e9s k\u00f6tetlen csapat\u00e9p\u00edt\u0151 programot keresel? Akkor v\u00e1laszd BorVegas csapat\u00e9p\u00edt\u0151 aj\u00e1nlatunkat, ahol\u00a0\u00a0a szerencse mellett sz\u00fcks\u00e9g lesz a csapattagok kiv\u00e1l\u00f3 bor- \u00e9s p\u00e1linka ismeret\u00e9re, valamint j\u00f3 orr\u00e1ra-\u00edzlel\u00e9s\u00e9re is! &nbsp;&hellip;<\/p>","protected":false},"author":6,"featured_media":0,"parent":21,"menu_order":0,"comment_status":"closed","ping_status":"closed","template":"","meta":{"_acf_changed":false,"footnotes":""},"class_list":["post-5160","page","type-page","status-publish","hentry"],"acf":[],"yoast_head":"<!-- This site is optimized with the Yoast SEO plugin v27.1.1 - https:\/\/yoast.com\/product\/yoast-seo-wordpress\/ -->\n<title>BorVegas - MOKOS<\/title>\n<meta name=\"robots\" content=\"index, follow, max-snippet:-1, max-image-preview:large, max-video-preview:-1\" \/>\n<link rel=\"canonical\" href=\"https:\/\/mokos.hu\/en\/events\/team-support-programmes\/borvegas\/\" \/>\n<meta property=\"og:locale\" content=\"en_US\" \/>\n<meta property=\"og:type\" content=\"article\" \/>\n<meta property=\"og:title\" content=\"BorVegas - MOKOS\" \/>\n<meta property=\"og:description\" content=\"Borvegas Izgalmas, sz\u00f3rakoztat\u00f3 \u00e9s k\u00f6tetlen csapat\u00e9p\u00edt\u0151 programot keresel? Akkor v\u00e1laszd BorVegas csapat\u00e9p\u00edt\u0151 aj\u00e1nlatunkat, ahol\u00a0\u00a0a szerencse mellett sz\u00fcks\u00e9g lesz a csapattagok kiv\u00e1l\u00f3 bor- \u00e9s p\u00e1linka ismeret\u00e9re, valamint j\u00f3 orr\u00e1ra-\u00edzlel\u00e9s\u00e9re is! &nbsp;&hellip;\" \/>\n<meta property=\"og:url\" content=\"https:\/\/mokos.hu\/en\/events\/team-support-programmes\/borvegas\/\" \/>\n<meta property=\"og:site_name\" content=\"MOKOS\" \/>\n<meta property=\"article:modified_time\" content=\"2025-01-21T12:25:13+00:00\" \/>\n<meta property=\"og:image\" content=\"https:\/\/mokos.hu\/wp-content\/uploads\/2019\/02\/SIDEBAR_KIEMELT_1000x557_BORVEGAS-e1600673535200.png\" \/>\n\t<meta property=\"og:image:width\" content=\"600\" \/>\n\t<meta property=\"og:image:height\" content=\"355\" \/>\n\t<meta property=\"og:image:type\" content=\"image\/png\" \/>\n<meta name=\"twitter:card\" content=\"summary_large_image\" \/>\n<meta name=\"twitter:label1\" content=\"Est. reading time\" \/>\n\t<meta name=\"twitter:data1\" content=\"2 minutes\" \/>\n<script type=\"application\/ld+json\" class=\"yoast-schema-graph\">{\"@context\":\"https:\/\/schema.org\",\"@graph\":[{\"@type\":\"WebPage\",\"@id\":\"https:\/\/mokos.hu\/rendezvenyek\/csapatepito-programok\/borvegas\/\",\"url\":\"https:\/\/mokos.hu\/rendezvenyek\/csapatepito-programok\/borvegas\/\",\"name\":\"BorVegas - MOKOS\",\"isPartOf\":{\"@id\":\"https:\/\/mokos.hu\/#website\"},\"primaryImageOfPage\":{\"@id\":\"https:\/\/mokos.hu\/rendezvenyek\/csapatepito-programok\/borvegas\/#primaryimage\"},\"image\":{\"@id\":\"https:\/\/mokos.hu\/rendezvenyek\/csapatepito-programok\/borvegas\/#primaryimage\"},\"thumbnailUrl\":\"https:\/\/mokos.hu\/wp-content\/uploads\/2019\/02\/SIDEBAR_KIEMELT_1000x557_BORVEGAS-e1600673535200.png\",\"datePublished\":\"2017-04-19T12:40:11+00:00\",\"dateModified\":\"2025-01-21T12:25:13+00:00\",\"breadcrumb\":{\"@id\":\"https:\/\/mokos.hu\/rendezvenyek\/csapatepito-programok\/borvegas\/#breadcrumb\"},\"inLanguage\":\"en-US\",\"potentialAction\":[{\"@type\":\"ReadAction\",\"target\":[\"https:\/\/mokos.hu\/rendezvenyek\/csapatepito-programok\/borvegas\/\"]}]},{\"@type\":\"ImageObject\",\"inLanguage\":\"en-US\",\"@id\":\"https:\/\/mokos.hu\/rendezvenyek\/csapatepito-programok\/borvegas\/#primaryimage\",\"url\":\"https:\/\/mokos.hu\/wp-content\/uploads\/2019\/02\/SIDEBAR_KIEMELT_1000x557_BORVEGAS-e1600673535200.png\",\"contentUrl\":\"https:\/\/mokos.hu\/wp-content\/uploads\/2019\/02\/SIDEBAR_KIEMELT_1000x557_BORVEGAS-e1600673535200.png\"},{\"@type\":\"BreadcrumbList\",\"@id\":\"https:\/\/mokos.hu\/rendezvenyek\/csapatepito-programok\/borvegas\/#breadcrumb\",\"itemListElement\":[{\"@type\":\"ListItem\",\"position\":1,\"name\":\"Home\",\"item\":\"https:\/\/mokos.hu\/\"},{\"@type\":\"ListItem\",\"position\":2,\"name\":\"Rendezv\u00e9nyek\",\"item\":\"https:\/\/mokos.hu\/rendezvenyek\/\"},{\"@type\":\"ListItem\",\"position\":3,\"name\":\"Csapat\u00e9p\u00edt\u0151k\",\"item\":\"https:\/\/mokos.hu\/rendezvenyek\/csapatepito-programok\/\"},{\"@type\":\"ListItem\",\"position\":4,\"name\":\"BorVegas\"}]},{\"@type\":\"WebSite\",\"@id\":\"https:\/\/mokos.hu\/#website\",\"url\":\"https:\/\/mokos.hu\/\",\"name\":\"MOKOS\",\"description\":\"Csal\u00e1di Pinc\u00e9szet, Palkonya\",\"publisher\":{\"@id\":\"https:\/\/mokos.hu\/#organization\"},\"potentialAction\":[{\"@type\":\"SearchAction\",\"target\":{\"@type\":\"EntryPoint\",\"urlTemplate\":\"https:\/\/mokos.hu\/?s={search_term_string}\"},\"query-input\":{\"@type\":\"PropertyValueSpecification\",\"valueRequired\":true,\"valueName\":\"search_term_string\"}}],\"inLanguage\":\"en-US\"},{\"@type\":\"Organization\",\"@id\":\"https:\/\/mokos.hu\/#organization\",\"name\":\"MOKOS\",\"url\":\"https:\/\/mokos.hu\/\",\"logo\":{\"@type\":\"ImageObject\",\"inLanguage\":\"en-US\",\"@id\":\"https:\/\/mokos.hu\/#\/schema\/logo\/image\/\",\"url\":\"https:\/\/mokos.hu\/wp-content\/uploads\/2018\/11\/cropped-Mokos_Villanyi-Borvidek-Palkonya-1.png\",\"contentUrl\":\"https:\/\/mokos.hu\/wp-content\/uploads\/2018\/11\/cropped-Mokos_Villanyi-Borvidek-Palkonya-1.png\",\"width\":1000,\"height\":245,\"caption\":\"MOKOS\"},\"image\":{\"@id\":\"https:\/\/mokos.hu\/#\/schema\/logo\/image\/\"}}]}<\/script>\n<!-- \/ Yoast SEO plugin. -->","yoast_head_json":{"title":"BorVegas - MOKOS","robots":{"index":"index","follow":"follow","max-snippet":"max-snippet:-1","max-image-preview":"max-image-preview:large","max-video-preview":"max-video-preview:-1"},"canonical":"https:\/\/mokos.hu\/en\/events\/team-support-programmes\/borvegas\/","og_locale":"en_US","og_type":"article","og_title":"BorVegas - MOKOS","og_description":"Borvegas Izgalmas, sz\u00f3rakoztat\u00f3 \u00e9s k\u00f6tetlen csapat\u00e9p\u00edt\u0151 programot keresel? Akkor v\u00e1laszd BorVegas csapat\u00e9p\u00edt\u0151 aj\u00e1nlatunkat, ahol\u00a0\u00a0a szerencse mellett sz\u00fcks\u00e9g lesz a csapattagok kiv\u00e1l\u00f3 bor- \u00e9s p\u00e1linka ismeret\u00e9re, valamint j\u00f3 orr\u00e1ra-\u00edzlel\u00e9s\u00e9re is! &nbsp;&hellip;","og_url":"https:\/\/mokos.hu\/en\/events\/team-support-programmes\/borvegas\/","og_site_name":"MOKOS","article_modified_time":"2025-01-21T12:25:13+00:00","og_image":[{"width":600,"height":355,"url":"https:\/\/mokos.hu\/wp-content\/uploads\/2019\/02\/SIDEBAR_KIEMELT_1000x557_BORVEGAS-e1600673535200.png","type":"image\/png"}],"twitter_card":"summary_large_image","twitter_misc":{"Est. reading time":"2 minutes"},"schema":{"@context":"https:\/\/schema.org","@graph":[{"@type":"WebPage","@id":"https:\/\/mokos.hu\/rendezvenyek\/csapatepito-programok\/borvegas\/","url":"https:\/\/mokos.hu\/rendezvenyek\/csapatepito-programok\/borvegas\/","name":"BorVegas - MOKOS","isPartOf":{"@id":"https:\/\/mokos.hu\/#website"},"primaryImageOfPage":{"@id":"https:\/\/mokos.hu\/rendezvenyek\/csapatepito-programok\/borvegas\/#primaryimage"},"image":{"@id":"https:\/\/mokos.hu\/rendezvenyek\/csapatepito-programok\/borvegas\/#primaryimage"},"thumbnailUrl":"https:\/\/mokos.hu\/wp-content\/uploads\/2019\/02\/SIDEBAR_KIEMELT_1000x557_BORVEGAS-e1600673535200.png","datePublished":"2017-04-19T12:40:11+00:00","dateModified":"2025-01-21T12:25:13+00:00","breadcrumb":{"@id":"https:\/\/mokos.hu\/rendezvenyek\/csapatepito-programok\/borvegas\/#breadcrumb"},"inLanguage":"en-US","potentialAction":[{"@type":"ReadAction","target":["https:\/\/mokos.hu\/rendezvenyek\/csapatepito-programok\/borvegas\/"]}]},{"@type":"ImageObject","inLanguage":"en-US","@id":"https:\/\/mokos.hu\/rendezvenyek\/csapatepito-programok\/borvegas\/#primaryimage","url":"https:\/\/mokos.hu\/wp-content\/uploads\/2019\/02\/SIDEBAR_KIEMELT_1000x557_BORVEGAS-e1600673535200.png","contentUrl":"https:\/\/mokos.hu\/wp-content\/uploads\/2019\/02\/SIDEBAR_KIEMELT_1000x557_BORVEGAS-e1600673535200.png"},{"@type":"BreadcrumbList","@id":"https:\/\/mokos.hu\/rendezvenyek\/csapatepito-programok\/borvegas\/#breadcrumb","itemListElement":[{"@type":"ListItem","position":1,"name":"Home","item":"https:\/\/mokos.hu\/"},{"@type":"ListItem","position":2,"name":"Rendezv\u00e9nyek","item":"https:\/\/mokos.hu\/rendezvenyek\/"},{"@type":"ListItem","position":3,"name":"Csapat\u00e9p\u00edt\u0151k","item":"https:\/\/mokos.hu\/rendezvenyek\/csapatepito-programok\/"},{"@type":"ListItem","position":4,"name":"BorVegas"}]},{"@type":"WebSite","@id":"https:\/\/mokos.hu\/#website","url":"https:\/\/mokos.hu\/","name":"MOKOS","description":"Family Winery, Palkonya","publisher":{"@id":"https:\/\/mokos.hu\/#organization"},"potentialAction":[{"@type":"SearchAction","target":{"@type":"EntryPoint","urlTemplate":"https:\/\/mokos.hu\/?s={search_term_string}"},"query-input":{"@type":"PropertyValueSpecification","valueRequired":true,"valueName":"search_term_string"}}],"inLanguage":"en-US"},{"@type":"Organization","@id":"https:\/\/mokos.hu\/#organization","name":"MOKOS","url":"https:\/\/mokos.hu\/","logo":{"@type":"ImageObject","inLanguage":"en-US","@id":"https:\/\/mokos.hu\/#\/schema\/logo\/image\/","url":"https:\/\/mokos.hu\/wp-content\/uploads\/2018\/11\/cropped-Mokos_Villanyi-Borvidek-Palkonya-1.png","contentUrl":"https:\/\/mokos.hu\/wp-content\/uploads\/2018\/11\/cropped-Mokos_Villanyi-Borvidek-Palkonya-1.png","width":1000,"height":245,"caption":"MOKOS"},"image":{"@id":"https:\/\/mokos.hu\/#\/schema\/logo\/image\/"}}]}},"_links":{"self":[{"href":"https:\/\/mokos.hu\/en\/wp-json\/wp\/v2\/pages\/5160","targetHints":{"allow":["GET"]}}],"collection":[{"href":"https:\/\/mokos.hu\/en\/wp-json\/wp\/v2\/pages"}],"about":[{"href":"https:\/\/mokos.hu\/en\/wp-json\/wp\/v2\/types\/page"}],"author":[{"embeddable":true,"href":"https:\/\/mokos.hu\/en\/wp-json\/wp\/v2\/users\/6"}],"replies":[{"embeddable":true,"href":"https:\/\/mokos.hu\/en\/wp-json\/wp\/v2\/comments?post=5160"}],"version-history":[{"count":0,"href":"https:\/\/mokos.hu\/en\/wp-json\/wp\/v2\/pages\/5160\/revisions"}],"up":[{"embeddable":true,"href":"https:\/\/mokos.hu\/en\/wp-json\/wp\/v2\/pages\/21"}],"wp:attachment":[{"href":"https:\/\/mokos.hu\/en\/wp-json\/wp\/v2\/media?parent=5160"}],"curies":[{"name":"wp","href":"https:\/\/api.w.org\/{rel}","templated":true}]}}