{"id":5156,"date":"2017-04-19T13:34:40","date_gmt":"2017-04-19T12:34:40","guid":{"rendered":"http:\/\/dev.vinolin.hu\/?page_id=5156"},"modified":"2025-01-21T14:25:13","modified_gmt":"2025-01-21T12:25:13","slug":"borastusa","status":"publish","type":"page","link":"https:\/\/mokos.hu\/en\/rendezvenyek\/csapatepito-programok\/borasztusa\/","title":{"rendered":"BoraszTusa"},"content":{"rendered":"<h4><\/h4>\n<h3>Wine tasting<\/h3>\n<h4><strong>Would you like to test your wine knowledge in a logic and dexterity quiz? Looking for Wine Team Building Training? <\/strong><\/h4>\n<p><strong>Bor\u00e1szTusa Team builder<\/strong> teams can test their skills and of course their knowledge of wine. The tusa will decide which team would be the best winemaker, both in terms of professional knowledge and organisation of tasks in the cellar. Of course, there will also be wine tasting during the competition, so a good atmosphere is guaranteed!<\/p>\n<h4><strong><img fetchpriority=\"high\" decoding=\"async\" class=\"size-full wp-image-6284 aligncenter\" src=\"https:\/\/mokos.hu\/wp-content\/uploads\/2019\/02\/SIDEBAR_KIEMELT_1000x557_BORASZTUSA-e1600673515627.png\" alt=\"\" width=\"600\" height=\"355\" srcset=\"https:\/\/mokos.hu\/wp-content\/uploads\/2019\/02\/SIDEBAR_KIEMELT_1000x557_BORASZTUSA-e1600673515627.png 600w, https:\/\/mokos.hu\/wp-content\/uploads\/2019\/02\/SIDEBAR_KIEMELT_1000x557_BORASZTUSA-e1600673515627-300x178.png 300w\" sizes=\"(max-width: 600px) 100vw, 600px\" \/><\/strong><\/h4>\n<h4><\/h4>\n<h4><strong>Content of the WineTusa programme:<\/strong><\/h4>\n<ul>\n<li>cellar visit<\/li>\n<li>information about the vineyards, varieties and technology of Mokos Winery<\/li>\n<li>wine team-building programme (2-2,5 hours) with fun logic and skill exercises (indoor and outdoor)<\/li>\n<\/ul>\n<p><strong>The games include wine consumption!<\/strong><\/p>\n<p>The game is guaranteed for a minimum of 10 people, or if you pay the price for 10 people.<\/p>\n<p><span style=\"color: #000000;\"><b>The only thing better than a team game that sets the mood for the fictional winemakers of the future is a truly special dinner offer.<\/b><\/span><\/p>\n<h4><span style=\"color: #000000;\"><b>Contact our Winery for unique food offers and end your team building programme with a delicious feast!<\/b><\/span><\/h4>\n<p>\u00a0<\/p>\n<h5>Personalised <a href=\"https:\/\/mokos.hu\/en\/arajanlatkeres\/#1549628038713-ce557502-38e5\"><strong>ask for a quote here!<\/strong><\/a><\/h5>\n<h5><span style=\"color: #000000;\"><strong>Further information and registration<\/strong><\/span><\/h5>\n<p>Participation is subject to pre-registration and registration.<strong><br \/>\n<\/strong><\/p>\n<p>Vikt\u00f3ria Mokos | +36 70 425 0334<\/p>\n<p>Dalma Menr\u00e1th | +36 70 509 8779<\/p>\n<p>E-mail:\u00a0 <a href=\"mailto:szervezes@mokos.hu\">szervezes@mokos.hu |\u00a0<\/a><strong>Location: the Mokos Family Winery<\/strong>, 7771 Palkonya, Hegyalja u. 1.<\/p>\n<p>Policies on ordering and booking <a href=\"https:\/\/mokos.hu\/en\/uzlet\/rules\/\">HERE<\/a> reaches.<\/p>\n<p><span style=\"color: #000000;\"><strong>The MOKOS Winery is an excellent venue and opportunity to organise company team building events. We welcome applications from small and large groups with experience harvesting and team-building games. For individual offers please contact us at <a style=\"color: #000000;\" href=\"mailto:szervezes@mokos.hu\">szervezes@mokos.hu<\/a>\u00a0by e-mail.<\/strong><\/span><\/p>\n<hr \/>\n<h4><strong>Accommodation:<\/strong><\/h4>\n<div><strong>Take a break from the action-packed programme<\/strong> conveniently located in Vill\u00e1nyk\u00f6ves<a href=\"http:\/\/hotelcabernet.hu\/csomag\/csapatepito_program_villany_nyomozos_borozos\/\"><strong> Hotel Cabernet*** <\/strong><\/a>-in.<\/div>\n<div><a href=\"https:\/\/hotelcabernet.hu\/csomag\/csapatepito-program-villany-borasz-tusa\/\" target=\"_blank\" rel=\"noopener\"><b>Team building package offer with accommodation here!<\/b><\/a><\/div>\n<div><\/div>\n<div>\n<hr \/>\n<\/div>","protected":false},"excerpt":{"rendered":"<p>Bor\u00e1sztusa \u00dcgyess\u00e9gi-logikai vet\u00e9lked\u0151 sor\u00e1n teszteln\u00e9d bortud\u00e1sod? Boros Csapat\u00e9p\u00edt\u0151 tr\u00e9ningre v\u00e1gysz? Bor\u00e1szTusa Csapat\u00e9p\u00edt\u0151 programunk sor\u00e1n a csapatok \u00f6sszem\u00e9rhetik \u00fcgyess\u00e9g\u00fcket \u00e9s persze borokr\u00f3l szerzett tud\u00e1sukat. A tusa sor\u00e1n eld\u0151l, melyik csapat lenne&hellip;<\/p>","protected":false},"author":6,"featured_media":0,"parent":21,"menu_order":0,"comment_status":"closed","ping_status":"closed","template":"","meta":{"_acf_changed":false,"footnotes":""},"class_list":["post-5156","page","type-page","status-publish","hentry"],"acf":[],"yoast_head":"<!-- This site is optimized with the Yoast SEO plugin v27.5 - https:\/\/yoast.com\/product\/yoast-seo-wordpress\/ -->\n<title>BoraszTusa - MOKOS<\/title>\n<meta name=\"robots\" content=\"index, follow, max-snippet:-1, max-image-preview:large, max-video-preview:-1\" \/>\n<link rel=\"canonical\" href=\"https:\/\/mokos.hu\/en\/events\/team-support-programmes\/borastusa\/\" \/>\n<meta property=\"og:locale\" content=\"en_US\" \/>\n<meta property=\"og:type\" content=\"article\" \/>\n<meta property=\"og:title\" content=\"BoraszTusa - MOKOS\" \/>\n<meta property=\"og:description\" content=\"Bor\u00e1sztusa \u00dcgyess\u00e9gi-logikai vet\u00e9lked\u0151 sor\u00e1n teszteln\u00e9d bortud\u00e1sod? Boros Csapat\u00e9p\u00edt\u0151 tr\u00e9ningre v\u00e1gysz? Bor\u00e1szTusa Csapat\u00e9p\u00edt\u0151 programunk sor\u00e1n a csapatok \u00f6sszem\u00e9rhetik \u00fcgyess\u00e9g\u00fcket \u00e9s persze borokr\u00f3l szerzett tud\u00e1sukat. A tusa sor\u00e1n eld\u0151l, melyik csapat lenne&hellip;\" \/>\n<meta property=\"og:url\" content=\"https:\/\/mokos.hu\/en\/events\/team-support-programmes\/borastusa\/\" \/>\n<meta property=\"og:site_name\" content=\"MOKOS\" \/>\n<meta property=\"article:modified_time\" content=\"2025-01-21T12:25:13+00:00\" \/>\n<meta property=\"og:image\" content=\"https:\/\/mokos.hu\/wp-content\/uploads\/2019\/02\/SIDEBAR_KIEMELT_1000x557_BORASZTUSA-e1600673515627.png\" \/>\n\t<meta property=\"og:image:width\" content=\"600\" \/>\n\t<meta property=\"og:image:height\" content=\"355\" \/>\n\t<meta property=\"og:image:type\" content=\"image\/png\" \/>\n<meta name=\"twitter:card\" content=\"summary_large_image\" \/>\n<meta name=\"twitter:label1\" content=\"Est. reading time\" \/>\n\t<meta name=\"twitter:data1\" content=\"2 minutes\" \/>\n<script type=\"application\/ld+json\" class=\"yoast-schema-graph\">{\"@context\":\"https:\\\/\\\/schema.org\",\"@graph\":[{\"@type\":\"WebPage\",\"@id\":\"https:\\\/\\\/mokos.hu\\\/rendezvenyek\\\/csapatepito-programok\\\/borasztusa\\\/\",\"url\":\"https:\\\/\\\/mokos.hu\\\/rendezvenyek\\\/csapatepito-programok\\\/borasztusa\\\/\",\"name\":\"BoraszTusa - MOKOS\",\"isPartOf\":{\"@id\":\"https:\\\/\\\/mokos.hu\\\/#website\"},\"primaryImageOfPage\":{\"@id\":\"https:\\\/\\\/mokos.hu\\\/rendezvenyek\\\/csapatepito-programok\\\/borasztusa\\\/#primaryimage\"},\"image\":{\"@id\":\"https:\\\/\\\/mokos.hu\\\/rendezvenyek\\\/csapatepito-programok\\\/borasztusa\\\/#primaryimage\"},\"thumbnailUrl\":\"https:\\\/\\\/mokos.hu\\\/wp-content\\\/uploads\\\/2019\\\/02\\\/SIDEBAR_KIEMELT_1000x557_BORASZTUSA-e1600673515627.png\",\"datePublished\":\"2017-04-19T12:34:40+00:00\",\"dateModified\":\"2025-01-21T12:25:13+00:00\",\"breadcrumb\":{\"@id\":\"https:\\\/\\\/mokos.hu\\\/rendezvenyek\\\/csapatepito-programok\\\/borasztusa\\\/#breadcrumb\"},\"inLanguage\":\"en-US\",\"potentialAction\":[{\"@type\":\"ReadAction\",\"target\":[\"https:\\\/\\\/mokos.hu\\\/rendezvenyek\\\/csapatepito-programok\\\/borasztusa\\\/\"]}]},{\"@type\":\"ImageObject\",\"inLanguage\":\"en-US\",\"@id\":\"https:\\\/\\\/mokos.hu\\\/rendezvenyek\\\/csapatepito-programok\\\/borasztusa\\\/#primaryimage\",\"url\":\"https:\\\/\\\/mokos.hu\\\/wp-content\\\/uploads\\\/2019\\\/02\\\/SIDEBAR_KIEMELT_1000x557_BORASZTUSA-e1600673515627.png\",\"contentUrl\":\"https:\\\/\\\/mokos.hu\\\/wp-content\\\/uploads\\\/2019\\\/02\\\/SIDEBAR_KIEMELT_1000x557_BORASZTUSA-e1600673515627.png\"},{\"@type\":\"BreadcrumbList\",\"@id\":\"https:\\\/\\\/mokos.hu\\\/rendezvenyek\\\/csapatepito-programok\\\/borasztusa\\\/#breadcrumb\",\"itemListElement\":[{\"@type\":\"ListItem\",\"position\":1,\"name\":\"Home\",\"item\":\"https:\\\/\\\/mokos.hu\\\/\"},{\"@type\":\"ListItem\",\"position\":2,\"name\":\"Rendezv\u00e9nyek\",\"item\":\"https:\\\/\\\/mokos.hu\\\/rendezvenyek\\\/\"},{\"@type\":\"ListItem\",\"position\":3,\"name\":\"Csapat\u00e9p\u00edt\u0151k\",\"item\":\"https:\\\/\\\/mokos.hu\\\/rendezvenyek\\\/csapatepito-programok\\\/\"},{\"@type\":\"ListItem\",\"position\":4,\"name\":\"BoraszTusa\"}]},{\"@type\":\"WebSite\",\"@id\":\"https:\\\/\\\/mokos.hu\\\/#website\",\"url\":\"https:\\\/\\\/mokos.hu\\\/\",\"name\":\"MOKOS\",\"description\":\"Csal\u00e1di Pinc\u00e9szet, Palkonya\",\"publisher\":{\"@id\":\"https:\\\/\\\/mokos.hu\\\/#organization\"},\"potentialAction\":[{\"@type\":\"SearchAction\",\"target\":{\"@type\":\"EntryPoint\",\"urlTemplate\":\"https:\\\/\\\/mokos.hu\\\/?s={search_term_string}\"},\"query-input\":{\"@type\":\"PropertyValueSpecification\",\"valueRequired\":true,\"valueName\":\"search_term_string\"}}],\"inLanguage\":\"en-US\"},{\"@type\":\"Organization\",\"@id\":\"https:\\\/\\\/mokos.hu\\\/#organization\",\"name\":\"MOKOS\",\"url\":\"https:\\\/\\\/mokos.hu\\\/\",\"logo\":{\"@type\":\"ImageObject\",\"inLanguage\":\"en-US\",\"@id\":\"https:\\\/\\\/mokos.hu\\\/#\\\/schema\\\/logo\\\/image\\\/\",\"url\":\"https:\\\/\\\/mokos.hu\\\/wp-content\\\/uploads\\\/2018\\\/11\\\/cropped-Mokos_Villanyi-Borvidek-Palkonya-1.png\",\"contentUrl\":\"https:\\\/\\\/mokos.hu\\\/wp-content\\\/uploads\\\/2018\\\/11\\\/cropped-Mokos_Villanyi-Borvidek-Palkonya-1.png\",\"width\":1000,\"height\":245,\"caption\":\"MOKOS\"},\"image\":{\"@id\":\"https:\\\/\\\/mokos.hu\\\/#\\\/schema\\\/logo\\\/image\\\/\"}}]}<\/script>\n<!-- \/ Yoast SEO plugin. -->","yoast_head_json":{"title":"BoraszTusa - MOKOS","robots":{"index":"index","follow":"follow","max-snippet":"max-snippet:-1","max-image-preview":"max-image-preview:large","max-video-preview":"max-video-preview:-1"},"canonical":"https:\/\/mokos.hu\/en\/events\/team-support-programmes\/borastusa\/","og_locale":"en_US","og_type":"article","og_title":"BoraszTusa - MOKOS","og_description":"Bor\u00e1sztusa \u00dcgyess\u00e9gi-logikai vet\u00e9lked\u0151 sor\u00e1n teszteln\u00e9d bortud\u00e1sod? Boros Csapat\u00e9p\u00edt\u0151 tr\u00e9ningre v\u00e1gysz? Bor\u00e1szTusa Csapat\u00e9p\u00edt\u0151 programunk sor\u00e1n a csapatok \u00f6sszem\u00e9rhetik \u00fcgyess\u00e9g\u00fcket \u00e9s persze borokr\u00f3l szerzett tud\u00e1sukat. A tusa sor\u00e1n eld\u0151l, melyik csapat lenne&hellip;","og_url":"https:\/\/mokos.hu\/en\/events\/team-support-programmes\/borastusa\/","og_site_name":"MOKOS","article_modified_time":"2025-01-21T12:25:13+00:00","og_image":[{"width":600,"height":355,"url":"https:\/\/mokos.hu\/wp-content\/uploads\/2019\/02\/SIDEBAR_KIEMELT_1000x557_BORASZTUSA-e1600673515627.png","type":"image\/png"}],"twitter_card":"summary_large_image","twitter_misc":{"Est. reading time":"2 minutes"},"schema":{"@context":"https:\/\/schema.org","@graph":[{"@type":"WebPage","@id":"https:\/\/mokos.hu\/rendezvenyek\/csapatepito-programok\/borasztusa\/","url":"https:\/\/mokos.hu\/rendezvenyek\/csapatepito-programok\/borasztusa\/","name":"BoraszTusa - MOKOS","isPartOf":{"@id":"https:\/\/mokos.hu\/#website"},"primaryImageOfPage":{"@id":"https:\/\/mokos.hu\/rendezvenyek\/csapatepito-programok\/borasztusa\/#primaryimage"},"image":{"@id":"https:\/\/mokos.hu\/rendezvenyek\/csapatepito-programok\/borasztusa\/#primaryimage"},"thumbnailUrl":"https:\/\/mokos.hu\/wp-content\/uploads\/2019\/02\/SIDEBAR_KIEMELT_1000x557_BORASZTUSA-e1600673515627.png","datePublished":"2017-04-19T12:34:40+00:00","dateModified":"2025-01-21T12:25:13+00:00","breadcrumb":{"@id":"https:\/\/mokos.hu\/rendezvenyek\/csapatepito-programok\/borasztusa\/#breadcrumb"},"inLanguage":"en-US","potentialAction":[{"@type":"ReadAction","target":["https:\/\/mokos.hu\/rendezvenyek\/csapatepito-programok\/borasztusa\/"]}]},{"@type":"ImageObject","inLanguage":"en-US","@id":"https:\/\/mokos.hu\/rendezvenyek\/csapatepito-programok\/borasztusa\/#primaryimage","url":"https:\/\/mokos.hu\/wp-content\/uploads\/2019\/02\/SIDEBAR_KIEMELT_1000x557_BORASZTUSA-e1600673515627.png","contentUrl":"https:\/\/mokos.hu\/wp-content\/uploads\/2019\/02\/SIDEBAR_KIEMELT_1000x557_BORASZTUSA-e1600673515627.png"},{"@type":"BreadcrumbList","@id":"https:\/\/mokos.hu\/rendezvenyek\/csapatepito-programok\/borasztusa\/#breadcrumb","itemListElement":[{"@type":"ListItem","position":1,"name":"Home","item":"https:\/\/mokos.hu\/"},{"@type":"ListItem","position":2,"name":"Rendezv\u00e9nyek","item":"https:\/\/mokos.hu\/rendezvenyek\/"},{"@type":"ListItem","position":3,"name":"Csapat\u00e9p\u00edt\u0151k","item":"https:\/\/mokos.hu\/rendezvenyek\/csapatepito-programok\/"},{"@type":"ListItem","position":4,"name":"BoraszTusa"}]},{"@type":"WebSite","@id":"https:\/\/mokos.hu\/#website","url":"https:\/\/mokos.hu\/","name":"MOKOS","description":"Family Winery, Palkonya","publisher":{"@id":"https:\/\/mokos.hu\/#organization"},"potentialAction":[{"@type":"SearchAction","target":{"@type":"EntryPoint","urlTemplate":"https:\/\/mokos.hu\/?s={search_term_string}"},"query-input":{"@type":"PropertyValueSpecification","valueRequired":true,"valueName":"search_term_string"}}],"inLanguage":"en-US"},{"@type":"Organization","@id":"https:\/\/mokos.hu\/#organization","name":"MOKOS","url":"https:\/\/mokos.hu\/","logo":{"@type":"ImageObject","inLanguage":"en-US","@id":"https:\/\/mokos.hu\/#\/schema\/logo\/image\/","url":"https:\/\/mokos.hu\/wp-content\/uploads\/2018\/11\/cropped-Mokos_Villanyi-Borvidek-Palkonya-1.png","contentUrl":"https:\/\/mokos.hu\/wp-content\/uploads\/2018\/11\/cropped-Mokos_Villanyi-Borvidek-Palkonya-1.png","width":1000,"height":245,"caption":"MOKOS"},"image":{"@id":"https:\/\/mokos.hu\/#\/schema\/logo\/image\/"}}]}},"_links":{"self":[{"href":"https:\/\/mokos.hu\/en\/wp-json\/wp\/v2\/pages\/5156","targetHints":{"allow":["GET"]}}],"collection":[{"href":"https:\/\/mokos.hu\/en\/wp-json\/wp\/v2\/pages"}],"about":[{"href":"https:\/\/mokos.hu\/en\/wp-json\/wp\/v2\/types\/page"}],"author":[{"embeddable":true,"href":"https:\/\/mokos.hu\/en\/wp-json\/wp\/v2\/users\/6"}],"replies":[{"embeddable":true,"href":"https:\/\/mokos.hu\/en\/wp-json\/wp\/v2\/comments?post=5156"}],"version-history":[{"count":0,"href":"https:\/\/mokos.hu\/en\/wp-json\/wp\/v2\/pages\/5156\/revisions"}],"up":[{"embeddable":true,"href":"https:\/\/mokos.hu\/en\/wp-json\/wp\/v2\/pages\/21"}],"wp:attachment":[{"href":"https:\/\/mokos.hu\/en\/wp-json\/wp\/v2\/media?parent=5156"}],"curies":[{"name":"wp","href":"https:\/\/api.w.org\/{rel}","templated":true}]}}