{"id":4981,"date":"2017-02-24T13:44:46","date_gmt":"2017-02-24T12:44:46","guid":{"rendered":"http:\/\/dev.vinolin.hu\/kosar\/"},"modified":"2026-01-12T15:15:13","modified_gmt":"2026-01-12T13:15:13","slug":"kosar","status":"publish","type":"page","link":"https:\/\/mokos.hu\/en\/kosar\/","title":{"rendered":"Cart"},"content":{"rendered":"<div class=\"wpb-content-wrapper\"><div class=\"vc_row wpb_row vc_row-fluid\"><div class=\"wpb_column vc_column_container vc_col-sm-12\"><div class=\"vc_column-inner\"><div class=\"wpb_wrapper\"><div class=\"vc_empty_space\"   style=\"height: 32px\"><span class=\"vc_empty_space_inner\"><\/span><\/div>\n\t<div class=\"wpb_text_column wpb_content_element\" >\n\t\t<div class=\"wpb_wrapper\">\n\t\t\t\n<p>\u00a0<\/p>\n<h3 class=\"wp-block-heading\"><span style=\"font-weight: 400;\">We would like to inform our Dear Customers that our delivery and payment terms have changed as of 22 April 2024.<\/span><\/h3>\n<p>\u00a0<\/p>\n<h3 class=\"wp-block-heading\"><b>Delivery fee<\/b><\/h3>\n<p><span style=\"font-weight: 400;\">The delivery charge is HUF 2990 gross up to an order amount of HUF 24 999 gross, and HUF 25 000 gross and above. The delivery fee to MPL PostaPont is HUF 1990 gross up to an order value of HUF 24 999 gross, and the delivery charge is assumed for orders of HUF 25 000 gross.<\/span><\/p>\n<p>\u00a0<\/p>\n<h3 class=\"wp-block-heading\"><b>Fizet\u00e9si lehet\u0151s\u00e9gek \u2013 Ut\u00e1nv\u00e9tes fizet\u00e9si m\u00f3d<\/b><\/h3>\n<p><span style=\"font-weight: 400;\">A gross fee of HUF 990 will be charged in all cases when choosing a cash on delivery payment method.<\/span><br \/><span style=\"font-weight: 400;\">Policies on ordering and purchasing <\/span><a href=\"https:\/\/mokos.hu\/en\/uzlet\/rules\/\"><span style=\"font-weight: 400;\">HERE<\/span><\/a><span style=\"font-weight: 400;\"> reaches.<\/span><\/p>\n\n\t\t<\/div>\n\t<\/div>\n<div class=\"vc_empty_space\"   style=\"height: 32px\"><span class=\"vc_empty_space_inner\"><\/span><\/div><\/div><\/div><\/div><\/div><\/div>","protected":false},"excerpt":{"rendered":"&nbsp; Ez\u00faton t\u00e1j\u00e9koztatjuk Kedves V\u00e1s\u00e1rl\u00f3inkat, hogy sz\u00e1ll\u00edt\u00e1si \u00e9s fizet\u00e9si felt\u00e9teleink 2024. \u00e1prilis 22-t\u0151l m\u00f3dosultak. &nbsp; Sz\u00e1ll\u00edt\u00e1si d\u00edj A h\u00e1zhozsz\u00e1ll\u00edt\u00e1s d\u00edja brutt\u00f3\u00a0 24 999 Ft rendel\u00e9si \u00f6sszegig brutt\u00f3 2990 Ft, brutt\u00f3&hellip;","protected":false},"author":1,"featured_media":0,"parent":0,"menu_order":0,"comment_status":"closed","ping_status":"closed","template":"","meta":{"_acf_changed":false,"footnotes":""},"class_list":["post-4981","page","type-page","status-publish","hentry"],"acf":[],"yoast_head":"<!-- This site is optimized with the Yoast SEO plugin v27.5 - https:\/\/yoast.com\/product\/yoast-seo-wordpress\/ -->\n<title>Kos\u00e1r - MOKOS<\/title>\n<meta name=\"robots\" content=\"index, follow, max-snippet:-1, max-image-preview:large, max-video-preview:-1\" \/>\n<link rel=\"canonical\" href=\"https:\/\/mokos.hu\/en\/kosar\/\" \/>\n<meta property=\"og:locale\" content=\"en_US\" \/>\n<meta property=\"og:type\" content=\"article\" \/>\n<meta property=\"og:title\" content=\"Kos\u00e1r - MOKOS\" \/>\n<meta property=\"og:url\" content=\"https:\/\/mokos.hu\/en\/kosar\/\" \/>\n<meta property=\"og:site_name\" content=\"MOKOS\" \/>\n<meta property=\"article:modified_time\" content=\"2026-01-12T13:15:13+00:00\" \/>\n<meta name=\"twitter:card\" content=\"summary_large_image\" \/>\n<meta name=\"twitter:label1\" content=\"Est. reading time\" \/>\n\t<meta name=\"twitter:data1\" content=\"1 minute\" \/>\n<script type=\"application\/ld+json\" class=\"yoast-schema-graph\">{\"@context\":\"https:\\\/\\\/schema.org\",\"@graph\":[{\"@type\":\"WebPage\",\"@id\":\"https:\\\/\\\/mokos.hu\\\/kosar\\\/\",\"url\":\"https:\\\/\\\/mokos.hu\\\/kosar\\\/\",\"name\":\"Kos\u00e1r - MOKOS\",\"isPartOf\":{\"@id\":\"https:\\\/\\\/mokos.hu\\\/#website\"},\"datePublished\":\"2017-02-24T12:44:46+00:00\",\"dateModified\":\"2026-01-12T13:15:13+00:00\",\"breadcrumb\":{\"@id\":\"https:\\\/\\\/mokos.hu\\\/kosar\\\/#breadcrumb\"},\"inLanguage\":\"en-US\",\"potentialAction\":[{\"@type\":\"ReadAction\",\"target\":[\"https:\\\/\\\/mokos.hu\\\/kosar\\\/\"]}]},{\"@type\":\"BreadcrumbList\",\"@id\":\"https:\\\/\\\/mokos.hu\\\/kosar\\\/#breadcrumb\",\"itemListElement\":[{\"@type\":\"ListItem\",\"position\":1,\"name\":\"Home\",\"item\":\"https:\\\/\\\/mokos.hu\\\/\"},{\"@type\":\"ListItem\",\"position\":2,\"name\":\"Kos\u00e1r\"}]},{\"@type\":\"WebSite\",\"@id\":\"https:\\\/\\\/mokos.hu\\\/#website\",\"url\":\"https:\\\/\\\/mokos.hu\\\/\",\"name\":\"MOKOS\",\"description\":\"Csal\u00e1di Pinc\u00e9szet, Palkonya\",\"publisher\":{\"@id\":\"https:\\\/\\\/mokos.hu\\\/#organization\"},\"potentialAction\":[{\"@type\":\"SearchAction\",\"target\":{\"@type\":\"EntryPoint\",\"urlTemplate\":\"https:\\\/\\\/mokos.hu\\\/?s={search_term_string}\"},\"query-input\":{\"@type\":\"PropertyValueSpecification\",\"valueRequired\":true,\"valueName\":\"search_term_string\"}}],\"inLanguage\":\"en-US\"},{\"@type\":\"Organization\",\"@id\":\"https:\\\/\\\/mokos.hu\\\/#organization\",\"name\":\"MOKOS\",\"url\":\"https:\\\/\\\/mokos.hu\\\/\",\"logo\":{\"@type\":\"ImageObject\",\"inLanguage\":\"en-US\",\"@id\":\"https:\\\/\\\/mokos.hu\\\/#\\\/schema\\\/logo\\\/image\\\/\",\"url\":\"https:\\\/\\\/mokos.hu\\\/wp-content\\\/uploads\\\/2018\\\/11\\\/cropped-Mokos_Villanyi-Borvidek-Palkonya-1.png\",\"contentUrl\":\"https:\\\/\\\/mokos.hu\\\/wp-content\\\/uploads\\\/2018\\\/11\\\/cropped-Mokos_Villanyi-Borvidek-Palkonya-1.png\",\"width\":1000,\"height\":245,\"caption\":\"MOKOS\"},\"image\":{\"@id\":\"https:\\\/\\\/mokos.hu\\\/#\\\/schema\\\/logo\\\/image\\\/\"}}]}<\/script>\n<!-- \/ Yoast SEO plugin. -->","yoast_head_json":{"title":"Basket - MOKOS","robots":{"index":"index","follow":"follow","max-snippet":"max-snippet:-1","max-image-preview":"max-image-preview:large","max-video-preview":"max-video-preview:-1"},"canonical":"https:\/\/mokos.hu\/en\/kosar\/","og_locale":"en_US","og_type":"article","og_title":"Kos\u00e1r - MOKOS","og_url":"https:\/\/mokos.hu\/en\/kosar\/","og_site_name":"MOKOS","article_modified_time":"2026-01-12T13:15:13+00:00","twitter_card":"summary_large_image","twitter_misc":{"Est. reading time":"1 minute"},"schema":{"@context":"https:\/\/schema.org","@graph":[{"@type":"WebPage","@id":"https:\/\/mokos.hu\/kosar\/","url":"https:\/\/mokos.hu\/kosar\/","name":"Basket - MOKOS","isPartOf":{"@id":"https:\/\/mokos.hu\/#website"},"datePublished":"2017-02-24T12:44:46+00:00","dateModified":"2026-01-12T13:15:13+00:00","breadcrumb":{"@id":"https:\/\/mokos.hu\/kosar\/#breadcrumb"},"inLanguage":"en-US","potentialAction":[{"@type":"ReadAction","target":["https:\/\/mokos.hu\/kosar\/"]}]},{"@type":"BreadcrumbList","@id":"https:\/\/mokos.hu\/kosar\/#breadcrumb","itemListElement":[{"@type":"ListItem","position":1,"name":"Home","item":"https:\/\/mokos.hu\/"},{"@type":"ListItem","position":2,"name":"Kos\u00e1r"}]},{"@type":"WebSite","@id":"https:\/\/mokos.hu\/#website","url":"https:\/\/mokos.hu\/","name":"MOKOS","description":"Family Winery, Palkonya","publisher":{"@id":"https:\/\/mokos.hu\/#organization"},"potentialAction":[{"@type":"SearchAction","target":{"@type":"EntryPoint","urlTemplate":"https:\/\/mokos.hu\/?s={search_term_string}"},"query-input":{"@type":"PropertyValueSpecification","valueRequired":true,"valueName":"search_term_string"}}],"inLanguage":"en-US"},{"@type":"Organization","@id":"https:\/\/mokos.hu\/#organization","name":"MOKOS","url":"https:\/\/mokos.hu\/","logo":{"@type":"ImageObject","inLanguage":"en-US","@id":"https:\/\/mokos.hu\/#\/schema\/logo\/image\/","url":"https:\/\/mokos.hu\/wp-content\/uploads\/2018\/11\/cropped-Mokos_Villanyi-Borvidek-Palkonya-1.png","contentUrl":"https:\/\/mokos.hu\/wp-content\/uploads\/2018\/11\/cropped-Mokos_Villanyi-Borvidek-Palkonya-1.png","width":1000,"height":245,"caption":"MOKOS"},"image":{"@id":"https:\/\/mokos.hu\/#\/schema\/logo\/image\/"}}]}},"_links":{"self":[{"href":"https:\/\/mokos.hu\/en\/wp-json\/wp\/v2\/pages\/4981","targetHints":{"allow":["GET"]}}],"collection":[{"href":"https:\/\/mokos.hu\/en\/wp-json\/wp\/v2\/pages"}],"about":[{"href":"https:\/\/mokos.hu\/en\/wp-json\/wp\/v2\/types\/page"}],"author":[{"embeddable":true,"href":"https:\/\/mokos.hu\/en\/wp-json\/wp\/v2\/users\/1"}],"replies":[{"embeddable":true,"href":"https:\/\/mokos.hu\/en\/wp-json\/wp\/v2\/comments?post=4981"}],"version-history":[{"count":5,"href":"https:\/\/mokos.hu\/en\/wp-json\/wp\/v2\/pages\/4981\/revisions"}],"predecessor-version":[{"id":29622,"href":"https:\/\/mokos.hu\/en\/wp-json\/wp\/v2\/pages\/4981\/revisions\/29622"}],"wp:attachment":[{"href":"https:\/\/mokos.hu\/en\/wp-json\/wp\/v2\/media?parent=4981"}],"curies":[{"name":"wp","href":"https:\/\/api.w.org\/{rel}","templated":true}]}}