{"id":17,"date":"2016-02-09T21:54:42","date_gmt":"2016-02-09T20:54:42","guid":{"rendered":"http:\/\/dev.vinolin.hu\/?page_id=17"},"modified":"2025-01-21T14:25:13","modified_gmt":"2025-01-21T12:25:13","slug":"cult-detective-with-wine","status":"publish","type":"page","link":"https:\/\/mokos.hu\/en\/rendezvenyek\/csapatepito-programok\/kulteri-nyomozos-borozos-jatek\/","title":{"rendered":"Investigator-Driller Game"},"content":{"rendered":"<h3><\/h3>\n<h3 style=\"text-align: justify;\"><img fetchpriority=\"high\" decoding=\"async\" class=\"size-large wp-image-12432 aligncenter\" src=\"https:\/\/mokos.hu\/wp-content\/uploads\/2021\/04\/Mokos_Pinceszet_nyomozos_2000x645-1024x330.jpg\" alt=\"\" width=\"750\" height=\"242\" srcset=\"https:\/\/mokos.hu\/wp-content\/uploads\/2021\/04\/Mokos_Pinceszet_nyomozos_2000x645-1024x330.jpg 1024w, https:\/\/mokos.hu\/wp-content\/uploads\/2021\/04\/Mokos_Pinceszet_nyomozos_2000x645-300x97.jpg 300w, https:\/\/mokos.hu\/wp-content\/uploads\/2021\/04\/Mokos_Pinceszet_nyomozos_2000x645-600x194.jpg 600w, https:\/\/mokos.hu\/wp-content\/uploads\/2021\/04\/Mokos_Pinceszet_nyomozos_2000x645-1536x495.jpg 1536w, https:\/\/mokos.hu\/wp-content\/uploads\/2021\/04\/Mokos_Pinceszet_nyomozos_2000x645.jpg 2000w\" sizes=\"(max-width: 750px) 100vw, 750px\" \/><\/h3>\n<h3 style=\"text-align: justify;\">Mokos Investigative Boring Game<\/h3>\n<p style=\"text-align: justify;\"><strong>We are waiting for you with thriller-like adventures in our Winery, because Palkonya has recently become the scene of a mysterious (fake) crime! The local authorities are baffled, and the culprit is nowhere to be found. They are looking for a professional team of detectives who can solve the mystery! Why not be the one to solve the case? Get your friends, acquaintances or colleagues together to form a team and let the investigation begin! Search for clues, connect them, fight against time and find the culprit: the Mokos Investigative Wine Game is on!<\/strong><\/p>\n<p style=\"text-align: justify;\">In the story, a team of sharp-eyed detectives are hired to solve a murder because the evidence they collect is insufficient to find the culprit. It's up to the detectives to find new clues and find out who the perpetrator is. Time is also of the essence, as it is highly likely that the killer will strike again soon...<\/p>\n<p align=\"justify\"><strong>Guaranteed detective fun, with lots of excitement, suspense and mystery!<\/strong> <strong>Perfect team building training<\/strong>\u00a0and special <strong>entertainment facilities<\/strong> for companies, groups of friends or even the family! Riddles, letters and poems will help or hinder you to get ahead, while testing your ingenuity. That's why we're even adding a glass of Mokos wine to stimulate your detective activity!<\/p>\n<p align=\"justify\">The mystery of Palkonya is unique in that the <strong>Vill\u00e1ny Wine Region on a jewel box<\/strong>, takes players through Palkonya, a village with a row of listed cellars, where every little detail of the picturesque village can be significant and bring them closer to discovering the culprit.\u00a0<strong>Bring your team and show that you are the fastest and most talented detectives!<\/strong><\/p>\n<h4 align=\"justify\"><strong>Content of the programme:<\/strong><\/h4>\n<ul>\n<li>Mokos Detective game with props (about 1,5-2 hours)<\/li>\n<li>1 dl classicus Vill\u00e1nyi grape wine for the participants<\/li>\n<\/ul>\n<div><\/div>\n<p><span style=\"color: #000000;\"><b>Even the most professional detectives take a break. Once you've physically and mentally tested the game <\/b><\/span><strong>join us for a delicious meal!<\/strong><\/p>\n<p><b style=\"color: #000000; font-family: 'Josefin Sans'; font-size: 2rem; text-transform: uppercase;\">ask for our individual food offer at the contact details below!<\/b><\/p>\n<p>&nbsp;<\/p>\n<h5>Personalised <a href=\"https:\/\/mokos.hu\/en\/arajanlatkeres\/#1549628038713-ce557502-38e5\"><strong>ask for a quote here!<\/strong><\/a><\/h5>\n<h5><span style=\"color: #000000;\"><strong>Further information and registration<\/strong><\/span><\/h5>\n<p>Participation is subject to pre-registration and registration.<strong><br \/>\n<\/strong><\/p>\n<p>Vikt\u00f3ria Mokos | +36 70 425 0334<\/p>\n<p>Dalma Menr\u00e1th | +36 70 509 8779<\/p>\n<p>E-mail:\u00a0 <a href=\"mailto:szervezes@mokos.hu\">szervezes@mokos.hu |\u00a0<\/a><strong>Location: the Mokos Family Winery<\/strong>, 7771 Palkonya, Hegyalja u. 1.<\/p>\n<p>Policies on ordering and booking <a href=\"https:\/\/mokos.hu\/en\/uzlet\/rules\/\">HERE<\/a> reaches.<\/p>\n<p>&nbsp;<\/p>\n<hr \/>\n<h4><\/h4>\n<h4><strong>Accommodation:<\/strong><\/h4>\n<div><strong>Take a break from the action-packed programme<\/strong> conveniently located in Vill\u00e1nyk\u00f6ves<a href=\"http:\/\/hotelcabernet.hu\/csomag\/csapatepito_program_villany_nyomozos_borozos\/\"><strong> Hotel Cabernet*** <\/strong><\/a>-in.<\/div>\n<div><a href=\"https:\/\/hotelcabernet.hu\/csomag\/nyomozos-csapatepito-program-villany\/\" target=\"_blank\" rel=\"noopener\"><b>Team building package offer with accommodation here!<\/b><\/a><\/div>\n<div><\/div>\n<div><\/div>\n<div>\n<hr \/>\n<\/div>","protected":false},"excerpt":{"rendered":"<p>Mokos Nyomoz\u00f3s Boroz\u00f3s J\u00e1t\u00e9k Krimibe ill\u0151 kalandokkal v\u00e1runk Pinc\u00e9szet\u00fcnkben, ugyanis Palkonya nemr\u00e9g egy titokzatos (\u00e1l)b\u0171nt\u00e9ny helysz\u00edne lett! A helyi szervek tan\u00e1cstalanok, a tettest nem tal\u00e1lj\u00e1k. Egy profi nyomoz\u00f3 csapatot keresnek,&hellip;<\/p>","protected":false},"author":1,"featured_media":0,"parent":21,"menu_order":0,"comment_status":"closed","ping_status":"closed","template":"","meta":{"_acf_changed":false,"footnotes":""},"class_list":["post-17","page","type-page","status-publish","hentry"],"acf":[],"yoast_head":"<!-- This site is optimized with the Yoast SEO plugin v27.1.1 - https:\/\/yoast.com\/product\/yoast-seo-wordpress\/ -->\n<title>Nyomoz\u00f3s-Boroz\u00f3s J\u00e1t\u00e9k - MOKOS<\/title>\n<meta name=\"robots\" content=\"index, follow, max-snippet:-1, max-image-preview:large, max-video-preview:-1\" \/>\n<link rel=\"canonical\" href=\"https:\/\/mokos.hu\/en\/events\/team-support-programmes\/cult-detective-with-wine\/\" \/>\n<meta property=\"og:locale\" content=\"en_US\" \/>\n<meta property=\"og:type\" content=\"article\" \/>\n<meta property=\"og:title\" content=\"Nyomoz\u00f3s-Boroz\u00f3s J\u00e1t\u00e9k - MOKOS\" \/>\n<meta property=\"og:description\" content=\"Mokos Nyomoz\u00f3s Boroz\u00f3s J\u00e1t\u00e9k Krimibe ill\u0151 kalandokkal v\u00e1runk Pinc\u00e9szet\u00fcnkben, ugyanis Palkonya nemr\u00e9g egy titokzatos (\u00e1l)b\u0171nt\u00e9ny helysz\u00edne lett! A helyi szervek tan\u00e1cstalanok, a tettest nem tal\u00e1lj\u00e1k. Egy profi nyomoz\u00f3 csapatot keresnek,&hellip;\" \/>\n<meta property=\"og:url\" content=\"https:\/\/mokos.hu\/en\/events\/team-support-programmes\/cult-detective-with-wine\/\" \/>\n<meta property=\"og:site_name\" content=\"MOKOS\" \/>\n<meta property=\"article:modified_time\" content=\"2025-01-21T12:25:13+00:00\" \/>\n<meta property=\"og:image\" content=\"https:\/\/mokos.hu\/wp-content\/uploads\/2021\/04\/Mokos_Pinceszet_nyomozos_2000x645.jpg\" \/>\n\t<meta property=\"og:image:width\" content=\"2000\" \/>\n\t<meta property=\"og:image:height\" content=\"645\" \/>\n\t<meta property=\"og:image:type\" content=\"image\/jpeg\" \/>\n<meta name=\"twitter:card\" content=\"summary_large_image\" \/>\n<meta name=\"twitter:label1\" content=\"Est. reading time\" \/>\n\t<meta name=\"twitter:data1\" content=\"3 minutes\" \/>\n<script type=\"application\/ld+json\" class=\"yoast-schema-graph\">{\"@context\":\"https:\/\/schema.org\",\"@graph\":[{\"@type\":\"WebPage\",\"@id\":\"https:\/\/mokos.hu\/rendezvenyek\/csapatepito-programok\/kulteri-nyomozos-borozos-jatek\/\",\"url\":\"https:\/\/mokos.hu\/rendezvenyek\/csapatepito-programok\/kulteri-nyomozos-borozos-jatek\/\",\"name\":\"Nyomoz\u00f3s-Boroz\u00f3s J\u00e1t\u00e9k - MOKOS\",\"isPartOf\":{\"@id\":\"https:\/\/mokos.hu\/#website\"},\"primaryImageOfPage\":{\"@id\":\"https:\/\/mokos.hu\/rendezvenyek\/csapatepito-programok\/kulteri-nyomozos-borozos-jatek\/#primaryimage\"},\"image\":{\"@id\":\"https:\/\/mokos.hu\/rendezvenyek\/csapatepito-programok\/kulteri-nyomozos-borozos-jatek\/#primaryimage\"},\"thumbnailUrl\":\"https:\/\/mokos.hu\/wp-content\/uploads\/2021\/04\/Mokos_Pinceszet_nyomozos_2000x645-1024x330.jpg\",\"datePublished\":\"2016-02-09T20:54:42+00:00\",\"dateModified\":\"2025-01-21T12:25:13+00:00\",\"breadcrumb\":{\"@id\":\"https:\/\/mokos.hu\/rendezvenyek\/csapatepito-programok\/kulteri-nyomozos-borozos-jatek\/#breadcrumb\"},\"inLanguage\":\"en-US\",\"potentialAction\":[{\"@type\":\"ReadAction\",\"target\":[\"https:\/\/mokos.hu\/rendezvenyek\/csapatepito-programok\/kulteri-nyomozos-borozos-jatek\/\"]}]},{\"@type\":\"ImageObject\",\"inLanguage\":\"en-US\",\"@id\":\"https:\/\/mokos.hu\/rendezvenyek\/csapatepito-programok\/kulteri-nyomozos-borozos-jatek\/#primaryimage\",\"url\":\"https:\/\/mokos.hu\/wp-content\/uploads\/2021\/04\/Mokos_Pinceszet_nyomozos_2000x645-1024x330.jpg\",\"contentUrl\":\"https:\/\/mokos.hu\/wp-content\/uploads\/2021\/04\/Mokos_Pinceszet_nyomozos_2000x645-1024x330.jpg\"},{\"@type\":\"BreadcrumbList\",\"@id\":\"https:\/\/mokos.hu\/rendezvenyek\/csapatepito-programok\/kulteri-nyomozos-borozos-jatek\/#breadcrumb\",\"itemListElement\":[{\"@type\":\"ListItem\",\"position\":1,\"name\":\"Home\",\"item\":\"https:\/\/mokos.hu\/\"},{\"@type\":\"ListItem\",\"position\":2,\"name\":\"Rendezv\u00e9nyek\",\"item\":\"https:\/\/mokos.hu\/rendezvenyek\/\"},{\"@type\":\"ListItem\",\"position\":3,\"name\":\"Csapat\u00e9p\u00edt\u0151k\",\"item\":\"https:\/\/mokos.hu\/rendezvenyek\/csapatepito-programok\/\"},{\"@type\":\"ListItem\",\"position\":4,\"name\":\"Nyomoz\u00f3s-Boroz\u00f3s J\u00e1t\u00e9k\"}]},{\"@type\":\"WebSite\",\"@id\":\"https:\/\/mokos.hu\/#website\",\"url\":\"https:\/\/mokos.hu\/\",\"name\":\"MOKOS\",\"description\":\"Csal\u00e1di Pinc\u00e9szet, Palkonya\",\"publisher\":{\"@id\":\"https:\/\/mokos.hu\/#organization\"},\"potentialAction\":[{\"@type\":\"SearchAction\",\"target\":{\"@type\":\"EntryPoint\",\"urlTemplate\":\"https:\/\/mokos.hu\/?s={search_term_string}\"},\"query-input\":{\"@type\":\"PropertyValueSpecification\",\"valueRequired\":true,\"valueName\":\"search_term_string\"}}],\"inLanguage\":\"en-US\"},{\"@type\":\"Organization\",\"@id\":\"https:\/\/mokos.hu\/#organization\",\"name\":\"MOKOS\",\"url\":\"https:\/\/mokos.hu\/\",\"logo\":{\"@type\":\"ImageObject\",\"inLanguage\":\"en-US\",\"@id\":\"https:\/\/mokos.hu\/#\/schema\/logo\/image\/\",\"url\":\"https:\/\/mokos.hu\/wp-content\/uploads\/2018\/11\/cropped-Mokos_Villanyi-Borvidek-Palkonya-1.png\",\"contentUrl\":\"https:\/\/mokos.hu\/wp-content\/uploads\/2018\/11\/cropped-Mokos_Villanyi-Borvidek-Palkonya-1.png\",\"width\":1000,\"height\":245,\"caption\":\"MOKOS\"},\"image\":{\"@id\":\"https:\/\/mokos.hu\/#\/schema\/logo\/image\/\"}}]}<\/script>\n<!-- \/ Yoast SEO plugin. -->","yoast_head_json":{"title":"Detective and Boring Game - MOKOS","robots":{"index":"index","follow":"follow","max-snippet":"max-snippet:-1","max-image-preview":"max-image-preview:large","max-video-preview":"max-video-preview:-1"},"canonical":"https:\/\/mokos.hu\/en\/events\/team-support-programmes\/cult-detective-with-wine\/","og_locale":"en_US","og_type":"article","og_title":"Nyomoz\u00f3s-Boroz\u00f3s J\u00e1t\u00e9k - MOKOS","og_description":"Mokos Nyomoz\u00f3s Boroz\u00f3s J\u00e1t\u00e9k Krimibe ill\u0151 kalandokkal v\u00e1runk Pinc\u00e9szet\u00fcnkben, ugyanis Palkonya nemr\u00e9g egy titokzatos (\u00e1l)b\u0171nt\u00e9ny helysz\u00edne lett! A helyi szervek tan\u00e1cstalanok, a tettest nem tal\u00e1lj\u00e1k. Egy profi nyomoz\u00f3 csapatot keresnek,&hellip;","og_url":"https:\/\/mokos.hu\/en\/events\/team-support-programmes\/cult-detective-with-wine\/","og_site_name":"MOKOS","article_modified_time":"2025-01-21T12:25:13+00:00","og_image":[{"width":2000,"height":645,"url":"https:\/\/mokos.hu\/wp-content\/uploads\/2021\/04\/Mokos_Pinceszet_nyomozos_2000x645.jpg","type":"image\/jpeg"}],"twitter_card":"summary_large_image","twitter_misc":{"Est. reading time":"3 minutes"},"schema":{"@context":"https:\/\/schema.org","@graph":[{"@type":"WebPage","@id":"https:\/\/mokos.hu\/rendezvenyek\/csapatepito-programok\/kulteri-nyomozos-borozos-jatek\/","url":"https:\/\/mokos.hu\/rendezvenyek\/csapatepito-programok\/kulteri-nyomozos-borozos-jatek\/","name":"Detective and Boring Game - MOKOS","isPartOf":{"@id":"https:\/\/mokos.hu\/#website"},"primaryImageOfPage":{"@id":"https:\/\/mokos.hu\/rendezvenyek\/csapatepito-programok\/kulteri-nyomozos-borozos-jatek\/#primaryimage"},"image":{"@id":"https:\/\/mokos.hu\/rendezvenyek\/csapatepito-programok\/kulteri-nyomozos-borozos-jatek\/#primaryimage"},"thumbnailUrl":"https:\/\/mokos.hu\/wp-content\/uploads\/2021\/04\/Mokos_Pinceszet_nyomozos_2000x645-1024x330.jpg","datePublished":"2016-02-09T20:54:42+00:00","dateModified":"2025-01-21T12:25:13+00:00","breadcrumb":{"@id":"https:\/\/mokos.hu\/rendezvenyek\/csapatepito-programok\/kulteri-nyomozos-borozos-jatek\/#breadcrumb"},"inLanguage":"en-US","potentialAction":[{"@type":"ReadAction","target":["https:\/\/mokos.hu\/rendezvenyek\/csapatepito-programok\/kulteri-nyomozos-borozos-jatek\/"]}]},{"@type":"ImageObject","inLanguage":"en-US","@id":"https:\/\/mokos.hu\/rendezvenyek\/csapatepito-programok\/kulteri-nyomozos-borozos-jatek\/#primaryimage","url":"https:\/\/mokos.hu\/wp-content\/uploads\/2021\/04\/Mokos_Pinceszet_nyomozos_2000x645-1024x330.jpg","contentUrl":"https:\/\/mokos.hu\/wp-content\/uploads\/2021\/04\/Mokos_Pinceszet_nyomozos_2000x645-1024x330.jpg"},{"@type":"BreadcrumbList","@id":"https:\/\/mokos.hu\/rendezvenyek\/csapatepito-programok\/kulteri-nyomozos-borozos-jatek\/#breadcrumb","itemListElement":[{"@type":"ListItem","position":1,"name":"Home","item":"https:\/\/mokos.hu\/"},{"@type":"ListItem","position":2,"name":"Rendezv\u00e9nyek","item":"https:\/\/mokos.hu\/rendezvenyek\/"},{"@type":"ListItem","position":3,"name":"Csapat\u00e9p\u00edt\u0151k","item":"https:\/\/mokos.hu\/rendezvenyek\/csapatepito-programok\/"},{"@type":"ListItem","position":4,"name":"Nyomoz\u00f3s-Boroz\u00f3s J\u00e1t\u00e9k"}]},{"@type":"WebSite","@id":"https:\/\/mokos.hu\/#website","url":"https:\/\/mokos.hu\/","name":"MOKOS","description":"Family Winery, Palkonya","publisher":{"@id":"https:\/\/mokos.hu\/#organization"},"potentialAction":[{"@type":"SearchAction","target":{"@type":"EntryPoint","urlTemplate":"https:\/\/mokos.hu\/?s={search_term_string}"},"query-input":{"@type":"PropertyValueSpecification","valueRequired":true,"valueName":"search_term_string"}}],"inLanguage":"en-US"},{"@type":"Organization","@id":"https:\/\/mokos.hu\/#organization","name":"MOKOS","url":"https:\/\/mokos.hu\/","logo":{"@type":"ImageObject","inLanguage":"en-US","@id":"https:\/\/mokos.hu\/#\/schema\/logo\/image\/","url":"https:\/\/mokos.hu\/wp-content\/uploads\/2018\/11\/cropped-Mokos_Villanyi-Borvidek-Palkonya-1.png","contentUrl":"https:\/\/mokos.hu\/wp-content\/uploads\/2018\/11\/cropped-Mokos_Villanyi-Borvidek-Palkonya-1.png","width":1000,"height":245,"caption":"MOKOS"},"image":{"@id":"https:\/\/mokos.hu\/#\/schema\/logo\/image\/"}}]}},"_links":{"self":[{"href":"https:\/\/mokos.hu\/en\/wp-json\/wp\/v2\/pages\/17","targetHints":{"allow":["GET"]}}],"collection":[{"href":"https:\/\/mokos.hu\/en\/wp-json\/wp\/v2\/pages"}],"about":[{"href":"https:\/\/mokos.hu\/en\/wp-json\/wp\/v2\/types\/page"}],"author":[{"embeddable":true,"href":"https:\/\/mokos.hu\/en\/wp-json\/wp\/v2\/users\/1"}],"replies":[{"embeddable":true,"href":"https:\/\/mokos.hu\/en\/wp-json\/wp\/v2\/comments?post=17"}],"version-history":[{"count":0,"href":"https:\/\/mokos.hu\/en\/wp-json\/wp\/v2\/pages\/17\/revisions"}],"up":[{"embeddable":true,"href":"https:\/\/mokos.hu\/en\/wp-json\/wp\/v2\/pages\/21"}],"wp:attachment":[{"href":"https:\/\/mokos.hu\/en\/wp-json\/wp\/v2\/media?parent=17"}],"curies":[{"name":"wp","href":"https:\/\/api.w.org\/{rel}","templated":true}]}}