{"id":16470,"date":"2023-09-01T21:11:43","date_gmt":"2023-09-01T19:11:43","guid":{"rendered":"https:\/\/mokos.hu\/?page_id=16470\/"},"modified":"2025-11-10T10:08:46","modified_gmt":"2025-11-10T08:08:46","slug":"martons-day-cellar-programmes-in-palkonyan","status":"publish","type":"page","link":"https:\/\/mokos.hu\/en\/marton-napi-pincejaro-programok-palkonyan\/","title":{"rendered":"Martin's Day Cellar Tour Programmes in Palkonya 2025"},"content":{"rendered":"<div class=\"wpb-content-wrapper\"><div class=\"vc_row wpb_row vc_row-fluid\"><div class=\"wpb_column vc_column_container vc_col-sm-12\"><div class=\"vc_column-inner\"><div class=\"wpb_wrapper\">\n\t<div  class=\"wpb_single_image wpb_content_element vc_align_center wpb_content_element\">\n\t\t\n\t\t<figure class=\"wpb_wrapper vc_figure\">\n\t\t\t<div class=\"vc_single_image-wrapper   vc_box_border_grey\"><img fetchpriority=\"high\" decoding=\"async\" width=\"1024\" height=\"536\" src=\"https:\/\/mokos.hu\/wp-content\/uploads\/2025\/04\/Palkonyai-Pincejaras-2025.jpg\" class=\"vc_single_image-img attachment-large\" alt=\"\" title=\"Palkonyai-Pincej\u00e1r\u00e1s-2025\" srcset=\"https:\/\/mokos.hu\/wp-content\/uploads\/2025\/04\/Palkonyai-Pincejaras-2025.jpg 1024w, https:\/\/mokos.hu\/wp-content\/uploads\/2025\/04\/Palkonyai-Pincejaras-2025-300x157.jpg 300w, https:\/\/mokos.hu\/wp-content\/uploads\/2025\/04\/Palkonyai-Pincejaras-2025-18x9.jpg 18w, https:\/\/mokos.hu\/wp-content\/uploads\/2025\/04\/Palkonyai-Pincejaras-2025-1000x523.jpg 1000w\" sizes=\"(max-width: 1024px) 100vw, 1024px\" \/><\/div>\n\t\t<\/figure>\n\t<\/div>\n\n\t<div class=\"wpb_text_column wpb_content_element\" >\n\t\t<div class=\"wpb_wrapper\">\n\t\t\t<h3><b>MARTIN'S DAY WINERY TOUR IN PALKONYA<\/b><\/h3>\n<h4><em><b style=\"font-family: Roboto; font-size: 1.5rem; text-transform: none; color: #494441;\">Saturday 08 and Saturday 15 November 2025<\/b><\/em><\/h4>\n<p><span style=\"font-weight: 400;\">Martin's Day - The Feast of New Wine<\/span><\/p>\n<p>Taste and toast with us during our guided tour with the newly matured new wines from the wineries of Palkonya Gastro Village! During the cellar tour you can taste a total of 8-10 wines (1-2 varieties per winery) in five wineries, accompanied by homemade wine tastings. Due to the great interest, this year you will have the opportunity to join our fun-filled St. Martin's Day cellar walk on 2 weekends!<\/p>\n<p><strong> CELLAR TOURING PROGRAMMES <\/strong><\/p>\n<ul>\n<li>LEJ\u00c1RT A JELENTKEZ\u00c9S! <del>Saturday, 08.11.2025 | Starting date: Mokos Winery (7771 Palkonya, Hegyalja u. 1.)<\/del><\/li>\n<li>LEJ\u00c1RT A JELENTKEZ\u00c9S! <del>Saturday 15.11.2025 | Starting at Mokos Winery (7771 Palkonya, Hegyalja u. 1.)<\/del><\/li>\n<\/ul>\n<p>&nbsp;<\/p>\n<p><strong>PARTICIPATING WINERIES\u00a0<\/strong><\/p>\n<ul>\n<li aria-level=\"1\"><em>Haraszti Family Winery<\/em><\/li>\n<li aria-level=\"1\"><em>Mokos Winery<\/em><\/li>\n<li aria-level=\"1\"><em>N\u00e9meth &amp; N\u00e9meth Winery<\/em><\/li>\n<li aria-level=\"1\"><em>Bl\u00e1zsovics Borterasz<\/em><\/li>\n<li aria-level=\"1\"><em>Varga Cellar<\/em><\/li>\n<\/ul>\n<p>&nbsp;<\/p>\n<p><strong> Our cellar tour programmes include:<\/strong><\/p>\n<ul>\n<li><em> Guided cellar tour in the historic cellar of Palkonya<\/em><\/li>\n<li><em> Tasting of wines from 5 wineries (8-10 lots in total)<\/em><\/li>\n<li><em> Presentation of wines interpreted by local winemakers<\/em><\/li>\n<li><em> Tasting glass<\/em><\/li>\n<li><em> Wine rolls (scones, home-made tarts)<\/em><\/li>\n<li><em> Surprise gift<\/em><\/li>\n<\/ul>\n<p>&nbsp;<\/p>\n<p><strong> REGISTRATION <\/strong><\/p>\n<p>Participation in the programme is subject to pre-registration and a registration fee. Seating is limited, and events are limited to 60-60 guests.<\/p>\n<p>&nbsp;<\/p>\n<p>A regisztr\u00e1ci\u00f3 lez\u00e1rult!<\/p>\n\n\t\t<\/div>\n\t<\/div>\n<div class=\"vc_row wpb_row vc_inner vc_row-fluid\"><div class=\"wpb_column vc_column_container vc_col-sm-2\"><div class=\"vc_column-inner\"><div class=\"wpb_wrapper\"><\/div><\/div><\/div><div class=\"wpb_column vc_column_container vc_col-sm-8\"><div class=\"vc_column-inner\"><div class=\"wpb_wrapper\"><div class=\"wpb_images_carousel wpb_content_element vc_clearfix wpb_content_element\"><div class=\"wpb_wrapper\"><div id=\"vc_images-carousel-1-1777714215\" data-ride=\"vc_carousel\" data-wrap=\"false\" style=\"width: 600px;\" data-interval=\"0\" data-auto-height=\"yes\" data-mode=\"horizontal\" data-partial=\"false\" data-per-view=\"1\" data-hide-on-end=\"true\" class=\"vc_slide vc_images_carousel\"><ol class=\"vc_carousel-indicators\"><li data-target=\"#vc_images-carousel-1-1777714215\" data-slide-to=\"0\"><\/li><li data-target=\"#vc_images-carousel-1-1777714215\" data-slide-to=\"1\"><\/li><li data-target=\"#vc_images-carousel-1-1777714215\" data-slide-to=\"2\"><\/li><li data-target=\"#vc_images-carousel-1-1777714215\" data-slide-to=\"3\"><\/li><li data-target=\"#vc_images-carousel-1-1777714215\" data-slide-to=\"4\"><\/li><li data-target=\"#vc_images-carousel-1-1777714215\" data-slide-to=\"5\"><\/li><li data-target=\"#vc_images-carousel-1-1777714215\" data-slide-to=\"6\"><\/li><\/ol><div class=\"vc_carousel-inner\"><div class=\"vc_carousel-slideline\"><div class=\"vc_carousel-slideline-inner\"><div class=\"vc_item\"><div class=\"vc_inner\"><img loading=\"lazy\" decoding=\"async\" class=\"\" src=\"https:\/\/mokos.hu\/wp-content\/uploads\/2024\/09\/Martonnap_2023-1_008-scaled-600x400.jpg\" width=\"600\" height=\"400\" alt=\"Martonnap_2023-1_008\" title=\"Martonnap_2023-1_008\" \/><\/div><\/div><div class=\"vc_item\"><div class=\"vc_inner\"><img loading=\"lazy\" decoding=\"async\" class=\"\" src=\"https:\/\/mokos.hu\/wp-content\/uploads\/2023\/09\/IMG_5077-scaled-600x400.jpg\" width=\"600\" height=\"400\" alt=\"Mokos_Pinceszet_Villanyi_borderlands_Palkonya_Marton_day_Pincejaras_2023\" title=\"Mokos_Pinceszet_Villanyi_borderlands_Palkonya_Marton_day_Pincejaras_2023\" \/><\/div><\/div><div class=\"vc_item\"><div class=\"vc_inner\"><img loading=\"lazy\" decoding=\"async\" class=\"\" src=\"https:\/\/mokos.hu\/wp-content\/uploads\/2023\/09\/IMG_5120-scaled-600x400.jpg\" width=\"600\" height=\"400\" alt=\"Mokos_Pinceszet_Villanyi_borderlands_Palkonya_Marton_day_Pincejaras_2023\" title=\"Mokos_Pinceszet_Villanyi_borderlands_Palkonya_Marton_day_Pincejaras_2023\" \/><\/div><\/div><div class=\"vc_item\"><div class=\"vc_inner\"><img loading=\"lazy\" decoding=\"async\" class=\"\" src=\"https:\/\/mokos.hu\/wp-content\/uploads\/2023\/09\/IMG_5108-2-scaled-600x400.jpg\" width=\"600\" height=\"400\" alt=\"Mokos_Pinceszet_Villanyi_borderlands_Palkonya_Marton_day_Pincejaras_2023\" title=\"Mokos_Pinceszet_Villanyi_borderlands_Palkonya_Marton_day_Pincejaras_2023\" \/><\/div><\/div><div class=\"vc_item\"><div class=\"vc_inner\"><img loading=\"lazy\" decoding=\"async\" class=\"\" src=\"https:\/\/mokos.hu\/wp-content\/uploads\/2024\/09\/Martonnap_2023-1_012-scaled-600x400.jpg\" width=\"600\" height=\"400\" alt=\"Martonnap_2023-1_012\" title=\"Martonnap_2023-1_012\" \/><\/div><\/div><div class=\"vc_item\"><div class=\"vc_inner\"><img loading=\"lazy\" decoding=\"async\" class=\"\" src=\"https:\/\/mokos.hu\/wp-content\/uploads\/2023\/09\/Mokos_pinceben-scaled-600x400.jpg\" width=\"600\" height=\"400\" alt=\"Mokos_Pinceszet_Villanyi_borderlands_Palkonya_Marton_day_Pincejaras_2023\" title=\"Mokos_Pinceszet_Villanyi_borderlands_Palkonya_Marton_day_Pincejaras_2023\" \/><\/div><\/div><div class=\"vc_item\"><div class=\"vc_inner\"><img loading=\"lazy\" decoding=\"async\" class=\"\" src=\"https:\/\/mokos.hu\/wp-content\/uploads\/2024\/09\/Martonnap_2023-1_013-scaled-600x400.jpg\" width=\"600\" height=\"400\" alt=\"Martonnap_2023-1_013\" title=\"Martonnap_2023-1_013\" \/><\/div><\/div><\/div><\/div><\/div><a class=\"vc_left vc_carousel-control\" href=\"#vc_images-carousel-1-1777714215\" data-slide=\"prev\"><span class=\"icon-prev\"><\/span><\/a><a class=\"vc_right vc_carousel-control\" href=\"#vc_images-carousel-1-1777714215\" data-slide=\"next\"><span class=\"icon-next\"><\/span><\/a><\/div><\/div><\/div><\/div><\/div><\/div><div class=\"wpb_column vc_column_container vc_col-sm-2\"><div class=\"vc_column-inner\"><div class=\"wpb_wrapper\"><\/div><\/div><\/div><\/div><div class=\"vc_row wpb_row vc_inner vc_row-fluid\"><div class=\"wpb_column vc_column_container vc_col-sm-12\"><div class=\"vc_column-inner\"><div class=\"wpb_wrapper\">\n\t<div class=\"wpb_text_column wpb_content_element\" >\n\t\t<div class=\"wpb_wrapper\">\n\t\t\t<div class=\"x11i5rnm xat24cr x1mh8g0r x1vvkbs xtlvy1s\">\n<h4><b>The cost of the programme:<\/b><\/h4>\n<ul>\n<li><b>Advance ticket purchase: 14.900 HUF\/person<\/b><\/li>\n<li><b>Tickets on site: 15.900 HUF\/person<\/b><\/li>\n<\/ul>\n<p><strong>CHILD DISCOUNT<\/strong><\/p>\n<ul>\n<li>0-3 \u00e9ves kor\u00fa gyermekek r\u00e9sz\u00e9re ingyenes k\u00eds\u00e9r\u0151jegy v\u00e1lthat\u00f3, mely nem tartalmazza a programhoz tartoz\u00f3 fogyaszt\u00e1st \u00e9s aj\u00e1nd\u00e9kokat (pl.: poh\u00e1r).<\/li>\n<li>For children aged 3-10 years -30% discount from the price, i.e. br. 11.130 HUF registration fee\/child. For children, we offer non-alcoholic 100% Mokos Fruit Juices for tasting at each station and a plastic Festival Glass with a unique graphic instead of a glass.<\/li>\n<\/ul>\n<p>If you wish to use the child discount, please mention it in the comment field of the registration form.<\/p>\n<p><span style=\"font-weight: 400;\">The programme is subject to pre-registration and registration fee!<\/span><\/p>\n<p><span style=\"color: #993366;\"><strong>\u00a0Deadline for pre-registration and payment of registration fee:<\/strong><\/span><\/p>\n<ul>\n<li><span style=\"color: #993366;\"><strong>LEJ\u00c1RT! <\/strong><\/span><del><span style=\"color: #993366;\"><strong>2025. november 08. esem\u00e9nyre jelentkez\u00e9s eset\u00e9n: 2025.11.06. cs\u00fct\u00f6rt\u00f6k<\/strong><\/span><\/del><\/li>\n<li><span style=\"color: #993366;\"><strong>LEJ\u00c1RT! <del>15 November 2025 for event registration: Sunday 09.11.2025<\/del><\/strong><\/span><\/li>\n<\/ul>\n<p><span style=\"font-weight: 400;\">If you buy tickets, please send the registration fee to the following bank account:<\/span><\/p>\n<ul>\n<li><span style=\"color: #993366;\"><b>K\u00f6rpince Ltd.<\/b><\/span><\/li>\n<li><span style=\"color: #993366;\"><strong>Oberbank\u00a0 <\/strong><\/span><\/li>\n<li><span style=\"color: #993366;\"><strong>1840 0010 1000 0513 1039 1657<\/strong><\/span><\/li>\n<li><strong>A megjegyz\u00e9sben k\u00e9rj\u00fck t\u00fcntesd fel a kiv\u00e1lasztott d\u00e1tumnak megfelel\u0151t :<del> \u201eM\u00e1rton1108\u201d<\/del> vagy \u201e<del>M\u00e1rton1115\u201d\u00a0<\/del><\/strong><\/li>\n<\/ul>\n<p><span style=\"font-weight: 400;\">\u00a0<\/span><span style=\"font-weight: 400;\">Registration becomes final upon completion and confirmation of the registration form and payment of the programme fee.<\/span><\/p>\n<\/div>\n<div class=\"x11i5rnm xat24cr x1mh8g0r x1vvkbs xtlvy1s\"><\/div>\n<div>In the event of cancellation or cancellation of the event, the registration fee can be purchased at Mokos Winery or its webshop.<\/div>\n\n\t\t<\/div>\n\t<\/div>\n\n\t<div class=\"wpb_text_column wpb_content_element\" >\n\t\t<div class=\"wpb_wrapper\">\n\t\t\t<h4 class=\"meSK8 M7eMe\" role=\"heading\" aria-level=\"2\">Info<\/h4>\n<div class=\"spb5Rd OIC90c\">For questions about the programme, contact us at <a href=\"mailto:szervezes@mokos.hu\">szervezes@mokos.hu<\/a>\u00a0email or call +36 70 509 8779.<\/div>\n\n\t\t<\/div>\n\t<\/div>\n\n<div class=\"vc-zigzag-wrapper vc-zigzag-align-center\"><div class=\"vc-zigzag-inner\" style=\"width: 100%;min-height: 14px;background: 0 repeat-x url(&#039;data:image\/svg+xml;utf-8,%3C%3Fxml%20version%3D%221.0%22%20encoding%3D%22utf-8%22%3F%3E%3C%21DOCTYPE%20svg%20PUBLIC%20%22-%2F%2FW3C%2F%2FDTD%20SVG%201.1%2F%2FEN%22%20%22http%3A%2F%2Fwww.w3.org%2FGraphics%2FSVG%2F1.1%2FDTD%2Fsvg11.dtd%22%3E%3Csvg%20width%3D%2214px%22%20height%3D%2212px%22%20viewBox%3D%220%200%2018%2015%22%20version%3D%221.1%22%20xmlns%3D%22http%3A%2F%2Fwww.w3.org%2F2000%2Fsvg%22%20xmlns%3Axlink%3D%22http%3A%2F%2Fwww.w3.org%2F1999%2Fxlink%22%3E%3Cpolygon%20id%3D%22Combined-Shape%22%20fill%3D%22%23ebebeb%22%20points%3D%228.98762301%200%200%209.12771969%200%2014.519983%209%205.40479869%2018%2014.519983%2018%209.12771969%22%3E%3C%2Fpolygon%3E%3C%2Fsvg%3E&#039;);\"><\/div><\/div>\n\t<div class=\"wpb_text_column wpb_content_element\" >\n\t\t<div class=\"wpb_wrapper\">\n\t\t\t<div>\n<h4>Wine dinners<\/h4>\n<p>\"Whoever does not eat goose on Martin's Day will go hungry all year round\". After the cellar tour, participants can end their tour of Palkonya with a goose dinner, where our hosts will prepare a St. Martin's Day feast. Goose dinners are not included in the cellar tour! For more information about the dinners, please contact us:<\/p>\n<\/div>\n<div><\/div>\n<div>\n<p><strong>MOKOS WINERY<\/strong><\/p>\n<ul>\n<li><span style=\"color: #800080;\"><a style=\"color: #800080;\" href=\"https:\/\/mokos.hu\/en\/marton-goose-days-in-the-mokos-cellar\/\">Goose Feast at Mokos Winery (11.15.)<\/a><\/span><\/li>\n<li>For more information: +36 70 509 8779 | szervezes@mokos.hu | <a href=\"https:\/\/l.facebook.com\/l.php?u=https%3A%2F%2Fmokos.hu%2F%3Ffbclid%3DIwAR38VXHsIOc0PGuaXBs4lXaH1DRSR6Afo27H-JLssapzaEMBAmnhMgcQigk&amp;h=AT1GpLdo96ZnHbWLTWJmq3mYcUsyDpNYhrYdEaDn7RTf_TGO-aWFizjWo8AQzMGpWIpTFrWmpIpUKcT6eoWaTzpaNu8HW-qeC9k1ijB8maNbzeTxYGpypG6zWG4cNqxoIyRx_vdLoWZDukSAMu9-BOg&amp;__tn__=q&amp;c&#091;0&#093;=AT1SMK1cSQQpbkkGLLGNYVxUr70_x7wsI7y7_jgQLdKXi0I3WY4EWi67SPJaZUYAuIPYC43qWmE3cCUxQTIE1H6eoDuG9IKidn0HLk2WkIfCYOpBtyplptfbWo6fqQEIfT7MbVn94pSLu5dwaiCYLpdA4-p-\">www.mokos.hu<\/a><\/li>\n<\/ul>\n<p><strong>Beck's Borveranda<\/strong><\/p>\n<\/div>\n<div>\n<ul>\n<li><span style=\"color: #800080;\"><a style=\"color: #800080;\" href=\"https:\/\/fb.me\/e\/64MPElFEY\" target=\"_blank\" rel=\"noopener\">M\u00e1rton napi libalakoma a Borverand\u00e1ban a Gr\u00e1tisz du\u00f3val (11.15.)<\/a><\/span><\/li>\n<li>For more information: +36 70 770 8538 | info@borverandapalkonya.hu |\u00a0<a href=\"https:\/\/www.borverandapalkonya.hu\/post\/marton-nap-2023\" target=\"_blank\" rel=\"noopener\">www.borverandapalkonya.hu<\/a><\/li>\n<\/ul>\n<\/div>\n<p><b>PALKONYHA, PANZI\u00d3, SPEIZ, P\u00c9KM\u0170HELY<\/b><\/p>\n<ul>\n<li><span style=\"color: #800080;\"><a style=\"color: #800080;\" href=\"https:\/\/fb.me\/e\/6NEIOm5pw\" target=\"_blank\" rel=\"noopener\">M\u00e1rton napi \u00fajbor vacsora \u00e9s koncert T\u00f3th Ver\u00e1val \u00e9s Pauli Zolival (11.15.)<\/a><\/span><\/li>\n<li>Tov\u00e1bbi inform\u00e1ci\u00f3k: +36 30 630 0401 | info@palkonyha.hu | www.palkonyha.hu<\/li>\n<\/ul>\n<p><strong>TRIFLAFATER TASTING HOUSE AND GASTRONOMY POINT<\/strong><\/p>\n<ul>Soon...<\/p>\n<li>For more information: +36 30 426 2958 | r_szilvia@borviraghaz.hu |\u00a0<a tabindex=\"0\" role=\"link\" href=\"http:\/\/www.triflafater.hu\/?fbclid=IwAR3PH_rvjMXdmedk1l0bp7_ZgkdEtyoX0laKNJpaWQ527CogM3JwtI3RvGY\" target=\"_blank\" rel=\"nofollow noopener noreferrer\">www.triflafater.hu<\/a><\/li>\n<\/ul>\n<p><strong>BUTTER BISTRO AND GUEST HOUSE<\/strong><\/p>\n<ul>\n<li><span style=\"color: #800080;\"><a style=\"color: #800080;\" href=\"https:\/\/fb.me\/e\/3z5jj85y8\" target=\"_blank\" rel=\"noopener\"><span class=\"html-span xdj266r x14z9mp xat24cr x1lziwak xexx8yu xyri2b x18d9i69 x1c1uobl x1hl2dhg x16tdsg8 x1vvkbs\">M\u00e1rton Napi Zen\u00e9s Borvacsora (11.08.)<\/span><\/a><\/span><\/li>\n<li><span style=\"color: #800080;\"><a style=\"color: #800080;\" href=\"https:\/\/fb.me\/e\/7tmQOBgri\" target=\"_blank\" rel=\"noopener\"><span class=\"html-span xdj266r x14z9mp xat24cr x1lziwak xexx8yu xyri2b x18d9i69 x1c1uobl x1hl2dhg x16tdsg8 x1vvkbs\">M\u00e1rton Napi Zen\u00e9s Borvacsora (11.15.)<\/span><\/a><\/span><\/li>\n<li>For more information: +36 30 256 4714 | info@vajbisztro.hu<\/li>\n<\/ul>\n<div>Our list of restaurants is constantly updated!<\/div>\n<div class=\"x11i5rnm xat24cr x1mh8g0r x1vvkbs xtlvy1s\"><\/div>\n\n\t\t<\/div>\n\t<\/div>\n\n\t<div class=\"wpb_text_column wpb_content_element\" >\n\t\t<div class=\"wpb_wrapper\">\n\t\t\t<div class=\"x11i5rnm xat24cr x1mh8g0r x1vvkbs xtlvy1s\">Meet us in Palkonya at the Martin's Day Cellar Walk!<\/div>\n<div><\/div>\n<div class=\"x11i5rnm xat24cr x1mh8g0r x1vvkbs xtlvy1s\">1TP5Martin Day #pincejaraspalkonyan #palkonyanwithin #palkonyanwithin #palkonyanwithin #pork wine #martin Day #pincetour<\/div>\n<div><\/div>\n<div>\n<div class=\"spb5Rd OIC90c\"><\/div>\n<\/div>\n\n\t\t<\/div>\n\t<\/div>\n<\/div><\/div><\/div><\/div><\/div><\/div><\/div><\/div>\n<\/div>","protected":false},"excerpt":{"rendered":"M\u00c1RTON-NAPI PINCEJ\u00c1R\u00c1S PALKONY\u00c1N 2025. november 08. szombat \u00e9s november 15. szombat M\u00e1rton Nap - Az \u00dajbor \u00dcnnepe K\u00f3stolj\u00e1tok v\u00e9gig \u00e9s koccintsatok vel\u00fcnk vezetett t\u00far\u00e1nk sor\u00e1n Palkonya Gasztrofalu pinc\u00e9szeteinek \u00e9ppen kiforrott&hellip;","protected":false},"author":6,"featured_media":28369,"parent":0,"menu_order":0,"comment_status":"closed","ping_status":"closed","template":"","meta":{"_acf_changed":false,"footnotes":""},"class_list":["post-16470","page","type-page","status-publish","has-post-thumbnail","hentry"],"acf":[],"yoast_head":"<!-- This site is optimized with the Yoast SEO plugin v27.5 - https:\/\/yoast.com\/product\/yoast-seo-wordpress\/ -->\n<title>M\u00e1rton Napi Pincej\u00e1r\u00f3 Programok Palkony\u00e1n 2025 - MOKOS<\/title>\n<meta name=\"robots\" content=\"index, follow, max-snippet:-1, max-image-preview:large, max-video-preview:-1\" \/>\n<link rel=\"canonical\" href=\"https:\/\/mokos.hu\/en\/martons-day-cellar-programmes-in-palkonyan\/\" \/>\n<meta property=\"og:locale\" content=\"en_US\" \/>\n<meta property=\"og:type\" content=\"article\" \/>\n<meta property=\"og:title\" content=\"M\u00e1rton Napi Pincej\u00e1r\u00f3 Programok Palkony\u00e1n 2025 - MOKOS\" \/>\n<meta property=\"og:url\" content=\"https:\/\/mokos.hu\/en\/martons-day-cellar-programmes-in-palkonyan\/\" \/>\n<meta property=\"og:site_name\" content=\"MOKOS\" \/>\n<meta property=\"article:modified_time\" content=\"2025-11-10T08:08:46+00:00\" \/>\n<meta property=\"og:image\" content=\"https:\/\/mokos.hu\/wp-content\/uploads\/2025\/04\/Palkonyai-Pincejaras-2025.jpg\" \/>\n\t<meta property=\"og:image:width\" content=\"1024\" \/>\n\t<meta property=\"og:image:height\" content=\"536\" \/>\n\t<meta property=\"og:image:type\" content=\"image\/jpeg\" \/>\n<meta name=\"twitter:card\" content=\"summary_large_image\" \/>\n<meta name=\"twitter:label1\" content=\"Est. reading time\" \/>\n\t<meta name=\"twitter:data1\" content=\"4 minutes\" \/>\n<script type=\"application\/ld+json\" class=\"yoast-schema-graph\">{\"@context\":\"https:\\\/\\\/schema.org\",\"@graph\":[{\"@type\":\"WebPage\",\"@id\":\"https:\\\/\\\/mokos.hu\\\/marton-napi-pincejaro-programok-palkonyan\\\/\",\"url\":\"https:\\\/\\\/mokos.hu\\\/marton-napi-pincejaro-programok-palkonyan\\\/\",\"name\":\"M\u00e1rton Napi Pincej\u00e1r\u00f3 Programok Palkony\u00e1n 2025 - MOKOS\",\"isPartOf\":{\"@id\":\"https:\\\/\\\/mokos.hu\\\/#website\"},\"primaryImageOfPage\":{\"@id\":\"https:\\\/\\\/mokos.hu\\\/marton-napi-pincejaro-programok-palkonyan\\\/#primaryimage\"},\"image\":{\"@id\":\"https:\\\/\\\/mokos.hu\\\/marton-napi-pincejaro-programok-palkonyan\\\/#primaryimage\"},\"thumbnailUrl\":\"https:\\\/\\\/mokos.hu\\\/wp-content\\\/uploads\\\/2025\\\/04\\\/Palkonyai-Pincejaras-2025.jpg\",\"datePublished\":\"2023-09-01T19:11:43+00:00\",\"dateModified\":\"2025-11-10T08:08:46+00:00\",\"breadcrumb\":{\"@id\":\"https:\\\/\\\/mokos.hu\\\/marton-napi-pincejaro-programok-palkonyan\\\/#breadcrumb\"},\"inLanguage\":\"en-US\",\"potentialAction\":[{\"@type\":\"ReadAction\",\"target\":[\"https:\\\/\\\/mokos.hu\\\/marton-napi-pincejaro-programok-palkonyan\\\/\"]}]},{\"@type\":\"ImageObject\",\"inLanguage\":\"en-US\",\"@id\":\"https:\\\/\\\/mokos.hu\\\/marton-napi-pincejaro-programok-palkonyan\\\/#primaryimage\",\"url\":\"https:\\\/\\\/mokos.hu\\\/wp-content\\\/uploads\\\/2025\\\/04\\\/Palkonyai-Pincejaras-2025.jpg\",\"contentUrl\":\"https:\\\/\\\/mokos.hu\\\/wp-content\\\/uploads\\\/2025\\\/04\\\/Palkonyai-Pincejaras-2025.jpg\",\"width\":1024,\"height\":536},{\"@type\":\"BreadcrumbList\",\"@id\":\"https:\\\/\\\/mokos.hu\\\/marton-napi-pincejaro-programok-palkonyan\\\/#breadcrumb\",\"itemListElement\":[{\"@type\":\"ListItem\",\"position\":1,\"name\":\"Home\",\"item\":\"https:\\\/\\\/mokos.hu\\\/\"},{\"@type\":\"ListItem\",\"position\":2,\"name\":\"M\u00e1rton Napi Pincej\u00e1r\u00f3 Programok Palkony\u00e1n 2025\"}]},{\"@type\":\"WebSite\",\"@id\":\"https:\\\/\\\/mokos.hu\\\/#website\",\"url\":\"https:\\\/\\\/mokos.hu\\\/\",\"name\":\"MOKOS\",\"description\":\"Csal\u00e1di Pinc\u00e9szet, Palkonya\",\"publisher\":{\"@id\":\"https:\\\/\\\/mokos.hu\\\/#organization\"},\"potentialAction\":[{\"@type\":\"SearchAction\",\"target\":{\"@type\":\"EntryPoint\",\"urlTemplate\":\"https:\\\/\\\/mokos.hu\\\/?s={search_term_string}\"},\"query-input\":{\"@type\":\"PropertyValueSpecification\",\"valueRequired\":true,\"valueName\":\"search_term_string\"}}],\"inLanguage\":\"en-US\"},{\"@type\":\"Organization\",\"@id\":\"https:\\\/\\\/mokos.hu\\\/#organization\",\"name\":\"MOKOS\",\"url\":\"https:\\\/\\\/mokos.hu\\\/\",\"logo\":{\"@type\":\"ImageObject\",\"inLanguage\":\"en-US\",\"@id\":\"https:\\\/\\\/mokos.hu\\\/#\\\/schema\\\/logo\\\/image\\\/\",\"url\":\"https:\\\/\\\/mokos.hu\\\/wp-content\\\/uploads\\\/2018\\\/11\\\/cropped-Mokos_Villanyi-Borvidek-Palkonya-1.png\",\"contentUrl\":\"https:\\\/\\\/mokos.hu\\\/wp-content\\\/uploads\\\/2018\\\/11\\\/cropped-Mokos_Villanyi-Borvidek-Palkonya-1.png\",\"width\":1000,\"height\":245,\"caption\":\"MOKOS\"},\"image\":{\"@id\":\"https:\\\/\\\/mokos.hu\\\/#\\\/schema\\\/logo\\\/image\\\/\"}}]}<\/script>\n<!-- \/ Yoast SEO plugin. -->","yoast_head_json":{"title":"Martin's Day Cellar Tour Programmes in Palkonya 2025 - MOKOS","robots":{"index":"index","follow":"follow","max-snippet":"max-snippet:-1","max-image-preview":"max-image-preview:large","max-video-preview":"max-video-preview:-1"},"canonical":"https:\/\/mokos.hu\/en\/martons-day-cellar-programmes-in-palkonyan\/","og_locale":"en_US","og_type":"article","og_title":"M\u00e1rton Napi Pincej\u00e1r\u00f3 Programok Palkony\u00e1n 2025 - MOKOS","og_url":"https:\/\/mokos.hu\/en\/martons-day-cellar-programmes-in-palkonyan\/","og_site_name":"MOKOS","article_modified_time":"2025-11-10T08:08:46+00:00","og_image":[{"width":1024,"height":536,"url":"https:\/\/mokos.hu\/wp-content\/uploads\/2025\/04\/Palkonyai-Pincejaras-2025.jpg","type":"image\/jpeg"}],"twitter_card":"summary_large_image","twitter_misc":{"Est. reading time":"4 minutes"},"schema":{"@context":"https:\/\/schema.org","@graph":[{"@type":"WebPage","@id":"https:\/\/mokos.hu\/marton-napi-pincejaro-programok-palkonyan\/","url":"https:\/\/mokos.hu\/marton-napi-pincejaro-programok-palkonyan\/","name":"Martin's Day Cellar Tour Programmes in Palkonya 2025 - MOKOS","isPartOf":{"@id":"https:\/\/mokos.hu\/#website"},"primaryImageOfPage":{"@id":"https:\/\/mokos.hu\/marton-napi-pincejaro-programok-palkonyan\/#primaryimage"},"image":{"@id":"https:\/\/mokos.hu\/marton-napi-pincejaro-programok-palkonyan\/#primaryimage"},"thumbnailUrl":"https:\/\/mokos.hu\/wp-content\/uploads\/2025\/04\/Palkonyai-Pincejaras-2025.jpg","datePublished":"2023-09-01T19:11:43+00:00","dateModified":"2025-11-10T08:08:46+00:00","breadcrumb":{"@id":"https:\/\/mokos.hu\/marton-napi-pincejaro-programok-palkonyan\/#breadcrumb"},"inLanguage":"en-US","potentialAction":[{"@type":"ReadAction","target":["https:\/\/mokos.hu\/marton-napi-pincejaro-programok-palkonyan\/"]}]},{"@type":"ImageObject","inLanguage":"en-US","@id":"https:\/\/mokos.hu\/marton-napi-pincejaro-programok-palkonyan\/#primaryimage","url":"https:\/\/mokos.hu\/wp-content\/uploads\/2025\/04\/Palkonyai-Pincejaras-2025.jpg","contentUrl":"https:\/\/mokos.hu\/wp-content\/uploads\/2025\/04\/Palkonyai-Pincejaras-2025.jpg","width":1024,"height":536},{"@type":"BreadcrumbList","@id":"https:\/\/mokos.hu\/marton-napi-pincejaro-programok-palkonyan\/#breadcrumb","itemListElement":[{"@type":"ListItem","position":1,"name":"Home","item":"https:\/\/mokos.hu\/"},{"@type":"ListItem","position":2,"name":"M\u00e1rton Napi Pincej\u00e1r\u00f3 Programok Palkony\u00e1n 2025"}]},{"@type":"WebSite","@id":"https:\/\/mokos.hu\/#website","url":"https:\/\/mokos.hu\/","name":"MOKOS","description":"Family Winery, Palkonya","publisher":{"@id":"https:\/\/mokos.hu\/#organization"},"potentialAction":[{"@type":"SearchAction","target":{"@type":"EntryPoint","urlTemplate":"https:\/\/mokos.hu\/?s={search_term_string}"},"query-input":{"@type":"PropertyValueSpecification","valueRequired":true,"valueName":"search_term_string"}}],"inLanguage":"en-US"},{"@type":"Organization","@id":"https:\/\/mokos.hu\/#organization","name":"MOKOS","url":"https:\/\/mokos.hu\/","logo":{"@type":"ImageObject","inLanguage":"en-US","@id":"https:\/\/mokos.hu\/#\/schema\/logo\/image\/","url":"https:\/\/mokos.hu\/wp-content\/uploads\/2018\/11\/cropped-Mokos_Villanyi-Borvidek-Palkonya-1.png","contentUrl":"https:\/\/mokos.hu\/wp-content\/uploads\/2018\/11\/cropped-Mokos_Villanyi-Borvidek-Palkonya-1.png","width":1000,"height":245,"caption":"MOKOS"},"image":{"@id":"https:\/\/mokos.hu\/#\/schema\/logo\/image\/"}}]}},"_links":{"self":[{"href":"https:\/\/mokos.hu\/en\/wp-json\/wp\/v2\/pages\/16470","targetHints":{"allow":["GET"]}}],"collection":[{"href":"https:\/\/mokos.hu\/en\/wp-json\/wp\/v2\/pages"}],"about":[{"href":"https:\/\/mokos.hu\/en\/wp-json\/wp\/v2\/types\/page"}],"author":[{"embeddable":true,"href":"https:\/\/mokos.hu\/en\/wp-json\/wp\/v2\/users\/6"}],"replies":[{"embeddable":true,"href":"https:\/\/mokos.hu\/en\/wp-json\/wp\/v2\/comments?post=16470"}],"version-history":[{"count":20,"href":"https:\/\/mokos.hu\/en\/wp-json\/wp\/v2\/pages\/16470\/revisions"}],"predecessor-version":[{"id":29047,"href":"https:\/\/mokos.hu\/en\/wp-json\/wp\/v2\/pages\/16470\/revisions\/29047"}],"wp:featuredmedia":[{"embeddable":true,"href":"https:\/\/mokos.hu\/en\/wp-json\/wp\/v2\/media\/28369"}],"wp:attachment":[{"href":"https:\/\/mokos.hu\/en\/wp-json\/wp\/v2\/media?parent=16470"}],"curies":[{"name":"wp","href":"https:\/\/api.w.org\/{rel}","templated":true}]}}