{"id":16448,"date":"2023-08-26T19:49:21","date_gmt":"2023-08-26T17:49:21","guid":{"rendered":"https:\/\/mokos.hu\/?page_id=16448\/"},"modified":"2025-01-21T14:25:14","modified_gmt":"2025-01-21T12:25:14","slug":"marton-napi-csomagajanlat-11-10-12","status":"publish","type":"page","link":"https:\/\/mokos.hu\/en\/szallas-es-etterem\/marton-napi-csomagajanlat-11-10-12\/","title":{"rendered":"M\u00e1rton Napi Csomagaj\u00e1nlat | 11.10-12."},"content":{"rendered":"<div class=\"wpb-content-wrapper\"><div class=\"vc_row wpb_row vc_row-fluid\"><div class=\"wpb_column vc_column_container vc_col-sm-12\"><div class=\"vc_column-inner\"><div class=\"wpb_wrapper\">\n\t<div  class=\"wpb_single_image wpb_content_element vc_align_left wpb_content_element\">\n\t\t\n\t\t<figure class=\"wpb_wrapper vc_figure\">\n\t\t\t<div class=\"vc_single_image-wrapper   vc_box_border_grey\"><img fetchpriority=\"high\" decoding=\"async\" width=\"1024\" height=\"330\" src=\"https:\/\/mokos.hu\/wp-content\/uploads\/2019\/04\/Mokos_Pinceszet_cspat_borozos2_2000x645-1024x330.jpg\" class=\"vc_single_image-img attachment-large\" alt=\"\" title=\"Mokos_Pinceszet_cspat_borozos2_2000x645\" srcset=\"https:\/\/mokos.hu\/wp-content\/uploads\/2019\/04\/Mokos_Pinceszet_cspat_borozos2_2000x645-1024x330.jpg 1024w, https:\/\/mokos.hu\/wp-content\/uploads\/2019\/04\/Mokos_Pinceszet_cspat_borozos2_2000x645-300x97.jpg 300w, https:\/\/mokos.hu\/wp-content\/uploads\/2019\/04\/Mokos_Pinceszet_cspat_borozos2_2000x645-600x194.jpg 600w, https:\/\/mokos.hu\/wp-content\/uploads\/2019\/04\/Mokos_Pinceszet_cspat_borozos2_2000x645-e1600691488591.jpg 1000w\" sizes=\"(max-width: 1024px) 100vw, 1024px\" \/><\/div>\n\t\t<\/figure>\n\t<\/div>\n\n\t<div class=\"wpb_text_column wpb_content_element\" >\n\t\t<div class=\"wpb_wrapper\">\n\t\t\t<div class=\"wpb_text_column wpb_content_element\">\n<div class=\"wpb_wrapper\">\n<h3><strong>M\u00c1RTON NAPI CSOMAGAJ\u00c1NLAT \u2013 2023.11.10-12.<\/strong><\/h3>\n<p><strong>Spend an exciting weekend and adventure with us in the world of flavours in Palkonya, the jewel box of the Vill\u00e1ny wine region!\u00a0<\/strong>Choose our Martin's Day Package Offer: enjoy the new wines of the Vill\u00e1ny wine region, indulge in the flavours of the Martin's Day feasts and relax in the embrace of the slopes of the Vill\u00e1ny Hills!<\/p>\n<p><strong>Martin's Day Package Contents:<\/strong><\/p>\n<ul>\n<li>Accommodation for 2 nights in the Mokos Guesthouse<\/li>\n<li>Half board<\/li>\n<li>Plenty<strong>\u00a0breakfast buffet<\/strong><\/li>\n<li>Managed by<strong>\u00a0Cellar tour in the historic cellar of Palkonya\u00a0<\/strong>\u2013 november 11. d\u00e9lut\u00e1n<\/li>\n<li>Hidegt\u00e1las vacsora a Mokos Pinc\u00e9szetben \u2013 november 10. este<\/li>\n<li><strong>Martin's Day Feast<\/strong>\u00a0a Mokos Pinc\u00e9szetben \u2013 november 11. este<\/li>\n<li>Free Parking<\/li>\n<\/ul>\n<div><strong>\u00c9rv\u00e9nyess\u00e9g: 2023.11.10-12.<\/strong><\/div>\n<div><strong>\u00a0<\/strong><\/div>\n<div><strong>\u00a0<\/strong><\/div>\n<div><strong>Price of the package:<\/strong><\/div>\n<div>\n<div><strong>\u00a0<\/strong><\/div>\n<div>\n<table border=\"0\">\n<tbody>\n<tr>\n<td>Number of nights<\/td>\n<td>Date<\/td>\n<td>Guest house<\/td>\n<\/tr>\n<tr>\n<td>\u00a02 nights<\/td>\n<td>\u00a02023.11.10-12.<\/td>\n<td>\u00a030.500 Ft\/F\u0151\/\u00c9j<\/td>\n<\/tr>\n<\/tbody>\n<\/table>\n<p>A felt\u00fcntetett \u00e1r az IFA \u00e9rt\u00e9k\u00e9t nem tartalmazz (300Ft\/f\u0151\/\u00e9j).<\/p>\n<\/div>\n<\/div>\n<\/div>\n<\/div>\n<div class=\"wpb_text_column wpb_content_element\">\n<div class=\"wpb_wrapper\">\n<p><strong>OPTIONAL PROGRAMMES:<\/strong><\/p>\n<ul>\n<li>Wine tours in the Vill\u00e1ny Wine Region (minimum number of participants)<\/li>\n<li>Fruit wine tasting of Mokos Winery's 100 % palkonya fruit dessert wines<\/li>\n<li>Pinc\u00e9szetl\u00e1togat\u00e1s a Mokos Csal\u00e1d Pinc\u00e9szet\u00e9ben \u00e9s birtok\u00e1n<\/li>\n<li>Horse-drawn carriage rides (subject to minimum number of participants and weather permitting)<\/li>\n<li>Adventurous Team Building Games<\/li>\n<\/ul>\n<p><strong>MORE ATTRACTIONS AND ACTIVITIES IN THE VILL\u00c1NY WINE REGION:<\/strong><\/p>\n<ul>\n<li>Relax in the adventure pools of the Sikl\u00f3s Spa or the Hark\u00e1ny Spa!<\/li>\n<li>Take a trip to the renovated Sikl\u00f3s Castle, the scene of the \"Captain Tenkes\"!<\/li>\n<li>Visit the pilgrimage church of M\u00e1riagy\u0171d (2 km from Sikl\u00f3s) and don't forget to stop by the Czukorbors\u00f3 S\u00fctiz\u0151 (Sugar Pea Baking)!<\/li>\n<li>Admire the panoramic view of the wine region from the Templom hill or the chapel of St. Bartholomew in Palkonya!<\/li>\n<li>Visit the statue park in Nagyhars\u00e1ny!<\/li>\n<\/ul>\n<p><strong>Contact us for details:<\/strong><\/p>\n<p><strong>CONTACT, CONTACT DETAILS:<\/strong><\/p>\n<p>Mokos Winery and Event Hall<br \/>\n7771, Palkonya, Hegyalja \u00fat 1.<\/p>\n<p><strong>Dalma Menr\u00e1th<\/strong><br \/>\nPhone: +36 70 509 87 79<br \/>\nE-mail:\u00a0<a href=\"mailto:%3Ca%20href=\">\u00a0<\/a><a href=\"mailto:szervezes@mokos.hu\">szervezes@mokos.hu<\/a><\/p>\n<\/div>\n<\/div>\n<div><\/div>\n<h5 style=\"text-align: center;\"><a href=\"https:\/\/mokos.hu\/en\/marton-goose-days-in-the-mokos-cellar\/\"><strong>Tov\u00e1bb a Libalakom\u00e1hoz<\/strong><strong>! &gt;&gt;<\/strong><\/a><\/h5>\n<div><em> The purchase can be cancelled at any time without any consequences before pressing the \"Pay\" or \"Order with payment obligation\" button. The Customer may not exercise the right of withdrawal or the right of termination pursuant to Article 29 (1) l) of Government Decree 45\/2014 (II.26.) if the Event Ticket is valid for a specific date (specific day, deadline) or can be used during a specific period. In such a case, the Service Provider is not entitled to return the Ticket or refund the value of the purchase.<\/em><\/div>\n\n\t\t<\/div>\n\t<\/div>\n<div class=\"vc_row wpb_row vc_inner vc_row-fluid\"><div class=\"wpb_column vc_column_container vc_col-sm-2\"><div class=\"vc_column-inner\"><div class=\"wpb_wrapper\"><\/div><\/div><\/div><div class=\"wpb_column vc_column_container vc_col-sm-8\"><div class=\"vc_column-inner\"><div class=\"wpb_wrapper\"><div class=\"vc_empty_space\"   style=\"height: 32px\"><span class=\"vc_empty_space_inner\"><\/span><\/div><\/div><\/div><\/div><div class=\"wpb_column vc_column_container vc_col-sm-2\"><div class=\"vc_column-inner\"><div class=\"wpb_wrapper\"><\/div><\/div><\/div><\/div><\/div><\/div><\/div><\/div>\n<\/div>","protected":false},"excerpt":{"rendered":"M\u00c1RTON NAPI CSOMAGAJ\u00c1NLAT \u2013 2023.11.10-12. T\u00f6lts\u00f6n egy \u00e9lm\u00e9nyd\u00fas h\u00e9tv\u00e9g\u00e9t \u00e9s kalandozzon vel\u00fcnk az \u00edzek vil\u00e1g\u00e1ban Palkony\u00e1n, a Vill\u00e1nyi borvid\u00e9k \u00e9kszerdoboz\u00e1ban!\u00a0V\u00e1lassza M\u00e1rton Napi Csomagaj\u00e1nlatunk: \u00e9lvezze a Vill\u00e1nyi borvid\u00e9k \u00fajborait, adja \u00e1t&hellip;","protected":false},"author":6,"featured_media":0,"parent":7251,"menu_order":2,"comment_status":"closed","ping_status":"closed","template":"","meta":{"_acf_changed":false,"footnotes":""},"class_list":["post-16448","page","type-page","status-publish","hentry"],"acf":[],"yoast_head":"<!-- This site is optimized with the Yoast SEO plugin v27.1.1 - https:\/\/yoast.com\/product\/yoast-seo-wordpress\/ -->\n<title>M\u00e1rton Napi Csomagaj\u00e1nlat | 11.10-12. - MOKOS Pinc\u00e9szet<\/title>\n<meta name=\"description\" content=\"T\u00f6lts\u00f6n el egy \u00e9lm\u00e9nyd\u00fas h\u00e9tv\u00e9g\u00e9t \u00e9s kalandozzon vel\u00fcnk az \u00edzek vil\u00e1g\u00e1ban Palkony\u00e1n, a Vill\u00e1nyi borvid\u00e9k \u00e9kszerdoboz\u00e1ban!\" \/>\n<meta name=\"robots\" content=\"index, follow, max-snippet:-1, max-image-preview:large, max-video-preview:-1\" \/>\n<link rel=\"canonical\" href=\"https:\/\/mokos.hu\/en\/saloon-and-dining-room\/marton-napi-csomagajanlat-11-10-12\/\" \/>\n<meta property=\"og:locale\" content=\"en_US\" \/>\n<meta property=\"og:type\" content=\"article\" \/>\n<meta property=\"og:title\" content=\"M\u00e1rton Napi Csomagaj\u00e1nlat | 11.10-12. - MOKOS Pinc\u00e9szet\" \/>\n<meta property=\"og:description\" content=\"T\u00f6lts\u00f6n el egy \u00e9lm\u00e9nyd\u00fas h\u00e9tv\u00e9g\u00e9t \u00e9s kalandozzon vel\u00fcnk az \u00edzek vil\u00e1g\u00e1ban Palkony\u00e1n, a Vill\u00e1nyi borvid\u00e9k \u00e9kszerdoboz\u00e1ban!\" \/>\n<meta property=\"og:url\" content=\"https:\/\/mokos.hu\/en\/saloon-and-dining-room\/marton-napi-csomagajanlat-11-10-12\/\" \/>\n<meta property=\"og:site_name\" content=\"MOKOS\" \/>\n<meta property=\"article:modified_time\" content=\"2025-01-21T12:25:14+00:00\" \/>\n<meta name=\"twitter:card\" content=\"summary_large_image\" \/>\n<meta name=\"twitter:label1\" content=\"Est. reading time\" \/>\n\t<meta name=\"twitter:data1\" content=\"3 minutes\" \/>\n<script type=\"application\/ld+json\" class=\"yoast-schema-graph\">{\"@context\":\"https:\/\/schema.org\",\"@graph\":[{\"@type\":\"WebPage\",\"@id\":\"https:\/\/mokos.hu\/szallas-es-etterem\/marton-napi-csomagajanlat-11-10-12\/\",\"url\":\"https:\/\/mokos.hu\/szallas-es-etterem\/marton-napi-csomagajanlat-11-10-12\/\",\"name\":\"M\u00e1rton Napi Csomagaj\u00e1nlat | 11.10-12. - MOKOS Pinc\u00e9szet\",\"isPartOf\":{\"@id\":\"https:\/\/mokos.hu\/#website\"},\"datePublished\":\"2023-08-26T17:49:21+00:00\",\"dateModified\":\"2025-01-21T12:25:14+00:00\",\"description\":\"T\u00f6lts\u00f6n el egy \u00e9lm\u00e9nyd\u00fas h\u00e9tv\u00e9g\u00e9t \u00e9s kalandozzon vel\u00fcnk az \u00edzek vil\u00e1g\u00e1ban Palkony\u00e1n, a Vill\u00e1nyi borvid\u00e9k \u00e9kszerdoboz\u00e1ban!\",\"breadcrumb\":{\"@id\":\"https:\/\/mokos.hu\/szallas-es-etterem\/marton-napi-csomagajanlat-11-10-12\/#breadcrumb\"},\"inLanguage\":\"en-US\",\"potentialAction\":[{\"@type\":\"ReadAction\",\"target\":[\"https:\/\/mokos.hu\/szallas-es-etterem\/marton-napi-csomagajanlat-11-10-12\/\"]}]},{\"@type\":\"BreadcrumbList\",\"@id\":\"https:\/\/mokos.hu\/szallas-es-etterem\/marton-napi-csomagajanlat-11-10-12\/#breadcrumb\",\"itemListElement\":[{\"@type\":\"ListItem\",\"position\":1,\"name\":\"Home\",\"item\":\"https:\/\/mokos.hu\/\"},{\"@type\":\"ListItem\",\"position\":2,\"name\":\"Sz\u00e1ll\u00e1s \u00e9s \u00c9tterem\",\"item\":\"https:\/\/mokos.hu\/szallas-es-etterem\/\"},{\"@type\":\"ListItem\",\"position\":3,\"name\":\"M\u00e1rton Napi Csomagaj\u00e1nlat | 11.10-12.\"}]},{\"@type\":\"WebSite\",\"@id\":\"https:\/\/mokos.hu\/#website\",\"url\":\"https:\/\/mokos.hu\/\",\"name\":\"MOKOS\",\"description\":\"Csal\u00e1di Pinc\u00e9szet, Palkonya\",\"publisher\":{\"@id\":\"https:\/\/mokos.hu\/#organization\"},\"potentialAction\":[{\"@type\":\"SearchAction\",\"target\":{\"@type\":\"EntryPoint\",\"urlTemplate\":\"https:\/\/mokos.hu\/?s={search_term_string}\"},\"query-input\":{\"@type\":\"PropertyValueSpecification\",\"valueRequired\":true,\"valueName\":\"search_term_string\"}}],\"inLanguage\":\"en-US\"},{\"@type\":\"Organization\",\"@id\":\"https:\/\/mokos.hu\/#organization\",\"name\":\"MOKOS\",\"url\":\"https:\/\/mokos.hu\/\",\"logo\":{\"@type\":\"ImageObject\",\"inLanguage\":\"en-US\",\"@id\":\"https:\/\/mokos.hu\/#\/schema\/logo\/image\/\",\"url\":\"https:\/\/mokos.hu\/wp-content\/uploads\/2018\/11\/cropped-Mokos_Villanyi-Borvidek-Palkonya-1.png\",\"contentUrl\":\"https:\/\/mokos.hu\/wp-content\/uploads\/2018\/11\/cropped-Mokos_Villanyi-Borvidek-Palkonya-1.png\",\"width\":1000,\"height\":245,\"caption\":\"MOKOS\"},\"image\":{\"@id\":\"https:\/\/mokos.hu\/#\/schema\/logo\/image\/\"}}]}<\/script>\n<!-- \/ Yoast SEO plugin. -->","yoast_head_json":{"title":"M\u00e1rton Napi Csomagaj\u00e1nlat | 11.10-12. - MOKOS Pinc\u00e9szet","description":"Spend an exciting weekend and adventure with us in the world of flavours in Palkonya, the jewel box of the Vill\u00e1ny wine region!","robots":{"index":"index","follow":"follow","max-snippet":"max-snippet:-1","max-image-preview":"max-image-preview:large","max-video-preview":"max-video-preview:-1"},"canonical":"https:\/\/mokos.hu\/en\/saloon-and-dining-room\/marton-napi-csomagajanlat-11-10-12\/","og_locale":"en_US","og_type":"article","og_title":"M\u00e1rton Napi Csomagaj\u00e1nlat | 11.10-12. - MOKOS Pinc\u00e9szet","og_description":"T\u00f6lts\u00f6n el egy \u00e9lm\u00e9nyd\u00fas h\u00e9tv\u00e9g\u00e9t \u00e9s kalandozzon vel\u00fcnk az \u00edzek vil\u00e1g\u00e1ban Palkony\u00e1n, a Vill\u00e1nyi borvid\u00e9k \u00e9kszerdoboz\u00e1ban!","og_url":"https:\/\/mokos.hu\/en\/saloon-and-dining-room\/marton-napi-csomagajanlat-11-10-12\/","og_site_name":"MOKOS","article_modified_time":"2025-01-21T12:25:14+00:00","twitter_card":"summary_large_image","twitter_misc":{"Est. reading time":"3 minutes"},"schema":{"@context":"https:\/\/schema.org","@graph":[{"@type":"WebPage","@id":"https:\/\/mokos.hu\/szallas-es-etterem\/marton-napi-csomagajanlat-11-10-12\/","url":"https:\/\/mokos.hu\/szallas-es-etterem\/marton-napi-csomagajanlat-11-10-12\/","name":"M\u00e1rton Napi Csomagaj\u00e1nlat | 11.10-12. - MOKOS Pinc\u00e9szet","isPartOf":{"@id":"https:\/\/mokos.hu\/#website"},"datePublished":"2023-08-26T17:49:21+00:00","dateModified":"2025-01-21T12:25:14+00:00","description":"Spend an exciting weekend and adventure with us in the world of flavours in Palkonya, the jewel box of the Vill\u00e1ny wine region!","breadcrumb":{"@id":"https:\/\/mokos.hu\/szallas-es-etterem\/marton-napi-csomagajanlat-11-10-12\/#breadcrumb"},"inLanguage":"en-US","potentialAction":[{"@type":"ReadAction","target":["https:\/\/mokos.hu\/szallas-es-etterem\/marton-napi-csomagajanlat-11-10-12\/"]}]},{"@type":"BreadcrumbList","@id":"https:\/\/mokos.hu\/szallas-es-etterem\/marton-napi-csomagajanlat-11-10-12\/#breadcrumb","itemListElement":[{"@type":"ListItem","position":1,"name":"Home","item":"https:\/\/mokos.hu\/"},{"@type":"ListItem","position":2,"name":"Sz\u00e1ll\u00e1s \u00e9s \u00c9tterem","item":"https:\/\/mokos.hu\/szallas-es-etterem\/"},{"@type":"ListItem","position":3,"name":"M\u00e1rton Napi Csomagaj\u00e1nlat | 11.10-12."}]},{"@type":"WebSite","@id":"https:\/\/mokos.hu\/#website","url":"https:\/\/mokos.hu\/","name":"MOKOS","description":"Family Winery, Palkonya","publisher":{"@id":"https:\/\/mokos.hu\/#organization"},"potentialAction":[{"@type":"SearchAction","target":{"@type":"EntryPoint","urlTemplate":"https:\/\/mokos.hu\/?s={search_term_string}"},"query-input":{"@type":"PropertyValueSpecification","valueRequired":true,"valueName":"search_term_string"}}],"inLanguage":"en-US"},{"@type":"Organization","@id":"https:\/\/mokos.hu\/#organization","name":"MOKOS","url":"https:\/\/mokos.hu\/","logo":{"@type":"ImageObject","inLanguage":"en-US","@id":"https:\/\/mokos.hu\/#\/schema\/logo\/image\/","url":"https:\/\/mokos.hu\/wp-content\/uploads\/2018\/11\/cropped-Mokos_Villanyi-Borvidek-Palkonya-1.png","contentUrl":"https:\/\/mokos.hu\/wp-content\/uploads\/2018\/11\/cropped-Mokos_Villanyi-Borvidek-Palkonya-1.png","width":1000,"height":245,"caption":"MOKOS"},"image":{"@id":"https:\/\/mokos.hu\/#\/schema\/logo\/image\/"}}]}},"_links":{"self":[{"href":"https:\/\/mokos.hu\/en\/wp-json\/wp\/v2\/pages\/16448","targetHints":{"allow":["GET"]}}],"collection":[{"href":"https:\/\/mokos.hu\/en\/wp-json\/wp\/v2\/pages"}],"about":[{"href":"https:\/\/mokos.hu\/en\/wp-json\/wp\/v2\/types\/page"}],"author":[{"embeddable":true,"href":"https:\/\/mokos.hu\/en\/wp-json\/wp\/v2\/users\/6"}],"replies":[{"embeddable":true,"href":"https:\/\/mokos.hu\/en\/wp-json\/wp\/v2\/comments?post=16448"}],"version-history":[{"count":0,"href":"https:\/\/mokos.hu\/en\/wp-json\/wp\/v2\/pages\/16448\/revisions"}],"up":[{"embeddable":true,"href":"https:\/\/mokos.hu\/en\/wp-json\/wp\/v2\/pages\/7251"}],"wp:attachment":[{"href":"https:\/\/mokos.hu\/en\/wp-json\/wp\/v2\/media?parent=16448"}],"curies":[{"name":"wp","href":"https:\/\/api.w.org\/{rel}","templated":true}]}}