{"id":16070,"date":"2023-05-17T20:34:50","date_gmt":"2023-05-17T18:34:50","guid":{"rendered":"https:\/\/mokos.hu\/?page_id=16070\/"},"modified":"2025-04-03T16:03:11","modified_gmt":"2025-04-03T14:03:11","slug":"palyazatok-tamogatasok","status":"publish","type":"page","link":"https:\/\/mokos.hu\/en\/palyazatok-tamogatasok\/","title":{"rendered":"Applications, Grants, Subsidies"},"content":{"rendered":"<div class=\"wpb-content-wrapper\"><div class=\"vc_row wpb_row vc_row-fluid\"><div class=\"wpb_column vc_column_container vc_col-sm-12\"><div class=\"vc_column-inner\"><div class=\"wpb_wrapper\">\n\t<div class=\"wpb_text_column wpb_content_element\" >\n\t\t<div class=\"wpb_wrapper\">\n\t\t\t<h3>Applications, grants<\/h3>\n<p>&nbsp;<\/p>\n\n\t\t<\/div>\n\t<\/div>\n\n\t<div  class=\"wpb_single_image wpb_content_element vc_align_center wpb_content_element\">\n\t\t\n\t\t<figure class=\"wpb_wrapper vc_figure\">\n\t\t\t<div class=\"vc_single_image-wrapper   vc_box_border_grey\"><img fetchpriority=\"high\" decoding=\"async\" width=\"1024\" height=\"751\" src=\"https:\/\/mokos.hu\/wp-content\/uploads\/2023\/05\/MOKOS_SZECHENYI_500-web-1024x751.jpg\" class=\"vc_single_image-img attachment-large\" alt=\"\" title=\"MOKOS_SZECHENYI_500-web\" srcset=\"https:\/\/mokos.hu\/wp-content\/uploads\/2023\/05\/MOKOS_SZECHENYI_500-web-1024x751.jpg 1024w, https:\/\/mokos.hu\/wp-content\/uploads\/2023\/05\/MOKOS_SZECHENYI_500-web-300x220.jpg 300w, https:\/\/mokos.hu\/wp-content\/uploads\/2023\/05\/MOKOS_SZECHENYI_500-web-600x440.jpg 600w, https:\/\/mokos.hu\/wp-content\/uploads\/2023\/05\/MOKOS_SZECHENYI_500-web-1536x1126.jpg 1536w, https:\/\/mokos.hu\/wp-content\/uploads\/2023\/05\/MOKOS_SZECHENYI_500-web-2048x1502.jpg 2048w\" sizes=\"(max-width: 1024px) 100vw, 1024px\" \/><\/div>\n\t\t<\/figure>\n\t<\/div>\n\n\t<div class=\"wpb_text_column wpb_content_element\" >\n\t\t<div class=\"wpb_wrapper\">\n\t\t\t<h4><strong>Summary of development<\/strong><\/h4>\n<p>Name of Beneficiary: K\u00f6rpince Winery, Trade and Service Ltd.<\/p>\n<p>Project Title: Establishment of a Fruit Wine Production Plant in Palkonya<\/p>\n<p>A short presentation of the project content:<\/p>\n<p>As part of the project, the winery was expanded with a new winery area, which now has its own space for fruit wines.<br \/>\nThe investment also includes the installation of a 500 kw solar panel system and the purchase of winemaking machinery and equipment.<\/p>\n<p>Contracted amount of aid: HUF 500.000.000<\/p>\n<p>Project ID number: 1772704840<\/p>\n<p>Actual project completion date: 31.12.2022.<\/p>\n\n\t\t<\/div>\n\t<\/div>\n<\/div><\/div><\/div><\/div><div class=\"vc_row wpb_row vc_row-fluid\"><div class=\"wpb_column vc_column_container vc_col-sm-12\"><div class=\"vc_column-inner\"><div class=\"wpb_wrapper\">\n\t<div  class=\"wpb_single_image wpb_content_element vc_align_center wpb_content_element\">\n\t\t\n\t\t<figure class=\"wpb_wrapper vc_figure\">\n\t\t\t<div class=\"vc_single_image-wrapper   vc_box_border_grey\"><img decoding=\"async\" width=\"1024\" height=\"736\" src=\"https:\/\/mokos.hu\/wp-content\/uploads\/2023\/05\/MOKOS_SZECHENYI_107-web-1024x736.jpg\" class=\"vc_single_image-img attachment-large\" alt=\"\" title=\"MOKOS_SZECHENYI_107-web\" srcset=\"https:\/\/mokos.hu\/wp-content\/uploads\/2023\/05\/MOKOS_SZECHENYI_107-web-1024x736.jpg 1024w, https:\/\/mokos.hu\/wp-content\/uploads\/2023\/05\/MOKOS_SZECHENYI_107-web-300x216.jpg 300w, https:\/\/mokos.hu\/wp-content\/uploads\/2023\/05\/MOKOS_SZECHENYI_107-web-600x431.jpg 600w, https:\/\/mokos.hu\/wp-content\/uploads\/2023\/05\/MOKOS_SZECHENYI_107-web-1536x1104.jpg 1536w, https:\/\/mokos.hu\/wp-content\/uploads\/2023\/05\/MOKOS_SZECHENYI_107-web-2048x1472.jpg 2048w\" sizes=\"(max-width: 1024px) 100vw, 1024px\" \/><\/div>\n\t\t<\/figure>\n\t<\/div>\n\n\t<div class=\"wpb_text_column wpb_content_element\" >\n\t\t<div class=\"wpb_wrapper\">\n\t\t\t<h4><strong>Summary of development<\/strong><\/h4>\n<p>Name of Beneficiary: K\u00f6rpince Winery, Trade and Service Ltd.<\/p>\n<p>Project title: Technological Upgrading of the Winery Plant<\/p>\n<p>A short presentation of the project content:<\/p>\n<p>The project included the purchase of wine processing and storage equipment, material handling and transport vehicles.<\/p>\n<p>Contracted amount of aid: 107.390.000 HUF<\/p>\n<p>Project ID number: 3316370416<\/p>\n<p>Actual project completion date: 2023.10.25<\/p>\n\n\t\t<\/div>\n\t<\/div>\n<\/div><\/div><\/div><\/div><div class=\"vc_row wpb_row vc_row-fluid\"><div class=\"wpb_column vc_column_container vc_col-sm-12\"><div class=\"vc_column-inner\"><div class=\"wpb_wrapper\">\n\t<div  class=\"wpb_single_image wpb_content_element vc_align_center wpb_content_element\">\n\t\t\n\t\t<figure class=\"wpb_wrapper vc_figure\">\n\t\t\t<div class=\"vc_single_image-wrapper   vc_box_border_grey\"><img decoding=\"async\" width=\"1024\" height=\"727\" src=\"https:\/\/mokos.hu\/wp-content\/uploads\/2023\/05\/MOKOS_ginop-1024x727.jpg\" class=\"vc_single_image-img attachment-large\" alt=\"\" title=\"MOKOS_ginop\" srcset=\"https:\/\/mokos.hu\/wp-content\/uploads\/2023\/05\/MOKOS_ginop-1024x727.jpg 1024w, https:\/\/mokos.hu\/wp-content\/uploads\/2023\/05\/MOKOS_ginop-300x213.jpg 300w, https:\/\/mokos.hu\/wp-content\/uploads\/2023\/05\/MOKOS_ginop-600x426.jpg 600w, https:\/\/mokos.hu\/wp-content\/uploads\/2023\/05\/MOKOS_ginop-1536x1091.jpg 1536w, https:\/\/mokos.hu\/wp-content\/uploads\/2023\/05\/MOKOS_ginop-2048x1455.jpg 2048w\" sizes=\"(max-width: 1024px) 100vw, 1024px\" \/><\/div>\n\t\t<\/figure>\n\t<\/div>\n\n\t<div class=\"wpb_text_column wpb_content_element\" >\n\t\t<div class=\"wpb_wrapper\">\n\t\t\t<h4><strong>Summary of development<\/strong><\/h4>\n<p>Name of Beneficiary: K\u00f6rpince Winery, Trade and Service Ltd.<\/p>\n<p>Project Title: GINOP-8.3.5-18\/B Loan Programme for Technological Upgrading of Micro, Small and Medium Enterprises<\/p>\n<p>A short presentation of the project content:<\/p>\n<p>The project has increased our packaging stock levels, resulting in greater flexibility, more efficient operations and greater security of supply.<br \/>\nPart of the operating costs, such as salaries, are also financed by the project.<\/p>\n<p>Amount of loan to be reimbursed: HUF 24.980.000<\/p>\n<p>Project identification number: 0681305\/4188\/22\/G30H2<\/p>\n<p>Actual project completion date: 31 December 2023.<\/p>\n\n\t\t<\/div>\n\t<\/div>\n<\/div><\/div><\/div><\/div>\n<\/div>","protected":false},"excerpt":{"rendered":"P\u00e1ly\u00e1zatok, t\u00e1mogat\u00e1sok &nbsp; Fejleszt\u00e9s \u00f6sszegz\u00e9se Kedvezm\u00e9nyezett neve: K\u00f6rpince Bor\u00e1szati, Kereskedelmi \u00e9s Szolg\u00e1ltat\u00f3 Kft Projekt c\u00edme: Gy\u00fcm\u00f6lcsbor El\u0151\u00e1ll\u00edt\u00f3 \u00dczem L\u00e9tes\u00edt\u00e9se Palkony\u00e1n A projekt tartalm\u00e1nak r\u00f6vid bemutat\u00e1sa: A projekt keret\u00e9ben egy \u00faj&hellip;","protected":false},"author":6,"featured_media":0,"parent":0,"menu_order":0,"comment_status":"closed","ping_status":"closed","template":"","meta":{"_acf_changed":false,"footnotes":""},"class_list":["post-16070","page","type-page","status-publish","hentry"],"acf":[],"yoast_head":"<!-- This site is optimized with the Yoast SEO plugin v27.5 - https:\/\/yoast.com\/product\/yoast-seo-wordpress\/ -->\n<title>P\u00e1ly\u00e1zatok, T\u00e1mogat\u00e1sok - MOKOS<\/title>\n<meta name=\"robots\" content=\"index, follow, max-snippet:-1, max-image-preview:large, max-video-preview:-1\" \/>\n<link rel=\"canonical\" href=\"https:\/\/mokos.hu\/en\/palyazatok-tamogatasok\/\" \/>\n<meta property=\"og:locale\" content=\"en_US\" \/>\n<meta property=\"og:type\" content=\"article\" \/>\n<meta property=\"og:title\" content=\"P\u00e1ly\u00e1zatok, T\u00e1mogat\u00e1sok - MOKOS\" \/>\n<meta property=\"og:url\" content=\"https:\/\/mokos.hu\/en\/palyazatok-tamogatasok\/\" \/>\n<meta property=\"og:site_name\" content=\"MOKOS\" \/>\n<meta property=\"article:modified_time\" content=\"2025-04-03T14:03:11+00:00\" \/>\n<meta name=\"twitter:card\" content=\"summary_large_image\" \/>\n<meta name=\"twitter:label1\" content=\"Est. reading time\" \/>\n\t<meta name=\"twitter:data1\" content=\"2 minutes\" \/>\n<script type=\"application\/ld+json\" class=\"yoast-schema-graph\">{\"@context\":\"https:\\\/\\\/schema.org\",\"@graph\":[{\"@type\":\"WebPage\",\"@id\":\"https:\\\/\\\/mokos.hu\\\/palyazatok-tamogatasok\\\/\",\"url\":\"https:\\\/\\\/mokos.hu\\\/palyazatok-tamogatasok\\\/\",\"name\":\"P\u00e1ly\u00e1zatok, T\u00e1mogat\u00e1sok - MOKOS\",\"isPartOf\":{\"@id\":\"https:\\\/\\\/mokos.hu\\\/#website\"},\"datePublished\":\"2023-05-17T18:34:50+00:00\",\"dateModified\":\"2025-04-03T14:03:11+00:00\",\"breadcrumb\":{\"@id\":\"https:\\\/\\\/mokos.hu\\\/palyazatok-tamogatasok\\\/#breadcrumb\"},\"inLanguage\":\"en-US\",\"potentialAction\":[{\"@type\":\"ReadAction\",\"target\":[\"https:\\\/\\\/mokos.hu\\\/palyazatok-tamogatasok\\\/\"]}]},{\"@type\":\"BreadcrumbList\",\"@id\":\"https:\\\/\\\/mokos.hu\\\/palyazatok-tamogatasok\\\/#breadcrumb\",\"itemListElement\":[{\"@type\":\"ListItem\",\"position\":1,\"name\":\"Home\",\"item\":\"https:\\\/\\\/mokos.hu\\\/\"},{\"@type\":\"ListItem\",\"position\":2,\"name\":\"P\u00e1ly\u00e1zatok, T\u00e1mogat\u00e1sok\"}]},{\"@type\":\"WebSite\",\"@id\":\"https:\\\/\\\/mokos.hu\\\/#website\",\"url\":\"https:\\\/\\\/mokos.hu\\\/\",\"name\":\"MOKOS\",\"description\":\"Csal\u00e1di Pinc\u00e9szet, Palkonya\",\"publisher\":{\"@id\":\"https:\\\/\\\/mokos.hu\\\/#organization\"},\"potentialAction\":[{\"@type\":\"SearchAction\",\"target\":{\"@type\":\"EntryPoint\",\"urlTemplate\":\"https:\\\/\\\/mokos.hu\\\/?s={search_term_string}\"},\"query-input\":{\"@type\":\"PropertyValueSpecification\",\"valueRequired\":true,\"valueName\":\"search_term_string\"}}],\"inLanguage\":\"en-US\"},{\"@type\":\"Organization\",\"@id\":\"https:\\\/\\\/mokos.hu\\\/#organization\",\"name\":\"MOKOS\",\"url\":\"https:\\\/\\\/mokos.hu\\\/\",\"logo\":{\"@type\":\"ImageObject\",\"inLanguage\":\"en-US\",\"@id\":\"https:\\\/\\\/mokos.hu\\\/#\\\/schema\\\/logo\\\/image\\\/\",\"url\":\"https:\\\/\\\/mokos.hu\\\/wp-content\\\/uploads\\\/2018\\\/11\\\/cropped-Mokos_Villanyi-Borvidek-Palkonya-1.png\",\"contentUrl\":\"https:\\\/\\\/mokos.hu\\\/wp-content\\\/uploads\\\/2018\\\/11\\\/cropped-Mokos_Villanyi-Borvidek-Palkonya-1.png\",\"width\":1000,\"height\":245,\"caption\":\"MOKOS\"},\"image\":{\"@id\":\"https:\\\/\\\/mokos.hu\\\/#\\\/schema\\\/logo\\\/image\\\/\"}}]}<\/script>\n<!-- \/ Yoast SEO plugin. -->","yoast_head_json":{"title":"Applications, Grants - MOKOS","robots":{"index":"index","follow":"follow","max-snippet":"max-snippet:-1","max-image-preview":"max-image-preview:large","max-video-preview":"max-video-preview:-1"},"canonical":"https:\/\/mokos.hu\/en\/palyazatok-tamogatasok\/","og_locale":"en_US","og_type":"article","og_title":"P\u00e1ly\u00e1zatok, T\u00e1mogat\u00e1sok - MOKOS","og_url":"https:\/\/mokos.hu\/en\/palyazatok-tamogatasok\/","og_site_name":"MOKOS","article_modified_time":"2025-04-03T14:03:11+00:00","twitter_card":"summary_large_image","twitter_misc":{"Est. reading time":"2 minutes"},"schema":{"@context":"https:\/\/schema.org","@graph":[{"@type":"WebPage","@id":"https:\/\/mokos.hu\/palyazatok-tamogatasok\/","url":"https:\/\/mokos.hu\/palyazatok-tamogatasok\/","name":"Applications, Grants - MOKOS","isPartOf":{"@id":"https:\/\/mokos.hu\/#website"},"datePublished":"2023-05-17T18:34:50+00:00","dateModified":"2025-04-03T14:03:11+00:00","breadcrumb":{"@id":"https:\/\/mokos.hu\/palyazatok-tamogatasok\/#breadcrumb"},"inLanguage":"en-US","potentialAction":[{"@type":"ReadAction","target":["https:\/\/mokos.hu\/palyazatok-tamogatasok\/"]}]},{"@type":"BreadcrumbList","@id":"https:\/\/mokos.hu\/palyazatok-tamogatasok\/#breadcrumb","itemListElement":[{"@type":"ListItem","position":1,"name":"Home","item":"https:\/\/mokos.hu\/"},{"@type":"ListItem","position":2,"name":"P\u00e1ly\u00e1zatok, T\u00e1mogat\u00e1sok"}]},{"@type":"WebSite","@id":"https:\/\/mokos.hu\/#website","url":"https:\/\/mokos.hu\/","name":"MOKOS","description":"Family Winery, Palkonya","publisher":{"@id":"https:\/\/mokos.hu\/#organization"},"potentialAction":[{"@type":"SearchAction","target":{"@type":"EntryPoint","urlTemplate":"https:\/\/mokos.hu\/?s={search_term_string}"},"query-input":{"@type":"PropertyValueSpecification","valueRequired":true,"valueName":"search_term_string"}}],"inLanguage":"en-US"},{"@type":"Organization","@id":"https:\/\/mokos.hu\/#organization","name":"MOKOS","url":"https:\/\/mokos.hu\/","logo":{"@type":"ImageObject","inLanguage":"en-US","@id":"https:\/\/mokos.hu\/#\/schema\/logo\/image\/","url":"https:\/\/mokos.hu\/wp-content\/uploads\/2018\/11\/cropped-Mokos_Villanyi-Borvidek-Palkonya-1.png","contentUrl":"https:\/\/mokos.hu\/wp-content\/uploads\/2018\/11\/cropped-Mokos_Villanyi-Borvidek-Palkonya-1.png","width":1000,"height":245,"caption":"MOKOS"},"image":{"@id":"https:\/\/mokos.hu\/#\/schema\/logo\/image\/"}}]}},"_links":{"self":[{"href":"https:\/\/mokos.hu\/en\/wp-json\/wp\/v2\/pages\/16070","targetHints":{"allow":["GET"]}}],"collection":[{"href":"https:\/\/mokos.hu\/en\/wp-json\/wp\/v2\/pages"}],"about":[{"href":"https:\/\/mokos.hu\/en\/wp-json\/wp\/v2\/types\/page"}],"author":[{"embeddable":true,"href":"https:\/\/mokos.hu\/en\/wp-json\/wp\/v2\/users\/6"}],"replies":[{"embeddable":true,"href":"https:\/\/mokos.hu\/en\/wp-json\/wp\/v2\/comments?post=16070"}],"version-history":[{"count":2,"href":"https:\/\/mokos.hu\/en\/wp-json\/wp\/v2\/pages\/16070\/revisions"}],"predecessor-version":[{"id":28156,"href":"https:\/\/mokos.hu\/en\/wp-json\/wp\/v2\/pages\/16070\/revisions\/28156"}],"wp:attachment":[{"href":"https:\/\/mokos.hu\/en\/wp-json\/wp\/v2\/media?parent=16070"}],"curies":[{"name":"wp","href":"https:\/\/api.w.org\/{rel}","templated":true}]}}