{"id":15,"date":"2016-02-09T21:54:32","date_gmt":"2016-02-09T20:54:32","guid":{"rendered":"http:\/\/dev.vinolin.hu\/?page_id=15"},"modified":"2025-03-28T10:21:52","modified_gmt":"2025-03-28T08:21:52","slug":"borkostolo-programmes","status":"publish","type":"page","link":"https:\/\/mokos.hu\/en\/borkostolo-programok\/","title":{"rendered":"Wine tastings"},"content":{"rendered":"<div class=\"wpb-content-wrapper\"><div class=\"vc_row wpb_row vc_row-fluid\"><div class=\"wpb_column vc_column_container vc_col-sm-12\"><div class=\"vc_column-inner\"><div class=\"wpb_wrapper\">\n\t<div class=\"wpb_text_column wpb_content_element\" >\n\t\t<div class=\"wpb_wrapper\">\n\t\t\t<div class=\"entry-content\">\n<h4><strong><img fetchpriority=\"high\" decoding=\"async\" class=\"aligncenter wp-image-6835 size-full\" src=\"https:\/\/mokos.hu\/wp-content\/uploads\/2017\/04\/Mokos_Pinceszet_MP_2000x645-e1600693620648.jpg\" alt=\"\" width=\"1200\" height=\"387\" srcset=\"https:\/\/mokos.hu\/wp-content\/uploads\/2017\/04\/Mokos_Pinceszet_MP_2000x645-e1600693620648.jpg 1200w, https:\/\/mokos.hu\/wp-content\/uploads\/2017\/04\/Mokos_Pinceszet_MP_2000x645-e1600693620648-300x97.jpg 300w, https:\/\/mokos.hu\/wp-content\/uploads\/2017\/04\/Mokos_Pinceszet_MP_2000x645-e1600693620648-600x194.jpg 600w\" sizes=\"(max-width: 1200px) 100vw, 1200px\" \/><\/strong><\/h4>\n<h4><\/h4>\n<h3><strong>TASTE OUR WINES IN OUR WINERY AND EXPERIENCE THE AUTHENTIC VILL\u00c1NY WINE REGION EXPERIENCE!<\/strong><\/h3>\n<p><strong>Our winery's impressive tasting room, panoramic terrace or elegant theatre<\/strong> is the perfect venue for small and large wine tastings, dinners, gatherings and special celebrations. We can accommodate 70-80 people in our tasting room, 60-70 people on our terrace, and up to 180 people in our theatre and event hall. Check out our wine tasting offers:<\/p>\n<h4><strong>WINE TASTING PACKAGES\u00a0<\/strong><\/h4>\n<p>The wine tasting includes wines of protected origin from Vill\u00e1ny and premium palkonyai fruit wines.<\/p>\n<ul>\n<li><strong>Mini 3 lot tasting:<\/strong> 2.450 Ft <em>(includes: 2 classicus Vill\u00e1nyi wines and 1 premium fruit wine)<\/em><\/li>\n<li><strong>Palkonya 5 lot tasting:<\/strong> 4.250 Ft <em>(includes 4 classicus Vill\u00e1nyi wines and 1 premium fruit wine)<\/em><\/li>\n<li><strong>Giant 7 lot tasting:<\/strong> 6.250 Ft <em>(including 3 classicus, 2 premium Vill\u00e1ny wines and 2 premium fruit wines)<\/em><\/li>\n<li><strong>Extra 9 lot tasting:<\/strong> 8.450 Ft <em>(includes 3 classicus, 2 premium and 1 super premium Vill\u00e1ny wines and 3 premium fruit wines)<\/em><\/li>\n<li><strong>Fruit wine tasting 5 lots:<\/strong> 5.250 Ft <em>(contains 5 premium fruit wines)<\/em><\/li>\n<\/ul>\n<p><strong>Unlimited wine is also available, please contact us for details.<\/strong><\/p>\n<p><span style=\"color: #000000;\">Taste the flavours of the wine region with our Vill\u00e1ny wines or experience a real gastronomic experience with our premium fruit wine specialities. We provide scones with our wine tastings on request. <\/span><span style=\"color: #000000;\">Pog\u00e1csa: 3.000 Ft\/kg.<\/span><\/p>\n<h4><strong>CELLAR VISIT EXPERIENCE<\/strong><\/h4>\n<p>Take a look behind the scenes and learn about the history of our Winery! Take part in our guided cellar tour programme, during which you will get to know our family estate in the hillsides of the Vill\u00e1nyi Hills, our winery of more than 4,000 m2, and we will also give you an insight into the winemaking process. To maximise the customer experience, our programme requires pre-registration <a href=\"https:\/\/mokos.hu\/en\/elmeny-pincelatogatas-podonya-villany-cellarszet\/\">HERE<\/a> you can do.<\/p>\n<h4><strong>FRUIT WINE TASTING AT THE MOKOS WINERY\u00a0<\/strong><\/h4>\n<p>Good wines can be made not only from grapes but also from other fruits. If you have not yet tasted our cherry, strawberry, apricot and plum wine specialities, here is your chance! Taste all the fruit wines from our winery! You won't have an everyday experience, as our wines are made from 100 % fruit, and thanks to a modern, gentle process, you can clearly taste and smell the fresh fruit in the wine.<br \/>\nThe price of the fruit wine tasting is 5.250 HUF\/person from 5 different wines.<\/p>\n<h4><strong>BRANDY TASTING AT THE MOKOS WINERY\u00a0<\/strong><\/h4>\n<p>Our Palkonya orchard also produces juicy brandies from the fruit of our orchards. Taste the Mokos Winery brandies during a brandy tasting. We recommend the programme for cooler winter evenings or as a foundation for a team-building party. You can choose from three different tastings at our winery:<\/p>\n<ul>\n<li>Atmosphere ( 3 items tasting)- 3.250 Ft\/person<\/li>\n<li>Adventurer (5 items tasting)- 5.250 HUF\/person<\/li>\n<li>Expert (7 items tasting)- 7.250 Ft\/person<\/li>\n<\/ul>\n<h4>ASK FOR OUR PERSONALIZED OFFER AND INQUIRE ABOUT GROUP DISCOUNTS!<\/h4>\n<p><strong>Vikt\u00f3ria Mokos<em><br \/>\n<\/em><\/strong>Phone: +36 70\/ 425-0334<\/p>\n<p><strong>Dalma Menr\u00e1th<em><br \/>\n<\/em><\/strong>Phone: +36 70\/ 509-8779<\/p>\n<p>E-mail:\u00a0<a href=\"mailto:szervezes@mokos.hu\">szervezes@mokos.hu<\/a><br \/>\n7771 Palkonya, Hegyalja u. 1.<\/p>\n<p><strong>Please contact us in advance for guided tastings and cellar visits!<\/strong><\/p>\n<p>Policies on ordering and booking <a href=\"https:\/\/mokos.hu\/en\/uzlet\/rules\/\">HERE<\/a> reaches.<\/p>\n<\/div>\n\n\t\t<\/div>\n\t<\/div>\n<\/div><\/div><\/div><\/div>\n<\/div>","protected":false},"excerpt":{"rendered":"K\u00d3STOLD MEG BORAINKAT PINC\u00c9SZET\u00dcNKBEN \u00c9S \u00c9LD \u00c1T A HAMIS\u00cdTATLAN VILL\u00c1NYI BORVID\u00c9KI \u00c9LM\u00c9NYT! Pinc\u00e9szet\u00fcnk impoz\u00e1ns k\u00f3stol\u00f3terme, panor\u00e1m\u00e1s terasza vagy eleg\u00e1ns sz\u00ednh\u00e1zterme t\u00f6k\u00e9letes helysz\u00ednt biztos\u00edt kis- \u00e9s nagy l\u00e9tsz\u00e1m\u00fa bork\u00f3stol\u00f3k, vacsor\u00e1k, \u00f6sszej\u00f6vetelek,&hellip;","protected":false},"author":1,"featured_media":9934,"parent":0,"menu_order":0,"comment_status":"closed","ping_status":"closed","template":"","meta":{"_acf_changed":false,"footnotes":""},"class_list":["post-15","page","type-page","status-publish","has-post-thumbnail","hentry"],"acf":[],"yoast_head":"<!-- This site is optimized with the Yoast SEO plugin v27.1.1 - https:\/\/yoast.com\/product\/yoast-seo-wordpress\/ -->\n<title>Bork\u00f3stol\u00f3k - MOKOS Pinc\u00e9szet - Vill\u00e1nyi borvid\u00e9k - Palkonya<\/title>\n<meta name=\"description\" content=\"Bork\u00f3stol\u00f3: vill\u00e1nyi v\u00e9dett eredet\u0171 borok, pr\u00e9mium gy\u00fcm\u00f6lcsborok. K\u00f3stoljon bele a Vill\u00e1nyi borvid\u00e9k \u00e9s Palkonya term\u00e9szet adta zamataiba!\" \/>\n<meta name=\"robots\" content=\"index, follow, max-snippet:-1, max-image-preview:large, max-video-preview:-1\" \/>\n<link rel=\"canonical\" href=\"https:\/\/mokos.hu\/en\/borkostolo-programmes\/\" \/>\n<meta property=\"og:locale\" content=\"en_US\" \/>\n<meta property=\"og:type\" content=\"article\" \/>\n<meta property=\"og:title\" content=\"Bork\u00f3stol\u00f3k - MOKOS Pinc\u00e9szet - Vill\u00e1nyi borvid\u00e9k - Palkonya\" \/>\n<meta property=\"og:description\" content=\"Bork\u00f3stol\u00f3: vill\u00e1nyi v\u00e9dett eredet\u0171 borok, pr\u00e9mium gy\u00fcm\u00f6lcsborok. K\u00f3stoljon bele a Vill\u00e1nyi borvid\u00e9k \u00e9s Palkonya term\u00e9szet adta zamataiba!\" \/>\n<meta property=\"og:url\" content=\"https:\/\/mokos.hu\/en\/borkostolo-programmes\/\" \/>\n<meta property=\"og:site_name\" content=\"MOKOS\" \/>\n<meta property=\"article:modified_time\" content=\"2025-03-28T08:21:52+00:00\" \/>\n<meta property=\"og:image\" content=\"https:\/\/mokos.hu\/wp-content\/uploads\/2020\/06\/Mokos_Pinceszet_pinceszet_galeria_12-e1600679071818.jpg\" \/>\n\t<meta property=\"og:image:width\" content=\"800\" \/>\n\t<meta property=\"og:image:height\" content=\"533\" \/>\n\t<meta property=\"og:image:type\" content=\"image\/jpeg\" \/>\n<meta name=\"twitter:card\" content=\"summary_large_image\" \/>\n<meta name=\"twitter:label1\" content=\"Est. reading time\" \/>\n\t<meta name=\"twitter:data1\" content=\"3 minutes\" \/>\n<script type=\"application\/ld+json\" class=\"yoast-schema-graph\">{\"@context\":\"https:\/\/schema.org\",\"@graph\":[{\"@type\":\"WebPage\",\"@id\":\"https:\/\/mokos.hu\/borkostolo-programok\/\",\"url\":\"https:\/\/mokos.hu\/borkostolo-programok\/\",\"name\":\"Bork\u00f3stol\u00f3k - MOKOS Pinc\u00e9szet - Vill\u00e1nyi borvid\u00e9k - Palkonya\",\"isPartOf\":{\"@id\":\"https:\/\/mokos.hu\/#website\"},\"primaryImageOfPage\":{\"@id\":\"https:\/\/mokos.hu\/borkostolo-programok\/#primaryimage\"},\"image\":{\"@id\":\"https:\/\/mokos.hu\/borkostolo-programok\/#primaryimage\"},\"thumbnailUrl\":\"https:\/\/mokos.hu\/wp-content\/uploads\/2020\/06\/Mokos_Pinceszet_pinceszet_galeria_12-e1600679071818.jpg\",\"datePublished\":\"2016-02-09T20:54:32+00:00\",\"dateModified\":\"2025-03-28T08:21:52+00:00\",\"description\":\"Bork\u00f3stol\u00f3: vill\u00e1nyi v\u00e9dett eredet\u0171 borok, pr\u00e9mium gy\u00fcm\u00f6lcsborok. K\u00f3stoljon bele a Vill\u00e1nyi borvid\u00e9k \u00e9s Palkonya term\u00e9szet adta zamataiba!\",\"breadcrumb\":{\"@id\":\"https:\/\/mokos.hu\/borkostolo-programok\/#breadcrumb\"},\"inLanguage\":\"en-US\",\"potentialAction\":[{\"@type\":\"ReadAction\",\"target\":[\"https:\/\/mokos.hu\/borkostolo-programok\/\"]}]},{\"@type\":\"ImageObject\",\"inLanguage\":\"en-US\",\"@id\":\"https:\/\/mokos.hu\/borkostolo-programok\/#primaryimage\",\"url\":\"https:\/\/mokos.hu\/wp-content\/uploads\/2020\/06\/Mokos_Pinceszet_pinceszet_galeria_12-e1600679071818.jpg\",\"contentUrl\":\"https:\/\/mokos.hu\/wp-content\/uploads\/2020\/06\/Mokos_Pinceszet_pinceszet_galeria_12-e1600679071818.jpg\",\"width\":800,\"height\":533,\"caption\":\"Mokos_Pinceszet_villanyi_borvidek_palkonya_vorosbor_villanyibor\"},{\"@type\":\"BreadcrumbList\",\"@id\":\"https:\/\/mokos.hu\/borkostolo-programok\/#breadcrumb\",\"itemListElement\":[{\"@type\":\"ListItem\",\"position\":1,\"name\":\"Home\",\"item\":\"https:\/\/mokos.hu\/\"},{\"@type\":\"ListItem\",\"position\":2,\"name\":\"Bork\u00f3stol\u00f3k\"}]},{\"@type\":\"WebSite\",\"@id\":\"https:\/\/mokos.hu\/#website\",\"url\":\"https:\/\/mokos.hu\/\",\"name\":\"MOKOS\",\"description\":\"Csal\u00e1di Pinc\u00e9szet, Palkonya\",\"publisher\":{\"@id\":\"https:\/\/mokos.hu\/#organization\"},\"potentialAction\":[{\"@type\":\"SearchAction\",\"target\":{\"@type\":\"EntryPoint\",\"urlTemplate\":\"https:\/\/mokos.hu\/?s={search_term_string}\"},\"query-input\":{\"@type\":\"PropertyValueSpecification\",\"valueRequired\":true,\"valueName\":\"search_term_string\"}}],\"inLanguage\":\"en-US\"},{\"@type\":\"Organization\",\"@id\":\"https:\/\/mokos.hu\/#organization\",\"name\":\"MOKOS\",\"url\":\"https:\/\/mokos.hu\/\",\"logo\":{\"@type\":\"ImageObject\",\"inLanguage\":\"en-US\",\"@id\":\"https:\/\/mokos.hu\/#\/schema\/logo\/image\/\",\"url\":\"https:\/\/mokos.hu\/wp-content\/uploads\/2018\/11\/cropped-Mokos_Villanyi-Borvidek-Palkonya-1.png\",\"contentUrl\":\"https:\/\/mokos.hu\/wp-content\/uploads\/2018\/11\/cropped-Mokos_Villanyi-Borvidek-Palkonya-1.png\",\"width\":1000,\"height\":245,\"caption\":\"MOKOS\"},\"image\":{\"@id\":\"https:\/\/mokos.hu\/#\/schema\/logo\/image\/\"}}]}<\/script>\n<!-- \/ Yoast SEO plugin. -->","yoast_head_json":{"title":"Wine tastings - MOKOS Winery - Vill\u00e1ny wine region - Palkonya","description":"Wine tasting: wines of protected origin from Vill\u00e1ny, premium fruit wines. Taste the natural flavours of the Vill\u00e1ny wine region and Palkonya!","robots":{"index":"index","follow":"follow","max-snippet":"max-snippet:-1","max-image-preview":"max-image-preview:large","max-video-preview":"max-video-preview:-1"},"canonical":"https:\/\/mokos.hu\/en\/borkostolo-programmes\/","og_locale":"en_US","og_type":"article","og_title":"Bork\u00f3stol\u00f3k - MOKOS Pinc\u00e9szet - Vill\u00e1nyi borvid\u00e9k - Palkonya","og_description":"Bork\u00f3stol\u00f3: vill\u00e1nyi v\u00e9dett eredet\u0171 borok, pr\u00e9mium gy\u00fcm\u00f6lcsborok. K\u00f3stoljon bele a Vill\u00e1nyi borvid\u00e9k \u00e9s Palkonya term\u00e9szet adta zamataiba!","og_url":"https:\/\/mokos.hu\/en\/borkostolo-programmes\/","og_site_name":"MOKOS","article_modified_time":"2025-03-28T08:21:52+00:00","og_image":[{"width":800,"height":533,"url":"https:\/\/mokos.hu\/wp-content\/uploads\/2020\/06\/Mokos_Pinceszet_pinceszet_galeria_12-e1600679071818.jpg","type":"image\/jpeg"}],"twitter_card":"summary_large_image","twitter_misc":{"Est. reading time":"3 minutes"},"schema":{"@context":"https:\/\/schema.org","@graph":[{"@type":"WebPage","@id":"https:\/\/mokos.hu\/borkostolo-programok\/","url":"https:\/\/mokos.hu\/borkostolo-programok\/","name":"Wine tastings - MOKOS Winery - Vill\u00e1ny wine region - Palkonya","isPartOf":{"@id":"https:\/\/mokos.hu\/#website"},"primaryImageOfPage":{"@id":"https:\/\/mokos.hu\/borkostolo-programok\/#primaryimage"},"image":{"@id":"https:\/\/mokos.hu\/borkostolo-programok\/#primaryimage"},"thumbnailUrl":"https:\/\/mokos.hu\/wp-content\/uploads\/2020\/06\/Mokos_Pinceszet_pinceszet_galeria_12-e1600679071818.jpg","datePublished":"2016-02-09T20:54:32+00:00","dateModified":"2025-03-28T08:21:52+00:00","description":"Wine tasting: wines of protected origin from Vill\u00e1ny, premium fruit wines. Taste the natural flavours of the Vill\u00e1ny wine region and Palkonya!","breadcrumb":{"@id":"https:\/\/mokos.hu\/borkostolo-programok\/#breadcrumb"},"inLanguage":"en-US","potentialAction":[{"@type":"ReadAction","target":["https:\/\/mokos.hu\/borkostolo-programok\/"]}]},{"@type":"ImageObject","inLanguage":"en-US","@id":"https:\/\/mokos.hu\/borkostolo-programok\/#primaryimage","url":"https:\/\/mokos.hu\/wp-content\/uploads\/2020\/06\/Mokos_Pinceszet_pinceszet_galeria_12-e1600679071818.jpg","contentUrl":"https:\/\/mokos.hu\/wp-content\/uploads\/2020\/06\/Mokos_Pinceszet_pinceszet_galeria_12-e1600679071818.jpg","width":800,"height":533,"caption":"Mokos_Pinceszet_villanyi_borvidek_palkonya_vorosbor_villanyibor"},{"@type":"BreadcrumbList","@id":"https:\/\/mokos.hu\/borkostolo-programok\/#breadcrumb","itemListElement":[{"@type":"ListItem","position":1,"name":"Home","item":"https:\/\/mokos.hu\/"},{"@type":"ListItem","position":2,"name":"Bork\u00f3stol\u00f3k"}]},{"@type":"WebSite","@id":"https:\/\/mokos.hu\/#website","url":"https:\/\/mokos.hu\/","name":"MOKOS","description":"Family Winery, Palkonya","publisher":{"@id":"https:\/\/mokos.hu\/#organization"},"potentialAction":[{"@type":"SearchAction","target":{"@type":"EntryPoint","urlTemplate":"https:\/\/mokos.hu\/?s={search_term_string}"},"query-input":{"@type":"PropertyValueSpecification","valueRequired":true,"valueName":"search_term_string"}}],"inLanguage":"en-US"},{"@type":"Organization","@id":"https:\/\/mokos.hu\/#organization","name":"MOKOS","url":"https:\/\/mokos.hu\/","logo":{"@type":"ImageObject","inLanguage":"en-US","@id":"https:\/\/mokos.hu\/#\/schema\/logo\/image\/","url":"https:\/\/mokos.hu\/wp-content\/uploads\/2018\/11\/cropped-Mokos_Villanyi-Borvidek-Palkonya-1.png","contentUrl":"https:\/\/mokos.hu\/wp-content\/uploads\/2018\/11\/cropped-Mokos_Villanyi-Borvidek-Palkonya-1.png","width":1000,"height":245,"caption":"MOKOS"},"image":{"@id":"https:\/\/mokos.hu\/#\/schema\/logo\/image\/"}}]}},"_links":{"self":[{"href":"https:\/\/mokos.hu\/en\/wp-json\/wp\/v2\/pages\/15","targetHints":{"allow":["GET"]}}],"collection":[{"href":"https:\/\/mokos.hu\/en\/wp-json\/wp\/v2\/pages"}],"about":[{"href":"https:\/\/mokos.hu\/en\/wp-json\/wp\/v2\/types\/page"}],"author":[{"embeddable":true,"href":"https:\/\/mokos.hu\/en\/wp-json\/wp\/v2\/users\/1"}],"replies":[{"embeddable":true,"href":"https:\/\/mokos.hu\/en\/wp-json\/wp\/v2\/comments?post=15"}],"version-history":[{"count":0,"href":"https:\/\/mokos.hu\/en\/wp-json\/wp\/v2\/pages\/15\/revisions"}],"wp:featuredmedia":[{"embeddable":true,"href":"https:\/\/mokos.hu\/en\/wp-json\/wp\/v2\/media\/9934"}],"wp:attachment":[{"href":"https:\/\/mokos.hu\/en\/wp-json\/wp\/v2\/media?parent=15"}],"curies":[{"name":"wp","href":"https:\/\/api.w.org\/{rel}","templated":true}]}}