{"id":14787,"date":"2022-08-19T07:17:33","date_gmt":"2022-08-19T05:17:33","guid":{"rendered":"https:\/\/mokos.hu\/?page_id=14787\/"},"modified":"2025-03-29T12:02:48","modified_gmt":"2025-03-29T10:02:48","slug":"marton-day","status":"publish","type":"page","link":"https:\/\/mokos.hu\/en\/marton-nap\/","title":{"rendered":"Martin's Day"},"content":{"rendered":"<div class=\"wpb-content-wrapper\"><div class=\"vc_row wpb_row vc_row-fluid\"><div class=\"wpb_column vc_column_container vc_col-sm-12\"><div class=\"vc_column-inner\"><div class=\"wpb_wrapper\">\n\t<div class=\"wpb_text_column wpb_content_element\" >\n\t\t<div class=\"wpb_wrapper\">\n\t\t\t<p><strong><img fetchpriority=\"high\" decoding=\"async\" class=\"aligncenter wp-image-6941 size-full\" src=\"https:\/\/mokos.hu\/wp-content\/uploads\/2019\/02\/COV_Marton_nap_FB_ALTALANOS-e1743242142698.jpg\" alt=\"\" width=\"1200\" height=\"424\" srcset=\"https:\/\/mokos.hu\/wp-content\/uploads\/2019\/02\/COV_Marton_nap_FB_ALTALANOS-e1743242142698.jpg 1200w, https:\/\/mokos.hu\/wp-content\/uploads\/2019\/02\/COV_Marton_nap_FB_ALTALANOS-e1743242142698-1000x353.jpg 1000w, https:\/\/mokos.hu\/wp-content\/uploads\/2019\/02\/COV_Marton_nap_FB_ALTALANOS-e1743242142698-300x106.jpg 300w, https:\/\/mokos.hu\/wp-content\/uploads\/2019\/02\/COV_Marton_nap_FB_ALTALANOS-e1743242142698-1024x362.jpg 1024w, https:\/\/mokos.hu\/wp-content\/uploads\/2019\/02\/COV_Marton_nap_FB_ALTALANOS-e1743242142698-18x6.jpg 18w\" sizes=\"(max-width: 1200px) 100vw, 1200px\" \/><\/strong><\/p>\n<p>&nbsp;<\/p>\n<p><strong>Martin's Day is the last day before the 40-day Advent fast, when good and rich food and merriment are allowed.<\/strong> St Martin's Day marked the end of the peasant year, when the annual farm work was finished and the winter rest period began. The belief was that if you didn't eat goose on Martin's Day, you would starve all year round. And after the goose dinner, it was customary to toast with a \"Martin's glass\", i.e. the new wine that had just been matured.<\/p>\n<p><strong>The Martin's Day New Wine Celebration is a long-standing tradition at Mokos Winery, and here too, the new wines and goose flavours are the main attraction!<\/strong>\u00a0In our winery, we offer a unique gastronomic experience with a St. Martin's Day goose dinner and a ball party for guests who want to have fun.<\/p>\n<h4><strong><em><a href=\"https:\/\/mokos.hu\/en\/marton-goose-days-in-the-mokos-cellar\/\">Go to details! \"<\/a><\/em><\/strong><\/h4>\n<p>&nbsp;<\/p>\n<p>&nbsp;<\/p>\n<h4><\/h4>\n<p>&nbsp;<\/p>\n<h4><\/h4>\n\n\t\t<\/div>\n\t<\/div>\n<div class=\"vc_empty_space\"   style=\"height: 32px\"><span class=\"vc_empty_space_inner\"><\/span><\/div><div class=\"vc_row wpb_row vc_inner vc_row-fluid\"><div class=\"wpb_column vc_column_container vc_col-sm-2\"><div class=\"vc_column-inner\"><div class=\"wpb_wrapper\"><\/div><\/div><\/div><div class=\"wpb_column vc_column_container vc_col-sm-8\"><div class=\"vc_column-inner\"><div class=\"wpb_wrapper\">\n\t<div class=\"wpb_video_widget wpb_content_element vc_clearfix   vc_video-aspect-ratio-169 vc_video-el-width-100 vc_video-align-left\" >\n\t\t<div class=\"wpb_wrapper\">\n\t\t\t\n\t\t\t<div class=\"wpb_video_wrapper\"><iframe title=\"Martin&#039;s Day at Mokos Winery - Vill\u00e1ny wine region, Palkonya\" width=\"500\" height=\"281\" src=\"https:\/\/www.youtube.com\/embed\/ObWtIvFiCKo?feature=oembed\" frameborder=\"0\" allow=\"accelerometer; autoplay; clipboard-write; encrypted-media; gyroscope; picture-in-picture; web-share\" referrerpolicy=\"strict-origin-when-cross-origin\" allowfullscreen><\/iframe><\/div>\n\t\t<\/div>\n\t<\/div>\n<\/div><\/div><\/div><div class=\"wpb_column vc_column_container vc_col-sm-2\"><div class=\"vc_column-inner\"><div class=\"wpb_wrapper\"><\/div><\/div><\/div><\/div><div class=\"vc_empty_space\"   style=\"height: 32px\"><span class=\"vc_empty_space_inner\"><\/span><\/div>\n\t<div class=\"wpb_text_column wpb_content_element\" >\n\t\t<div class=\"wpb_wrapper\">\n\t\t\t<h4><strong>FOR MORE INFORMATION, PLEASE CONTACT US AT THE FOLLOWING CONTACT DETAILS:<\/strong><\/h4>\n<p><strong>Vikt\u00f3ria Mokos<em><br \/>\n<\/em><\/strong>Phone: +36 70\/ 425-0334<\/p>\n<p><strong>Dalma Menr\u00e1th<em><br \/>\n<\/em><\/strong>Phone: +36 70\/ 509-8779<\/p>\n<p>E-mail:\u00a0\u00a0<a href=\"mailto:szervezes@mokos.hu\">szervezes@mokos.hu<br \/>\n<\/a>7771 Palkonya, Hegyalja u. 1.<\/p>\n\n\t\t<\/div>\n\t<\/div>\n<\/div><\/div><\/div><\/div><div class=\"vc_row wpb_row vc_row-fluid\"><div class=\"wpb_column vc_column_container vc_col-sm-12\"><div class=\"vc_column-inner\"><div class=\"wpb_wrapper\"><\/div><\/div><\/div><\/div>\n<\/div>","protected":false},"excerpt":{"rendered":"&nbsp; M\u00e1rton nap a 40 napos adventi b\u00f6jt\u00f6t megel\u0151z\u0151 utols\u00f3 nap, amikor a j\u00f3\u00edz\u0171 \u00e9s gazdag falatoz\u00e1s, vigass\u00e1g megengedett. Szent M\u00e1rton napja jelentette a paraszti \u00e9v v\u00e9g\u00e9t, ilyenkor v\u00e9geztek az&hellip;","protected":false},"author":412,"featured_media":0,"parent":0,"menu_order":0,"comment_status":"closed","ping_status":"closed","template":"","meta":{"_acf_changed":false,"footnotes":""},"class_list":["post-14787","page","type-page","status-publish","hentry"],"acf":[],"yoast_head":"<!-- This site is optimized with the Yoast SEO plugin v27.5 - https:\/\/yoast.com\/product\/yoast-seo-wordpress\/ -->\n<title>M\u00e1rton Nap - Libalakoma a MOKOS Mokos Pinc\u00e9szetben<\/title>\n<meta name=\"description\" content=\"A M\u00e1rton-napi \u00fajbor\u00fcnnep t\u00f6bb \u00e9ves trad\u00edci\u00f3 a Mokos\u00a0Pinc\u00e9szetben, ekkor n\u00e1lunk is\u00a0 vill\u00e1nyi \u00fajborok \u00e9s a libalakoma kapja a f\u0151szerepet!\" \/>\n<meta name=\"robots\" content=\"index, follow, max-snippet:-1, max-image-preview:large, max-video-preview:-1\" \/>\n<link rel=\"canonical\" href=\"https:\/\/mokos.hu\/en\/marton-day\/\" \/>\n<meta property=\"og:locale\" content=\"en_US\" \/>\n<meta property=\"og:type\" content=\"article\" \/>\n<meta property=\"og:title\" content=\"M\u00e1rton Nap - Libalakoma a MOKOS Mokos Pinc\u00e9szetben\" \/>\n<meta property=\"og:description\" content=\"A M\u00e1rton-napi \u00fajbor\u00fcnnep t\u00f6bb \u00e9ves trad\u00edci\u00f3 a Mokos\u00a0Pinc\u00e9szetben, ekkor n\u00e1lunk is\u00a0 vill\u00e1nyi \u00fajborok \u00e9s a libalakoma kapja a f\u0151szerepet!\" \/>\n<meta property=\"og:url\" content=\"https:\/\/mokos.hu\/en\/marton-day\/\" \/>\n<meta property=\"og:site_name\" content=\"MOKOS\" \/>\n<meta property=\"article:modified_time\" content=\"2025-03-29T10:02:48+00:00\" \/>\n<meta property=\"og:image\" content=\"https:\/\/mokos.hu\/wp-content\/uploads\/2019\/02\/COV_Marton_nap_FB_ALTALANOS-e1743242142698.jpg\" \/>\n\t<meta property=\"og:image:width\" content=\"1200\" \/>\n\t<meta property=\"og:image:height\" content=\"424\" \/>\n\t<meta property=\"og:image:type\" content=\"image\/jpeg\" \/>\n<meta name=\"twitter:card\" content=\"summary_large_image\" \/>\n<meta name=\"twitter:label1\" content=\"Est. reading time\" \/>\n\t<meta name=\"twitter:data1\" content=\"1 minute\" \/>\n<script type=\"application\/ld+json\" class=\"yoast-schema-graph\">{\"@context\":\"https:\\\/\\\/schema.org\",\"@graph\":[{\"@type\":\"WebPage\",\"@id\":\"https:\\\/\\\/mokos.hu\\\/marton-nap\\\/\",\"url\":\"https:\\\/\\\/mokos.hu\\\/marton-nap\\\/\",\"name\":\"M\u00e1rton Nap - Libalakoma a MOKOS Mokos Pinc\u00e9szetben\",\"isPartOf\":{\"@id\":\"https:\\\/\\\/mokos.hu\\\/#website\"},\"primaryImageOfPage\":{\"@id\":\"https:\\\/\\\/mokos.hu\\\/marton-nap\\\/#primaryimage\"},\"image\":{\"@id\":\"https:\\\/\\\/mokos.hu\\\/marton-nap\\\/#primaryimage\"},\"thumbnailUrl\":\"https:\\\/\\\/mokos.hu\\\/wp-content\\\/uploads\\\/2019\\\/02\\\/COV_Marton_nap_FB_ALTALANOS-e1743242142698.jpg\",\"datePublished\":\"2022-08-19T05:17:33+00:00\",\"dateModified\":\"2025-03-29T10:02:48+00:00\",\"description\":\"A M\u00e1rton-napi \u00fajbor\u00fcnnep t\u00f6bb \u00e9ves trad\u00edci\u00f3 a Mokos\u00a0Pinc\u00e9szetben, ekkor n\u00e1lunk is\u00a0 vill\u00e1nyi \u00fajborok \u00e9s a libalakoma kapja a f\u0151szerepet!\",\"breadcrumb\":{\"@id\":\"https:\\\/\\\/mokos.hu\\\/marton-nap\\\/#breadcrumb\"},\"inLanguage\":\"en-US\",\"potentialAction\":[{\"@type\":\"ReadAction\",\"target\":[\"https:\\\/\\\/mokos.hu\\\/marton-nap\\\/\"]}]},{\"@type\":\"ImageObject\",\"inLanguage\":\"en-US\",\"@id\":\"https:\\\/\\\/mokos.hu\\\/marton-nap\\\/#primaryimage\",\"url\":\"https:\\\/\\\/mokos.hu\\\/wp-content\\\/uploads\\\/2019\\\/02\\\/COV_Marton_nap_FB_ALTALANOS-e1743242142698.jpg\",\"contentUrl\":\"https:\\\/\\\/mokos.hu\\\/wp-content\\\/uploads\\\/2019\\\/02\\\/COV_Marton_nap_FB_ALTALANOS-e1743242142698.jpg\"},{\"@type\":\"BreadcrumbList\",\"@id\":\"https:\\\/\\\/mokos.hu\\\/marton-nap\\\/#breadcrumb\",\"itemListElement\":[{\"@type\":\"ListItem\",\"position\":1,\"name\":\"Home\",\"item\":\"https:\\\/\\\/mokos.hu\\\/\"},{\"@type\":\"ListItem\",\"position\":2,\"name\":\"M\u00e1rton Nap\"}]},{\"@type\":\"WebSite\",\"@id\":\"https:\\\/\\\/mokos.hu\\\/#website\",\"url\":\"https:\\\/\\\/mokos.hu\\\/\",\"name\":\"MOKOS\",\"description\":\"Csal\u00e1di Pinc\u00e9szet, Palkonya\",\"publisher\":{\"@id\":\"https:\\\/\\\/mokos.hu\\\/#organization\"},\"potentialAction\":[{\"@type\":\"SearchAction\",\"target\":{\"@type\":\"EntryPoint\",\"urlTemplate\":\"https:\\\/\\\/mokos.hu\\\/?s={search_term_string}\"},\"query-input\":{\"@type\":\"PropertyValueSpecification\",\"valueRequired\":true,\"valueName\":\"search_term_string\"}}],\"inLanguage\":\"en-US\"},{\"@type\":\"Organization\",\"@id\":\"https:\\\/\\\/mokos.hu\\\/#organization\",\"name\":\"MOKOS\",\"url\":\"https:\\\/\\\/mokos.hu\\\/\",\"logo\":{\"@type\":\"ImageObject\",\"inLanguage\":\"en-US\",\"@id\":\"https:\\\/\\\/mokos.hu\\\/#\\\/schema\\\/logo\\\/image\\\/\",\"url\":\"https:\\\/\\\/mokos.hu\\\/wp-content\\\/uploads\\\/2018\\\/11\\\/cropped-Mokos_Villanyi-Borvidek-Palkonya-1.png\",\"contentUrl\":\"https:\\\/\\\/mokos.hu\\\/wp-content\\\/uploads\\\/2018\\\/11\\\/cropped-Mokos_Villanyi-Borvidek-Palkonya-1.png\",\"width\":1000,\"height\":245,\"caption\":\"MOKOS\"},\"image\":{\"@id\":\"https:\\\/\\\/mokos.hu\\\/#\\\/schema\\\/logo\\\/image\\\/\"}}]}<\/script>\n<!-- \/ Yoast SEO plugin. -->","yoast_head_json":{"title":"Martin's Day - Goose Day at MOKOS Mokos Winery","description":"The Martin's Day New Wine Celebration is a long-standing tradition at Mokos Winery, and here too we have Vill\u00e1ny new wines and goose flavours!","robots":{"index":"index","follow":"follow","max-snippet":"max-snippet:-1","max-image-preview":"max-image-preview:large","max-video-preview":"max-video-preview:-1"},"canonical":"https:\/\/mokos.hu\/en\/marton-day\/","og_locale":"en_US","og_type":"article","og_title":"M\u00e1rton Nap - Libalakoma a MOKOS Mokos Pinc\u00e9szetben","og_description":"A M\u00e1rton-napi \u00fajbor\u00fcnnep t\u00f6bb \u00e9ves trad\u00edci\u00f3 a Mokos\u00a0Pinc\u00e9szetben, ekkor n\u00e1lunk is\u00a0 vill\u00e1nyi \u00fajborok \u00e9s a libalakoma kapja a f\u0151szerepet!","og_url":"https:\/\/mokos.hu\/en\/marton-day\/","og_site_name":"MOKOS","article_modified_time":"2025-03-29T10:02:48+00:00","og_image":[{"width":1200,"height":424,"url":"https:\/\/mokos.hu\/wp-content\/uploads\/2019\/02\/COV_Marton_nap_FB_ALTALANOS-e1743242142698.jpg","type":"image\/jpeg"}],"twitter_card":"summary_large_image","twitter_misc":{"Est. reading time":"1 minute"},"schema":{"@context":"https:\/\/schema.org","@graph":[{"@type":"WebPage","@id":"https:\/\/mokos.hu\/marton-nap\/","url":"https:\/\/mokos.hu\/marton-nap\/","name":"Martin's Day - Goose Day at MOKOS Mokos Winery","isPartOf":{"@id":"https:\/\/mokos.hu\/#website"},"primaryImageOfPage":{"@id":"https:\/\/mokos.hu\/marton-nap\/#primaryimage"},"image":{"@id":"https:\/\/mokos.hu\/marton-nap\/#primaryimage"},"thumbnailUrl":"https:\/\/mokos.hu\/wp-content\/uploads\/2019\/02\/COV_Marton_nap_FB_ALTALANOS-e1743242142698.jpg","datePublished":"2022-08-19T05:17:33+00:00","dateModified":"2025-03-29T10:02:48+00:00","description":"The Martin's Day New Wine Celebration is a long-standing tradition at Mokos Winery, and here too we have Vill\u00e1ny new wines and goose flavours!","breadcrumb":{"@id":"https:\/\/mokos.hu\/marton-nap\/#breadcrumb"},"inLanguage":"en-US","potentialAction":[{"@type":"ReadAction","target":["https:\/\/mokos.hu\/marton-nap\/"]}]},{"@type":"ImageObject","inLanguage":"en-US","@id":"https:\/\/mokos.hu\/marton-nap\/#primaryimage","url":"https:\/\/mokos.hu\/wp-content\/uploads\/2019\/02\/COV_Marton_nap_FB_ALTALANOS-e1743242142698.jpg","contentUrl":"https:\/\/mokos.hu\/wp-content\/uploads\/2019\/02\/COV_Marton_nap_FB_ALTALANOS-e1743242142698.jpg"},{"@type":"BreadcrumbList","@id":"https:\/\/mokos.hu\/marton-nap\/#breadcrumb","itemListElement":[{"@type":"ListItem","position":1,"name":"Home","item":"https:\/\/mokos.hu\/"},{"@type":"ListItem","position":2,"name":"M\u00e1rton Nap"}]},{"@type":"WebSite","@id":"https:\/\/mokos.hu\/#website","url":"https:\/\/mokos.hu\/","name":"MOKOS","description":"Family Winery, Palkonya","publisher":{"@id":"https:\/\/mokos.hu\/#organization"},"potentialAction":[{"@type":"SearchAction","target":{"@type":"EntryPoint","urlTemplate":"https:\/\/mokos.hu\/?s={search_term_string}"},"query-input":{"@type":"PropertyValueSpecification","valueRequired":true,"valueName":"search_term_string"}}],"inLanguage":"en-US"},{"@type":"Organization","@id":"https:\/\/mokos.hu\/#organization","name":"MOKOS","url":"https:\/\/mokos.hu\/","logo":{"@type":"ImageObject","inLanguage":"en-US","@id":"https:\/\/mokos.hu\/#\/schema\/logo\/image\/","url":"https:\/\/mokos.hu\/wp-content\/uploads\/2018\/11\/cropped-Mokos_Villanyi-Borvidek-Palkonya-1.png","contentUrl":"https:\/\/mokos.hu\/wp-content\/uploads\/2018\/11\/cropped-Mokos_Villanyi-Borvidek-Palkonya-1.png","width":1000,"height":245,"caption":"MOKOS"},"image":{"@id":"https:\/\/mokos.hu\/#\/schema\/logo\/image\/"}}]}},"_links":{"self":[{"href":"https:\/\/mokos.hu\/en\/wp-json\/wp\/v2\/pages\/14787","targetHints":{"allow":["GET"]}}],"collection":[{"href":"https:\/\/mokos.hu\/en\/wp-json\/wp\/v2\/pages"}],"about":[{"href":"https:\/\/mokos.hu\/en\/wp-json\/wp\/v2\/types\/page"}],"author":[{"embeddable":true,"href":"https:\/\/mokos.hu\/en\/wp-json\/wp\/v2\/users\/412"}],"replies":[{"embeddable":true,"href":"https:\/\/mokos.hu\/en\/wp-json\/wp\/v2\/comments?post=14787"}],"version-history":[{"count":0,"href":"https:\/\/mokos.hu\/en\/wp-json\/wp\/v2\/pages\/14787\/revisions"}],"wp:attachment":[{"href":"https:\/\/mokos.hu\/en\/wp-json\/wp\/v2\/media?parent=14787"}],"curies":[{"name":"wp","href":"https:\/\/api.w.org\/{rel}","templated":true}]}}