{"id":8854,"date":"2020-01-10T17:48:21","date_gmt":"2020-01-10T16:48:21","guid":{"rendered":"https:\/\/mokos.hu\/?post_type=product&#038;p=8854"},"modified":"2020-02-17T09:13:10","modified_gmt":"2020-02-17T08:13:10","slug":"valentin-napi-borcsomag-2020-gyumolcsbor-valogatas","status":"publish","type":"product","link":"https:\/\/mokos.hu\/de\/termek\/valentin-napi-borcsomag-2020-gyumolcsbor-valogatas\/","title":{"rendered":"Valentin Napi Borcsomag &#8211; Gy\u00fcm\u00f6lcsbor V\u00e1logat\u00e1s"},"content":{"rendered":"","protected":false},"excerpt":{"rendered":"<h4>\u00c9des \u00e9lm\u00e9nyek a romantika jegy\u00e9ben<\/h4>\n<p>Var\u00e1zsolja m\u00e9g \u00e9desebb\u00e9 az \u00e9v legromantikusabb napj\u00e1t! Lepje meg szerelm\u00e9t, szeretteit Valentin napi gy\u00fcm\u00f6lcsbor v\u00e1logat\u00e1sunkkal, melyben a rabul ejt\u0151 <strong>Cajibor<\/strong>, az \u00ednycsikland\u00f3 <strong>Pirosribizlibor<\/strong>, a m\u00e1mor\u00edt\u00f3 <strong>Eper \u00e9s \u0150szibarack Cuv\u00e9e<\/strong> \u00e9s a fens\u00e9ges <strong>Schwarzer Johannisbeerlik\u00f6r<\/strong> val\u00f3di \u00edz\u00e9lm\u00e9nye rep\u00edti a fellegekbe k\u00f3stol\u00f3it. R\u00e1ad\u00e1sul a n\u00e9gy palack gy\u00fcm\u00f6lcsbor mell\u00e9 most egy palack <strong>EXTRA MOKOS BOR<\/strong>T csomagolunk, melyet \u00d6n v\u00e1laszthat ki!<\/p>\n<p><strong>A Valentin Napi Borcsomag tartalma:<\/strong><\/p>\n<ul>\n<li>1 palack Kajszibor<\/li>\n<li>1 palack Pirosribizlibor<\/li>\n<li>1 palack Eper \u00e9s \u0150szibarack Cuv\u00e9e<\/li>\n<li>1 palack Feketeribizlibor<\/li>\n<li><strong>+ AJ\u00c1ND\u00c9K 1 palack EXTRA MOKOS BOR*<\/strong><\/li>\n<\/ul>\n<p>&nbsp;<\/p>\n<p>* Az aj\u00e1nd\u00e9k egy palack EXTRA MOKOS BORt az al\u00e1bbi term\u00e9keink k\u00f6z\u00fcl v\u00e1laszthatja ki: <em>&#8222;I&#8221; Cuv\u00e9e 2018<\/em>\u00a0 \u00a0oder\u00a0 <em>Mokos REDy 2018<\/em>\u00a0 oder\u00a0 <em>Silvab<\/em>. A kiv\u00e1lasztott extra bor nev\u00e9t rendel\u00e9s lead\u00e1skor t\u00fcntesse fel a &#8222;Megjegyz\u00e9s&#8221; rovatba!<\/p>","protected":false},"featured_media":8855,"template":"","meta":{"_acf_changed":false},"product_brand":[],"product_cat":[72],"product_tag":[125,120,118,119,116,124,117,123,122,121],"class_list":{"0":"post-8854","1":"product","2":"type-product","3":"status-publish","4":"has-post-thumbnail","6":"product_cat-borcsomagok","7":"product_tag-mokoselmeny","8":"product_tag-akcios-termek","9":"product_tag-borcsomag","10":"product_tag-borvalogatas","11":"product_tag-gyumolcsbor","12":"product_tag-izelmeny","13":"product_tag-mokos-gyumolcsbor","14":"product_tag-mokos-pinceszet","15":"product_tag-palkonya","16":"product_tag-valentin-nap","18":"first","19":"outofstock","20":"sale","21":"featured","22":"taxable","23":"shipping-taxable","24":"purchasable","25":"product-type-simple"},"acf":[],"yoast_head":"<!-- This site is optimized with the Yoast SEO plugin v27.1.1 - https:\/\/yoast.com\/product\/yoast-seo-wordpress\/ -->\n<title>Valentin Napi Borcsomag - Gy\u00fcm\u00f6lcsbor V\u00e1logat\u00e1s - MOKOS<\/title>\n<meta name=\"description\" content=\"\u00c9des \u00e9lm\u00e9nyek a romantika jegy\u00e9ben! Var\u00e1zsolja m\u00e9g \u00e9desebb\u00e9 az \u00e9v legromantikusabb napj\u00e1t Valentin napi Mokos Gy\u00fcm\u00f6lcsbor borcsomag \u00f6ssze\u00e1ll\u00edt\u00e1sunkkal!\" \/>\n<meta name=\"robots\" content=\"index, follow, max-snippet:-1, max-image-preview:large, max-video-preview:-1\" \/>\n<link rel=\"canonical\" href=\"https:\/\/mokos.hu\/de\/produkt\/valentin-napi-borcsomag-2020-gyumolcsbor-valogatas\/\" \/>\n<meta property=\"og:locale\" content=\"de_DE\" \/>\n<meta property=\"og:type\" content=\"article\" \/>\n<meta property=\"og:title\" content=\"Valentin Napi Borcsomag - Gy\u00fcm\u00f6lcsbor V\u00e1logat\u00e1s - MOKOS\" \/>\n<meta property=\"og:description\" content=\"\u00c9des \u00e9lm\u00e9nyek a romantika jegy\u00e9ben! Var\u00e1zsolja m\u00e9g \u00e9desebb\u00e9 az \u00e9v legromantikusabb napj\u00e1t Valentin napi Mokos Gy\u00fcm\u00f6lcsbor borcsomag \u00f6ssze\u00e1ll\u00edt\u00e1sunkkal!\" \/>\n<meta property=\"og:url\" content=\"https:\/\/mokos.hu\/de\/produkt\/valentin-napi-borcsomag-2020-gyumolcsbor-valogatas\/\" \/>\n<meta property=\"og:site_name\" content=\"MOKOS\" \/>\n<meta property=\"article:modified_time\" content=\"2020-02-17T08:13:10+00:00\" \/>\n<meta property=\"og:image\" content=\"https:\/\/mokos.hu\/wp-content\/uploads\/2020\/01\/Mokos_ValentinnapiBorcsomag_web-e1600686592670.jpg\" \/>\n\t<meta property=\"og:image:width\" content=\"500\" \/>\n\t<meta property=\"og:image:height\" content=\"500\" \/>\n\t<meta property=\"og:image:type\" content=\"image\/jpeg\" \/>\n<meta name=\"twitter:card\" content=\"summary_large_image\" \/>\n<script type=\"application\/ld+json\" class=\"yoast-schema-graph\">{\"@context\":\"https:\/\/schema.org\",\"@graph\":[{\"@type\":\"WebPage\",\"@id\":\"https:\/\/mokos.hu\/termek\/valentin-napi-borcsomag-2020-gyumolcsbor-valogatas\/\",\"url\":\"https:\/\/mokos.hu\/termek\/valentin-napi-borcsomag-2020-gyumolcsbor-valogatas\/\",\"name\":\"Valentin Napi Borcsomag - Gy\u00fcm\u00f6lcsbor V\u00e1logat\u00e1s - MOKOS\",\"isPartOf\":{\"@id\":\"https:\/\/mokos.hu\/#website\"},\"primaryImageOfPage\":{\"@id\":\"https:\/\/mokos.hu\/termek\/valentin-napi-borcsomag-2020-gyumolcsbor-valogatas\/#primaryimage\"},\"image\":{\"@id\":\"https:\/\/mokos.hu\/termek\/valentin-napi-borcsomag-2020-gyumolcsbor-valogatas\/#primaryimage\"},\"thumbnailUrl\":\"https:\/\/mokos.hu\/wp-content\/uploads\/2020\/01\/Mokos_ValentinnapiBorcsomag_web-e1600686592670.jpg\",\"datePublished\":\"2020-01-10T16:48:21+00:00\",\"dateModified\":\"2020-02-17T08:13:10+00:00\",\"description\":\"\u00c9des \u00e9lm\u00e9nyek a romantika jegy\u00e9ben! Var\u00e1zsolja m\u00e9g \u00e9desebb\u00e9 az \u00e9v legromantikusabb napj\u00e1t Valentin napi Mokos Gy\u00fcm\u00f6lcsbor borcsomag \u00f6ssze\u00e1ll\u00edt\u00e1sunkkal!\",\"breadcrumb\":{\"@id\":\"https:\/\/mokos.hu\/termek\/valentin-napi-borcsomag-2020-gyumolcsbor-valogatas\/#breadcrumb\"},\"inLanguage\":\"de\",\"potentialAction\":[{\"@type\":\"ReadAction\",\"target\":[\"https:\/\/mokos.hu\/termek\/valentin-napi-borcsomag-2020-gyumolcsbor-valogatas\/\"]}]},{\"@type\":\"ImageObject\",\"inLanguage\":\"de\",\"@id\":\"https:\/\/mokos.hu\/termek\/valentin-napi-borcsomag-2020-gyumolcsbor-valogatas\/#primaryimage\",\"url\":\"https:\/\/mokos.hu\/wp-content\/uploads\/2020\/01\/Mokos_ValentinnapiBorcsomag_web-e1600686592670.jpg\",\"contentUrl\":\"https:\/\/mokos.hu\/wp-content\/uploads\/2020\/01\/Mokos_ValentinnapiBorcsomag_web-e1600686592670.jpg\",\"width\":500,\"height\":500},{\"@type\":\"BreadcrumbList\",\"@id\":\"https:\/\/mokos.hu\/termek\/valentin-napi-borcsomag-2020-gyumolcsbor-valogatas\/#breadcrumb\",\"itemListElement\":[{\"@type\":\"ListItem\",\"position\":1,\"name\":\"Home\",\"item\":\"https:\/\/mokos.hu\/\"},{\"@type\":\"ListItem\",\"position\":2,\"name\":\"Term\u00e9kek\",\"item\":\"https:\/\/mokos.hu\/shop\/\"},{\"@type\":\"ListItem\",\"position\":3,\"name\":\"Valentin Napi Borcsomag &#8211; Gy\u00fcm\u00f6lcsbor V\u00e1logat\u00e1s\"}]},{\"@type\":\"WebSite\",\"@id\":\"https:\/\/mokos.hu\/#website\",\"url\":\"https:\/\/mokos.hu\/\",\"name\":\"MOKOS\",\"description\":\"Csal\u00e1di Pinc\u00e9szet, Palkonya\",\"publisher\":{\"@id\":\"https:\/\/mokos.hu\/#organization\"},\"potentialAction\":[{\"@type\":\"SearchAction\",\"target\":{\"@type\":\"EntryPoint\",\"urlTemplate\":\"https:\/\/mokos.hu\/?s={search_term_string}\"},\"query-input\":{\"@type\":\"PropertyValueSpecification\",\"valueRequired\":true,\"valueName\":\"search_term_string\"}}],\"inLanguage\":\"de\"},{\"@type\":\"Organization\",\"@id\":\"https:\/\/mokos.hu\/#organization\",\"name\":\"MOKOS\",\"url\":\"https:\/\/mokos.hu\/\",\"logo\":{\"@type\":\"ImageObject\",\"inLanguage\":\"de\",\"@id\":\"https:\/\/mokos.hu\/#\/schema\/logo\/image\/\",\"url\":\"https:\/\/mokos.hu\/wp-content\/uploads\/2018\/11\/cropped-Mokos_Villanyi-Borvidek-Palkonya-1.png\",\"contentUrl\":\"https:\/\/mokos.hu\/wp-content\/uploads\/2018\/11\/cropped-Mokos_Villanyi-Borvidek-Palkonya-1.png\",\"width\":1000,\"height\":245,\"caption\":\"MOKOS\"},\"image\":{\"@id\":\"https:\/\/mokos.hu\/#\/schema\/logo\/image\/\"}}]}<\/script>\n<!-- \/ Yoast SEO plugin. -->","yoast_head_json":{"title":"Valentin Napi Borcsomag - Gy\u00fcm\u00f6lcsbor V\u00e1logat\u00e1s - MOKOS","description":"\u00c9des \u00e9lm\u00e9nyek a romantika jegy\u00e9ben! Var\u00e1zsolja m\u00e9g \u00e9desebb\u00e9 az \u00e9v legromantikusabb napj\u00e1t Valentin napi Mokos Gy\u00fcm\u00f6lcsbor borcsomag \u00f6ssze\u00e1ll\u00edt\u00e1sunkkal!","robots":{"index":"index","follow":"follow","max-snippet":"max-snippet:-1","max-image-preview":"max-image-preview:large","max-video-preview":"max-video-preview:-1"},"canonical":"https:\/\/mokos.hu\/de\/produkt\/valentin-napi-borcsomag-2020-gyumolcsbor-valogatas\/","og_locale":"de_DE","og_type":"article","og_title":"Valentin Napi Borcsomag - Gy\u00fcm\u00f6lcsbor V\u00e1logat\u00e1s - MOKOS","og_description":"\u00c9des \u00e9lm\u00e9nyek a romantika jegy\u00e9ben! Var\u00e1zsolja m\u00e9g \u00e9desebb\u00e9 az \u00e9v legromantikusabb napj\u00e1t Valentin napi Mokos Gy\u00fcm\u00f6lcsbor borcsomag \u00f6ssze\u00e1ll\u00edt\u00e1sunkkal!","og_url":"https:\/\/mokos.hu\/de\/produkt\/valentin-napi-borcsomag-2020-gyumolcsbor-valogatas\/","og_site_name":"MOKOS","article_modified_time":"2020-02-17T08:13:10+00:00","og_image":[{"width":500,"height":500,"url":"https:\/\/mokos.hu\/wp-content\/uploads\/2020\/01\/Mokos_ValentinnapiBorcsomag_web-e1600686592670.jpg","type":"image\/jpeg"}],"twitter_card":"summary_large_image","schema":{"@context":"https:\/\/schema.org","@graph":[{"@type":"WebPage","@id":"https:\/\/mokos.hu\/termek\/valentin-napi-borcsomag-2020-gyumolcsbor-valogatas\/","url":"https:\/\/mokos.hu\/termek\/valentin-napi-borcsomag-2020-gyumolcsbor-valogatas\/","name":"Valentin Napi Borcsomag - Gy\u00fcm\u00f6lcsbor V\u00e1logat\u00e1s - MOKOS","isPartOf":{"@id":"https:\/\/mokos.hu\/#website"},"primaryImageOfPage":{"@id":"https:\/\/mokos.hu\/termek\/valentin-napi-borcsomag-2020-gyumolcsbor-valogatas\/#primaryimage"},"image":{"@id":"https:\/\/mokos.hu\/termek\/valentin-napi-borcsomag-2020-gyumolcsbor-valogatas\/#primaryimage"},"thumbnailUrl":"https:\/\/mokos.hu\/wp-content\/uploads\/2020\/01\/Mokos_ValentinnapiBorcsomag_web-e1600686592670.jpg","datePublished":"2020-01-10T16:48:21+00:00","dateModified":"2020-02-17T08:13:10+00:00","description":"\u00c9des \u00e9lm\u00e9nyek a romantika jegy\u00e9ben! Var\u00e1zsolja m\u00e9g \u00e9desebb\u00e9 az \u00e9v legromantikusabb napj\u00e1t Valentin napi Mokos Gy\u00fcm\u00f6lcsbor borcsomag \u00f6ssze\u00e1ll\u00edt\u00e1sunkkal!","breadcrumb":{"@id":"https:\/\/mokos.hu\/termek\/valentin-napi-borcsomag-2020-gyumolcsbor-valogatas\/#breadcrumb"},"inLanguage":"de","potentialAction":[{"@type":"ReadAction","target":["https:\/\/mokos.hu\/termek\/valentin-napi-borcsomag-2020-gyumolcsbor-valogatas\/"]}]},{"@type":"ImageObject","inLanguage":"de","@id":"https:\/\/mokos.hu\/termek\/valentin-napi-borcsomag-2020-gyumolcsbor-valogatas\/#primaryimage","url":"https:\/\/mokos.hu\/wp-content\/uploads\/2020\/01\/Mokos_ValentinnapiBorcsomag_web-e1600686592670.jpg","contentUrl":"https:\/\/mokos.hu\/wp-content\/uploads\/2020\/01\/Mokos_ValentinnapiBorcsomag_web-e1600686592670.jpg","width":500,"height":500},{"@type":"BreadcrumbList","@id":"https:\/\/mokos.hu\/termek\/valentin-napi-borcsomag-2020-gyumolcsbor-valogatas\/#breadcrumb","itemListElement":[{"@type":"ListItem","position":1,"name":"Home","item":"https:\/\/mokos.hu\/"},{"@type":"ListItem","position":2,"name":"Term\u00e9kek","item":"https:\/\/mokos.hu\/shop\/"},{"@type":"ListItem","position":3,"name":"Valentin Napi Borcsomag &#8211; Gy\u00fcm\u00f6lcsbor V\u00e1logat\u00e1s"}]},{"@type":"WebSite","@id":"https:\/\/mokos.hu\/#website","url":"https:\/\/mokos.hu\/","name":"MOKOS","description":"Familienweingut, Palkonya","publisher":{"@id":"https:\/\/mokos.hu\/#organization"},"potentialAction":[{"@type":"SearchAction","target":{"@type":"EntryPoint","urlTemplate":"https:\/\/mokos.hu\/?s={search_term_string}"},"query-input":{"@type":"PropertyValueSpecification","valueRequired":true,"valueName":"search_term_string"}}],"inLanguage":"de"},{"@type":"Organization","@id":"https:\/\/mokos.hu\/#organization","name":"MOKOS","url":"https:\/\/mokos.hu\/","logo":{"@type":"ImageObject","inLanguage":"de","@id":"https:\/\/mokos.hu\/#\/schema\/logo\/image\/","url":"https:\/\/mokos.hu\/wp-content\/uploads\/2018\/11\/cropped-Mokos_Villanyi-Borvidek-Palkonya-1.png","contentUrl":"https:\/\/mokos.hu\/wp-content\/uploads\/2018\/11\/cropped-Mokos_Villanyi-Borvidek-Palkonya-1.png","width":1000,"height":245,"caption":"MOKOS"},"image":{"@id":"https:\/\/mokos.hu\/#\/schema\/logo\/image\/"}}]}},"_links":{"self":[{"href":"https:\/\/mokos.hu\/de\/wp-json\/wp\/v2\/product\/8854","targetHints":{"allow":["GET"]}}],"collection":[{"href":"https:\/\/mokos.hu\/de\/wp-json\/wp\/v2\/product"}],"about":[{"href":"https:\/\/mokos.hu\/de\/wp-json\/wp\/v2\/types\/product"}],"wp:featuredmedia":[{"embeddable":true,"href":"https:\/\/mokos.hu\/de\/wp-json\/wp\/v2\/media\/8855"}],"wp:attachment":[{"href":"https:\/\/mokos.hu\/de\/wp-json\/wp\/v2\/media?parent=8854"}],"wp:term":[{"taxonomy":"product_brand","embeddable":true,"href":"https:\/\/mokos.hu\/de\/wp-json\/wp\/v2\/product_brand?post=8854"},{"taxonomy":"product_cat","embeddable":true,"href":"https:\/\/mokos.hu\/de\/wp-json\/wp\/v2\/product_cat?post=8854"},{"taxonomy":"product_tag","embeddable":true,"href":"https:\/\/mokos.hu\/de\/wp-json\/wp\/v2\/product_tag?post=8854"}],"curies":[{"name":"wp","href":"https:\/\/api.w.org\/{rel}","templated":true}]}}