{"id":8247,"date":"2019-11-29T16:37:26","date_gmt":"2019-11-29T14:37:26","guid":{"rendered":"https:\/\/mokos.hu\/?post_type=product&#038;p=8247"},"modified":"2025-07-11T09:25:21","modified_gmt":"2025-07-11T07:25:21","slug":"quittenkleie-apfelwein-apfelwein","status":"publish","type":"product","link":"https:\/\/mokos.hu\/de\/termek\/birs-korte-almabor-gyumolcsbor\/","title":{"rendered":"Cuv\u00e9e aus Quitte, Birne und Apfel"},"content":{"rendered":"<h5>MOKKA-FRUCHTWEIN MIT DEM GESCHMACK DER NATUR<\/h5>\n<p>Neben den traditionellen Rotweinen aus Vill\u00e1ny\u00a0<strong>Obstweinspezialit\u00e4ten<\/strong>\u00a0ist auch an der Herstellung von Wein beteiligt. Unser Ziel ist es, den Verbrauchern diese in Ungarn noch wenig verbreitete Weinspezialit\u00e4t n\u00e4her zu bringen. Wir halten es f\u00fcr wichtig, dass unsere Obstweine\u00a0<strong>ausschlie\u00dflich aus frischem, saftigem, im Inland erzeugtem Obst hergestellt<\/strong>\u00a0ohne Zusatz von Wasser, Farbstoffen oder Aromastoffen.<\/p>\n<p><img fetchpriority=\"high\" decoding=\"async\" class=\"size-large wp-image-10273 aligncenter\" src=\"https:\/\/mokos.hu\/wp-content\/uploads\/2020\/08\/Mokos_Pinceszet_gyumolcsos_2000x645_2-1024x330.jpg\" alt=\"Mokos_Pinceszet_villanyiborvidek_palkonya_villanyiborok_villanyiborok_gyumolcswein_gyumolcsos_birs_birswein_birssalma_birssalma_birssalma_birssalma\" width=\"750\" height=\"242\" \/><\/p>\n<h5>DESSERTWEIN AUS SONNENGETROCKNETEN FR\u00dcCHTEN<\/h5>\n<p>Das Rohmaterial wird aus den besten Fr\u00fcchten unserer 45 Hektar gro\u00dfen Obstplantagen ausgew\u00e4hlt. Die Technologie ist der eines klassischen, aus Traubenfr\u00fcchten vergorenen Weins sehr \u00e4hnlich: Die reifen Fr\u00fcchte werden geerntet und sofort zum Verarbeiter transportiert. Die frisch gepfl\u00fcckten Fr\u00fcchte werden kurz nach der Ernte abgebeert und anschlie\u00dfend in einer sauerstofffreien Umgebung vergoren, um die frischen Aromen zu erhalten.<\/p>\n<p>Schmecken Sie den Geschmack der Natur in der Flasche mit Mokos Obstweinspezialit\u00e4ten<span style=\"color: #000000;\">: <a style=\"color: #000000;\" href=\"https:\/\/mokos.hu\/de\/produkt\/kirschwein-obstwein\/\">Meggybor<\/a>, <a style=\"color: #000000;\" href=\"https:\/\/mokos.hu\/de\/produkt\/erdbeerwein-aprikosenwein-pflaumenwein\/\">Eperbor<\/a>, <a style=\"color: #000000;\" href=\"https:\/\/mokos.hu\/de\/produkt\/schwarzer-johannisbeerwein-gummibaumwein\/\">Ribizlibor<\/a>, <a style=\"color: #000000;\" href=\"https:\/\/mokos.hu\/de\/produkt\/malnabor-apfelwein\/\">Himbeer-Apfelwein<\/a>, <a style=\"color: #000000;\" href=\"https:\/\/mokos.hu\/de\/produkt\/cassiswein-weingummiwein\/\">Cajibor <\/a>oder sogar <a style=\"color: #000000;\" href=\"https:\/\/mokos.hu\/de\/produkt\/quittenkleie-apfelwein-apfelwein\/\">Quitte-Apfel-Birne-Hybridisierung<\/a> <\/span>Form auch!<\/p>\n<p>Die meisten unserer Obstweine sind s\u00fc\u00df, aber wenn Sie ein Fan von trockenen Weinen sind, probieren Sie <span style=\"color: #000000;\"><a style=\"color: #000000;\" href=\"https:\/\/mokos.hu\/de\/produkt\/sauerkirschwein-im-barrique\/\">unser in Barriquef\u00e4ssern gereifter Sauerkirschwein<\/a>!<\/span><\/p>","protected":false},"excerpt":{"rendered":"<h3>Die Farbe des Herbstes<\/h3>\n<h4><em>s\u00fc\u00dfer Premium-Obstwein<\/em><\/h4>\n<p>Unsere Obstweinmischung aus Quitten, Birnen und \u00c4pfeln ist ein wahrer Genuss! Er erinnert an die herbstliche Atmosph\u00e4re, mit dem k\u00f6stlichen Aroma und Geschmack der Quitte.<\/p>\n<p>Empfohlene Verbrauchstemperatur: 7-10\u00b0C<\/p>\n<p>Fassungsverm\u00f6gen: 500 ml<\/p>\n<p>St\u00fcckpreis: 7.900 Ft\/Liter<\/p>\n<p>Bestell- und Einkaufsrichtlinien <a href=\"https:\/\/mokos.hu\/de\/uzlet\/regeln\/\">HIER<\/a> reicht.<\/p>","protected":false},"featured_media":21348,"template":"","meta":{"_acf_changed":false},"product_brand":[],"product_cat":[71],"product_tag":[149,150,147,152,153,116,148,151,117],"class_list":{"0":"post-8247","1":"product","2":"type-product","3":"status-publish","4":"has-post-thumbnail","6":"product_cat-mokos_gyumolcsborok","7":"product_tag-alma","8":"product_tag-almabor","9":"product_tag-birs","10":"product_tag-desszertbor","11":"product_tag-edes-bor","12":"product_tag-gyumolcsbor","13":"product_tag-korte","14":"product_tag-kortebor","15":"product_tag-mokos-gyumolcsbor","17":"first","18":"outofstock","19":"featured","20":"taxable","21":"shipping-taxable","22":"purchasable","23":"product-type-simple"},"acf":[],"yoast_head":"<!-- This site is optimized with the Yoast SEO plugin v27.1.1 - https:\/\/yoast.com\/product\/yoast-seo-wordpress\/ -->\n<title>Birs, K\u00f6rte &amp; Alma Cuv\u00e9e - MOKOS Pr\u00e9mium Gy\u00fcm\u00f6lcsbor- \u00c9des - 0,5 L<\/title>\n<meta name=\"description\" content=\"A Mokos Birs-K\u00f6rte-Alma Cuv\u00e9e Gy\u00fcm\u00f6lcsbor igazi k\u00e9nyeztet\u00e9s! Felid\u00e9zi az \u0151sz hangulat\u00e1t, a birs-k\u00f6rte \u00ednycsikland\u00f3 illat\u00e1t \u00e9s zamat\u00e1t.\" \/>\n<meta name=\"robots\" content=\"index, follow, max-snippet:-1, max-image-preview:large, max-video-preview:-1\" \/>\n<link rel=\"canonical\" href=\"https:\/\/mokos.hu\/de\/produkt\/quittenkleie-apfelwein-apfelwein\/\" \/>\n<meta property=\"og:locale\" content=\"de_DE\" \/>\n<meta property=\"og:type\" content=\"article\" \/>\n<meta property=\"og:title\" content=\"Birs, K\u00f6rte &amp; Alma Cuv\u00e9e - MOKOS Pr\u00e9mium Gy\u00fcm\u00f6lcsbor- \u00c9des - 0,5 L\" \/>\n<meta property=\"og:description\" content=\"A Mokos Birs-K\u00f6rte-Alma Cuv\u00e9e Gy\u00fcm\u00f6lcsbor igazi k\u00e9nyeztet\u00e9s! Felid\u00e9zi az \u0151sz hangulat\u00e1t, a birs-k\u00f6rte \u00ednycsikland\u00f3 illat\u00e1t \u00e9s zamat\u00e1t.\" \/>\n<meta property=\"og:url\" content=\"https:\/\/mokos.hu\/de\/produkt\/quittenkleie-apfelwein-apfelwein\/\" \/>\n<meta property=\"og:site_name\" content=\"MOKOS\" \/>\n<meta property=\"article:modified_time\" content=\"2025-07-11T07:25:21+00:00\" \/>\n<meta property=\"og:image\" content=\"https:\/\/mokos.hu\/wp-content\/uploads\/2019\/11\/Mokos_Pinceszet_gyumolcsbor_birs_birsalma_birsbor_birsalmabor-3-e1600674506340.jpg\" \/>\n\t<meta property=\"og:image:width\" content=\"400\" \/>\n\t<meta property=\"og:image:height\" content=\"400\" \/>\n\t<meta property=\"og:image:type\" content=\"image\/jpeg\" \/>\n<meta name=\"twitter:card\" content=\"summary_large_image\" \/>\n<meta name=\"twitter:label1\" content=\"Gesch\u00e4tzte Lesezeit\" \/>\n\t<meta name=\"twitter:data1\" content=\"2\u00a0Minuten\" \/>\n<script type=\"application\/ld+json\" class=\"yoast-schema-graph\">{\"@context\":\"https:\/\/schema.org\",\"@graph\":[{\"@type\":\"WebPage\",\"@id\":\"https:\/\/mokos.hu\/termek\/birs-korte-almabor-gyumolcsbor\/\",\"url\":\"https:\/\/mokos.hu\/termek\/birs-korte-almabor-gyumolcsbor\/\",\"name\":\"Birs, K\u00f6rte & Alma Cuv\u00e9e - MOKOS Pr\u00e9mium Gy\u00fcm\u00f6lcsbor- \u00c9des - 0,5 L\",\"isPartOf\":{\"@id\":\"https:\/\/mokos.hu\/#website\"},\"primaryImageOfPage\":{\"@id\":\"https:\/\/mokos.hu\/termek\/birs-korte-almabor-gyumolcsbor\/#primaryimage\"},\"image\":{\"@id\":\"https:\/\/mokos.hu\/termek\/birs-korte-almabor-gyumolcsbor\/#primaryimage\"},\"thumbnailUrl\":\"https:\/\/mokos.hu\/wp-content\/uploads\/2024\/08\/MOKOS_Birsbor_drs.png\",\"datePublished\":\"2019-11-29T14:37:26+00:00\",\"dateModified\":\"2025-07-11T07:25:21+00:00\",\"description\":\"A Mokos Birs-K\u00f6rte-Alma Cuv\u00e9e Gy\u00fcm\u00f6lcsbor igazi k\u00e9nyeztet\u00e9s! Felid\u00e9zi az \u0151sz hangulat\u00e1t, a birs-k\u00f6rte \u00ednycsikland\u00f3 illat\u00e1t \u00e9s zamat\u00e1t.\",\"breadcrumb\":{\"@id\":\"https:\/\/mokos.hu\/termek\/birs-korte-almabor-gyumolcsbor\/#breadcrumb\"},\"inLanguage\":\"de\",\"potentialAction\":[{\"@type\":\"ReadAction\",\"target\":[\"https:\/\/mokos.hu\/termek\/birs-korte-almabor-gyumolcsbor\/\"]}]},{\"@type\":\"ImageObject\",\"inLanguage\":\"de\",\"@id\":\"https:\/\/mokos.hu\/termek\/birs-korte-almabor-gyumolcsbor\/#primaryimage\",\"url\":\"https:\/\/mokos.hu\/wp-content\/uploads\/2024\/08\/MOKOS_Birsbor_drs.png\",\"contentUrl\":\"https:\/\/mokos.hu\/wp-content\/uploads\/2024\/08\/MOKOS_Birsbor_drs.png\",\"width\":2686,\"height\":4509},{\"@type\":\"BreadcrumbList\",\"@id\":\"https:\/\/mokos.hu\/termek\/birs-korte-almabor-gyumolcsbor\/#breadcrumb\",\"itemListElement\":[{\"@type\":\"ListItem\",\"position\":1,\"name\":\"Home\",\"item\":\"https:\/\/mokos.hu\/\"},{\"@type\":\"ListItem\",\"position\":2,\"name\":\"Term\u00e9kek\",\"item\":\"https:\/\/mokos.hu\/shop\/\"},{\"@type\":\"ListItem\",\"position\":3,\"name\":\"Birs, K\u00f6rte &#038; Alma Cuv\u00e9e\"}]},{\"@type\":\"WebSite\",\"@id\":\"https:\/\/mokos.hu\/#website\",\"url\":\"https:\/\/mokos.hu\/\",\"name\":\"MOKOS\",\"description\":\"Csal\u00e1di Pinc\u00e9szet, Palkonya\",\"publisher\":{\"@id\":\"https:\/\/mokos.hu\/#organization\"},\"potentialAction\":[{\"@type\":\"SearchAction\",\"target\":{\"@type\":\"EntryPoint\",\"urlTemplate\":\"https:\/\/mokos.hu\/?s={search_term_string}\"},\"query-input\":{\"@type\":\"PropertyValueSpecification\",\"valueRequired\":true,\"valueName\":\"search_term_string\"}}],\"inLanguage\":\"de\"},{\"@type\":\"Organization\",\"@id\":\"https:\/\/mokos.hu\/#organization\",\"name\":\"MOKOS\",\"url\":\"https:\/\/mokos.hu\/\",\"logo\":{\"@type\":\"ImageObject\",\"inLanguage\":\"de\",\"@id\":\"https:\/\/mokos.hu\/#\/schema\/logo\/image\/\",\"url\":\"https:\/\/mokos.hu\/wp-content\/uploads\/2018\/11\/cropped-Mokos_Villanyi-Borvidek-Palkonya-1.png\",\"contentUrl\":\"https:\/\/mokos.hu\/wp-content\/uploads\/2018\/11\/cropped-Mokos_Villanyi-Borvidek-Palkonya-1.png\",\"width\":1000,\"height\":245,\"caption\":\"MOKOS\"},\"image\":{\"@id\":\"https:\/\/mokos.hu\/#\/schema\/logo\/image\/\"}}]}<\/script>\n<!-- \/ Yoast SEO plugin. -->","yoast_head_json":{"title":"Quitte, Birne &amp; Apfel Cuv\u00e9e - MOKOS Premium-Fruchtwein - S\u00fc\u00df - 0,5 L","description":"Der Mokos Quitte-Birne-Apfel Cuv\u00e9e Obstwein ist ein wahrer Genuss! Er erinnert an die herbstliche Atmosph\u00e4re, mit dem k\u00f6stlichen Aroma und Geschmack von Quitte und Birne.","robots":{"index":"index","follow":"follow","max-snippet":"max-snippet:-1","max-image-preview":"max-image-preview:large","max-video-preview":"max-video-preview:-1"},"canonical":"https:\/\/mokos.hu\/de\/produkt\/quittenkleie-apfelwein-apfelwein\/","og_locale":"de_DE","og_type":"article","og_title":"Birs, K\u00f6rte & Alma Cuv\u00e9e - MOKOS Pr\u00e9mium Gy\u00fcm\u00f6lcsbor- \u00c9des - 0,5 L","og_description":"A Mokos Birs-K\u00f6rte-Alma Cuv\u00e9e Gy\u00fcm\u00f6lcsbor igazi k\u00e9nyeztet\u00e9s! Felid\u00e9zi az \u0151sz hangulat\u00e1t, a birs-k\u00f6rte \u00ednycsikland\u00f3 illat\u00e1t \u00e9s zamat\u00e1t.","og_url":"https:\/\/mokos.hu\/de\/produkt\/quittenkleie-apfelwein-apfelwein\/","og_site_name":"MOKOS","article_modified_time":"2025-07-11T07:25:21+00:00","og_image":[{"width":400,"height":400,"url":"https:\/\/mokos.hu\/wp-content\/uploads\/2019\/11\/Mokos_Pinceszet_gyumolcsbor_birs_birsalma_birsbor_birsalmabor-3-e1600674506340.jpg","type":"image\/jpeg"}],"twitter_card":"summary_large_image","twitter_misc":{"Gesch\u00e4tzte Lesezeit":"2\u00a0Minuten"},"schema":{"@context":"https:\/\/schema.org","@graph":[{"@type":"WebPage","@id":"https:\/\/mokos.hu\/termek\/birs-korte-almabor-gyumolcsbor\/","url":"https:\/\/mokos.hu\/termek\/birs-korte-almabor-gyumolcsbor\/","name":"Quitte, Birne &amp; Apfel Cuv\u00e9e - MOKOS Premium-Fruchtwein - S\u00fc\u00df - 0,5 L","isPartOf":{"@id":"https:\/\/mokos.hu\/#website"},"primaryImageOfPage":{"@id":"https:\/\/mokos.hu\/termek\/birs-korte-almabor-gyumolcsbor\/#primaryimage"},"image":{"@id":"https:\/\/mokos.hu\/termek\/birs-korte-almabor-gyumolcsbor\/#primaryimage"},"thumbnailUrl":"https:\/\/mokos.hu\/wp-content\/uploads\/2024\/08\/MOKOS_Birsbor_drs.png","datePublished":"2019-11-29T14:37:26+00:00","dateModified":"2025-07-11T07:25:21+00:00","description":"Der Mokos Quitte-Birne-Apfel Cuv\u00e9e Obstwein ist ein wahrer Genuss! Er erinnert an die herbstliche Atmosph\u00e4re, mit dem k\u00f6stlichen Aroma und Geschmack von Quitte und Birne.","breadcrumb":{"@id":"https:\/\/mokos.hu\/termek\/birs-korte-almabor-gyumolcsbor\/#breadcrumb"},"inLanguage":"de","potentialAction":[{"@type":"ReadAction","target":["https:\/\/mokos.hu\/termek\/birs-korte-almabor-gyumolcsbor\/"]}]},{"@type":"ImageObject","inLanguage":"de","@id":"https:\/\/mokos.hu\/termek\/birs-korte-almabor-gyumolcsbor\/#primaryimage","url":"https:\/\/mokos.hu\/wp-content\/uploads\/2024\/08\/MOKOS_Birsbor_drs.png","contentUrl":"https:\/\/mokos.hu\/wp-content\/uploads\/2024\/08\/MOKOS_Birsbor_drs.png","width":2686,"height":4509},{"@type":"BreadcrumbList","@id":"https:\/\/mokos.hu\/termek\/birs-korte-almabor-gyumolcsbor\/#breadcrumb","itemListElement":[{"@type":"ListItem","position":1,"name":"Home","item":"https:\/\/mokos.hu\/"},{"@type":"ListItem","position":2,"name":"Term\u00e9kek","item":"https:\/\/mokos.hu\/shop\/"},{"@type":"ListItem","position":3,"name":"Birs, K\u00f6rte &#038; Alma Cuv\u00e9e"}]},{"@type":"WebSite","@id":"https:\/\/mokos.hu\/#website","url":"https:\/\/mokos.hu\/","name":"MOKOS","description":"Familienweingut, Palkonya","publisher":{"@id":"https:\/\/mokos.hu\/#organization"},"potentialAction":[{"@type":"SearchAction","target":{"@type":"EntryPoint","urlTemplate":"https:\/\/mokos.hu\/?s={search_term_string}"},"query-input":{"@type":"PropertyValueSpecification","valueRequired":true,"valueName":"search_term_string"}}],"inLanguage":"de"},{"@type":"Organization","@id":"https:\/\/mokos.hu\/#organization","name":"MOKOS","url":"https:\/\/mokos.hu\/","logo":{"@type":"ImageObject","inLanguage":"de","@id":"https:\/\/mokos.hu\/#\/schema\/logo\/image\/","url":"https:\/\/mokos.hu\/wp-content\/uploads\/2018\/11\/cropped-Mokos_Villanyi-Borvidek-Palkonya-1.png","contentUrl":"https:\/\/mokos.hu\/wp-content\/uploads\/2018\/11\/cropped-Mokos_Villanyi-Borvidek-Palkonya-1.png","width":1000,"height":245,"caption":"MOKOS"},"image":{"@id":"https:\/\/mokos.hu\/#\/schema\/logo\/image\/"}}]}},"_links":{"self":[{"href":"https:\/\/mokos.hu\/de\/wp-json\/wp\/v2\/product\/8247","targetHints":{"allow":["GET"]}}],"collection":[{"href":"https:\/\/mokos.hu\/de\/wp-json\/wp\/v2\/product"}],"about":[{"href":"https:\/\/mokos.hu\/de\/wp-json\/wp\/v2\/types\/product"}],"wp:featuredmedia":[{"embeddable":true,"href":"https:\/\/mokos.hu\/de\/wp-json\/wp\/v2\/media\/21348"}],"wp:attachment":[{"href":"https:\/\/mokos.hu\/de\/wp-json\/wp\/v2\/media?parent=8247"}],"wp:term":[{"taxonomy":"product_brand","embeddable":true,"href":"https:\/\/mokos.hu\/de\/wp-json\/wp\/v2\/product_brand?post=8247"},{"taxonomy":"product_cat","embeddable":true,"href":"https:\/\/mokos.hu\/de\/wp-json\/wp\/v2\/product_cat?post=8247"},{"taxonomy":"product_tag","embeddable":true,"href":"https:\/\/mokos.hu\/de\/wp-json\/wp\/v2\/product_tag?post=8247"}],"curies":[{"name":"wp","href":"https:\/\/api.w.org\/{rel}","templated":true}]}}