{"id":8096,"date":"2019-11-07T14:29:55","date_gmt":"2019-11-07T13:29:55","guid":{"rendered":"https:\/\/mokos.hu\/?post_type=product&#038;p=8096"},"modified":"2026-01-20T12:31:46","modified_gmt":"2026-01-20T10:31:46","slug":"20-000-ft-in-digitalis","status":"publish","type":"product","link":"https:\/\/mokos.hu\/de\/termek\/ajandekutalvany-20-000-ft-ertekben-digitalis\/","title":{"rendered":"Geschenkgutschein | 20.000 HUF Wert | Digital"},"content":{"rendered":"","protected":false},"excerpt":{"rendered":"<p><strong>Sie sind sich nicht sicher, ob das Geschenk, das Sie ausgesucht haben, Ihren Lieben oder Freunden gefallen wird? \u00dcberraschen Sie sie stattdessen mit einem Mokos-Geschenkgutschein und \u00fcberlassen Sie ihnen die Entscheidung!\u00a0<\/strong><\/p>\n<p>Der Betrag unseres Gutscheins kann f\u00fcr den Kauf von Produkten und Eintrittskarten f\u00fcr unsere eigenen Veranstaltungen im MOKOS.HU-Webshop verwendet werden.<\/p>\n<p>Unser Geschenkgutschein <strong>digitales Format<\/strong>wird innerhalb von 1-3 Arbeitstagen nach der Bestellung an die von Ihnen beim Bestellvorgang angegebene E-Mail-Adresse geschickt (kein Porto). Sie k\u00f6nnen es dann bequem zu Hause ausdrucken.<\/p>\n<p>Wenn Sie Ihren Geschenkgutschein in einem eleganten Umschlag auf einer Geschenkkarte per Post erhalten m\u00f6chten, klicken Sie bitte auf <a href=\"https:\/\/mokos.hu\/de\/produkt\/20-000-fus-pro-monat-in-rabatten\/\"><strong>IDE<\/strong><\/a>!<\/p>\n<p><strong>So verwenden Sie den Geschenkgutschein:<\/strong><\/p>\n<p>Der Geschenkgutschein kann eingel\u00f6st werden f\u00fcr <strong>www.mokos.hu webshop<\/strong>um jedes in Ihrem Land erh\u00e4ltliche Produkt zu kaufen (<strong>Produkte zum vollen oder erm\u00e4\u00dfigten Preis, Eintrittskarten<\/strong>Anwendung: Geben Sie bei der Bestellung die Gutscheinnummer in das Feld \"Gutscheincode\" auf der Seite \"Kasse\" ein und der Gesamtwert des Gutscheins wird von der Gesamtsumme abgezogen. Der Gutschein ist nicht f\u00fcr die Versandkosten g\u00fcltig! Er ist nicht in bar einl\u00f6sbar und kann bei einer Bestellung im Webshop nicht r\u00fcckerstattet werden.<\/p>\n<p><strong>A kupon 2026. december 31-ig haszn\u00e1lhat\u00f3 fel egyszeri alkalommal.<\/strong><\/p>\n<p>Bestell- und Einkaufsrichtlinien <a href=\"https:\/\/mokos.hu\/de\/uzlet\/regeln\/\">HIER<\/a> erreicht.<\/p>","protected":false},"featured_media":8091,"template":"","meta":{"_acf_changed":false},"product_brand":[],"product_cat":[115],"product_tag":[],"class_list":{"0":"post-8096","1":"product","2":"type-product","3":"status-publish","4":"has-post-thumbnail","6":"product_cat-ajandekutalvanyok","8":"first","9":"instock","10":"virtual","11":"taxable","12":"purchasable","13":"product-type-simple"},"acf":[],"yoast_head":"<!-- This site is optimized with the Yoast SEO plugin v27.1.1 - https:\/\/yoast.com\/product\/yoast-seo-wordpress\/ -->\n<title>AJ\u00c1ND\u00c9KUTALV\u00c1NY - 20.000 Ft \u00e9rt\u00e9kben - MOKOS Pinc\u00e9szet<\/title>\n<meta name=\"description\" content=\"Gy\u00fcm\u00f6lcsbor? Vagy vill\u00e1nyi borv\u00e1logat\u00e1s? Esetleg Borvacsora? Lepje meg szeretteit Mokos aj\u00e1nd\u00e9kutalv\u00e1nnyal \u00e9s b\u00edzza r\u00e1juk a d\u00f6nt\u00e9st!\" \/>\n<meta name=\"robots\" content=\"index, follow, max-snippet:-1, max-image-preview:large, max-video-preview:-1\" \/>\n<link rel=\"canonical\" href=\"https:\/\/mokos.hu\/de\/produkt\/20-000-ft-in-digitalis\/\" \/>\n<meta property=\"og:locale\" content=\"de_DE\" \/>\n<meta property=\"og:type\" content=\"article\" \/>\n<meta property=\"og:title\" content=\"AJ\u00c1ND\u00c9KUTALV\u00c1NY - 20.000 Ft \u00e9rt\u00e9kben - MOKOS Pinc\u00e9szet\" \/>\n<meta property=\"og:description\" content=\"Gy\u00fcm\u00f6lcsbor? Vagy vill\u00e1nyi borv\u00e1logat\u00e1s? Esetleg Borvacsora? Lepje meg szeretteit Mokos aj\u00e1nd\u00e9kutalv\u00e1nnyal \u00e9s b\u00edzza r\u00e1juk a d\u00f6nt\u00e9st!\" \/>\n<meta property=\"og:url\" content=\"https:\/\/mokos.hu\/de\/produkt\/20-000-ft-in-digitalis\/\" \/>\n<meta property=\"og:site_name\" content=\"MOKOS\" \/>\n<meta property=\"article:modified_time\" content=\"2026-01-20T10:31:46+00:00\" \/>\n<meta property=\"og:image\" content=\"https:\/\/mokos.hu\/wp-content\/uploads\/2019\/11\/Mokos_Pinceszet_ajandekutalvany_webshop_web-e1600688472935.jpg\" \/>\n\t<meta property=\"og:image:width\" content=\"500\" \/>\n\t<meta property=\"og:image:height\" content=\"500\" \/>\n\t<meta property=\"og:image:type\" content=\"image\/jpeg\" \/>\n<meta name=\"twitter:card\" content=\"summary_large_image\" \/>\n<meta name=\"twitter:label1\" content=\"Gesch\u00e4tzte Lesezeit\" \/>\n\t<meta name=\"twitter:data1\" content=\"1\u00a0Minute\" \/>\n<script type=\"application\/ld+json\" class=\"yoast-schema-graph\">{\"@context\":\"https:\/\/schema.org\",\"@graph\":[{\"@type\":\"WebPage\",\"@id\":\"https:\/\/mokos.hu\/termek\/ajandekutalvany-20-000-ft-ertekben-digitalis\/\",\"url\":\"https:\/\/mokos.hu\/termek\/ajandekutalvany-20-000-ft-ertekben-digitalis\/\",\"name\":\"AJ\u00c1ND\u00c9KUTALV\u00c1NY - 20.000 Ft \u00e9rt\u00e9kben - MOKOS Pinc\u00e9szet\",\"isPartOf\":{\"@id\":\"https:\/\/mokos.hu\/#website\"},\"primaryImageOfPage\":{\"@id\":\"https:\/\/mokos.hu\/termek\/ajandekutalvany-20-000-ft-ertekben-digitalis\/#primaryimage\"},\"image\":{\"@id\":\"https:\/\/mokos.hu\/termek\/ajandekutalvany-20-000-ft-ertekben-digitalis\/#primaryimage\"},\"thumbnailUrl\":\"https:\/\/mokos.hu\/wp-content\/uploads\/2019\/11\/Mokos_Pinceszet_ajandekutalvany_webshop_web-e1600688472935.jpg\",\"datePublished\":\"2019-11-07T13:29:55+00:00\",\"dateModified\":\"2026-01-20T10:31:46+00:00\",\"description\":\"Gy\u00fcm\u00f6lcsbor? Vagy vill\u00e1nyi borv\u00e1logat\u00e1s? Esetleg Borvacsora? Lepje meg szeretteit Mokos aj\u00e1nd\u00e9kutalv\u00e1nnyal \u00e9s b\u00edzza r\u00e1juk a d\u00f6nt\u00e9st!\",\"breadcrumb\":{\"@id\":\"https:\/\/mokos.hu\/termek\/ajandekutalvany-20-000-ft-ertekben-digitalis\/#breadcrumb\"},\"inLanguage\":\"de\",\"potentialAction\":[{\"@type\":\"ReadAction\",\"target\":[\"https:\/\/mokos.hu\/termek\/ajandekutalvany-20-000-ft-ertekben-digitalis\/\"]}]},{\"@type\":\"ImageObject\",\"inLanguage\":\"de\",\"@id\":\"https:\/\/mokos.hu\/termek\/ajandekutalvany-20-000-ft-ertekben-digitalis\/#primaryimage\",\"url\":\"https:\/\/mokos.hu\/wp-content\/uploads\/2019\/11\/Mokos_Pinceszet_ajandekutalvany_webshop_web-e1600688472935.jpg\",\"contentUrl\":\"https:\/\/mokos.hu\/wp-content\/uploads\/2019\/11\/Mokos_Pinceszet_ajandekutalvany_webshop_web-e1600688472935.jpg\",\"width\":500,\"height\":500},{\"@type\":\"BreadcrumbList\",\"@id\":\"https:\/\/mokos.hu\/termek\/ajandekutalvany-20-000-ft-ertekben-digitalis\/#breadcrumb\",\"itemListElement\":[{\"@type\":\"ListItem\",\"position\":1,\"name\":\"Home\",\"item\":\"https:\/\/mokos.hu\/\"},{\"@type\":\"ListItem\",\"position\":2,\"name\":\"Term\u00e9kek\",\"item\":\"https:\/\/mokos.hu\/shop\/\"},{\"@type\":\"ListItem\",\"position\":3,\"name\":\"Aj\u00e1nd\u00e9kutalv\u00e1ny | 20.000 Ft \u00e9rt\u00e9kben | Digit\u00e1lis\"}]},{\"@type\":\"WebSite\",\"@id\":\"https:\/\/mokos.hu\/#website\",\"url\":\"https:\/\/mokos.hu\/\",\"name\":\"MOKOS\",\"description\":\"Csal\u00e1di Pinc\u00e9szet, Palkonya\",\"publisher\":{\"@id\":\"https:\/\/mokos.hu\/#organization\"},\"potentialAction\":[{\"@type\":\"SearchAction\",\"target\":{\"@type\":\"EntryPoint\",\"urlTemplate\":\"https:\/\/mokos.hu\/?s={search_term_string}\"},\"query-input\":{\"@type\":\"PropertyValueSpecification\",\"valueRequired\":true,\"valueName\":\"search_term_string\"}}],\"inLanguage\":\"de\"},{\"@type\":\"Organization\",\"@id\":\"https:\/\/mokos.hu\/#organization\",\"name\":\"MOKOS\",\"url\":\"https:\/\/mokos.hu\/\",\"logo\":{\"@type\":\"ImageObject\",\"inLanguage\":\"de\",\"@id\":\"https:\/\/mokos.hu\/#\/schema\/logo\/image\/\",\"url\":\"https:\/\/mokos.hu\/wp-content\/uploads\/2018\/11\/cropped-Mokos_Villanyi-Borvidek-Palkonya-1.png\",\"contentUrl\":\"https:\/\/mokos.hu\/wp-content\/uploads\/2018\/11\/cropped-Mokos_Villanyi-Borvidek-Palkonya-1.png\",\"width\":1000,\"height\":245,\"caption\":\"MOKOS\"},\"image\":{\"@id\":\"https:\/\/mokos.hu\/#\/schema\/logo\/image\/\"}}]}<\/script>\n<!-- \/ Yoast SEO plugin. -->","yoast_head_json":{"title":"GESCHENKGUTSCHEIN - 20.000 HUF - MOKOS Weinkellerei","description":"Obstwein? Oder eine Auswahl von Vill\u00e1ny-Weinen? Oder vielleicht ein Wein-Dinner? \u00dcberraschen Sie Ihre Liebsten mit einem Mokos-Gutschein und \u00fcberlassen Sie ihnen die Entscheidung!","robots":{"index":"index","follow":"follow","max-snippet":"max-snippet:-1","max-image-preview":"max-image-preview:large","max-video-preview":"max-video-preview:-1"},"canonical":"https:\/\/mokos.hu\/de\/produkt\/20-000-ft-in-digitalis\/","og_locale":"de_DE","og_type":"article","og_title":"AJ\u00c1ND\u00c9KUTALV\u00c1NY - 20.000 Ft \u00e9rt\u00e9kben - MOKOS Pinc\u00e9szet","og_description":"Gy\u00fcm\u00f6lcsbor? Vagy vill\u00e1nyi borv\u00e1logat\u00e1s? Esetleg Borvacsora? Lepje meg szeretteit Mokos aj\u00e1nd\u00e9kutalv\u00e1nnyal \u00e9s b\u00edzza r\u00e1juk a d\u00f6nt\u00e9st!","og_url":"https:\/\/mokos.hu\/de\/produkt\/20-000-ft-in-digitalis\/","og_site_name":"MOKOS","article_modified_time":"2026-01-20T10:31:46+00:00","og_image":[{"width":500,"height":500,"url":"https:\/\/mokos.hu\/wp-content\/uploads\/2019\/11\/Mokos_Pinceszet_ajandekutalvany_webshop_web-e1600688472935.jpg","type":"image\/jpeg"}],"twitter_card":"summary_large_image","twitter_misc":{"Gesch\u00e4tzte Lesezeit":"1\u00a0Minute"},"schema":{"@context":"https:\/\/schema.org","@graph":[{"@type":"WebPage","@id":"https:\/\/mokos.hu\/termek\/ajandekutalvany-20-000-ft-ertekben-digitalis\/","url":"https:\/\/mokos.hu\/termek\/ajandekutalvany-20-000-ft-ertekben-digitalis\/","name":"GESCHENKGUTSCHEIN - 20.000 HUF - MOKOS Weinkellerei","isPartOf":{"@id":"https:\/\/mokos.hu\/#website"},"primaryImageOfPage":{"@id":"https:\/\/mokos.hu\/termek\/ajandekutalvany-20-000-ft-ertekben-digitalis\/#primaryimage"},"image":{"@id":"https:\/\/mokos.hu\/termek\/ajandekutalvany-20-000-ft-ertekben-digitalis\/#primaryimage"},"thumbnailUrl":"https:\/\/mokos.hu\/wp-content\/uploads\/2019\/11\/Mokos_Pinceszet_ajandekutalvany_webshop_web-e1600688472935.jpg","datePublished":"2019-11-07T13:29:55+00:00","dateModified":"2026-01-20T10:31:46+00:00","description":"Obstwein? Oder eine Auswahl von Vill\u00e1ny-Weinen? Oder vielleicht ein Wein-Dinner? \u00dcberraschen Sie Ihre Liebsten mit einem Mokos-Gutschein und \u00fcberlassen Sie ihnen die Entscheidung!","breadcrumb":{"@id":"https:\/\/mokos.hu\/termek\/ajandekutalvany-20-000-ft-ertekben-digitalis\/#breadcrumb"},"inLanguage":"de","potentialAction":[{"@type":"ReadAction","target":["https:\/\/mokos.hu\/termek\/ajandekutalvany-20-000-ft-ertekben-digitalis\/"]}]},{"@type":"ImageObject","inLanguage":"de","@id":"https:\/\/mokos.hu\/termek\/ajandekutalvany-20-000-ft-ertekben-digitalis\/#primaryimage","url":"https:\/\/mokos.hu\/wp-content\/uploads\/2019\/11\/Mokos_Pinceszet_ajandekutalvany_webshop_web-e1600688472935.jpg","contentUrl":"https:\/\/mokos.hu\/wp-content\/uploads\/2019\/11\/Mokos_Pinceszet_ajandekutalvany_webshop_web-e1600688472935.jpg","width":500,"height":500},{"@type":"BreadcrumbList","@id":"https:\/\/mokos.hu\/termek\/ajandekutalvany-20-000-ft-ertekben-digitalis\/#breadcrumb","itemListElement":[{"@type":"ListItem","position":1,"name":"Home","item":"https:\/\/mokos.hu\/"},{"@type":"ListItem","position":2,"name":"Term\u00e9kek","item":"https:\/\/mokos.hu\/shop\/"},{"@type":"ListItem","position":3,"name":"Aj\u00e1nd\u00e9kutalv\u00e1ny | 20.000 Ft \u00e9rt\u00e9kben | Digit\u00e1lis"}]},{"@type":"WebSite","@id":"https:\/\/mokos.hu\/#website","url":"https:\/\/mokos.hu\/","name":"MOKOS","description":"Familienweingut, Palkonya","publisher":{"@id":"https:\/\/mokos.hu\/#organization"},"potentialAction":[{"@type":"SearchAction","target":{"@type":"EntryPoint","urlTemplate":"https:\/\/mokos.hu\/?s={search_term_string}"},"query-input":{"@type":"PropertyValueSpecification","valueRequired":true,"valueName":"search_term_string"}}],"inLanguage":"de"},{"@type":"Organization","@id":"https:\/\/mokos.hu\/#organization","name":"MOKOS","url":"https:\/\/mokos.hu\/","logo":{"@type":"ImageObject","inLanguage":"de","@id":"https:\/\/mokos.hu\/#\/schema\/logo\/image\/","url":"https:\/\/mokos.hu\/wp-content\/uploads\/2018\/11\/cropped-Mokos_Villanyi-Borvidek-Palkonya-1.png","contentUrl":"https:\/\/mokos.hu\/wp-content\/uploads\/2018\/11\/cropped-Mokos_Villanyi-Borvidek-Palkonya-1.png","width":1000,"height":245,"caption":"MOKOS"},"image":{"@id":"https:\/\/mokos.hu\/#\/schema\/logo\/image\/"}}]}},"_links":{"self":[{"href":"https:\/\/mokos.hu\/de\/wp-json\/wp\/v2\/product\/8096","targetHints":{"allow":["GET"]}}],"collection":[{"href":"https:\/\/mokos.hu\/de\/wp-json\/wp\/v2\/product"}],"about":[{"href":"https:\/\/mokos.hu\/de\/wp-json\/wp\/v2\/types\/product"}],"wp:featuredmedia":[{"embeddable":true,"href":"https:\/\/mokos.hu\/de\/wp-json\/wp\/v2\/media\/8091"}],"wp:attachment":[{"href":"https:\/\/mokos.hu\/de\/wp-json\/wp\/v2\/media?parent=8096"}],"wp:term":[{"taxonomy":"product_brand","embeddable":true,"href":"https:\/\/mokos.hu\/de\/wp-json\/wp\/v2\/product_brand?post=8096"},{"taxonomy":"product_cat","embeddable":true,"href":"https:\/\/mokos.hu\/de\/wp-json\/wp\/v2\/product_cat?post=8096"},{"taxonomy":"product_tag","embeddable":true,"href":"https:\/\/mokos.hu\/de\/wp-json\/wp\/v2\/product_tag?post=8096"}],"curies":[{"name":"wp","href":"https:\/\/api.w.org\/{rel}","templated":true}]}}